{"id":9664,"date":"2024-09-19T09:29:00","date_gmt":"2024-09-19T07:29:00","guid":{"rendered":"https:\/\/nordiccab.com\/?post_type=product&#038;p=9664"},"modified":"2025-10-21T14:02:13","modified_gmt":"2025-10-21T12:02:13","slug":"varmepose-til-pulk","status":"publish","type":"product","link":"https:\/\/nordiccab.com\/no\/produkt\/varmepose-til-pulk\/","title":{"rendered":"Nordic Cab &#8211; Varmepose"},"content":{"rendered":"\n<figure class=\"wp-block-embed is-type-video is-provider-youtube wp-block-embed-youtube wp-embed-aspect-16-9 wp-has-aspect-ratio\"><div class=\"wp-block-embed__wrapper\">\n<iframe loading=\"lazy\" title=\"Nordic Cab Foot Muff \u2013 Warmth and Comfort for Winter | #footmuff #biketrailer #pulk #sykkelvogn\" width=\"500\" height=\"281\" src=\"https:\/\/www.youtube.com\/embed\/1XEpTRvjnGw?feature=oembed\" frameborder=\"0\" allow=\"accelerometer; autoplay; clipboard-write; encrypted-media; gyroscope; picture-in-picture; web-share\" referrerpolicy=\"strict-origin-when-cross-origin\" allowfullscreen><\/iframe>\n<\/div><\/figure>\n\n\n\n<h2 class=\"wp-block-heading has-large-font-size\" id=\"h-nordic-cab-varmepose-perfekt-for-barnepulk\">Nordic Cab Varmepose \u2013 Perfekt for barnepulk <\/h2>\n\n\n\n<p>Nordic Cab Varmepose er spesielt utviklet for \u00e5 gi komfort og varme til barnet ditt under alle vintereventyr. Med sin justerbare lengde fra 95 cm til 125 cm er denne varmeposen lengre enn de fleste andre p\u00e5 markedet. Dette gj\u00f8r den perfekt for barnepulk, hvor ogs\u00e5 st\u00f8rre barn kan slappe av, hvile og holde seg varme.<\/p>\n\n\n\n<p>Ytterstoffet er vannavst\u00f8tende og pustende, noe som sikrer at barnet holder seg t\u00f8rt og komfortabelt selv under utfordrende forhold. Innerstoffet av 100 % bomull er mykt, trygt og OEKO-TEX\u00ae-sertifisert, noe som garanterer sikkerhet for barn helt fra f\u00f8dselen av. Posen er ogs\u00e5 perfekt for vintersykling, med funksjoner som forsterket fotomr\u00e5de for vintersko og \u00e5pning nederst for fleksibel bruk.<\/p>\n\n\n\n<p>Med et fyll av flerlags fluffy polyester sikrer varmeposen jevn temperatur og optimal isolasjon, slik at barnet kan nyte turen uten \u00e5 fryse \u2013 uansett hvor kaldt det er.<\/p>\n\n\n\n<h3 class=\"wp-block-heading has-normal-font-size\" id=\"h-tilpass-din-nordic-cab-til-deres-unike-behov\">Tilpass din Nordic Cab til deres unike behov<\/h3>\n\n\n\n<p>En Nordic Cab Explorer kommer alltid godt utstyrt, med alle deler for \u00e5 bruke ulike funksjoner. Alle familier har forskjellige behov, og vi vet at en sykkelvogn eller barnepulk brukes variert. I tillegg til vognvotter har vi utviklet tilbeh\u00f8r for \u00e5 tilpasse vognen til deres v\u00e6r, terreng og bruksm\u00f8nster. Utforsk ekstrautstyret til Nordic Cab <strong><a href=\"https:\/\/nordiccab.com\/no\/produktkategori\/tilbehor\/sykkelvogn-pulk-nordic-cab-tilbehor-no\/\" target=\"_blank\" rel=\"noreferrer noopener\">her<\/a><\/strong>.<\/p>\n\n\n\n<p><strong><a href=\"https:\/\/nordiccab.com\/no\/produktkategori\/tilbehor\/turutstyr-barn-tilbehor\/\" target=\"_blank\" rel=\"noreferrer noopener\">Turutstyr for barn:<\/a><\/strong> Utforsk v\u00e5rt utvalg av utstyr som gj\u00f8r turene enklere og morsommere for hele familien. Her finner du blant annet truger til pauser p\u00e5 vinterturene med barnepulken og hjelmer for sykkelvogn.<\/p>\n\n\n\n<p><strong><a href=\"https:\/\/nordiccab.com\/no\/produktkategori\/tilbehor\/turutstyr-voksne-tilbehor\/\" target=\"_blank\" rel=\"noreferrer noopener\">Turutstyr for voksne:<\/a><\/strong> I denne kategorien finner du kvalitetsutstyr som gj\u00f8r turene mer komfortable og funksjonelle. Utstyret passer uansett om du bruker sykkelvogn, barnepulk eller barnevogn. eller barnevogn.<\/p>\n\n\n\n<p><a href=\"https:\/\/nordiccab.com\/no\/produktkategori\/tilbehor\/akseladapter\/\" target=\"_blank\" rel=\"noreferrer noopener\"><strong>Akseladaptere:<\/strong> <\/a>For \u00e5 gj\u00f8re sykkelvognen kompatibel med ulike sykler tilbyr vi universale adaptere. Nordic Cab har Europas st\u00f8rste utvalg av adaptere som passer alle typer sykkelvogner.<\/p>\n","protected":false},"excerpt":{"rendered":"<ul>\n<li><span style=\"color: #008000;\"><strong>Ekstra lengde:<\/strong><\/span> Justerbar fra 95 til 125 cm, perfekt for st\u00f8rre barn.<\/li>\n<li><span style=\"color: #008000;\"><strong>Til barnepulk<\/strong><\/span>: Holder st\u00f8rre barn varme og komfortable p\u00e5 tur.<\/li>\n<li><span style=\"color: #008000;\"><strong>Allsidig:<\/strong><\/span> Kan brukes i pulk, sykkelvogn og barnevogn.<\/li>\n<li><span style=\"color: #008000;\"><strong>Vannavst\u00f8tende:<\/strong><\/span> Beskytter mot sn\u00f8 og fuktighet.<\/li>\n<li><span style=\"color: #008000;\"><strong>B\u00e6rekraftig:<\/strong><\/span> Laget av OEKO-TEX\u00ae-sertifiserte materialer.<\/li>\n<\/ul>\n","protected":false},"featured_media":23857,"template":"","meta":{"_genesis_hide_title":false,"_genesis_hide_breadcrumbs":false,"_genesis_hide_singular_image":false,"_genesis_hide_footer_widgets":false,"_genesis_custom_body_class":"","_genesis_custom_post_class":"","_genesis_layout":""},"product_brand":[],"product_cat":[73,653,453,81,265],"product_tag":[702,729],"class_list":{"0":"post-9664","1":"product","2":"type-product","3":"status-publish","4":"has-post-thumbnail","6":"product_cat-barnepulk-sykkelvogn-baeremeis-utstyr-tilbehor-deler","7":"product_cat-turutstyr-barn-tilbehor","8":"product_cat-barneutstyr","9":"product_cat-sykkelvogn-pulk-nordic-cab-tilbehor-no","10":"product_cat-outlet-no","11":"product_tag-nordic-cab-tilbehor","12":"product_tag-produkt-stikkord-universelt-tilbehor","13":"entry","15":"first","16":"instock","17":"sale","18":"taxable","19":"shipping-taxable","20":"purchasable","21":"product-type-simple"},"bundled_by":["16693","25718","25728"],"bundle_stock_status":"instock","bundle_stock_quantity":1,"bundle_virtual":false,"bundle_layout":"","bundle_add_to_cart_form_location":"","bundle_editable_in_cart":false,"bundle_sold_individually_context":"","bundle_item_grouping":"","bundle_min_size":"","bundle_max_size":"","bundle_price":[],"bundled_items":[],"bundle_sell_ids":[],"yoast_head":"<!-- This site is optimized with the Yoast SEO Premium plugin v26.0 (Yoast SEO v26.0) - https:\/\/yoast.com\/wordpress\/plugins\/seo\/ -->\n<title>Varmepose til pulk \u2013 Komfort og varme for vintereventyr<\/title>\n<meta name=\"description\" content=\"Nordic Cab varmepose er ideell for pulk, sykkelvogn og barnevogn. Justerbar lengde, vannavst\u00f8tende og perfekt for st\u00f8rre barn p\u00e5 kalde dager.\" \/>\n<meta name=\"robots\" content=\"index, follow, max-snippet:-1, max-image-preview:large, max-video-preview:-1\" \/>\n<link rel=\"canonical\" href=\"https:\/\/nordiccab.com\/no\/produkt\/varmepose-til-pulk\/\" \/>\n<meta property=\"og:locale\" content=\"nb_NO\" \/>\n<meta property=\"og:type\" content=\"article\" \/>\n<meta property=\"og:title\" content=\"Nordic Cab - Varmepose\" \/>\n<meta property=\"og:description\" content=\"Nordic Cab varmepose er ideell for pulk, sykkelvogn og barnevogn. Justerbar lengde, vannavst\u00f8tende og perfekt for st\u00f8rre barn p\u00e5 kalde dager.\" \/>\n<meta property=\"og:url\" content=\"https:\/\/nordiccab.com\/no\/produkt\/varmepose-til-pulk\/\" \/>\n<meta property=\"og:site_name\" content=\"Nordic Cab\" \/>\n<meta property=\"article:publisher\" content=\"https:\/\/www.facebook.com\/nordiccab\" \/>\n<meta property=\"article:modified_time\" content=\"2025-10-21T12:02:13+00:00\" \/>\n<meta property=\"og:image\" content=\"https:\/\/nordiccab.com\/wp-content\/uploads\/2024\/07\/Footmuff_6-1.jpg\" \/>\n\t<meta property=\"og:image:width\" content=\"1000\" \/>\n\t<meta property=\"og:image:height\" content=\"1000\" \/>\n\t<meta property=\"og:image:type\" content=\"image\/jpeg\" \/>\n<meta name=\"twitter:card\" content=\"summary_large_image\" \/>\n<meta name=\"twitter:label1\" content=\"Ansl. lesetid\" \/>\n\t<meta name=\"twitter:data1\" content=\"2 minutter\" \/>\n<script type=\"application\/ld+json\" class=\"yoast-schema-graph\">{\"@context\":\"https:\/\/schema.org\",\"@graph\":[{\"@type\":\"WebPage\",\"@id\":\"https:\/\/nordiccab.com\/no\/produkt\/varmepose-til-pulk\/\",\"url\":\"https:\/\/nordiccab.com\/no\/produkt\/varmepose-til-pulk\/\",\"name\":\"Varmepose til pulk \u2013 Komfort og varme for vintereventyr\",\"isPartOf\":{\"@id\":\"https:\/\/nordiccab.com\/no\/#website\"},\"primaryImageOfPage\":{\"@id\":\"https:\/\/nordiccab.com\/no\/produkt\/varmepose-til-pulk\/#primaryimage\"},\"image\":{\"@id\":\"https:\/\/nordiccab.com\/no\/produkt\/varmepose-til-pulk\/#primaryimage\"},\"thumbnailUrl\":\"https:\/\/nordiccab.com\/wp-content\/uploads\/2024\/07\/Footmuff_6-1.jpg\",\"datePublished\":\"2024-09-19T07:29:00+00:00\",\"dateModified\":\"2025-10-21T12:02:13+00:00\",\"description\":\"Nordic Cab varmepose er ideell for pulk, sykkelvogn og barnevogn. Justerbar lengde, vannavst\u00f8tende og perfekt for st\u00f8rre barn p\u00e5 kalde dager.\",\"breadcrumb\":{\"@id\":\"https:\/\/nordiccab.com\/no\/produkt\/varmepose-til-pulk\/#breadcrumb\"},\"inLanguage\":\"nb-NO\",\"potentialAction\":[{\"@type\":\"ReadAction\",\"target\":[\"https:\/\/nordiccab.com\/no\/produkt\/varmepose-til-pulk\/\"]}]},{\"@type\":\"ImageObject\",\"inLanguage\":\"nb-NO\",\"@id\":\"https:\/\/nordiccab.com\/no\/produkt\/varmepose-til-pulk\/#primaryimage\",\"url\":\"https:\/\/nordiccab.com\/wp-content\/uploads\/2024\/07\/Footmuff_6-1.jpg\",\"contentUrl\":\"https:\/\/nordiccab.com\/wp-content\/uploads\/2024\/07\/Footmuff_6-1.jpg\",\"width\":1000,\"height\":1000,\"caption\":\"Ski-Sled \/ Pulka Footmuff | Extra long | Nordic Cab\"},{\"@type\":\"BreadcrumbList\",\"@id\":\"https:\/\/nordiccab.com\/no\/produkt\/varmepose-til-pulk\/#breadcrumb\",\"itemListElement\":[{\"@type\":\"ListItem\",\"position\":1,\"name\":\"Home\",\"item\":\"https:\/\/nordiccab.com\/no\/\"},{\"@type\":\"ListItem\",\"position\":2,\"name\":\"Produkter\",\"item\":\"https:\/\/nordiccab.com\/no\/butikk\/\"},{\"@type\":\"ListItem\",\"position\":3,\"name\":\"Nordic Cab &#8211; Varmepose\"}]},{\"@type\":\"WebSite\",\"@id\":\"https:\/\/nordiccab.com\/no\/#website\",\"url\":\"https:\/\/nordiccab.com\/no\/\",\"name\":\"Nordic Cab\",\"description\":\"Start Life Exploring\",\"publisher\":{\"@id\":\"https:\/\/nordiccab.com\/no\/#organization\"},\"potentialAction\":[{\"@type\":\"SearchAction\",\"target\":{\"@type\":\"EntryPoint\",\"urlTemplate\":\"https:\/\/nordiccab.com\/no\/?s={search_term_string}\"},\"query-input\":{\"@type\":\"PropertyValueSpecification\",\"valueRequired\":true,\"valueName\":\"search_term_string\"}}],\"inLanguage\":\"nb-NO\"},{\"@type\":\"Organization\",\"@id\":\"https:\/\/nordiccab.com\/no\/#organization\",\"name\":\"Nordic Cab Solutions AS\",\"url\":\"https:\/\/nordiccab.com\/no\/\",\"logo\":{\"@type\":\"ImageObject\",\"inLanguage\":\"nb-NO\",\"@id\":\"https:\/\/nordiccab.com\/no\/#\/schema\/logo\/image\/\",\"url\":\"https:\/\/nordiccab.com\/wp-content\/uploads\/2022\/02\/NC-logo.svg\",\"contentUrl\":\"https:\/\/nordiccab.com\/wp-content\/uploads\/2022\/02\/NC-logo.svg\",\"width\":1,\"height\":1,\"caption\":\"Nordic Cab Solutions AS\"},\"image\":{\"@id\":\"https:\/\/nordiccab.com\/no\/#\/schema\/logo\/image\/\"},\"sameAs\":[\"https:\/\/www.facebook.com\/nordiccab\"]}]}<\/script>\n<!-- \/ Yoast SEO Premium plugin. -->","yoast_head_json":{"title":"Varmepose til pulk \u2013 Komfort og varme for vintereventyr","description":"Nordic Cab varmepose er ideell for pulk, sykkelvogn og barnevogn. Justerbar lengde, vannavst\u00f8tende og perfekt for st\u00f8rre barn p\u00e5 kalde dager.","robots":{"index":"index","follow":"follow","max-snippet":"max-snippet:-1","max-image-preview":"max-image-preview:large","max-video-preview":"max-video-preview:-1"},"canonical":"https:\/\/nordiccab.com\/no\/produkt\/varmepose-til-pulk\/","og_locale":"nb_NO","og_type":"article","og_title":"Nordic Cab - Varmepose","og_description":"Nordic Cab varmepose er ideell for pulk, sykkelvogn og barnevogn. Justerbar lengde, vannavst\u00f8tende og perfekt for st\u00f8rre barn p\u00e5 kalde dager.","og_url":"https:\/\/nordiccab.com\/no\/produkt\/varmepose-til-pulk\/","og_site_name":"Nordic Cab","article_publisher":"https:\/\/www.facebook.com\/nordiccab","article_modified_time":"2025-10-21T12:02:13+00:00","og_image":[{"width":1000,"height":1000,"url":"https:\/\/nordiccab.com\/wp-content\/uploads\/2024\/07\/Footmuff_6-1.jpg","type":"image\/jpeg"}],"twitter_card":"summary_large_image","twitter_misc":{"Ansl. lesetid":"2 minutter"},"schema":{"@context":"https:\/\/schema.org","@graph":[{"@type":"WebPage","@id":"https:\/\/nordiccab.com\/no\/produkt\/varmepose-til-pulk\/","url":"https:\/\/nordiccab.com\/no\/produkt\/varmepose-til-pulk\/","name":"Varmepose til pulk \u2013 Komfort og varme for vintereventyr","isPartOf":{"@id":"https:\/\/nordiccab.com\/no\/#website"},"primaryImageOfPage":{"@id":"https:\/\/nordiccab.com\/no\/produkt\/varmepose-til-pulk\/#primaryimage"},"image":{"@id":"https:\/\/nordiccab.com\/no\/produkt\/varmepose-til-pulk\/#primaryimage"},"thumbnailUrl":"https:\/\/nordiccab.com\/wp-content\/uploads\/2024\/07\/Footmuff_6-1.jpg","datePublished":"2024-09-19T07:29:00+00:00","dateModified":"2025-10-21T12:02:13+00:00","description":"Nordic Cab varmepose er ideell for pulk, sykkelvogn og barnevogn. Justerbar lengde, vannavst\u00f8tende og perfekt for st\u00f8rre barn p\u00e5 kalde dager.","breadcrumb":{"@id":"https:\/\/nordiccab.com\/no\/produkt\/varmepose-til-pulk\/#breadcrumb"},"inLanguage":"nb-NO","potentialAction":[{"@type":"ReadAction","target":["https:\/\/nordiccab.com\/no\/produkt\/varmepose-til-pulk\/"]}]},{"@type":"ImageObject","inLanguage":"nb-NO","@id":"https:\/\/nordiccab.com\/no\/produkt\/varmepose-til-pulk\/#primaryimage","url":"https:\/\/nordiccab.com\/wp-content\/uploads\/2024\/07\/Footmuff_6-1.jpg","contentUrl":"https:\/\/nordiccab.com\/wp-content\/uploads\/2024\/07\/Footmuff_6-1.jpg","width":1000,"height":1000,"caption":"Ski-Sled \/ Pulka Footmuff | Extra long | Nordic Cab"},{"@type":"BreadcrumbList","@id":"https:\/\/nordiccab.com\/no\/produkt\/varmepose-til-pulk\/#breadcrumb","itemListElement":[{"@type":"ListItem","position":1,"name":"Home","item":"https:\/\/nordiccab.com\/no\/"},{"@type":"ListItem","position":2,"name":"Produkter","item":"https:\/\/nordiccab.com\/no\/butikk\/"},{"@type":"ListItem","position":3,"name":"Nordic Cab &#8211; Varmepose"}]},{"@type":"WebSite","@id":"https:\/\/nordiccab.com\/no\/#website","url":"https:\/\/nordiccab.com\/no\/","name":"Nordic Cab","description":"Start Life Exploring","publisher":{"@id":"https:\/\/nordiccab.com\/no\/#organization"},"potentialAction":[{"@type":"SearchAction","target":{"@type":"EntryPoint","urlTemplate":"https:\/\/nordiccab.com\/no\/?s={search_term_string}"},"query-input":{"@type":"PropertyValueSpecification","valueRequired":true,"valueName":"search_term_string"}}],"inLanguage":"nb-NO"},{"@type":"Organization","@id":"https:\/\/nordiccab.com\/no\/#organization","name":"Nordic Cab Solutions AS","url":"https:\/\/nordiccab.com\/no\/","logo":{"@type":"ImageObject","inLanguage":"nb-NO","@id":"https:\/\/nordiccab.com\/no\/#\/schema\/logo\/image\/","url":"https:\/\/nordiccab.com\/wp-content\/uploads\/2022\/02\/NC-logo.svg","contentUrl":"https:\/\/nordiccab.com\/wp-content\/uploads\/2022\/02\/NC-logo.svg","width":1,"height":1,"caption":"Nordic Cab Solutions AS"},"image":{"@id":"https:\/\/nordiccab.com\/no\/#\/schema\/logo\/image\/"},"sameAs":["https:\/\/www.facebook.com\/nordiccab"]}]}},"_links":{"self":[{"href":"https:\/\/nordiccab.com\/no\/wp-json\/wp\/v2\/product\/9664","targetHints":{"allow":["GET"]}}],"collection":[{"href":"https:\/\/nordiccab.com\/no\/wp-json\/wp\/v2\/product"}],"about":[{"href":"https:\/\/nordiccab.com\/no\/wp-json\/wp\/v2\/types\/product"}],"wp:featuredmedia":[{"embeddable":true,"href":"https:\/\/nordiccab.com\/no\/wp-json\/wp\/v2\/media\/23857"}],"wp:attachment":[{"href":"https:\/\/nordiccab.com\/no\/wp-json\/wp\/v2\/media?parent=9664"}],"wp:term":[{"taxonomy":"product_brand","embeddable":true,"href":"https:\/\/nordiccab.com\/no\/wp-json\/wp\/v2\/product_brand?post=9664"},{"taxonomy":"product_cat","embeddable":true,"href":"https:\/\/nordiccab.com\/no\/wp-json\/wp\/v2\/product_cat?post=9664"},{"taxonomy":"product_tag","embeddable":true,"href":"https:\/\/nordiccab.com\/no\/wp-json\/wp\/v2\/product_tag?post=9664"}],"curies":[{"name":"wp","href":"https:\/\/api.w.org\/{rel}","templated":true}]}}