{"id":7761,"date":"2022-12-01T10:26:05","date_gmt":"2022-12-01T09:29:25","guid":{"rendered":"https:\/\/nordiccab.com\/?post_type=product&#038;p=7761"},"modified":"2024-02-23T15:26:40","modified_gmt":"2024-02-23T14:26:40","slug":"easygrow-smatti-s","status":"publish","type":"product","link":"https:\/\/nordiccab.com\/no\/produkt\/easygrow-smatti-s\/","title":{"rendered":"Easygrow Sm\u00e5tti S"},"content":{"rendered":"\n<h2 class=\"wp-block-heading has-large-font-size\" id=\"h-perfekt-for-a-lagre-litt-diverse-smatt-du-trenger-tilgjengelig-under-turen-med-din-nordic-cab\">Perfekt for \u00e5 lagre litt diverse sm\u00e5tt du trenger tilgjengelig under turen med din Nordic Cab.<\/h2>\n\n\n\n<p>Easygrow Sm\u00e5tti S er en liten veske\/lomme for \u00e5 ha \u00absm\u00e5tt i\u00bb, enten det er n\u00f8kler, bankkort, kjeks eller smokker. Super praktisk \u00e5 ha hengende p\u00e5 vognen. Festes med borrel\u00e5s. Antiskli p\u00e5 innsiden gj\u00f8r at den st\u00e5r stabilt.<\/p>\n\n\n\n<p>Borrel\u00e5s p\u00e5 lokket gj\u00f8r at det kan st\u00e5 \u00e5pent selv. Praktisk ved bruk til for eks. snacks slik at barnet f\u00e5r enkel tilgang.<\/p>\n\n\n\n<p>Sm\u00e5tti kan vrenges og h\u00e5ndvaskes. Henges opp til t\u00f8rk.<\/p>\n\n\n\n<p>Easygrow Sm\u00e5tti kommer ogs\u00e5 i en st\u00f8rre st\u00f8rrelse som heter <a href=\"https:\/\/nordiccab.com\/no\/produkt\/easygrow-smatti-l\/\">Sm\u00e5tti L<\/a>.<a href=\"javascript:;\"><\/a><\/p>\n","protected":false},"excerpt":{"rendered":"<ul>\n<li>Veske\/lomme for \u00e5 ha &laquo;Sm\u00e5tt i&raquo;<\/li>\n<li>Snackpack til vogn<\/li>\n<li>Oppbevaring til smokker<\/li>\n<li>Ta vare p\u00e5 n\u00f8kler og bankkort<\/li>\n<li>Festes med borrel\u00e5s<\/li>\n<li>Antiskli<\/li>\n<\/ul>\n","protected":false},"featured_media":7754,"template":"","meta":{"_genesis_hide_title":false,"_genesis_hide_breadcrumbs":false,"_genesis_hide_singular_image":false,"_genesis_hide_footer_widgets":false,"_genesis_custom_body_class":"","_genesis_custom_post_class":"","_genesis_layout":""},"product_brand":[],"product_cat":[89],"product_tag":[],"class_list":{"0":"post-7761","1":"product","2":"type-product","3":"status-publish","4":"has-post-thumbnail","6":"product_cat-ukategorisert-no","7":"entry","9":"first","10":"outofstock","11":"taxable","12":"shipping-taxable","13":"purchasable","14":"product-type-simple"},"bundled_by":[],"bundle_stock_status":"outofstock","bundle_stock_quantity":0,"bundle_virtual":false,"bundle_layout":"","bundle_add_to_cart_form_location":"","bundle_editable_in_cart":false,"bundle_sold_individually_context":"","bundle_item_grouping":"","bundle_min_size":"","bundle_max_size":"","bundle_price":[],"bundled_items":[],"bundle_sell_ids":[],"yoast_head":"<!-- This site is optimized with the Yoast SEO Premium plugin v26.0 (Yoast SEO v26.0) - https:\/\/yoast.com\/wordpress\/plugins\/seo\/ -->\n<title>Easygrow Sm\u00e5tti S - Nordic Cab<\/title>\n<meta name=\"description\" content=\"Veske\/lomme for \u00e5 ha &quot;Sm\u00e5tt i&quot; Snackpack til vogn Oppbevaring til smokker Ta vare p\u00e5 n\u00f8kler og bankkort Festes med borrel\u00e5s Antiskli\" \/>\n<meta name=\"robots\" content=\"index, follow, max-snippet:-1, max-image-preview:large, max-video-preview:-1\" \/>\n<link rel=\"canonical\" href=\"https:\/\/nordiccab.com\/no\/produkt\/easygrow-smatti-s\/\" \/>\n<meta property=\"og:locale\" content=\"nb_NO\" \/>\n<meta property=\"og:type\" content=\"article\" \/>\n<meta property=\"og:title\" content=\"Easygrow Sm\u00e5tti S\" \/>\n<meta property=\"og:description\" content=\"Veske\/lomme for \u00e5 ha &quot;Sm\u00e5tt i&quot; Snackpack til vogn Oppbevaring til smokker Ta vare p\u00e5 n\u00f8kler og bankkort Festes med borrel\u00e5s Antiskli\" \/>\n<meta property=\"og:url\" content=\"https:\/\/nordiccab.com\/no\/produkt\/easygrow-smatti-s\/\" \/>\n<meta property=\"og:site_name\" content=\"Nordic Cab\" \/>\n<meta property=\"article:publisher\" content=\"https:\/\/www.facebook.com\/nordiccab\" \/>\n<meta property=\"article:modified_time\" content=\"2024-02-23T14:26:40+00:00\" \/>\n<meta property=\"og:image\" content=\"https:\/\/nordiccab.com\/wp-content\/uploads\/2022\/12\/Smatti-S.jpg\" \/>\n\t<meta property=\"og:image:width\" content=\"1000\" \/>\n\t<meta property=\"og:image:height\" content=\"1000\" \/>\n\t<meta property=\"og:image:type\" content=\"image\/jpeg\" \/>\n<meta name=\"twitter:card\" content=\"summary_large_image\" \/>\n<meta name=\"twitter:label1\" content=\"Ansl. lesetid\" \/>\n\t<meta name=\"twitter:data1\" content=\"1 minutt\" \/>\n<script type=\"application\/ld+json\" class=\"yoast-schema-graph\">{\"@context\":\"https:\/\/schema.org\",\"@graph\":[{\"@type\":\"WebPage\",\"@id\":\"https:\/\/nordiccab.com\/no\/produkt\/easygrow-smatti-s\/\",\"url\":\"https:\/\/nordiccab.com\/no\/produkt\/easygrow-smatti-s\/\",\"name\":\"Easygrow Sm\u00e5tti S - Nordic Cab\",\"isPartOf\":{\"@id\":\"https:\/\/nordiccab.com\/no\/#website\"},\"primaryImageOfPage\":{\"@id\":\"https:\/\/nordiccab.com\/no\/produkt\/easygrow-smatti-s\/#primaryimage\"},\"image\":{\"@id\":\"https:\/\/nordiccab.com\/no\/produkt\/easygrow-smatti-s\/#primaryimage\"},\"thumbnailUrl\":\"https:\/\/nordiccab.com\/wp-content\/uploads\/2022\/12\/Smatti-S.jpg\",\"datePublished\":\"2022-12-01T09:29:25+00:00\",\"dateModified\":\"2024-02-23T14:26:40+00:00\",\"description\":\"Veske\/lomme for \u00e5 ha \\\"Sm\u00e5tt i\\\" Snackpack til vogn Oppbevaring til smokker Ta vare p\u00e5 n\u00f8kler og bankkort Festes med borrel\u00e5s Antiskli\",\"breadcrumb\":{\"@id\":\"https:\/\/nordiccab.com\/no\/produkt\/easygrow-smatti-s\/#breadcrumb\"},\"inLanguage\":\"nb-NO\",\"potentialAction\":[{\"@type\":\"ReadAction\",\"target\":[\"https:\/\/nordiccab.com\/no\/produkt\/easygrow-smatti-s\/\"]}]},{\"@type\":\"ImageObject\",\"inLanguage\":\"nb-NO\",\"@id\":\"https:\/\/nordiccab.com\/no\/produkt\/easygrow-smatti-s\/#primaryimage\",\"url\":\"https:\/\/nordiccab.com\/wp-content\/uploads\/2022\/12\/Smatti-S.jpg\",\"contentUrl\":\"https:\/\/nordiccab.com\/wp-content\/uploads\/2022\/12\/Smatti-S.jpg\",\"width\":1000,\"height\":1000,\"caption\":\"liten lomme for oppbevaring av diverse op barnevognh\u00e5ndtak\"},{\"@type\":\"BreadcrumbList\",\"@id\":\"https:\/\/nordiccab.com\/no\/produkt\/easygrow-smatti-s\/#breadcrumb\",\"itemListElement\":[{\"@type\":\"ListItem\",\"position\":1,\"name\":\"Home\",\"item\":\"https:\/\/nordiccab.com\/no\/\"},{\"@type\":\"ListItem\",\"position\":2,\"name\":\"Produkter\",\"item\":\"https:\/\/nordiccab.com\/no\/butikk\/\"},{\"@type\":\"ListItem\",\"position\":3,\"name\":\"Easygrow Sm\u00e5tti S\"}]},{\"@type\":\"WebSite\",\"@id\":\"https:\/\/nordiccab.com\/no\/#website\",\"url\":\"https:\/\/nordiccab.com\/no\/\",\"name\":\"Nordic Cab\",\"description\":\"Start Life Exploring\",\"publisher\":{\"@id\":\"https:\/\/nordiccab.com\/no\/#organization\"},\"potentialAction\":[{\"@type\":\"SearchAction\",\"target\":{\"@type\":\"EntryPoint\",\"urlTemplate\":\"https:\/\/nordiccab.com\/no\/?s={search_term_string}\"},\"query-input\":{\"@type\":\"PropertyValueSpecification\",\"valueRequired\":true,\"valueName\":\"search_term_string\"}}],\"inLanguage\":\"nb-NO\"},{\"@type\":\"Organization\",\"@id\":\"https:\/\/nordiccab.com\/no\/#organization\",\"name\":\"Nordic Cab Solutions AS\",\"url\":\"https:\/\/nordiccab.com\/no\/\",\"logo\":{\"@type\":\"ImageObject\",\"inLanguage\":\"nb-NO\",\"@id\":\"https:\/\/nordiccab.com\/no\/#\/schema\/logo\/image\/\",\"url\":\"https:\/\/nordiccab.com\/wp-content\/uploads\/2022\/02\/NC-logo.svg\",\"contentUrl\":\"https:\/\/nordiccab.com\/wp-content\/uploads\/2022\/02\/NC-logo.svg\",\"width\":1,\"height\":1,\"caption\":\"Nordic Cab Solutions AS\"},\"image\":{\"@id\":\"https:\/\/nordiccab.com\/no\/#\/schema\/logo\/image\/\"},\"sameAs\":[\"https:\/\/www.facebook.com\/nordiccab\"]}]}<\/script>\n<!-- \/ Yoast SEO Premium plugin. -->","yoast_head_json":{"title":"Easygrow Sm\u00e5tti S - Nordic Cab","description":"Veske\/lomme for \u00e5 ha \"Sm\u00e5tt i\" Snackpack til vogn Oppbevaring til smokker Ta vare p\u00e5 n\u00f8kler og bankkort Festes med borrel\u00e5s Antiskli","robots":{"index":"index","follow":"follow","max-snippet":"max-snippet:-1","max-image-preview":"max-image-preview:large","max-video-preview":"max-video-preview:-1"},"canonical":"https:\/\/nordiccab.com\/no\/produkt\/easygrow-smatti-s\/","og_locale":"nb_NO","og_type":"article","og_title":"Easygrow Sm\u00e5tti S","og_description":"Veske\/lomme for \u00e5 ha \"Sm\u00e5tt i\" Snackpack til vogn Oppbevaring til smokker Ta vare p\u00e5 n\u00f8kler og bankkort Festes med borrel\u00e5s Antiskli","og_url":"https:\/\/nordiccab.com\/no\/produkt\/easygrow-smatti-s\/","og_site_name":"Nordic Cab","article_publisher":"https:\/\/www.facebook.com\/nordiccab","article_modified_time":"2024-02-23T14:26:40+00:00","og_image":[{"width":1000,"height":1000,"url":"https:\/\/nordiccab.com\/wp-content\/uploads\/2022\/12\/Smatti-S.jpg","type":"image\/jpeg"}],"twitter_card":"summary_large_image","twitter_misc":{"Ansl. lesetid":"1 minutt"},"schema":{"@context":"https:\/\/schema.org","@graph":[{"@type":"WebPage","@id":"https:\/\/nordiccab.com\/no\/produkt\/easygrow-smatti-s\/","url":"https:\/\/nordiccab.com\/no\/produkt\/easygrow-smatti-s\/","name":"Easygrow Sm\u00e5tti S - Nordic Cab","isPartOf":{"@id":"https:\/\/nordiccab.com\/no\/#website"},"primaryImageOfPage":{"@id":"https:\/\/nordiccab.com\/no\/produkt\/easygrow-smatti-s\/#primaryimage"},"image":{"@id":"https:\/\/nordiccab.com\/no\/produkt\/easygrow-smatti-s\/#primaryimage"},"thumbnailUrl":"https:\/\/nordiccab.com\/wp-content\/uploads\/2022\/12\/Smatti-S.jpg","datePublished":"2022-12-01T09:29:25+00:00","dateModified":"2024-02-23T14:26:40+00:00","description":"Veske\/lomme for \u00e5 ha \"Sm\u00e5tt i\" Snackpack til vogn Oppbevaring til smokker Ta vare p\u00e5 n\u00f8kler og bankkort Festes med borrel\u00e5s Antiskli","breadcrumb":{"@id":"https:\/\/nordiccab.com\/no\/produkt\/easygrow-smatti-s\/#breadcrumb"},"inLanguage":"nb-NO","potentialAction":[{"@type":"ReadAction","target":["https:\/\/nordiccab.com\/no\/produkt\/easygrow-smatti-s\/"]}]},{"@type":"ImageObject","inLanguage":"nb-NO","@id":"https:\/\/nordiccab.com\/no\/produkt\/easygrow-smatti-s\/#primaryimage","url":"https:\/\/nordiccab.com\/wp-content\/uploads\/2022\/12\/Smatti-S.jpg","contentUrl":"https:\/\/nordiccab.com\/wp-content\/uploads\/2022\/12\/Smatti-S.jpg","width":1000,"height":1000,"caption":"liten lomme for oppbevaring av diverse op barnevognh\u00e5ndtak"},{"@type":"BreadcrumbList","@id":"https:\/\/nordiccab.com\/no\/produkt\/easygrow-smatti-s\/#breadcrumb","itemListElement":[{"@type":"ListItem","position":1,"name":"Home","item":"https:\/\/nordiccab.com\/no\/"},{"@type":"ListItem","position":2,"name":"Produkter","item":"https:\/\/nordiccab.com\/no\/butikk\/"},{"@type":"ListItem","position":3,"name":"Easygrow Sm\u00e5tti S"}]},{"@type":"WebSite","@id":"https:\/\/nordiccab.com\/no\/#website","url":"https:\/\/nordiccab.com\/no\/","name":"Nordic Cab","description":"Start Life Exploring","publisher":{"@id":"https:\/\/nordiccab.com\/no\/#organization"},"potentialAction":[{"@type":"SearchAction","target":{"@type":"EntryPoint","urlTemplate":"https:\/\/nordiccab.com\/no\/?s={search_term_string}"},"query-input":{"@type":"PropertyValueSpecification","valueRequired":true,"valueName":"search_term_string"}}],"inLanguage":"nb-NO"},{"@type":"Organization","@id":"https:\/\/nordiccab.com\/no\/#organization","name":"Nordic Cab Solutions AS","url":"https:\/\/nordiccab.com\/no\/","logo":{"@type":"ImageObject","inLanguage":"nb-NO","@id":"https:\/\/nordiccab.com\/no\/#\/schema\/logo\/image\/","url":"https:\/\/nordiccab.com\/wp-content\/uploads\/2022\/02\/NC-logo.svg","contentUrl":"https:\/\/nordiccab.com\/wp-content\/uploads\/2022\/02\/NC-logo.svg","width":1,"height":1,"caption":"Nordic Cab Solutions AS"},"image":{"@id":"https:\/\/nordiccab.com\/no\/#\/schema\/logo\/image\/"},"sameAs":["https:\/\/www.facebook.com\/nordiccab"]}]}},"_links":{"self":[{"href":"https:\/\/nordiccab.com\/no\/wp-json\/wp\/v2\/product\/7761","targetHints":{"allow":["GET"]}}],"collection":[{"href":"https:\/\/nordiccab.com\/no\/wp-json\/wp\/v2\/product"}],"about":[{"href":"https:\/\/nordiccab.com\/no\/wp-json\/wp\/v2\/types\/product"}],"wp:featuredmedia":[{"embeddable":true,"href":"https:\/\/nordiccab.com\/no\/wp-json\/wp\/v2\/media\/7754"}],"wp:attachment":[{"href":"https:\/\/nordiccab.com\/no\/wp-json\/wp\/v2\/media?parent=7761"}],"wp:term":[{"taxonomy":"product_brand","embeddable":true,"href":"https:\/\/nordiccab.com\/no\/wp-json\/wp\/v2\/product_brand?post=7761"},{"taxonomy":"product_cat","embeddable":true,"href":"https:\/\/nordiccab.com\/no\/wp-json\/wp\/v2\/product_cat?post=7761"},{"taxonomy":"product_tag","embeddable":true,"href":"https:\/\/nordiccab.com\/no\/wp-json\/wp\/v2\/product_tag?post=7761"}],"curies":[{"name":"wp","href":"https:\/\/api.w.org\/{rel}","templated":true}]}}