{"id":6058,"date":"2022-08-23T15:28:23","date_gmt":"2022-08-23T13:28:23","guid":{"rendered":"https:\/\/nordiccab.com\/?post_type=product&#038;p=6058"},"modified":"2025-09-16T14:34:32","modified_gmt":"2025-09-16T12:34:32","slug":"nordic-cab-hundevogn-vare","status":"publish","type":"product","link":"https:\/\/nordiccab.com\/no\/produkt\/nordic-cab-hundevogn-vare\/","title":{"rendered":"Nordic Cab &#8211; Hundevogn Vare"},"content":{"rendered":"\n<p>Passer for hunder fra en h\u00f8yde p\u00e5 ca. 50 cm med brystm\u00e5l p\u00e5 ca. 56-112 cm og for de st\u00f8rste hunderasene &#8211; min. 20 kg. Selen er laget av slitesterkt materiale og designet med minst mulig belastning p\u00e5 hunden ved trekking av Nordic Cab Hundevogn.<\/p>\n\n\n\n<p>Noen generelle anbefalinger det er viktig \u00e5 ha med seg er:<\/p>\n\n\n\n<ul class=\"wp-block-list\">\n<li>En godt trent hund kan trekke tre ganger sin egen vekt.<\/li>\n\n\n\n<li>Det er sv\u00e6rt viktig at lasten\/vekten plasseres i vognen slik at den skaper minst mulig vekt p\u00e5 hunden.<\/li>\n\n\n\n<li>Ha alltid hunden i b\u00e5nd for kontroll og sikkerhet.<\/li>\n\n\n\n<li>\u00d8v med hunden flere ganger med tom vogn, helt til du og hunden er komfortable med vogna. Noen f\u00e5 hunder liker ikke dette i det hele tatt, og noen vil like dette med litt trening og noen er laget for \u00e5 gj\u00f8re dette.<\/li>\n\n\n\n<li>Kan ogs\u00e5 benyttes med ski (ekstrautstyr) <a href=\"https:\/\/nordiccab.com\/no\/produkt\/ski-sett-barnepulk-pulk\/\">Se her<\/a><\/li>\n<\/ul>\n","protected":false},"excerpt":{"rendered":"<p>Nordic Cab Hundevogn Vare er ideell for transport av varer. Den er stabil og lett \u00e5 trekke. Nordic Cab Hundevogn Vare kommer med store 20&#8243; aluminiumshjul som kan justeres p\u00e5 rammen av boksen for det beste tyngdepunktet. St\u00f8rrelse p\u00e5 hundeselen<\/p>\n<table>\n<thead>\n<tr>\n<td><strong>St\u00f8rrelse<\/strong><\/td>\n<td>\u00a0<\/td>\n<td><strong>L<\/strong><\/td>\n<td><strong>XL<\/strong><\/td>\n<td><strong>XXL<\/strong><\/td>\n<\/tr>\n<\/thead>\n<tbody>\n<tr>\n<td>Nakkeomkrets<\/td>\n<td>\u00a0<\/td>\n<td>46-51\u00a0cm<\/td>\n<td>51-57\u00a0cm<\/td>\n<td>57-63\u00a0cm<\/td>\n<\/tr>\n<tr>\n<td>Brystm\u00e5l<\/td>\n<td>\u00a0<\/td>\n<td>61-92\u00a0cm<\/td>\n<td>67-102\u00a0cm<\/td>\n<td>70-112\u00a0cm<\/td>\n<\/tr>\n<\/tbody>\n<\/table>\n","protected":false},"featured_media":5711,"template":"","meta":{"_genesis_hide_title":false,"_genesis_hide_breadcrumbs":false,"_genesis_hide_singular_image":false,"_genesis_hide_footer_widgets":false,"_genesis_custom_body_class":"","_genesis_custom_post_class":"","_genesis_layout":""},"product_brand":[],"product_cat":[315],"product_tag":[],"class_list":{"0":"post-6058","1":"product","2":"type-product","3":"status-publish","4":"has-post-thumbnail","6":"product_cat-hundevogn-sykkelvogn-hund-pulk","7":"entry","9":"first","10":"instock","11":"taxable","12":"shipping-taxable","13":"purchasable","14":"product-type-variable"},"bundled_by":[],"bundle_stock_status":"instock","bundle_stock_quantity":null,"bundle_virtual":false,"bundle_layout":"","bundle_add_to_cart_form_location":"","bundle_editable_in_cart":false,"bundle_sold_individually_context":"","bundle_item_grouping":"","bundle_min_size":"","bundle_max_size":"","bundle_price":[],"bundled_items":[],"bundle_sell_ids":[],"yoast_head":"<!-- This site is optimized with the Yoast SEO Premium plugin v26.0 (Yoast SEO v26.0) - https:\/\/yoast.com\/wordpress\/plugins\/seo\/ -->\n<title>Nordic Cab - Hundevogn Vare - Nordic Cab<\/title>\n<meta name=\"description\" content=\"Nordic Cab Hundevogn Vare er ideell for transport av varer. Den er stabil og lett \u00e5 trekke. Nordic Cab Hundevogn Vare kommer med store 20&quot; aluminiumshjul som kan justeres p\u00e5 rammen av boksen for det beste tyngdepunktet. St\u00f8rrelse p\u00e5 hundeselen    St\u00f8rrelse \u00a0 L XL XXL     Nakkeomkrets \u00a0 46-51\u00a0cm 51-57\u00a0cm 57-63\u00a0cm   Brystm\u00e5l \u00a0 61-92\u00a0cm 67-102\u00a0cm 70-112\u00a0cm\" \/>\n<meta name=\"robots\" content=\"index, follow, max-snippet:-1, max-image-preview:large, max-video-preview:-1\" \/>\n<link rel=\"canonical\" href=\"https:\/\/nordiccab.com\/no\/produkt\/nordic-cab-hundevogn-vare\/\" \/>\n<meta property=\"og:locale\" content=\"nb_NO\" \/>\n<meta property=\"og:type\" content=\"article\" \/>\n<meta property=\"og:title\" content=\"Nordic Cab - Hundevogn Vare\" \/>\n<meta property=\"og:description\" content=\"Nordic Cab Hundevogn Vare er ideell for transport av varer. Den er stabil og lett \u00e5 trekke. Nordic Cab Hundevogn Vare kommer med store 20&quot; aluminiumshjul som kan justeres p\u00e5 rammen av boksen for det beste tyngdepunktet. St\u00f8rrelse p\u00e5 hundeselen    St\u00f8rrelse \u00a0 L XL XXL     Nakkeomkrets \u00a0 46-51\u00a0cm 51-57\u00a0cm 57-63\u00a0cm   Brystm\u00e5l \u00a0 61-92\u00a0cm 67-102\u00a0cm 70-112\u00a0cm\" \/>\n<meta property=\"og:url\" content=\"https:\/\/nordiccab.com\/no\/produkt\/nordic-cab-hundevogn-vare\/\" \/>\n<meta property=\"og:site_name\" content=\"Nordic Cab\" \/>\n<meta property=\"article:publisher\" content=\"https:\/\/www.facebook.com\/nordiccab\" \/>\n<meta property=\"article:modified_time\" content=\"2025-09-16T12:34:32+00:00\" \/>\n<meta property=\"og:image\" content=\"https:\/\/nordiccab.com\/wp-content\/uploads\/2022\/08\/Dog-trailer-cargo.jpg\" \/>\n\t<meta property=\"og:image:width\" content=\"1000\" \/>\n\t<meta property=\"og:image:height\" content=\"1000\" \/>\n\t<meta property=\"og:image:type\" content=\"image\/jpeg\" \/>\n<meta name=\"twitter:card\" content=\"summary_large_image\" \/>\n<meta name=\"twitter:label1\" content=\"Ansl. lesetid\" \/>\n\t<meta name=\"twitter:data1\" content=\"1 minutt\" \/>\n<script type=\"application\/ld+json\" class=\"yoast-schema-graph\">{\"@context\":\"https:\/\/schema.org\",\"@graph\":[{\"@type\":\"WebPage\",\"@id\":\"https:\/\/nordiccab.com\/no\/produkt\/nordic-cab-hundevogn-vare\/\",\"url\":\"https:\/\/nordiccab.com\/no\/produkt\/nordic-cab-hundevogn-vare\/\",\"name\":\"Nordic Cab - Hundevogn Vare - Nordic Cab\",\"isPartOf\":{\"@id\":\"https:\/\/nordiccab.com\/no\/#website\"},\"primaryImageOfPage\":{\"@id\":\"https:\/\/nordiccab.com\/no\/produkt\/nordic-cab-hundevogn-vare\/#primaryimage\"},\"image\":{\"@id\":\"https:\/\/nordiccab.com\/no\/produkt\/nordic-cab-hundevogn-vare\/#primaryimage\"},\"thumbnailUrl\":\"https:\/\/nordiccab.com\/wp-content\/uploads\/2022\/08\/Dog-trailer-cargo.jpg\",\"datePublished\":\"2022-08-23T13:28:23+00:00\",\"dateModified\":\"2025-09-16T12:34:32+00:00\",\"description\":\"Nordic Cab Hundevogn Vare er ideell for transport av varer. Den er stabil og lett \u00e5 trekke. Nordic Cab Hundevogn Vare kommer med store 20\\\" aluminiumshjul som kan justeres p\u00e5 rammen av boksen for det beste tyngdepunktet. St\u00f8rrelse p\u00e5 hundeselen St\u00f8rrelse \u00a0 L XL XXL Nakkeomkrets \u00a0 46-51\u00a0cm 51-57\u00a0cm 57-63\u00a0cm Brystm\u00e5l \u00a0 61-92\u00a0cm 67-102\u00a0cm 70-112\u00a0cm\",\"breadcrumb\":{\"@id\":\"https:\/\/nordiccab.com\/no\/produkt\/nordic-cab-hundevogn-vare\/#breadcrumb\"},\"inLanguage\":\"nb-NO\",\"potentialAction\":[{\"@type\":\"ReadAction\",\"target\":[\"https:\/\/nordiccab.com\/no\/produkt\/nordic-cab-hundevogn-vare\/\"]}]},{\"@type\":\"ImageObject\",\"inLanguage\":\"nb-NO\",\"@id\":\"https:\/\/nordiccab.com\/no\/produkt\/nordic-cab-hundevogn-vare\/#primaryimage\",\"url\":\"https:\/\/nordiccab.com\/wp-content\/uploads\/2022\/08\/Dog-trailer-cargo.jpg\",\"contentUrl\":\"https:\/\/nordiccab.com\/wp-content\/uploads\/2022\/08\/Dog-trailer-cargo.jpg\",\"width\":1000,\"height\":1000,\"caption\":\"Nyhet. Nordic Cab hundevogn med vare trekk n\u00e5 med nytt sele og dragsystem utviklet i samarbeid med Non Stop Dogwear. Dette er n flott m\u00e5te for hunden \u00e5 f\u00e5 ut energi p\u00e5 og de elsker \u00e5 bidra. Selen kommer i forskjellige st\u00f8rrelser.\"},{\"@type\":\"BreadcrumbList\",\"@id\":\"https:\/\/nordiccab.com\/no\/produkt\/nordic-cab-hundevogn-vare\/#breadcrumb\",\"itemListElement\":[{\"@type\":\"ListItem\",\"position\":1,\"name\":\"Home\",\"item\":\"https:\/\/nordiccab.com\/no\/\"},{\"@type\":\"ListItem\",\"position\":2,\"name\":\"Produkter\",\"item\":\"https:\/\/nordiccab.com\/no\/butikk\/\"},{\"@type\":\"ListItem\",\"position\":3,\"name\":\"Nordic Cab &#8211; Hundevogn Vare\"}]},{\"@type\":\"WebSite\",\"@id\":\"https:\/\/nordiccab.com\/no\/#website\",\"url\":\"https:\/\/nordiccab.com\/no\/\",\"name\":\"Nordic Cab\",\"description\":\"Start Life Exploring\",\"publisher\":{\"@id\":\"https:\/\/nordiccab.com\/no\/#organization\"},\"potentialAction\":[{\"@type\":\"SearchAction\",\"target\":{\"@type\":\"EntryPoint\",\"urlTemplate\":\"https:\/\/nordiccab.com\/no\/?s={search_term_string}\"},\"query-input\":{\"@type\":\"PropertyValueSpecification\",\"valueRequired\":true,\"valueName\":\"search_term_string\"}}],\"inLanguage\":\"nb-NO\"},{\"@type\":\"Organization\",\"@id\":\"https:\/\/nordiccab.com\/no\/#organization\",\"name\":\"Nordic Cab Solutions AS\",\"url\":\"https:\/\/nordiccab.com\/no\/\",\"logo\":{\"@type\":\"ImageObject\",\"inLanguage\":\"nb-NO\",\"@id\":\"https:\/\/nordiccab.com\/no\/#\/schema\/logo\/image\/\",\"url\":\"https:\/\/nordiccab.com\/wp-content\/uploads\/2022\/02\/NC-logo.svg\",\"contentUrl\":\"https:\/\/nordiccab.com\/wp-content\/uploads\/2022\/02\/NC-logo.svg\",\"width\":1,\"height\":1,\"caption\":\"Nordic Cab Solutions AS\"},\"image\":{\"@id\":\"https:\/\/nordiccab.com\/no\/#\/schema\/logo\/image\/\"},\"sameAs\":[\"https:\/\/www.facebook.com\/nordiccab\"]}]}<\/script>\n<!-- \/ Yoast SEO Premium plugin. -->","yoast_head_json":{"title":"Nordic Cab - Hundevogn Vare - Nordic Cab","description":"Nordic Cab Hundevogn Vare er ideell for transport av varer. Den er stabil og lett \u00e5 trekke. Nordic Cab Hundevogn Vare kommer med store 20\" aluminiumshjul som kan justeres p\u00e5 rammen av boksen for det beste tyngdepunktet. St\u00f8rrelse p\u00e5 hundeselen    St\u00f8rrelse \u00a0 L XL XXL     Nakkeomkrets \u00a0 46-51\u00a0cm 51-57\u00a0cm 57-63\u00a0cm   Brystm\u00e5l \u00a0 61-92\u00a0cm 67-102\u00a0cm 70-112\u00a0cm","robots":{"index":"index","follow":"follow","max-snippet":"max-snippet:-1","max-image-preview":"max-image-preview:large","max-video-preview":"max-video-preview:-1"},"canonical":"https:\/\/nordiccab.com\/no\/produkt\/nordic-cab-hundevogn-vare\/","og_locale":"nb_NO","og_type":"article","og_title":"Nordic Cab - Hundevogn Vare","og_description":"Nordic Cab Hundevogn Vare er ideell for transport av varer. Den er stabil og lett \u00e5 trekke. Nordic Cab Hundevogn Vare kommer med store 20\" aluminiumshjul som kan justeres p\u00e5 rammen av boksen for det beste tyngdepunktet. St\u00f8rrelse p\u00e5 hundeselen    St\u00f8rrelse \u00a0 L XL XXL     Nakkeomkrets \u00a0 46-51\u00a0cm 51-57\u00a0cm 57-63\u00a0cm   Brystm\u00e5l \u00a0 61-92\u00a0cm 67-102\u00a0cm 70-112\u00a0cm","og_url":"https:\/\/nordiccab.com\/no\/produkt\/nordic-cab-hundevogn-vare\/","og_site_name":"Nordic Cab","article_publisher":"https:\/\/www.facebook.com\/nordiccab","article_modified_time":"2025-09-16T12:34:32+00:00","og_image":[{"width":1000,"height":1000,"url":"https:\/\/nordiccab.com\/wp-content\/uploads\/2022\/08\/Dog-trailer-cargo.jpg","type":"image\/jpeg"}],"twitter_card":"summary_large_image","twitter_misc":{"Ansl. lesetid":"1 minutt"},"schema":{"@context":"https:\/\/schema.org","@graph":[{"@type":"WebPage","@id":"https:\/\/nordiccab.com\/no\/produkt\/nordic-cab-hundevogn-vare\/","url":"https:\/\/nordiccab.com\/no\/produkt\/nordic-cab-hundevogn-vare\/","name":"Nordic Cab - Hundevogn Vare - Nordic Cab","isPartOf":{"@id":"https:\/\/nordiccab.com\/no\/#website"},"primaryImageOfPage":{"@id":"https:\/\/nordiccab.com\/no\/produkt\/nordic-cab-hundevogn-vare\/#primaryimage"},"image":{"@id":"https:\/\/nordiccab.com\/no\/produkt\/nordic-cab-hundevogn-vare\/#primaryimage"},"thumbnailUrl":"https:\/\/nordiccab.com\/wp-content\/uploads\/2022\/08\/Dog-trailer-cargo.jpg","datePublished":"2022-08-23T13:28:23+00:00","dateModified":"2025-09-16T12:34:32+00:00","description":"Nordic Cab Hundevogn Vare er ideell for transport av varer. Den er stabil og lett \u00e5 trekke. Nordic Cab Hundevogn Vare kommer med store 20\" aluminiumshjul som kan justeres p\u00e5 rammen av boksen for det beste tyngdepunktet. St\u00f8rrelse p\u00e5 hundeselen St\u00f8rrelse \u00a0 L XL XXL Nakkeomkrets \u00a0 46-51\u00a0cm 51-57\u00a0cm 57-63\u00a0cm Brystm\u00e5l \u00a0 61-92\u00a0cm 67-102\u00a0cm 70-112\u00a0cm","breadcrumb":{"@id":"https:\/\/nordiccab.com\/no\/produkt\/nordic-cab-hundevogn-vare\/#breadcrumb"},"inLanguage":"nb-NO","potentialAction":[{"@type":"ReadAction","target":["https:\/\/nordiccab.com\/no\/produkt\/nordic-cab-hundevogn-vare\/"]}]},{"@type":"ImageObject","inLanguage":"nb-NO","@id":"https:\/\/nordiccab.com\/no\/produkt\/nordic-cab-hundevogn-vare\/#primaryimage","url":"https:\/\/nordiccab.com\/wp-content\/uploads\/2022\/08\/Dog-trailer-cargo.jpg","contentUrl":"https:\/\/nordiccab.com\/wp-content\/uploads\/2022\/08\/Dog-trailer-cargo.jpg","width":1000,"height":1000,"caption":"Nyhet. Nordic Cab hundevogn med vare trekk n\u00e5 med nytt sele og dragsystem utviklet i samarbeid med Non Stop Dogwear. Dette er n flott m\u00e5te for hunden \u00e5 f\u00e5 ut energi p\u00e5 og de elsker \u00e5 bidra. Selen kommer i forskjellige st\u00f8rrelser."},{"@type":"BreadcrumbList","@id":"https:\/\/nordiccab.com\/no\/produkt\/nordic-cab-hundevogn-vare\/#breadcrumb","itemListElement":[{"@type":"ListItem","position":1,"name":"Home","item":"https:\/\/nordiccab.com\/no\/"},{"@type":"ListItem","position":2,"name":"Produkter","item":"https:\/\/nordiccab.com\/no\/butikk\/"},{"@type":"ListItem","position":3,"name":"Nordic Cab &#8211; Hundevogn Vare"}]},{"@type":"WebSite","@id":"https:\/\/nordiccab.com\/no\/#website","url":"https:\/\/nordiccab.com\/no\/","name":"Nordic Cab","description":"Start Life Exploring","publisher":{"@id":"https:\/\/nordiccab.com\/no\/#organization"},"potentialAction":[{"@type":"SearchAction","target":{"@type":"EntryPoint","urlTemplate":"https:\/\/nordiccab.com\/no\/?s={search_term_string}"},"query-input":{"@type":"PropertyValueSpecification","valueRequired":true,"valueName":"search_term_string"}}],"inLanguage":"nb-NO"},{"@type":"Organization","@id":"https:\/\/nordiccab.com\/no\/#organization","name":"Nordic Cab Solutions AS","url":"https:\/\/nordiccab.com\/no\/","logo":{"@type":"ImageObject","inLanguage":"nb-NO","@id":"https:\/\/nordiccab.com\/no\/#\/schema\/logo\/image\/","url":"https:\/\/nordiccab.com\/wp-content\/uploads\/2022\/02\/NC-logo.svg","contentUrl":"https:\/\/nordiccab.com\/wp-content\/uploads\/2022\/02\/NC-logo.svg","width":1,"height":1,"caption":"Nordic Cab Solutions AS"},"image":{"@id":"https:\/\/nordiccab.com\/no\/#\/schema\/logo\/image\/"},"sameAs":["https:\/\/www.facebook.com\/nordiccab"]}]}},"_links":{"self":[{"href":"https:\/\/nordiccab.com\/no\/wp-json\/wp\/v2\/product\/6058","targetHints":{"allow":["GET"]}}],"collection":[{"href":"https:\/\/nordiccab.com\/no\/wp-json\/wp\/v2\/product"}],"about":[{"href":"https:\/\/nordiccab.com\/no\/wp-json\/wp\/v2\/types\/product"}],"wp:featuredmedia":[{"embeddable":true,"href":"https:\/\/nordiccab.com\/no\/wp-json\/wp\/v2\/media\/5711"}],"wp:attachment":[{"href":"https:\/\/nordiccab.com\/no\/wp-json\/wp\/v2\/media?parent=6058"}],"wp:term":[{"taxonomy":"product_brand","embeddable":true,"href":"https:\/\/nordiccab.com\/no\/wp-json\/wp\/v2\/product_brand?post=6058"},{"taxonomy":"product_cat","embeddable":true,"href":"https:\/\/nordiccab.com\/no\/wp-json\/wp\/v2\/product_cat?post=6058"},{"taxonomy":"product_tag","embeddable":true,"href":"https:\/\/nordiccab.com\/no\/wp-json\/wp\/v2\/product_tag?post=6058"}],"curies":[{"name":"wp","href":"https:\/\/api.w.org\/{rel}","templated":true}]}}