{"id":5375,"date":"2024-04-23T13:34:55","date_gmt":"2024-04-23T11:34:55","guid":{"rendered":"https:\/\/nordiccab.com\/?post_type=product&#038;p=5375"},"modified":"2025-08-15T08:35:48","modified_gmt":"2025-08-15T06:35:48","slug":"cargo-sykkelvogn-vare","status":"publish","type":"product","link":"https:\/\/nordiccab.com\/no\/produkt\/cargo-sykkelvogn-vare\/","title":{"rendered":"Cargo &#8211; Sykkelvogn"},"content":{"rendered":"\n<figure class=\"wp-block-embed is-type-video is-provider-youtube wp-block-embed-youtube wp-embed-aspect-16-9 wp-has-aspect-ratio\"><div class=\"wp-block-embed__wrapper\">\n<iframe loading=\"lazy\" title=\"Cargo Bike\" width=\"500\" height=\"281\" src=\"https:\/\/www.youtube.com\/embed\/V2K8F6NvOhY?feature=oembed\" frameborder=\"0\" allow=\"accelerometer; autoplay; clipboard-write; encrypted-media; gyroscope; picture-in-picture; web-share\" referrerpolicy=\"strict-origin-when-cross-origin\" allowfullscreen><\/iframe>\n<\/div><\/figure>\n\n\n\n<p>Nordic Cab Explorer sykkel\u00adtilhenger&nbsp;har nesten uendelig med bruksmuligheter for deg som \u00f8nsker \u00e5 frakte ting p\u00e5 en enkel m\u00e5te, hele \u00e5ret.<\/p>\n\n\n\n<h3 class=\"wp-block-heading\" id=\"h-derfor-bor-du-velge-nordic-cab-sykkeltilhenger\">Derfor b\u00f8r du velge Nordic Cab sykkeltilhenger:<\/h3>\n\n\n\n<ul class=\"wp-block-list\">\n<li><strong>Mange bruksomr\u00e5der.<\/strong>&nbsp;Med denne praktiske sykkelhengeren&nbsp;kan du frakte alt fra matvarer, hageavfall, ved til hytta, b\u00e5tmotorer og mye mer.<\/li>\n\n\n\n<li><strong>Solid base.<\/strong>&nbsp;Explorer sykkeltilhenger&nbsp;er bygget p\u00e5 en helst\u00f8pt base\/ kasse av solid plast. Plastbasen forenkler ogs\u00e5 monteringen av vognen.<\/li>\n\n\n\n<li>Inkluderer vanntett varetrekk<\/li>\n\n\n\n<li>Til den solide plastkassen kan man feste hjul eller ski<\/li>\n\n\n\n<li>Alle deler passer i plastkassen for enkel transport.<\/li>\n<\/ul>\n\n\n\n<p>Se alle v\u00e5re varevogn\/ pulk kombinasjoner <strong><a href=\"https:\/\/nordiccab.com\/no\/produktkategori\/varevogn\/\">her. <\/a><\/strong><\/p>\n\n\n\n<h3 class=\"wp-block-heading\" id=\"h-nordic-cab-sykkeltilhenger-nbsp-teknisk-info-og-mal\">Nordic Cab sykkeltilhenger&nbsp;&#8211; teknisk info og m\u00e5l:<\/h3>\n\n\n\n<ul class=\"wp-block-list\">\n<li>Bunnkassen innvendig &#8211; bredde 60,5cm \/ lengde 87cm \/ dybde 21cm\n<ul class=\"wp-block-list\">\n<li>Varetrekket ekspanderer 10cm over kanten p\u00e5 kassen slik at den dekker over h\u00f8yere last.<\/li>\n<\/ul>\n<\/li>\n\n\n\n<li>Bredde med hjul &#8211; 79cm <\/li>\n\n\n\n<li>Bakkeklaring med 20&#8243; hjul &#8211; 17,5cm<\/li>\n\n\n\n<li>M\u00e5l sammensl\u00e5tt (BxLxH): 60 x 86 x 18 cm<\/li>\n\n\n\n<li>M\u00e5l: Oppsatt m\/ hjul: 80 x 86 x 18 cm<\/li>\n\n\n\n<li>Hjul: 20 tommer<\/li>\n\n\n\n<li>Volum i plastkassen: ca. 85-liter<\/li>\n\n\n\n<li>M\u00e5l bunnkasse: B 60,5 cm, L 87 cm, D 21 cm<\/li>\n\n\n\n<li>Egenvekt inkludert sykkeldrag og hjul, 8,8 kg<\/li>\n\n\n\n<li>Varetrekk er laget av 600 denier stoff med trippelt lag av PU-belegg, som gj\u00f8r det vanntett<\/li>\n\n\n\n<li>Anbefalt maksimal lastevekt: <strong>50kg<\/strong> <\/li>\n<\/ul>\n\n\n\n<p><strong>Dette f\u00f8lger med:<\/strong> <\/p>\n\n\n\n<ul class=\"wp-block-list\">\n<li>Base\/ kasse<\/li>\n\n\n\n<li>Hjul<\/li>\n\n\n\n<li>Sykkelvogn drag og feste<\/li>\n\n\n\n<li>Varetrekk<\/li>\n<\/ul>\n\n\n\n<p>Nordic Cab-vognene er testet og godkjent i henhold til:<\/p>\n\n\n\n<p>\u2022 Sykkelvogner (NS-EN 15918:2011+A2:2017)<\/p>\n\n\n\n<p>Testingen er utf\u00f8rt av et uavhengig kontrollorgan (SGS)<\/p>\n\n\n\n<h3 class=\"wp-block-heading has-large-font-size\" id=\"h-\"><\/h3>\n","protected":false},"excerpt":{"rendered":"<p>Praktisk sykkeltilhenger fra Nordic Cab som fungerer b\u00e5de til daglig bruk til \u00e5 fra butikken eller om du skal sykle Norge p\u00e5 tvers.<\/p>\n<p>&nbsp;<\/p>\n","protected":false},"featured_media":19054,"template":"","meta":{"_genesis_hide_title":false,"_genesis_hide_breadcrumbs":false,"_genesis_hide_singular_image":false,"_genesis_hide_footer_widgets":false,"_genesis_custom_body_class":"","_genesis_custom_post_class":"","_genesis_layout":""},"product_brand":[],"product_cat":[113],"product_tag":[],"class_list":{"0":"post-5375","1":"product","2":"type-product","3":"status-publish","4":"has-post-thumbnail","6":"product_cat-varevogn","7":"entry","9":"first","10":"instock","11":"taxable","12":"shipping-taxable","13":"purchasable","14":"product-type-simple"},"bundled_by":[],"bundle_stock_status":"instock","bundle_stock_quantity":null,"bundle_virtual":false,"bundle_layout":"","bundle_add_to_cart_form_location":"","bundle_editable_in_cart":false,"bundle_sold_individually_context":"","bundle_item_grouping":"","bundle_min_size":"","bundle_max_size":"","bundle_price":[],"bundled_items":[],"bundle_sell_ids":[],"yoast_head":"<!-- This site is optimized with the Yoast SEO Premium plugin v26.0 (Yoast SEO v26.0) - https:\/\/yoast.com\/wordpress\/plugins\/seo\/ -->\n<title>Cargo - Sykkelvogn - Nordic Cab - lastetilhenger<\/title>\n<meta name=\"description\" content=\"Nordic Cab Explorer sykkeltilhenger\u00a0har nesten uendelig med bruksmuligheter for deg som \u00f8nsker \u00e5 frakte ting p\u00e5 en enkel m\u00e5te, hele \u00e5ret. Lastetilhenger\" \/>\n<meta name=\"robots\" content=\"index, follow, max-snippet:-1, max-image-preview:large, max-video-preview:-1\" \/>\n<link rel=\"canonical\" href=\"https:\/\/nordiccab.com\/no\/produkt\/cargo-sykkelvogn-vare\/\" \/>\n<meta property=\"og:locale\" content=\"nb_NO\" \/>\n<meta property=\"og:type\" content=\"article\" \/>\n<meta property=\"og:title\" content=\"Cargo - Sykkelvogn\" \/>\n<meta property=\"og:description\" content=\"Nordic Cab Explorer sykkeltilhenger\u00a0har nesten uendelig med bruksmuligheter for deg som \u00f8nsker \u00e5 frakte ting p\u00e5 en enkel m\u00e5te, hele \u00e5ret. Lastetilhenger\" \/>\n<meta property=\"og:url\" content=\"https:\/\/nordiccab.com\/no\/produkt\/cargo-sykkelvogn-vare\/\" \/>\n<meta property=\"og:site_name\" content=\"Nordic Cab\" \/>\n<meta property=\"article:publisher\" content=\"https:\/\/www.facebook.com\/nordiccab\" \/>\n<meta property=\"article:modified_time\" content=\"2025-08-15T06:35:48+00:00\" \/>\n<meta property=\"og:image\" content=\"https:\/\/nordiccab.com\/wp-content\/uploads\/2024\/04\/Cargo-Biketrailer_3_1.jpg\" \/>\n\t<meta property=\"og:image:width\" content=\"1000\" \/>\n\t<meta property=\"og:image:height\" content=\"1000\" \/>\n\t<meta property=\"og:image:type\" content=\"image\/jpeg\" \/>\n<meta name=\"twitter:card\" content=\"summary_large_image\" \/>\n<meta name=\"twitter:label1\" content=\"Ansl. lesetid\" \/>\n\t<meta name=\"twitter:data1\" content=\"2 minutter\" \/>\n<script type=\"application\/ld+json\" class=\"yoast-schema-graph\">{\"@context\":\"https:\/\/schema.org\",\"@graph\":[{\"@type\":\"WebPage\",\"@id\":\"https:\/\/nordiccab.com\/no\/produkt\/cargo-sykkelvogn-vare\/\",\"url\":\"https:\/\/nordiccab.com\/no\/produkt\/cargo-sykkelvogn-vare\/\",\"name\":\"Cargo - Sykkelvogn - Nordic Cab - lastetilhenger\",\"isPartOf\":{\"@id\":\"https:\/\/nordiccab.com\/no\/#website\"},\"primaryImageOfPage\":{\"@id\":\"https:\/\/nordiccab.com\/no\/produkt\/cargo-sykkelvogn-vare\/#primaryimage\"},\"image\":{\"@id\":\"https:\/\/nordiccab.com\/no\/produkt\/cargo-sykkelvogn-vare\/#primaryimage\"},\"thumbnailUrl\":\"https:\/\/nordiccab.com\/wp-content\/uploads\/2024\/04\/Cargo-Biketrailer_3_1.jpg\",\"datePublished\":\"2024-04-23T11:34:55+00:00\",\"dateModified\":\"2025-08-15T06:35:48+00:00\",\"description\":\"Nordic Cab Explorer sykkeltilhenger\u00a0har nesten uendelig med bruksmuligheter for deg som \u00f8nsker \u00e5 frakte ting p\u00e5 en enkel m\u00e5te, hele \u00e5ret. Lastetilhenger\",\"breadcrumb\":{\"@id\":\"https:\/\/nordiccab.com\/no\/produkt\/cargo-sykkelvogn-vare\/#breadcrumb\"},\"inLanguage\":\"nb-NO\",\"potentialAction\":[{\"@type\":\"ReadAction\",\"target\":[\"https:\/\/nordiccab.com\/no\/produkt\/cargo-sykkelvogn-vare\/\"]}]},{\"@type\":\"ImageObject\",\"inLanguage\":\"nb-NO\",\"@id\":\"https:\/\/nordiccab.com\/no\/produkt\/cargo-sykkelvogn-vare\/#primaryimage\",\"url\":\"https:\/\/nordiccab.com\/wp-content\/uploads\/2024\/04\/Cargo-Biketrailer_3_1.jpg\",\"contentUrl\":\"https:\/\/nordiccab.com\/wp-content\/uploads\/2024\/04\/Cargo-Biketrailer_3_1.jpg\",\"width\":1000,\"height\":1000,\"caption\":\"Cargo Bike Trailer. Red Nordic Cab Cargo\"},{\"@type\":\"BreadcrumbList\",\"@id\":\"https:\/\/nordiccab.com\/no\/produkt\/cargo-sykkelvogn-vare\/#breadcrumb\",\"itemListElement\":[{\"@type\":\"ListItem\",\"position\":1,\"name\":\"Home\",\"item\":\"https:\/\/nordiccab.com\/no\/\"},{\"@type\":\"ListItem\",\"position\":2,\"name\":\"Produkter\",\"item\":\"https:\/\/nordiccab.com\/no\/butikk\/\"},{\"@type\":\"ListItem\",\"position\":3,\"name\":\"Cargo &#8211; Sykkelvogn\"}]},{\"@type\":\"WebSite\",\"@id\":\"https:\/\/nordiccab.com\/no\/#website\",\"url\":\"https:\/\/nordiccab.com\/no\/\",\"name\":\"Nordic Cab\",\"description\":\"Start Life Exploring\",\"publisher\":{\"@id\":\"https:\/\/nordiccab.com\/no\/#organization\"},\"potentialAction\":[{\"@type\":\"SearchAction\",\"target\":{\"@type\":\"EntryPoint\",\"urlTemplate\":\"https:\/\/nordiccab.com\/no\/?s={search_term_string}\"},\"query-input\":{\"@type\":\"PropertyValueSpecification\",\"valueRequired\":true,\"valueName\":\"search_term_string\"}}],\"inLanguage\":\"nb-NO\"},{\"@type\":\"Organization\",\"@id\":\"https:\/\/nordiccab.com\/no\/#organization\",\"name\":\"Nordic Cab Solutions AS\",\"url\":\"https:\/\/nordiccab.com\/no\/\",\"logo\":{\"@type\":\"ImageObject\",\"inLanguage\":\"nb-NO\",\"@id\":\"https:\/\/nordiccab.com\/no\/#\/schema\/logo\/image\/\",\"url\":\"https:\/\/nordiccab.com\/wp-content\/uploads\/2022\/02\/NC-logo.svg\",\"contentUrl\":\"https:\/\/nordiccab.com\/wp-content\/uploads\/2022\/02\/NC-logo.svg\",\"width\":1,\"height\":1,\"caption\":\"Nordic Cab Solutions AS\"},\"image\":{\"@id\":\"https:\/\/nordiccab.com\/no\/#\/schema\/logo\/image\/\"},\"sameAs\":[\"https:\/\/www.facebook.com\/nordiccab\"]}]}<\/script>\n<!-- \/ Yoast SEO Premium plugin. -->","yoast_head_json":{"title":"Cargo - Sykkelvogn - Nordic Cab - lastetilhenger","description":"Nordic Cab Explorer sykkeltilhenger\u00a0har nesten uendelig med bruksmuligheter for deg som \u00f8nsker \u00e5 frakte ting p\u00e5 en enkel m\u00e5te, hele \u00e5ret. Lastetilhenger","robots":{"index":"index","follow":"follow","max-snippet":"max-snippet:-1","max-image-preview":"max-image-preview:large","max-video-preview":"max-video-preview:-1"},"canonical":"https:\/\/nordiccab.com\/no\/produkt\/cargo-sykkelvogn-vare\/","og_locale":"nb_NO","og_type":"article","og_title":"Cargo - Sykkelvogn","og_description":"Nordic Cab Explorer sykkeltilhenger\u00a0har nesten uendelig med bruksmuligheter for deg som \u00f8nsker \u00e5 frakte ting p\u00e5 en enkel m\u00e5te, hele \u00e5ret. Lastetilhenger","og_url":"https:\/\/nordiccab.com\/no\/produkt\/cargo-sykkelvogn-vare\/","og_site_name":"Nordic Cab","article_publisher":"https:\/\/www.facebook.com\/nordiccab","article_modified_time":"2025-08-15T06:35:48+00:00","og_image":[{"width":1000,"height":1000,"url":"https:\/\/nordiccab.com\/wp-content\/uploads\/2024\/04\/Cargo-Biketrailer_3_1.jpg","type":"image\/jpeg"}],"twitter_card":"summary_large_image","twitter_misc":{"Ansl. lesetid":"2 minutter"},"schema":{"@context":"https:\/\/schema.org","@graph":[{"@type":"WebPage","@id":"https:\/\/nordiccab.com\/no\/produkt\/cargo-sykkelvogn-vare\/","url":"https:\/\/nordiccab.com\/no\/produkt\/cargo-sykkelvogn-vare\/","name":"Cargo - Sykkelvogn - Nordic Cab - lastetilhenger","isPartOf":{"@id":"https:\/\/nordiccab.com\/no\/#website"},"primaryImageOfPage":{"@id":"https:\/\/nordiccab.com\/no\/produkt\/cargo-sykkelvogn-vare\/#primaryimage"},"image":{"@id":"https:\/\/nordiccab.com\/no\/produkt\/cargo-sykkelvogn-vare\/#primaryimage"},"thumbnailUrl":"https:\/\/nordiccab.com\/wp-content\/uploads\/2024\/04\/Cargo-Biketrailer_3_1.jpg","datePublished":"2024-04-23T11:34:55+00:00","dateModified":"2025-08-15T06:35:48+00:00","description":"Nordic Cab Explorer sykkeltilhenger\u00a0har nesten uendelig med bruksmuligheter for deg som \u00f8nsker \u00e5 frakte ting p\u00e5 en enkel m\u00e5te, hele \u00e5ret. Lastetilhenger","breadcrumb":{"@id":"https:\/\/nordiccab.com\/no\/produkt\/cargo-sykkelvogn-vare\/#breadcrumb"},"inLanguage":"nb-NO","potentialAction":[{"@type":"ReadAction","target":["https:\/\/nordiccab.com\/no\/produkt\/cargo-sykkelvogn-vare\/"]}]},{"@type":"ImageObject","inLanguage":"nb-NO","@id":"https:\/\/nordiccab.com\/no\/produkt\/cargo-sykkelvogn-vare\/#primaryimage","url":"https:\/\/nordiccab.com\/wp-content\/uploads\/2024\/04\/Cargo-Biketrailer_3_1.jpg","contentUrl":"https:\/\/nordiccab.com\/wp-content\/uploads\/2024\/04\/Cargo-Biketrailer_3_1.jpg","width":1000,"height":1000,"caption":"Cargo Bike Trailer. Red Nordic Cab Cargo"},{"@type":"BreadcrumbList","@id":"https:\/\/nordiccab.com\/no\/produkt\/cargo-sykkelvogn-vare\/#breadcrumb","itemListElement":[{"@type":"ListItem","position":1,"name":"Home","item":"https:\/\/nordiccab.com\/no\/"},{"@type":"ListItem","position":2,"name":"Produkter","item":"https:\/\/nordiccab.com\/no\/butikk\/"},{"@type":"ListItem","position":3,"name":"Cargo &#8211; Sykkelvogn"}]},{"@type":"WebSite","@id":"https:\/\/nordiccab.com\/no\/#website","url":"https:\/\/nordiccab.com\/no\/","name":"Nordic Cab","description":"Start Life Exploring","publisher":{"@id":"https:\/\/nordiccab.com\/no\/#organization"},"potentialAction":[{"@type":"SearchAction","target":{"@type":"EntryPoint","urlTemplate":"https:\/\/nordiccab.com\/no\/?s={search_term_string}"},"query-input":{"@type":"PropertyValueSpecification","valueRequired":true,"valueName":"search_term_string"}}],"inLanguage":"nb-NO"},{"@type":"Organization","@id":"https:\/\/nordiccab.com\/no\/#organization","name":"Nordic Cab Solutions AS","url":"https:\/\/nordiccab.com\/no\/","logo":{"@type":"ImageObject","inLanguage":"nb-NO","@id":"https:\/\/nordiccab.com\/no\/#\/schema\/logo\/image\/","url":"https:\/\/nordiccab.com\/wp-content\/uploads\/2022\/02\/NC-logo.svg","contentUrl":"https:\/\/nordiccab.com\/wp-content\/uploads\/2022\/02\/NC-logo.svg","width":1,"height":1,"caption":"Nordic Cab Solutions AS"},"image":{"@id":"https:\/\/nordiccab.com\/no\/#\/schema\/logo\/image\/"},"sameAs":["https:\/\/www.facebook.com\/nordiccab"]}]}},"_links":{"self":[{"href":"https:\/\/nordiccab.com\/no\/wp-json\/wp\/v2\/product\/5375","targetHints":{"allow":["GET"]}}],"collection":[{"href":"https:\/\/nordiccab.com\/no\/wp-json\/wp\/v2\/product"}],"about":[{"href":"https:\/\/nordiccab.com\/no\/wp-json\/wp\/v2\/types\/product"}],"wp:featuredmedia":[{"embeddable":true,"href":"https:\/\/nordiccab.com\/no\/wp-json\/wp\/v2\/media\/19054"}],"wp:attachment":[{"href":"https:\/\/nordiccab.com\/no\/wp-json\/wp\/v2\/media?parent=5375"}],"wp:term":[{"taxonomy":"product_brand","embeddable":true,"href":"https:\/\/nordiccab.com\/no\/wp-json\/wp\/v2\/product_brand?post=5375"},{"taxonomy":"product_cat","embeddable":true,"href":"https:\/\/nordiccab.com\/no\/wp-json\/wp\/v2\/product_cat?post=5375"},{"taxonomy":"product_tag","embeddable":true,"href":"https:\/\/nordiccab.com\/no\/wp-json\/wp\/v2\/product_tag?post=5375"}],"curies":[{"name":"wp","href":"https:\/\/api.w.org\/{rel}","templated":true}]}}