{"id":4919,"date":"2024-09-25T15:52:00","date_gmt":"2024-05-22T13:52:00","guid":{"rendered":"https:\/\/nordiccab.com\/?post_type=product&#038;p=4919"},"modified":"2025-08-24T15:47:33","modified_gmt":"2025-08-24T13:47:33","slug":"hundesele","status":"publish","type":"product","link":"https:\/\/nordiccab.com\/no\/produkt\/hundesele\/","title":{"rendered":"Nordic Cab Hundesele"},"content":{"rendered":"\n<h2 class=\"wp-block-heading has-large-font-size\" id=\"h-selesystem-utviklet-spesielt-for-nordic-cab-av-den-kjente-seleprodusenten-non-stop-dogwear-la-hunden-trekke-nordic-cab-som-hundevogn-eller-hundepulk-med-denne-unike-selen\">Selesystem utviklet spesielt for Nordic Cab av den kjente seleprodusenten Non-Stop Dogwear. La hunden trekke Nordic Cab som hundevogn eller hundepulk med denne unike selen. <\/h2>\n\n\n\n<p>Spesialdesignet og solid trekksele for bruk sammen med Nordic Cab Explorer vogn eller pulk. Selen og trekksystemet er designet og utviklet i samarbeid med norske kvalitetsprodusenten\u00a0<a href=\"https:\/\/www.nonstopdogwear.com\/no\/\">Non-stop Dogwear<\/a>, som med sin lange erfaring i utvikling av seler og dyktige produktutviklere igjen har gjort dette til en viktig funksjon og mulighet p\u00e5 Nordic Cab. Selen kommer i flere st\u00f8rrelser og har gode justeringsmuligheter.<\/p>\n\n\n\n<h2 class=\"wp-block-heading\" id=\"h-viktig\">Viktig!<\/h2>\n\n\n\n<p>Denne varen er kun selen. Selen er kompatibel med tidligere hundedrag for Nordic Cab. Om du ikke har hundedrag m\u00e5 du kj\u00f8pe <strong><a href=\"https:\/\/nordiccab.com\/no\/produkt\/hunde-sett\/\">Hunde sett<\/a>,<\/strong> som inkluderer dragene.<\/p>\n\n\n\n<p>Hundeselen er laget i slitesterkt materialet og designet med tanke p\u00e5 minst mulig belastning for hunden n\u00e5r den trekker en Nordic Cab pulk eller vogn.<\/p>\n\n\n\n<p>En god og komfortabel trekksele er viktig for at hunden skal yte optimalt. Det er mange anbefalinger ang\u00e5ende hundens begrensninger. Hvis du er usikker anbefaler vi at du konsulterer med din veterin\u00e6r. En generell anbefaling vi har er:<\/p>\n\n\n\n<ul class=\"wp-block-list\">\n<li>En normalt aktiv hund kan trekke det dobbelte av sin egen vekt<\/li>\n\n\n\n<li>En veltrent hund kan trekke tre ganger sin egen vekt.<\/li>\n\n\n\n<li>Det er veldig viktig at lasten er plassert slik at den skaper s\u00e5 lite&nbsp;vekt ned p\u00e5 hunden som mulig.<\/li>\n\n\n\n<li>Ha alltid hunden i b\u00e5nd for kontroll og sikkerhet.<\/li>\n\n\n\n<li>Tren med hunden flere ganger med en tom vogn, til du og hunden er komfortabel med vognen. Noen hunder liker ikke dette i det hele tatt og noen vil like dette med litt trening, og noen er skapt for \u00e5 gj\u00f8re dette.<\/li>\n\n\n\n<li>Vi anbefaler \u00e5 feste en line bak p\u00e5 vognen s\u00e5 du enkelt kan avlaste og holde igjen vognen i nedoverbakker<\/li>\n<\/ul>\n\n\n\n<p>At hunden kan trekke Nordic Cab har v\u00e6rt en viktig funksjon for oss og de f\u00f8rste utgavene av vognen p\u00e5 80-tallet var kun hundevogn. Sykkelvogn, pulk og andre funksjoner har kommet til. Etter en periode uten denne funksjonen var det veldig viktig for oss at l\u00f8sningen ble best mulig. Derfor var det ogs\u00e5 viktig for oss \u00e5 finne en dyktig partner i utviklingen som Non-stop Dogwear er.<\/p>\n","protected":false},"excerpt":{"rendered":"<table>\n<thead>\n<tr>\n<td><strong>St\u00f8rrelse<\/strong><\/td>\n<td>\u00a0<\/td>\n<td><strong>L<\/strong><\/td>\n<td><strong>XL<\/strong><\/td>\n<td><strong>XXL<\/strong><\/td>\n<\/tr>\n<\/thead>\n<tbody>\n<tr>\n<td>Nakkeomkrets<\/td>\n<td>\u00a0<\/td>\n<td>44-51 cm<\/td>\n<td>51-57\u00a0cm<\/td>\n<td>57-63\u00a0cm<\/td>\n<\/tr>\n<tr>\n<td>Brystm\u00e5l<\/td>\n<td>\u00a0<\/td>\n<td>59-92 cm<\/td>\n<td>67-102\u00a0cm<\/td>\n<td>70-112\u00a0cm<\/td>\n<\/tr>\n<\/tbody>\n<\/table>\n","protected":false},"featured_media":5503,"template":"","meta":{"_genesis_hide_title":false,"_genesis_hide_breadcrumbs":false,"_genesis_hide_singular_image":false,"_genesis_hide_footer_widgets":false,"_genesis_custom_body_class":"","_genesis_custom_post_class":"","_genesis_layout":""},"product_brand":[],"product_cat":[73,315,265],"product_tag":[702],"class_list":{"0":"post-4919","1":"product","2":"type-product","3":"status-publish","4":"has-post-thumbnail","6":"product_cat-barnepulk-sykkelvogn-baeremeis-utstyr-tilbehor-deler","7":"product_cat-hundevogn-sykkelvogn-hund-pulk","8":"product_cat-outlet-no","9":"product_tag-nordic-cab-tilbehor","10":"entry","12":"first","13":"instock","14":"sale","15":"taxable","16":"shipping-taxable","17":"purchasable","18":"product-type-variable"},"bundled_by":["4953"],"bundle_stock_status":"instock","bundle_stock_quantity":null,"bundle_virtual":false,"bundle_layout":"","bundle_add_to_cart_form_location":"","bundle_editable_in_cart":false,"bundle_sold_individually_context":"","bundle_item_grouping":"","bundle_min_size":"","bundle_max_size":"","bundle_price":[],"bundled_items":[],"bundle_sell_ids":[],"yoast_head":"<!-- This site is optimized with the Yoast SEO Premium plugin v26.0 (Yoast SEO v26.0) - https:\/\/yoast.com\/wordpress\/plugins\/seo\/ -->\n<title>Nordic Cab Hundesele - Nordic Cab<\/title>\n<meta name=\"description\" content=\"Spesialdesignet og solid hundesele utviklet i samarbeid med Non-stop Dogwear. Med denne gj\u00f8r du din Nordic Cab om til en hundevogn.\" \/>\n<meta name=\"robots\" content=\"index, follow, max-snippet:-1, max-image-preview:large, max-video-preview:-1\" \/>\n<link rel=\"canonical\" href=\"https:\/\/nordiccab.com\/no\/produkt\/hundesele\/\" \/>\n<meta property=\"og:locale\" content=\"nb_NO\" \/>\n<meta property=\"og:type\" content=\"article\" \/>\n<meta property=\"og:title\" content=\"Nordic Cab Hundesele\" \/>\n<meta property=\"og:description\" content=\"Spesialdesignet og solid hundesele utviklet i samarbeid med Non-stop Dogwear. Med denne gj\u00f8r du din Nordic Cab om til en hundevogn.\" \/>\n<meta property=\"og:url\" content=\"https:\/\/nordiccab.com\/no\/produkt\/hundesele\/\" \/>\n<meta property=\"og:site_name\" content=\"Nordic Cab\" \/>\n<meta property=\"article:publisher\" content=\"https:\/\/www.facebook.com\/nordiccab\" \/>\n<meta property=\"article:modified_time\" content=\"2025-08-24T13:47:33+00:00\" \/>\n<meta property=\"og:image\" content=\"https:\/\/nordiccab.com\/wp-content\/uploads\/2022\/07\/Dog-harness-4.jpg\" \/>\n\t<meta property=\"og:image:width\" content=\"1000\" \/>\n\t<meta property=\"og:image:height\" content=\"1000\" \/>\n\t<meta property=\"og:image:type\" content=\"image\/jpeg\" \/>\n<meta name=\"twitter:card\" content=\"summary_large_image\" \/>\n<meta name=\"twitter:label1\" content=\"Ansl. lesetid\" \/>\n\t<meta name=\"twitter:data1\" content=\"2 minutter\" \/>\n<script type=\"application\/ld+json\" class=\"yoast-schema-graph\">{\"@context\":\"https:\/\/schema.org\",\"@graph\":[{\"@type\":\"WebPage\",\"@id\":\"https:\/\/nordiccab.com\/no\/produkt\/hundesele\/\",\"url\":\"https:\/\/nordiccab.com\/no\/produkt\/hundesele\/\",\"name\":\"Nordic Cab Hundesele - Nordic Cab\",\"isPartOf\":{\"@id\":\"https:\/\/nordiccab.com\/no\/#website\"},\"primaryImageOfPage\":{\"@id\":\"https:\/\/nordiccab.com\/no\/produkt\/hundesele\/#primaryimage\"},\"image\":{\"@id\":\"https:\/\/nordiccab.com\/no\/produkt\/hundesele\/#primaryimage\"},\"thumbnailUrl\":\"https:\/\/nordiccab.com\/wp-content\/uploads\/2022\/07\/Dog-harness-4.jpg\",\"datePublished\":\"2024-05-22T13:52:00+00:00\",\"dateModified\":\"2025-08-24T13:47:33+00:00\",\"description\":\"Spesialdesignet og solid hundesele utviklet i samarbeid med Non-stop Dogwear. Med denne gj\u00f8r du din Nordic Cab om til en hundevogn.\",\"breadcrumb\":{\"@id\":\"https:\/\/nordiccab.com\/no\/produkt\/hundesele\/#breadcrumb\"},\"inLanguage\":\"nb-NO\",\"potentialAction\":[{\"@type\":\"ReadAction\",\"target\":[\"https:\/\/nordiccab.com\/no\/produkt\/hundesele\/\"]}]},{\"@type\":\"ImageObject\",\"inLanguage\":\"nb-NO\",\"@id\":\"https:\/\/nordiccab.com\/no\/produkt\/hundesele\/#primaryimage\",\"url\":\"https:\/\/nordiccab.com\/wp-content\/uploads\/2022\/07\/Dog-harness-4.jpg\",\"contentUrl\":\"https:\/\/nordiccab.com\/wp-content\/uploads\/2022\/07\/Dog-harness-4.jpg\",\"width\":1000,\"height\":1000,\"caption\":\"Trekksele for hund, spesialdesignet i samarbeid med Non Stop Dogwear for trekk av Nordic Cab Explorer vogn eller pulk\"},{\"@type\":\"BreadcrumbList\",\"@id\":\"https:\/\/nordiccab.com\/no\/produkt\/hundesele\/#breadcrumb\",\"itemListElement\":[{\"@type\":\"ListItem\",\"position\":1,\"name\":\"Home\",\"item\":\"https:\/\/nordiccab.com\/no\/\"},{\"@type\":\"ListItem\",\"position\":2,\"name\":\"Produkter\",\"item\":\"https:\/\/nordiccab.com\/no\/butikk\/\"},{\"@type\":\"ListItem\",\"position\":3,\"name\":\"Nordic Cab Hundesele\"}]},{\"@type\":\"WebSite\",\"@id\":\"https:\/\/nordiccab.com\/no\/#website\",\"url\":\"https:\/\/nordiccab.com\/no\/\",\"name\":\"Nordic Cab\",\"description\":\"Start Life Exploring\",\"publisher\":{\"@id\":\"https:\/\/nordiccab.com\/no\/#organization\"},\"potentialAction\":[{\"@type\":\"SearchAction\",\"target\":{\"@type\":\"EntryPoint\",\"urlTemplate\":\"https:\/\/nordiccab.com\/no\/?s={search_term_string}\"},\"query-input\":{\"@type\":\"PropertyValueSpecification\",\"valueRequired\":true,\"valueName\":\"search_term_string\"}}],\"inLanguage\":\"nb-NO\"},{\"@type\":\"Organization\",\"@id\":\"https:\/\/nordiccab.com\/no\/#organization\",\"name\":\"Nordic Cab Solutions AS\",\"url\":\"https:\/\/nordiccab.com\/no\/\",\"logo\":{\"@type\":\"ImageObject\",\"inLanguage\":\"nb-NO\",\"@id\":\"https:\/\/nordiccab.com\/no\/#\/schema\/logo\/image\/\",\"url\":\"https:\/\/nordiccab.com\/wp-content\/uploads\/2022\/02\/NC-logo.svg\",\"contentUrl\":\"https:\/\/nordiccab.com\/wp-content\/uploads\/2022\/02\/NC-logo.svg\",\"width\":1,\"height\":1,\"caption\":\"Nordic Cab Solutions AS\"},\"image\":{\"@id\":\"https:\/\/nordiccab.com\/no\/#\/schema\/logo\/image\/\"},\"sameAs\":[\"https:\/\/www.facebook.com\/nordiccab\"]}]}<\/script>\n<!-- \/ Yoast SEO Premium plugin. -->","yoast_head_json":{"title":"Nordic Cab Hundesele - Nordic Cab","description":"Spesialdesignet og solid hundesele utviklet i samarbeid med Non-stop Dogwear. Med denne gj\u00f8r du din Nordic Cab om til en hundevogn.","robots":{"index":"index","follow":"follow","max-snippet":"max-snippet:-1","max-image-preview":"max-image-preview:large","max-video-preview":"max-video-preview:-1"},"canonical":"https:\/\/nordiccab.com\/no\/produkt\/hundesele\/","og_locale":"nb_NO","og_type":"article","og_title":"Nordic Cab Hundesele","og_description":"Spesialdesignet og solid hundesele utviklet i samarbeid med Non-stop Dogwear. Med denne gj\u00f8r du din Nordic Cab om til en hundevogn.","og_url":"https:\/\/nordiccab.com\/no\/produkt\/hundesele\/","og_site_name":"Nordic Cab","article_publisher":"https:\/\/www.facebook.com\/nordiccab","article_modified_time":"2025-08-24T13:47:33+00:00","og_image":[{"width":1000,"height":1000,"url":"https:\/\/nordiccab.com\/wp-content\/uploads\/2022\/07\/Dog-harness-4.jpg","type":"image\/jpeg"}],"twitter_card":"summary_large_image","twitter_misc":{"Ansl. lesetid":"2 minutter"},"schema":{"@context":"https:\/\/schema.org","@graph":[{"@type":"WebPage","@id":"https:\/\/nordiccab.com\/no\/produkt\/hundesele\/","url":"https:\/\/nordiccab.com\/no\/produkt\/hundesele\/","name":"Nordic Cab Hundesele - Nordic Cab","isPartOf":{"@id":"https:\/\/nordiccab.com\/no\/#website"},"primaryImageOfPage":{"@id":"https:\/\/nordiccab.com\/no\/produkt\/hundesele\/#primaryimage"},"image":{"@id":"https:\/\/nordiccab.com\/no\/produkt\/hundesele\/#primaryimage"},"thumbnailUrl":"https:\/\/nordiccab.com\/wp-content\/uploads\/2022\/07\/Dog-harness-4.jpg","datePublished":"2024-05-22T13:52:00+00:00","dateModified":"2025-08-24T13:47:33+00:00","description":"Spesialdesignet og solid hundesele utviklet i samarbeid med Non-stop Dogwear. Med denne gj\u00f8r du din Nordic Cab om til en hundevogn.","breadcrumb":{"@id":"https:\/\/nordiccab.com\/no\/produkt\/hundesele\/#breadcrumb"},"inLanguage":"nb-NO","potentialAction":[{"@type":"ReadAction","target":["https:\/\/nordiccab.com\/no\/produkt\/hundesele\/"]}]},{"@type":"ImageObject","inLanguage":"nb-NO","@id":"https:\/\/nordiccab.com\/no\/produkt\/hundesele\/#primaryimage","url":"https:\/\/nordiccab.com\/wp-content\/uploads\/2022\/07\/Dog-harness-4.jpg","contentUrl":"https:\/\/nordiccab.com\/wp-content\/uploads\/2022\/07\/Dog-harness-4.jpg","width":1000,"height":1000,"caption":"Trekksele for hund, spesialdesignet i samarbeid med Non Stop Dogwear for trekk av Nordic Cab Explorer vogn eller pulk"},{"@type":"BreadcrumbList","@id":"https:\/\/nordiccab.com\/no\/produkt\/hundesele\/#breadcrumb","itemListElement":[{"@type":"ListItem","position":1,"name":"Home","item":"https:\/\/nordiccab.com\/no\/"},{"@type":"ListItem","position":2,"name":"Produkter","item":"https:\/\/nordiccab.com\/no\/butikk\/"},{"@type":"ListItem","position":3,"name":"Nordic Cab Hundesele"}]},{"@type":"WebSite","@id":"https:\/\/nordiccab.com\/no\/#website","url":"https:\/\/nordiccab.com\/no\/","name":"Nordic Cab","description":"Start Life Exploring","publisher":{"@id":"https:\/\/nordiccab.com\/no\/#organization"},"potentialAction":[{"@type":"SearchAction","target":{"@type":"EntryPoint","urlTemplate":"https:\/\/nordiccab.com\/no\/?s={search_term_string}"},"query-input":{"@type":"PropertyValueSpecification","valueRequired":true,"valueName":"search_term_string"}}],"inLanguage":"nb-NO"},{"@type":"Organization","@id":"https:\/\/nordiccab.com\/no\/#organization","name":"Nordic Cab Solutions AS","url":"https:\/\/nordiccab.com\/no\/","logo":{"@type":"ImageObject","inLanguage":"nb-NO","@id":"https:\/\/nordiccab.com\/no\/#\/schema\/logo\/image\/","url":"https:\/\/nordiccab.com\/wp-content\/uploads\/2022\/02\/NC-logo.svg","contentUrl":"https:\/\/nordiccab.com\/wp-content\/uploads\/2022\/02\/NC-logo.svg","width":1,"height":1,"caption":"Nordic Cab Solutions AS"},"image":{"@id":"https:\/\/nordiccab.com\/no\/#\/schema\/logo\/image\/"},"sameAs":["https:\/\/www.facebook.com\/nordiccab"]}]}},"_links":{"self":[{"href":"https:\/\/nordiccab.com\/no\/wp-json\/wp\/v2\/product\/4919","targetHints":{"allow":["GET"]}}],"collection":[{"href":"https:\/\/nordiccab.com\/no\/wp-json\/wp\/v2\/product"}],"about":[{"href":"https:\/\/nordiccab.com\/no\/wp-json\/wp\/v2\/types\/product"}],"wp:featuredmedia":[{"embeddable":true,"href":"https:\/\/nordiccab.com\/no\/wp-json\/wp\/v2\/media\/5503"}],"wp:attachment":[{"href":"https:\/\/nordiccab.com\/no\/wp-json\/wp\/v2\/media?parent=4919"}],"wp:term":[{"taxonomy":"product_brand","embeddable":true,"href":"https:\/\/nordiccab.com\/no\/wp-json\/wp\/v2\/product_brand?post=4919"},{"taxonomy":"product_cat","embeddable":true,"href":"https:\/\/nordiccab.com\/no\/wp-json\/wp\/v2\/product_cat?post=4919"},{"taxonomy":"product_tag","embeddable":true,"href":"https:\/\/nordiccab.com\/no\/wp-json\/wp\/v2\/product_tag?post=4919"}],"curies":[{"name":"wp","href":"https:\/\/api.w.org\/{rel}","templated":true}]}}