{"id":3404,"date":"2022-05-18T15:50:43","date_gmt":"2022-05-18T13:51:35","guid":{"rendered":"https:\/\/nordiccab.com\/?post_type=product&#038;p=3404"},"modified":"2024-10-24T09:51:31","modified_gmt":"2024-10-24T07:51:31","slug":"sikkerhetssele-babysete","status":"publish","type":"product","link":"https:\/\/nordiccab.com\/no\/produkt\/sikkerhetssele-babysete\/","title":{"rendered":"Nordic Cab &#8211; Sikkerhetssele til Babysete"},"content":{"rendered":"\n<h2 class=\"wp-block-heading has-large-font-size\" id=\"h-sele-til-nordic-cab-babysete\">Sele til Nordic Cab babysete<\/h2>\n\n\n\n<p>Trenger du ny eller \u00e5 skifte ut selen p\u00e5 ditt babysete,<br>s\u00e5 vil denne passe alle Nordic Cab babyseter.<\/p>\n\n\n\n<h3 class=\"wp-block-heading has-normal-font-size\" id=\"h-gjenbruk-og-langvarig-kvalitet-reservedeler-til-nordic-cab\">Gjenbruk og langvarig kvalitet: Reservedeler til Nordic Cab<\/h3>\n\n\n\n<p>Nyttige lenker:<\/p>\n\n\n\n<ul class=\"wp-block-list\">\n<li><a href=\"https:\/\/nordiccab.com\/no\/kjope-brukt\/\">Hviklen \u00e5rsmodell\/ modell har jeg?<\/a><\/li>\n\n\n\n<li><a href=\"https:\/\/nordiccab.com\/no\/kjope-brukt\/\">Kj\u00f8pe brukt Nordic Cab<\/a><\/li>\n\n\n\n<li><a href=\"https:\/\/blog.nordiccab.com\/inspirasjon\/2024\/klargjoring-av-sykkelvogn-for-sykkelsesongen-en-komplett-vedlikeholdsguide\/\">Vedlikeholdsguide<\/a><\/li>\n<\/ul>\n\n\n\n<p>Nordic Cab er forpliktet til \u00e5 levere produkter av h\u00f8y kvalitet som varer lenge og er enkle \u00e5 vedlikeholde. Produktet skal kunne brukes lenge, b\u00e5de som sykkelvogn, barnepulk og mye annet. En av v\u00e5re styrker er tilgjengeligheten av reservedeler for v\u00e5re produkter. Dette gj\u00f8r det enkelt \u00e5 erstatte slitedeler og forlenge levetiden til ditt Nordic Cab-produkt.<\/p>\n\n\n\n<p>Nesten alle deler til Nordic Cab-produkter er tilgjengelige, og bytting av deler er en enkel prosess. Dette gj\u00f8r det mulig for deg \u00e5 vedlikeholde din Nordic Cab vogn p\u00e5 en kostnadseffektiv m\u00e5te og sikrer at den forblir i topp stand gjennom \u00e5rene.<\/p>\n\n\n\n<p>V\u00e5r filosofi om \u00e5 tilby reservedeler st\u00f8tter opp om gjenbruk og bidrar til \u00e5 opprettholde h\u00f8y bruks- og salgsverdi for Nordic Cab-produkter. Vi forst\u00e5r viktigheten av \u00e5 kunne reparere og vedlikeholde produktene v\u00e5re over tid. Derfor streber vi etter \u00e5 ha deler tilgjengelige i minst 10 \u00e5r etter produksjonsdatoen.<\/p>\n\n\n\n<p>Enten det er snakk om hjul, seter, trekk eller andre deler, kan du v\u00e6re trygg p\u00e5 at Nordic Cab har deg dekket. Utforsk v\u00e5rt utvalg av <a href=\"https:\/\/nordiccab.com\/no\/produktkategori\/reservedeler-nordic-cab-sykkelvogn-pulk\/\">reservedeler<\/a>.<\/p>\n\n\n\n<p>Om du ikke finner det du trenger eller er usikker p\u00e5 hva som er rett for din Nordic Cab, er det bare \u00e5 kontakte oss. Send oss gjerne mail (info@ncsolutions.no) med bilde som viser det du trenger.<\/p>\n","protected":false},"excerpt":{"rendered":"<p>Selesett til Nordic Cab <a href=\"https:\/\/nordiccab.com\/no\/produkt\/babysete\/\">Babysete<\/a><\/p>\n","protected":false},"featured_media":3401,"template":"","meta":{"_genesis_hide_title":false,"_genesis_hide_breadcrumbs":false,"_genesis_hide_singular_image":false,"_genesis_hide_footer_widgets":false,"_genesis_custom_body_class":"","_genesis_custom_post_class":"","_genesis_layout":""},"product_brand":[],"product_cat":[89],"product_tag":[],"class_list":{"0":"post-3404","1":"product","2":"type-product","3":"status-publish","4":"has-post-thumbnail","6":"product_cat-ukategorisert-no","7":"entry","9":"first","10":"outofstock","11":"taxable","12":"shipping-taxable","13":"purchasable","14":"product-type-variable"},"bundled_by":[],"bundle_stock_status":"outofstock","bundle_stock_quantity":null,"bundle_virtual":false,"bundle_layout":"","bundle_add_to_cart_form_location":"","bundle_editable_in_cart":false,"bundle_sold_individually_context":"","bundle_item_grouping":"","bundle_min_size":"","bundle_max_size":"","bundle_price":[],"bundled_items":[],"bundle_sell_ids":[],"yoast_head":"<!-- This site is optimized with the Yoast SEO Premium plugin v26.0 (Yoast SEO v26.0) - https:\/\/yoast.com\/wordpress\/plugins\/seo\/ -->\n<title>Nordic Cab - Sikkerhetssele til Babysete - Nordic Cab<\/title>\n<meta name=\"description\" content=\"Nordic cab sikkerhetssele til babysete\" \/>\n<meta name=\"robots\" content=\"index, follow, max-snippet:-1, max-image-preview:large, max-video-preview:-1\" \/>\n<link rel=\"canonical\" href=\"https:\/\/nordiccab.com\/no\/produkt\/sikkerhetssele-babysete\/\" \/>\n<meta property=\"og:locale\" content=\"nb_NO\" \/>\n<meta property=\"og:type\" content=\"article\" \/>\n<meta property=\"og:title\" content=\"Nordic Cab - Sikkerhetssele til Babysete\" \/>\n<meta property=\"og:description\" content=\"Nordic cab sikkerhetssele til babysete\" \/>\n<meta property=\"og:url\" content=\"https:\/\/nordiccab.com\/no\/produkt\/sikkerhetssele-babysete\/\" \/>\n<meta property=\"og:site_name\" content=\"Nordic Cab\" \/>\n<meta property=\"article:publisher\" content=\"https:\/\/www.facebook.com\/nordiccab\" \/>\n<meta property=\"article:modified_time\" content=\"2024-10-24T07:51:31+00:00\" \/>\n<meta property=\"og:image\" content=\"https:\/\/nordiccab.com\/wp-content\/uploads\/2022\/05\/Sikkerhetssele-Babysete-Orange.jpg\" \/>\n\t<meta property=\"og:image:width\" content=\"1000\" \/>\n\t<meta property=\"og:image:height\" content=\"1000\" \/>\n\t<meta property=\"og:image:type\" content=\"image\/jpeg\" \/>\n<meta name=\"twitter:card\" content=\"summary_large_image\" \/>\n<meta name=\"twitter:label1\" content=\"Ansl. lesetid\" \/>\n\t<meta name=\"twitter:data1\" content=\"2 minutter\" \/>\n<script type=\"application\/ld+json\" class=\"yoast-schema-graph\">{\"@context\":\"https:\/\/schema.org\",\"@graph\":[{\"@type\":\"WebPage\",\"@id\":\"https:\/\/nordiccab.com\/no\/produkt\/sikkerhetssele-babysete\/\",\"url\":\"https:\/\/nordiccab.com\/no\/produkt\/sikkerhetssele-babysete\/\",\"name\":\"Nordic Cab - Sikkerhetssele til Babysete - Nordic Cab\",\"isPartOf\":{\"@id\":\"https:\/\/nordiccab.com\/no\/#website\"},\"primaryImageOfPage\":{\"@id\":\"https:\/\/nordiccab.com\/no\/produkt\/sikkerhetssele-babysete\/#primaryimage\"},\"image\":{\"@id\":\"https:\/\/nordiccab.com\/no\/produkt\/sikkerhetssele-babysete\/#primaryimage\"},\"thumbnailUrl\":\"https:\/\/nordiccab.com\/wp-content\/uploads\/2022\/05\/Sikkerhetssele-Babysete-Orange.jpg\",\"datePublished\":\"2022-05-18T13:51:35+00:00\",\"dateModified\":\"2024-10-24T07:51:31+00:00\",\"description\":\"Nordic cab sikkerhetssele til babysete\",\"breadcrumb\":{\"@id\":\"https:\/\/nordiccab.com\/no\/produkt\/sikkerhetssele-babysete\/#breadcrumb\"},\"inLanguage\":\"nb-NO\",\"potentialAction\":[{\"@type\":\"ReadAction\",\"target\":[\"https:\/\/nordiccab.com\/no\/produkt\/sikkerhetssele-babysete\/\"]}]},{\"@type\":\"ImageObject\",\"inLanguage\":\"nb-NO\",\"@id\":\"https:\/\/nordiccab.com\/no\/produkt\/sikkerhetssele-babysete\/#primaryimage\",\"url\":\"https:\/\/nordiccab.com\/wp-content\/uploads\/2022\/05\/Sikkerhetssele-Babysete-Orange.jpg\",\"contentUrl\":\"https:\/\/nordiccab.com\/wp-content\/uploads\/2022\/05\/Sikkerhetssele-Babysete-Orange.jpg\",\"width\":1000,\"height\":1000,\"caption\":\"Sikkerhetssele til Babysete\"},{\"@type\":\"BreadcrumbList\",\"@id\":\"https:\/\/nordiccab.com\/no\/produkt\/sikkerhetssele-babysete\/#breadcrumb\",\"itemListElement\":[{\"@type\":\"ListItem\",\"position\":1,\"name\":\"Home\",\"item\":\"https:\/\/nordiccab.com\/no\/\"},{\"@type\":\"ListItem\",\"position\":2,\"name\":\"Produkter\",\"item\":\"https:\/\/nordiccab.com\/no\/butikk\/\"},{\"@type\":\"ListItem\",\"position\":3,\"name\":\"Nordic Cab &#8211; Sikkerhetssele til Babysete\"}]},{\"@type\":\"WebSite\",\"@id\":\"https:\/\/nordiccab.com\/no\/#website\",\"url\":\"https:\/\/nordiccab.com\/no\/\",\"name\":\"Nordic Cab\",\"description\":\"Start Life Exploring\",\"publisher\":{\"@id\":\"https:\/\/nordiccab.com\/no\/#organization\"},\"potentialAction\":[{\"@type\":\"SearchAction\",\"target\":{\"@type\":\"EntryPoint\",\"urlTemplate\":\"https:\/\/nordiccab.com\/no\/?s={search_term_string}\"},\"query-input\":{\"@type\":\"PropertyValueSpecification\",\"valueRequired\":true,\"valueName\":\"search_term_string\"}}],\"inLanguage\":\"nb-NO\"},{\"@type\":\"Organization\",\"@id\":\"https:\/\/nordiccab.com\/no\/#organization\",\"name\":\"Nordic Cab Solutions AS\",\"url\":\"https:\/\/nordiccab.com\/no\/\",\"logo\":{\"@type\":\"ImageObject\",\"inLanguage\":\"nb-NO\",\"@id\":\"https:\/\/nordiccab.com\/no\/#\/schema\/logo\/image\/\",\"url\":\"https:\/\/nordiccab.com\/wp-content\/uploads\/2022\/02\/NC-logo.svg\",\"contentUrl\":\"https:\/\/nordiccab.com\/wp-content\/uploads\/2022\/02\/NC-logo.svg\",\"width\":1,\"height\":1,\"caption\":\"Nordic Cab Solutions AS\"},\"image\":{\"@id\":\"https:\/\/nordiccab.com\/no\/#\/schema\/logo\/image\/\"},\"sameAs\":[\"https:\/\/www.facebook.com\/nordiccab\"]}]}<\/script>\n<!-- \/ Yoast SEO Premium plugin. -->","yoast_head_json":{"title":"Nordic Cab - Sikkerhetssele til Babysete - Nordic Cab","description":"Nordic cab sikkerhetssele til babysete","robots":{"index":"index","follow":"follow","max-snippet":"max-snippet:-1","max-image-preview":"max-image-preview:large","max-video-preview":"max-video-preview:-1"},"canonical":"https:\/\/nordiccab.com\/no\/produkt\/sikkerhetssele-babysete\/","og_locale":"nb_NO","og_type":"article","og_title":"Nordic Cab - Sikkerhetssele til Babysete","og_description":"Nordic cab sikkerhetssele til babysete","og_url":"https:\/\/nordiccab.com\/no\/produkt\/sikkerhetssele-babysete\/","og_site_name":"Nordic Cab","article_publisher":"https:\/\/www.facebook.com\/nordiccab","article_modified_time":"2024-10-24T07:51:31+00:00","og_image":[{"width":1000,"height":1000,"url":"https:\/\/nordiccab.com\/wp-content\/uploads\/2022\/05\/Sikkerhetssele-Babysete-Orange.jpg","type":"image\/jpeg"}],"twitter_card":"summary_large_image","twitter_misc":{"Ansl. lesetid":"2 minutter"},"schema":{"@context":"https:\/\/schema.org","@graph":[{"@type":"WebPage","@id":"https:\/\/nordiccab.com\/no\/produkt\/sikkerhetssele-babysete\/","url":"https:\/\/nordiccab.com\/no\/produkt\/sikkerhetssele-babysete\/","name":"Nordic Cab - Sikkerhetssele til Babysete - Nordic Cab","isPartOf":{"@id":"https:\/\/nordiccab.com\/no\/#website"},"primaryImageOfPage":{"@id":"https:\/\/nordiccab.com\/no\/produkt\/sikkerhetssele-babysete\/#primaryimage"},"image":{"@id":"https:\/\/nordiccab.com\/no\/produkt\/sikkerhetssele-babysete\/#primaryimage"},"thumbnailUrl":"https:\/\/nordiccab.com\/wp-content\/uploads\/2022\/05\/Sikkerhetssele-Babysete-Orange.jpg","datePublished":"2022-05-18T13:51:35+00:00","dateModified":"2024-10-24T07:51:31+00:00","description":"Nordic cab sikkerhetssele til babysete","breadcrumb":{"@id":"https:\/\/nordiccab.com\/no\/produkt\/sikkerhetssele-babysete\/#breadcrumb"},"inLanguage":"nb-NO","potentialAction":[{"@type":"ReadAction","target":["https:\/\/nordiccab.com\/no\/produkt\/sikkerhetssele-babysete\/"]}]},{"@type":"ImageObject","inLanguage":"nb-NO","@id":"https:\/\/nordiccab.com\/no\/produkt\/sikkerhetssele-babysete\/#primaryimage","url":"https:\/\/nordiccab.com\/wp-content\/uploads\/2022\/05\/Sikkerhetssele-Babysete-Orange.jpg","contentUrl":"https:\/\/nordiccab.com\/wp-content\/uploads\/2022\/05\/Sikkerhetssele-Babysete-Orange.jpg","width":1000,"height":1000,"caption":"Sikkerhetssele til Babysete"},{"@type":"BreadcrumbList","@id":"https:\/\/nordiccab.com\/no\/produkt\/sikkerhetssele-babysete\/#breadcrumb","itemListElement":[{"@type":"ListItem","position":1,"name":"Home","item":"https:\/\/nordiccab.com\/no\/"},{"@type":"ListItem","position":2,"name":"Produkter","item":"https:\/\/nordiccab.com\/no\/butikk\/"},{"@type":"ListItem","position":3,"name":"Nordic Cab &#8211; Sikkerhetssele til Babysete"}]},{"@type":"WebSite","@id":"https:\/\/nordiccab.com\/no\/#website","url":"https:\/\/nordiccab.com\/no\/","name":"Nordic Cab","description":"Start Life Exploring","publisher":{"@id":"https:\/\/nordiccab.com\/no\/#organization"},"potentialAction":[{"@type":"SearchAction","target":{"@type":"EntryPoint","urlTemplate":"https:\/\/nordiccab.com\/no\/?s={search_term_string}"},"query-input":{"@type":"PropertyValueSpecification","valueRequired":true,"valueName":"search_term_string"}}],"inLanguage":"nb-NO"},{"@type":"Organization","@id":"https:\/\/nordiccab.com\/no\/#organization","name":"Nordic Cab Solutions AS","url":"https:\/\/nordiccab.com\/no\/","logo":{"@type":"ImageObject","inLanguage":"nb-NO","@id":"https:\/\/nordiccab.com\/no\/#\/schema\/logo\/image\/","url":"https:\/\/nordiccab.com\/wp-content\/uploads\/2022\/02\/NC-logo.svg","contentUrl":"https:\/\/nordiccab.com\/wp-content\/uploads\/2022\/02\/NC-logo.svg","width":1,"height":1,"caption":"Nordic Cab Solutions AS"},"image":{"@id":"https:\/\/nordiccab.com\/no\/#\/schema\/logo\/image\/"},"sameAs":["https:\/\/www.facebook.com\/nordiccab"]}]}},"_links":{"self":[{"href":"https:\/\/nordiccab.com\/no\/wp-json\/wp\/v2\/product\/3404","targetHints":{"allow":["GET"]}}],"collection":[{"href":"https:\/\/nordiccab.com\/no\/wp-json\/wp\/v2\/product"}],"about":[{"href":"https:\/\/nordiccab.com\/no\/wp-json\/wp\/v2\/types\/product"}],"wp:featuredmedia":[{"embeddable":true,"href":"https:\/\/nordiccab.com\/no\/wp-json\/wp\/v2\/media\/3401"}],"wp:attachment":[{"href":"https:\/\/nordiccab.com\/no\/wp-json\/wp\/v2\/media?parent=3404"}],"wp:term":[{"taxonomy":"product_brand","embeddable":true,"href":"https:\/\/nordiccab.com\/no\/wp-json\/wp\/v2\/product_brand?post=3404"},{"taxonomy":"product_cat","embeddable":true,"href":"https:\/\/nordiccab.com\/no\/wp-json\/wp\/v2\/product_cat?post=3404"},{"taxonomy":"product_tag","embeddable":true,"href":"https:\/\/nordiccab.com\/no\/wp-json\/wp\/v2\/product_tag?post=3404"}],"curies":[{"name":"wp","href":"https:\/\/api.w.org\/{rel}","templated":true}]}}