{"id":25718,"date":"2024-09-19T14:23:00","date_gmt":"2025-01-30T13:27:35","guid":{"rendered":"https:\/\/nordiccab.com\/?post_type=product&#038;p=25718"},"modified":"2025-01-30T14:27:37","modified_gmt":"2025-01-30T13:27:37","slug":"nordic-warm-pack-1","status":"publish","type":"product","link":"https:\/\/nordiccab.com\/no\/produkt\/nordic-warm-pack-1\/","title":{"rendered":"Nordic Warm Pack 1"},"content":{"rendered":"<p>Vi har satt sammen en perfekt vinterpakke for deg som vil sikre at b\u00e5de barnet og den som triller vognen holder seg varme p\u00e5 kalde dager. Denne pakken inneholder tre n\u00f8ye utvalgte produkter som gir optimal beskyttelse mot kulde:<\/p>\n<p>\u2705 Nordic Cab WarmGrip vognvotter \u2013 Isolerende og vindtette votter som festes direkte p\u00e5 h\u00e5ndtaket, slik at hendene dine holder seg varme p\u00e5 tur.<br \/>\n\u2705 Ullunderlag for ett barn \u2013 Et mykt og behagelig ullunderlag som regulerer temperaturen og holder barnet varmt og komfortabelt.<br \/>\n\u2705 Varmepose til pulk \u2013 En lun og isolert varmepose som gir ekstra beskyttelse i pulken, perfekt for kalde vinterdager.<\/p>\n<p>Med denne pakken f\u00e5r du alt du trenger for \u00e5 nyte utend\u00f8rsaktiviteter, enten det er trilleturer, skiturer eller pulkturer.<\/p>\n","protected":false},"excerpt":{"rendered":"<p>Vi har satt sammen den ultimate vinterpakken for \u00e5 sikre at b\u00e5de barnet og du holder dere varme p\u00e5 kalde dager. Pakken inneholder isolerende vognvotter, et mykt ullunderlag og en lun vinterpose \u2013 alt du trenger for komfortable trilleturer og pulkturer i vinterkulda!<\/p>\n","protected":false},"featured_media":25712,"template":"","meta":{"_genesis_hide_title":false,"_genesis_hide_breadcrumbs":false,"_genesis_hide_singular_image":false,"_genesis_hide_footer_widgets":false,"_genesis_custom_body_class":"","_genesis_custom_post_class":"","_genesis_layout":""},"product_brand":[],"product_cat":[89],"product_tag":[],"class_list":{"0":"post-25718","1":"product","2":"type-product","3":"status-publish","4":"has-post-thumbnail","6":"product_cat-ukategorisert-no","7":"entry","9":"first","10":"outofstock","11":"sale","12":"taxable","13":"shipping-taxable","14":"purchasable","15":"product-type-bundle"},"bundled_by":[],"bundle_stock_status":"outofstock","bundle_stock_quantity":0,"bundle_virtual":false,"bundle_layout":"default","bundle_add_to_cart_form_location":"default","bundle_editable_in_cart":false,"bundle_sold_individually_context":"product","bundle_item_grouping":"parent","bundle_min_size":"","bundle_max_size":"","bundle_price":{"price":{"min":{"incl_tax":"189","excl_tax":"151.2"},"max":{"incl_tax":"189","excl_tax":"151.2"}},"regular_price":{"min":{"incl_tax":"257","excl_tax":"205.6"},"max":{"incl_tax":"257","excl_tax":"205.6"}}},"bundled_items":[{"bundled_item_id":1102,"product_id":9652,"menu_order":0,"quantity_min":1,"quantity_max":1,"quantity_default":1,"priced_individually":false,"shipped_individually":false,"override_title":false,"title":"Nordic Cab &#8211; Ullunderlag for ett barn","override_description":true,"description":"","optional":false,"hide_thumbnail":false,"discount":"","override_variations":false,"allowed_variations":[""],"override_default_variation_attributes":false,"default_variation_attributes":[],"single_product_visibility":"visible","cart_visibility":"visible","order_visibility":"visible","single_product_price_visibility":"visible","cart_price_visibility":"visible","order_price_visibility":"visible","stock_status":"in_stock"},{"bundled_item_id":1103,"product_id":9664,"menu_order":1,"quantity_min":1,"quantity_max":1,"quantity_default":1,"priced_individually":false,"shipped_individually":false,"override_title":false,"title":"Nordic Cab &#8211; Varmepose","override_description":true,"description":"","optional":false,"hide_thumbnail":false,"discount":"","override_variations":false,"allowed_variations":[""],"override_default_variation_attributes":false,"default_variation_attributes":[],"single_product_visibility":"visible","cart_visibility":"visible","order_visibility":"visible","single_product_price_visibility":"visible","cart_price_visibility":"visible","order_price_visibility":"visible","stock_status":"in_stock"},{"bundled_item_id":1104,"product_id":8674,"menu_order":2,"quantity_min":1,"quantity_max":1,"quantity_default":1,"priced_individually":false,"shipped_individually":false,"override_title":false,"title":"Nordic Cab &#8211; WarmGrip Vognvotter","override_description":true,"description":"","optional":false,"hide_thumbnail":false,"discount":"","override_variations":false,"allowed_variations":[""],"override_default_variation_attributes":false,"default_variation_attributes":[],"single_product_visibility":"visible","cart_visibility":"visible","order_visibility":"visible","single_product_price_visibility":"visible","cart_price_visibility":"visible","order_price_visibility":"visible","stock_status":"on_backorder"}],"bundle_sell_ids":[],"yoast_head":"<!-- This site is optimized with the Yoast SEO Premium plugin v26.0 (Yoast SEO v26.0) - https:\/\/yoast.com\/wordpress\/plugins\/seo\/ -->\n<title>Nordic Warm Pack 1 - Nordic Cab<\/title>\n<meta name=\"description\" content=\"Vi har satt sammen den ultimate vinterpakken for \u00e5 sikre at b\u00e5de barnet og du holder dere varme p\u00e5 kalde dager. Pakken inneholder isolerende vognvotter, et mykt ullunderlag og en lun vinterpose \u2013 alt du trenger for komfortable trilleturer og pulkturer i vinterkulda!\" \/>\n<meta name=\"robots\" content=\"index, follow, max-snippet:-1, max-image-preview:large, max-video-preview:-1\" \/>\n<link rel=\"canonical\" href=\"https:\/\/nordiccab.com\/no\/produkt\/nordic-warm-pack-1\/\" \/>\n<meta property=\"og:locale\" content=\"nb_NO\" \/>\n<meta property=\"og:type\" content=\"article\" \/>\n<meta property=\"og:title\" content=\"Nordic Warm Pack 1\" \/>\n<meta property=\"og:description\" content=\"Vi har satt sammen den ultimate vinterpakken for \u00e5 sikre at b\u00e5de barnet og du holder dere varme p\u00e5 kalde dager. Pakken inneholder isolerende vognvotter, et mykt ullunderlag og en lun vinterpose \u2013 alt du trenger for komfortable trilleturer og pulkturer i vinterkulda!\" \/>\n<meta property=\"og:url\" content=\"https:\/\/nordiccab.com\/no\/produkt\/nordic-warm-pack-1\/\" \/>\n<meta property=\"og:site_name\" content=\"Nordic Cab\" \/>\n<meta property=\"article:publisher\" content=\"https:\/\/www.facebook.com\/nordiccab\" \/>\n<meta property=\"article:modified_time\" content=\"2025-01-30T13:27:37+00:00\" \/>\n<meta property=\"og:image\" content=\"https:\/\/nordiccab.com\/wp-content\/uploads\/2025\/01\/Varmepose-Ullunderlag-1-barn-og-Handmuffer.jpg\" \/>\n\t<meta property=\"og:image:width\" content=\"1000\" \/>\n\t<meta property=\"og:image:height\" content=\"1000\" \/>\n\t<meta property=\"og:image:type\" content=\"image\/jpeg\" \/>\n<meta name=\"twitter:card\" content=\"summary_large_image\" \/>\n<meta name=\"twitter:label1\" content=\"Ansl. lesetid\" \/>\n\t<meta name=\"twitter:data1\" content=\"1 minutt\" \/>\n<script type=\"application\/ld+json\" class=\"yoast-schema-graph\">{\"@context\":\"https:\/\/schema.org\",\"@graph\":[{\"@type\":\"WebPage\",\"@id\":\"https:\/\/nordiccab.com\/no\/produkt\/nordic-warm-pack-1\/\",\"url\":\"https:\/\/nordiccab.com\/no\/produkt\/nordic-warm-pack-1\/\",\"name\":\"Nordic Warm Pack 1 - Nordic Cab\",\"isPartOf\":{\"@id\":\"https:\/\/nordiccab.com\/no\/#website\"},\"primaryImageOfPage\":{\"@id\":\"https:\/\/nordiccab.com\/no\/produkt\/nordic-warm-pack-1\/#primaryimage\"},\"image\":{\"@id\":\"https:\/\/nordiccab.com\/no\/produkt\/nordic-warm-pack-1\/#primaryimage\"},\"thumbnailUrl\":\"https:\/\/nordiccab.com\/wp-content\/uploads\/2025\/01\/Varmepose-Ullunderlag-1-barn-og-Handmuffer.jpg\",\"datePublished\":\"2025-01-30T13:27:35+00:00\",\"dateModified\":\"2025-01-30T13:27:37+00:00\",\"description\":\"Vi har satt sammen den ultimate vinterpakken for \u00e5 sikre at b\u00e5de barnet og du holder dere varme p\u00e5 kalde dager. Pakken inneholder isolerende vognvotter, et mykt ullunderlag og en lun vinterpose \u2013 alt du trenger for komfortable trilleturer og pulkturer i vinterkulda!\",\"breadcrumb\":{\"@id\":\"https:\/\/nordiccab.com\/no\/produkt\/nordic-warm-pack-1\/#breadcrumb\"},\"inLanguage\":\"nb-NO\",\"potentialAction\":[{\"@type\":\"ReadAction\",\"target\":[\"https:\/\/nordiccab.com\/no\/produkt\/nordic-warm-pack-1\/\"]}]},{\"@type\":\"ImageObject\",\"inLanguage\":\"nb-NO\",\"@id\":\"https:\/\/nordiccab.com\/no\/produkt\/nordic-warm-pack-1\/#primaryimage\",\"url\":\"https:\/\/nordiccab.com\/wp-content\/uploads\/2025\/01\/Varmepose-Ullunderlag-1-barn-og-Handmuffer.jpg\",\"contentUrl\":\"https:\/\/nordiccab.com\/wp-content\/uploads\/2025\/01\/Varmepose-Ullunderlag-1-barn-og-Handmuffer.jpg\",\"width\":1000,\"height\":1000},{\"@type\":\"BreadcrumbList\",\"@id\":\"https:\/\/nordiccab.com\/no\/produkt\/nordic-warm-pack-1\/#breadcrumb\",\"itemListElement\":[{\"@type\":\"ListItem\",\"position\":1,\"name\":\"Home\",\"item\":\"https:\/\/nordiccab.com\/no\/\"},{\"@type\":\"ListItem\",\"position\":2,\"name\":\"Produkter\",\"item\":\"https:\/\/nordiccab.com\/no\/butikk\/\"},{\"@type\":\"ListItem\",\"position\":3,\"name\":\"Nordic Warm Pack 1\"}]},{\"@type\":\"WebSite\",\"@id\":\"https:\/\/nordiccab.com\/no\/#website\",\"url\":\"https:\/\/nordiccab.com\/no\/\",\"name\":\"Nordic Cab\",\"description\":\"Start Life Exploring\",\"publisher\":{\"@id\":\"https:\/\/nordiccab.com\/no\/#organization\"},\"potentialAction\":[{\"@type\":\"SearchAction\",\"target\":{\"@type\":\"EntryPoint\",\"urlTemplate\":\"https:\/\/nordiccab.com\/no\/?s={search_term_string}\"},\"query-input\":{\"@type\":\"PropertyValueSpecification\",\"valueRequired\":true,\"valueName\":\"search_term_string\"}}],\"inLanguage\":\"nb-NO\"},{\"@type\":\"Organization\",\"@id\":\"https:\/\/nordiccab.com\/no\/#organization\",\"name\":\"Nordic Cab Solutions AS\",\"url\":\"https:\/\/nordiccab.com\/no\/\",\"logo\":{\"@type\":\"ImageObject\",\"inLanguage\":\"nb-NO\",\"@id\":\"https:\/\/nordiccab.com\/no\/#\/schema\/logo\/image\/\",\"url\":\"https:\/\/nordiccab.com\/wp-content\/uploads\/2022\/02\/NC-logo.svg\",\"contentUrl\":\"https:\/\/nordiccab.com\/wp-content\/uploads\/2022\/02\/NC-logo.svg\",\"width\":1,\"height\":1,\"caption\":\"Nordic Cab Solutions AS\"},\"image\":{\"@id\":\"https:\/\/nordiccab.com\/no\/#\/schema\/logo\/image\/\"},\"sameAs\":[\"https:\/\/www.facebook.com\/nordiccab\"]}]}<\/script>\n<!-- \/ Yoast SEO Premium plugin. -->","yoast_head_json":{"title":"Nordic Warm Pack 1 - Nordic Cab","description":"Vi har satt sammen den ultimate vinterpakken for \u00e5 sikre at b\u00e5de barnet og du holder dere varme p\u00e5 kalde dager. Pakken inneholder isolerende vognvotter, et mykt ullunderlag og en lun vinterpose \u2013 alt du trenger for komfortable trilleturer og pulkturer i vinterkulda!","robots":{"index":"index","follow":"follow","max-snippet":"max-snippet:-1","max-image-preview":"max-image-preview:large","max-video-preview":"max-video-preview:-1"},"canonical":"https:\/\/nordiccab.com\/no\/produkt\/nordic-warm-pack-1\/","og_locale":"nb_NO","og_type":"article","og_title":"Nordic Warm Pack 1","og_description":"Vi har satt sammen den ultimate vinterpakken for \u00e5 sikre at b\u00e5de barnet og du holder dere varme p\u00e5 kalde dager. Pakken inneholder isolerende vognvotter, et mykt ullunderlag og en lun vinterpose \u2013 alt du trenger for komfortable trilleturer og pulkturer i vinterkulda!","og_url":"https:\/\/nordiccab.com\/no\/produkt\/nordic-warm-pack-1\/","og_site_name":"Nordic Cab","article_publisher":"https:\/\/www.facebook.com\/nordiccab","article_modified_time":"2025-01-30T13:27:37+00:00","og_image":[{"width":1000,"height":1000,"url":"https:\/\/nordiccab.com\/wp-content\/uploads\/2025\/01\/Varmepose-Ullunderlag-1-barn-og-Handmuffer.jpg","type":"image\/jpeg"}],"twitter_card":"summary_large_image","twitter_misc":{"Ansl. lesetid":"1 minutt"},"schema":{"@context":"https:\/\/schema.org","@graph":[{"@type":"WebPage","@id":"https:\/\/nordiccab.com\/no\/produkt\/nordic-warm-pack-1\/","url":"https:\/\/nordiccab.com\/no\/produkt\/nordic-warm-pack-1\/","name":"Nordic Warm Pack 1 - Nordic Cab","isPartOf":{"@id":"https:\/\/nordiccab.com\/no\/#website"},"primaryImageOfPage":{"@id":"https:\/\/nordiccab.com\/no\/produkt\/nordic-warm-pack-1\/#primaryimage"},"image":{"@id":"https:\/\/nordiccab.com\/no\/produkt\/nordic-warm-pack-1\/#primaryimage"},"thumbnailUrl":"https:\/\/nordiccab.com\/wp-content\/uploads\/2025\/01\/Varmepose-Ullunderlag-1-barn-og-Handmuffer.jpg","datePublished":"2025-01-30T13:27:35+00:00","dateModified":"2025-01-30T13:27:37+00:00","description":"Vi har satt sammen den ultimate vinterpakken for \u00e5 sikre at b\u00e5de barnet og du holder dere varme p\u00e5 kalde dager. Pakken inneholder isolerende vognvotter, et mykt ullunderlag og en lun vinterpose \u2013 alt du trenger for komfortable trilleturer og pulkturer i vinterkulda!","breadcrumb":{"@id":"https:\/\/nordiccab.com\/no\/produkt\/nordic-warm-pack-1\/#breadcrumb"},"inLanguage":"nb-NO","potentialAction":[{"@type":"ReadAction","target":["https:\/\/nordiccab.com\/no\/produkt\/nordic-warm-pack-1\/"]}]},{"@type":"ImageObject","inLanguage":"nb-NO","@id":"https:\/\/nordiccab.com\/no\/produkt\/nordic-warm-pack-1\/#primaryimage","url":"https:\/\/nordiccab.com\/wp-content\/uploads\/2025\/01\/Varmepose-Ullunderlag-1-barn-og-Handmuffer.jpg","contentUrl":"https:\/\/nordiccab.com\/wp-content\/uploads\/2025\/01\/Varmepose-Ullunderlag-1-barn-og-Handmuffer.jpg","width":1000,"height":1000},{"@type":"BreadcrumbList","@id":"https:\/\/nordiccab.com\/no\/produkt\/nordic-warm-pack-1\/#breadcrumb","itemListElement":[{"@type":"ListItem","position":1,"name":"Home","item":"https:\/\/nordiccab.com\/no\/"},{"@type":"ListItem","position":2,"name":"Produkter","item":"https:\/\/nordiccab.com\/no\/butikk\/"},{"@type":"ListItem","position":3,"name":"Nordic Warm Pack 1"}]},{"@type":"WebSite","@id":"https:\/\/nordiccab.com\/no\/#website","url":"https:\/\/nordiccab.com\/no\/","name":"Nordic Cab","description":"Start Life Exploring","publisher":{"@id":"https:\/\/nordiccab.com\/no\/#organization"},"potentialAction":[{"@type":"SearchAction","target":{"@type":"EntryPoint","urlTemplate":"https:\/\/nordiccab.com\/no\/?s={search_term_string}"},"query-input":{"@type":"PropertyValueSpecification","valueRequired":true,"valueName":"search_term_string"}}],"inLanguage":"nb-NO"},{"@type":"Organization","@id":"https:\/\/nordiccab.com\/no\/#organization","name":"Nordic Cab Solutions AS","url":"https:\/\/nordiccab.com\/no\/","logo":{"@type":"ImageObject","inLanguage":"nb-NO","@id":"https:\/\/nordiccab.com\/no\/#\/schema\/logo\/image\/","url":"https:\/\/nordiccab.com\/wp-content\/uploads\/2022\/02\/NC-logo.svg","contentUrl":"https:\/\/nordiccab.com\/wp-content\/uploads\/2022\/02\/NC-logo.svg","width":1,"height":1,"caption":"Nordic Cab Solutions AS"},"image":{"@id":"https:\/\/nordiccab.com\/no\/#\/schema\/logo\/image\/"},"sameAs":["https:\/\/www.facebook.com\/nordiccab"]}]}},"_links":{"self":[{"href":"https:\/\/nordiccab.com\/no\/wp-json\/wp\/v2\/product\/25718","targetHints":{"allow":["GET"]}}],"collection":[{"href":"https:\/\/nordiccab.com\/no\/wp-json\/wp\/v2\/product"}],"about":[{"href":"https:\/\/nordiccab.com\/no\/wp-json\/wp\/v2\/types\/product"}],"wp:featuredmedia":[{"embeddable":true,"href":"https:\/\/nordiccab.com\/no\/wp-json\/wp\/v2\/media\/25712"}],"wp:attachment":[{"href":"https:\/\/nordiccab.com\/no\/wp-json\/wp\/v2\/media?parent=25718"}],"wp:term":[{"taxonomy":"product_brand","embeddable":true,"href":"https:\/\/nordiccab.com\/no\/wp-json\/wp\/v2\/product_brand?post=25718"},{"taxonomy":"product_cat","embeddable":true,"href":"https:\/\/nordiccab.com\/no\/wp-json\/wp\/v2\/product_cat?post=25718"},{"taxonomy":"product_tag","embeddable":true,"href":"https:\/\/nordiccab.com\/no\/wp-json\/wp\/v2\/product_tag?post=25718"}],"curies":[{"name":"wp","href":"https:\/\/api.w.org\/{rel}","templated":true}]}}