{"id":24588,"date":"2023-12-14T05:37:00","date_gmt":"2024-12-14T05:25:49","guid":{"rendered":"https:\/\/nordiccab.com\/?post_type=product&#038;p=24588"},"modified":"2025-05-06T10:11:16","modified_gmt":"2025-05-06T08:11:16","slug":"pullpac-11m-pulk-for-stor-sekk","status":"publish","type":"product","link":"https:\/\/nordiccab.com\/no\/produkt\/pullpac-11m-pulk-for-stor-sekk\/","title":{"rendered":"Pullpac 11M | Pulk for stor sekk"},"content":{"rendered":"\n<h2 class=\"wp-block-heading has-large-font-size\" id=\"h-praktisk-og-solid-pulk-for-for-stor-sekk-og-krevende-turer\">Praktisk og solid pulk for for stor sekk og krevende turer<\/h2>\n\n\n\n<h3 class=\"wp-block-heading has-large-font-size\" id=\"h-robust-romslig-og-enkel-i-bruk\">Robust, romslig og enkel i bruk<\/h3>\n\n\n\n<p>Pullpac 11M er en lett og solid pulk som passer for deg som trenger en p\u00e5litelig l\u00f8sning for \u00e5 frakte st\u00f8rre sekker og tung oppakning. Denne pulken er spesielt egnet for lengre turer og vinterekspedisjoner, hvor stabilitet og plass er viktig.<\/p>\n\n\n\n<p>Den er tilpasset sekker med volum fra 80\u2013120 liter og gir en god opplevelse, selv under krevende forhold p\u00e5 sn\u00f8dekt underlag.<\/p>\n\n\n\n<figure class=\"wp-block-embed is-type-video is-provider-youtube wp-block-embed-youtube wp-embed-aspect-16-9 wp-has-aspect-ratio\"><div class=\"wp-block-embed__wrapper\">\n<iframe loading=\"lazy\" title=\"Jemtlander PullPac\" width=\"500\" height=\"281\" src=\"https:\/\/www.youtube.com\/embed\/z8lP452IKEE?feature=oembed\" frameborder=\"0\" allow=\"accelerometer; autoplay; clipboard-write; encrypted-media; gyroscope; picture-in-picture; web-share\" referrerpolicy=\"strict-origin-when-cross-origin\" allowfullscreen><\/iframe>\n<\/div><\/figure>\n\n\n\n<h2 class=\"wp-block-heading has-large-font-size\" id=\"h-viktige-egenskaper-for-pullpac-11m-pulk\">Viktige egenskaper for Pullpac 11M  pulk<\/h2>\n\n\n\n<ul class=\"wp-block-list\">\n<li><strong><mark style=\"background-color:rgba(0, 0, 0, 0)\" class=\"has-inline-color has-theme-primary-color\">Gjennomtenkt design: <\/mark><\/strong>Et robust pulkchassis laget for store sekker og tung oppakning. loads..<\/li>\n\n\n\n<li><strong><mark style=\"background-color:rgba(0, 0, 0, 0)\" class=\"has-inline-color has-theme-primary-color\">Lav vekt:<\/mark><\/strong> Totalvekt p\u00e5 kun 2,00 kg gir enkel h\u00e5ndtering uten \u00e5 g\u00e5 p\u00e5 kompromiss med styrke.<\/li>\n\n\n\n<li><strong><mark style=\"background-color:rgba(0, 0, 0, 0)\" class=\"has-inline-color has-theme-primary-color\">God stabilitet:<\/mark><\/strong> Fungerer godt p\u00e5 b\u00e5de sn\u00f8 og ujevnt terreng, ideelt for krevende friluftsliv.<\/li>\n\n\n\n<li><strong><mark style=\"background-color:rgba(0, 0, 0, 0)\" class=\"has-inline-color has-theme-primary-color\">Komplett pakke:<\/mark><\/strong> Leveres med chassis, drabelte, dragline med fj\u00e6ring og tre pakkestropper.<\/li>\n\n\n\n<li><mark style=\"background-color:rgba(0, 0, 0, 0)\" class=\"has-inline-color has-theme-primary-color\"><strong>Romslig: <\/strong><\/mark>Passer til sekker fra 80\u2013120 liter, perfekt for lengre turer med mye utstyr.<\/li>\n<\/ul>\n\n\n\n<h2 class=\"wp-block-heading has-large-font-size\" id=\"h-andre-alternativer-i-pullpac-pulk-serien\">Andre alternativer i Pullpac pulk -serien<\/h2>\n\n\n\n<p>Pullpac 11M er en del av en fleksibel produktserie tilpasset ulike behov:<\/p>\n\n\n\n<ul class=\"wp-block-list\">\n<li><strong><a href=\"https:\/\/nordiccab.com\/no\/produkt\/pullpac-8l-sammenleggbar-pulk\/\" target=\"_blank\" rel=\"noreferrer noopener\">Pullpac 8L<\/a>:<\/strong> En kompakt pulk for mindre sekker (50\u201370 liter), ideell for minimalistiske turg\u00e5ere.<\/li>\n\n\n\n<li><strong><a href=\"https:\/\/nordiccab.com\/no\/produkt\/pullpac-8m-ultralight-backpack-sled\/\" target=\"_blank\" rel=\"noreferrer noopener\">Pullpac <\/a><a href=\"https:\/\/nordiccab.com\/no\/produkt\/pullpac-8m-lett-pulk\/\" target=\"_blank\" rel=\"noreferrer noopener\">8<\/a><a href=\"https:\/\/nordiccab.com\/no\/produkt\/pullpac-8m-ultralight-backpack-sled\/\" target=\"_blank\" rel=\"noreferrer noopener\">M:<\/a><\/strong> En lett og allsidig pulk for mellomstore sekker (60\u201390 liter), egnet for variert terreng.<\/li>\n<\/ul>\n\n\n\n<h2 class=\"wp-block-heading has-large-font-size\" id=\"h-om-jemtlander-pulk-og-hilleberg-the-tentmaker\">Om Jemtlander pulk og Hilleberg the Tentmaker<\/h2>\n\n\n\n<p><a href=\"http:\/\/www.jemtlander.se\" target=\"_blank\" rel=\"noreferrer noopener\">Jemtlander<\/a>, er en del av det samme selskapet som Hilleberg the Tentmaker og deler deres fokus p\u00e5 kvalitet, innovasjon og holdbarhet. Begge merkene lager utstyr som friluftsentusiaster setter pris p\u00e5, kjent for sin h\u00f8ye standard og ytelse i t\u00f8ffe forhold. Pullpac 11M er produsert i Sverige og reflekterer denne tradisjonen gjennom solid h\u00e5ndverk og p\u00e5litelighet.<\/p>\n","protected":false},"excerpt":{"rendered":"<ul>\n<li><span style=\"color: #008000;\"><strong>Produsert i Sverige:<\/strong><\/span> Kvalitet og h\u00e5ndverk i toppklasse.<\/li>\n<li><strong><span style=\"color: #008000;\">Lett og robust:<\/span><\/strong> Veier kun 2,00 kg.<\/li>\n<li><span style=\"color: #008000;\"><strong>For store sekker:<\/strong><\/span> Passer 80\u2013120 liters sekker.<\/li>\n<li><span style=\"color: #008000;\"><strong>God stabilitet:<\/strong><\/span> Presterer godt p\u00e5 sn\u00f8 og ujevnt terreng.<\/li>\n<li><span style=\"color: #008000;\"><strong>Kompakt og enkel:<\/strong> <\/span>Kan rulles sammen for lagring.<\/li>\n<\/ul>\n","protected":false},"featured_media":24577,"template":"","meta":{"_genesis_hide_title":false,"_genesis_hide_breadcrumbs":false,"_genesis_hide_singular_image":false,"_genesis_hide_footer_widgets":false,"_genesis_custom_body_class":"","_genesis_custom_post_class":"","_genesis_layout":""},"product_brand":[],"product_cat":[89],"product_tag":[693,729],"class_list":{"0":"post-24588","1":"product","2":"type-product","3":"status-publish","4":"has-post-thumbnail","6":"product_cat-ukategorisert-no","7":"product_tag-jemtlander-no","8":"product_tag-produkt-stikkord-universelt-tilbehor","9":"entry","11":"first","12":"outofstock","13":"taxable","14":"shipping-taxable","15":"purchasable","16":"product-type-simple"},"bundled_by":[],"bundle_stock_status":"outofstock","bundle_stock_quantity":0,"bundle_virtual":false,"bundle_layout":"","bundle_add_to_cart_form_location":"","bundle_editable_in_cart":false,"bundle_sold_individually_context":"","bundle_item_grouping":"","bundle_min_size":"","bundle_max_size":"","bundle_price":[],"bundled_items":[],"bundle_sell_ids":[],"yoast_head":"<!-- This site is optimized with the Yoast SEO Premium plugin v26.0 (Yoast SEO v26.0) - https:\/\/yoast.com\/wordpress\/plugins\/seo\/ -->\n<title>Pullpac 11M | Praktisk og solid pulk for stor sekk<\/title>\n<meta name=\"description\" content=\"Oppdag Pullpac 11M, en praktisk og solid pulk for stor sekk (80\u2013120 liter). Perfekt for vinterturer og krevende forhold.\" \/>\n<meta name=\"robots\" content=\"index, follow, max-snippet:-1, max-image-preview:large, max-video-preview:-1\" \/>\n<link rel=\"canonical\" href=\"https:\/\/nordiccab.com\/no\/produkt\/pullpac-11m-pulk-for-stor-sekk\/\" \/>\n<meta property=\"og:locale\" content=\"nb_NO\" \/>\n<meta property=\"og:type\" content=\"article\" \/>\n<meta property=\"og:title\" content=\"Pullpac 11M | Pulk for stor sekk\" \/>\n<meta property=\"og:description\" content=\"Oppdag Pullpac 11M, en praktisk og solid pulk for stor sekk (80\u2013120 liter). Perfekt for vinterturer og krevende forhold.\" \/>\n<meta property=\"og:url\" content=\"https:\/\/nordiccab.com\/no\/produkt\/pullpac-11m-pulk-for-stor-sekk\/\" \/>\n<meta property=\"og:site_name\" content=\"Nordic Cab\" \/>\n<meta property=\"article:publisher\" content=\"https:\/\/www.facebook.com\/nordiccab\" \/>\n<meta property=\"article:modified_time\" content=\"2025-05-06T08:11:16+00:00\" \/>\n<meta property=\"og:image\" content=\"https:\/\/nordiccab.com\/wp-content\/uploads\/2024\/12\/kvadrat-P_11_M_overblick.jpg\" \/>\n\t<meta property=\"og:image:width\" content=\"1873\" \/>\n\t<meta property=\"og:image:height\" content=\"1873\" \/>\n\t<meta property=\"og:image:type\" content=\"image\/jpeg\" \/>\n<meta name=\"twitter:card\" content=\"summary_large_image\" \/>\n<meta name=\"twitter:label1\" content=\"Ansl. lesetid\" \/>\n\t<meta name=\"twitter:data1\" content=\"2 minutter\" \/>\n<script type=\"application\/ld+json\" class=\"yoast-schema-graph\">{\"@context\":\"https:\/\/schema.org\",\"@graph\":[{\"@type\":\"WebPage\",\"@id\":\"https:\/\/nordiccab.com\/no\/produkt\/pullpac-11m-pulk-for-stor-sekk\/\",\"url\":\"https:\/\/nordiccab.com\/no\/produkt\/pullpac-11m-pulk-for-stor-sekk\/\",\"name\":\"Pullpac 11M | Praktisk og solid pulk for stor sekk\",\"isPartOf\":{\"@id\":\"https:\/\/nordiccab.com\/no\/#website\"},\"primaryImageOfPage\":{\"@id\":\"https:\/\/nordiccab.com\/no\/produkt\/pullpac-11m-pulk-for-stor-sekk\/#primaryimage\"},\"image\":{\"@id\":\"https:\/\/nordiccab.com\/no\/produkt\/pullpac-11m-pulk-for-stor-sekk\/#primaryimage\"},\"thumbnailUrl\":\"https:\/\/nordiccab.com\/wp-content\/uploads\/2024\/12\/kvadrat-P_11_M_overblick.jpg\",\"datePublished\":\"2024-12-14T05:25:49+00:00\",\"dateModified\":\"2025-05-06T08:11:16+00:00\",\"description\":\"Oppdag Pullpac 11M, en praktisk og solid pulk for stor sekk (80\u2013120 liter). Perfekt for vinterturer og krevende forhold.\",\"breadcrumb\":{\"@id\":\"https:\/\/nordiccab.com\/no\/produkt\/pullpac-11m-pulk-for-stor-sekk\/#breadcrumb\"},\"inLanguage\":\"nb-NO\",\"potentialAction\":[{\"@type\":\"ReadAction\",\"target\":[\"https:\/\/nordiccab.com\/no\/produkt\/pullpac-11m-pulk-for-stor-sekk\/\"]}]},{\"@type\":\"ImageObject\",\"inLanguage\":\"nb-NO\",\"@id\":\"https:\/\/nordiccab.com\/no\/produkt\/pullpac-11m-pulk-for-stor-sekk\/#primaryimage\",\"url\":\"https:\/\/nordiccab.com\/wp-content\/uploads\/2024\/12\/kvadrat-P_11_M_overblick.jpg\",\"contentUrl\":\"https:\/\/nordiccab.com\/wp-content\/uploads\/2024\/12\/kvadrat-P_11_M_overblick.jpg\",\"width\":1873,\"height\":1873,\"caption\":\"Pulk for stor sekk | Pullpac | Jemtlander\"},{\"@type\":\"BreadcrumbList\",\"@id\":\"https:\/\/nordiccab.com\/no\/produkt\/pullpac-11m-pulk-for-stor-sekk\/#breadcrumb\",\"itemListElement\":[{\"@type\":\"ListItem\",\"position\":1,\"name\":\"Home\",\"item\":\"https:\/\/nordiccab.com\/no\/\"},{\"@type\":\"ListItem\",\"position\":2,\"name\":\"Produkter\",\"item\":\"https:\/\/nordiccab.com\/no\/butikk\/\"},{\"@type\":\"ListItem\",\"position\":3,\"name\":\"Pullpac 11M | Pulk for stor sekk\"}]},{\"@type\":\"WebSite\",\"@id\":\"https:\/\/nordiccab.com\/no\/#website\",\"url\":\"https:\/\/nordiccab.com\/no\/\",\"name\":\"Nordic Cab\",\"description\":\"Start Life Exploring\",\"publisher\":{\"@id\":\"https:\/\/nordiccab.com\/no\/#organization\"},\"potentialAction\":[{\"@type\":\"SearchAction\",\"target\":{\"@type\":\"EntryPoint\",\"urlTemplate\":\"https:\/\/nordiccab.com\/no\/?s={search_term_string}\"},\"query-input\":{\"@type\":\"PropertyValueSpecification\",\"valueRequired\":true,\"valueName\":\"search_term_string\"}}],\"inLanguage\":\"nb-NO\"},{\"@type\":\"Organization\",\"@id\":\"https:\/\/nordiccab.com\/no\/#organization\",\"name\":\"Nordic Cab Solutions AS\",\"url\":\"https:\/\/nordiccab.com\/no\/\",\"logo\":{\"@type\":\"ImageObject\",\"inLanguage\":\"nb-NO\",\"@id\":\"https:\/\/nordiccab.com\/no\/#\/schema\/logo\/image\/\",\"url\":\"https:\/\/nordiccab.com\/wp-content\/uploads\/2022\/02\/NC-logo.svg\",\"contentUrl\":\"https:\/\/nordiccab.com\/wp-content\/uploads\/2022\/02\/NC-logo.svg\",\"width\":1,\"height\":1,\"caption\":\"Nordic Cab Solutions AS\"},\"image\":{\"@id\":\"https:\/\/nordiccab.com\/no\/#\/schema\/logo\/image\/\"},\"sameAs\":[\"https:\/\/www.facebook.com\/nordiccab\"]}]}<\/script>\n<!-- \/ Yoast SEO Premium plugin. -->","yoast_head_json":{"title":"Pullpac 11M | Praktisk og solid pulk for stor sekk","description":"Oppdag Pullpac 11M, en praktisk og solid pulk for stor sekk (80\u2013120 liter). Perfekt for vinterturer og krevende forhold.","robots":{"index":"index","follow":"follow","max-snippet":"max-snippet:-1","max-image-preview":"max-image-preview:large","max-video-preview":"max-video-preview:-1"},"canonical":"https:\/\/nordiccab.com\/no\/produkt\/pullpac-11m-pulk-for-stor-sekk\/","og_locale":"nb_NO","og_type":"article","og_title":"Pullpac 11M | Pulk for stor sekk","og_description":"Oppdag Pullpac 11M, en praktisk og solid pulk for stor sekk (80\u2013120 liter). Perfekt for vinterturer og krevende forhold.","og_url":"https:\/\/nordiccab.com\/no\/produkt\/pullpac-11m-pulk-for-stor-sekk\/","og_site_name":"Nordic Cab","article_publisher":"https:\/\/www.facebook.com\/nordiccab","article_modified_time":"2025-05-06T08:11:16+00:00","og_image":[{"width":1873,"height":1873,"url":"https:\/\/nordiccab.com\/wp-content\/uploads\/2024\/12\/kvadrat-P_11_M_overblick.jpg","type":"image\/jpeg"}],"twitter_card":"summary_large_image","twitter_misc":{"Ansl. lesetid":"2 minutter"},"schema":{"@context":"https:\/\/schema.org","@graph":[{"@type":"WebPage","@id":"https:\/\/nordiccab.com\/no\/produkt\/pullpac-11m-pulk-for-stor-sekk\/","url":"https:\/\/nordiccab.com\/no\/produkt\/pullpac-11m-pulk-for-stor-sekk\/","name":"Pullpac 11M | Praktisk og solid pulk for stor sekk","isPartOf":{"@id":"https:\/\/nordiccab.com\/no\/#website"},"primaryImageOfPage":{"@id":"https:\/\/nordiccab.com\/no\/produkt\/pullpac-11m-pulk-for-stor-sekk\/#primaryimage"},"image":{"@id":"https:\/\/nordiccab.com\/no\/produkt\/pullpac-11m-pulk-for-stor-sekk\/#primaryimage"},"thumbnailUrl":"https:\/\/nordiccab.com\/wp-content\/uploads\/2024\/12\/kvadrat-P_11_M_overblick.jpg","datePublished":"2024-12-14T05:25:49+00:00","dateModified":"2025-05-06T08:11:16+00:00","description":"Oppdag Pullpac 11M, en praktisk og solid pulk for stor sekk (80\u2013120 liter). Perfekt for vinterturer og krevende forhold.","breadcrumb":{"@id":"https:\/\/nordiccab.com\/no\/produkt\/pullpac-11m-pulk-for-stor-sekk\/#breadcrumb"},"inLanguage":"nb-NO","potentialAction":[{"@type":"ReadAction","target":["https:\/\/nordiccab.com\/no\/produkt\/pullpac-11m-pulk-for-stor-sekk\/"]}]},{"@type":"ImageObject","inLanguage":"nb-NO","@id":"https:\/\/nordiccab.com\/no\/produkt\/pullpac-11m-pulk-for-stor-sekk\/#primaryimage","url":"https:\/\/nordiccab.com\/wp-content\/uploads\/2024\/12\/kvadrat-P_11_M_overblick.jpg","contentUrl":"https:\/\/nordiccab.com\/wp-content\/uploads\/2024\/12\/kvadrat-P_11_M_overblick.jpg","width":1873,"height":1873,"caption":"Pulk for stor sekk | Pullpac | Jemtlander"},{"@type":"BreadcrumbList","@id":"https:\/\/nordiccab.com\/no\/produkt\/pullpac-11m-pulk-for-stor-sekk\/#breadcrumb","itemListElement":[{"@type":"ListItem","position":1,"name":"Home","item":"https:\/\/nordiccab.com\/no\/"},{"@type":"ListItem","position":2,"name":"Produkter","item":"https:\/\/nordiccab.com\/no\/butikk\/"},{"@type":"ListItem","position":3,"name":"Pullpac 11M | Pulk for stor sekk"}]},{"@type":"WebSite","@id":"https:\/\/nordiccab.com\/no\/#website","url":"https:\/\/nordiccab.com\/no\/","name":"Nordic Cab","description":"Start Life Exploring","publisher":{"@id":"https:\/\/nordiccab.com\/no\/#organization"},"potentialAction":[{"@type":"SearchAction","target":{"@type":"EntryPoint","urlTemplate":"https:\/\/nordiccab.com\/no\/?s={search_term_string}"},"query-input":{"@type":"PropertyValueSpecification","valueRequired":true,"valueName":"search_term_string"}}],"inLanguage":"nb-NO"},{"@type":"Organization","@id":"https:\/\/nordiccab.com\/no\/#organization","name":"Nordic Cab Solutions AS","url":"https:\/\/nordiccab.com\/no\/","logo":{"@type":"ImageObject","inLanguage":"nb-NO","@id":"https:\/\/nordiccab.com\/no\/#\/schema\/logo\/image\/","url":"https:\/\/nordiccab.com\/wp-content\/uploads\/2022\/02\/NC-logo.svg","contentUrl":"https:\/\/nordiccab.com\/wp-content\/uploads\/2022\/02\/NC-logo.svg","width":1,"height":1,"caption":"Nordic Cab Solutions AS"},"image":{"@id":"https:\/\/nordiccab.com\/no\/#\/schema\/logo\/image\/"},"sameAs":["https:\/\/www.facebook.com\/nordiccab"]}]}},"_links":{"self":[{"href":"https:\/\/nordiccab.com\/no\/wp-json\/wp\/v2\/product\/24588","targetHints":{"allow":["GET"]}}],"collection":[{"href":"https:\/\/nordiccab.com\/no\/wp-json\/wp\/v2\/product"}],"about":[{"href":"https:\/\/nordiccab.com\/no\/wp-json\/wp\/v2\/types\/product"}],"wp:featuredmedia":[{"embeddable":true,"href":"https:\/\/nordiccab.com\/no\/wp-json\/wp\/v2\/media\/24577"}],"wp:attachment":[{"href":"https:\/\/nordiccab.com\/no\/wp-json\/wp\/v2\/media?parent=24588"}],"wp:term":[{"taxonomy":"product_brand","embeddable":true,"href":"https:\/\/nordiccab.com\/no\/wp-json\/wp\/v2\/product_brand?post=24588"},{"taxonomy":"product_cat","embeddable":true,"href":"https:\/\/nordiccab.com\/no\/wp-json\/wp\/v2\/product_cat?post=24588"},{"taxonomy":"product_tag","embeddable":true,"href":"https:\/\/nordiccab.com\/no\/wp-json\/wp\/v2\/product_tag?post=24588"}],"curies":[{"name":"wp","href":"https:\/\/api.w.org\/{rel}","templated":true}]}}