{"id":24173,"date":"2024-07-23T11:10:00","date_gmt":"2024-11-26T12:24:29","guid":{"rendered":"https:\/\/nordiccab.com\/?post_type=product&#038;p=24173"},"modified":"2024-12-27T22:01:58","modified_gmt":"2024-12-27T21:01:58","slug":"vinterdekk-til-sykkelvogn-suomi-tyres","status":"publish","type":"product","link":"https:\/\/nordiccab.com\/no\/produkt\/vinterdekk-til-sykkelvogn-suomi-tyres\/","title":{"rendered":"Komplett Hjulsett med Suomi Routa 20&#8243; Piggdekk \u2013 For Nordic Cab Sykkelvogn"},"content":{"rendered":"\n<h2 class=\"wp-block-heading has-large-font-size\" id=\"h-komplett-hjulsett-med-suomi-routa-20-piggdekk-skreddersydd-for-nordic-cab\">Komplett Hjulsett med Suomi Routa 20&#8243; Piggdekk \u2013 Skreddersydd for Nordic Cab<\/h2>\n\n\n\n<h3 class=\"wp-block-heading has-large-font-size\" id=\"h-rask-oppgradering-for-vintereventyr\">Rask oppgradering for vintereventyr!<\/h3>\n\n\n\n<p>Dette komplette hjulsettet leveres ferdigmontert med Suomi Routa piggdekk. Skreddersydd for Nordic Cab sykkelvogner, men kompatibelt med andre modeller som bruker standard 20&#8243; hjul. Monteringen er gjort for deg, s\u00e5 du kan spare tid og nyte vinteren med ekstra sikkerhet.<\/p>\n\n\n\n<h2 class=\"wp-block-heading has-large-font-size\" id=\"h-egenskaper-og-fordeler\">Egenskaper og fordeler<\/h2>\n\n\n\n<ul class=\"wp-block-list\">\n<li>Komplett hjulsett \u2013 ferdig montert.<\/li>\n\n\n\n<li>Ideelt for vintersykling med Nordic Cab.<\/li>\n\n\n\n<li>Refleksstripe for \u00f8kt synlighet.<\/li>\n<\/ul>\n\n\n\n<h3 class=\"wp-block-heading has-large-font-size\" id=\"h-se-ogsa\">Se ogs\u00e5:<\/h3>\n\n\n\n<ul class=\"wp-block-list\">\n<li>Suomi Routa 20&#8243; Piggdekk (Sett 2 stk) <strong><a href=\"https:\/\/nordiccab.com\/no\/produkt\/suomi-routa-20-piggdekk-sett-2stk-piggdekk-sett-for-sykkelvogn\/\" target=\"_blank\" rel=\"noreferrer noopener\">her<\/a><\/strong><\/li>\n\n\n\n<li>Suomi Routa 20&#8243; Piggdekk (1 stk)<strong><a href=\"https:\/\/nordiccab.com\/no\/produkt\/piggdekk-til-sykkelvogn-suomi-routa-20\/\" target=\"_blank\" rel=\"noreferrer noopener\"> her<\/a><\/strong><\/li>\n<\/ul>\n\n\n\n<p>Lagd i Finland av <a href=\"https:\/\/suomityres.fi\/products\/routa\" target=\"_blank\" rel=\"noreferrer noopener\">Suomi Tyres!<\/a><\/p>\n\n\n\n<h3 class=\"wp-block-heading has-normal-font-size\" id=\"h-tilpass-din-nordic-cab-til-deres-unike-behov\">Tilpass din Nordic Cab til deres unike behov<\/h3>\n\n\n\n<p>En Nordic Cab Explorer kommer alltid godt utstyrt, med alle deler for \u00e5 bruke ulike funksjoner. Alle familier har forskjellige behov, og vi vet at en sykkelvogn eller barnepulk brukes variert. I tillegg til vognvotter har vi utviklet tilbeh\u00f8r for \u00e5 tilpasse vognen til deres v\u00e6r, terreng og bruksm\u00f8nster. Utforsk ekstrautstyret til Nordic Cab <strong><a href=\"https:\/\/nordiccab.com\/no\/produktkategori\/tilbehor\/sykkelvogn-pulk-nordic-cab-tilbehor-no\/\" target=\"_blank\" rel=\"noreferrer noopener\">her<\/a><\/strong>.<\/p>\n\n\n\n<p><strong><a href=\"https:\/\/nordiccab.com\/no\/produktkategori\/tilbehor\/turutstyr-barn-tilbehor\/\" target=\"_blank\" rel=\"noreferrer noopener\">Turutstyr for barn:<\/a><\/strong> Utforsk v\u00e5rt utvalg av utstyr som gj\u00f8r turene enklere og morsommere for hele familien. Her finner du blant annet truger til pauser p\u00e5 vinterturene med barnepulken og hjelmer for sykkelvogn.<\/p>\n\n\n\n<p><strong><a href=\"https:\/\/nordiccab.com\/no\/produktkategori\/tilbehor\/turutstyr-voksne-tilbehor\/\" target=\"_blank\" rel=\"noreferrer noopener\">Turutstyr for voksne:<\/a><\/strong> I denne kategorien finner du kvalitetsutstyr som gj\u00f8r turene mer komfortable og funksjonelle. Utstyret passer uansett om du bruker sykkelvogn, barnepulk eller barnevogn. eller barnevogn.<\/p>\n\n\n\n<p><a href=\"https:\/\/nordiccab.com\/no\/produktkategori\/tilbehor\/akseladapter\/\" target=\"_blank\" rel=\"noreferrer noopener\"><strong>Akseladaptere:<\/strong> <\/a>For \u00e5 gj\u00f8re sykkelvognen kompatibel med ulike sykler tilbyr vi universale adaptere. Nordic Cab har Europas st\u00f8rste utvalg av adaptere som passer alle typer sykkelvogner.<\/p>\n","protected":false},"excerpt":{"rendered":"<ul>\n<li><span style=\"color: #008000;\"><strong>Komplett hjulsett:<\/strong><\/span> Ferdig montert.<\/li>\n<li><strong><span style=\"color: #008000;\">Sikkerhet i vinterf\u00f8re:<\/span><\/strong> 88 st\u00e5lpigger gir solid grep p\u00e5 is og sn\u00f8.<\/li>\n<li><strong><span style=\"color: #008000;\">Slitesterk kvalitet:<\/span><\/strong> Robust gummiblanding for lang levetid.<\/li>\n<li><strong><span style=\"color: #008000;\">Bedre synlighet:<\/span><\/strong> Refleksstripe for \u00f8kt sikkerhet i m\u00f8rket.<\/li>\n<li><span style=\"color: #008000;\"><strong>Finsk presisjon:<\/strong> <\/span>Utviklet for vinterforhold av Suomi Tyres.<\/li>\n<\/ul>\n","protected":false},"featured_media":24143,"template":"","meta":{"_genesis_hide_title":false,"_genesis_hide_breadcrumbs":false,"_genesis_hide_singular_image":false,"_genesis_hide_footer_widgets":false,"_genesis_custom_body_class":"","_genesis_custom_post_class":"","_genesis_layout":""},"product_brand":[],"product_cat":[89],"product_tag":[702],"class_list":{"0":"post-24173","1":"product","2":"type-product","3":"status-publish","4":"has-post-thumbnail","6":"product_cat-ukategorisert-no","7":"product_tag-nordic-cab-tilbehor","8":"entry","10":"first","11":"outofstock","12":"taxable","13":"shipping-taxable","14":"purchasable","15":"product-type-simple"},"bundled_by":[],"bundle_stock_status":"outofstock","bundle_stock_quantity":0,"bundle_virtual":false,"bundle_layout":"","bundle_add_to_cart_form_location":"","bundle_editable_in_cart":false,"bundle_sold_individually_context":"","bundle_item_grouping":"","bundle_min_size":"","bundle_max_size":"","bundle_price":[],"bundled_items":[],"bundle_sell_ids":[],"yoast_head":"<!-- This site is optimized with the Yoast SEO Premium plugin v26.0 (Yoast SEO v26.0) - https:\/\/yoast.com\/wordpress\/plugins\/seo\/ -->\n<title>Vinterdekk til Sykkelvogn \u2013 Trygg og Stabil Vintersykling<\/title>\n<meta name=\"description\" content=\"Oppgrader sykkelvognen med vinterdekk. 88 st\u00e5lpigger, slitesterk gummi og refleksstripe gir trygghet og stabilitet p\u00e5 vinterf\u00f8re.\" \/>\n<meta name=\"robots\" content=\"index, follow, max-snippet:-1, max-image-preview:large, max-video-preview:-1\" \/>\n<link rel=\"canonical\" href=\"https:\/\/nordiccab.com\/no\/produkt\/vinterdekk-til-sykkelvogn-suomi-tyres\/\" \/>\n<meta property=\"og:locale\" content=\"nb_NO\" \/>\n<meta property=\"og:type\" content=\"article\" \/>\n<meta property=\"og:title\" content=\"Komplett Hjulsett med Suomi Routa 20&quot; Piggdekk \u2013 For Nordic Cab Sykkelvogn\" \/>\n<meta property=\"og:description\" content=\"Oppgrader sykkelvognen med vinterdekk. 88 st\u00e5lpigger, slitesterk gummi og refleksstripe gir trygghet og stabilitet p\u00e5 vinterf\u00f8re.\" \/>\n<meta property=\"og:url\" content=\"https:\/\/nordiccab.com\/no\/produkt\/vinterdekk-til-sykkelvogn-suomi-tyres\/\" \/>\n<meta property=\"og:site_name\" content=\"Nordic Cab\" \/>\n<meta property=\"article:publisher\" content=\"https:\/\/www.facebook.com\/nordiccab\" \/>\n<meta property=\"article:modified_time\" content=\"2024-12-27T21:01:58+00:00\" \/>\n<meta property=\"og:image\" content=\"https:\/\/nordiccab.com\/wp-content\/uploads\/2024\/07\/Piggdekk-komplette-hjul.jpg\" \/>\n\t<meta property=\"og:image:width\" content=\"1000\" \/>\n\t<meta property=\"og:image:height\" content=\"1000\" \/>\n\t<meta property=\"og:image:type\" content=\"image\/jpeg\" \/>\n<meta name=\"twitter:card\" content=\"summary_large_image\" \/>\n<meta name=\"twitter:label1\" content=\"Ansl. lesetid\" \/>\n\t<meta name=\"twitter:data1\" content=\"2 minutter\" \/>\n<script type=\"application\/ld+json\" class=\"yoast-schema-graph\">{\"@context\":\"https:\/\/schema.org\",\"@graph\":[{\"@type\":\"WebPage\",\"@id\":\"https:\/\/nordiccab.com\/no\/produkt\/vinterdekk-til-sykkelvogn-suomi-tyres\/\",\"url\":\"https:\/\/nordiccab.com\/no\/produkt\/vinterdekk-til-sykkelvogn-suomi-tyres\/\",\"name\":\"Vinterdekk til Sykkelvogn \u2013 Trygg og Stabil Vintersykling\",\"isPartOf\":{\"@id\":\"https:\/\/nordiccab.com\/no\/#website\"},\"primaryImageOfPage\":{\"@id\":\"https:\/\/nordiccab.com\/no\/produkt\/vinterdekk-til-sykkelvogn-suomi-tyres\/#primaryimage\"},\"image\":{\"@id\":\"https:\/\/nordiccab.com\/no\/produkt\/vinterdekk-til-sykkelvogn-suomi-tyres\/#primaryimage\"},\"thumbnailUrl\":\"https:\/\/nordiccab.com\/wp-content\/uploads\/2024\/07\/Piggdekk-komplette-hjul.jpg\",\"datePublished\":\"2024-11-26T12:24:29+00:00\",\"dateModified\":\"2024-12-27T21:01:58+00:00\",\"description\":\"Oppgrader sykkelvognen med vinterdekk. 88 st\u00e5lpigger, slitesterk gummi og refleksstripe gir trygghet og stabilitet p\u00e5 vinterf\u00f8re.\",\"breadcrumb\":{\"@id\":\"https:\/\/nordiccab.com\/no\/produkt\/vinterdekk-til-sykkelvogn-suomi-tyres\/#breadcrumb\"},\"inLanguage\":\"nb-NO\",\"potentialAction\":[{\"@type\":\"ReadAction\",\"target\":[\"https:\/\/nordiccab.com\/no\/produkt\/vinterdekk-til-sykkelvogn-suomi-tyres\/\"]}]},{\"@type\":\"ImageObject\",\"inLanguage\":\"nb-NO\",\"@id\":\"https:\/\/nordiccab.com\/no\/produkt\/vinterdekk-til-sykkelvogn-suomi-tyres\/#primaryimage\",\"url\":\"https:\/\/nordiccab.com\/wp-content\/uploads\/2024\/07\/Piggdekk-komplette-hjul.jpg\",\"contentUrl\":\"https:\/\/nordiccab.com\/wp-content\/uploads\/2024\/07\/Piggdekk-komplette-hjul.jpg\",\"width\":1000,\"height\":1000},{\"@type\":\"BreadcrumbList\",\"@id\":\"https:\/\/nordiccab.com\/no\/produkt\/vinterdekk-til-sykkelvogn-suomi-tyres\/#breadcrumb\",\"itemListElement\":[{\"@type\":\"ListItem\",\"position\":1,\"name\":\"Home\",\"item\":\"https:\/\/nordiccab.com\/no\/\"},{\"@type\":\"ListItem\",\"position\":2,\"name\":\"Produkter\",\"item\":\"https:\/\/nordiccab.com\/no\/butikk\/\"},{\"@type\":\"ListItem\",\"position\":3,\"name\":\"Komplett Hjulsett med Suomi Routa 20&#8243; Piggdekk \u2013 For Nordic Cab Sykkelvogn\"}]},{\"@type\":\"WebSite\",\"@id\":\"https:\/\/nordiccab.com\/no\/#website\",\"url\":\"https:\/\/nordiccab.com\/no\/\",\"name\":\"Nordic Cab\",\"description\":\"Start Life Exploring\",\"publisher\":{\"@id\":\"https:\/\/nordiccab.com\/no\/#organization\"},\"potentialAction\":[{\"@type\":\"SearchAction\",\"target\":{\"@type\":\"EntryPoint\",\"urlTemplate\":\"https:\/\/nordiccab.com\/no\/?s={search_term_string}\"},\"query-input\":{\"@type\":\"PropertyValueSpecification\",\"valueRequired\":true,\"valueName\":\"search_term_string\"}}],\"inLanguage\":\"nb-NO\"},{\"@type\":\"Organization\",\"@id\":\"https:\/\/nordiccab.com\/no\/#organization\",\"name\":\"Nordic Cab Solutions AS\",\"url\":\"https:\/\/nordiccab.com\/no\/\",\"logo\":{\"@type\":\"ImageObject\",\"inLanguage\":\"nb-NO\",\"@id\":\"https:\/\/nordiccab.com\/no\/#\/schema\/logo\/image\/\",\"url\":\"https:\/\/nordiccab.com\/wp-content\/uploads\/2022\/02\/NC-logo.svg\",\"contentUrl\":\"https:\/\/nordiccab.com\/wp-content\/uploads\/2022\/02\/NC-logo.svg\",\"width\":1,\"height\":1,\"caption\":\"Nordic Cab Solutions AS\"},\"image\":{\"@id\":\"https:\/\/nordiccab.com\/no\/#\/schema\/logo\/image\/\"},\"sameAs\":[\"https:\/\/www.facebook.com\/nordiccab\"]}]}<\/script>\n<!-- \/ Yoast SEO Premium plugin. -->","yoast_head_json":{"title":"Vinterdekk til Sykkelvogn \u2013 Trygg og Stabil Vintersykling","description":"Oppgrader sykkelvognen med vinterdekk. 88 st\u00e5lpigger, slitesterk gummi og refleksstripe gir trygghet og stabilitet p\u00e5 vinterf\u00f8re.","robots":{"index":"index","follow":"follow","max-snippet":"max-snippet:-1","max-image-preview":"max-image-preview:large","max-video-preview":"max-video-preview:-1"},"canonical":"https:\/\/nordiccab.com\/no\/produkt\/vinterdekk-til-sykkelvogn-suomi-tyres\/","og_locale":"nb_NO","og_type":"article","og_title":"Komplett Hjulsett med Suomi Routa 20\" Piggdekk \u2013 For Nordic Cab Sykkelvogn","og_description":"Oppgrader sykkelvognen med vinterdekk. 88 st\u00e5lpigger, slitesterk gummi og refleksstripe gir trygghet og stabilitet p\u00e5 vinterf\u00f8re.","og_url":"https:\/\/nordiccab.com\/no\/produkt\/vinterdekk-til-sykkelvogn-suomi-tyres\/","og_site_name":"Nordic Cab","article_publisher":"https:\/\/www.facebook.com\/nordiccab","article_modified_time":"2024-12-27T21:01:58+00:00","og_image":[{"width":1000,"height":1000,"url":"https:\/\/nordiccab.com\/wp-content\/uploads\/2024\/07\/Piggdekk-komplette-hjul.jpg","type":"image\/jpeg"}],"twitter_card":"summary_large_image","twitter_misc":{"Ansl. lesetid":"2 minutter"},"schema":{"@context":"https:\/\/schema.org","@graph":[{"@type":"WebPage","@id":"https:\/\/nordiccab.com\/no\/produkt\/vinterdekk-til-sykkelvogn-suomi-tyres\/","url":"https:\/\/nordiccab.com\/no\/produkt\/vinterdekk-til-sykkelvogn-suomi-tyres\/","name":"Vinterdekk til Sykkelvogn \u2013 Trygg og Stabil Vintersykling","isPartOf":{"@id":"https:\/\/nordiccab.com\/no\/#website"},"primaryImageOfPage":{"@id":"https:\/\/nordiccab.com\/no\/produkt\/vinterdekk-til-sykkelvogn-suomi-tyres\/#primaryimage"},"image":{"@id":"https:\/\/nordiccab.com\/no\/produkt\/vinterdekk-til-sykkelvogn-suomi-tyres\/#primaryimage"},"thumbnailUrl":"https:\/\/nordiccab.com\/wp-content\/uploads\/2024\/07\/Piggdekk-komplette-hjul.jpg","datePublished":"2024-11-26T12:24:29+00:00","dateModified":"2024-12-27T21:01:58+00:00","description":"Oppgrader sykkelvognen med vinterdekk. 88 st\u00e5lpigger, slitesterk gummi og refleksstripe gir trygghet og stabilitet p\u00e5 vinterf\u00f8re.","breadcrumb":{"@id":"https:\/\/nordiccab.com\/no\/produkt\/vinterdekk-til-sykkelvogn-suomi-tyres\/#breadcrumb"},"inLanguage":"nb-NO","potentialAction":[{"@type":"ReadAction","target":["https:\/\/nordiccab.com\/no\/produkt\/vinterdekk-til-sykkelvogn-suomi-tyres\/"]}]},{"@type":"ImageObject","inLanguage":"nb-NO","@id":"https:\/\/nordiccab.com\/no\/produkt\/vinterdekk-til-sykkelvogn-suomi-tyres\/#primaryimage","url":"https:\/\/nordiccab.com\/wp-content\/uploads\/2024\/07\/Piggdekk-komplette-hjul.jpg","contentUrl":"https:\/\/nordiccab.com\/wp-content\/uploads\/2024\/07\/Piggdekk-komplette-hjul.jpg","width":1000,"height":1000},{"@type":"BreadcrumbList","@id":"https:\/\/nordiccab.com\/no\/produkt\/vinterdekk-til-sykkelvogn-suomi-tyres\/#breadcrumb","itemListElement":[{"@type":"ListItem","position":1,"name":"Home","item":"https:\/\/nordiccab.com\/no\/"},{"@type":"ListItem","position":2,"name":"Produkter","item":"https:\/\/nordiccab.com\/no\/butikk\/"},{"@type":"ListItem","position":3,"name":"Komplett Hjulsett med Suomi Routa 20&#8243; Piggdekk \u2013 For Nordic Cab Sykkelvogn"}]},{"@type":"WebSite","@id":"https:\/\/nordiccab.com\/no\/#website","url":"https:\/\/nordiccab.com\/no\/","name":"Nordic Cab","description":"Start Life Exploring","publisher":{"@id":"https:\/\/nordiccab.com\/no\/#organization"},"potentialAction":[{"@type":"SearchAction","target":{"@type":"EntryPoint","urlTemplate":"https:\/\/nordiccab.com\/no\/?s={search_term_string}"},"query-input":{"@type":"PropertyValueSpecification","valueRequired":true,"valueName":"search_term_string"}}],"inLanguage":"nb-NO"},{"@type":"Organization","@id":"https:\/\/nordiccab.com\/no\/#organization","name":"Nordic Cab Solutions AS","url":"https:\/\/nordiccab.com\/no\/","logo":{"@type":"ImageObject","inLanguage":"nb-NO","@id":"https:\/\/nordiccab.com\/no\/#\/schema\/logo\/image\/","url":"https:\/\/nordiccab.com\/wp-content\/uploads\/2022\/02\/NC-logo.svg","contentUrl":"https:\/\/nordiccab.com\/wp-content\/uploads\/2022\/02\/NC-logo.svg","width":1,"height":1,"caption":"Nordic Cab Solutions AS"},"image":{"@id":"https:\/\/nordiccab.com\/no\/#\/schema\/logo\/image\/"},"sameAs":["https:\/\/www.facebook.com\/nordiccab"]}]}},"_links":{"self":[{"href":"https:\/\/nordiccab.com\/no\/wp-json\/wp\/v2\/product\/24173","targetHints":{"allow":["GET"]}}],"collection":[{"href":"https:\/\/nordiccab.com\/no\/wp-json\/wp\/v2\/product"}],"about":[{"href":"https:\/\/nordiccab.com\/no\/wp-json\/wp\/v2\/types\/product"}],"wp:featuredmedia":[{"embeddable":true,"href":"https:\/\/nordiccab.com\/no\/wp-json\/wp\/v2\/media\/24143"}],"wp:attachment":[{"href":"https:\/\/nordiccab.com\/no\/wp-json\/wp\/v2\/media?parent=24173"}],"wp:term":[{"taxonomy":"product_brand","embeddable":true,"href":"https:\/\/nordiccab.com\/no\/wp-json\/wp\/v2\/product_brand?post=24173"},{"taxonomy":"product_cat","embeddable":true,"href":"https:\/\/nordiccab.com\/no\/wp-json\/wp\/v2\/product_cat?post=24173"},{"taxonomy":"product_tag","embeddable":true,"href":"https:\/\/nordiccab.com\/no\/wp-json\/wp\/v2\/product_tag?post=24173"}],"curies":[{"name":"wp","href":"https:\/\/api.w.org\/{rel}","templated":true}]}}