{"id":24170,"date":"2024-09-18T10:52:00","date_gmt":"2024-09-18T08:52:00","guid":{"rendered":"https:\/\/nordiccab.com\/?post_type=product&#038;p=24170"},"modified":"2025-04-22T13:05:09","modified_gmt":"2025-04-22T11:05:09","slug":"suomi-routa-20-piggdekk-sett-2stk-piggdekk-sett-for-sykkelvogn","status":"publish","type":"product","link":"https:\/\/nordiccab.com\/no\/produkt\/suomi-routa-20-piggdekk-sett-2stk-piggdekk-sett-for-sykkelvogn\/","title":{"rendered":"Suomi Routa 20&#8243; Piggdekk (Sett 2stk) &#8211; Piggdekk-sett for sykkelvogn"},"content":{"rendered":"\n<h2 class=\"wp-block-heading has-large-font-size\" id=\"h-suomi-routa-20-piggdekk-sett-2stk-ekstra-sikkerhet-for-sykkelvogn-om-vinteren\">Suomi Routa 20&#8243; Piggdekk (Sett 2stk) \u2013 Ekstra Sikkerhet for Sykkelvogn om Vinteren<\/h2>\n\n\n\n<h3 class=\"wp-block-heading has-large-font-size\" id=\"h-komplett-sett-for-sykkelvognens-vintersesong\">Komplett sett for sykkelvognens vintersesong!<\/h3>\n\n\n\n<p>Kj\u00f8p Suomi Routa piggdekk som sett for begge hjulene p\u00e5 sykkelvognen din. Dette er en perfekt l\u00f8sning for ekstra stabilitet og grep. Passer til Nordic Cab, Hamax og Thule sykkelvogner. Settet gir trygghet for deg og barna under vintersykling.<\/p>\n\n\n\n<h2 class=\"wp-block-heading has-large-font-size\" id=\"h-egenskaper-og-fordeler\">Egenskaper og fordeler<\/h2>\n\n\n\n<ul class=\"wp-block-list\">\n<li>Komplett sett for begge hjul.<\/li>\n\n\n\n<li>Refleksstripe for \u00f8kt synlighet.<\/li>\n\n\n\n<li>Perfekt for vintersykling p\u00e5 glatte underlag.<\/li>\n\n\n\n<li>Enkel montering p\u00e5 20&#8243; hjul.<\/li>\n<\/ul>\n\n\n\n<h3 class=\"wp-block-heading has-large-font-size\" id=\"h-se-ogsa\">Se ogs\u00e5:<\/h3>\n\n\n\n<ul class=\"wp-block-list\">\n<li>Suomi Routa 20&#8243; Piggdekk (1 stk) <strong><a href=\"https:\/\/nordiccab.com\/no\/produkt\/piggdekk-til-sykkelvogn-suomi-routa-20\/\" target=\"_blank\" rel=\"noreferrer noopener\">her<\/a><\/strong><\/li>\n\n\n\n<li>Komplett Hjulsett med Suomi Routa 20&#8243; Piggdekk <strong><a href=\"https:\/\/nordiccab.com\/no\/produkt\/vinterdekk-til-sykkelvogn-suomi-tyres\/\" target=\"_blank\" rel=\"noreferrer noopener\">her<\/a><\/strong><\/li>\n<\/ul>\n\n\n\n<p>Lagd i Finland av <a href=\"https:\/\/suomityres.fi\/products\/routa\" target=\"_blank\" rel=\"noreferrer noopener\">Suomi Tyres!<\/a><\/p>\n\n\n\n<h3 class=\"wp-block-heading has-normal-font-size\" id=\"h-tilpass-din-nordic-cab-til-deres-unike-behov\">Tilpass din Nordic Cab til deres unike behov<\/h3>\n\n\n\n<p>En Nordic Cab Explorer kommer alltid godt utstyrt, med alle deler for \u00e5 bruke ulike funksjoner. Alle familier har forskjellige behov, og vi vet at en sykkelvogn eller barnepulk brukes variert. I tillegg til vognvotter har vi utviklet tilbeh\u00f8r for \u00e5 tilpasse vognen til deres v\u00e6r, terreng og bruksm\u00f8nster. Utforsk ekstrautstyret til Nordic Cab <strong><a href=\"https:\/\/nordiccab.com\/no\/produktkategori\/tilbehor\/sykkelvogn-pulk-nordic-cab-tilbehor-no\/\" target=\"_blank\" rel=\"noreferrer noopener\">her<\/a><\/strong>.<\/p>\n\n\n\n<p><strong><a href=\"https:\/\/nordiccab.com\/no\/produktkategori\/tilbehor\/turutstyr-barn-tilbehor\/\" target=\"_blank\" rel=\"noreferrer noopener\">Turutstyr for barn:<\/a><\/strong> Utforsk v\u00e5rt utvalg av utstyr som gj\u00f8r turene enklere og morsommere for hele familien. Her finner du blant annet truger til pauser p\u00e5 vinterturene med barnepulken og hjelmer for sykkelvogn.<\/p>\n\n\n\n<p><strong><a href=\"https:\/\/nordiccab.com\/no\/produktkategori\/tilbehor\/turutstyr-voksne-tilbehor\/\" target=\"_blank\" rel=\"noreferrer noopener\">Turutstyr for voksne:<\/a><\/strong> I denne kategorien finner du kvalitetsutstyr som gj\u00f8r turene mer komfortable og funksjonelle. Utstyret passer uansett om du bruker sykkelvogn, barnepulk eller barnevogn. eller barnevogn.<\/p>\n\n\n\n<p><a href=\"https:\/\/nordiccab.com\/no\/produktkategori\/tilbehor\/akseladapter\/\" target=\"_blank\" rel=\"noreferrer noopener\"><strong>Akseladaptere:<\/strong> <\/a>For \u00e5 gj\u00f8re sykkelvognen kompatibel med ulike sykler tilbyr vi universale adaptere. Nordic Cab har Europas st\u00f8rste utvalg av adaptere som passer alle typer sykkelvogner.<\/p>\n","protected":false},"excerpt":{"rendered":"<ul>\n<li><span style=\"color: #008000;\"><strong>Komplett sett:<\/strong> <\/span>To Suomi Routa piggdekk for begge hjulene p\u00e5 sykkelvognen.<\/li>\n<li><span style=\"color: #008000;\"><strong>Ekstra sikkerhet:<\/strong> <\/span>88 st\u00e5lpigger per dekk gir stabilitet p\u00e5 is og sn\u00f8.<\/li>\n<li><span style=\"color: #008000;\"><strong>\u00d8kt synlighet:<\/strong> <\/span>Refleksstripe for bedre sikkerhet i m\u00f8rket.<\/li>\n<li><span style=\"color: #008000;\"><strong>Enkel montering:<\/strong> <\/span>Passer alle sykkelvogner med 20&#8243; hjul.<\/li>\n<li><span style=\"color: #008000;\"><strong>Finsk kvalitet:<\/strong><\/span> Produsert av Suomi Tyres for krevende vinterforhold.<\/li>\n<\/ul>\n","protected":false},"featured_media":24147,"template":"","meta":{"_genesis_hide_title":false,"_genesis_hide_breadcrumbs":false,"_genesis_hide_singular_image":false,"_genesis_hide_footer_widgets":false,"_genesis_custom_body_class":"","_genesis_custom_post_class":"","_genesis_layout":""},"product_brand":[],"product_cat":[73,651,81,265],"product_tag":[702,729],"class_list":{"0":"post-24170","1":"product","2":"type-product","3":"status-publish","4":"has-post-thumbnail","6":"product_cat-barnepulk-sykkelvogn-baeremeis-utstyr-tilbehor-deler","7":"product_cat-utstyr-til-varevogn-og-hund-sykkelvogn-pulk-turvogn-og-hundevogn","8":"product_cat-sykkelvogn-pulk-nordic-cab-tilbehor-no","9":"product_cat-outlet-no","10":"product_tag-nordic-cab-tilbehor","11":"product_tag-produkt-stikkord-universelt-tilbehor","12":"entry","14":"first","15":"outofstock","16":"sale","17":"taxable","18":"shipping-taxable","19":"purchasable","20":"product-type-simple"},"bundled_by":[],"bundle_stock_status":"outofstock","bundle_stock_quantity":null,"bundle_virtual":false,"bundle_layout":"","bundle_add_to_cart_form_location":"","bundle_editable_in_cart":false,"bundle_sold_individually_context":"","bundle_item_grouping":"","bundle_min_size":"","bundle_max_size":"","bundle_price":[],"bundled_items":[],"bundle_sell_ids":[],"yoast_head":"<!-- This site is optimized with the Yoast SEO Premium plugin v26.0 (Yoast SEO v26.0) - https:\/\/yoast.com\/wordpress\/plugins\/seo\/ -->\n<title>Suomi Routa 20&quot; Piggdekk (Sett \u00e1 2) \u2013 Perfekt for Vintersykling<\/title>\n<meta name=\"description\" content=\"Kj\u00f8p Suomi Routa 20&quot; piggdekk som sett for sykkelvognens hjul. Optimal grep og sikkerhet med 88 pigger og refleksstripe for vinterf\u00f8re.\" \/>\n<meta name=\"robots\" content=\"index, follow, max-snippet:-1, max-image-preview:large, max-video-preview:-1\" \/>\n<link rel=\"canonical\" href=\"https:\/\/nordiccab.com\/no\/produkt\/suomi-routa-20-piggdekk-sett-2stk-piggdekk-sett-for-sykkelvogn\/\" \/>\n<meta property=\"og:locale\" content=\"nb_NO\" \/>\n<meta property=\"og:type\" content=\"article\" \/>\n<meta property=\"og:title\" content=\"Suomi Routa 20&quot; Piggdekk (Sett 2stk) - Piggdekk-sett for sykkelvogn\" \/>\n<meta property=\"og:description\" content=\"Kj\u00f8p Suomi Routa 20&quot; piggdekk som sett for sykkelvognens hjul. Optimal grep og sikkerhet med 88 pigger og refleksstripe for vinterf\u00f8re.\" \/>\n<meta property=\"og:url\" content=\"https:\/\/nordiccab.com\/no\/produkt\/suomi-routa-20-piggdekk-sett-2stk-piggdekk-sett-for-sykkelvogn\/\" \/>\n<meta property=\"og:site_name\" content=\"Nordic Cab\" \/>\n<meta property=\"article:publisher\" content=\"https:\/\/www.facebook.com\/nordiccab\" \/>\n<meta property=\"article:modified_time\" content=\"2025-04-22T11:05:09+00:00\" \/>\n<meta property=\"og:image\" content=\"https:\/\/nordiccab.com\/wp-content\/uploads\/2024\/07\/Piggdekk-Suomi.jpg\" \/>\n\t<meta property=\"og:image:width\" content=\"1000\" \/>\n\t<meta property=\"og:image:height\" content=\"1000\" \/>\n\t<meta property=\"og:image:type\" content=\"image\/jpeg\" \/>\n<meta name=\"twitter:card\" content=\"summary_large_image\" \/>\n<meta name=\"twitter:label1\" content=\"Ansl. lesetid\" \/>\n\t<meta name=\"twitter:data1\" content=\"2 minutter\" \/>\n<script type=\"application\/ld+json\" class=\"yoast-schema-graph\">{\"@context\":\"https:\/\/schema.org\",\"@graph\":[{\"@type\":\"WebPage\",\"@id\":\"https:\/\/nordiccab.com\/no\/produkt\/suomi-routa-20-piggdekk-sett-2stk-piggdekk-sett-for-sykkelvogn\/\",\"url\":\"https:\/\/nordiccab.com\/no\/produkt\/suomi-routa-20-piggdekk-sett-2stk-piggdekk-sett-for-sykkelvogn\/\",\"name\":\"Suomi Routa 20\\\" Piggdekk (Sett \u00e1 2) \u2013 Perfekt for Vintersykling\",\"isPartOf\":{\"@id\":\"https:\/\/nordiccab.com\/no\/#website\"},\"primaryImageOfPage\":{\"@id\":\"https:\/\/nordiccab.com\/no\/produkt\/suomi-routa-20-piggdekk-sett-2stk-piggdekk-sett-for-sykkelvogn\/#primaryimage\"},\"image\":{\"@id\":\"https:\/\/nordiccab.com\/no\/produkt\/suomi-routa-20-piggdekk-sett-2stk-piggdekk-sett-for-sykkelvogn\/#primaryimage\"},\"thumbnailUrl\":\"https:\/\/nordiccab.com\/wp-content\/uploads\/2024\/07\/Piggdekk-Suomi.jpg\",\"datePublished\":\"2024-09-18T08:52:00+00:00\",\"dateModified\":\"2025-04-22T11:05:09+00:00\",\"description\":\"Kj\u00f8p Suomi Routa 20\\\" piggdekk som sett for sykkelvognens hjul. Optimal grep og sikkerhet med 88 pigger og refleksstripe for vinterf\u00f8re.\",\"breadcrumb\":{\"@id\":\"https:\/\/nordiccab.com\/no\/produkt\/suomi-routa-20-piggdekk-sett-2stk-piggdekk-sett-for-sykkelvogn\/#breadcrumb\"},\"inLanguage\":\"nb-NO\",\"potentialAction\":[{\"@type\":\"ReadAction\",\"target\":[\"https:\/\/nordiccab.com\/no\/produkt\/suomi-routa-20-piggdekk-sett-2stk-piggdekk-sett-for-sykkelvogn\/\"]}]},{\"@type\":\"ImageObject\",\"inLanguage\":\"nb-NO\",\"@id\":\"https:\/\/nordiccab.com\/no\/produkt\/suomi-routa-20-piggdekk-sett-2stk-piggdekk-sett-for-sykkelvogn\/#primaryimage\",\"url\":\"https:\/\/nordiccab.com\/wp-content\/uploads\/2024\/07\/Piggdekk-Suomi.jpg\",\"contentUrl\":\"https:\/\/nordiccab.com\/wp-content\/uploads\/2024\/07\/Piggdekk-Suomi.jpg\",\"width\":1000,\"height\":1000,\"caption\":\"piggdekk for sykkelvogn | Suomi Rauta | Nordic Cab\"},{\"@type\":\"BreadcrumbList\",\"@id\":\"https:\/\/nordiccab.com\/no\/produkt\/suomi-routa-20-piggdekk-sett-2stk-piggdekk-sett-for-sykkelvogn\/#breadcrumb\",\"itemListElement\":[{\"@type\":\"ListItem\",\"position\":1,\"name\":\"Home\",\"item\":\"https:\/\/nordiccab.com\/no\/\"},{\"@type\":\"ListItem\",\"position\":2,\"name\":\"Produkter\",\"item\":\"https:\/\/nordiccab.com\/no\/butikk\/\"},{\"@type\":\"ListItem\",\"position\":3,\"name\":\"Suomi Routa 20&#8243; Piggdekk (Sett 2stk) &#8211; Piggdekk-sett for sykkelvogn\"}]},{\"@type\":\"WebSite\",\"@id\":\"https:\/\/nordiccab.com\/no\/#website\",\"url\":\"https:\/\/nordiccab.com\/no\/\",\"name\":\"Nordic Cab\",\"description\":\"Start Life Exploring\",\"publisher\":{\"@id\":\"https:\/\/nordiccab.com\/no\/#organization\"},\"potentialAction\":[{\"@type\":\"SearchAction\",\"target\":{\"@type\":\"EntryPoint\",\"urlTemplate\":\"https:\/\/nordiccab.com\/no\/?s={search_term_string}\"},\"query-input\":{\"@type\":\"PropertyValueSpecification\",\"valueRequired\":true,\"valueName\":\"search_term_string\"}}],\"inLanguage\":\"nb-NO\"},{\"@type\":\"Organization\",\"@id\":\"https:\/\/nordiccab.com\/no\/#organization\",\"name\":\"Nordic Cab Solutions AS\",\"url\":\"https:\/\/nordiccab.com\/no\/\",\"logo\":{\"@type\":\"ImageObject\",\"inLanguage\":\"nb-NO\",\"@id\":\"https:\/\/nordiccab.com\/no\/#\/schema\/logo\/image\/\",\"url\":\"https:\/\/nordiccab.com\/wp-content\/uploads\/2022\/02\/NC-logo.svg\",\"contentUrl\":\"https:\/\/nordiccab.com\/wp-content\/uploads\/2022\/02\/NC-logo.svg\",\"width\":1,\"height\":1,\"caption\":\"Nordic Cab Solutions AS\"},\"image\":{\"@id\":\"https:\/\/nordiccab.com\/no\/#\/schema\/logo\/image\/\"},\"sameAs\":[\"https:\/\/www.facebook.com\/nordiccab\"]}]}<\/script>\n<!-- \/ Yoast SEO Premium plugin. -->","yoast_head_json":{"title":"Suomi Routa 20\" Piggdekk (Sett \u00e1 2) \u2013 Perfekt for Vintersykling","description":"Kj\u00f8p Suomi Routa 20\" piggdekk som sett for sykkelvognens hjul. Optimal grep og sikkerhet med 88 pigger og refleksstripe for vinterf\u00f8re.","robots":{"index":"index","follow":"follow","max-snippet":"max-snippet:-1","max-image-preview":"max-image-preview:large","max-video-preview":"max-video-preview:-1"},"canonical":"https:\/\/nordiccab.com\/no\/produkt\/suomi-routa-20-piggdekk-sett-2stk-piggdekk-sett-for-sykkelvogn\/","og_locale":"nb_NO","og_type":"article","og_title":"Suomi Routa 20\" Piggdekk (Sett 2stk) - Piggdekk-sett for sykkelvogn","og_description":"Kj\u00f8p Suomi Routa 20\" piggdekk som sett for sykkelvognens hjul. Optimal grep og sikkerhet med 88 pigger og refleksstripe for vinterf\u00f8re.","og_url":"https:\/\/nordiccab.com\/no\/produkt\/suomi-routa-20-piggdekk-sett-2stk-piggdekk-sett-for-sykkelvogn\/","og_site_name":"Nordic Cab","article_publisher":"https:\/\/www.facebook.com\/nordiccab","article_modified_time":"2025-04-22T11:05:09+00:00","og_image":[{"width":1000,"height":1000,"url":"https:\/\/nordiccab.com\/wp-content\/uploads\/2024\/07\/Piggdekk-Suomi.jpg","type":"image\/jpeg"}],"twitter_card":"summary_large_image","twitter_misc":{"Ansl. lesetid":"2 minutter"},"schema":{"@context":"https:\/\/schema.org","@graph":[{"@type":"WebPage","@id":"https:\/\/nordiccab.com\/no\/produkt\/suomi-routa-20-piggdekk-sett-2stk-piggdekk-sett-for-sykkelvogn\/","url":"https:\/\/nordiccab.com\/no\/produkt\/suomi-routa-20-piggdekk-sett-2stk-piggdekk-sett-for-sykkelvogn\/","name":"Suomi Routa 20\" Piggdekk (Sett \u00e1 2) \u2013 Perfekt for Vintersykling","isPartOf":{"@id":"https:\/\/nordiccab.com\/no\/#website"},"primaryImageOfPage":{"@id":"https:\/\/nordiccab.com\/no\/produkt\/suomi-routa-20-piggdekk-sett-2stk-piggdekk-sett-for-sykkelvogn\/#primaryimage"},"image":{"@id":"https:\/\/nordiccab.com\/no\/produkt\/suomi-routa-20-piggdekk-sett-2stk-piggdekk-sett-for-sykkelvogn\/#primaryimage"},"thumbnailUrl":"https:\/\/nordiccab.com\/wp-content\/uploads\/2024\/07\/Piggdekk-Suomi.jpg","datePublished":"2024-09-18T08:52:00+00:00","dateModified":"2025-04-22T11:05:09+00:00","description":"Kj\u00f8p Suomi Routa 20\" piggdekk som sett for sykkelvognens hjul. Optimal grep og sikkerhet med 88 pigger og refleksstripe for vinterf\u00f8re.","breadcrumb":{"@id":"https:\/\/nordiccab.com\/no\/produkt\/suomi-routa-20-piggdekk-sett-2stk-piggdekk-sett-for-sykkelvogn\/#breadcrumb"},"inLanguage":"nb-NO","potentialAction":[{"@type":"ReadAction","target":["https:\/\/nordiccab.com\/no\/produkt\/suomi-routa-20-piggdekk-sett-2stk-piggdekk-sett-for-sykkelvogn\/"]}]},{"@type":"ImageObject","inLanguage":"nb-NO","@id":"https:\/\/nordiccab.com\/no\/produkt\/suomi-routa-20-piggdekk-sett-2stk-piggdekk-sett-for-sykkelvogn\/#primaryimage","url":"https:\/\/nordiccab.com\/wp-content\/uploads\/2024\/07\/Piggdekk-Suomi.jpg","contentUrl":"https:\/\/nordiccab.com\/wp-content\/uploads\/2024\/07\/Piggdekk-Suomi.jpg","width":1000,"height":1000,"caption":"piggdekk for sykkelvogn | Suomi Rauta | Nordic Cab"},{"@type":"BreadcrumbList","@id":"https:\/\/nordiccab.com\/no\/produkt\/suomi-routa-20-piggdekk-sett-2stk-piggdekk-sett-for-sykkelvogn\/#breadcrumb","itemListElement":[{"@type":"ListItem","position":1,"name":"Home","item":"https:\/\/nordiccab.com\/no\/"},{"@type":"ListItem","position":2,"name":"Produkter","item":"https:\/\/nordiccab.com\/no\/butikk\/"},{"@type":"ListItem","position":3,"name":"Suomi Routa 20&#8243; Piggdekk (Sett 2stk) &#8211; Piggdekk-sett for sykkelvogn"}]},{"@type":"WebSite","@id":"https:\/\/nordiccab.com\/no\/#website","url":"https:\/\/nordiccab.com\/no\/","name":"Nordic Cab","description":"Start Life Exploring","publisher":{"@id":"https:\/\/nordiccab.com\/no\/#organization"},"potentialAction":[{"@type":"SearchAction","target":{"@type":"EntryPoint","urlTemplate":"https:\/\/nordiccab.com\/no\/?s={search_term_string}"},"query-input":{"@type":"PropertyValueSpecification","valueRequired":true,"valueName":"search_term_string"}}],"inLanguage":"nb-NO"},{"@type":"Organization","@id":"https:\/\/nordiccab.com\/no\/#organization","name":"Nordic Cab Solutions AS","url":"https:\/\/nordiccab.com\/no\/","logo":{"@type":"ImageObject","inLanguage":"nb-NO","@id":"https:\/\/nordiccab.com\/no\/#\/schema\/logo\/image\/","url":"https:\/\/nordiccab.com\/wp-content\/uploads\/2022\/02\/NC-logo.svg","contentUrl":"https:\/\/nordiccab.com\/wp-content\/uploads\/2022\/02\/NC-logo.svg","width":1,"height":1,"caption":"Nordic Cab Solutions AS"},"image":{"@id":"https:\/\/nordiccab.com\/no\/#\/schema\/logo\/image\/"},"sameAs":["https:\/\/www.facebook.com\/nordiccab"]}]}},"_links":{"self":[{"href":"https:\/\/nordiccab.com\/no\/wp-json\/wp\/v2\/product\/24170","targetHints":{"allow":["GET"]}}],"collection":[{"href":"https:\/\/nordiccab.com\/no\/wp-json\/wp\/v2\/product"}],"about":[{"href":"https:\/\/nordiccab.com\/no\/wp-json\/wp\/v2\/types\/product"}],"wp:featuredmedia":[{"embeddable":true,"href":"https:\/\/nordiccab.com\/no\/wp-json\/wp\/v2\/media\/24147"}],"wp:attachment":[{"href":"https:\/\/nordiccab.com\/no\/wp-json\/wp\/v2\/media?parent=24170"}],"wp:term":[{"taxonomy":"product_brand","embeddable":true,"href":"https:\/\/nordiccab.com\/no\/wp-json\/wp\/v2\/product_brand?post=24170"},{"taxonomy":"product_cat","embeddable":true,"href":"https:\/\/nordiccab.com\/no\/wp-json\/wp\/v2\/product_cat?post=24170"},{"taxonomy":"product_tag","embeddable":true,"href":"https:\/\/nordiccab.com\/no\/wp-json\/wp\/v2\/product_tag?post=24170"}],"curies":[{"name":"wp","href":"https:\/\/api.w.org\/{rel}","templated":true}]}}