{"id":23908,"date":"2024-09-21T13:39:00","date_gmt":"2024-11-19T12:53:39","guid":{"rendered":"https:\/\/nordiccab.com\/?post_type=product&#038;p=23908"},"modified":"2025-09-03T17:57:17","modified_gmt":"2025-09-03T15:57:17","slug":"sykkelveske-for-barn-14l","status":"publish","type":"product","link":"https:\/\/nordiccab.com\/no\/produkt\/sykkelveske-for-barn-14l\/","title":{"rendered":"Sykkelveske for Barn 14L"},"content":{"rendered":"\n<h2 class=\"wp-block-heading has-large-font-size\" id=\"h-sykkelveske-for-barn-14l-praktisk-og-goyal-for-sma-syklister\">Sykkelveske for Barn 14L \u2013 Praktisk og G\u00f8yal for Sm\u00e5 Syklister!<\/h2>\n\n\n\n<p>Ser du etter en p\u00e5litelig og stilig sykkelveske til barnas sykkel? Sykkelveske for Barn 14L er den perfekte l\u00f8sningen! Designet spesielt for barn, kombinerer denne vesken funksjonalitet med et morsomt og barnevennlig design. Den lysegr\u00f8nne fargen og de lekne figurene gj\u00f8r den til en favoritt blant de sm\u00e5.<\/p>\n\n\n\n<p>Laget av slitesterk 210D polyester, er vesken b\u00e5de vannavst\u00f8tende og lett, noe som gj\u00f8r den perfekt for daglig bruk og varierende v\u00e6rforhold. Med en total kapasitet p\u00e5 14 liter (7L per side), er det god plass til alle n\u00f8dvendigheter \u2013 snacks, leker, b\u00f8ker eller en liten jakke. Justerbare stropper gj\u00f8r det enkelt \u00e5 feste vesken sikkert til bagasjebrettet, og sikrer en stabil tur.<\/p>\n\n\n\n<p>Glidel\u00e5sene er enkle \u00e5 bruke, slik at barna lett kan f\u00e5 tilgang til tingene sine underveis. Enten det er en familietur eller en rask sykkeltur til skolen. Denne sykkelvesken b\u00e5de praktisk bruk og en g\u00f8yal opplevelse.<\/p>\n\n\n\n<h3 class=\"wp-block-heading has-normal-font-size\" id=\"h-tilpass-din-nordic-cab-til-deres-unike-behov\">Tilpass din Nordic Cab til deres unike behov<\/h3>\n\n\n\n<p>En Nordic Cab Explorer leveres alltid godt utstyrt og med alle deler for \u00e5 bruke de ulike funksjonene. Men vi vet at alle familier er forskjellige. Om du bruker sykkelvogn daglig til og fra barnehagen, eller barnepulk for turer i skogen og p\u00e5 ski. Vi har utviklet en rekke tilbeh\u00f8r for \u00e5 tilpasse vognen etter familiens behov, v\u00e6r, terreng og bruksm\u00f8nster. Ekstrautstyr til Nordic Cab finner du <strong><a href=\"https:\/\/nordiccab.com\/no\/produktkategori\/tilbehor\/sykkelvogn-pulk-nordic-cab-tilbehor-no\/\" target=\"_blank\" rel=\"noreferrer noopener\">her<\/a><\/strong>.<\/p>\n\n\n\n<p><strong><a href=\"https:\/\/nordiccab.com\/no\/produktkategori\/tilbehor\/turutstyr-barn-tilbehor\/\" target=\"_blank\" rel=\"noreferrer noopener\">Turutstyr for barn:<\/a><\/strong> Utforsk v\u00e5rt utvalg av utstyr som gj\u00f8r turene enklere og morsommere for hele familien. Her finner du blant annet truger til pauser p\u00e5 vinterturene med barnepulken og hjelmer for sykkelvogn.<\/p>\n\n\n\n<p><strong><a href=\"https:\/\/nordiccab.com\/no\/produktkategori\/tilbehor\/turutstyr-voksne-tilbehor\/\" target=\"_blank\" rel=\"noreferrer noopener\">Turutstyr for voksne:<\/a><\/strong> I denne kategorien finner du utstyr av h\u00f8y kvalitet som gj\u00f8r turene mer komfortable og funksjonelle. Uansett om du bruker sykkelvogn, barnepulk eller barnevogn.<\/p>\n\n\n\n<p><a href=\"https:\/\/nordiccab.com\/no\/produktkategori\/tilbehor\/akseladapter\/\" target=\"_blank\" rel=\"noreferrer noopener\"><strong>Akseladaptere:<\/strong> <\/a>For \u00e5 gj\u00f8re sykkelvognen kompatibel med ulike sykler, tilbyr vi Europas st\u00f8rste utvalg av universale adaptere. De passer til alle typer sykkelvogner.<\/p>\n","protected":false},"excerpt":{"rendered":"<ul>\n<li><span style=\"color: #008000;\"><strong>14L kapasitet:<\/strong> <\/span>God plass til snacks, leker og n\u00f8dvendigheter.<\/li>\n<li><span style=\"color: #008000;\"><strong>Vannavst\u00f8tende:<\/strong> <\/span>Beskytter innholdet i all slags v\u00e6r.<\/li>\n<li><span style=\"color: #008000;\"><strong>Enkel montering:<\/strong> <\/span>Justerbare stropper for rask og sikker festing.<\/li>\n<li><span style=\"color: #008000;\"><strong>Barnevennlig design:<\/strong><\/span> Lekne figurer og frisk gr\u00f8nn farge.<\/li>\n<\/ul>\n","protected":false},"featured_media":23906,"template":"","meta":{"_genesis_hide_title":false,"_genesis_hide_breadcrumbs":false,"_genesis_hide_singular_image":false,"_genesis_hide_footer_widgets":false,"_genesis_custom_body_class":"","_genesis_custom_post_class":"","_genesis_layout":""},"product_brand":[],"product_cat":[73,653,348,265],"product_tag":[702,729],"class_list":{"0":"post-23908","1":"product","2":"type-product","3":"status-publish","4":"has-post-thumbnail","6":"product_cat-barnepulk-sykkelvogn-baeremeis-utstyr-tilbehor-deler","7":"product_cat-turutstyr-barn-tilbehor","8":"product_cat-gavetips-sykkelvogn-barnepulk-baeremeis","9":"product_cat-outlet-no","10":"product_tag-nordic-cab-tilbehor","11":"product_tag-produkt-stikkord-universelt-tilbehor","12":"entry","14":"first","15":"instock","16":"taxable","17":"shipping-taxable","18":"product-type-simple"},"bundled_by":[],"bundle_stock_status":"instock","bundle_stock_quantity":44,"bundle_virtual":false,"bundle_layout":"","bundle_add_to_cart_form_location":"","bundle_editable_in_cart":false,"bundle_sold_individually_context":"","bundle_item_grouping":"","bundle_min_size":"","bundle_max_size":"","bundle_price":[],"bundled_items":[],"bundle_sell_ids":[],"yoast_head":"<!-- This site is optimized with the Yoast SEO Premium plugin v26.0 (Yoast SEO v26.0) - https:\/\/yoast.com\/wordpress\/plugins\/seo\/ -->\n<title>Sykkelveske for Barn 14L - Nordic Cab<\/title>\n<meta name=\"description\" content=\"Oppdag Sykkelveske for Barn 14L! Praktisk, slitesterk og vannavst\u00f8tende med morsomme figurer. Perfekt for barnas sykkelturer og daglige eventyr.\" \/>\n<meta name=\"robots\" content=\"index, follow, max-snippet:-1, max-image-preview:large, max-video-preview:-1\" \/>\n<link rel=\"canonical\" href=\"https:\/\/nordiccab.com\/no\/produkt\/sykkelveske-for-barn-14l\/\" \/>\n<meta property=\"og:locale\" content=\"nb_NO\" \/>\n<meta property=\"og:type\" content=\"article\" \/>\n<meta property=\"og:title\" content=\"Sykkelveske for Barn 14L\" \/>\n<meta property=\"og:description\" content=\"Oppdag Sykkelveske for Barn 14L! Praktisk, slitesterk og vannavst\u00f8tende med morsomme figurer. Perfekt for barnas sykkelturer og daglige eventyr.\" \/>\n<meta property=\"og:url\" content=\"https:\/\/nordiccab.com\/no\/produkt\/sykkelveske-for-barn-14l\/\" \/>\n<meta property=\"og:site_name\" content=\"Nordic Cab\" \/>\n<meta property=\"article:publisher\" content=\"https:\/\/www.facebook.com\/nordiccab\" \/>\n<meta property=\"article:modified_time\" content=\"2025-09-03T15:57:17+00:00\" \/>\n<meta property=\"og:image\" content=\"https:\/\/nordiccab.com\/wp-content\/uploads\/2024\/11\/4010028.jpg\" \/>\n\t<meta property=\"og:image:width\" content=\"408\" \/>\n\t<meta property=\"og:image:height\" content=\"408\" \/>\n\t<meta property=\"og:image:type\" content=\"image\/jpeg\" \/>\n<meta name=\"twitter:card\" content=\"summary_large_image\" \/>\n<meta name=\"twitter:label1\" content=\"Ansl. lesetid\" \/>\n\t<meta name=\"twitter:data1\" content=\"2 minutter\" \/>\n<script type=\"application\/ld+json\" class=\"yoast-schema-graph\">{\"@context\":\"https:\/\/schema.org\",\"@graph\":[{\"@type\":\"WebPage\",\"@id\":\"https:\/\/nordiccab.com\/no\/produkt\/sykkelveske-for-barn-14l\/\",\"url\":\"https:\/\/nordiccab.com\/no\/produkt\/sykkelveske-for-barn-14l\/\",\"name\":\"Sykkelveske for Barn 14L - Nordic Cab\",\"isPartOf\":{\"@id\":\"https:\/\/nordiccab.com\/no\/#website\"},\"primaryImageOfPage\":{\"@id\":\"https:\/\/nordiccab.com\/no\/produkt\/sykkelveske-for-barn-14l\/#primaryimage\"},\"image\":{\"@id\":\"https:\/\/nordiccab.com\/no\/produkt\/sykkelveske-for-barn-14l\/#primaryimage\"},\"thumbnailUrl\":\"https:\/\/nordiccab.com\/wp-content\/uploads\/2024\/11\/4010028.jpg\",\"datePublished\":\"2024-11-19T12:53:39+00:00\",\"dateModified\":\"2025-09-03T15:57:17+00:00\",\"description\":\"Oppdag Sykkelveske for Barn 14L! Praktisk, slitesterk og vannavst\u00f8tende med morsomme figurer. Perfekt for barnas sykkelturer og daglige eventyr.\",\"breadcrumb\":{\"@id\":\"https:\/\/nordiccab.com\/no\/produkt\/sykkelveske-for-barn-14l\/#breadcrumb\"},\"inLanguage\":\"nb-NO\",\"potentialAction\":[{\"@type\":\"ReadAction\",\"target\":[\"https:\/\/nordiccab.com\/no\/produkt\/sykkelveske-for-barn-14l\/\"]}]},{\"@type\":\"ImageObject\",\"inLanguage\":\"nb-NO\",\"@id\":\"https:\/\/nordiccab.com\/no\/produkt\/sykkelveske-for-barn-14l\/#primaryimage\",\"url\":\"https:\/\/nordiccab.com\/wp-content\/uploads\/2024\/11\/4010028.jpg\",\"contentUrl\":\"https:\/\/nordiccab.com\/wp-content\/uploads\/2024\/11\/4010028.jpg\",\"width\":408,\"height\":408,\"caption\":\"Sykkelveske for Barn | Gr\u00f8nn | Nordic Cab\"},{\"@type\":\"BreadcrumbList\",\"@id\":\"https:\/\/nordiccab.com\/no\/produkt\/sykkelveske-for-barn-14l\/#breadcrumb\",\"itemListElement\":[{\"@type\":\"ListItem\",\"position\":1,\"name\":\"Home\",\"item\":\"https:\/\/nordiccab.com\/no\/\"},{\"@type\":\"ListItem\",\"position\":2,\"name\":\"Produkter\",\"item\":\"https:\/\/nordiccab.com\/no\/butikk\/\"},{\"@type\":\"ListItem\",\"position\":3,\"name\":\"Sykkelveske for Barn 14L\"}]},{\"@type\":\"WebSite\",\"@id\":\"https:\/\/nordiccab.com\/no\/#website\",\"url\":\"https:\/\/nordiccab.com\/no\/\",\"name\":\"Nordic Cab\",\"description\":\"Start Life Exploring\",\"publisher\":{\"@id\":\"https:\/\/nordiccab.com\/no\/#organization\"},\"potentialAction\":[{\"@type\":\"SearchAction\",\"target\":{\"@type\":\"EntryPoint\",\"urlTemplate\":\"https:\/\/nordiccab.com\/no\/?s={search_term_string}\"},\"query-input\":{\"@type\":\"PropertyValueSpecification\",\"valueRequired\":true,\"valueName\":\"search_term_string\"}}],\"inLanguage\":\"nb-NO\"},{\"@type\":\"Organization\",\"@id\":\"https:\/\/nordiccab.com\/no\/#organization\",\"name\":\"Nordic Cab Solutions AS\",\"url\":\"https:\/\/nordiccab.com\/no\/\",\"logo\":{\"@type\":\"ImageObject\",\"inLanguage\":\"nb-NO\",\"@id\":\"https:\/\/nordiccab.com\/no\/#\/schema\/logo\/image\/\",\"url\":\"https:\/\/nordiccab.com\/wp-content\/uploads\/2022\/02\/NC-logo.svg\",\"contentUrl\":\"https:\/\/nordiccab.com\/wp-content\/uploads\/2022\/02\/NC-logo.svg\",\"width\":1,\"height\":1,\"caption\":\"Nordic Cab Solutions AS\"},\"image\":{\"@id\":\"https:\/\/nordiccab.com\/no\/#\/schema\/logo\/image\/\"},\"sameAs\":[\"https:\/\/www.facebook.com\/nordiccab\"]}]}<\/script>\n<!-- \/ Yoast SEO Premium plugin. -->","yoast_head_json":{"title":"Sykkelveske for Barn 14L - Nordic Cab","description":"Oppdag Sykkelveske for Barn 14L! Praktisk, slitesterk og vannavst\u00f8tende med morsomme figurer. Perfekt for barnas sykkelturer og daglige eventyr.","robots":{"index":"index","follow":"follow","max-snippet":"max-snippet:-1","max-image-preview":"max-image-preview:large","max-video-preview":"max-video-preview:-1"},"canonical":"https:\/\/nordiccab.com\/no\/produkt\/sykkelveske-for-barn-14l\/","og_locale":"nb_NO","og_type":"article","og_title":"Sykkelveske for Barn 14L","og_description":"Oppdag Sykkelveske for Barn 14L! Praktisk, slitesterk og vannavst\u00f8tende med morsomme figurer. Perfekt for barnas sykkelturer og daglige eventyr.","og_url":"https:\/\/nordiccab.com\/no\/produkt\/sykkelveske-for-barn-14l\/","og_site_name":"Nordic Cab","article_publisher":"https:\/\/www.facebook.com\/nordiccab","article_modified_time":"2025-09-03T15:57:17+00:00","og_image":[{"width":408,"height":408,"url":"https:\/\/nordiccab.com\/wp-content\/uploads\/2024\/11\/4010028.jpg","type":"image\/jpeg"}],"twitter_card":"summary_large_image","twitter_misc":{"Ansl. lesetid":"2 minutter"},"schema":{"@context":"https:\/\/schema.org","@graph":[{"@type":"WebPage","@id":"https:\/\/nordiccab.com\/no\/produkt\/sykkelveske-for-barn-14l\/","url":"https:\/\/nordiccab.com\/no\/produkt\/sykkelveske-for-barn-14l\/","name":"Sykkelveske for Barn 14L - Nordic Cab","isPartOf":{"@id":"https:\/\/nordiccab.com\/no\/#website"},"primaryImageOfPage":{"@id":"https:\/\/nordiccab.com\/no\/produkt\/sykkelveske-for-barn-14l\/#primaryimage"},"image":{"@id":"https:\/\/nordiccab.com\/no\/produkt\/sykkelveske-for-barn-14l\/#primaryimage"},"thumbnailUrl":"https:\/\/nordiccab.com\/wp-content\/uploads\/2024\/11\/4010028.jpg","datePublished":"2024-11-19T12:53:39+00:00","dateModified":"2025-09-03T15:57:17+00:00","description":"Oppdag Sykkelveske for Barn 14L! Praktisk, slitesterk og vannavst\u00f8tende med morsomme figurer. Perfekt for barnas sykkelturer og daglige eventyr.","breadcrumb":{"@id":"https:\/\/nordiccab.com\/no\/produkt\/sykkelveske-for-barn-14l\/#breadcrumb"},"inLanguage":"nb-NO","potentialAction":[{"@type":"ReadAction","target":["https:\/\/nordiccab.com\/no\/produkt\/sykkelveske-for-barn-14l\/"]}]},{"@type":"ImageObject","inLanguage":"nb-NO","@id":"https:\/\/nordiccab.com\/no\/produkt\/sykkelveske-for-barn-14l\/#primaryimage","url":"https:\/\/nordiccab.com\/wp-content\/uploads\/2024\/11\/4010028.jpg","contentUrl":"https:\/\/nordiccab.com\/wp-content\/uploads\/2024\/11\/4010028.jpg","width":408,"height":408,"caption":"Sykkelveske for Barn | Gr\u00f8nn | Nordic Cab"},{"@type":"BreadcrumbList","@id":"https:\/\/nordiccab.com\/no\/produkt\/sykkelveske-for-barn-14l\/#breadcrumb","itemListElement":[{"@type":"ListItem","position":1,"name":"Home","item":"https:\/\/nordiccab.com\/no\/"},{"@type":"ListItem","position":2,"name":"Produkter","item":"https:\/\/nordiccab.com\/no\/butikk\/"},{"@type":"ListItem","position":3,"name":"Sykkelveske for Barn 14L"}]},{"@type":"WebSite","@id":"https:\/\/nordiccab.com\/no\/#website","url":"https:\/\/nordiccab.com\/no\/","name":"Nordic Cab","description":"Start Life Exploring","publisher":{"@id":"https:\/\/nordiccab.com\/no\/#organization"},"potentialAction":[{"@type":"SearchAction","target":{"@type":"EntryPoint","urlTemplate":"https:\/\/nordiccab.com\/no\/?s={search_term_string}"},"query-input":{"@type":"PropertyValueSpecification","valueRequired":true,"valueName":"search_term_string"}}],"inLanguage":"nb-NO"},{"@type":"Organization","@id":"https:\/\/nordiccab.com\/no\/#organization","name":"Nordic Cab Solutions AS","url":"https:\/\/nordiccab.com\/no\/","logo":{"@type":"ImageObject","inLanguage":"nb-NO","@id":"https:\/\/nordiccab.com\/no\/#\/schema\/logo\/image\/","url":"https:\/\/nordiccab.com\/wp-content\/uploads\/2022\/02\/NC-logo.svg","contentUrl":"https:\/\/nordiccab.com\/wp-content\/uploads\/2022\/02\/NC-logo.svg","width":1,"height":1,"caption":"Nordic Cab Solutions AS"},"image":{"@id":"https:\/\/nordiccab.com\/no\/#\/schema\/logo\/image\/"},"sameAs":["https:\/\/www.facebook.com\/nordiccab"]}]}},"_links":{"self":[{"href":"https:\/\/nordiccab.com\/no\/wp-json\/wp\/v2\/product\/23908","targetHints":{"allow":["GET"]}}],"collection":[{"href":"https:\/\/nordiccab.com\/no\/wp-json\/wp\/v2\/product"}],"about":[{"href":"https:\/\/nordiccab.com\/no\/wp-json\/wp\/v2\/types\/product"}],"wp:featuredmedia":[{"embeddable":true,"href":"https:\/\/nordiccab.com\/no\/wp-json\/wp\/v2\/media\/23906"}],"wp:attachment":[{"href":"https:\/\/nordiccab.com\/no\/wp-json\/wp\/v2\/media?parent=23908"}],"wp:term":[{"taxonomy":"product_brand","embeddable":true,"href":"https:\/\/nordiccab.com\/no\/wp-json\/wp\/v2\/product_brand?post=23908"},{"taxonomy":"product_cat","embeddable":true,"href":"https:\/\/nordiccab.com\/no\/wp-json\/wp\/v2\/product_cat?post=23908"},{"taxonomy":"product_tag","embeddable":true,"href":"https:\/\/nordiccab.com\/no\/wp-json\/wp\/v2\/product_tag?post=23908"}],"curies":[{"name":"wp","href":"https:\/\/api.w.org\/{rel}","templated":true}]}}