{"id":23274,"date":"2024-05-18T10:06:00","date_gmt":"2024-05-18T08:06:00","guid":{"rendered":"https:\/\/nordiccab.com\/?post_type=product&#038;p=23274"},"modified":"2025-04-22T13:05:40","modified_gmt":"2025-04-22T11:05:40","slug":"lette-truger-crescent-moon-eco-eva","status":"publish","type":"product","link":"https:\/\/nordiccab.com\/no\/produkt\/lette-truger-crescent-moon-eco-eva\/","title":{"rendered":"Lette Truger \u2013 Crescent Moon Eco Eva"},"content":{"rendered":"\n<p>Oppdag Crescent Moon Eco Eva \u2013 lette truger designet for vinterentusiaster. Med innovativ EVA-skum og bio-kalsiumkarbonat, er disse trugene b\u00e5de utrolig lette og biologisk nedbrytbare, et b\u00e6rekraftig valg for friluftsentusiaster.<\/p>\n\n\n\n<p>For ekstra komfort og avansert grep, sjekk ut v\u00e5re <strong><a href=\"https:\/\/nordiccab.com\/no\/produkt\/truger-med-godt-grep-crescent-moon-eva-foam\/\" target=\"_blank\" rel=\"noreferrer noopener\">Crescent Moon EVA Foam Truger <\/a><\/strong>\u2013 en toppmodell med prisvinnende design. Disse trugene er perfekte for b\u00e5de nybegynnere og erfarne turg\u00e5ere som \u00f8nsker maksimal ytelse p\u00e5 vintereventyrene!<br>Vi har ogs\u00e5 truger for <strong><a href=\"https:\/\/nordiccab.com\/no\/produkt\/lette-truger-for-barn-crescent-moon-ocean-blue\/\" target=\"_blank\" rel=\"noreferrer noopener\">barn (bl\u00e5<\/a><\/strong> | <strong><a href=\"https:\/\/nordiccab.com\/no\/produkt\/truger-for-barn-candy-pink-crescent-moon\/\" target=\"_blank\" rel=\"noreferrer noopener\">rosa<\/a><\/strong>), s\u00e5 hele familien kan v\u00e6re med ut i sn\u00f8en.<\/p>\n\n\n\n<h2 class=\"wp-block-heading has-larger-font-size\" id=\"h-egenskaper-og-fordeler-med-crescent-moon-lette-truger\">Egenskaper og Fordeler med Crescent Moon Lette Truger<\/h2>\n\n\n\n<h3 class=\"wp-block-heading has-large-font-size\" id=\"h-innovativt-og-lettvektsdesign\">Innovativt og Lettvektsdesign<\/h3>\n\n\n\n<p>Crescent Moon Eco Eva truger kombinerer EVA-skum med LW Green, et bio-kalsiumkarbonatmateriale som brytes ned naturlig n\u00e5r det utsettes for jord. Med en vekt p\u00e5 kun 1,1 kg per par gir disse lette trugene en naturlig og intuitiv gange, perfekt for turstier, fotturer og avslappende vinteraktiviteter.<\/p>\n\n\n\n<h3 class=\"wp-block-heading has-large-font-size\" id=\"h-komfortabel-og-fleksibel-passform\">Komfortabel og Fleksibel Passform<\/h3>\n\n\n\n<p>Disse trugene er laget for b\u00e5de menn og kvinner, med en komfortabel passform og enkle borrel\u00e5sfester som tilpasses ulike skost\u00f8rrelser. Den unike rocker-plattformen b\u00f8yer seg med hvert steg, p\u00e5 samme m\u00e5te som joggesko, noe som gir ekstra varme og komfort p\u00e5 vinterturer.<\/p>\n\n\n\n<h3 class=\"wp-block-heading has-large-font-size\" id=\"h-miljovennlig-og-slitesterkt-valg\">Milj\u00f8vennlig og Slitesterkt Valg<\/h3>\n\n\n\n<p>Laget for \u00e5 redusere milj\u00f8p\u00e5virkningen, brytes LW Green-materialet naturlig ned n\u00e5r det begraves, noe som minimerer avfall. Slitesterke gummipigger og isbrodder gir trygt grep p\u00e5 hardpakket sn\u00f8 og isete underlag. Det gj\u00f8r trugene b\u00e5de robuste og milj\u00f8vennlige.<\/p>\n\n\n\n<figure class=\"wp-block-embed is-type-video is-provider-youtube wp-block-embed-youtube wp-embed-aspect-16-9 wp-has-aspect-ratio\"><div class=\"wp-block-embed__wrapper\">\n<iframe loading=\"lazy\" title=\"Crescent Moon Foam Snowshoes - The Easy to Use, Lightweight, Comfortable and Quiet Snowshoes\" width=\"500\" height=\"281\" src=\"https:\/\/www.youtube.com\/embed\/EzWk_5SrDdg?feature=oembed\" frameborder=\"0\" allow=\"accelerometer; autoplay; clipboard-write; encrypted-media; gyroscope; picture-in-picture; web-share\" referrerpolicy=\"strict-origin-when-cross-origin\" allowfullscreen><\/iframe>\n<\/div><\/figure>\n\n\n\n<h2 class=\"wp-block-heading has-larger-font-size\" id=\"h-nordic-cab-og-crescent-moon-et-baerekraftig-partnerskap-for-vintereventyr\">Nordic Cab og Crescent Moon \u2013 Et B\u00e6rekraftig Partnerskap for Vintereventyr<\/h2>\n\n\n\n<p>Tilgjengelig eksklusivt gjennom Nordic Cab i Europa, er Crescent Moon Eco Eva truger det ultimate valget for b\u00e6rekraftig vinterutforskning. Nordic Cab og Crescent Moon deler en forpliktelse til milj\u00f8vennlige produkter og tilbyr kundene et unikt utvalg av innovative truger for bedre vinteropplevelser.<\/p>\n\n\n\n<p>Disse lette trugene er ideelle for turg\u00e5ere som bruker Nordic Cab-utstyr, og gir en stille og komfortabel bevegelse p\u00e5 sn\u00f8dekte stier. For de som er klare til \u00e5 omfavne vinterens skj\u00f8nnhet, er Eco Eva trugene et utmerket valg.<\/p>\n\n\n\n<h2 class=\"wp-block-heading has-larger-font-size\" id=\"h-hvorfor-velge-crescent-moon-eco-eva-lette-truger\">Hvorfor Velge Crescent Moon Eco Eva Lette Truger?<\/h2>\n\n\n\n<p><a href=\"https:\/\/crescentmoonsnowshoes.com\/\" target=\"_blank\" rel=\"noreferrer noopener\">Crescent Moon<\/a> har revolusjonert markedet for tradisjonelle truger med disse lette skumtrugene, som gir komfort, stille ytelse og minimal milj\u00f8p\u00e5virkning. Enten du er nybegynner eller erfaren turg\u00e5er, gir disse trugene en intuitiv opplevelse med slitesterkt grep under alle forhold.<\/p>\n\n\n\n<p>Sammen med Nordic Cab-utstyr gir Crescent Moon truger en komplett, b\u00e6rekraftig vintersatsning for enhver friluftsentusiast.<\/p>\n","protected":false},"excerpt":{"rendered":"<ul>\n<li><strong><span style=\"color: #008000;\">Lett og komfortabel<\/span>:<\/strong> EVA-skum og bio-materiale gir en naturlig, enkel gange.<\/li>\n<li><span style=\"color: #008000;\"><strong>Milj\u00f8vennlig:<\/strong><\/span> Brytes naturlig ned n\u00e5r de begraves, med lavt milj\u00f8avtrykk.<\/li>\n<li><span style=\"color: #008000;\"><strong>Solid grep:<\/strong><\/span> Gummipigger og isbrodder gir stabilitet p\u00e5 is og hardpakket sn\u00f8.<\/li>\n<li><span style=\"color: #008000;\"><strong>Fleksibel passform:<\/strong><\/span> Rocker-plattformen f\u00f8lger fotens bevegelser for ekstra komfort.<\/li>\n<li><span style=\"color: #008000;\"><strong>Rimelig kvalitet:<\/strong><\/span> Perfekt for nybegynnere og erfarne turg\u00e5ere til en overkommelig pris.<\/li>\n<\/ul>\n","protected":false},"featured_media":23272,"template":"","meta":{"_genesis_hide_title":false,"_genesis_hide_breadcrumbs":false,"_genesis_hide_singular_image":false,"_genesis_hide_footer_widgets":false,"_genesis_custom_body_class":"","_genesis_custom_post_class":"","_genesis_layout":""},"product_brand":[],"product_cat":[89],"product_tag":[691,729],"class_list":{"0":"post-23274","1":"product","2":"type-product","3":"status-publish","4":"has-post-thumbnail","6":"product_cat-ukategorisert-no","7":"product_tag-crecent-moon-no","8":"product_tag-produkt-stikkord-universelt-tilbehor","9":"entry","11":"first","12":"outofstock","13":"taxable","14":"shipping-taxable","15":"product-type-simple"},"bundled_by":[],"bundle_stock_status":"outofstock","bundle_stock_quantity":null,"bundle_virtual":false,"bundle_layout":"","bundle_add_to_cart_form_location":"","bundle_editable_in_cart":false,"bundle_sold_individually_context":"","bundle_item_grouping":"","bundle_min_size":"","bundle_max_size":"","bundle_price":[],"bundled_items":[],"bundle_sell_ids":[],"yoast_head":"<!-- This site is optimized with the Yoast SEO Premium plugin v26.0 (Yoast SEO v26.0) - https:\/\/yoast.com\/wordpress\/plugins\/seo\/ -->\n<title>Lette og Rimelige Truger for Voksne - Crescent Moon Eco Eva Gr\u00e5<\/title>\n<meta name=\"description\" content=\"Rimelige, lette truger for voksne fra Crescent Moon \u2013 milj\u00f8vennlig EVA-skum og bio-materiale som gir komfort og grep. Perfekt for vinterturer.\" \/>\n<meta name=\"robots\" content=\"index, follow, max-snippet:-1, max-image-preview:large, max-video-preview:-1\" \/>\n<link rel=\"canonical\" href=\"https:\/\/nordiccab.com\/no\/produkt\/lette-truger-crescent-moon-eco-eva\/\" \/>\n<meta property=\"og:locale\" content=\"nb_NO\" \/>\n<meta property=\"og:type\" content=\"article\" \/>\n<meta property=\"og:title\" content=\"Lette Truger \u2013 Crescent Moon Eco Eva\" \/>\n<meta property=\"og:description\" content=\"Rimelige, lette truger for voksne fra Crescent Moon \u2013 milj\u00f8vennlig EVA-skum og bio-materiale som gir komfort og grep. Perfekt for vinterturer.\" \/>\n<meta property=\"og:url\" content=\"https:\/\/nordiccab.com\/no\/produkt\/lette-truger-crescent-moon-eco-eva\/\" \/>\n<meta property=\"og:site_name\" content=\"Nordic Cab\" \/>\n<meta property=\"article:publisher\" content=\"https:\/\/www.facebook.com\/nordiccab\" \/>\n<meta property=\"article:modified_time\" content=\"2025-04-22T11:05:40+00:00\" \/>\n<meta property=\"og:image\" content=\"https:\/\/nordiccab.com\/wp-content\/uploads\/2024\/10\/Eco_Eva_Side_View__58835.jpg\" \/>\n\t<meta property=\"og:image:width\" content=\"1280\" \/>\n\t<meta property=\"og:image:height\" content=\"1280\" \/>\n\t<meta property=\"og:image:type\" content=\"image\/jpeg\" \/>\n<meta name=\"twitter:card\" content=\"summary_large_image\" \/>\n<meta name=\"twitter:label1\" content=\"Ansl. lesetid\" \/>\n\t<meta name=\"twitter:data1\" content=\"2 minutter\" \/>\n<script type=\"application\/ld+json\" class=\"yoast-schema-graph\">{\"@context\":\"https:\/\/schema.org\",\"@graph\":[{\"@type\":\"WebPage\",\"@id\":\"https:\/\/nordiccab.com\/no\/produkt\/lette-truger-crescent-moon-eco-eva\/\",\"url\":\"https:\/\/nordiccab.com\/no\/produkt\/lette-truger-crescent-moon-eco-eva\/\",\"name\":\"Lette og Rimelige Truger for Voksne - Crescent Moon Eco Eva Gr\u00e5\",\"isPartOf\":{\"@id\":\"https:\/\/nordiccab.com\/no\/#website\"},\"primaryImageOfPage\":{\"@id\":\"https:\/\/nordiccab.com\/no\/produkt\/lette-truger-crescent-moon-eco-eva\/#primaryimage\"},\"image\":{\"@id\":\"https:\/\/nordiccab.com\/no\/produkt\/lette-truger-crescent-moon-eco-eva\/#primaryimage\"},\"thumbnailUrl\":\"https:\/\/nordiccab.com\/wp-content\/uploads\/2024\/10\/Eco_Eva_Side_View__58835.jpg\",\"datePublished\":\"2024-05-18T08:06:00+00:00\",\"dateModified\":\"2025-04-22T11:05:40+00:00\",\"description\":\"Rimelige, lette truger for voksne fra Crescent Moon \u2013 milj\u00f8vennlig EVA-skum og bio-materiale som gir komfort og grep. Perfekt for vinterturer.\",\"breadcrumb\":{\"@id\":\"https:\/\/nordiccab.com\/no\/produkt\/lette-truger-crescent-moon-eco-eva\/#breadcrumb\"},\"inLanguage\":\"nb-NO\",\"potentialAction\":[{\"@type\":\"ReadAction\",\"target\":[\"https:\/\/nordiccab.com\/no\/produkt\/lette-truger-crescent-moon-eco-eva\/\"]}]},{\"@type\":\"ImageObject\",\"inLanguage\":\"nb-NO\",\"@id\":\"https:\/\/nordiccab.com\/no\/produkt\/lette-truger-crescent-moon-eco-eva\/#primaryimage\",\"url\":\"https:\/\/nordiccab.com\/wp-content\/uploads\/2024\/10\/Eco_Eva_Side_View__58835.jpg\",\"contentUrl\":\"https:\/\/nordiccab.com\/wp-content\/uploads\/2024\/10\/Eco_Eva_Side_View__58835.jpg\",\"width\":1280,\"height\":1280,\"caption\":\"Lette truger | gr\u00e5 | Crescent Moon\"},{\"@type\":\"BreadcrumbList\",\"@id\":\"https:\/\/nordiccab.com\/no\/produkt\/lette-truger-crescent-moon-eco-eva\/#breadcrumb\",\"itemListElement\":[{\"@type\":\"ListItem\",\"position\":1,\"name\":\"Home\",\"item\":\"https:\/\/nordiccab.com\/no\/\"},{\"@type\":\"ListItem\",\"position\":2,\"name\":\"Produkter\",\"item\":\"https:\/\/nordiccab.com\/no\/butikk\/\"},{\"@type\":\"ListItem\",\"position\":3,\"name\":\"Lette Truger \u2013 Crescent Moon Eco Eva\"}]},{\"@type\":\"WebSite\",\"@id\":\"https:\/\/nordiccab.com\/no\/#website\",\"url\":\"https:\/\/nordiccab.com\/no\/\",\"name\":\"Nordic Cab\",\"description\":\"Start Life Exploring\",\"publisher\":{\"@id\":\"https:\/\/nordiccab.com\/no\/#organization\"},\"potentialAction\":[{\"@type\":\"SearchAction\",\"target\":{\"@type\":\"EntryPoint\",\"urlTemplate\":\"https:\/\/nordiccab.com\/no\/?s={search_term_string}\"},\"query-input\":{\"@type\":\"PropertyValueSpecification\",\"valueRequired\":true,\"valueName\":\"search_term_string\"}}],\"inLanguage\":\"nb-NO\"},{\"@type\":\"Organization\",\"@id\":\"https:\/\/nordiccab.com\/no\/#organization\",\"name\":\"Nordic Cab Solutions AS\",\"url\":\"https:\/\/nordiccab.com\/no\/\",\"logo\":{\"@type\":\"ImageObject\",\"inLanguage\":\"nb-NO\",\"@id\":\"https:\/\/nordiccab.com\/no\/#\/schema\/logo\/image\/\",\"url\":\"https:\/\/nordiccab.com\/wp-content\/uploads\/2022\/02\/NC-logo.svg\",\"contentUrl\":\"https:\/\/nordiccab.com\/wp-content\/uploads\/2022\/02\/NC-logo.svg\",\"width\":1,\"height\":1,\"caption\":\"Nordic Cab Solutions AS\"},\"image\":{\"@id\":\"https:\/\/nordiccab.com\/no\/#\/schema\/logo\/image\/\"},\"sameAs\":[\"https:\/\/www.facebook.com\/nordiccab\"]}]}<\/script>\n<!-- \/ Yoast SEO Premium plugin. -->","yoast_head_json":{"title":"Lette og Rimelige Truger for Voksne - Crescent Moon Eco Eva Gr\u00e5","description":"Rimelige, lette truger for voksne fra Crescent Moon \u2013 milj\u00f8vennlig EVA-skum og bio-materiale som gir komfort og grep. Perfekt for vinterturer.","robots":{"index":"index","follow":"follow","max-snippet":"max-snippet:-1","max-image-preview":"max-image-preview:large","max-video-preview":"max-video-preview:-1"},"canonical":"https:\/\/nordiccab.com\/no\/produkt\/lette-truger-crescent-moon-eco-eva\/","og_locale":"nb_NO","og_type":"article","og_title":"Lette Truger \u2013 Crescent Moon Eco Eva","og_description":"Rimelige, lette truger for voksne fra Crescent Moon \u2013 milj\u00f8vennlig EVA-skum og bio-materiale som gir komfort og grep. Perfekt for vinterturer.","og_url":"https:\/\/nordiccab.com\/no\/produkt\/lette-truger-crescent-moon-eco-eva\/","og_site_name":"Nordic Cab","article_publisher":"https:\/\/www.facebook.com\/nordiccab","article_modified_time":"2025-04-22T11:05:40+00:00","og_image":[{"width":1280,"height":1280,"url":"https:\/\/nordiccab.com\/wp-content\/uploads\/2024\/10\/Eco_Eva_Side_View__58835.jpg","type":"image\/jpeg"}],"twitter_card":"summary_large_image","twitter_misc":{"Ansl. lesetid":"2 minutter"},"schema":{"@context":"https:\/\/schema.org","@graph":[{"@type":"WebPage","@id":"https:\/\/nordiccab.com\/no\/produkt\/lette-truger-crescent-moon-eco-eva\/","url":"https:\/\/nordiccab.com\/no\/produkt\/lette-truger-crescent-moon-eco-eva\/","name":"Lette og Rimelige Truger for Voksne - Crescent Moon Eco Eva Gr\u00e5","isPartOf":{"@id":"https:\/\/nordiccab.com\/no\/#website"},"primaryImageOfPage":{"@id":"https:\/\/nordiccab.com\/no\/produkt\/lette-truger-crescent-moon-eco-eva\/#primaryimage"},"image":{"@id":"https:\/\/nordiccab.com\/no\/produkt\/lette-truger-crescent-moon-eco-eva\/#primaryimage"},"thumbnailUrl":"https:\/\/nordiccab.com\/wp-content\/uploads\/2024\/10\/Eco_Eva_Side_View__58835.jpg","datePublished":"2024-05-18T08:06:00+00:00","dateModified":"2025-04-22T11:05:40+00:00","description":"Rimelige, lette truger for voksne fra Crescent Moon \u2013 milj\u00f8vennlig EVA-skum og bio-materiale som gir komfort og grep. Perfekt for vinterturer.","breadcrumb":{"@id":"https:\/\/nordiccab.com\/no\/produkt\/lette-truger-crescent-moon-eco-eva\/#breadcrumb"},"inLanguage":"nb-NO","potentialAction":[{"@type":"ReadAction","target":["https:\/\/nordiccab.com\/no\/produkt\/lette-truger-crescent-moon-eco-eva\/"]}]},{"@type":"ImageObject","inLanguage":"nb-NO","@id":"https:\/\/nordiccab.com\/no\/produkt\/lette-truger-crescent-moon-eco-eva\/#primaryimage","url":"https:\/\/nordiccab.com\/wp-content\/uploads\/2024\/10\/Eco_Eva_Side_View__58835.jpg","contentUrl":"https:\/\/nordiccab.com\/wp-content\/uploads\/2024\/10\/Eco_Eva_Side_View__58835.jpg","width":1280,"height":1280,"caption":"Lette truger | gr\u00e5 | Crescent Moon"},{"@type":"BreadcrumbList","@id":"https:\/\/nordiccab.com\/no\/produkt\/lette-truger-crescent-moon-eco-eva\/#breadcrumb","itemListElement":[{"@type":"ListItem","position":1,"name":"Home","item":"https:\/\/nordiccab.com\/no\/"},{"@type":"ListItem","position":2,"name":"Produkter","item":"https:\/\/nordiccab.com\/no\/butikk\/"},{"@type":"ListItem","position":3,"name":"Lette Truger \u2013 Crescent Moon Eco Eva"}]},{"@type":"WebSite","@id":"https:\/\/nordiccab.com\/no\/#website","url":"https:\/\/nordiccab.com\/no\/","name":"Nordic Cab","description":"Start Life Exploring","publisher":{"@id":"https:\/\/nordiccab.com\/no\/#organization"},"potentialAction":[{"@type":"SearchAction","target":{"@type":"EntryPoint","urlTemplate":"https:\/\/nordiccab.com\/no\/?s={search_term_string}"},"query-input":{"@type":"PropertyValueSpecification","valueRequired":true,"valueName":"search_term_string"}}],"inLanguage":"nb-NO"},{"@type":"Organization","@id":"https:\/\/nordiccab.com\/no\/#organization","name":"Nordic Cab Solutions AS","url":"https:\/\/nordiccab.com\/no\/","logo":{"@type":"ImageObject","inLanguage":"nb-NO","@id":"https:\/\/nordiccab.com\/no\/#\/schema\/logo\/image\/","url":"https:\/\/nordiccab.com\/wp-content\/uploads\/2022\/02\/NC-logo.svg","contentUrl":"https:\/\/nordiccab.com\/wp-content\/uploads\/2022\/02\/NC-logo.svg","width":1,"height":1,"caption":"Nordic Cab Solutions AS"},"image":{"@id":"https:\/\/nordiccab.com\/no\/#\/schema\/logo\/image\/"},"sameAs":["https:\/\/www.facebook.com\/nordiccab"]}]}},"_links":{"self":[{"href":"https:\/\/nordiccab.com\/no\/wp-json\/wp\/v2\/product\/23274","targetHints":{"allow":["GET"]}}],"collection":[{"href":"https:\/\/nordiccab.com\/no\/wp-json\/wp\/v2\/product"}],"about":[{"href":"https:\/\/nordiccab.com\/no\/wp-json\/wp\/v2\/types\/product"}],"wp:featuredmedia":[{"embeddable":true,"href":"https:\/\/nordiccab.com\/no\/wp-json\/wp\/v2\/media\/23272"}],"wp:attachment":[{"href":"https:\/\/nordiccab.com\/no\/wp-json\/wp\/v2\/media?parent=23274"}],"wp:term":[{"taxonomy":"product_brand","embeddable":true,"href":"https:\/\/nordiccab.com\/no\/wp-json\/wp\/v2\/product_brand?post=23274"},{"taxonomy":"product_cat","embeddable":true,"href":"https:\/\/nordiccab.com\/no\/wp-json\/wp\/v2\/product_cat?post=23274"},{"taxonomy":"product_tag","embeddable":true,"href":"https:\/\/nordiccab.com\/no\/wp-json\/wp\/v2\/product_tag?post=23274"}],"curies":[{"name":"wp","href":"https:\/\/api.w.org\/{rel}","templated":true}]}}