{"id":23099,"date":"2024-05-17T11:55:00","date_gmt":"2024-05-17T09:55:00","guid":{"rendered":"https:\/\/nordiccab.com\/?post_type=product&#038;p=23099"},"modified":"2025-01-26T14:47:11","modified_gmt":"2025-01-26T13:47:11","slug":"hpyfoot-rod-lav-fotpose","status":"publish","type":"product","link":"https:\/\/nordiccab.com\/no\/produkt\/hpyfoot-rod-lav-fotpose\/","title":{"rendered":"HPYFOOT R\u00f8d Fotpose (S: 34-38)"},"content":{"rendered":"\n<h2 class=\"wp-block-heading has-large-font-size\" id=\"h-norsk-designet-fotpose-for-varme-og-slitestyrke\">Norsk-designet fotpose for varme og slitestyrke<\/h2>\n\n\n\n<p>Den norske merkevaren HPYFOOT har designet denne r\u00f8de fotposen i st\u00f8rrelse 34-38 for \u00e5 gi optimal komfort og varme i kaldt v\u00e6r. HPYFOOT, som deler Nordic Cabs fokus p\u00e5 kvalitet, skaper produkter spesialtilpasset for nordiske vintre, slik at du kan stole p\u00e5 b\u00e5de varmen og holdbarheten. Den r\u00f8de fotposen er laget for deg som trenger lett og komfortabel fotbeskyttelse. Den er enkel \u00e5 ta av og p\u00e5 \u2013 perfekt for sportsarrangementer, foreldre p\u00e5 sidelinjen og alle som \u00f8nsker p\u00e5litelig varme.<\/p>\n\n\n\n<h3 class=\"wp-block-heading has-large-font-size\" id=\"h-perfekt-fotpose-for-bade-barn-og-voksne-som-er-pa-skitur-med-pulken\">Perfekt fotpose for b\u00e5de barn og voksne som er p\u00e5 skitur med pulken<\/h3>\n\n\n\n<p>Fotposene tres enkelt utenp\u00e5 skiskoen, som ellers kan bli kald. Den minste st\u00f8rrelsen 34-38 kan ogs\u00e5 brukes p\u00e5 mindre st\u00f8rrelser, noe som gir ekstra varme og komfort for barnet n\u00e5r det hviler i pulken med skiskoa p\u00e5. Enten man skal ta en pause for \u00e5 grille p\u00f8lser, spise matpakken eller bare nyte utend\u00f8rslivet. HPYFOOT fotposene gir rask og p\u00e5litelig varme.<\/p>\n\n\n\n<p>Laget av materialer av h\u00f8y kvalitet, med en slitesterk s\u00e5le og isolert innside som holder f\u00f8ttene varme selv p\u00e5 de kaldeste dagene. HPYFOOTs produkter er inspirert av den norske naturen og gir praktisk varmebeskyttelse slik at du kan nyte utelivet uansett temperatur.<\/p>\n\n\n\n<h3 class=\"wp-block-heading has-large-font-size\" id=\"h-vi-har-fotposer-i-flere-storrelser\">Vi har fotposer i flere st\u00f8rrelser:<\/h3>\n\n\n\n<ul class=\"wp-block-list\">\n<li><strong><a href=\"https:\/\/nordiccab.com\/no\/produkt\/enkel-fotpose-hpyfoot-nordic-cab\/\" target=\"_blank\" rel=\"noreferrer noopener\">HPYFOOT Oransje Fotpose (M: 37-40)<\/a><\/strong><\/li>\n\n\n\n<li><strong><a href=\"https:\/\/nordiccab.com\/no\/produkt\/morkebla-fotposer-hpyfoot-nordic-cab\/\" target=\"_blank\" rel=\"noreferrer noopener\">HPYFOOT M\u00f8rkebl\u00e5 Fotpose (L: 39-43)<\/a><\/strong><\/li>\n\n\n\n<li><strong><a href=\"https:\/\/nordiccab.com\/no\/produkt\/fotpose-olivengronn-hpyfoot-nordic-cab\/\" target=\"_blank\" rel=\"noreferrer noopener\">HPYFOOT Olivengr\u00f8nn Fotpose (XL: 42-46)<\/a><\/strong><\/li>\n<\/ul>\n\n\n\n<figure class=\"wp-block-image size-large\"><a href=\"https:\/\/nordiccab.com\/wp-content\/uploads\/2024\/05\/Skjermbilde_2023-01-15_kl._16.30.47-1024x450.png\"><img loading=\"lazy\" decoding=\"async\" width=\"1024\" height=\"450\" src=\"https:\/\/nordiccab.com\/wp-content\/uploads\/2024\/05\/Skjermbilde_2023-01-15_kl._16.30.47-1024x450.png\" alt=\"\" class=\"wp-image-25258\" srcset=\"https:\/\/nordiccab.com\/wp-content\/uploads\/2024\/05\/Skjermbilde_2023-01-15_kl._16.30.47-1024x450.png 1024w, https:\/\/nordiccab.com\/wp-content\/uploads\/2024\/05\/Skjermbilde_2023-01-15_kl._16.30.47-300x132.png 300w, https:\/\/nordiccab.com\/wp-content\/uploads\/2024\/05\/Skjermbilde_2023-01-15_kl._16.30.47-768x338.png 768w, https:\/\/nordiccab.com\/wp-content\/uploads\/2024\/05\/Skjermbilde_2023-01-15_kl._16.30.47-1536x675.png 1536w, https:\/\/nordiccab.com\/wp-content\/uploads\/2024\/05\/Skjermbilde_2023-01-15_kl._16.30.47-1080x475.png 1080w, https:\/\/nordiccab.com\/wp-content\/uploads\/2024\/05\/Skjermbilde_2023-01-15_kl._16.30.47.png 1956w\" sizes=\"auto, (max-width: 1024px) 100vw, 1024px\" \/><\/a><\/figure>\n\n\n\n<h3 class=\"wp-block-heading has-large-font-size\" id=\"h-som-en-del-av-nordic-cabs-globale-satsning-pa-a-dele-norsk-kvalitet\">Som en del av Nordic Cabs globale satsning p\u00e5 \u00e5 dele norsk kvalitet<\/h3>\n\n\n\n<p>Hos Nordic Cab er vi stolte av \u00e5 tilby <a href=\"https:\/\/www.hpyfoot.no\/\" target=\"_blank\" rel=\"noreferrer noopener\">HPYFOOT<\/a> fotposer sammen med v\u00e5re egne Nordic Cab-produkter til kunder verden over. I tr\u00e5d med v\u00e5r forpliktelse til kvalitet samarbeider vi med andre topp norske merker som <a href=\"https:\/\/nordiccab.com\/no\/produkt\/birnabag-nordic-varmepose\/\">Birnabag<\/a> og <a href=\"https:\/\/nordiccab.com\/no\/produkt\/the-kidreel\/\">Kidreel<\/a>. Dette gj\u00f8r vi for \u00e5 bringe det beste av norsk h\u00e5ndverk til deg.<\/p>\n\n\n\n<p><\/p>\n","protected":false},"excerpt":{"rendered":"<ul>\n<li>Norsk-designet lav fotpose for varme og slitestyrke<\/li>\n<li>Perfekt passform for skost\u00f8rrelser 34-38, med en enkel slip-on og slip-off-design<\/li>\n<li>Slitesterk s\u00e5le som gir stabilitet og lang levetid p\u00e5 ulike underlag<\/li>\n<li>Kompakt og stilfull i en dyp r\u00f8dfarge, ideell for utend\u00f8rs arrangementer og vinteraktiviteter<\/li>\n<li>Lett og enkel \u00e5 pakke, og gir komfort hvor enn du g\u00e5r<\/li>\n<\/ul>\n","protected":false},"featured_media":23078,"template":"","meta":{"_genesis_hide_title":false,"_genesis_hide_breadcrumbs":false,"_genesis_hide_singular_image":false,"_genesis_hide_footer_widgets":false,"_genesis_custom_body_class":"","_genesis_custom_post_class":"","_genesis_layout":""},"product_brand":[],"product_cat":[89],"product_tag":[706],"class_list":{"0":"post-23099","1":"product","2":"type-product","3":"status-publish","4":"has-post-thumbnail","6":"product_cat-ukategorisert-no","7":"product_tag-hpyfoot-no","8":"entry","10":"first","11":"outofstock","12":"taxable","13":"shipping-taxable","14":"purchasable","15":"product-type-simple"},"bundled_by":[],"bundle_stock_status":"outofstock","bundle_stock_quantity":0,"bundle_virtual":false,"bundle_layout":"","bundle_add_to_cart_form_location":"","bundle_editable_in_cart":false,"bundle_sold_individually_context":"","bundle_item_grouping":"","bundle_min_size":"","bundle_max_size":"","bundle_price":[],"bundled_items":[],"bundle_sell_ids":[],"yoast_head":"<!-- This site is optimized with the Yoast SEO Premium plugin v26.0 (Yoast SEO v26.0) - https:\/\/yoast.com\/wordpress\/plugins\/seo\/ -->\n<title>HPYFOOT R\u00f8d Lav Fotpose (S: 34-38) \u2013 Varm og Slitesterk<\/title>\n<meta name=\"description\" content=\"Hold f\u00f8ttene varme med HPYFOOT R\u00f8d lav Fotpose. Norsk design og h\u00f8y kvalitet. Perfekt for barn og voksne p\u00e5 skitur med Nordic Cab-pulk.\" \/>\n<meta name=\"robots\" content=\"index, follow, max-snippet:-1, max-image-preview:large, max-video-preview:-1\" \/>\n<link rel=\"canonical\" href=\"https:\/\/nordiccab.com\/no\/produkt\/hpyfoot-rod-lav-fotpose\/\" \/>\n<meta property=\"og:locale\" content=\"nb_NO\" \/>\n<meta property=\"og:type\" content=\"article\" \/>\n<meta property=\"og:title\" content=\"HPYFOOT R\u00f8d Fotpose (S: 34-38)\" \/>\n<meta property=\"og:description\" content=\"Hold f\u00f8ttene varme med HPYFOOT R\u00f8d lav Fotpose. Norsk design og h\u00f8y kvalitet. Perfekt for barn og voksne p\u00e5 skitur med Nordic Cab-pulk.\" \/>\n<meta property=\"og:url\" content=\"https:\/\/nordiccab.com\/no\/produkt\/hpyfoot-rod-lav-fotpose\/\" \/>\n<meta property=\"og:site_name\" content=\"Nordic Cab\" \/>\n<meta property=\"article:publisher\" content=\"https:\/\/www.facebook.com\/nordiccab\" \/>\n<meta property=\"article:modified_time\" content=\"2025-01-26T13:47:11+00:00\" \/>\n<meta property=\"og:image\" content=\"https:\/\/nordiccab.com\/wp-content\/uploads\/2024\/10\/w1196h1200.jpg\" \/>\n\t<meta property=\"og:image:width\" content=\"1195\" \/>\n\t<meta property=\"og:image:height\" content=\"1195\" \/>\n\t<meta property=\"og:image:type\" content=\"image\/jpeg\" \/>\n<meta name=\"twitter:card\" content=\"summary_large_image\" \/>\n<meta name=\"twitter:label1\" content=\"Ansl. lesetid\" \/>\n\t<meta name=\"twitter:data1\" content=\"2 minutter\" \/>\n<script type=\"application\/ld+json\" class=\"yoast-schema-graph\">{\"@context\":\"https:\/\/schema.org\",\"@graph\":[{\"@type\":\"WebPage\",\"@id\":\"https:\/\/nordiccab.com\/no\/produkt\/hpyfoot-rod-lav-fotpose\/\",\"url\":\"https:\/\/nordiccab.com\/no\/produkt\/hpyfoot-rod-lav-fotpose\/\",\"name\":\"HPYFOOT R\u00f8d Lav Fotpose (S: 34-38) \u2013 Varm og Slitesterk\",\"isPartOf\":{\"@id\":\"https:\/\/nordiccab.com\/no\/#website\"},\"primaryImageOfPage\":{\"@id\":\"https:\/\/nordiccab.com\/no\/produkt\/hpyfoot-rod-lav-fotpose\/#primaryimage\"},\"image\":{\"@id\":\"https:\/\/nordiccab.com\/no\/produkt\/hpyfoot-rod-lav-fotpose\/#primaryimage\"},\"thumbnailUrl\":\"https:\/\/nordiccab.com\/wp-content\/uploads\/2024\/10\/w1196h1200.jpg\",\"datePublished\":\"2024-05-17T09:55:00+00:00\",\"dateModified\":\"2025-01-26T13:47:11+00:00\",\"description\":\"Hold f\u00f8ttene varme med HPYFOOT R\u00f8d lav Fotpose. Norsk design og h\u00f8y kvalitet. Perfekt for barn og voksne p\u00e5 skitur med Nordic Cab-pulk.\",\"breadcrumb\":{\"@id\":\"https:\/\/nordiccab.com\/no\/produkt\/hpyfoot-rod-lav-fotpose\/#breadcrumb\"},\"inLanguage\":\"nb-NO\",\"potentialAction\":[{\"@type\":\"ReadAction\",\"target\":[\"https:\/\/nordiccab.com\/no\/produkt\/hpyfoot-rod-lav-fotpose\/\"]}]},{\"@type\":\"ImageObject\",\"inLanguage\":\"nb-NO\",\"@id\":\"https:\/\/nordiccab.com\/no\/produkt\/hpyfoot-rod-lav-fotpose\/#primaryimage\",\"url\":\"https:\/\/nordiccab.com\/wp-content\/uploads\/2024\/10\/w1196h1200.jpg\",\"contentUrl\":\"https:\/\/nordiccab.com\/wp-content\/uploads\/2024\/10\/w1196h1200.jpg\",\"width\":1195,\"height\":1195,\"caption\":\"r\u00f8d lav fotpose | HPYFOOT | Nordic Cab\"},{\"@type\":\"BreadcrumbList\",\"@id\":\"https:\/\/nordiccab.com\/no\/produkt\/hpyfoot-rod-lav-fotpose\/#breadcrumb\",\"itemListElement\":[{\"@type\":\"ListItem\",\"position\":1,\"name\":\"Home\",\"item\":\"https:\/\/nordiccab.com\/no\/\"},{\"@type\":\"ListItem\",\"position\":2,\"name\":\"Produkter\",\"item\":\"https:\/\/nordiccab.com\/no\/butikk\/\"},{\"@type\":\"ListItem\",\"position\":3,\"name\":\"HPYFOOT R\u00f8d Fotpose (S: 34-38)\"}]},{\"@type\":\"WebSite\",\"@id\":\"https:\/\/nordiccab.com\/no\/#website\",\"url\":\"https:\/\/nordiccab.com\/no\/\",\"name\":\"Nordic Cab\",\"description\":\"Start Life Exploring\",\"publisher\":{\"@id\":\"https:\/\/nordiccab.com\/no\/#organization\"},\"potentialAction\":[{\"@type\":\"SearchAction\",\"target\":{\"@type\":\"EntryPoint\",\"urlTemplate\":\"https:\/\/nordiccab.com\/no\/?s={search_term_string}\"},\"query-input\":{\"@type\":\"PropertyValueSpecification\",\"valueRequired\":true,\"valueName\":\"search_term_string\"}}],\"inLanguage\":\"nb-NO\"},{\"@type\":\"Organization\",\"@id\":\"https:\/\/nordiccab.com\/no\/#organization\",\"name\":\"Nordic Cab Solutions AS\",\"url\":\"https:\/\/nordiccab.com\/no\/\",\"logo\":{\"@type\":\"ImageObject\",\"inLanguage\":\"nb-NO\",\"@id\":\"https:\/\/nordiccab.com\/no\/#\/schema\/logo\/image\/\",\"url\":\"https:\/\/nordiccab.com\/wp-content\/uploads\/2022\/02\/NC-logo.svg\",\"contentUrl\":\"https:\/\/nordiccab.com\/wp-content\/uploads\/2022\/02\/NC-logo.svg\",\"width\":1,\"height\":1,\"caption\":\"Nordic Cab Solutions AS\"},\"image\":{\"@id\":\"https:\/\/nordiccab.com\/no\/#\/schema\/logo\/image\/\"},\"sameAs\":[\"https:\/\/www.facebook.com\/nordiccab\"]}]}<\/script>\n<!-- \/ Yoast SEO Premium plugin. -->","yoast_head_json":{"title":"HPYFOOT R\u00f8d Lav Fotpose (S: 34-38) \u2013 Varm og Slitesterk","description":"Hold f\u00f8ttene varme med HPYFOOT R\u00f8d lav Fotpose. Norsk design og h\u00f8y kvalitet. Perfekt for barn og voksne p\u00e5 skitur med Nordic Cab-pulk.","robots":{"index":"index","follow":"follow","max-snippet":"max-snippet:-1","max-image-preview":"max-image-preview:large","max-video-preview":"max-video-preview:-1"},"canonical":"https:\/\/nordiccab.com\/no\/produkt\/hpyfoot-rod-lav-fotpose\/","og_locale":"nb_NO","og_type":"article","og_title":"HPYFOOT R\u00f8d Fotpose (S: 34-38)","og_description":"Hold f\u00f8ttene varme med HPYFOOT R\u00f8d lav Fotpose. Norsk design og h\u00f8y kvalitet. Perfekt for barn og voksne p\u00e5 skitur med Nordic Cab-pulk.","og_url":"https:\/\/nordiccab.com\/no\/produkt\/hpyfoot-rod-lav-fotpose\/","og_site_name":"Nordic Cab","article_publisher":"https:\/\/www.facebook.com\/nordiccab","article_modified_time":"2025-01-26T13:47:11+00:00","og_image":[{"width":1195,"height":1195,"url":"https:\/\/nordiccab.com\/wp-content\/uploads\/2024\/10\/w1196h1200.jpg","type":"image\/jpeg"}],"twitter_card":"summary_large_image","twitter_misc":{"Ansl. lesetid":"2 minutter"},"schema":{"@context":"https:\/\/schema.org","@graph":[{"@type":"WebPage","@id":"https:\/\/nordiccab.com\/no\/produkt\/hpyfoot-rod-lav-fotpose\/","url":"https:\/\/nordiccab.com\/no\/produkt\/hpyfoot-rod-lav-fotpose\/","name":"HPYFOOT R\u00f8d Lav Fotpose (S: 34-38) \u2013 Varm og Slitesterk","isPartOf":{"@id":"https:\/\/nordiccab.com\/no\/#website"},"primaryImageOfPage":{"@id":"https:\/\/nordiccab.com\/no\/produkt\/hpyfoot-rod-lav-fotpose\/#primaryimage"},"image":{"@id":"https:\/\/nordiccab.com\/no\/produkt\/hpyfoot-rod-lav-fotpose\/#primaryimage"},"thumbnailUrl":"https:\/\/nordiccab.com\/wp-content\/uploads\/2024\/10\/w1196h1200.jpg","datePublished":"2024-05-17T09:55:00+00:00","dateModified":"2025-01-26T13:47:11+00:00","description":"Hold f\u00f8ttene varme med HPYFOOT R\u00f8d lav Fotpose. Norsk design og h\u00f8y kvalitet. Perfekt for barn og voksne p\u00e5 skitur med Nordic Cab-pulk.","breadcrumb":{"@id":"https:\/\/nordiccab.com\/no\/produkt\/hpyfoot-rod-lav-fotpose\/#breadcrumb"},"inLanguage":"nb-NO","potentialAction":[{"@type":"ReadAction","target":["https:\/\/nordiccab.com\/no\/produkt\/hpyfoot-rod-lav-fotpose\/"]}]},{"@type":"ImageObject","inLanguage":"nb-NO","@id":"https:\/\/nordiccab.com\/no\/produkt\/hpyfoot-rod-lav-fotpose\/#primaryimage","url":"https:\/\/nordiccab.com\/wp-content\/uploads\/2024\/10\/w1196h1200.jpg","contentUrl":"https:\/\/nordiccab.com\/wp-content\/uploads\/2024\/10\/w1196h1200.jpg","width":1195,"height":1195,"caption":"r\u00f8d lav fotpose | HPYFOOT | Nordic Cab"},{"@type":"BreadcrumbList","@id":"https:\/\/nordiccab.com\/no\/produkt\/hpyfoot-rod-lav-fotpose\/#breadcrumb","itemListElement":[{"@type":"ListItem","position":1,"name":"Home","item":"https:\/\/nordiccab.com\/no\/"},{"@type":"ListItem","position":2,"name":"Produkter","item":"https:\/\/nordiccab.com\/no\/butikk\/"},{"@type":"ListItem","position":3,"name":"HPYFOOT R\u00f8d Fotpose (S: 34-38)"}]},{"@type":"WebSite","@id":"https:\/\/nordiccab.com\/no\/#website","url":"https:\/\/nordiccab.com\/no\/","name":"Nordic Cab","description":"Start Life Exploring","publisher":{"@id":"https:\/\/nordiccab.com\/no\/#organization"},"potentialAction":[{"@type":"SearchAction","target":{"@type":"EntryPoint","urlTemplate":"https:\/\/nordiccab.com\/no\/?s={search_term_string}"},"query-input":{"@type":"PropertyValueSpecification","valueRequired":true,"valueName":"search_term_string"}}],"inLanguage":"nb-NO"},{"@type":"Organization","@id":"https:\/\/nordiccab.com\/no\/#organization","name":"Nordic Cab Solutions AS","url":"https:\/\/nordiccab.com\/no\/","logo":{"@type":"ImageObject","inLanguage":"nb-NO","@id":"https:\/\/nordiccab.com\/no\/#\/schema\/logo\/image\/","url":"https:\/\/nordiccab.com\/wp-content\/uploads\/2022\/02\/NC-logo.svg","contentUrl":"https:\/\/nordiccab.com\/wp-content\/uploads\/2022\/02\/NC-logo.svg","width":1,"height":1,"caption":"Nordic Cab Solutions AS"},"image":{"@id":"https:\/\/nordiccab.com\/no\/#\/schema\/logo\/image\/"},"sameAs":["https:\/\/www.facebook.com\/nordiccab"]}]}},"_links":{"self":[{"href":"https:\/\/nordiccab.com\/no\/wp-json\/wp\/v2\/product\/23099","targetHints":{"allow":["GET"]}}],"collection":[{"href":"https:\/\/nordiccab.com\/no\/wp-json\/wp\/v2\/product"}],"about":[{"href":"https:\/\/nordiccab.com\/no\/wp-json\/wp\/v2\/types\/product"}],"wp:featuredmedia":[{"embeddable":true,"href":"https:\/\/nordiccab.com\/no\/wp-json\/wp\/v2\/media\/23078"}],"wp:attachment":[{"href":"https:\/\/nordiccab.com\/no\/wp-json\/wp\/v2\/media?parent=23099"}],"wp:term":[{"taxonomy":"product_brand","embeddable":true,"href":"https:\/\/nordiccab.com\/no\/wp-json\/wp\/v2\/product_brand?post=23099"},{"taxonomy":"product_cat","embeddable":true,"href":"https:\/\/nordiccab.com\/no\/wp-json\/wp\/v2\/product_cat?post=23099"},{"taxonomy":"product_tag","embeddable":true,"href":"https:\/\/nordiccab.com\/no\/wp-json\/wp\/v2\/product_tag?post=23099"}],"curies":[{"name":"wp","href":"https:\/\/api.w.org\/{rel}","templated":true}]}}