{"id":22977,"date":"2024-10-25T10:37:58","date_gmt":"2024-10-23T08:38:32","guid":{"rendered":"https:\/\/nordiccab.com\/?post_type=product&#038;p=22977"},"modified":"2025-09-12T21:52:10","modified_gmt":"2025-09-12T19:52:10","slug":"seat-complete-2024","status":"publish","type":"product","link":"https:\/\/nordiccab.com\/no\/produkt\/seat-complete-2024\/","title":{"rendered":"Explorer sete | 5-punkt sele og sidest\u00f8tte til to barn"},"content":{"rendered":"\n<h2 class=\"wp-block-heading has-large-font-size\" id=\"h-explorer-sete-til-sykkelvogn-og-barnepulk-oppgrader-komfort-og-sikkerhet\">Explorer Sete til sykkelvogn og barnepulk \u2013 Oppgrader Komfort og Sikkerhet<\/h2>\n\n\n\n<p>Oppgrader din Nordic Cab Explorer med det nye Explorer Sete . Designet for \u00f8kt komfort, sikkerhet og brukervennlighet, dette setet passer alle Explorer-modeller fra 2006 og nyere.<\/p>\n\n\n\n<h2 class=\"wp-block-heading has-large-font-size\" id=\"h-hold-din-nordic-cab-i-topp-stand-reservedeler-for-alle-eventyr\">\ud83d\udd27 Hold din Nordic Cab i topp stand \u2013 Reservedeler for alle eventyr<\/h2>\n\n\n\n<h2 class=\"wp-block-heading has-normal-font-size\" id=\"h-20-rabatt-pa-utvalgte-tilbehor\">20 % rabatt p\u00e5 utvalgte tilbeh\u00f8r<\/h2>\n\n\n\n<p>Reparerer eller vedlikeholder du din Nordic Cab Explorer? F\u00e5 20 % rabatt p\u00e5 utvalgte tilbeh\u00f8r n\u00e5r du kj\u00f8per en reservedel. Gj\u00f8r vognen enda mer funksjonell og klar for nye eventyr!<\/p>\n\n\n\n<ul class=\"wp-block-list\">\n<li>Bruk rabattkode: <strong><mark style=\"background-color:rgba(0, 0, 0, 0)\" class=\"has-inline-color has-theme-secondary-color\">RECAB20<\/mark><\/strong><\/li>\n\n\n\n<li>Rabatten gjelder kun ved kj\u00f8p av tilbeh\u00f8r sammen med en reservedel i samme bestilling og gir kun rabatt p\u00e5 tilbeh\u00f8ret.<\/li>\n\n\n\n<li>Kan ikke kombineres med andre rabatter eller allerede nedsatte produkter.<\/li>\n<\/ul>\n\n\n\n<p>\ud83d\udc49 Se utvalgte tilbeh\u00f8r <strong><a href=\"https:\/\/nordiccab.com\/no\/produkt-stikkord\/nordic-cab-tilbehor\/\" target=\"_blank\" rel=\"noreferrer noopener\">her &gt;<\/a><\/strong><\/p>\n\n\n\n<h2 class=\"wp-block-heading has-large-font-size\" id=\"h-baerekraft-og-lang-levetid-nordic-cab-reservedeler\">\u267b\ufe0f B\u00e6rekraft og lang levetid: Nordic Cab reservedeler<\/h2>\n\n\n\n<h3 class=\"wp-block-heading has-normal-font-size\" id=\"h-hvorfor-velge-reservedeler-fra-nordic-cab\">Hvorfor velge reservedeler fra Nordic Cab?<\/h3>\n\n\n\n<p>Nordic Cab er dedikert til \u00e5 produsere h\u00f8ykvalitetsprodukter som er laget for \u00e5 vare. Hver komponent er designet for enkelt vedlikehold, slik at din Nordic Cab Explorer &amp; Cargo forblir i topp stand i mange \u00e5r. Uansett om du bruker den som sykkelvogn, pulk, barnepulk eller turvogn, gj\u00f8r v\u00e5re reservedeler vedlikeholdet enkelt.<\/p>\n\n\n\n<h3 class=\"wp-block-heading has-normal-font-size\" id=\"h-nyttige-lenker-for-reservedeler-og-vedlikehold\">Nyttige lenker for reservedeler og vedlikehold<\/h3>\n\n\n\n<ul class=\"wp-block-list\">\n<li><a href=\"https:\/\/nordiccab.com\/no\/kjope-brukt\/\" target=\"_blank\" rel=\"noreferrer noopener\">Hvilken \u00e5rsmodell har jeg?<\/a><\/li>\n\n\n\n<li><a href=\"https:\/\/nordiccab.com\/no\/kjope-brukt\/\" target=\"_blank\" rel=\"noreferrer noopener\">Kj\u00f8pe en brukt Nordic Cab<\/a><\/li>\n\n\n\n<li>Vedlikeholdsguide:\n<ul class=\"wp-block-list\">\n<li><a href=\"https:\/\/nordiccab.com\/no\/2024\/informasjon-og-inspirasjon\/vedlikehold-av-barnepulk-nordic-cab\/\" target=\"_blank\" rel=\"noreferrer noopener\">Vinter<\/a><\/li>\n\n\n\n<li><a href=\"https:\/\/nordiccab.com\/no\/2024\/informasjon-og-inspirasjon\/klargjoring-av-sykkelvogn-for-sykkelsesongen-en-komplett-vedlikeholdsguide\/\" target=\"_blank\" rel=\"noreferrer noopener\">Sommer<\/a><\/li>\n<\/ul>\n<\/li>\n<\/ul>\n\n\n\n<h3 class=\"wp-block-heading has-normal-font-size\" id=\"h-enkelt-a-bytte-deler-og-forlenge-levetiden-til-din-nordic-cab\">Enkelt \u00e5 bytte deler og forlenge levetiden til din Nordic Cab<\/h3>\n\n\n\n<p>En stor fordel med Nordic Cab-produktene er det brede utvalget av reservedeler. Dette gj\u00f8r det enkelt \u00e5 bytte ut slitte komponenter raskt og effektivt, slik at du kan forlenge levetiden til vognen din.<\/p>\n\n\n\n<ul class=\"wp-block-list\">\n<li>De fleste deler er tilgjengelige, og utskifting er en enkel prosess.<\/li>\n\n\n\n<li>Kostnadseffektivt vedlikehold holder vognen i topp stand i mange \u00e5r.<\/li>\n\n\n\n<li>Reservedeler bidrar til b\u00e6rekraft ved \u00e5 redusere avfall og opprettholde videresalgsverdien.<\/li>\n<\/ul>\n\n\n\n<p>V\u00e5r satsing p\u00e5 b\u00e6rekraft og levetid betyr at vi tilstreber \u00e5 ha deler tilgjengelige i minst 10 \u00e5r etter produksjonsdatoen.<\/p>\n\n\n\n<h2 class=\"wp-block-heading has-large-font-size\" id=\"h-hold-din-nordic-cab-funksjonell-i-alle-arstider\">\ud83d\udee0\ufe0f Hold din Nordic Cab funksjonell i alle \u00e5rstider<\/h2>\n\n\n\n<p>Nordic Cab Explorer og Cargo er designet for holdbarhet, fleksibilitet og bruk i all slags v\u00e6r. For \u00e5 sikre optimal ytelse og sikkerhet, tilbyr vi originale reservedeler i minst 10 \u00e5r.<\/p>\n\n\n\n<h3 class=\"wp-block-heading has-normal-font-size\" id=\"h-hvordan-kan-du-bruke-din-nordic-cab\">Hvordan kan du bruke din Nordic Cab?<\/h3>\n\n\n\n<p>Selv om din Explorer ikke lenger egner seg for barnetransport, er den fortsatt et allsidig verkt\u00f8y for mange bruksomr\u00e5der:<\/p>\n\n\n\n<ul class=\"wp-block-list\">\n<li>\ud83d\udeb2 Robust sykkelvogn \u2013 Perfekt for transport av varer.<\/li>\n\n\n\n<li>\ud83c\udfbf Langrenns-pulk \u2013 Ideell for vintereventyr.<\/li>\n\n\n\n<li>\ud83e\udd7e Turvogn med fronthjul \u2013 Utmerket for fotturer over lange avstander.<\/li>\n\n\n\n<li>\ud83d\udc15 Hundepulk eller trekkvogn \u2013 Perfekt for skikj\u00f8ring og hundeassisterte aktiviteter.<\/li>\n\n\n\n<li>\ud83c\udfe1 Tralle til praktisk bruk \u2013 Perfekt til hagearbeid, vedtransport eller frakt av mat og utstyr p\u00e5 hytta.<\/li>\n<\/ul>\n\n\n\n<p>Hver Nordic Cab er laget for \u00e5 vare. Med de riktige reservedelene kan du holde den funksjonell i mange \u00e5r og tilpasse den etter dine behov.<\/p>\n\n\n\n<h2 class=\"wp-block-heading has-large-font-size\" id=\"h-trenger-du-hjelp-vi-hjelper-deg-gjerne\">\ud83d\udca1 Trenger du hjelp? Vi hjelper deg gjerne!<\/h2>\n\n\n\n<p>Er du usikker p\u00e5 hvilken reservedel du trenger? Kontakt oss for hjelp.<\/p>\n\n\n\n<p>\ud83d\udce9 Send oss en e-post p\u00e5 info@ncsolutions.no og legg ved et bilde av delen du trenger. Vi hjelper deg med \u00e5 finne riktig reservedel!<\/p>\n","protected":false},"excerpt":{"rendered":"<ul>\n<li><span style=\"color: #003300;\"><strong>Passer alle Explorer-modeller<\/strong><\/span><\/li>\n<li><span style=\"color: #003300;\"><strong>Forbedret sikkerhet<\/strong><\/span><\/li>\n<li><span style=\"color: #003300;\"><strong>Komfortabelt design<\/strong><\/span><\/li>\n<li><span style=\"color: #003300;\"><strong>Enkel justering<\/strong><\/span><\/li>\n<li><span style=\"color: #003300;\">Kj\u00f8p denne \u00e5 f\u00e5 <span style=\"font-size: 14pt;\"><strong>20%<\/strong><\/span> rabatt <br \/>p\u00e5 annet utvalgt tilbeh\u00f8r<\/span><\/li>\n<li><span style=\"color: #003300;\">Kode: <strong>RECAB20<\/strong><\/span><\/li>\n<li><span style=\"color: #003300;\">\ud83d\udc49Se utvalgte tilbeh\u00f8r <a style=\"color: #003300;\" href=\"https:\/\/nordiccab.com\/no\/produkt-stikkord\/nordic-cab-tilbehor\/\" target=\"_blank\" rel=\"noopener\"><strong>her<\/strong><\/a><\/span><\/li>\n<\/ul>\n<p>&nbsp;<\/p>\n","protected":false},"featured_media":22975,"template":"","meta":{"_genesis_hide_title":false,"_genesis_hide_breadcrumbs":false,"_genesis_hide_singular_image":false,"_genesis_hide_footer_widgets":false,"_genesis_custom_body_class":"","_genesis_custom_post_class":"","_genesis_layout":""},"product_brand":[],"product_cat":[75,649],"product_tag":[],"class_list":{"0":"post-22977","1":"product","2":"type-product","3":"status-publish","4":"has-post-thumbnail","6":"product_cat-reservedeler-nordic-cab-sykkelvogn-pulk","7":"product_cat-explorer-reservedeler","8":"entry","10":"first","11":"instock","12":"taxable","13":"shipping-taxable","14":"purchasable","15":"product-type-simple"},"bundled_by":[],"bundle_stock_status":"instock","bundle_stock_quantity":20,"bundle_virtual":false,"bundle_layout":"","bundle_add_to_cart_form_location":"","bundle_editable_in_cart":false,"bundle_sold_individually_context":"","bundle_item_grouping":"","bundle_min_size":"","bundle_max_size":"","bundle_price":[],"bundled_items":[],"bundle_sell_ids":[],"yoast_head":"<!-- This site is optimized with the Yoast SEO Premium plugin v26.0 (Yoast SEO v26.0) - https:\/\/yoast.com\/wordpress\/plugins\/seo\/ -->\n<title>Explorer Sete | Komfort &amp; Sikkerhet for Nordic Cab<\/title>\n<meta name=\"description\" content=\"Oppgrader din Nordic Cab Explorer med Explorer Sete. Forbedret komfort, 5-punkts sele og justerbare stropper. Passer alle Explorer modeller.\" \/>\n<meta name=\"robots\" content=\"index, follow, max-snippet:-1, max-image-preview:large, max-video-preview:-1\" \/>\n<link rel=\"canonical\" href=\"https:\/\/nordiccab.com\/no\/produkt\/seat-complete-2024\/\" \/>\n<meta property=\"og:locale\" content=\"nb_NO\" \/>\n<meta property=\"og:type\" content=\"article\" \/>\n<meta property=\"og:title\" content=\"Explorer sete | 5-punkt sele og sidest\u00f8tte til to barn\" \/>\n<meta property=\"og:description\" content=\"Oppgrader din Nordic Cab Explorer med Explorer Sete. Forbedret komfort, 5-punkts sele og justerbare stropper. Passer alle Explorer modeller.\" \/>\n<meta property=\"og:url\" content=\"https:\/\/nordiccab.com\/no\/produkt\/seat-complete-2024\/\" \/>\n<meta property=\"og:site_name\" content=\"Nordic Cab\" \/>\n<meta property=\"article:publisher\" content=\"https:\/\/www.facebook.com\/nordiccab\" \/>\n<meta property=\"article:modified_time\" content=\"2025-09-12T19:52:10+00:00\" \/>\n<meta property=\"og:image\" content=\"https:\/\/nordiccab.com\/wp-content\/uploads\/2024\/10\/Seat-2024.jpg\" \/>\n\t<meta property=\"og:image:width\" content=\"1000\" \/>\n\t<meta property=\"og:image:height\" content=\"1000\" \/>\n\t<meta property=\"og:image:type\" content=\"image\/jpeg\" \/>\n<meta name=\"twitter:card\" content=\"summary_large_image\" \/>\n<meta name=\"twitter:label1\" content=\"Ansl. lesetid\" \/>\n\t<meta name=\"twitter:data1\" content=\"3 minutter\" \/>\n<script type=\"application\/ld+json\" class=\"yoast-schema-graph\">{\"@context\":\"https:\/\/schema.org\",\"@graph\":[{\"@type\":\"WebPage\",\"@id\":\"https:\/\/nordiccab.com\/no\/produkt\/seat-complete-2024\/\",\"url\":\"https:\/\/nordiccab.com\/no\/produkt\/seat-complete-2024\/\",\"name\":\"Explorer Sete | Komfort & Sikkerhet for Nordic Cab\",\"isPartOf\":{\"@id\":\"https:\/\/nordiccab.com\/no\/#website\"},\"primaryImageOfPage\":{\"@id\":\"https:\/\/nordiccab.com\/no\/produkt\/seat-complete-2024\/#primaryimage\"},\"image\":{\"@id\":\"https:\/\/nordiccab.com\/no\/produkt\/seat-complete-2024\/#primaryimage\"},\"thumbnailUrl\":\"https:\/\/nordiccab.com\/wp-content\/uploads\/2024\/10\/Seat-2024.jpg\",\"datePublished\":\"2024-10-23T08:38:32+00:00\",\"dateModified\":\"2025-09-12T19:52:10+00:00\",\"description\":\"Oppgrader din Nordic Cab Explorer med Explorer Sete. Forbedret komfort, 5-punkts sele og justerbare stropper. Passer alle Explorer modeller.\",\"breadcrumb\":{\"@id\":\"https:\/\/nordiccab.com\/no\/produkt\/seat-complete-2024\/#breadcrumb\"},\"inLanguage\":\"nb-NO\",\"potentialAction\":[{\"@type\":\"ReadAction\",\"target\":[\"https:\/\/nordiccab.com\/no\/produkt\/seat-complete-2024\/\"]}]},{\"@type\":\"ImageObject\",\"inLanguage\":\"nb-NO\",\"@id\":\"https:\/\/nordiccab.com\/no\/produkt\/seat-complete-2024\/#primaryimage\",\"url\":\"https:\/\/nordiccab.com\/wp-content\/uploads\/2024\/10\/Seat-2024.jpg\",\"contentUrl\":\"https:\/\/nordiccab.com\/wp-content\/uploads\/2024\/10\/Seat-2024.jpg\",\"width\":1000,\"height\":1000,\"caption\":\"Studiofoto av Explorer Sete 2024 til Nordic Cab. Setet har et 5-punkts selesystem, myke sideputer og ekstra lange stropper for \u00f8kt komfort og sikkerhet.\"},{\"@type\":\"BreadcrumbList\",\"@id\":\"https:\/\/nordiccab.com\/no\/produkt\/seat-complete-2024\/#breadcrumb\",\"itemListElement\":[{\"@type\":\"ListItem\",\"position\":1,\"name\":\"Home\",\"item\":\"https:\/\/nordiccab.com\/no\/\"},{\"@type\":\"ListItem\",\"position\":2,\"name\":\"Produkter\",\"item\":\"https:\/\/nordiccab.com\/no\/butikk\/\"},{\"@type\":\"ListItem\",\"position\":3,\"name\":\"Explorer sete | 5-punkt sele og sidest\u00f8tte til to barn\"}]},{\"@type\":\"WebSite\",\"@id\":\"https:\/\/nordiccab.com\/no\/#website\",\"url\":\"https:\/\/nordiccab.com\/no\/\",\"name\":\"Nordic Cab\",\"description\":\"Start Life Exploring\",\"publisher\":{\"@id\":\"https:\/\/nordiccab.com\/no\/#organization\"},\"potentialAction\":[{\"@type\":\"SearchAction\",\"target\":{\"@type\":\"EntryPoint\",\"urlTemplate\":\"https:\/\/nordiccab.com\/no\/?s={search_term_string}\"},\"query-input\":{\"@type\":\"PropertyValueSpecification\",\"valueRequired\":true,\"valueName\":\"search_term_string\"}}],\"inLanguage\":\"nb-NO\"},{\"@type\":\"Organization\",\"@id\":\"https:\/\/nordiccab.com\/no\/#organization\",\"name\":\"Nordic Cab Solutions AS\",\"url\":\"https:\/\/nordiccab.com\/no\/\",\"logo\":{\"@type\":\"ImageObject\",\"inLanguage\":\"nb-NO\",\"@id\":\"https:\/\/nordiccab.com\/no\/#\/schema\/logo\/image\/\",\"url\":\"https:\/\/nordiccab.com\/wp-content\/uploads\/2022\/02\/NC-logo.svg\",\"contentUrl\":\"https:\/\/nordiccab.com\/wp-content\/uploads\/2022\/02\/NC-logo.svg\",\"width\":1,\"height\":1,\"caption\":\"Nordic Cab Solutions AS\"},\"image\":{\"@id\":\"https:\/\/nordiccab.com\/no\/#\/schema\/logo\/image\/\"},\"sameAs\":[\"https:\/\/www.facebook.com\/nordiccab\"]}]}<\/script>\n<!-- \/ Yoast SEO Premium plugin. -->","yoast_head_json":{"title":"Explorer Sete | Komfort & Sikkerhet for Nordic Cab","description":"Oppgrader din Nordic Cab Explorer med Explorer Sete. Forbedret komfort, 5-punkts sele og justerbare stropper. Passer alle Explorer modeller.","robots":{"index":"index","follow":"follow","max-snippet":"max-snippet:-1","max-image-preview":"max-image-preview:large","max-video-preview":"max-video-preview:-1"},"canonical":"https:\/\/nordiccab.com\/no\/produkt\/seat-complete-2024\/","og_locale":"nb_NO","og_type":"article","og_title":"Explorer sete | 5-punkt sele og sidest\u00f8tte til to barn","og_description":"Oppgrader din Nordic Cab Explorer med Explorer Sete. Forbedret komfort, 5-punkts sele og justerbare stropper. Passer alle Explorer modeller.","og_url":"https:\/\/nordiccab.com\/no\/produkt\/seat-complete-2024\/","og_site_name":"Nordic Cab","article_publisher":"https:\/\/www.facebook.com\/nordiccab","article_modified_time":"2025-09-12T19:52:10+00:00","og_image":[{"width":1000,"height":1000,"url":"https:\/\/nordiccab.com\/wp-content\/uploads\/2024\/10\/Seat-2024.jpg","type":"image\/jpeg"}],"twitter_card":"summary_large_image","twitter_misc":{"Ansl. lesetid":"3 minutter"},"schema":{"@context":"https:\/\/schema.org","@graph":[{"@type":"WebPage","@id":"https:\/\/nordiccab.com\/no\/produkt\/seat-complete-2024\/","url":"https:\/\/nordiccab.com\/no\/produkt\/seat-complete-2024\/","name":"Explorer Sete | Komfort & Sikkerhet for Nordic Cab","isPartOf":{"@id":"https:\/\/nordiccab.com\/no\/#website"},"primaryImageOfPage":{"@id":"https:\/\/nordiccab.com\/no\/produkt\/seat-complete-2024\/#primaryimage"},"image":{"@id":"https:\/\/nordiccab.com\/no\/produkt\/seat-complete-2024\/#primaryimage"},"thumbnailUrl":"https:\/\/nordiccab.com\/wp-content\/uploads\/2024\/10\/Seat-2024.jpg","datePublished":"2024-10-23T08:38:32+00:00","dateModified":"2025-09-12T19:52:10+00:00","description":"Oppgrader din Nordic Cab Explorer med Explorer Sete. Forbedret komfort, 5-punkts sele og justerbare stropper. Passer alle Explorer modeller.","breadcrumb":{"@id":"https:\/\/nordiccab.com\/no\/produkt\/seat-complete-2024\/#breadcrumb"},"inLanguage":"nb-NO","potentialAction":[{"@type":"ReadAction","target":["https:\/\/nordiccab.com\/no\/produkt\/seat-complete-2024\/"]}]},{"@type":"ImageObject","inLanguage":"nb-NO","@id":"https:\/\/nordiccab.com\/no\/produkt\/seat-complete-2024\/#primaryimage","url":"https:\/\/nordiccab.com\/wp-content\/uploads\/2024\/10\/Seat-2024.jpg","contentUrl":"https:\/\/nordiccab.com\/wp-content\/uploads\/2024\/10\/Seat-2024.jpg","width":1000,"height":1000,"caption":"Studiofoto av Explorer Sete 2024 til Nordic Cab. Setet har et 5-punkts selesystem, myke sideputer og ekstra lange stropper for \u00f8kt komfort og sikkerhet."},{"@type":"BreadcrumbList","@id":"https:\/\/nordiccab.com\/no\/produkt\/seat-complete-2024\/#breadcrumb","itemListElement":[{"@type":"ListItem","position":1,"name":"Home","item":"https:\/\/nordiccab.com\/no\/"},{"@type":"ListItem","position":2,"name":"Produkter","item":"https:\/\/nordiccab.com\/no\/butikk\/"},{"@type":"ListItem","position":3,"name":"Explorer sete | 5-punkt sele og sidest\u00f8tte til to barn"}]},{"@type":"WebSite","@id":"https:\/\/nordiccab.com\/no\/#website","url":"https:\/\/nordiccab.com\/no\/","name":"Nordic Cab","description":"Start Life Exploring","publisher":{"@id":"https:\/\/nordiccab.com\/no\/#organization"},"potentialAction":[{"@type":"SearchAction","target":{"@type":"EntryPoint","urlTemplate":"https:\/\/nordiccab.com\/no\/?s={search_term_string}"},"query-input":{"@type":"PropertyValueSpecification","valueRequired":true,"valueName":"search_term_string"}}],"inLanguage":"nb-NO"},{"@type":"Organization","@id":"https:\/\/nordiccab.com\/no\/#organization","name":"Nordic Cab Solutions AS","url":"https:\/\/nordiccab.com\/no\/","logo":{"@type":"ImageObject","inLanguage":"nb-NO","@id":"https:\/\/nordiccab.com\/no\/#\/schema\/logo\/image\/","url":"https:\/\/nordiccab.com\/wp-content\/uploads\/2022\/02\/NC-logo.svg","contentUrl":"https:\/\/nordiccab.com\/wp-content\/uploads\/2022\/02\/NC-logo.svg","width":1,"height":1,"caption":"Nordic Cab Solutions AS"},"image":{"@id":"https:\/\/nordiccab.com\/no\/#\/schema\/logo\/image\/"},"sameAs":["https:\/\/www.facebook.com\/nordiccab"]}]}},"_links":{"self":[{"href":"https:\/\/nordiccab.com\/no\/wp-json\/wp\/v2\/product\/22977","targetHints":{"allow":["GET"]}}],"collection":[{"href":"https:\/\/nordiccab.com\/no\/wp-json\/wp\/v2\/product"}],"about":[{"href":"https:\/\/nordiccab.com\/no\/wp-json\/wp\/v2\/types\/product"}],"wp:featuredmedia":[{"embeddable":true,"href":"https:\/\/nordiccab.com\/no\/wp-json\/wp\/v2\/media\/22975"}],"wp:attachment":[{"href":"https:\/\/nordiccab.com\/no\/wp-json\/wp\/v2\/media?parent=22977"}],"wp:term":[{"taxonomy":"product_brand","embeddable":true,"href":"https:\/\/nordiccab.com\/no\/wp-json\/wp\/v2\/product_brand?post=22977"},{"taxonomy":"product_cat","embeddable":true,"href":"https:\/\/nordiccab.com\/no\/wp-json\/wp\/v2\/product_cat?post=22977"},{"taxonomy":"product_tag","embeddable":true,"href":"https:\/\/nordiccab.com\/no\/wp-json\/wp\/v2\/product_tag?post=22977"}],"curies":[{"name":"wp","href":"https:\/\/api.w.org\/{rel}","templated":true}]}}