{"id":22140,"date":"2024-08-14T12:27:12","date_gmt":"2024-09-02T09:12:28","guid":{"rendered":"https:\/\/nordiccab.com\/?post_type=product&#038;p=22140"},"modified":"2025-02-09T20:34:02","modified_gmt":"2025-02-09T19:34:02","slug":"nordic-cab-babysete","status":"publish","type":"product","link":"https:\/\/nordiccab.com\/no\/produkt\/nordic-cab-babysete\/","title":{"rendered":"Nordic Cab &#8211; Babysete"},"content":{"rendered":"\n<p>Nordic Cab babysete for de minste passasjerene. Et babysete s\u00f8rger for at babyen din er trygg og komfortabel b\u00e5de n\u00e5r den sover og er v\u00e5ken i en Nordic Cab-vogn.<\/p>\n\n\n\n<ul class=\"wp-block-list\">\n<li>Ergonomisk design<\/li>\n\n\n\n<li>Fast EPP isopor<\/li>\n\n\n\n<li>Mykt, komfortabelt og ventilert stoff<\/li>\n\n\n\n<li>3-punkts sele<\/li>\n\n\n\n<li>Alder: 0-9 m\u00e5neder<\/li>\n\n\n\n<li>Maksimal brukervekt: 9 kg<\/li>\n<\/ul>\n\n\n\n<p>Kan brukes i f\u00f8lgende moduser:<\/p>\n\n\n\n<ul class=\"wp-block-list\">\n<li>barnevogn<\/li>\n\n\n\n<li>joggevogn<\/li>\n\n\n\n<li>pulk<\/li>\n\n\n\n<li>hundevogn<\/li>\n\n\n\n<li>turvogn<\/li>\n<\/ul>\n\n\n\n<p>Ikke anbefalt for bruk i sykkelvognmodus.<\/p>\n\n\n\n<p>Kompatibel med Explorer fra 2012<\/p>\n\n\n\n<p>Hvilket produksjons\u00e5r er min modell fra? Les mer <a href=\"https:\/\/nordiccab.com\/no\/kjope-brukt\/\" target=\"_blank\" rel=\"noreferrer noopener\">her<\/a>.<\/p>\n\n\n\n<p>Les bruksanvisningen n\u00f8ye f\u00f8r bruk.<\/p>\n","protected":false},"excerpt":{"rendered":"<p>Ergonomisk design<\/p>\n<p>Fast EPP isopor<\/p>\n<p>Mykt, komfortabelt og ventilert stoff<\/p>\n<p>3-punkts sele<\/p>\n<p>Alder: 0-9 m\u00e5neder<\/p>\n<p>Maksimal brukervekt: 9 kg<\/p>\n","protected":false},"featured_media":21469,"template":"","meta":{"_genesis_hide_title":false,"_genesis_hide_breadcrumbs":false,"_genesis_hide_singular_image":false,"_genesis_hide_footer_widgets":false,"_genesis_custom_body_class":"","_genesis_custom_post_class":"","_genesis_layout":""},"product_brand":[],"product_cat":[89],"product_tag":[],"class_list":{"0":"post-22140","1":"product","2":"type-product","3":"status-publish","4":"has-post-thumbnail","6":"product_cat-ukategorisert-no","7":"entry","9":"first","10":"outofstock","11":"taxable","12":"shipping-taxable","13":"purchasable","14":"product-type-simple"},"bundled_by":[],"bundle_stock_status":"outofstock","bundle_stock_quantity":0,"bundle_virtual":false,"bundle_layout":"","bundle_add_to_cart_form_location":"","bundle_editable_in_cart":false,"bundle_sold_individually_context":"","bundle_item_grouping":"","bundle_min_size":"","bundle_max_size":"","bundle_price":[],"bundled_items":[],"bundle_sell_ids":[],"yoast_head":"<!-- This site is optimized with the Yoast SEO Premium plugin v26.0 (Yoast SEO v26.0) - https:\/\/yoast.com\/wordpress\/plugins\/seo\/ -->\n<title>Nordic Cab - Babysete - Nordic Cab<\/title>\n<meta name=\"description\" content=\"Ergonomisk design Fast EPP isopor Mykt, komfortabelt og ventilert stoff 3-punkts sele Alder: 0-9 m\u00e5neder Maksimal brukervekt: 9 kg\" \/>\n<meta name=\"robots\" content=\"index, follow, max-snippet:-1, max-image-preview:large, max-video-preview:-1\" \/>\n<link rel=\"canonical\" href=\"https:\/\/nordiccab.com\/no\/produkt\/nordic-cab-babysete\/\" \/>\n<meta property=\"og:locale\" content=\"nb_NO\" \/>\n<meta property=\"og:type\" content=\"article\" \/>\n<meta property=\"og:title\" content=\"Nordic Cab - Babysete\" \/>\n<meta property=\"og:description\" content=\"Ergonomisk design Fast EPP isopor Mykt, komfortabelt og ventilert stoff 3-punkts sele Alder: 0-9 m\u00e5neder Maksimal brukervekt: 9 kg\" \/>\n<meta property=\"og:url\" content=\"https:\/\/nordiccab.com\/no\/produkt\/nordic-cab-babysete\/\" \/>\n<meta property=\"og:site_name\" content=\"Nordic Cab\" \/>\n<meta property=\"article:publisher\" content=\"https:\/\/www.facebook.com\/nordiccab\" \/>\n<meta property=\"article:modified_time\" content=\"2025-02-09T19:34:02+00:00\" \/>\n<meta property=\"og:image\" content=\"https:\/\/nordiccab.com\/wp-content\/uploads\/2024\/08\/Babyseat-Nordic-Cab_1.jpg\" \/>\n\t<meta property=\"og:image:width\" content=\"1000\" \/>\n\t<meta property=\"og:image:height\" content=\"1000\" \/>\n\t<meta property=\"og:image:type\" content=\"image\/jpeg\" \/>\n<meta name=\"twitter:card\" content=\"summary_large_image\" \/>\n<meta name=\"twitter:label1\" content=\"Ansl. lesetid\" \/>\n\t<meta name=\"twitter:data1\" content=\"1 minutt\" \/>\n<script type=\"application\/ld+json\" class=\"yoast-schema-graph\">{\"@context\":\"https:\/\/schema.org\",\"@graph\":[{\"@type\":\"WebPage\",\"@id\":\"https:\/\/nordiccab.com\/no\/produkt\/nordic-cab-babysete\/\",\"url\":\"https:\/\/nordiccab.com\/no\/produkt\/nordic-cab-babysete\/\",\"name\":\"Nordic Cab - Babysete - Nordic Cab\",\"isPartOf\":{\"@id\":\"https:\/\/nordiccab.com\/no\/#website\"},\"primaryImageOfPage\":{\"@id\":\"https:\/\/nordiccab.com\/no\/produkt\/nordic-cab-babysete\/#primaryimage\"},\"image\":{\"@id\":\"https:\/\/nordiccab.com\/no\/produkt\/nordic-cab-babysete\/#primaryimage\"},\"thumbnailUrl\":\"https:\/\/nordiccab.com\/wp-content\/uploads\/2024\/08\/Babyseat-Nordic-Cab_1.jpg\",\"datePublished\":\"2024-09-02T09:12:28+00:00\",\"dateModified\":\"2025-02-09T19:34:02+00:00\",\"description\":\"Ergonomisk design Fast EPP isopor Mykt, komfortabelt og ventilert stoff 3-punkts sele Alder: 0-9 m\u00e5neder Maksimal brukervekt: 9 kg\",\"breadcrumb\":{\"@id\":\"https:\/\/nordiccab.com\/no\/produkt\/nordic-cab-babysete\/#breadcrumb\"},\"inLanguage\":\"nb-NO\",\"potentialAction\":[{\"@type\":\"ReadAction\",\"target\":[\"https:\/\/nordiccab.com\/no\/produkt\/nordic-cab-babysete\/\"]}]},{\"@type\":\"ImageObject\",\"inLanguage\":\"nb-NO\",\"@id\":\"https:\/\/nordiccab.com\/no\/produkt\/nordic-cab-babysete\/#primaryimage\",\"url\":\"https:\/\/nordiccab.com\/wp-content\/uploads\/2024\/08\/Babyseat-Nordic-Cab_1.jpg\",\"contentUrl\":\"https:\/\/nordiccab.com\/wp-content\/uploads\/2024\/08\/Babyseat-Nordic-Cab_1.jpg\",\"width\":1000,\"height\":1000,\"caption\":\"Nordic Cab Babysete | Gr\u00e5 | for barnepulk\"},{\"@type\":\"BreadcrumbList\",\"@id\":\"https:\/\/nordiccab.com\/no\/produkt\/nordic-cab-babysete\/#breadcrumb\",\"itemListElement\":[{\"@type\":\"ListItem\",\"position\":1,\"name\":\"Home\",\"item\":\"https:\/\/nordiccab.com\/no\/\"},{\"@type\":\"ListItem\",\"position\":2,\"name\":\"Produkter\",\"item\":\"https:\/\/nordiccab.com\/no\/butikk\/\"},{\"@type\":\"ListItem\",\"position\":3,\"name\":\"Nordic Cab &#8211; Babysete\"}]},{\"@type\":\"WebSite\",\"@id\":\"https:\/\/nordiccab.com\/no\/#website\",\"url\":\"https:\/\/nordiccab.com\/no\/\",\"name\":\"Nordic Cab\",\"description\":\"Start Life Exploring\",\"publisher\":{\"@id\":\"https:\/\/nordiccab.com\/no\/#organization\"},\"potentialAction\":[{\"@type\":\"SearchAction\",\"target\":{\"@type\":\"EntryPoint\",\"urlTemplate\":\"https:\/\/nordiccab.com\/no\/?s={search_term_string}\"},\"query-input\":{\"@type\":\"PropertyValueSpecification\",\"valueRequired\":true,\"valueName\":\"search_term_string\"}}],\"inLanguage\":\"nb-NO\"},{\"@type\":\"Organization\",\"@id\":\"https:\/\/nordiccab.com\/no\/#organization\",\"name\":\"Nordic Cab Solutions AS\",\"url\":\"https:\/\/nordiccab.com\/no\/\",\"logo\":{\"@type\":\"ImageObject\",\"inLanguage\":\"nb-NO\",\"@id\":\"https:\/\/nordiccab.com\/no\/#\/schema\/logo\/image\/\",\"url\":\"https:\/\/nordiccab.com\/wp-content\/uploads\/2022\/02\/NC-logo.svg\",\"contentUrl\":\"https:\/\/nordiccab.com\/wp-content\/uploads\/2022\/02\/NC-logo.svg\",\"width\":1,\"height\":1,\"caption\":\"Nordic Cab Solutions AS\"},\"image\":{\"@id\":\"https:\/\/nordiccab.com\/no\/#\/schema\/logo\/image\/\"},\"sameAs\":[\"https:\/\/www.facebook.com\/nordiccab\"]}]}<\/script>\n<!-- \/ Yoast SEO Premium plugin. -->","yoast_head_json":{"title":"Nordic Cab - Babysete - Nordic Cab","description":"Ergonomisk design Fast EPP isopor Mykt, komfortabelt og ventilert stoff 3-punkts sele Alder: 0-9 m\u00e5neder Maksimal brukervekt: 9 kg","robots":{"index":"index","follow":"follow","max-snippet":"max-snippet:-1","max-image-preview":"max-image-preview:large","max-video-preview":"max-video-preview:-1"},"canonical":"https:\/\/nordiccab.com\/no\/produkt\/nordic-cab-babysete\/","og_locale":"nb_NO","og_type":"article","og_title":"Nordic Cab - Babysete","og_description":"Ergonomisk design Fast EPP isopor Mykt, komfortabelt og ventilert stoff 3-punkts sele Alder: 0-9 m\u00e5neder Maksimal brukervekt: 9 kg","og_url":"https:\/\/nordiccab.com\/no\/produkt\/nordic-cab-babysete\/","og_site_name":"Nordic Cab","article_publisher":"https:\/\/www.facebook.com\/nordiccab","article_modified_time":"2025-02-09T19:34:02+00:00","og_image":[{"width":1000,"height":1000,"url":"https:\/\/nordiccab.com\/wp-content\/uploads\/2024\/08\/Babyseat-Nordic-Cab_1.jpg","type":"image\/jpeg"}],"twitter_card":"summary_large_image","twitter_misc":{"Ansl. lesetid":"1 minutt"},"schema":{"@context":"https:\/\/schema.org","@graph":[{"@type":"WebPage","@id":"https:\/\/nordiccab.com\/no\/produkt\/nordic-cab-babysete\/","url":"https:\/\/nordiccab.com\/no\/produkt\/nordic-cab-babysete\/","name":"Nordic Cab - Babysete - Nordic Cab","isPartOf":{"@id":"https:\/\/nordiccab.com\/no\/#website"},"primaryImageOfPage":{"@id":"https:\/\/nordiccab.com\/no\/produkt\/nordic-cab-babysete\/#primaryimage"},"image":{"@id":"https:\/\/nordiccab.com\/no\/produkt\/nordic-cab-babysete\/#primaryimage"},"thumbnailUrl":"https:\/\/nordiccab.com\/wp-content\/uploads\/2024\/08\/Babyseat-Nordic-Cab_1.jpg","datePublished":"2024-09-02T09:12:28+00:00","dateModified":"2025-02-09T19:34:02+00:00","description":"Ergonomisk design Fast EPP isopor Mykt, komfortabelt og ventilert stoff 3-punkts sele Alder: 0-9 m\u00e5neder Maksimal brukervekt: 9 kg","breadcrumb":{"@id":"https:\/\/nordiccab.com\/no\/produkt\/nordic-cab-babysete\/#breadcrumb"},"inLanguage":"nb-NO","potentialAction":[{"@type":"ReadAction","target":["https:\/\/nordiccab.com\/no\/produkt\/nordic-cab-babysete\/"]}]},{"@type":"ImageObject","inLanguage":"nb-NO","@id":"https:\/\/nordiccab.com\/no\/produkt\/nordic-cab-babysete\/#primaryimage","url":"https:\/\/nordiccab.com\/wp-content\/uploads\/2024\/08\/Babyseat-Nordic-Cab_1.jpg","contentUrl":"https:\/\/nordiccab.com\/wp-content\/uploads\/2024\/08\/Babyseat-Nordic-Cab_1.jpg","width":1000,"height":1000,"caption":"Nordic Cab Babysete | Gr\u00e5 | for barnepulk"},{"@type":"BreadcrumbList","@id":"https:\/\/nordiccab.com\/no\/produkt\/nordic-cab-babysete\/#breadcrumb","itemListElement":[{"@type":"ListItem","position":1,"name":"Home","item":"https:\/\/nordiccab.com\/no\/"},{"@type":"ListItem","position":2,"name":"Produkter","item":"https:\/\/nordiccab.com\/no\/butikk\/"},{"@type":"ListItem","position":3,"name":"Nordic Cab &#8211; Babysete"}]},{"@type":"WebSite","@id":"https:\/\/nordiccab.com\/no\/#website","url":"https:\/\/nordiccab.com\/no\/","name":"Nordic Cab","description":"Start Life Exploring","publisher":{"@id":"https:\/\/nordiccab.com\/no\/#organization"},"potentialAction":[{"@type":"SearchAction","target":{"@type":"EntryPoint","urlTemplate":"https:\/\/nordiccab.com\/no\/?s={search_term_string}"},"query-input":{"@type":"PropertyValueSpecification","valueRequired":true,"valueName":"search_term_string"}}],"inLanguage":"nb-NO"},{"@type":"Organization","@id":"https:\/\/nordiccab.com\/no\/#organization","name":"Nordic Cab Solutions AS","url":"https:\/\/nordiccab.com\/no\/","logo":{"@type":"ImageObject","inLanguage":"nb-NO","@id":"https:\/\/nordiccab.com\/no\/#\/schema\/logo\/image\/","url":"https:\/\/nordiccab.com\/wp-content\/uploads\/2022\/02\/NC-logo.svg","contentUrl":"https:\/\/nordiccab.com\/wp-content\/uploads\/2022\/02\/NC-logo.svg","width":1,"height":1,"caption":"Nordic Cab Solutions AS"},"image":{"@id":"https:\/\/nordiccab.com\/no\/#\/schema\/logo\/image\/"},"sameAs":["https:\/\/www.facebook.com\/nordiccab"]}]}},"_links":{"self":[{"href":"https:\/\/nordiccab.com\/no\/wp-json\/wp\/v2\/product\/22140","targetHints":{"allow":["GET"]}}],"collection":[{"href":"https:\/\/nordiccab.com\/no\/wp-json\/wp\/v2\/product"}],"about":[{"href":"https:\/\/nordiccab.com\/no\/wp-json\/wp\/v2\/types\/product"}],"wp:featuredmedia":[{"embeddable":true,"href":"https:\/\/nordiccab.com\/no\/wp-json\/wp\/v2\/media\/21469"}],"wp:attachment":[{"href":"https:\/\/nordiccab.com\/no\/wp-json\/wp\/v2\/media?parent=22140"}],"wp:term":[{"taxonomy":"product_brand","embeddable":true,"href":"https:\/\/nordiccab.com\/no\/wp-json\/wp\/v2\/product_brand?post=22140"},{"taxonomy":"product_cat","embeddable":true,"href":"https:\/\/nordiccab.com\/no\/wp-json\/wp\/v2\/product_cat?post=22140"},{"taxonomy":"product_tag","embeddable":true,"href":"https:\/\/nordiccab.com\/no\/wp-json\/wp\/v2\/product_tag?post=22140"}],"curies":[{"name":"wp","href":"https:\/\/api.w.org\/{rel}","templated":true}]}}