{"id":21597,"date":"2024-09-20T08:20:00","date_gmt":"2024-03-18T07:20:00","guid":{"rendered":"https:\/\/nordiccab.com\/?post_type=product&#038;p=21597"},"modified":"2024-10-30T14:20:22","modified_gmt":"2024-10-30T13:20:22","slug":"mac-ride-barnesete-1-%c2%b9-%e2%81%b8-standard-feste-spacer","status":"publish","type":"product","link":"https:\/\/nordiccab.com\/no\/produkt\/mac-ride-barnesete-1-%c2%b9-%e2%81%b8-standard-feste-spacer\/","title":{"rendered":"Mac Ride Barnesete | 1 \u00b9\/\u2078&raquo; Standard Feste spacer"},"content":{"rendered":"\n<h2 class=\"wp-block-heading has-large-font-size\" id=\"h-ekstra-standard-frontmonteringsspacer-for-mac-ride-barnesete\">Ekstra standard frontmonteringsspacer for Mac Ride barnesete.<\/h2>\n\n\n\n<p>Merk: To standard spacere er inkludert med Mac Ride.<\/p>\n\n\n\n<h3 class=\"wp-block-heading\" id=\"h-installasjon-av-frontmonteringsspacer\">Installasjon av frontmonteringsspacer<\/h3>\n\n\n\n<p>Det f\u00f8rste steget n er \u00e5 installere din Ride More frontmontering. <br>Festebraketten er en liten, lett ring som erstatter eksisterende spacer(e) p\u00e5 sykkelens styrer\u00f8r. Hver Mac Ride-sete kommer med to slike spacere\u2014\u00e9n allerede fast i Ride More frontmonteringsbraketten, og en annen i boksen din.<\/p>\n\n\n\n<figure class=\"wp-block-embed is-type-video is-provider-youtube wp-block-embed-youtube wp-embed-aspect-16-9 wp-has-aspect-ratio\"><div class=\"wp-block-embed__wrapper\">\n<iframe loading=\"lazy\" title=\"Mac Ride Front Mount Headset Spacer Installation\" width=\"500\" height=\"281\" src=\"https:\/\/www.youtube.com\/embed\/UhIRhEB6obw?feature=oembed\" frameborder=\"0\" allow=\"accelerometer; autoplay; clipboard-write; encrypted-media; gyroscope; picture-in-picture; web-share\" referrerpolicy=\"strict-origin-when-cross-origin\" allowfullscreen><\/iframe>\n<\/div><\/figure>\n\n\n\n<p>N\u00e5r spaceren er montert, kan du la den v\u00e6re der for enkel og problemfri Ride More-installasjon.<\/p>\n","protected":false},"excerpt":{"rendered":"<p>Kan man noen gang ha for mange sykler? Nei. Derfor vil noen av dere kanskje bestille ekstra spacere, slik at du kan forh\u00e5ndsinstallere din frontmonteringsspacer p\u00e5 s\u00e5 mange sykler du vil og enkelt bytte Ride More-setet uten stress! Frontmonteringsspaceren veier kun 9g! 1 \u00b9\/\u2078&raquo; er den vanligste st\u00f8rrelsen\u2014sjekk sykkelen din hvis du er usikker!<\/p>\n","protected":false},"featured_media":21589,"template":"","meta":{"_genesis_hide_title":false,"_genesis_hide_breadcrumbs":false,"_genesis_hide_singular_image":false,"_genesis_hide_footer_widgets":false,"_genesis_custom_body_class":"","_genesis_custom_post_class":"","_genesis_layout":""},"product_brand":[],"product_cat":[89],"product_tag":[],"class_list":{"0":"post-21597","1":"product","2":"type-product","3":"status-publish","4":"has-post-thumbnail","6":"product_cat-ukategorisert-no","7":"entry","9":"first","10":"outofstock","11":"taxable","12":"shipping-taxable","13":"purchasable","14":"product-type-simple"},"bundled_by":[],"bundle_stock_status":"outofstock","bundle_stock_quantity":0,"bundle_virtual":false,"bundle_layout":"","bundle_add_to_cart_form_location":"","bundle_editable_in_cart":false,"bundle_sold_individually_context":"","bundle_item_grouping":"","bundle_min_size":"","bundle_max_size":"","bundle_price":[],"bundled_items":[],"bundle_sell_ids":[],"yoast_head":"<!-- This site is optimized with the Yoast SEO Premium plugin v26.0 (Yoast SEO v26.0) - https:\/\/yoast.com\/wordpress\/plugins\/seo\/ -->\n<title>Mac Ride frontmonteringsspacer | Enkel installasjon for barnesete<\/title>\n<meta name=\"description\" content=\"Kj\u00f8p Mac Ride frontmonteringsspacer for enkel og rask installasjon av barnesetet. Passer de fleste sykler. Lett og praktisk tilbeh\u00f8r.\" \/>\n<meta name=\"robots\" content=\"index, follow, max-snippet:-1, max-image-preview:large, max-video-preview:-1\" \/>\n<link rel=\"canonical\" href=\"https:\/\/nordiccab.com\/no\/produkt\/mac-ride-barnesete-1-%c2%b9-%e2%81%b8-standard-feste-spacer\/\" \/>\n<meta property=\"og:locale\" content=\"nb_NO\" \/>\n<meta property=\"og:type\" content=\"article\" \/>\n<meta property=\"og:title\" content=\"Mac Ride Barnesete | 1 \u00b9\/\u2078&quot; Standard Feste spacer\" \/>\n<meta property=\"og:description\" content=\"Kj\u00f8p Mac Ride frontmonteringsspacer for enkel og rask installasjon av barnesetet. Passer de fleste sykler. Lett og praktisk tilbeh\u00f8r.\" \/>\n<meta property=\"og:url\" content=\"https:\/\/nordiccab.com\/no\/produkt\/mac-ride-barnesete-1-%c2%b9-%e2%81%b8-standard-feste-spacer\/\" \/>\n<meta property=\"og:site_name\" content=\"Nordic Cab\" \/>\n<meta property=\"article:publisher\" content=\"https:\/\/www.facebook.com\/nordiccab\" \/>\n<meta property=\"article:modified_time\" content=\"2024-10-30T13:20:22+00:00\" \/>\n<meta property=\"og:image\" content=\"https:\/\/nordiccab.com\/wp-content\/uploads\/2024\/08\/spacer_in_place_side_on_1.jpg\" \/>\n\t<meta property=\"og:image:width\" content=\"627\" \/>\n\t<meta property=\"og:image:height\" content=\"627\" \/>\n\t<meta property=\"og:image:type\" content=\"image\/jpeg\" \/>\n<meta name=\"twitter:card\" content=\"summary_large_image\" \/>\n<meta name=\"twitter:label1\" content=\"Ansl. lesetid\" \/>\n\t<meta name=\"twitter:data1\" content=\"1 minutt\" \/>\n<script type=\"application\/ld+json\" class=\"yoast-schema-graph\">{\"@context\":\"https:\/\/schema.org\",\"@graph\":[{\"@type\":\"WebPage\",\"@id\":\"https:\/\/nordiccab.com\/no\/produkt\/mac-ride-barnesete-1-%c2%b9-%e2%81%b8-standard-feste-spacer\/\",\"url\":\"https:\/\/nordiccab.com\/no\/produkt\/mac-ride-barnesete-1-%c2%b9-%e2%81%b8-standard-feste-spacer\/\",\"name\":\"Mac Ride frontmonteringsspacer | Enkel installasjon for barnesete\",\"isPartOf\":{\"@id\":\"https:\/\/nordiccab.com\/no\/#website\"},\"primaryImageOfPage\":{\"@id\":\"https:\/\/nordiccab.com\/no\/produkt\/mac-ride-barnesete-1-%c2%b9-%e2%81%b8-standard-feste-spacer\/#primaryimage\"},\"image\":{\"@id\":\"https:\/\/nordiccab.com\/no\/produkt\/mac-ride-barnesete-1-%c2%b9-%e2%81%b8-standard-feste-spacer\/#primaryimage\"},\"thumbnailUrl\":\"https:\/\/nordiccab.com\/wp-content\/uploads\/2024\/08\/spacer_in_place_side_on_1.jpg\",\"datePublished\":\"2024-03-18T07:20:00+00:00\",\"dateModified\":\"2024-10-30T13:20:22+00:00\",\"description\":\"Kj\u00f8p Mac Ride frontmonteringsspacer for enkel og rask installasjon av barnesetet. Passer de fleste sykler. Lett og praktisk tilbeh\u00f8r.\",\"breadcrumb\":{\"@id\":\"https:\/\/nordiccab.com\/no\/produkt\/mac-ride-barnesete-1-%c2%b9-%e2%81%b8-standard-feste-spacer\/#breadcrumb\"},\"inLanguage\":\"nb-NO\",\"potentialAction\":[{\"@type\":\"ReadAction\",\"target\":[\"https:\/\/nordiccab.com\/no\/produkt\/mac-ride-barnesete-1-%c2%b9-%e2%81%b8-standard-feste-spacer\/\"]}]},{\"@type\":\"ImageObject\",\"inLanguage\":\"nb-NO\",\"@id\":\"https:\/\/nordiccab.com\/no\/produkt\/mac-ride-barnesete-1-%c2%b9-%e2%81%b8-standard-feste-spacer\/#primaryimage\",\"url\":\"https:\/\/nordiccab.com\/wp-content\/uploads\/2024\/08\/spacer_in_place_side_on_1.jpg\",\"contentUrl\":\"https:\/\/nordiccab.com\/wp-content\/uploads\/2024\/08\/spacer_in_place_side_on_1.jpg\",\"width\":627,\"height\":627,\"caption\":\"ekstra feste for sykkelsete barn foran | mac ride\"},{\"@type\":\"BreadcrumbList\",\"@id\":\"https:\/\/nordiccab.com\/no\/produkt\/mac-ride-barnesete-1-%c2%b9-%e2%81%b8-standard-feste-spacer\/#breadcrumb\",\"itemListElement\":[{\"@type\":\"ListItem\",\"position\":1,\"name\":\"Home\",\"item\":\"https:\/\/nordiccab.com\/no\/\"},{\"@type\":\"ListItem\",\"position\":2,\"name\":\"Produkter\",\"item\":\"https:\/\/nordiccab.com\/no\/butikk\/\"},{\"@type\":\"ListItem\",\"position\":3,\"name\":\"Mac Ride Barnesete | 1 \u00b9\/\u2078&#8221; Standard Feste spacer\"}]},{\"@type\":\"WebSite\",\"@id\":\"https:\/\/nordiccab.com\/no\/#website\",\"url\":\"https:\/\/nordiccab.com\/no\/\",\"name\":\"Nordic Cab\",\"description\":\"Start Life Exploring\",\"publisher\":{\"@id\":\"https:\/\/nordiccab.com\/no\/#organization\"},\"potentialAction\":[{\"@type\":\"SearchAction\",\"target\":{\"@type\":\"EntryPoint\",\"urlTemplate\":\"https:\/\/nordiccab.com\/no\/?s={search_term_string}\"},\"query-input\":{\"@type\":\"PropertyValueSpecification\",\"valueRequired\":true,\"valueName\":\"search_term_string\"}}],\"inLanguage\":\"nb-NO\"},{\"@type\":\"Organization\",\"@id\":\"https:\/\/nordiccab.com\/no\/#organization\",\"name\":\"Nordic Cab Solutions AS\",\"url\":\"https:\/\/nordiccab.com\/no\/\",\"logo\":{\"@type\":\"ImageObject\",\"inLanguage\":\"nb-NO\",\"@id\":\"https:\/\/nordiccab.com\/no\/#\/schema\/logo\/image\/\",\"url\":\"https:\/\/nordiccab.com\/wp-content\/uploads\/2022\/02\/NC-logo.svg\",\"contentUrl\":\"https:\/\/nordiccab.com\/wp-content\/uploads\/2022\/02\/NC-logo.svg\",\"width\":1,\"height\":1,\"caption\":\"Nordic Cab Solutions AS\"},\"image\":{\"@id\":\"https:\/\/nordiccab.com\/no\/#\/schema\/logo\/image\/\"},\"sameAs\":[\"https:\/\/www.facebook.com\/nordiccab\"]}]}<\/script>\n<!-- \/ Yoast SEO Premium plugin. -->","yoast_head_json":{"title":"Mac Ride frontmonteringsspacer | Enkel installasjon for barnesete","description":"Kj\u00f8p Mac Ride frontmonteringsspacer for enkel og rask installasjon av barnesetet. Passer de fleste sykler. Lett og praktisk tilbeh\u00f8r.","robots":{"index":"index","follow":"follow","max-snippet":"max-snippet:-1","max-image-preview":"max-image-preview:large","max-video-preview":"max-video-preview:-1"},"canonical":"https:\/\/nordiccab.com\/no\/produkt\/mac-ride-barnesete-1-%c2%b9-%e2%81%b8-standard-feste-spacer\/","og_locale":"nb_NO","og_type":"article","og_title":"Mac Ride Barnesete | 1 \u00b9\/\u2078\" Standard Feste spacer","og_description":"Kj\u00f8p Mac Ride frontmonteringsspacer for enkel og rask installasjon av barnesetet. Passer de fleste sykler. Lett og praktisk tilbeh\u00f8r.","og_url":"https:\/\/nordiccab.com\/no\/produkt\/mac-ride-barnesete-1-%c2%b9-%e2%81%b8-standard-feste-spacer\/","og_site_name":"Nordic Cab","article_publisher":"https:\/\/www.facebook.com\/nordiccab","article_modified_time":"2024-10-30T13:20:22+00:00","og_image":[{"width":627,"height":627,"url":"https:\/\/nordiccab.com\/wp-content\/uploads\/2024\/08\/spacer_in_place_side_on_1.jpg","type":"image\/jpeg"}],"twitter_card":"summary_large_image","twitter_misc":{"Ansl. lesetid":"1 minutt"},"schema":{"@context":"https:\/\/schema.org","@graph":[{"@type":"WebPage","@id":"https:\/\/nordiccab.com\/no\/produkt\/mac-ride-barnesete-1-%c2%b9-%e2%81%b8-standard-feste-spacer\/","url":"https:\/\/nordiccab.com\/no\/produkt\/mac-ride-barnesete-1-%c2%b9-%e2%81%b8-standard-feste-spacer\/","name":"Mac Ride frontmonteringsspacer | Enkel installasjon for barnesete","isPartOf":{"@id":"https:\/\/nordiccab.com\/no\/#website"},"primaryImageOfPage":{"@id":"https:\/\/nordiccab.com\/no\/produkt\/mac-ride-barnesete-1-%c2%b9-%e2%81%b8-standard-feste-spacer\/#primaryimage"},"image":{"@id":"https:\/\/nordiccab.com\/no\/produkt\/mac-ride-barnesete-1-%c2%b9-%e2%81%b8-standard-feste-spacer\/#primaryimage"},"thumbnailUrl":"https:\/\/nordiccab.com\/wp-content\/uploads\/2024\/08\/spacer_in_place_side_on_1.jpg","datePublished":"2024-03-18T07:20:00+00:00","dateModified":"2024-10-30T13:20:22+00:00","description":"Kj\u00f8p Mac Ride frontmonteringsspacer for enkel og rask installasjon av barnesetet. Passer de fleste sykler. Lett og praktisk tilbeh\u00f8r.","breadcrumb":{"@id":"https:\/\/nordiccab.com\/no\/produkt\/mac-ride-barnesete-1-%c2%b9-%e2%81%b8-standard-feste-spacer\/#breadcrumb"},"inLanguage":"nb-NO","potentialAction":[{"@type":"ReadAction","target":["https:\/\/nordiccab.com\/no\/produkt\/mac-ride-barnesete-1-%c2%b9-%e2%81%b8-standard-feste-spacer\/"]}]},{"@type":"ImageObject","inLanguage":"nb-NO","@id":"https:\/\/nordiccab.com\/no\/produkt\/mac-ride-barnesete-1-%c2%b9-%e2%81%b8-standard-feste-spacer\/#primaryimage","url":"https:\/\/nordiccab.com\/wp-content\/uploads\/2024\/08\/spacer_in_place_side_on_1.jpg","contentUrl":"https:\/\/nordiccab.com\/wp-content\/uploads\/2024\/08\/spacer_in_place_side_on_1.jpg","width":627,"height":627,"caption":"ekstra feste for sykkelsete barn foran | mac ride"},{"@type":"BreadcrumbList","@id":"https:\/\/nordiccab.com\/no\/produkt\/mac-ride-barnesete-1-%c2%b9-%e2%81%b8-standard-feste-spacer\/#breadcrumb","itemListElement":[{"@type":"ListItem","position":1,"name":"Home","item":"https:\/\/nordiccab.com\/no\/"},{"@type":"ListItem","position":2,"name":"Produkter","item":"https:\/\/nordiccab.com\/no\/butikk\/"},{"@type":"ListItem","position":3,"name":"Mac Ride Barnesete | 1 \u00b9\/\u2078&#8221; Standard Feste spacer"}]},{"@type":"WebSite","@id":"https:\/\/nordiccab.com\/no\/#website","url":"https:\/\/nordiccab.com\/no\/","name":"Nordic Cab","description":"Start Life Exploring","publisher":{"@id":"https:\/\/nordiccab.com\/no\/#organization"},"potentialAction":[{"@type":"SearchAction","target":{"@type":"EntryPoint","urlTemplate":"https:\/\/nordiccab.com\/no\/?s={search_term_string}"},"query-input":{"@type":"PropertyValueSpecification","valueRequired":true,"valueName":"search_term_string"}}],"inLanguage":"nb-NO"},{"@type":"Organization","@id":"https:\/\/nordiccab.com\/no\/#organization","name":"Nordic Cab Solutions AS","url":"https:\/\/nordiccab.com\/no\/","logo":{"@type":"ImageObject","inLanguage":"nb-NO","@id":"https:\/\/nordiccab.com\/no\/#\/schema\/logo\/image\/","url":"https:\/\/nordiccab.com\/wp-content\/uploads\/2022\/02\/NC-logo.svg","contentUrl":"https:\/\/nordiccab.com\/wp-content\/uploads\/2022\/02\/NC-logo.svg","width":1,"height":1,"caption":"Nordic Cab Solutions AS"},"image":{"@id":"https:\/\/nordiccab.com\/no\/#\/schema\/logo\/image\/"},"sameAs":["https:\/\/www.facebook.com\/nordiccab"]}]}},"_links":{"self":[{"href":"https:\/\/nordiccab.com\/no\/wp-json\/wp\/v2\/product\/21597","targetHints":{"allow":["GET"]}}],"collection":[{"href":"https:\/\/nordiccab.com\/no\/wp-json\/wp\/v2\/product"}],"about":[{"href":"https:\/\/nordiccab.com\/no\/wp-json\/wp\/v2\/types\/product"}],"wp:featuredmedia":[{"embeddable":true,"href":"https:\/\/nordiccab.com\/no\/wp-json\/wp\/v2\/media\/21589"}],"wp:attachment":[{"href":"https:\/\/nordiccab.com\/no\/wp-json\/wp\/v2\/media?parent=21597"}],"wp:term":[{"taxonomy":"product_brand","embeddable":true,"href":"https:\/\/nordiccab.com\/no\/wp-json\/wp\/v2\/product_brand?post=21597"},{"taxonomy":"product_cat","embeddable":true,"href":"https:\/\/nordiccab.com\/no\/wp-json\/wp\/v2\/product_cat?post=21597"},{"taxonomy":"product_tag","embeddable":true,"href":"https:\/\/nordiccab.com\/no\/wp-json\/wp\/v2\/product_tag?post=21597"}],"curies":[{"name":"wp","href":"https:\/\/api.w.org\/{rel}","templated":true}]}}