{"id":18798,"date":"2024-05-06T10:40:00","date_gmt":"2024-05-06T08:40:00","guid":{"rendered":"https:\/\/nordiccab.com\/?post_type=product&#038;p=18798"},"modified":"2025-04-17T07:34:33","modified_gmt":"2025-04-17T05:34:33","slug":"produkt-sykkelvognadapter-m12x1-25-navmotor","status":"publish","type":"product","link":"https:\/\/nordiccab.com\/no\/produkt\/produkt-sykkelvognadapter-m12x1-25-navmotor\/","title":{"rendered":"Sykkelvognadapter \u2013 M12 x 1.25 Elsykler med Navmotor | Rad Power eller Mahle"},"content":{"rendered":"\n<h2 class=\"wp-block-heading has-large-font-size\" id=\"h-utviklet-for-rad-power-bikes-mahle-ebikemotion-systemer-og-andre-elsykler-med-m12-x-1-25-akselgjenger\">Utviklet for Rad Power Bikes, Mahle\/EBIKEMOTION-systemer og andre elsykler med M12 x 1.25 akselgjenger.<\/h2>\n\n\n\n<p>Denne h\u00f8ypresise adapteren er utviklet for elsykler med navmotor og fast bakaksel med gjenger M12 x 1.25, inkludert Rad Power Bikes og Mahle\/EBIKEMOTION-utstyrte modeller. Den gir en trygg og sikker tilkobling for de fleste to-hjuls sykkelvogner for barn, kj\u00e6ledyr eller last.<\/p>\n\n\n\n<p>Adapteren er laget i h\u00f8ykvalitets rustfritt st\u00e5l og t\u00e5ler t\u00f8ff bruk og all slags v\u00e6r. Den installeres enkelt ved \u00e5 erstatte eksisterende mutter p\u00e5 venstre side av bakakselen.<\/p>\n\n\n\n<h3 class=\"wp-block-heading has-large-font-size\" id=\"h-kompatibel-med\">Kompatibel med:<\/h3>\n\n\n\n<ul class=\"wp-block-list\">\n<li>Thule<\/li>\n\n\n\n<li>Nordic Cab<\/li>\n\n\n\n<li>Burley<\/li>\n\n\n\n<li>Hamax<\/li>\n\n\n\n<li>Bits<\/li>\n\n\n\n<li>Biltema<\/li>\n\n\n\n<li>og mange flere<\/li>\n<\/ul>\n\n\n\n<h2 class=\"wp-block-heading has-large-font-size\" id=\"h-viktige-funksjoner\">Viktige funksjoner:<\/h2>\n\n\n\n<ul class=\"wp-block-list\">\n<li><mark style=\"background-color: rgba(0, 0, 0, 0);\" class=\"has-inline-color has-theme-secondary-color\"><b>G<\/b><\/mark><strong><mark style=\"background-color:rgba(0, 0, 0, 0)\" class=\"has-inline-color has-theme-secondary-color\">jengest\u00f8rrelse:<\/mark><\/strong> M12 x 1.25 \u2013 ideell for Rad Power Bikes og Mahle-utstyrte elsykler<\/li>\n\n\n\n<li><strong><mark style=\"background-color:rgba(0, 0, 0, 0)\" class=\"has-inline-color has-theme-secondary-color\">Kompatibilitet:<\/mark><\/strong> Fungerer med de fleste 2-hjuls sykkelvogner med akselmontert armt<\/li>\n\n\n\n<li><strong><mark style=\"background-color:rgba(0, 0, 0, 0)\" class=\"has-inline-color has-theme-secondary-color\">Utvidet monteringspunkt:<\/mark><\/strong> Flytter hengerfestet 2,8 cm ut for bedre plass til bremser og ramme<\/li>\n\n\n\n<li><strong><mark style=\"background-color:rgba(0, 0, 0, 0)\" class=\"has-inline-color has-theme-secondary-color\">Solid og sikkert:<\/mark><\/strong> Bygget for \u00e5 t\u00e5le tung last og langvarig bruk<\/li>\n\n\n\n<li><strong><mark style=\"background-color:rgba(0, 0, 0, 0)\" class=\"has-inline-color has-theme-secondary-color\">Enkel montering:<\/mark><\/strong> Krever kun 17 mm fastn\u00f8kkel<\/li>\n<\/ul>\n\n\n\n<h3 class=\"wp-block-heading has-large-font-size\" id=\"h-usikker-pa-hva-du-trenger-vi-hjelper-deg-raskt-og-enkelt\">\ud83e\udd14 Usikker p\u00e5 hva du trenger? Vi hjelper deg \u2013 raskt og enkelt<\/h3>\n\n\n\n<p>Mange synes det er vanskelig \u00e5 vite hvilken adapter de trenger \u2013 og det forst\u00e5r vi godt.<br>Men du trenger ikke bruke tid og energi p\u00e5 \u00e5 finne ut av det selv \u2013 vi hjelper deg!<br>\ud83c\udfaf <strong><mark style=\"background-color:rgba(0, 0, 0, 0)\" class=\"has-inline-color has-theme-secondary-color\">Fyll ut v\u00e5rt hjelpeskjema her<\/mark><\/strong> \u2013 det tar under 1 minutt. <strong><mark style=\"background-color:rgba(0, 0, 0, 0)\" class=\"has-inline-color has-theme-secondary-color\">Vi svarer samme dag eller senest neste virkedag.<\/mark><\/strong><br><strong><mark style=\"background-color:rgba(0, 0, 0, 0)\" class=\"has-inline-color has-theme-secondary-color\">OBS:<\/mark><\/strong> Finner du ikke svar, sjekk s\u00f8ppelpost.<\/p>\n\n\n\n\n<div class=\"wpcf7 no-js\" id=\"wpcf7-f27157-o1\" lang=\"nb-NO\" dir=\"ltr\" data-wpcf7-id=\"27157\">\n<div class=\"screen-reader-response\"><p role=\"status\" aria-live=\"polite\" aria-atomic=\"true\"><\/p> <ul><\/ul><\/div>\n<form action=\"\/no\/wp-json\/wp\/v2\/product\/18798#wpcf7-f27157-o1\" method=\"post\" class=\"wpcf7-form init\" aria-label=\"Kontaktskjema\" novalidate=\"novalidate\" data-status=\"init\">\n<fieldset class=\"hidden-fields-container\"><input type=\"hidden\" name=\"_wpcf7\" value=\"27157\" \/><input type=\"hidden\" name=\"_wpcf7_version\" value=\"6.1.1\" \/><input type=\"hidden\" name=\"_wpcf7_locale\" value=\"nb_NO\" \/><input type=\"hidden\" name=\"_wpcf7_unit_tag\" value=\"wpcf7-f27157-o1\" \/><input type=\"hidden\" name=\"_wpcf7_container_post\" value=\"0\" \/><input type=\"hidden\" name=\"_wpcf7_posted_data_hash\" value=\"\" \/><input type=\"hidden\" name=\"_wpcf7_recaptcha_response\" value=\"\" \/>\n<\/fieldset>\n<p><label> \ud83d\udeb2 Sykkelmerke<br \/>\n<span class=\"wpcf7-form-control-wrap\" data-name=\"text-665\"><input size=\"40\" maxlength=\"400\" class=\"wpcf7-form-control wpcf7-text\" aria-invalid=\"false\" value=\"\" type=\"text\" name=\"text-665\" \/><\/span> <\/label><br \/>\nEksempel: Scott\n<\/p>\n<p><label> \ud83d\udcc4 Modell (v\u00e6r s\u00e5 spesifikk som mulig)<br \/>\n<span class=\"wpcf7-form-control-wrap\" data-name=\"text-666\"><input size=\"40\" maxlength=\"400\" class=\"wpcf7-form-control wpcf7-text\" aria-invalid=\"false\" value=\"\" type=\"text\" name=\"text-666\" \/><\/span> <\/label><br \/>\nEksempel: Scott Scale 960\n<\/p>\n<p><label> \ud83d\udcc6 \u00c5rsmodell (ca \u00e5r holder hvis du er usikker)<br \/>\n<span class=\"wpcf7-form-control-wrap\" data-name=\"text-667\"><input size=\"40\" maxlength=\"400\" class=\"wpcf7-form-control wpcf7-text\" aria-invalid=\"false\" value=\"\" type=\"text\" name=\"text-667\" \/><\/span> <\/label><br \/>\nEksempel: 2022\n<\/p>\n<p><label> Sykkelvognmerke<br \/>\n<span class=\"wpcf7-form-control-wrap\" data-name=\"text-668\"><input size=\"40\" maxlength=\"400\" class=\"wpcf7-form-control wpcf7-text\" aria-invalid=\"false\" value=\"\" type=\"text\" name=\"text-668\" \/><\/span> <\/label><br \/>\nEksempel: Thule\n<\/p>\n<p><label> \ud83d\udce7 Epost<br \/>\n<span class=\"wpcf7-form-control-wrap\" data-name=\"your-email\"><input size=\"40\" maxlength=\"400\" class=\"wpcf7-form-control wpcf7-email wpcf7-validates-as-required wpcf7-text wpcf7-validates-as-email\" aria-required=\"true\" aria-invalid=\"false\" value=\"\" type=\"email\" name=\"your-email\" \/><\/span> <\/label>\n<\/p>\n<p><input class=\"wpcf7-form-control wpcf7-submit has-spinner\" type=\"submit\" value=\"Send\" \/>\n<\/p><div class=\"wpcf7-response-output\" aria-hidden=\"true\"><\/div>\n<\/form>\n<\/div>\n\n\n\n\n<h3 class=\"wp-block-heading has-large-font-size\" id=\"h-norsk-kvalitet-og-erfaring-siden-1983\">Norsk Kvalitet og Erfaring siden 1983<\/h3>\n\n\n\n<p>Nordic Cab er et norsk friluftsmerke med r\u00f8tter i sykkelvogner, eventyr og t\u00f8ffe forhold. Siden 1983 har vi utviklet og produsert robuste produkter for familier og aktive brukere.<\/p>\n\n\n\n<p>Vi bruker selv v\u00e5re adaptere, tester dem i praksis og hjelper tusenvis av kunder hvert \u00e5r.<\/p>\n\n\n\n<ul class=\"wp-block-list\">\n<li>CNC-maskinert for h\u00f8y presisjon<\/li>\n\n\n\n<li>Utviklet med innsikt fra tusenvis av kundel\u00f8sninger<\/li>\n\n\n\n<li>St\u00f8tte og veiledning fra eksperter p\u00e5 sykkelvogner<\/li>\n<\/ul>\n\n\n\n<p>Se alle v\u00e5re adaptere og sykkelfester <strong><a href=\"https:\/\/nordiccab.com\/no\/produktkategori\/barnepulk-sykkelvogn-baeremeis-utstyr-tilbehor-deler\/universelle-adaptere-for-sykkelvogn\/\" target=\"_blank\" rel=\"noreferrer noopener\">her<\/a>.<\/strong> <\/p>\n\n\n\n<p><\/p>\n","protected":false},"excerpt":{"rendered":"<ul>\n<li><strong><span style=\"color: #003300;\">Passer Rad Power &amp; Mahle elsykler <\/span><\/strong><br \/><span style=\"color: #003300;\">Spesielt designet for M12 x 1.25 gjenger<\/span><\/li>\n<li><strong><span style=\"color: #003300;\">Universell kompatibilitet <\/span><\/strong><br \/><span style=\"color: #003300;\">Fungerer med Thule, Burley, Hamax, Nordic Cab m.fl.<\/span><\/li>\n<li><strong><span style=\"color: #003300;\">Rustfritt st\u00e5l <\/span><\/strong><br \/><span style=\"color: #003300;\">Maskinert for h\u00f8y holdbarhet og lang levetid<\/span><\/li>\n<li><strong><span style=\"color: #003300;\">Trygg og stabil tilkobling <\/span><\/strong><br \/><span style=\"color: #003300;\">T\u00e5ler tung last og gir god klaring<\/span><\/li>\n<li><strong><span style=\"color: #003300;\">Enkel montering<\/span><\/strong><br \/><span style=\"color: #003300;\">Skru bare av eksisterende mutter og erstatt med adapteren<\/span><\/li>\n<\/ul>\n","protected":false},"featured_media":27559,"template":"","meta":{"_genesis_hide_title":false,"_genesis_hide_breadcrumbs":false,"_genesis_hide_singular_image":false,"_genesis_hide_footer_widgets":false,"_genesis_custom_body_class":"","_genesis_custom_post_class":"","_genesis_layout":""},"product_brand":[],"product_cat":[73,549],"product_tag":[],"class_list":{"0":"post-18798","1":"product","2":"type-product","3":"status-publish","4":"has-post-thumbnail","6":"product_cat-barnepulk-sykkelvogn-baeremeis-utstyr-tilbehor-deler","7":"product_cat-universelle-adaptere-for-sykkelvogn","8":"entry","10":"first","11":"instock","12":"taxable","13":"shipping-taxable","14":"purchasable","15":"product-type-simple"},"bundled_by":[],"bundle_stock_status":"instock","bundle_stock_quantity":4,"bundle_virtual":false,"bundle_layout":"","bundle_add_to_cart_form_location":"","bundle_editable_in_cart":false,"bundle_sold_individually_context":"","bundle_item_grouping":"","bundle_min_size":"","bundle_max_size":"","bundle_price":[],"bundled_items":[],"bundle_sell_ids":[],"yoast_head":"<!-- This site is optimized with the Yoast SEO Premium plugin v26.0 (Yoast SEO v26.0) - https:\/\/yoast.com\/wordpress\/plugins\/seo\/ -->\n<title>Adapter for sykkelvogn \u2013 M12x1.25 til elsykkel med navmotor<\/title>\n<meta name=\"description\" content=\"Robust adapter for sykkelvogn \u2013 passer Rad Power og Mahle navmotor-elsykler med M12x1.25 aksling. For Thule, Burley, Hamax m.fl. Enkel montering.\" \/>\n<meta name=\"robots\" content=\"index, follow, max-snippet:-1, max-image-preview:large, max-video-preview:-1\" \/>\n<link rel=\"canonical\" href=\"https:\/\/nordiccab.com\/no\/produkt\/produkt-sykkelvognadapter-m12x1-25-navmotor\/\" \/>\n<meta property=\"og:locale\" content=\"nb_NO\" \/>\n<meta property=\"og:type\" content=\"article\" \/>\n<meta property=\"og:title\" content=\"Sykkelvognadapter \u2013 M12 x 1.25 Elsykler med Navmotor | Rad Power eller Mahle\" \/>\n<meta property=\"og:description\" content=\"Robust adapter for sykkelvogn \u2013 passer Rad Power og Mahle navmotor-elsykler med M12x1.25 aksling. For Thule, Burley, Hamax m.fl. Enkel montering.\" \/>\n<meta property=\"og:url\" content=\"https:\/\/nordiccab.com\/no\/produkt\/produkt-sykkelvognadapter-m12x1-25-navmotor\/\" \/>\n<meta property=\"og:site_name\" content=\"Nordic Cab\" \/>\n<meta property=\"article:publisher\" content=\"https:\/\/www.facebook.com\/nordiccab\" \/>\n<meta property=\"article:modified_time\" content=\"2025-04-17T05:34:33+00:00\" \/>\n<meta property=\"og:image\" content=\"https:\/\/nordiccab.com\/wp-content\/uploads\/2024\/05\/ADA005-M12x1.25.png\" \/>\n\t<meta property=\"og:image:width\" content=\"1028\" \/>\n\t<meta property=\"og:image:height\" content=\"1028\" \/>\n\t<meta property=\"og:image:type\" content=\"image\/png\" \/>\n<meta name=\"twitter:card\" content=\"summary_large_image\" \/>\n<meta name=\"twitter:label1\" content=\"Ansl. lesetid\" \/>\n\t<meta name=\"twitter:data1\" content=\"2 minutter\" \/>\n<script type=\"application\/ld+json\" class=\"yoast-schema-graph\">{\"@context\":\"https:\/\/schema.org\",\"@graph\":[{\"@type\":\"WebPage\",\"@id\":\"https:\/\/nordiccab.com\/no\/produkt\/produkt-sykkelvognadapter-m12x1-25-navmotor\/\",\"url\":\"https:\/\/nordiccab.com\/no\/produkt\/produkt-sykkelvognadapter-m12x1-25-navmotor\/\",\"name\":\"Adapter for sykkelvogn \u2013 M12x1.25 til elsykkel med navmotor\",\"isPartOf\":{\"@id\":\"https:\/\/nordiccab.com\/no\/#website\"},\"primaryImageOfPage\":{\"@id\":\"https:\/\/nordiccab.com\/no\/produkt\/produkt-sykkelvognadapter-m12x1-25-navmotor\/#primaryimage\"},\"image\":{\"@id\":\"https:\/\/nordiccab.com\/no\/produkt\/produkt-sykkelvognadapter-m12x1-25-navmotor\/#primaryimage\"},\"thumbnailUrl\":\"https:\/\/nordiccab.com\/wp-content\/uploads\/2024\/05\/ADA005-M12x1.25.png\",\"datePublished\":\"2024-05-06T08:40:00+00:00\",\"dateModified\":\"2025-04-17T05:34:33+00:00\",\"description\":\"Robust adapter for sykkelvogn \u2013 passer Rad Power og Mahle navmotor-elsykler med M12x1.25 aksling. For Thule, Burley, Hamax m.fl. Enkel montering.\",\"breadcrumb\":{\"@id\":\"https:\/\/nordiccab.com\/no\/produkt\/produkt-sykkelvognadapter-m12x1-25-navmotor\/#breadcrumb\"},\"inLanguage\":\"nb-NO\",\"potentialAction\":[{\"@type\":\"ReadAction\",\"target\":[\"https:\/\/nordiccab.com\/no\/produkt\/produkt-sykkelvognadapter-m12x1-25-navmotor\/\"]}]},{\"@type\":\"ImageObject\",\"inLanguage\":\"nb-NO\",\"@id\":\"https:\/\/nordiccab.com\/no\/produkt\/produkt-sykkelvognadapter-m12x1-25-navmotor\/#primaryimage\",\"url\":\"https:\/\/nordiccab.com\/wp-content\/uploads\/2024\/05\/ADA005-M12x1.25.png\",\"contentUrl\":\"https:\/\/nordiccab.com\/wp-content\/uploads\/2024\/05\/ADA005-M12x1.25.png\",\"width\":1028,\"height\":1028,\"caption\":\"Adapter for navmotor-elsykler med gjenger M12x1.25 \u2013 klar til montering\"},{\"@type\":\"BreadcrumbList\",\"@id\":\"https:\/\/nordiccab.com\/no\/produkt\/produkt-sykkelvognadapter-m12x1-25-navmotor\/#breadcrumb\",\"itemListElement\":[{\"@type\":\"ListItem\",\"position\":1,\"name\":\"Home\",\"item\":\"https:\/\/nordiccab.com\/no\/\"},{\"@type\":\"ListItem\",\"position\":2,\"name\":\"Produkter\",\"item\":\"https:\/\/nordiccab.com\/no\/butikk\/\"},{\"@type\":\"ListItem\",\"position\":3,\"name\":\"Sykkelvognadapter \u2013 M12 x 1.25 Elsykler med Navmotor | Rad Power eller Mahle\"}]},{\"@type\":\"WebSite\",\"@id\":\"https:\/\/nordiccab.com\/no\/#website\",\"url\":\"https:\/\/nordiccab.com\/no\/\",\"name\":\"Nordic Cab\",\"description\":\"Start Life Exploring\",\"publisher\":{\"@id\":\"https:\/\/nordiccab.com\/no\/#organization\"},\"potentialAction\":[{\"@type\":\"SearchAction\",\"target\":{\"@type\":\"EntryPoint\",\"urlTemplate\":\"https:\/\/nordiccab.com\/no\/?s={search_term_string}\"},\"query-input\":{\"@type\":\"PropertyValueSpecification\",\"valueRequired\":true,\"valueName\":\"search_term_string\"}}],\"inLanguage\":\"nb-NO\"},{\"@type\":\"Organization\",\"@id\":\"https:\/\/nordiccab.com\/no\/#organization\",\"name\":\"Nordic Cab Solutions AS\",\"url\":\"https:\/\/nordiccab.com\/no\/\",\"logo\":{\"@type\":\"ImageObject\",\"inLanguage\":\"nb-NO\",\"@id\":\"https:\/\/nordiccab.com\/no\/#\/schema\/logo\/image\/\",\"url\":\"https:\/\/nordiccab.com\/wp-content\/uploads\/2022\/02\/NC-logo.svg\",\"contentUrl\":\"https:\/\/nordiccab.com\/wp-content\/uploads\/2022\/02\/NC-logo.svg\",\"width\":1,\"height\":1,\"caption\":\"Nordic Cab Solutions AS\"},\"image\":{\"@id\":\"https:\/\/nordiccab.com\/no\/#\/schema\/logo\/image\/\"},\"sameAs\":[\"https:\/\/www.facebook.com\/nordiccab\"]}]}<\/script>\n<!-- \/ Yoast SEO Premium plugin. -->","yoast_head_json":{"title":"Adapter for sykkelvogn \u2013 M12x1.25 til elsykkel med navmotor","description":"Robust adapter for sykkelvogn \u2013 passer Rad Power og Mahle navmotor-elsykler med M12x1.25 aksling. For Thule, Burley, Hamax m.fl. Enkel montering.","robots":{"index":"index","follow":"follow","max-snippet":"max-snippet:-1","max-image-preview":"max-image-preview:large","max-video-preview":"max-video-preview:-1"},"canonical":"https:\/\/nordiccab.com\/no\/produkt\/produkt-sykkelvognadapter-m12x1-25-navmotor\/","og_locale":"nb_NO","og_type":"article","og_title":"Sykkelvognadapter \u2013 M12 x 1.25 Elsykler med Navmotor | Rad Power eller Mahle","og_description":"Robust adapter for sykkelvogn \u2013 passer Rad Power og Mahle navmotor-elsykler med M12x1.25 aksling. For Thule, Burley, Hamax m.fl. Enkel montering.","og_url":"https:\/\/nordiccab.com\/no\/produkt\/produkt-sykkelvognadapter-m12x1-25-navmotor\/","og_site_name":"Nordic Cab","article_publisher":"https:\/\/www.facebook.com\/nordiccab","article_modified_time":"2025-04-17T05:34:33+00:00","og_image":[{"width":1028,"height":1028,"url":"https:\/\/nordiccab.com\/wp-content\/uploads\/2024\/05\/ADA005-M12x1.25.png","type":"image\/png"}],"twitter_card":"summary_large_image","twitter_misc":{"Ansl. lesetid":"2 minutter"},"schema":{"@context":"https:\/\/schema.org","@graph":[{"@type":"WebPage","@id":"https:\/\/nordiccab.com\/no\/produkt\/produkt-sykkelvognadapter-m12x1-25-navmotor\/","url":"https:\/\/nordiccab.com\/no\/produkt\/produkt-sykkelvognadapter-m12x1-25-navmotor\/","name":"Adapter for sykkelvogn \u2013 M12x1.25 til elsykkel med navmotor","isPartOf":{"@id":"https:\/\/nordiccab.com\/no\/#website"},"primaryImageOfPage":{"@id":"https:\/\/nordiccab.com\/no\/produkt\/produkt-sykkelvognadapter-m12x1-25-navmotor\/#primaryimage"},"image":{"@id":"https:\/\/nordiccab.com\/no\/produkt\/produkt-sykkelvognadapter-m12x1-25-navmotor\/#primaryimage"},"thumbnailUrl":"https:\/\/nordiccab.com\/wp-content\/uploads\/2024\/05\/ADA005-M12x1.25.png","datePublished":"2024-05-06T08:40:00+00:00","dateModified":"2025-04-17T05:34:33+00:00","description":"Robust adapter for sykkelvogn \u2013 passer Rad Power og Mahle navmotor-elsykler med M12x1.25 aksling. For Thule, Burley, Hamax m.fl. Enkel montering.","breadcrumb":{"@id":"https:\/\/nordiccab.com\/no\/produkt\/produkt-sykkelvognadapter-m12x1-25-navmotor\/#breadcrumb"},"inLanguage":"nb-NO","potentialAction":[{"@type":"ReadAction","target":["https:\/\/nordiccab.com\/no\/produkt\/produkt-sykkelvognadapter-m12x1-25-navmotor\/"]}]},{"@type":"ImageObject","inLanguage":"nb-NO","@id":"https:\/\/nordiccab.com\/no\/produkt\/produkt-sykkelvognadapter-m12x1-25-navmotor\/#primaryimage","url":"https:\/\/nordiccab.com\/wp-content\/uploads\/2024\/05\/ADA005-M12x1.25.png","contentUrl":"https:\/\/nordiccab.com\/wp-content\/uploads\/2024\/05\/ADA005-M12x1.25.png","width":1028,"height":1028,"caption":"Adapter for navmotor-elsykler med gjenger M12x1.25 \u2013 klar til montering"},{"@type":"BreadcrumbList","@id":"https:\/\/nordiccab.com\/no\/produkt\/produkt-sykkelvognadapter-m12x1-25-navmotor\/#breadcrumb","itemListElement":[{"@type":"ListItem","position":1,"name":"Home","item":"https:\/\/nordiccab.com\/no\/"},{"@type":"ListItem","position":2,"name":"Produkter","item":"https:\/\/nordiccab.com\/no\/butikk\/"},{"@type":"ListItem","position":3,"name":"Sykkelvognadapter \u2013 M12 x 1.25 Elsykler med Navmotor | Rad Power eller Mahle"}]},{"@type":"WebSite","@id":"https:\/\/nordiccab.com\/no\/#website","url":"https:\/\/nordiccab.com\/no\/","name":"Nordic Cab","description":"Start Life Exploring","publisher":{"@id":"https:\/\/nordiccab.com\/no\/#organization"},"potentialAction":[{"@type":"SearchAction","target":{"@type":"EntryPoint","urlTemplate":"https:\/\/nordiccab.com\/no\/?s={search_term_string}"},"query-input":{"@type":"PropertyValueSpecification","valueRequired":true,"valueName":"search_term_string"}}],"inLanguage":"nb-NO"},{"@type":"Organization","@id":"https:\/\/nordiccab.com\/no\/#organization","name":"Nordic Cab Solutions AS","url":"https:\/\/nordiccab.com\/no\/","logo":{"@type":"ImageObject","inLanguage":"nb-NO","@id":"https:\/\/nordiccab.com\/no\/#\/schema\/logo\/image\/","url":"https:\/\/nordiccab.com\/wp-content\/uploads\/2022\/02\/NC-logo.svg","contentUrl":"https:\/\/nordiccab.com\/wp-content\/uploads\/2022\/02\/NC-logo.svg","width":1,"height":1,"caption":"Nordic Cab Solutions AS"},"image":{"@id":"https:\/\/nordiccab.com\/no\/#\/schema\/logo\/image\/"},"sameAs":["https:\/\/www.facebook.com\/nordiccab"]}]}},"_links":{"self":[{"href":"https:\/\/nordiccab.com\/no\/wp-json\/wp\/v2\/product\/18798","targetHints":{"allow":["GET"]}}],"collection":[{"href":"https:\/\/nordiccab.com\/no\/wp-json\/wp\/v2\/product"}],"about":[{"href":"https:\/\/nordiccab.com\/no\/wp-json\/wp\/v2\/types\/product"}],"wp:featuredmedia":[{"embeddable":true,"href":"https:\/\/nordiccab.com\/no\/wp-json\/wp\/v2\/media\/27559"}],"wp:attachment":[{"href":"https:\/\/nordiccab.com\/no\/wp-json\/wp\/v2\/media?parent=18798"}],"wp:term":[{"taxonomy":"product_brand","embeddable":true,"href":"https:\/\/nordiccab.com\/no\/wp-json\/wp\/v2\/product_brand?post=18798"},{"taxonomy":"product_cat","embeddable":true,"href":"https:\/\/nordiccab.com\/no\/wp-json\/wp\/v2\/product_cat?post=18798"},{"taxonomy":"product_tag","embeddable":true,"href":"https:\/\/nordiccab.com\/no\/wp-json\/wp\/v2\/product_tag?post=18798"}],"curies":[{"name":"wp","href":"https:\/\/api.w.org\/{rel}","templated":true}]}}