{"id":18416,"date":"2024-04-07T12:10:00","date_gmt":"2024-04-07T10:10:00","guid":{"rendered":"https:\/\/nordiccab.com\/?post_type=product&#038;p=18416"},"modified":"2025-09-24T08:15:37","modified_gmt":"2025-09-24T06:15:37","slug":"explorer-5-i-1-sykkelvogn-og-turvogn-forest-green","status":"publish","type":"product","link":"https:\/\/nordiccab.com\/no\/produkt\/explorer-5-i-1-sykkelvogn-og-turvogn-forest-green\/","title":{"rendered":"Explorer 5-i-1 Sykkelvogn og Turvogn &#8211; (Forest Green)"},"content":{"rendered":"\n<h2 class=\"wp-block-heading has-large-font-size\" id=\"h-hva-inneholder-explorer-5-i-1-forest-green\"><strong><strong><strong>Hva inneholder Explorer \u2013 5-i-1 (Forest Green)?<\/strong><\/strong><\/strong><\/h2>\n\n\n\n<p>Utforsk nye eventyr med Nordic Cab Explorer 5-i-1 sykkelvogn og turvogn. Denne allsidige pakken inkluderer alt du trenger for \u00e5 nyte utend\u00f8rs aktiviteter med familien, enten det er som sykkelvogn, barnevogn, joggevogn eller turvogn.<\/p>\n\n\n\n<figure class=\"wp-block-embed is-type-video is-provider-youtube wp-block-embed-youtube wp-embed-aspect-16-9 wp-has-aspect-ratio\"><div class=\"wp-block-embed__wrapper\">\n<iframe loading=\"lazy\" title=\"Nordic Cab Explorer Multicab\" width=\"500\" height=\"281\" src=\"https:\/\/www.youtube.com\/embed\/rjDa6PhlyEs?feature=oembed\" frameborder=\"0\" allow=\"accelerometer; autoplay; clipboard-write; encrypted-media; gyroscope; picture-in-picture; web-share\" referrerpolicy=\"strict-origin-when-cross-origin\" allowfullscreen><\/iframe>\n<\/div><figcaption class=\"wp-element-caption\">Inspirasjon<\/figcaption><\/figure>\n\n\n\n<h2 class=\"wp-block-heading has-large-font-size\" id=\"h-oppdag-fleksibiliteten-med-det-oppgraderte-og-justerbare-setet-til-nordic-cab-explorer-sykkelvogn\">Oppdag fleksibiliteten med det oppgraderte og justerbare setet til Nordic Cab Explorer sykkelvogn.<\/h2>\n\n\n\n<p>Utforsk med Nordic Cab Explorer 5-i-1 \u2013 din f\u00f8lgesvenn for utend\u00f8rs eventyr. Enten du planlegger en sykkeltur gjennom naturskj\u00f8nne ruter med sykkelvognen, en spasertur i nabolaget eller en l\u00f8petur i skog og mark, denne allsidige vognen tilbyr den perfekte kombinasjonen av funksjonalitet og komfort.<\/p>\n\n\n\n<p>Med funksjoner som muligheten til \u00e5 legge setet helt ned i en liggende sovestilling, tilbyr dette setet enest\u00e5ende komfort og fleksibilitet for familien.<\/p>\n\n\n\n<h2 class=\"wp-block-heading has-large-font-size\" id=\"h-vogn-med-stor-lagringsplass\">Vogn med stor lagringsplass.<\/h2>\n\n\n\n<p>Den store lagringsplassen i Nordic Cab gir deg nok plass til \u00e5 ta med alt du trenger p\u00e5 eventyrene dine. Med rikelig med rom bak seteryggen kan du enkelt pakke med deg piknikutstyr, ekstra kl\u00e6r og annet utstyr uten \u00e5 f\u00f8le deg begrenset.<\/p>\n\n\n\n<h3 class=\"wp-block-heading\" id=\"h-vi-er-her-for-a-hjelpe\"><strong>Vi er her for \u00e5 hjelpe<\/strong>!<\/h3>\n\n\n\n<p>Finner du ikke informasjonen du leter etter, er du usikker, eller orker du bare ikke \u00e5 lete? Ring oss p\u00e5<strong>&nbsp;4000 6191<\/strong>, s\u00e5 vil du snakke direkte med en av skaperne av Nordic Cab.<\/p>\n\n\n\n<p>For en mer omfattende gjennomgang av Nordic Cab, inviterer vi deg til en personlig live demonstrasjon. Opplev produktet v\u00e5rt p\u00e5 n\u00e6rt hold, interager direkte med oss, og f\u00e5 svar p\u00e5 alt du m\u00e5tte lure p\u00e5. Book din&nbsp;<strong>live demo<\/strong>&nbsp;<a href=\"https:\/\/nordiccab.com\/no\/live-booking\/\"><strong>her<\/strong><\/a>.<\/p>\n\n\n\n<div class=\"wp-block-columns is-layout-flex wp-container-core-columns-is-layout-9d6595d7 wp-block-columns-is-layout-flex\">\n<div class=\"wp-block-column is-layout-flow wp-block-column-is-layout-flow\">\n<figure class=\"wp-block-embed is-type-video is-provider-youtube wp-block-embed-youtube wp-embed-aspect-16-9 wp-has-aspect-ratio\"><div class=\"wp-block-embed__wrapper\">\n<iframe loading=\"lazy\" title=\"Nordic Cab Explorer Winter Family Joy\" width=\"500\" height=\"281\" src=\"https:\/\/www.youtube.com\/embed\/qAp6zbRpdbQ?feature=oembed\" frameborder=\"0\" allow=\"accelerometer; autoplay; clipboard-write; encrypted-media; gyroscope; picture-in-picture; web-share\" referrerpolicy=\"strict-origin-when-cross-origin\" allowfullscreen><\/iframe>\n<\/div><figcaption class=\"wp-element-caption\">Inspiration<\/figcaption><\/figure>\n<\/div>\n\n\n\n<div class=\"wp-block-column is-layout-flow wp-block-column-is-layout-flow\">\n<figure class=\"wp-block-embed is-type-video is-provider-youtube wp-block-embed-youtube wp-embed-aspect-16-9 wp-has-aspect-ratio\"><div class=\"wp-block-embed__wrapper\">\n<iframe loading=\"lazy\" title=\"Details Nordic Cab Explorer\" width=\"500\" height=\"281\" src=\"https:\/\/www.youtube.com\/embed\/a4p_K1h59k8?feature=oembed\" frameborder=\"0\" allow=\"accelerometer; autoplay; clipboard-write; encrypted-media; gyroscope; picture-in-picture; web-share\" referrerpolicy=\"strict-origin-when-cross-origin\" allowfullscreen><\/iframe>\n<\/div><figcaption class=\"wp-element-caption\">Features and functions<\/figcaption><\/figure>\n<\/div>\n\n\n\n<div class=\"wp-block-column is-layout-flow wp-block-column-is-layout-flow\">\n<figure class=\"wp-block-embed is-type-video is-provider-youtube wp-block-embed-youtube wp-embed-aspect-16-9 wp-has-aspect-ratio\"><div class=\"wp-block-embed__wrapper\">\n<iframe loading=\"lazy\" title=\"Explorer 3in1 Manual\" width=\"500\" height=\"281\" src=\"https:\/\/www.youtube.com\/embed\/_LmANfn8jYc?feature=oembed\" frameborder=\"0\" allow=\"accelerometer; autoplay; clipboard-write; encrypted-media; gyroscope; picture-in-picture; web-share\" referrerpolicy=\"strict-origin-when-cross-origin\" allowfullscreen><\/iframe>\n<\/div><figcaption class=\"wp-element-caption\">Assembly instructions<\/figcaption><\/figure>\n<\/div>\n<\/div>\n\n\n\n<h3 class=\"wp-block-heading has-large-font-size\" id=\"h-sykkelvogn\">Sykkelvogn: <\/h3>\n\n\n\n<p>Nordic Cab Explorer er en p\u00e5litelig sykkelvogn som enkelt kan festes til sykkelen din. Med plass til to barn og mulighet for \u00e5 justere setet slik at ett barn sitter komfortabelt i midten, tilbyr den trygg og behagelig transport under sykkelturer.<\/p>\n\n\n\n<h3 class=\"wp-block-heading has-large-font-size\" id=\"h-turvogn\">Turvogn: <\/h3>\n\n\n\n<p>Med den komfortable selen kan du enkelt trekke Explorer som en turvogn. Dette gj\u00f8r det mulig \u00e5 ha hendene fri mens du navigerer gjennom ulendt terreng og stier, og gir deg friheten til \u00e5 utforske naturen med familien din.<\/p>\n\n\n\n<h3 class=\"wp-block-heading has-large-font-size\" id=\"h-barnevogn\">Barnevogn: <\/h3>\n\n\n\n<p>N\u00e5r du ikke er p\u00e5 sykkeltur, kan Explorer brukes som en komfortabel barnevogn. Det ergonomiske setet og det justerbare h\u00e5ndtaket gj\u00f8r det enkelt \u00e5 man\u00f8vrere, og barna dine kan nyte turen i sikkerhet og komfort.<\/p>\n\n\n\n<h3 class=\"wp-block-heading has-large-font-size\" id=\"h-joggevogn\">Joggevogn: <\/h3>\n\n\n\n<p>Med det medf\u00f8lgende jogger-settet kan Explorer enkelt konverteres til en joggevogn. Den robuste konstruksjonen og det ergonomiske designet gir deg muligheten til \u00e5 ta med barna p\u00e5 l\u00f8peturer i variert terreng uten problemer.<\/p>\n\n\n\n<h3 class=\"wp-block-heading has-large-font-size\" id=\"h-varevogn\">Varevogn: <\/h3>\n\n\n\n<p>Explorer kan enkelt konvertesres til en praktisk vogn for transport av varer. Med enkle grep tar du sete ut av vognen. Den solide plastbasen gj\u00f8r det mulig \u00e5 frakte alt fra dagligvarer til hageavfall med letthet. Med muligheten til \u00e5 tilpasse den for ulike form\u00e5l som sykkelvogn og turvogn, tilbyr Explorer uendelige fraktmuligheter.<\/p>\n\n\n\n<h4 class=\"wp-block-heading has-large-font-size\" id=\"h-utforsk-verden-med-nordic-cab-explorer-5-i-1-sykkelvogn-og-turvogn-og-gjor-hvert-oyeblikk-minneverdig\">Utforsk verden med Nordic Cab Explorer 5-i-1 sykkelvogn og turvogn, og gj\u00f8r hvert \u00f8yeblikk minneverdig. <\/h4>\n\n\n\n<p>Med sin allsidighet, komfort og p\u00e5litelighet er det ingen grenser for hvor langt du kan g\u00e5 sammen med familien din. Velg Nordic Cab for \u00e5 skape uforglemmelige eventyr.<\/p>\n","protected":false},"excerpt":{"rendered":"<ul>\n<li><strong>Justerbart sete:<\/strong> Kan enkelt tilpasses fra flat liggende til oppreist, for ett eller to barn.<\/li>\n<li><strong>Demper:<\/strong> Fleksibelt, fritthengende og mykt sete i tillegg til store luftfylte dekk.<\/li>\n<li><strong>Solid helst\u00f8pt bunn:<\/strong> Sikrer barnet og gir god isolasjon.<\/li>\n<li><strong>Romslig lagringsplass:<\/strong> 94 liter innvendig plass til alt du trenger p\u00e5 turen.<\/li>\n<li><strong>Hel\u00e5rsbruk:<\/strong> Kan brukes alle \u00e5rstider med ulike funksjoner og med barn fra 0-7 \u00e5r.<\/li>\n<li><strong>50-dagers forn\u00f8ydgaranti:<\/strong> Pr\u00f8v uten risiko.<\/li>\n<li><strong>H\u00f8y kvalitet:<\/strong> Enkelt vedlikehold, utskiftbare deler, og h\u00f8y gjensalgs verdi.<\/li>\n<\/ul>\n<p>Pakken inneholder det du trenger innenfor f\u00f8lgende kombinasjoner:<\/p>\n<table style=\"height: 145px; width: 100%; border-collapse: collapse; border-style: hidden;\">\n<tbody>\n<tr style=\"height: 50px;\">\n<td style=\"width: 16.6667%; height: 50px;\"><img loading=\"lazy\" decoding=\"async\" class=\"aligncenter wp-image-7079 size-full\" src=\"https:\/\/nordiccab.com\/wp-content\/uploads\/2022\/09\/Bike-trailer-2.png\" alt=\"\" width=\"100\" height=\"50\" \/><\/td>\n<td style=\"width: 16.6667%; height: 50px;\"><img loading=\"lazy\" decoding=\"async\" class=\"aligncenter wp-image-7089 size-full\" src=\"https:\/\/nordiccab.com\/wp-content\/uploads\/2022\/09\/Stroller-2.png\" alt=\"\" width=\"100\" height=\"50\" \/><\/td>\n<td style=\"width: 16.6667%; height: 50px;\"><img loading=\"lazy\" decoding=\"async\" class=\"aligncenter wp-image-7081\" src=\"https:\/\/nordiccab.com\/wp-content\/uploads\/2022\/09\/Jogger-3.png\" alt=\"\" width=\"100\" height=\"50\" \/><\/td>\n<td style=\"width: 16.6667%; height: 50px;\"><img loading=\"lazy\" decoding=\"async\" class=\"aligncenter wp-image-7085 size-full\" src=\"https:\/\/nordiccab.com\/wp-content\/uploads\/2022\/09\/Hiking-2.png\" alt=\"\" width=\"100\" height=\"50\" \/><\/td>\n<td style=\"width: 16.6667%; height: 50px;\"><img loading=\"lazy\" decoding=\"async\" class=\"aligncenter wp-image-7083 size-full\" src=\"https:\/\/nordiccab.com\/wp-content\/uploads\/2022\/09\/Cargo-2.png\" alt=\"\" width=\"100\" height=\"50\" \/><\/td>\n<\/tr>\n<tr style=\"height: 95px;\">\n<td style=\"width: 16.6667%; height: 95px;\">\n<p style=\"text-align: center;\"><img loading=\"lazy\" decoding=\"async\" class=\"aligncenter wp-image-7122 size-full\" src=\"https:\/\/nordiccab.com\/wp-content\/uploads\/2022\/09\/Sykkelvogn-tekst.png\" alt=\"\" width=\"142\" height=\"30\" \/><\/p>\n<\/td>\n<td style=\"width: 16.6667%; height: 95px;\"><img loading=\"lazy\" decoding=\"async\" class=\"aligncenter wp-image-7116 size-full\" src=\"https:\/\/nordiccab.com\/wp-content\/uploads\/2022\/09\/Barnevogn-tekst.png\" alt=\"\" width=\"142\" height=\"30\" \/><\/td>\n<td style=\"width: 16.6667%; height: 95px;\"><img loading=\"lazy\" decoding=\"async\" class=\"aligncenter wp-image-7118 size-full\" src=\"https:\/\/nordiccab.com\/wp-content\/uploads\/2022\/09\/Joggevogn-tekst.png\" alt=\"\" width=\"142\" height=\"30\" \/><\/td>\n<td style=\"width: 16.6667%; height: 95px;\"><img loading=\"lazy\" decoding=\"async\" class=\"aligncenter wp-image-7124 size-full\" src=\"https:\/\/nordiccab.com\/wp-content\/uploads\/2022\/09\/Turvogn-tekst.png\" alt=\"\" width=\"142\" height=\"30\" \/><\/td>\n<td style=\"width: 16.6667%; height: 95px;\"><img loading=\"lazy\" decoding=\"async\" class=\"aligncenter wp-image-7126 size-full\" src=\"https:\/\/nordiccab.com\/wp-content\/uploads\/2022\/09\/Varevogn-tekst.png\" alt=\"\" width=\"142\" height=\"30\" \/><\/td>\n<\/tr>\n<\/tbody>\n<\/table>\n<p>&nbsp;<\/p>\n","protected":false},"featured_media":18405,"template":"","meta":{"_genesis_hide_title":false,"_genesis_hide_breadcrumbs":false,"_genesis_hide_singular_image":false,"_genesis_hide_footer_widgets":false,"_genesis_custom_body_class":"","_genesis_custom_post_class":"","_genesis_layout":""},"product_brand":[],"product_cat":[89,74,86],"product_tag":[],"class_list":{"0":"post-18416","1":"product","2":"type-product","3":"status-publish","4":"has-post-thumbnail","6":"product_cat-ukategorisert-no","7":"product_cat-barnepulk-sykkelvogn-pulk-til-barn-pakketilbud","8":"product_cat-sykkelvogn-no","9":"entry","11":"first","12":"onbackorder","13":"taxable","14":"shipping-taxable","15":"purchasable","16":"product-type-simple"},"bundled_by":[],"bundle_stock_status":"onbackorder","bundle_stock_quantity":null,"bundle_virtual":false,"bundle_layout":"","bundle_add_to_cart_form_location":"","bundle_editable_in_cart":false,"bundle_sold_individually_context":"","bundle_item_grouping":"","bundle_min_size":"","bundle_max_size":"","bundle_price":[],"bundled_items":[],"bundle_sell_ids":[],"yoast_head":"<!-- This site is optimized with the Yoast SEO Premium plugin v26.0 (Yoast SEO v26.0) - https:\/\/yoast.com\/wordpress\/plugins\/seo\/ -->\n<title>Nordic Cab 5-i-1 Sykkeltilhenger for barn: Allsidig og Komfortabel<\/title>\n<meta name=\"description\" content=\"Utforsk nye eventyr med Nordic Cab 5-i-1 sykkeltilhenger for barn. Allsidig, komfortabel, sikker og perfekt for familieeventyr.\" \/>\n<meta name=\"robots\" content=\"index, follow, max-snippet:-1, max-image-preview:large, max-video-preview:-1\" \/>\n<link rel=\"canonical\" href=\"https:\/\/nordiccab.com\/no\/produkt\/explorer-5-i-1-sykkelvogn-og-turvogn-forest-green\/\" \/>\n<meta property=\"og:locale\" content=\"nb_NO\" \/>\n<meta property=\"og:type\" content=\"article\" \/>\n<meta property=\"og:title\" content=\"Explorer 5-i-1 Sykkelvogn og Turvogn - (Forest Green)\" \/>\n<meta property=\"og:description\" content=\"Utforsk nye eventyr med Nordic Cab 5-i-1 sykkeltilhenger for barn. Allsidig, komfortabel, sikker og perfekt for familieeventyr.\" \/>\n<meta property=\"og:url\" content=\"https:\/\/nordiccab.com\/no\/produkt\/explorer-5-i-1-sykkelvogn-og-turvogn-forest-green\/\" \/>\n<meta property=\"og:site_name\" content=\"Nordic Cab\" \/>\n<meta property=\"article:publisher\" content=\"https:\/\/www.facebook.com\/nordiccab\" \/>\n<meta property=\"article:modified_time\" content=\"2025-09-24T06:15:37+00:00\" \/>\n<meta property=\"og:image\" content=\"https:\/\/nordiccab.com\/wp-content\/uploads\/2024\/04\/Sykkelvogn-Joggevogn-Barnevogn-Varevogn-Turvogn-Nordic-Cab-Explorer-5in1-Forest-Green.jpg\" \/>\n\t<meta property=\"og:image:width\" content=\"1000\" \/>\n\t<meta property=\"og:image:height\" content=\"1000\" \/>\n\t<meta property=\"og:image:type\" content=\"image\/jpeg\" \/>\n<meta name=\"twitter:card\" content=\"summary_large_image\" \/>\n<meta name=\"twitter:label1\" content=\"Ansl. lesetid\" \/>\n\t<meta name=\"twitter:data1\" content=\"3 minutter\" \/>\n<script type=\"application\/ld+json\" class=\"yoast-schema-graph\">{\"@context\":\"https:\/\/schema.org\",\"@graph\":[{\"@type\":\"WebPage\",\"@id\":\"https:\/\/nordiccab.com\/no\/produkt\/explorer-5-i-1-sykkelvogn-og-turvogn-forest-green\/\",\"url\":\"https:\/\/nordiccab.com\/no\/produkt\/explorer-5-i-1-sykkelvogn-og-turvogn-forest-green\/\",\"name\":\"Nordic Cab 5-i-1 Sykkeltilhenger for barn: Allsidig og Komfortabel\",\"isPartOf\":{\"@id\":\"https:\/\/nordiccab.com\/no\/#website\"},\"primaryImageOfPage\":{\"@id\":\"https:\/\/nordiccab.com\/no\/produkt\/explorer-5-i-1-sykkelvogn-og-turvogn-forest-green\/#primaryimage\"},\"image\":{\"@id\":\"https:\/\/nordiccab.com\/no\/produkt\/explorer-5-i-1-sykkelvogn-og-turvogn-forest-green\/#primaryimage\"},\"thumbnailUrl\":\"https:\/\/nordiccab.com\/wp-content\/uploads\/2024\/04\/Sykkelvogn-Joggevogn-Barnevogn-Varevogn-Turvogn-Nordic-Cab-Explorer-5in1-Forest-Green.jpg\",\"datePublished\":\"2024-04-07T10:10:00+00:00\",\"dateModified\":\"2025-09-24T06:15:37+00:00\",\"description\":\"Utforsk nye eventyr med Nordic Cab 5-i-1 sykkeltilhenger for barn. Allsidig, komfortabel, sikker og perfekt for familieeventyr.\",\"breadcrumb\":{\"@id\":\"https:\/\/nordiccab.com\/no\/produkt\/explorer-5-i-1-sykkelvogn-og-turvogn-forest-green\/#breadcrumb\"},\"inLanguage\":\"nb-NO\",\"potentialAction\":[{\"@type\":\"ReadAction\",\"target\":[\"https:\/\/nordiccab.com\/no\/produkt\/explorer-5-i-1-sykkelvogn-og-turvogn-forest-green\/\"]}]},{\"@type\":\"ImageObject\",\"inLanguage\":\"nb-NO\",\"@id\":\"https:\/\/nordiccab.com\/no\/produkt\/explorer-5-i-1-sykkelvogn-og-turvogn-forest-green\/#primaryimage\",\"url\":\"https:\/\/nordiccab.com\/wp-content\/uploads\/2024\/04\/Sykkelvogn-Joggevogn-Barnevogn-Varevogn-Turvogn-Nordic-Cab-Explorer-5in1-Forest-Green.jpg\",\"contentUrl\":\"https:\/\/nordiccab.com\/wp-content\/uploads\/2024\/04\/Sykkelvogn-Joggevogn-Barnevogn-Varevogn-Turvogn-Nordic-Cab-Explorer-5in1-Forest-Green.jpg\",\"width\":1000,\"height\":1000,\"caption\":\"sykkeltilhenger for barn gr\u00f8nn\"},{\"@type\":\"BreadcrumbList\",\"@id\":\"https:\/\/nordiccab.com\/no\/produkt\/explorer-5-i-1-sykkelvogn-og-turvogn-forest-green\/#breadcrumb\",\"itemListElement\":[{\"@type\":\"ListItem\",\"position\":1,\"name\":\"Home\",\"item\":\"https:\/\/nordiccab.com\/no\/\"},{\"@type\":\"ListItem\",\"position\":2,\"name\":\"Produkter\",\"item\":\"https:\/\/nordiccab.com\/no\/butikk\/\"},{\"@type\":\"ListItem\",\"position\":3,\"name\":\"Explorer 5-i-1 Sykkelvogn og Turvogn &#8211; (Forest Green)\"}]},{\"@type\":\"WebSite\",\"@id\":\"https:\/\/nordiccab.com\/no\/#website\",\"url\":\"https:\/\/nordiccab.com\/no\/\",\"name\":\"Nordic Cab\",\"description\":\"Start Life Exploring\",\"publisher\":{\"@id\":\"https:\/\/nordiccab.com\/no\/#organization\"},\"potentialAction\":[{\"@type\":\"SearchAction\",\"target\":{\"@type\":\"EntryPoint\",\"urlTemplate\":\"https:\/\/nordiccab.com\/no\/?s={search_term_string}\"},\"query-input\":{\"@type\":\"PropertyValueSpecification\",\"valueRequired\":true,\"valueName\":\"search_term_string\"}}],\"inLanguage\":\"nb-NO\"},{\"@type\":\"Organization\",\"@id\":\"https:\/\/nordiccab.com\/no\/#organization\",\"name\":\"Nordic Cab Solutions AS\",\"url\":\"https:\/\/nordiccab.com\/no\/\",\"logo\":{\"@type\":\"ImageObject\",\"inLanguage\":\"nb-NO\",\"@id\":\"https:\/\/nordiccab.com\/no\/#\/schema\/logo\/image\/\",\"url\":\"https:\/\/nordiccab.com\/wp-content\/uploads\/2022\/02\/NC-logo.svg\",\"contentUrl\":\"https:\/\/nordiccab.com\/wp-content\/uploads\/2022\/02\/NC-logo.svg\",\"width\":1,\"height\":1,\"caption\":\"Nordic Cab Solutions AS\"},\"image\":{\"@id\":\"https:\/\/nordiccab.com\/no\/#\/schema\/logo\/image\/\"},\"sameAs\":[\"https:\/\/www.facebook.com\/nordiccab\"]}]}<\/script>\n<!-- \/ Yoast SEO Premium plugin. -->","yoast_head_json":{"title":"Nordic Cab 5-i-1 Sykkeltilhenger for barn: Allsidig og Komfortabel","description":"Utforsk nye eventyr med Nordic Cab 5-i-1 sykkeltilhenger for barn. Allsidig, komfortabel, sikker og perfekt for familieeventyr.","robots":{"index":"index","follow":"follow","max-snippet":"max-snippet:-1","max-image-preview":"max-image-preview:large","max-video-preview":"max-video-preview:-1"},"canonical":"https:\/\/nordiccab.com\/no\/produkt\/explorer-5-i-1-sykkelvogn-og-turvogn-forest-green\/","og_locale":"nb_NO","og_type":"article","og_title":"Explorer 5-i-1 Sykkelvogn og Turvogn - (Forest Green)","og_description":"Utforsk nye eventyr med Nordic Cab 5-i-1 sykkeltilhenger for barn. Allsidig, komfortabel, sikker og perfekt for familieeventyr.","og_url":"https:\/\/nordiccab.com\/no\/produkt\/explorer-5-i-1-sykkelvogn-og-turvogn-forest-green\/","og_site_name":"Nordic Cab","article_publisher":"https:\/\/www.facebook.com\/nordiccab","article_modified_time":"2025-09-24T06:15:37+00:00","og_image":[{"width":1000,"height":1000,"url":"https:\/\/nordiccab.com\/wp-content\/uploads\/2024\/04\/Sykkelvogn-Joggevogn-Barnevogn-Varevogn-Turvogn-Nordic-Cab-Explorer-5in1-Forest-Green.jpg","type":"image\/jpeg"}],"twitter_card":"summary_large_image","twitter_misc":{"Ansl. lesetid":"3 minutter"},"schema":{"@context":"https:\/\/schema.org","@graph":[{"@type":"WebPage","@id":"https:\/\/nordiccab.com\/no\/produkt\/explorer-5-i-1-sykkelvogn-og-turvogn-forest-green\/","url":"https:\/\/nordiccab.com\/no\/produkt\/explorer-5-i-1-sykkelvogn-og-turvogn-forest-green\/","name":"Nordic Cab 5-i-1 Sykkeltilhenger for barn: Allsidig og Komfortabel","isPartOf":{"@id":"https:\/\/nordiccab.com\/no\/#website"},"primaryImageOfPage":{"@id":"https:\/\/nordiccab.com\/no\/produkt\/explorer-5-i-1-sykkelvogn-og-turvogn-forest-green\/#primaryimage"},"image":{"@id":"https:\/\/nordiccab.com\/no\/produkt\/explorer-5-i-1-sykkelvogn-og-turvogn-forest-green\/#primaryimage"},"thumbnailUrl":"https:\/\/nordiccab.com\/wp-content\/uploads\/2024\/04\/Sykkelvogn-Joggevogn-Barnevogn-Varevogn-Turvogn-Nordic-Cab-Explorer-5in1-Forest-Green.jpg","datePublished":"2024-04-07T10:10:00+00:00","dateModified":"2025-09-24T06:15:37+00:00","description":"Utforsk nye eventyr med Nordic Cab 5-i-1 sykkeltilhenger for barn. Allsidig, komfortabel, sikker og perfekt for familieeventyr.","breadcrumb":{"@id":"https:\/\/nordiccab.com\/no\/produkt\/explorer-5-i-1-sykkelvogn-og-turvogn-forest-green\/#breadcrumb"},"inLanguage":"nb-NO","potentialAction":[{"@type":"ReadAction","target":["https:\/\/nordiccab.com\/no\/produkt\/explorer-5-i-1-sykkelvogn-og-turvogn-forest-green\/"]}]},{"@type":"ImageObject","inLanguage":"nb-NO","@id":"https:\/\/nordiccab.com\/no\/produkt\/explorer-5-i-1-sykkelvogn-og-turvogn-forest-green\/#primaryimage","url":"https:\/\/nordiccab.com\/wp-content\/uploads\/2024\/04\/Sykkelvogn-Joggevogn-Barnevogn-Varevogn-Turvogn-Nordic-Cab-Explorer-5in1-Forest-Green.jpg","contentUrl":"https:\/\/nordiccab.com\/wp-content\/uploads\/2024\/04\/Sykkelvogn-Joggevogn-Barnevogn-Varevogn-Turvogn-Nordic-Cab-Explorer-5in1-Forest-Green.jpg","width":1000,"height":1000,"caption":"sykkeltilhenger for barn gr\u00f8nn"},{"@type":"BreadcrumbList","@id":"https:\/\/nordiccab.com\/no\/produkt\/explorer-5-i-1-sykkelvogn-og-turvogn-forest-green\/#breadcrumb","itemListElement":[{"@type":"ListItem","position":1,"name":"Home","item":"https:\/\/nordiccab.com\/no\/"},{"@type":"ListItem","position":2,"name":"Produkter","item":"https:\/\/nordiccab.com\/no\/butikk\/"},{"@type":"ListItem","position":3,"name":"Explorer 5-i-1 Sykkelvogn og Turvogn &#8211; (Forest Green)"}]},{"@type":"WebSite","@id":"https:\/\/nordiccab.com\/no\/#website","url":"https:\/\/nordiccab.com\/no\/","name":"Nordic Cab","description":"Start Life Exploring","publisher":{"@id":"https:\/\/nordiccab.com\/no\/#organization"},"potentialAction":[{"@type":"SearchAction","target":{"@type":"EntryPoint","urlTemplate":"https:\/\/nordiccab.com\/no\/?s={search_term_string}"},"query-input":{"@type":"PropertyValueSpecification","valueRequired":true,"valueName":"search_term_string"}}],"inLanguage":"nb-NO"},{"@type":"Organization","@id":"https:\/\/nordiccab.com\/no\/#organization","name":"Nordic Cab Solutions AS","url":"https:\/\/nordiccab.com\/no\/","logo":{"@type":"ImageObject","inLanguage":"nb-NO","@id":"https:\/\/nordiccab.com\/no\/#\/schema\/logo\/image\/","url":"https:\/\/nordiccab.com\/wp-content\/uploads\/2022\/02\/NC-logo.svg","contentUrl":"https:\/\/nordiccab.com\/wp-content\/uploads\/2022\/02\/NC-logo.svg","width":1,"height":1,"caption":"Nordic Cab Solutions AS"},"image":{"@id":"https:\/\/nordiccab.com\/no\/#\/schema\/logo\/image\/"},"sameAs":["https:\/\/www.facebook.com\/nordiccab"]}]}},"_links":{"self":[{"href":"https:\/\/nordiccab.com\/no\/wp-json\/wp\/v2\/product\/18416","targetHints":{"allow":["GET"]}}],"collection":[{"href":"https:\/\/nordiccab.com\/no\/wp-json\/wp\/v2\/product"}],"about":[{"href":"https:\/\/nordiccab.com\/no\/wp-json\/wp\/v2\/types\/product"}],"wp:featuredmedia":[{"embeddable":true,"href":"https:\/\/nordiccab.com\/no\/wp-json\/wp\/v2\/media\/18405"}],"wp:attachment":[{"href":"https:\/\/nordiccab.com\/no\/wp-json\/wp\/v2\/media?parent=18416"}],"wp:term":[{"taxonomy":"product_brand","embeddable":true,"href":"https:\/\/nordiccab.com\/no\/wp-json\/wp\/v2\/product_brand?post=18416"},{"taxonomy":"product_cat","embeddable":true,"href":"https:\/\/nordiccab.com\/no\/wp-json\/wp\/v2\/product_cat?post=18416"},{"taxonomy":"product_tag","embeddable":true,"href":"https:\/\/nordiccab.com\/no\/wp-json\/wp\/v2\/product_tag?post=18416"}],"curies":[{"name":"wp","href":"https:\/\/api.w.org\/{rel}","templated":true}]}}