{"id":18164,"date":"2024-04-08T12:30:00","date_gmt":"2024-04-08T10:30:00","guid":{"rendered":"https:\/\/nordiccab.com\/?post_type=product&#038;p=18164"},"modified":"2025-08-12T18:47:24","modified_gmt":"2025-08-12T16:47:24","slug":"explorer-4-i-1-sykkelvogn-stone-gray","status":"publish","type":"product","link":"https:\/\/nordiccab.com\/no\/produkt\/explorer-4-i-1-sykkelvogn-stone-gray\/","title":{"rendered":"Explorer 4-i-1 Sykkelvogn &#8211; Stone Gray"},"content":{"rendered":"\n<h2 class=\"wp-block-heading has-large-font-size\" id=\"h-hva-inneholder-explorer-4i1-stone-gray\"><strong><strong><strong><strong>Hva inneholder Explorer \u2013 4i1 Stone Gray?<\/strong><\/strong><\/strong><\/strong><\/h2>\n\n\n\n<p>Denne pakken inneholder alt du trenger for \u00e5 kunne benytte deg av Nordic Cab som sykkelvogn barn, barnevogn, joggevogn, og vare-sykkelvogn. Vognens fokus er \u00e5 gj\u00f8re din hverdag enkel, samtidig som barna sitter trygt og komfortabelt fra A til B! Den leveres med sete til to barn, men kan enkelt justeres s\u00e5 baret sitte ri midten.<\/p>\n\n\n\n<figure class=\"wp-block-embed is-type-video is-provider-youtube wp-block-embed-youtube wp-embed-aspect-16-9 wp-has-aspect-ratio\"><div class=\"wp-block-embed__wrapper\">\n<iframe loading=\"lazy\" title=\"Nordic Cab Explorer Multicab\" width=\"500\" height=\"281\" src=\"https:\/\/www.youtube.com\/embed\/rjDa6PhlyEs?feature=oembed\" frameborder=\"0\" allow=\"accelerometer; autoplay; clipboard-write; encrypted-media; gyroscope; picture-in-picture; web-share\" referrerpolicy=\"strict-origin-when-cross-origin\" allowfullscreen><\/iframe>\n<\/div><figcaption class=\"wp-element-caption\">Inspirasjon<\/figcaption><\/figure>\n\n\n\n<h2 class=\"wp-block-heading has-large-font-size\" id=\"h-utforsk-nye-eventyr-med-den-norske-sykkelvognen-nordic-cab-explorer-4-i-1\">Utforsk Nye Eventyr Med den Norske sykkelvognen Nordic Cab Explorer 4-i-1<\/h2>\n\n\n\n<h2 class=\"wp-block-heading has-large-font-size\" id=\"h-den-allsidige-sykkelvognen-for-aktive-familier\">Den Allsidige Sykkelvognen for Aktive Familier<\/h2>\n\n\n\n<p>Utforsk med Nordic Cab Explorer 4-i-1 \u2013 din f\u00f8lgesvenn for utend\u00f8rs eventyr. Enten du planlegger en sykkeltur gjennom naturskj\u00f8nne ruter med sykkelvognen, en spasertur i nabolaget eller en l\u00f8petur i skog og mark, denne allsidige vognen tilbyr den perfekte kombinasjonen av funksjonalitet og komfort.<\/p>\n\n\n\n<p>For en mer omfattende gjennomgang av Nordic Cab, inviterer vi deg til en personlig live demonstrasjon. Opplev produktet v\u00e5rt p\u00e5 n\u00e6rt hold, interager direkte med oss, og f\u00e5 svar p\u00e5 alt du m\u00e5tte lure p\u00e5. Book din&nbsp;<strong>live demo<\/strong>&nbsp;<a href=\"https:\/\/nordiccab.com\/no\/live-booking\/\"><strong>her<\/strong><\/a>.<\/p>\n\n\n\n<div class=\"wp-block-columns is-layout-flex wp-container-core-columns-is-layout-9d6595d7 wp-block-columns-is-layout-flex\">\n<div class=\"wp-block-column is-layout-flow wp-block-column-is-layout-flow\">\n<figure class=\"wp-block-embed is-type-video is-provider-youtube wp-block-embed-youtube wp-embed-aspect-16-9 wp-has-aspect-ratio\"><div class=\"wp-block-embed__wrapper\">\n<iframe loading=\"lazy\" title=\"Nordic Cab Explorer Winter Family Joy\" width=\"500\" height=\"281\" src=\"https:\/\/www.youtube.com\/embed\/qAp6zbRpdbQ?feature=oembed\" frameborder=\"0\" allow=\"accelerometer; autoplay; clipboard-write; encrypted-media; gyroscope; picture-in-picture; web-share\" referrerpolicy=\"strict-origin-when-cross-origin\" allowfullscreen><\/iframe>\n<\/div><figcaption class=\"wp-element-caption\">Inspiration<\/figcaption><\/figure>\n<\/div>\n\n\n\n<div class=\"wp-block-column is-layout-flow wp-block-column-is-layout-flow\">\n<figure class=\"wp-block-embed is-type-video is-provider-youtube wp-block-embed-youtube wp-embed-aspect-16-9 wp-has-aspect-ratio\"><div class=\"wp-block-embed__wrapper\">\n<iframe loading=\"lazy\" title=\"Details Nordic Cab Explorer\" width=\"500\" height=\"281\" src=\"https:\/\/www.youtube.com\/embed\/a4p_K1h59k8?feature=oembed\" frameborder=\"0\" allow=\"accelerometer; autoplay; clipboard-write; encrypted-media; gyroscope; picture-in-picture; web-share\" referrerpolicy=\"strict-origin-when-cross-origin\" allowfullscreen><\/iframe>\n<\/div><figcaption class=\"wp-element-caption\">Features and functions<\/figcaption><\/figure>\n<\/div>\n\n\n\n<div class=\"wp-block-column is-layout-flow wp-block-column-is-layout-flow\">\n<figure class=\"wp-block-embed is-type-video is-provider-youtube wp-block-embed-youtube wp-embed-aspect-16-9 wp-has-aspect-ratio\"><div class=\"wp-block-embed__wrapper\">\n<iframe loading=\"lazy\" title=\"Explorer 3in1 Manual\" width=\"500\" height=\"281\" src=\"https:\/\/www.youtube.com\/embed\/_LmANfn8jYc?feature=oembed\" frameborder=\"0\" allow=\"accelerometer; autoplay; clipboard-write; encrypted-media; gyroscope; picture-in-picture; web-share\" referrerpolicy=\"strict-origin-when-cross-origin\" allowfullscreen><\/iframe>\n<\/div><figcaption class=\"wp-element-caption\">Assembly instructions<\/figcaption><\/figure>\n<\/div>\n<\/div>\n\n\n\n<h2 class=\"wp-block-heading has-large-font-size\" id=\"h-utforsk-uten-grenser-med-explorer-4-i-1-sykkelvogn\">Utforsk Uten Grenser Med Explorer 4-i-1 Sykkelvogn<\/h2>\n\n\n\n<p>Enten du utforsker urbane omr\u00e5der, tar p\u00e5 deg utfordrende terreng eller bare pendler til daglig, Nordic Cab Explorer 4-i-1 gir deg den n\u00f8dvendige st\u00f8tten og komforten. Med sitt robuste design og enkel man\u00f8vrering, tar den deg trygt gjennom alle typer eventyr.<\/p>\n\n\n\n<h2 class=\"wp-block-heading has-large-font-size\" id=\"h-sikkerhet-og-praktisk-design-i-fokus\">Sikkerhet og Praktisk Design i Fokus<\/h2>\n\n\n\n<p>Nordic Cab Explorer 4-i-1 er utviklet med fokus p\u00e5 sikkerhet og komfort. Med robuste materialer og smarte designfunksjoner kan du v\u00e6re trygg p\u00e5 at barna dine reiser i trygge omgivelser, uansett hvor dere g\u00e5r.<\/p>\n\n\n\n<h2 class=\"wp-block-heading has-large-font-size\" id=\"h-enkel-montering-og-oppbevaring-med-sykkelvognen\">Enkel Montering og Oppbevaring Med Sykkelvognen<\/h2>\n\n\n\n<p>Det medf\u00f8lgende Jogger-kitet er enkelt \u00e5 montere og tar liten plass n\u00e5r det ikke er i bruk. Med muligheten til \u00e5 legge hele settet i oppbevaringsrommet bak seteryggen, er det alltid klart til bruk n\u00e5r eventyret kaller.<\/p>\n\n\n\n<h2 class=\"wp-block-heading has-large-font-size\" id=\"h-oppdag-verden-med-nordic-cab-explorer-4-i-1-sykkelvogn\">Oppdag Verden Med Nordic Cab Explorer 4-i-1 Sykkelvogn<\/h2>\n\n\n\n<p>Ta med familien p\u00e5 eventyr og utforsk verden med Nordic Cab Explorer 4-i-1. Med sin allsidighet, komfort og p\u00e5litelighet er det ingen grenser for hvor langt dere kan g\u00e5 sammen. Velg Nordic Cab for \u00e5 gj\u00f8re hvert \u00f8yeblikk minneverdig.<\/p>\n","protected":false},"excerpt":{"rendered":"<ul>\n<li><strong>Justerbart sete:<\/strong> Kan enkelt tilpasses fra flat liggende til oppreist, for ett eller to barn.<\/li>\n<li><strong>Demper:<\/strong> Fleksibelt, fritthengende og mykt sete i tillegg til store luftfylte dekk.<\/li>\n<li><strong>Solid helst\u00f8pt bunn:<\/strong> Sikrer barnet og gir god isolasjon.<\/li>\n<li><strong>Romslig lagringsplass:<\/strong> 94 liter innvendig plass til alt du trenger p\u00e5 turen.<\/li>\n<li><strong>Hel\u00e5rsbruk:<\/strong> Kan brukes alle \u00e5rstider med ulike funksjoner og med barn fra 0-7 \u00e5r.<\/li>\n<li><strong>50-dagers forn\u00f8ydgaranti:<\/strong> Pr\u00f8v uten risiko.<\/li>\n<li><strong>H\u00f8y kvalitet:<\/strong> Enkelt vedlikehold, utskiftbare deler, og h\u00f8y gjensalgs verdi.<\/li>\n<\/ul>\n<p style=\"text-align: center;\">Pakken inneholder det du trenger innenfor f\u00f8lgende kombinasjoner:<\/p>\n<table style=\"height: 145px; width: 100%; border-collapse: collapse; border-style: hidden;\">\n<tbody>\n<tr style=\"height: 50px;\">\n<td style=\"width: 16.6667%; height: 50px;\"><img loading=\"lazy\" decoding=\"async\" class=\"aligncenter wp-image-15494\" src=\"https:\/\/nordiccab.com\/wp-content\/uploads\/2023\/11\/Bike-Kid-Black.png\" alt=\"\" width=\"100\" height=\"50\" \/><\/td>\n<td style=\"width: 16.6667%; height: 50px;\"><img loading=\"lazy\" decoding=\"async\" class=\"aligncenter wp-image-15498 size-full\" src=\"https:\/\/nordiccab.com\/wp-content\/uploads\/2023\/11\/Stroller-Black.png\" alt=\"\" width=\"100\" height=\"50\" \/><\/td>\n<td style=\"width: 16.6667%; height: 50px;\"><img loading=\"lazy\" decoding=\"async\" class=\"aligncenter wp-image-17154 size-full\" src=\"https:\/\/nordiccab.com\/wp-content\/uploads\/2024\/02\/Jogger-Black.png\" alt=\"\" width=\"100\" height=\"50\" \/><\/td>\n<td style=\"width: 16.6667%; height: 50px;\"><img loading=\"lazy\" decoding=\"async\" class=\"aligncenter wp-image-7083 size-full\" src=\"https:\/\/nordiccab.com\/wp-content\/uploads\/2022\/09\/Cargo-2.png\" alt=\"\" width=\"100\" height=\"50\" \/><\/td>\n<\/tr>\n<tr style=\"height: 95px;\">\n<td style=\"width: 16.6667%; height: 95px;\">\n<p style=\"text-align: center;\"><img loading=\"lazy\" decoding=\"async\" class=\"aligncenter wp-image-7104 size-full\" src=\"https:\/\/nordiccab.com\/wp-content\/uploads\/2022\/09\/Bike-trailer-text-1.png\" alt=\"\" width=\"100\" height=\"49\" \/><\/p>\n<\/td>\n<td style=\"width: 16.6667%; height: 95px;\"><img loading=\"lazy\" decoding=\"async\" class=\"aligncenter wp-image-7114 size-full\" src=\"https:\/\/nordiccab.com\/wp-content\/uploads\/2022\/09\/Stroller-text-1.png\" alt=\"\" width=\"100\" height=\"49\" \/><\/td>\n<td style=\"width: 16.6667%; height: 95px;\"><img loading=\"lazy\" decoding=\"async\" class=\"aligncenter wp-image-7110 size-full\" src=\"https:\/\/nordiccab.com\/wp-content\/uploads\/2022\/09\/Jogger-text-1.png\" alt=\"\" width=\"100\" height=\"49\" \/><\/td>\n<td style=\"width: 16.6667%; height: 95px;\"><img loading=\"lazy\" decoding=\"async\" class=\"aligncenter wp-image-7106 size-full\" src=\"https:\/\/nordiccab.com\/wp-content\/uploads\/2022\/09\/Cargo-text-1.png\" alt=\"\" width=\"100\" height=\"49\" \/><\/td>\n<\/tr>\n<\/tbody>\n<\/table>\n<p style=\"text-align: center;\">\u00a0<\/p>\n","protected":false},"featured_media":16351,"template":"","meta":{"_genesis_hide_title":false,"_genesis_hide_breadcrumbs":false,"_genesis_hide_singular_image":false,"_genesis_hide_footer_widgets":false,"_genesis_custom_body_class":"","_genesis_custom_post_class":"","_genesis_layout":""},"product_brand":[],"product_cat":[74,86],"product_tag":[],"class_list":{"0":"post-18164","1":"product","2":"type-product","3":"status-publish","4":"has-post-thumbnail","6":"product_cat-barnepulk-sykkelvogn-pulk-til-barn-pakketilbud","7":"product_cat-sykkelvogn-no","8":"entry","10":"first","11":"instock","12":"taxable","13":"shipping-taxable","14":"purchasable","15":"product-type-simple"},"bundled_by":[],"bundle_stock_status":"instock","bundle_stock_quantity":null,"bundle_virtual":false,"bundle_layout":"","bundle_add_to_cart_form_location":"","bundle_editable_in_cart":false,"bundle_sold_individually_context":"","bundle_item_grouping":"","bundle_min_size":"","bundle_max_size":"","bundle_price":[],"bundled_items":[],"bundle_sell_ids":[],"yoast_head":"<!-- This site is optimized with the Yoast SEO Premium plugin v26.0 (Yoast SEO v26.0) - https:\/\/yoast.com\/wordpress\/plugins\/seo\/ -->\n<title>Utforsk Med Den Norske Sykkelvognen \u2013 Nordic Cab Explorer<\/title>\n<meta name=\"description\" content=\"Opplev allsidigheten til den norske sykkelvognen Nordic Cab. Perfekt for aktive familier som s\u00f8ker sikkerhet, komfort og p\u00e5litelighet p\u00e5 sine eventyr.\" \/>\n<meta name=\"robots\" content=\"index, follow, max-snippet:-1, max-image-preview:large, max-video-preview:-1\" \/>\n<link rel=\"canonical\" href=\"https:\/\/nordiccab.com\/no\/produkt\/explorer-4-i-1-sykkelvogn-stone-gray\/\" \/>\n<meta property=\"og:locale\" content=\"nb_NO\" \/>\n<meta property=\"og:type\" content=\"article\" \/>\n<meta property=\"og:title\" content=\"Explorer 4-i-1 Sykkelvogn - Stone Gray\" \/>\n<meta property=\"og:description\" content=\"Opplev allsidigheten til den norske sykkelvognen Nordic Cab. Perfekt for aktive familier som s\u00f8ker sikkerhet, komfort og p\u00e5litelighet p\u00e5 sine eventyr.\" \/>\n<meta property=\"og:url\" content=\"https:\/\/nordiccab.com\/no\/produkt\/explorer-4-i-1-sykkelvogn-stone-gray\/\" \/>\n<meta property=\"og:site_name\" content=\"Nordic Cab\" \/>\n<meta property=\"article:publisher\" content=\"https:\/\/www.facebook.com\/nordiccab\" \/>\n<meta property=\"article:modified_time\" content=\"2025-08-12T16:47:24+00:00\" \/>\n<meta property=\"og:image\" content=\"https:\/\/nordiccab.com\/wp-content\/uploads\/2023\/01\/Sykkelvogn-Joggevogn-Barnevogn-Varevogn-Nordic-Cab-Explorer-4in1-Stone-Grey.jpg\" \/>\n\t<meta property=\"og:image:width\" content=\"1000\" \/>\n\t<meta property=\"og:image:height\" content=\"1000\" \/>\n\t<meta property=\"og:image:type\" content=\"image\/jpeg\" \/>\n<meta name=\"twitter:card\" content=\"summary_large_image\" \/>\n<meta name=\"twitter:label1\" content=\"Ansl. lesetid\" \/>\n\t<meta name=\"twitter:data1\" content=\"2 minutter\" \/>\n<script type=\"application\/ld+json\" class=\"yoast-schema-graph\">{\"@context\":\"https:\/\/schema.org\",\"@graph\":[{\"@type\":\"WebPage\",\"@id\":\"https:\/\/nordiccab.com\/no\/produkt\/explorer-4-i-1-sykkelvogn-stone-gray\/\",\"url\":\"https:\/\/nordiccab.com\/no\/produkt\/explorer-4-i-1-sykkelvogn-stone-gray\/\",\"name\":\"Utforsk Med Den Norske Sykkelvognen \u2013 Nordic Cab Explorer\",\"isPartOf\":{\"@id\":\"https:\/\/nordiccab.com\/no\/#website\"},\"primaryImageOfPage\":{\"@id\":\"https:\/\/nordiccab.com\/no\/produkt\/explorer-4-i-1-sykkelvogn-stone-gray\/#primaryimage\"},\"image\":{\"@id\":\"https:\/\/nordiccab.com\/no\/produkt\/explorer-4-i-1-sykkelvogn-stone-gray\/#primaryimage\"},\"thumbnailUrl\":\"https:\/\/nordiccab.com\/wp-content\/uploads\/2023\/01\/Sykkelvogn-Joggevogn-Barnevogn-Varevogn-Nordic-Cab-Explorer-4in1-Stone-Grey.jpg\",\"datePublished\":\"2024-04-08T10:30:00+00:00\",\"dateModified\":\"2025-08-12T16:47:24+00:00\",\"description\":\"Opplev allsidigheten til den norske sykkelvognen Nordic Cab. Perfekt for aktive familier som s\u00f8ker sikkerhet, komfort og p\u00e5litelighet p\u00e5 sine eventyr.\",\"breadcrumb\":{\"@id\":\"https:\/\/nordiccab.com\/no\/produkt\/explorer-4-i-1-sykkelvogn-stone-gray\/#breadcrumb\"},\"inLanguage\":\"nb-NO\",\"potentialAction\":[{\"@type\":\"ReadAction\",\"target\":[\"https:\/\/nordiccab.com\/no\/produkt\/explorer-4-i-1-sykkelvogn-stone-gray\/\"]}]},{\"@type\":\"ImageObject\",\"inLanguage\":\"nb-NO\",\"@id\":\"https:\/\/nordiccab.com\/no\/produkt\/explorer-4-i-1-sykkelvogn-stone-gray\/#primaryimage\",\"url\":\"https:\/\/nordiccab.com\/wp-content\/uploads\/2023\/01\/Sykkelvogn-Joggevogn-Barnevogn-Varevogn-Nordic-Cab-Explorer-4in1-Stone-Grey.jpg\",\"contentUrl\":\"https:\/\/nordiccab.com\/wp-content\/uploads\/2023\/01\/Sykkelvogn-Joggevogn-Barnevogn-Varevogn-Nordic-Cab-Explorer-4in1-Stone-Grey.jpg\",\"width\":1000,\"height\":1000,\"caption\":\"Nordic Cab gr\u00e5 sykkelvogn med flere funksjoner\"},{\"@type\":\"BreadcrumbList\",\"@id\":\"https:\/\/nordiccab.com\/no\/produkt\/explorer-4-i-1-sykkelvogn-stone-gray\/#breadcrumb\",\"itemListElement\":[{\"@type\":\"ListItem\",\"position\":1,\"name\":\"Home\",\"item\":\"https:\/\/nordiccab.com\/no\/\"},{\"@type\":\"ListItem\",\"position\":2,\"name\":\"Produkter\",\"item\":\"https:\/\/nordiccab.com\/no\/butikk\/\"},{\"@type\":\"ListItem\",\"position\":3,\"name\":\"Explorer 4-i-1 Sykkelvogn &#8211; Stone Gray\"}]},{\"@type\":\"WebSite\",\"@id\":\"https:\/\/nordiccab.com\/no\/#website\",\"url\":\"https:\/\/nordiccab.com\/no\/\",\"name\":\"Nordic Cab\",\"description\":\"Start Life Exploring\",\"publisher\":{\"@id\":\"https:\/\/nordiccab.com\/no\/#organization\"},\"potentialAction\":[{\"@type\":\"SearchAction\",\"target\":{\"@type\":\"EntryPoint\",\"urlTemplate\":\"https:\/\/nordiccab.com\/no\/?s={search_term_string}\"},\"query-input\":{\"@type\":\"PropertyValueSpecification\",\"valueRequired\":true,\"valueName\":\"search_term_string\"}}],\"inLanguage\":\"nb-NO\"},{\"@type\":\"Organization\",\"@id\":\"https:\/\/nordiccab.com\/no\/#organization\",\"name\":\"Nordic Cab Solutions AS\",\"url\":\"https:\/\/nordiccab.com\/no\/\",\"logo\":{\"@type\":\"ImageObject\",\"inLanguage\":\"nb-NO\",\"@id\":\"https:\/\/nordiccab.com\/no\/#\/schema\/logo\/image\/\",\"url\":\"https:\/\/nordiccab.com\/wp-content\/uploads\/2022\/02\/NC-logo.svg\",\"contentUrl\":\"https:\/\/nordiccab.com\/wp-content\/uploads\/2022\/02\/NC-logo.svg\",\"width\":1,\"height\":1,\"caption\":\"Nordic Cab Solutions AS\"},\"image\":{\"@id\":\"https:\/\/nordiccab.com\/no\/#\/schema\/logo\/image\/\"},\"sameAs\":[\"https:\/\/www.facebook.com\/nordiccab\"]}]}<\/script>\n<!-- \/ Yoast SEO Premium plugin. -->","yoast_head_json":{"title":"Utforsk Med Den Norske Sykkelvognen \u2013 Nordic Cab Explorer","description":"Opplev allsidigheten til den norske sykkelvognen Nordic Cab. Perfekt for aktive familier som s\u00f8ker sikkerhet, komfort og p\u00e5litelighet p\u00e5 sine eventyr.","robots":{"index":"index","follow":"follow","max-snippet":"max-snippet:-1","max-image-preview":"max-image-preview:large","max-video-preview":"max-video-preview:-1"},"canonical":"https:\/\/nordiccab.com\/no\/produkt\/explorer-4-i-1-sykkelvogn-stone-gray\/","og_locale":"nb_NO","og_type":"article","og_title":"Explorer 4-i-1 Sykkelvogn - Stone Gray","og_description":"Opplev allsidigheten til den norske sykkelvognen Nordic Cab. Perfekt for aktive familier som s\u00f8ker sikkerhet, komfort og p\u00e5litelighet p\u00e5 sine eventyr.","og_url":"https:\/\/nordiccab.com\/no\/produkt\/explorer-4-i-1-sykkelvogn-stone-gray\/","og_site_name":"Nordic Cab","article_publisher":"https:\/\/www.facebook.com\/nordiccab","article_modified_time":"2025-08-12T16:47:24+00:00","og_image":[{"width":1000,"height":1000,"url":"https:\/\/nordiccab.com\/wp-content\/uploads\/2023\/01\/Sykkelvogn-Joggevogn-Barnevogn-Varevogn-Nordic-Cab-Explorer-4in1-Stone-Grey.jpg","type":"image\/jpeg"}],"twitter_card":"summary_large_image","twitter_misc":{"Ansl. lesetid":"2 minutter"},"schema":{"@context":"https:\/\/schema.org","@graph":[{"@type":"WebPage","@id":"https:\/\/nordiccab.com\/no\/produkt\/explorer-4-i-1-sykkelvogn-stone-gray\/","url":"https:\/\/nordiccab.com\/no\/produkt\/explorer-4-i-1-sykkelvogn-stone-gray\/","name":"Utforsk Med Den Norske Sykkelvognen \u2013 Nordic Cab Explorer","isPartOf":{"@id":"https:\/\/nordiccab.com\/no\/#website"},"primaryImageOfPage":{"@id":"https:\/\/nordiccab.com\/no\/produkt\/explorer-4-i-1-sykkelvogn-stone-gray\/#primaryimage"},"image":{"@id":"https:\/\/nordiccab.com\/no\/produkt\/explorer-4-i-1-sykkelvogn-stone-gray\/#primaryimage"},"thumbnailUrl":"https:\/\/nordiccab.com\/wp-content\/uploads\/2023\/01\/Sykkelvogn-Joggevogn-Barnevogn-Varevogn-Nordic-Cab-Explorer-4in1-Stone-Grey.jpg","datePublished":"2024-04-08T10:30:00+00:00","dateModified":"2025-08-12T16:47:24+00:00","description":"Opplev allsidigheten til den norske sykkelvognen Nordic Cab. Perfekt for aktive familier som s\u00f8ker sikkerhet, komfort og p\u00e5litelighet p\u00e5 sine eventyr.","breadcrumb":{"@id":"https:\/\/nordiccab.com\/no\/produkt\/explorer-4-i-1-sykkelvogn-stone-gray\/#breadcrumb"},"inLanguage":"nb-NO","potentialAction":[{"@type":"ReadAction","target":["https:\/\/nordiccab.com\/no\/produkt\/explorer-4-i-1-sykkelvogn-stone-gray\/"]}]},{"@type":"ImageObject","inLanguage":"nb-NO","@id":"https:\/\/nordiccab.com\/no\/produkt\/explorer-4-i-1-sykkelvogn-stone-gray\/#primaryimage","url":"https:\/\/nordiccab.com\/wp-content\/uploads\/2023\/01\/Sykkelvogn-Joggevogn-Barnevogn-Varevogn-Nordic-Cab-Explorer-4in1-Stone-Grey.jpg","contentUrl":"https:\/\/nordiccab.com\/wp-content\/uploads\/2023\/01\/Sykkelvogn-Joggevogn-Barnevogn-Varevogn-Nordic-Cab-Explorer-4in1-Stone-Grey.jpg","width":1000,"height":1000,"caption":"Nordic Cab gr\u00e5 sykkelvogn med flere funksjoner"},{"@type":"BreadcrumbList","@id":"https:\/\/nordiccab.com\/no\/produkt\/explorer-4-i-1-sykkelvogn-stone-gray\/#breadcrumb","itemListElement":[{"@type":"ListItem","position":1,"name":"Home","item":"https:\/\/nordiccab.com\/no\/"},{"@type":"ListItem","position":2,"name":"Produkter","item":"https:\/\/nordiccab.com\/no\/butikk\/"},{"@type":"ListItem","position":3,"name":"Explorer 4-i-1 Sykkelvogn &#8211; Stone Gray"}]},{"@type":"WebSite","@id":"https:\/\/nordiccab.com\/no\/#website","url":"https:\/\/nordiccab.com\/no\/","name":"Nordic Cab","description":"Start Life Exploring","publisher":{"@id":"https:\/\/nordiccab.com\/no\/#organization"},"potentialAction":[{"@type":"SearchAction","target":{"@type":"EntryPoint","urlTemplate":"https:\/\/nordiccab.com\/no\/?s={search_term_string}"},"query-input":{"@type":"PropertyValueSpecification","valueRequired":true,"valueName":"search_term_string"}}],"inLanguage":"nb-NO"},{"@type":"Organization","@id":"https:\/\/nordiccab.com\/no\/#organization","name":"Nordic Cab Solutions AS","url":"https:\/\/nordiccab.com\/no\/","logo":{"@type":"ImageObject","inLanguage":"nb-NO","@id":"https:\/\/nordiccab.com\/no\/#\/schema\/logo\/image\/","url":"https:\/\/nordiccab.com\/wp-content\/uploads\/2022\/02\/NC-logo.svg","contentUrl":"https:\/\/nordiccab.com\/wp-content\/uploads\/2022\/02\/NC-logo.svg","width":1,"height":1,"caption":"Nordic Cab Solutions AS"},"image":{"@id":"https:\/\/nordiccab.com\/no\/#\/schema\/logo\/image\/"},"sameAs":["https:\/\/www.facebook.com\/nordiccab"]}]}},"_links":{"self":[{"href":"https:\/\/nordiccab.com\/no\/wp-json\/wp\/v2\/product\/18164","targetHints":{"allow":["GET"]}}],"collection":[{"href":"https:\/\/nordiccab.com\/no\/wp-json\/wp\/v2\/product"}],"about":[{"href":"https:\/\/nordiccab.com\/no\/wp-json\/wp\/v2\/types\/product"}],"wp:featuredmedia":[{"embeddable":true,"href":"https:\/\/nordiccab.com\/no\/wp-json\/wp\/v2\/media\/16351"}],"wp:attachment":[{"href":"https:\/\/nordiccab.com\/no\/wp-json\/wp\/v2\/media?parent=18164"}],"wp:term":[{"taxonomy":"product_brand","embeddable":true,"href":"https:\/\/nordiccab.com\/no\/wp-json\/wp\/v2\/product_brand?post=18164"},{"taxonomy":"product_cat","embeddable":true,"href":"https:\/\/nordiccab.com\/no\/wp-json\/wp\/v2\/product_cat?post=18164"},{"taxonomy":"product_tag","embeddable":true,"href":"https:\/\/nordiccab.com\/no\/wp-json\/wp\/v2\/product_tag?post=18164"}],"curies":[{"name":"wp","href":"https:\/\/api.w.org\/{rel}","templated":true}]}}