{"id":18082,"date":"2024-03-20T13:56:37","date_gmt":"2024-03-20T12:59:22","guid":{"rendered":"https:\/\/nordiccab.com\/?post_type=product&#038;p=18082"},"modified":"2025-01-18T08:42:25","modified_gmt":"2025-01-18T07:42:25","slug":"baeremeis-vinter-nordic-cab-discover","status":"publish","type":"product","link":"https:\/\/nordiccab.com\/no\/produkt\/baeremeis-vinter-nordic-cab-discover\/","title":{"rendered":"Discover B\u00e6remeis | Stone Gray &#8211; Inkludert Birnabag varmepose"},"content":{"rendered":"\n<h2 class=\"wp-block-heading has-large-font-size\" id=\"h-baeremeis-vinter-komfortabel-og-trygg-for-eventyr-hele-aret\">B\u00e6remeis vinter \u2013 Komfortabel og trygg for eventyr hele \u00e5ret<\/h2>\n\n\n\n<p>Discover B\u00e6remeis-pakke med Birnabag er det perfekte valget for familier som elsker friluftsliv. Denne pakken kombinerer Discover B\u00e6remeis med den allsidige Birnabag Varmepose, slik at barnet ditt holder seg varmt, trygt og komfortabelt p\u00e5 tur \u2013 enten det er en kj\u00f8lig h\u00f8stmorgen eller en sn\u00f8dekt vinterdag.<\/p>\n\n\n\n<h3 class=\"wp-block-heading has-large-font-size\" id=\"h-dette-far-du-i-pakken\">Dette f\u00e5r du i pakken<\/h3>\n\n\n\n<ul class=\"wp-block-list\">\n<li><a href=\"https:\/\/nordiccab.com\/product\/hiking-child-carrier-nordic-cab-discover\/\" target=\"_blank\" rel=\"noreferrer noopener\"><strong>Discover B\u00e6remeis:<\/strong><\/a><a href=\"https:\/\/nordiccab.com\/no\/produkt\/nordic-cab-baeremeis-stone-gray\/\" target=\"_blank\" rel=\"noreferrer noopener\"><strong> <\/strong><\/a>Ergonomically designed for children aged 9 to 48 months.<\/li>\n\n\n\n<li><strong><a href=\"https:\/\/nordiccab.com\/product\/birnabag-nordic\/\" target=\"_blank\" rel=\"noreferrer noopener\">Birnabag Varmepose<\/a>:<a href=\"https:\/\/nordiccab.com\/no\/produkt\/birnabag-varmepose-baeremeis\/\" target=\"_blank\" rel=\"noreferrer noopener\"> <\/a><\/strong>Holder barnet varmt under vinterturer. Perfekt for sn\u00f8turer og kalde dager.<\/li>\n<\/ul>\n\n\n\n<figure class=\"wp-block-embed is-type-video is-provider-youtube wp-block-embed-youtube wp-embed-aspect-16-9 wp-has-aspect-ratio\"><div class=\"wp-block-embed__wrapper\">\n<iframe loading=\"lazy\" title=\"Nordic Cab Discover Hiking Child Carrier \u2013 Product Showcase | #childcarrier #b\u00e6remeis\" width=\"500\" height=\"281\" src=\"https:\/\/www.youtube.com\/embed\/2_6EsNf9o9w?feature=oembed\" frameborder=\"0\" allow=\"accelerometer; autoplay; clipboard-write; encrypted-media; gyroscope; picture-in-picture; web-share\" referrerpolicy=\"strict-origin-when-cross-origin\" allowfullscreen><\/iframe>\n<\/div><\/figure>\n\n\n\n<h2 class=\"wp-block-heading has-large-font-size\" id=\"h-\"><\/h2>\n\n\n\n<div class=\"wp-block-media-text is-stacked-on-mobile\" style=\"grid-template-columns:34% auto\"><figure class=\"wp-block-media-text__media\"><img loading=\"lazy\" decoding=\"async\" width=\"1024\" height=\"1024\" src=\"https:\/\/nordiccab.com\/wp-content\/uploads\/2024\/05\/IMG_5238-1024x1024.png\" alt=\"B\u00e6remeis | Far p\u00e5 tur med datter i skogen | Nordic Cab Discover B\u00e6remeis\" class=\"wp-image-23430 size-full\" srcset=\"https:\/\/nordiccab.com\/wp-content\/uploads\/2024\/05\/IMG_5238-1024x1024.png 1024w, https:\/\/nordiccab.com\/wp-content\/uploads\/2024\/05\/IMG_5238-300x300.png 300w, https:\/\/nordiccab.com\/wp-content\/uploads\/2024\/05\/IMG_5238-150x150.png 150w, https:\/\/nordiccab.com\/wp-content\/uploads\/2024\/05\/IMG_5238-768x768.png 768w, https:\/\/nordiccab.com\/wp-content\/uploads\/2024\/05\/IMG_5238-75x75.png 75w, https:\/\/nordiccab.com\/wp-content\/uploads\/2024\/05\/IMG_5238-600x600.png 600w, https:\/\/nordiccab.com\/wp-content\/uploads\/2024\/05\/IMG_5238-1080x1080.png 1080w, https:\/\/nordiccab.com\/wp-content\/uploads\/2024\/05\/IMG_5238-180x180.png 180w, https:\/\/nordiccab.com\/wp-content\/uploads\/2024\/05\/IMG_5238.png 1500w\" sizes=\"auto, (max-width: 1024px) 100vw, 1024px\" \/><\/figure><div class=\"wp-block-media-text__content\">\n<p>&laquo;<em>Vesla (og bikkjene) \u00e6 super forn\u00f8gd!&nbsp;<\/em><\/p>\n\n\n\n<p><em>Me har pr\u00f8vd eindel varianter siste \u00e5ret , uten hell , s\u00e5 me ser litt lysere p\u00e5 turlivet endelig! Tusen takk for gode svar , og ein b\u00e6remeis ogs\u00e5 for dei sm\u00e5 som trenger litt ekstra st\u00f8tte <\/em>\ud83e\udd70\ud83e\udd29&raquo;<\/p>\n\n\n\n<p>Marte &#8211; Brandval<\/p>\n<\/div><\/div>\n\n\n\n<div class=\"wp-block-media-text is-stacked-on-mobile\" style=\"grid-template-columns:34% auto\"><figure class=\"wp-block-media-text__media\"><img loading=\"lazy\" decoding=\"async\" width=\"1024\" height=\"1024\" src=\"https:\/\/nordiccab.com\/wp-content\/uploads\/2023\/08\/50-dager-fornoyd-garanti-2-1024x1024.jpg\" alt=\"B\u00e6remeis forn\u00f8yd garanti | Nordic Cab\" class=\"wp-image-13245 size-full\" srcset=\"https:\/\/nordiccab.com\/wp-content\/uploads\/2023\/08\/50-dager-fornoyd-garanti-2-1024x1024.jpg 1024w, https:\/\/nordiccab.com\/wp-content\/uploads\/2023\/08\/50-dager-fornoyd-garanti-2-300x300.jpg 300w, https:\/\/nordiccab.com\/wp-content\/uploads\/2023\/08\/50-dager-fornoyd-garanti-2-150x150.jpg 150w, https:\/\/nordiccab.com\/wp-content\/uploads\/2023\/08\/50-dager-fornoyd-garanti-2-768x768.jpg 768w, https:\/\/nordiccab.com\/wp-content\/uploads\/2023\/08\/50-dager-fornoyd-garanti-2-1536x1536.jpg 1536w, https:\/\/nordiccab.com\/wp-content\/uploads\/2023\/08\/50-dager-fornoyd-garanti-2-75x75.jpg 75w, https:\/\/nordiccab.com\/wp-content\/uploads\/2023\/08\/50-dager-fornoyd-garanti-2-600x600.jpg 600w, https:\/\/nordiccab.com\/wp-content\/uploads\/2023\/08\/50-dager-fornoyd-garanti-2-1080x1080.jpg 1080w, https:\/\/nordiccab.com\/wp-content\/uploads\/2023\/08\/50-dager-fornoyd-garanti-2-180x180.jpg 180w, https:\/\/nordiccab.com\/wp-content\/uploads\/2023\/08\/50-dager-fornoyd-garanti-2.jpg 1980w\" sizes=\"auto, (max-width: 1024px) 100vw, 1024px\" \/><\/figure><div class=\"wp-block-media-text__content\">\n<p>Du kan bruke b\u00e6remeisen og returnere det innen 50 dager etter at du mottok den hvis du ikke er forn\u00f8yd.<\/p>\n\n\n\n<div class=\"wp-block-buttons is-layout-flex wp-block-buttons-is-layout-flex\">\n<div class=\"wp-block-button\"><a class=\"wp-block-button__link wp-element-button\" href=\"https:\/\/nordiccab.com\/no\/50-day-satisfaction-guarantee\/\" target=\"_blank\" rel=\"noreferrer noopener\">LES MER<\/a><\/div>\n<\/div>\n<\/div><\/div>\n\n\n\n<div style=\"color:#ddd\" class=\"wp-block-genesis-blocks-gb-spacer gb-block-spacer gb-divider-solid gb-divider-size-1\"><hr style=\"height:30px\"\/><\/div>\n\n\n\n<figure class=\"wp-block-embed is-type-video is-provider-youtube wp-block-embed-youtube wp-embed-aspect-16-9 wp-has-aspect-ratio\"><div class=\"wp-block-embed__wrapper\">\n<iframe loading=\"lazy\" title=\"Birnabag at Mulingen in Bindal, Norway\" width=\"500\" height=\"281\" src=\"https:\/\/www.youtube.com\/embed\/ZsAiti-7Y6c?feature=oembed\" frameborder=\"0\" allow=\"accelerometer; autoplay; clipboard-write; encrypted-media; gyroscope; picture-in-picture; web-share\" referrerpolicy=\"strict-origin-when-cross-origin\" allowfullscreen><\/iframe>\n<\/div><\/figure>\n\n\n\n<div style=\"color:#ddd\" class=\"wp-block-genesis-blocks-gb-spacer gb-block-spacer gb-divider-solid gb-divider-size-1\"><hr style=\"height:30px\"\/><\/div>\n\n\n\n<h2 class=\"wp-block-heading has-large-font-size\" id=\"h-komfortabel-og-praktisk-baeremeis\">Komfortabel og praktisk b\u00e6remeis<\/h2>\n\n\n\n<p>Komfortabel og praktisk b\u00e6remeis<br>Discover B\u00e6remeis er designet for komfort og funksjonalitet for aktive familier. Den er perfekt for barn fra 9 m\u00e5neder til 4 \u00e5r (opptil 19 kg) og har:<\/p>\n\n\n\n<ul class=\"wp-block-list\">\n<li><strong><mark style=\"background-color:rgba(0, 0, 0, 0)\" class=\"has-inline-color has-theme-secondary-color\">Ventilert ryggpanel:<\/mark><\/strong> Holder deg avkj\u00f8lt p\u00e5 lange turer.<\/li>\n\n\n\n<li><strong><mark style=\"background-color:rgba(0, 0, 0, 0)\" class=\"has-inline-color has-theme-secondary-color\">Ergonomisk barnesete: <\/mark><\/strong>S\u00f8rger for stabilitet og komfort.<\/li>\n\n\n\n<li><strong><mark style=\"background-color:rgba(0, 0, 0, 0)\" class=\"has-inline-color has-theme-secondary-color\">T\u00dcV-sertifisering:<\/mark><\/strong> Sikrer h\u00f8yeste sikkerhetsstandard, p\u00e5 niv\u00e5 med b\u00e6remeiser fra Osprey, Deuter og Norr\u00f8na.<\/li>\n\n\n\n<li><\/li>\n<\/ul>\n\n\n\n<h3 class=\"wp-block-heading has-large-font-size\" id=\"h-sikkerhet-forst\">Sikkerhet f\u00f8rst<\/h3>\n\n\n\n<ul class=\"wp-block-list\">\n<li><strong><mark style=\"background-color:rgba(0, 0, 0, 0)\" class=\"has-inline-color has-theme-secondary-color\">Fem-punkts sele:<\/mark><\/strong> Holder barnet trygt og sikkert.<\/li>\n\n\n\n<li><strong><mark style=\"background-color:rgba(0, 0, 0, 0)\" class=\"has-inline-color has-theme-secondary-color\">Refleksdetaljer: <\/mark><\/strong>For bedre synlighet i m\u00f8rket.<\/li>\n<\/ul>\n\n\n\n<h3 class=\"wp-block-heading has-large-font-size\" id=\"h-smart-oppbevaring\">Smart oppbevaring<\/h3>\n\n\n\n<p>Discover B\u00e6remeis har flere smarte oppbevaringsl\u00f8sninger:<\/p>\n\n\n\n<ul class=\"wp-block-list\">\n<li><strong><mark style=\"background-color:rgba(0, 0, 0, 0)\" class=\"has-inline-color has-theme-secondary-color\">Stor hovedlomme:<\/mark><\/strong> Plass til kl\u00e6r, snacks og utstyr.<\/li>\n\n\n\n<li><strong><mark style=\"background-color:rgba(0, 0, 0, 0)\" class=\"has-inline-color has-theme-secondary-color\">Praktiske sidelommer: <\/mark><\/strong>For sm\u00e5ting som n\u00f8kler og telefon.<\/li>\n\n\n\n<li><strong><mark style=\"background-color:rgba(0, 0, 0, 0)\" class=\"has-inline-color has-theme-secondary-color\">Isolert flaskelomme:<\/mark><\/strong> Holder drikken din kald eller varm.<\/li>\n<\/ul>\n\n\n\n<h2 class=\"wp-block-heading has-large-font-size\" id=\"h-holdbarhet-og-funksjonalitet-for-alle-forhold\">Holdbarhet og funksjonalitet for alle forhold<\/h2>\n\n\n\n<ul class=\"wp-block-list\">\n<li><strong><mark style=\"background-color:rgba(0, 0, 0, 0)\" class=\"has-inline-color has-theme-secondary-color\">Lett aluminiumsramme: <\/mark><\/strong>Kombinerer lav vekt med stabilitet.<\/li>\n\n\n\n<li><strong><mark style=\"background-color:rgba(0, 0, 0, 0)\" class=\"has-inline-color has-theme-secondary-color\">Vannavst\u00f8tende materialer: <\/mark><\/strong>T\u00e5ler r\u00f8ft bruk og all slags v\u00e6r.<\/li>\n\n\n\n<li><strong><mark style=\"background-color:rgba(0, 0, 0, 0)\" class=\"has-inline-color has-theme-secondary-color\">Pustende polstring:<\/mark><\/strong> Komfortabel b\u00e5de for deg og barnet, selv p\u00e5 varme dager.<\/li>\n\n\n\n<li><\/li>\n<\/ul>\n\n\n\n<h3 class=\"wp-block-heading\" id=\"h-norsk-kvalitet-og-tradisjon\">Norsk kvalitet og tradisjon<\/h3>\n\n\n\n<p>Siden 1982 har Nordic Cab designet innovative utend\u00f8rsprodukter for familier. Med Discover B\u00e6remeis videref\u00f8rer vi denne tradisjonen, slik at familier enkelt kan utforske naturen sammen \u2013 hele \u00e5ret.<\/p>\n","protected":false},"excerpt":{"rendered":"<ul>\n<li><span style=\"color: #008000;\"><strong>Veier kun 3,5 kg<\/strong><\/span><\/li>\n<li><span style=\"color: #008000;\"><strong>Passer barn fra 9 til 48 m\u00e5neder<\/strong><\/span><\/li>\n<li><span style=\"color: #008000;\"><strong>Justerbar rygg for god passform<\/strong><\/span><\/li>\n<li><span style=\"color: #008000;\"><strong>Polstret hoftebelte og brystrem<\/strong><\/span><\/li>\n<li><span style=\"color: #008000;\"><strong>Ventilert ryggpanel<\/strong><\/span><\/li>\n<li><span style=\"color: #008000;\"><strong>Stabil og ergonomisk for barnet<\/strong><\/span><\/li>\n<li><span style=\"color: #008000;\"><strong>Romslig oppbevaring til utstyr<\/strong><\/span><\/li>\n<li><span style=\"color: #008000;\"><strong>Flere lommer for praktisk bruk<\/strong><\/span><\/li>\n<li><span style=\"color: #008000;\"><strong>Inkludert solskjerm mot v\u00e6r<\/strong><\/span><\/li>\n<li><span style=\"color: #008000;\"><strong>Kompatibel med drikkesystem<\/strong><\/span><\/li>\n<\/ul>\n<p>Se v\u00e5re pakketilbud <a href=\"https:\/\/nordiccab.com\/no\/produktkategori\/baeremeis\/\" target=\"_blank\" rel=\"noopener\"><span style=\"color: #008000;\"><strong>her<\/strong><\/span><\/a>!<\/p>\n","protected":false},"featured_media":18079,"template":"","meta":{"_genesis_hide_title":false,"_genesis_hide_breadcrumbs":false,"_genesis_hide_singular_image":false,"_genesis_hide_footer_widgets":false,"_genesis_custom_body_class":"","_genesis_custom_post_class":"","_genesis_layout":""},"product_brand":[],"product_cat":[89],"product_tag":[],"class_list":{"0":"post-18082","1":"product","2":"type-product","3":"status-publish","4":"has-post-thumbnail","6":"product_cat-ukategorisert-no","7":"entry","9":"first","10":"instock","11":"taxable","12":"shipping-taxable","13":"purchasable","14":"product-type-bundle"},"bundled_by":[],"bundle_stock_status":"insufficientstock","bundle_stock_quantity":0,"bundle_virtual":false,"bundle_layout":"default","bundle_add_to_cart_form_location":"default","bundle_editable_in_cart":false,"bundle_sold_individually_context":"product","bundle_item_grouping":"parent","bundle_min_size":"","bundle_max_size":"","bundle_price":{"price":{"min":{"incl_tax":"578","excl_tax":"462.4"},"max":{"incl_tax":"578","excl_tax":"462.4"}},"regular_price":{"min":{"incl_tax":"578","excl_tax":"462.4"},"max":{"incl_tax":"578","excl_tax":"462.4"}}},"bundled_items":[{"bundled_item_id":801,"product_id":17817,"menu_order":0,"quantity_min":1,"quantity_max":1,"quantity_default":1,"priced_individually":false,"shipped_individually":false,"override_title":false,"title":"Discover B\u00e6remeis | Stone Gray","override_description":false,"description":"Discover B\u00e6remeis | Stone Gray","optional":false,"hide_thumbnail":false,"discount":"","override_variations":false,"allowed_variations":[""],"override_default_variation_attributes":false,"default_variation_attributes":[],"single_product_visibility":"visible","cart_visibility":"visible","order_visibility":"visible","single_product_price_visibility":"visible","cart_price_visibility":"visible","order_price_visibility":"visible","stock_status":"in_stock"},{"bundled_item_id":800,"product_id":2564,"menu_order":1,"quantity_min":1,"quantity_max":1,"quantity_default":1,"priced_individually":false,"shipped_individually":false,"override_title":false,"title":"Birnabag Nordic | Varmepose til B\u00e6remeis","override_description":false,"description":"Birnabag Nordic | Varmepose til B\u00e6remeis","optional":false,"hide_thumbnail":false,"discount":"","override_variations":false,"allowed_variations":[""],"override_default_variation_attributes":false,"default_variation_attributes":[],"single_product_visibility":"visible","cart_visibility":"visible","order_visibility":"visible","single_product_price_visibility":"visible","cart_price_visibility":"visible","order_price_visibility":"visible","stock_status":"out_of_stock"}],"bundle_sell_ids":[],"yoast_head":"<!-- This site is optimized with the Yoast SEO Premium plugin v26.0 (Yoast SEO v26.0) - https:\/\/yoast.com\/wordpress\/plugins\/seo\/ -->\n<title>B\u00e6remeis vinter | Nordic Cab Discover \u2013 Komfort og sikkerhet<\/title>\n<meta name=\"description\" content=\"Discover B\u00e6remeis og Birnabag Varmedrakt for vintereventyr. Komfort, sikkerhet og oppbevaring for barn 9-48 mnd. T\u00dcV-sertifisert og ergonomisk design.\" \/>\n<meta name=\"robots\" content=\"index, follow, max-snippet:-1, max-image-preview:large, max-video-preview:-1\" \/>\n<link rel=\"canonical\" href=\"https:\/\/nordiccab.com\/no\/produkt\/baeremeis-vinter-nordic-cab-discover\/\" \/>\n<meta property=\"og:locale\" content=\"nb_NO\" \/>\n<meta property=\"og:type\" content=\"article\" \/>\n<meta property=\"og:title\" content=\"Discover B\u00e6remeis | Stone Gray - Inkludert Birnabag varmepose\" \/>\n<meta property=\"og:description\" content=\"Discover B\u00e6remeis og Birnabag Varmedrakt for vintereventyr. Komfort, sikkerhet og oppbevaring for barn 9-48 mnd. T\u00dcV-sertifisert og ergonomisk design.\" \/>\n<meta property=\"og:url\" content=\"https:\/\/nordiccab.com\/no\/produkt\/baeremeis-vinter-nordic-cab-discover\/\" \/>\n<meta property=\"og:site_name\" content=\"Nordic Cab\" \/>\n<meta property=\"article:publisher\" content=\"https:\/\/www.facebook.com\/nordiccab\" \/>\n<meta property=\"article:modified_time\" content=\"2025-01-18T07:42:25+00:00\" \/>\n<meta property=\"og:image\" content=\"https:\/\/nordiccab.com\/wp-content\/uploads\/2024\/03\/Nordic-Cab-Discover-Baeremeis-Birnabag.jpg\" \/>\n\t<meta property=\"og:image:width\" content=\"1000\" \/>\n\t<meta property=\"og:image:height\" content=\"1000\" \/>\n\t<meta property=\"og:image:type\" content=\"image\/jpeg\" \/>\n<meta name=\"twitter:card\" content=\"summary_large_image\" \/>\n<meta name=\"twitter:label1\" content=\"Ansl. lesetid\" \/>\n\t<meta name=\"twitter:data1\" content=\"3 minutter\" \/>\n<script type=\"application\/ld+json\" class=\"yoast-schema-graph\">{\"@context\":\"https:\/\/schema.org\",\"@graph\":[{\"@type\":\"WebPage\",\"@id\":\"https:\/\/nordiccab.com\/no\/produkt\/baeremeis-vinter-nordic-cab-discover\/\",\"url\":\"https:\/\/nordiccab.com\/no\/produkt\/baeremeis-vinter-nordic-cab-discover\/\",\"name\":\"B\u00e6remeis vinter | Nordic Cab Discover \u2013 Komfort og sikkerhet\",\"isPartOf\":{\"@id\":\"https:\/\/nordiccab.com\/no\/#website\"},\"primaryImageOfPage\":{\"@id\":\"https:\/\/nordiccab.com\/no\/produkt\/baeremeis-vinter-nordic-cab-discover\/#primaryimage\"},\"image\":{\"@id\":\"https:\/\/nordiccab.com\/no\/produkt\/baeremeis-vinter-nordic-cab-discover\/#primaryimage\"},\"thumbnailUrl\":\"https:\/\/nordiccab.com\/wp-content\/uploads\/2024\/03\/Nordic-Cab-Discover-Baeremeis-Birnabag.jpg\",\"datePublished\":\"2024-03-20T12:59:22+00:00\",\"dateModified\":\"2025-01-18T07:42:25+00:00\",\"description\":\"Discover B\u00e6remeis og Birnabag Varmedrakt for vintereventyr. Komfort, sikkerhet og oppbevaring for barn 9-48 mnd. T\u00dcV-sertifisert og ergonomisk design.\",\"breadcrumb\":{\"@id\":\"https:\/\/nordiccab.com\/no\/produkt\/baeremeis-vinter-nordic-cab-discover\/#breadcrumb\"},\"inLanguage\":\"nb-NO\",\"potentialAction\":[{\"@type\":\"ReadAction\",\"target\":[\"https:\/\/nordiccab.com\/no\/produkt\/baeremeis-vinter-nordic-cab-discover\/\"]}]},{\"@type\":\"ImageObject\",\"inLanguage\":\"nb-NO\",\"@id\":\"https:\/\/nordiccab.com\/no\/produkt\/baeremeis-vinter-nordic-cab-discover\/#primaryimage\",\"url\":\"https:\/\/nordiccab.com\/wp-content\/uploads\/2024\/03\/Nordic-Cab-Discover-Baeremeis-Birnabag.jpg\",\"contentUrl\":\"https:\/\/nordiccab.com\/wp-content\/uploads\/2024\/03\/Nordic-Cab-Discover-Baeremeis-Birnabag.jpg\",\"width\":1000,\"height\":1000,\"caption\":\"Nordic Cab b\u00e6remeis og Birnabag varmepose\"},{\"@type\":\"BreadcrumbList\",\"@id\":\"https:\/\/nordiccab.com\/no\/produkt\/baeremeis-vinter-nordic-cab-discover\/#breadcrumb\",\"itemListElement\":[{\"@type\":\"ListItem\",\"position\":1,\"name\":\"Home\",\"item\":\"https:\/\/nordiccab.com\/no\/\"},{\"@type\":\"ListItem\",\"position\":2,\"name\":\"Produkter\",\"item\":\"https:\/\/nordiccab.com\/no\/butikk\/\"},{\"@type\":\"ListItem\",\"position\":3,\"name\":\"Discover B\u00e6remeis | Stone Gray &#8211; Inkludert Birnabag varmepose\"}]},{\"@type\":\"WebSite\",\"@id\":\"https:\/\/nordiccab.com\/no\/#website\",\"url\":\"https:\/\/nordiccab.com\/no\/\",\"name\":\"Nordic Cab\",\"description\":\"Start Life Exploring\",\"publisher\":{\"@id\":\"https:\/\/nordiccab.com\/no\/#organization\"},\"potentialAction\":[{\"@type\":\"SearchAction\",\"target\":{\"@type\":\"EntryPoint\",\"urlTemplate\":\"https:\/\/nordiccab.com\/no\/?s={search_term_string}\"},\"query-input\":{\"@type\":\"PropertyValueSpecification\",\"valueRequired\":true,\"valueName\":\"search_term_string\"}}],\"inLanguage\":\"nb-NO\"},{\"@type\":\"Organization\",\"@id\":\"https:\/\/nordiccab.com\/no\/#organization\",\"name\":\"Nordic Cab Solutions AS\",\"url\":\"https:\/\/nordiccab.com\/no\/\",\"logo\":{\"@type\":\"ImageObject\",\"inLanguage\":\"nb-NO\",\"@id\":\"https:\/\/nordiccab.com\/no\/#\/schema\/logo\/image\/\",\"url\":\"https:\/\/nordiccab.com\/wp-content\/uploads\/2022\/02\/NC-logo.svg\",\"contentUrl\":\"https:\/\/nordiccab.com\/wp-content\/uploads\/2022\/02\/NC-logo.svg\",\"width\":1,\"height\":1,\"caption\":\"Nordic Cab Solutions AS\"},\"image\":{\"@id\":\"https:\/\/nordiccab.com\/no\/#\/schema\/logo\/image\/\"},\"sameAs\":[\"https:\/\/www.facebook.com\/nordiccab\"]}]}<\/script>\n<!-- \/ Yoast SEO Premium plugin. -->","yoast_head_json":{"title":"B\u00e6remeis vinter | Nordic Cab Discover \u2013 Komfort og sikkerhet","description":"Discover B\u00e6remeis og Birnabag Varmedrakt for vintereventyr. Komfort, sikkerhet og oppbevaring for barn 9-48 mnd. T\u00dcV-sertifisert og ergonomisk design.","robots":{"index":"index","follow":"follow","max-snippet":"max-snippet:-1","max-image-preview":"max-image-preview:large","max-video-preview":"max-video-preview:-1"},"canonical":"https:\/\/nordiccab.com\/no\/produkt\/baeremeis-vinter-nordic-cab-discover\/","og_locale":"nb_NO","og_type":"article","og_title":"Discover B\u00e6remeis | Stone Gray - Inkludert Birnabag varmepose","og_description":"Discover B\u00e6remeis og Birnabag Varmedrakt for vintereventyr. Komfort, sikkerhet og oppbevaring for barn 9-48 mnd. T\u00dcV-sertifisert og ergonomisk design.","og_url":"https:\/\/nordiccab.com\/no\/produkt\/baeremeis-vinter-nordic-cab-discover\/","og_site_name":"Nordic Cab","article_publisher":"https:\/\/www.facebook.com\/nordiccab","article_modified_time":"2025-01-18T07:42:25+00:00","og_image":[{"width":1000,"height":1000,"url":"https:\/\/nordiccab.com\/wp-content\/uploads\/2024\/03\/Nordic-Cab-Discover-Baeremeis-Birnabag.jpg","type":"image\/jpeg"}],"twitter_card":"summary_large_image","twitter_misc":{"Ansl. lesetid":"3 minutter"},"schema":{"@context":"https:\/\/schema.org","@graph":[{"@type":"WebPage","@id":"https:\/\/nordiccab.com\/no\/produkt\/baeremeis-vinter-nordic-cab-discover\/","url":"https:\/\/nordiccab.com\/no\/produkt\/baeremeis-vinter-nordic-cab-discover\/","name":"B\u00e6remeis vinter | Nordic Cab Discover \u2013 Komfort og sikkerhet","isPartOf":{"@id":"https:\/\/nordiccab.com\/no\/#website"},"primaryImageOfPage":{"@id":"https:\/\/nordiccab.com\/no\/produkt\/baeremeis-vinter-nordic-cab-discover\/#primaryimage"},"image":{"@id":"https:\/\/nordiccab.com\/no\/produkt\/baeremeis-vinter-nordic-cab-discover\/#primaryimage"},"thumbnailUrl":"https:\/\/nordiccab.com\/wp-content\/uploads\/2024\/03\/Nordic-Cab-Discover-Baeremeis-Birnabag.jpg","datePublished":"2024-03-20T12:59:22+00:00","dateModified":"2025-01-18T07:42:25+00:00","description":"Discover B\u00e6remeis og Birnabag Varmedrakt for vintereventyr. Komfort, sikkerhet og oppbevaring for barn 9-48 mnd. T\u00dcV-sertifisert og ergonomisk design.","breadcrumb":{"@id":"https:\/\/nordiccab.com\/no\/produkt\/baeremeis-vinter-nordic-cab-discover\/#breadcrumb"},"inLanguage":"nb-NO","potentialAction":[{"@type":"ReadAction","target":["https:\/\/nordiccab.com\/no\/produkt\/baeremeis-vinter-nordic-cab-discover\/"]}]},{"@type":"ImageObject","inLanguage":"nb-NO","@id":"https:\/\/nordiccab.com\/no\/produkt\/baeremeis-vinter-nordic-cab-discover\/#primaryimage","url":"https:\/\/nordiccab.com\/wp-content\/uploads\/2024\/03\/Nordic-Cab-Discover-Baeremeis-Birnabag.jpg","contentUrl":"https:\/\/nordiccab.com\/wp-content\/uploads\/2024\/03\/Nordic-Cab-Discover-Baeremeis-Birnabag.jpg","width":1000,"height":1000,"caption":"Nordic Cab b\u00e6remeis og Birnabag varmepose"},{"@type":"BreadcrumbList","@id":"https:\/\/nordiccab.com\/no\/produkt\/baeremeis-vinter-nordic-cab-discover\/#breadcrumb","itemListElement":[{"@type":"ListItem","position":1,"name":"Home","item":"https:\/\/nordiccab.com\/no\/"},{"@type":"ListItem","position":2,"name":"Produkter","item":"https:\/\/nordiccab.com\/no\/butikk\/"},{"@type":"ListItem","position":3,"name":"Discover B\u00e6remeis | Stone Gray &#8211; Inkludert Birnabag varmepose"}]},{"@type":"WebSite","@id":"https:\/\/nordiccab.com\/no\/#website","url":"https:\/\/nordiccab.com\/no\/","name":"Nordic Cab","description":"Start Life Exploring","publisher":{"@id":"https:\/\/nordiccab.com\/no\/#organization"},"potentialAction":[{"@type":"SearchAction","target":{"@type":"EntryPoint","urlTemplate":"https:\/\/nordiccab.com\/no\/?s={search_term_string}"},"query-input":{"@type":"PropertyValueSpecification","valueRequired":true,"valueName":"search_term_string"}}],"inLanguage":"nb-NO"},{"@type":"Organization","@id":"https:\/\/nordiccab.com\/no\/#organization","name":"Nordic Cab Solutions AS","url":"https:\/\/nordiccab.com\/no\/","logo":{"@type":"ImageObject","inLanguage":"nb-NO","@id":"https:\/\/nordiccab.com\/no\/#\/schema\/logo\/image\/","url":"https:\/\/nordiccab.com\/wp-content\/uploads\/2022\/02\/NC-logo.svg","contentUrl":"https:\/\/nordiccab.com\/wp-content\/uploads\/2022\/02\/NC-logo.svg","width":1,"height":1,"caption":"Nordic Cab Solutions AS"},"image":{"@id":"https:\/\/nordiccab.com\/no\/#\/schema\/logo\/image\/"},"sameAs":["https:\/\/www.facebook.com\/nordiccab"]}]}},"_links":{"self":[{"href":"https:\/\/nordiccab.com\/no\/wp-json\/wp\/v2\/product\/18082","targetHints":{"allow":["GET"]}}],"collection":[{"href":"https:\/\/nordiccab.com\/no\/wp-json\/wp\/v2\/product"}],"about":[{"href":"https:\/\/nordiccab.com\/no\/wp-json\/wp\/v2\/types\/product"}],"wp:featuredmedia":[{"embeddable":true,"href":"https:\/\/nordiccab.com\/no\/wp-json\/wp\/v2\/media\/18079"}],"wp:attachment":[{"href":"https:\/\/nordiccab.com\/no\/wp-json\/wp\/v2\/media?parent=18082"}],"wp:term":[{"taxonomy":"product_brand","embeddable":true,"href":"https:\/\/nordiccab.com\/no\/wp-json\/wp\/v2\/product_brand?post=18082"},{"taxonomy":"product_cat","embeddable":true,"href":"https:\/\/nordiccab.com\/no\/wp-json\/wp\/v2\/product_cat?post=18082"},{"taxonomy":"product_tag","embeddable":true,"href":"https:\/\/nordiccab.com\/no\/wp-json\/wp\/v2\/product_tag?post=18082"}],"curies":[{"name":"wp","href":"https:\/\/api.w.org\/{rel}","templated":true}]}}