{"id":16411,"date":"2023-01-25T13:38:00","date_gmt":"2023-01-25T12:38:00","guid":{"rendered":"https:\/\/nordiccab.com\/?post_type=product&#038;p=16411"},"modified":"2024-10-15T08:28:20","modified_gmt":"2024-10-15T06:28:20","slug":"cargo-pulk-skitralle-vare","status":"publish","type":"product","link":"https:\/\/nordiccab.com\/no\/produkt\/cargo-pulk-skitralle-vare\/","title":{"rendered":"Cargo &#8211; Pulk og Skitralle"},"content":{"rendered":"\n<h2 class=\"wp-block-heading has-large-font-size\" id=\"h-perfekt-varepulk-med-praktisk-handtak-som-kan-monteres-pa\">Perfekt varepulk med praktisk h\u00e5ndtak som kan monteres p\u00e5.<\/h2>\n\n\n\n<figure class=\"wp-block-embed is-type-video is-provider-youtube wp-block-embed-youtube wp-embed-aspect-16-9 wp-has-aspect-ratio\"><div class=\"wp-block-embed__wrapper\">\n<iframe loading=\"lazy\" title=\"Cargo Pulk\" width=\"500\" height=\"281\" src=\"https:\/\/www.youtube.com\/embed\/Ppzb_AAa4wY?feature=oembed\" frameborder=\"0\" allow=\"accelerometer; autoplay; clipboard-write; encrypted-media; gyroscope; picture-in-picture; web-share\" referrerpolicy=\"strict-origin-when-cross-origin\" allowfullscreen><\/iframe>\n<\/div><\/figure>\n\n\n\n<p><strong>Egenskaper og Fordeler:<\/strong><\/p>\n\n\n\n<ul class=\"wp-block-list\">\n<li><strong>Robust konstruksjon:<\/strong> V\u00e5re pulker og skib\u00e5r er bygget for \u00e5 t\u00e5le tunge belastninger og t\u00f8ffe forhold, noe som gj\u00f8r dem ideelle for alle typer prosjekter.<\/li>\n\n\n\n<li><strong>&laquo;Enkel \u00e5 man\u00f8vrere&raquo; design:<\/strong> Med ergonomisk utformede h\u00e5ndtak og en balansert chassis.<\/li>\n\n\n\n<li><strong>Stor kapasitet:<\/strong> Med romslig lastekapasitet kan du transportere mer p\u00e5 f\u00e6rre turer, og dermed spare tid og krefter.<\/li>\n\n\n\n<li><strong>Allsidighet:<\/strong> Passer for alt fra ekspedisjoner til transport av vann eller ved til hytta. <\/li>\n\n\n\n<li>Alle delene passer inn i plastbasen for enkel transport.<\/li>\n\n\n\n<li>Den solide basen er laget av fullstendig st\u00f8pt, kuldebestandig plast og t\u00e5ler harde st\u00f8t.<\/li>\n\n\n\n<li>Leveres med vanntett transportdeksel som tillater et volum p\u00e5 opptil 150 liter.<\/li>\n\n\n\n<li>Anbefalt maksimal lastevekt: <strong>60kg<\/strong> <br>(NB! Om du velger senere \u00e5 oppgradere denne med sykkelvogn funksjonen, er maksvekten n\u00e5r du sykler 54kg. Dette p\u00e5 grunn av standard for sykkelvogner.<\/li>\n\n\n\n<li>Nettovekt inkludert drag og ski, 8,5 kg.<\/li>\n<\/ul>\n\n\n\n<p>Se alle v\u00e5re varevogn\/ pulk kombinasjoner <strong><a href=\"https:\/\/nordiccab.com\/no\/produktkategori\/varevogn\/\">her. <\/a><\/strong><\/p>\n\n\n\n<p><strong>M\u00e5l<\/strong>: <\/p>\n\n\n\n<ul class=\"wp-block-list\">\n<li>Bunnkassen innvendig &#8211; bredde 60,5cm \/ lengde 87cm \/ dybde 21cm\n<ul class=\"wp-block-list\">\n<li>Varetrekket ekspanderer 10cm over kanten p\u00e5 kassen slik at den dekker over h\u00f8yere last.<\/li>\n<\/ul>\n<\/li>\n\n\n\n<li>Bredde med ski &#8211; 76,5cm<\/li>\n\n\n\n<li>Total lengde med drag &#8211; fra 216cm &#8211; 268cm (justerbar)<\/li>\n\n\n\n<li>Bakkeklaring med ski &#8211; 10cm<\/li>\n<\/ul>\n\n\n\n<p><strong>Dette f\u00f8lger med:<\/strong> <\/p>\n\n\n\n<ul class=\"wp-block-list\">\n<li>Base\/ kasse<\/li>\n\n\n\n<li>Ski<\/li>\n\n\n\n<li>Trekkdrag for pulk<\/li>\n\n\n\n<li>Trekksele<\/li>\n\n\n\n<li>H\u00e5ndtak<\/li>\n\n\n\n<li>Varetrekk<\/li>\n<\/ul>\n\n\n\n<h3 class=\"wp-block-heading\" id=\"h-vi-er-her-for-a-hjelpe\"><strong>Vi er her for \u00e5 hjelpe<\/strong>!<\/h3>\n\n\n\n<p>Finner du ikke informasjonen du leter etter, er du usikker, eller orker du bare ikke \u00e5 lete? Ring oss p\u00e5<strong>&nbsp;4000 6191<\/strong>, s\u00e5 vil du snakke direkte med en av skaperne av Nordic Cab.<\/p>\n\n\n\n<p>For en mer omfattende gjennomgang av Nordic Cab, inviterer vi deg til en personlig live demonstrasjon. Opplev produktet v\u00e5rt p\u00e5 n\u00e6rt hold, interager direkte med oss, og f\u00e5 svar p\u00e5 alt du m\u00e5tte lure p\u00e5. Book din&nbsp;<strong>live demo<\/strong>&nbsp;<a href=\"https:\/\/nordiccab.com\/no\/live-booking\/\"><strong>her<\/strong><\/a>.<\/p>\n","protected":false},"excerpt":{"rendered":"<p>Varepulken leveres komplett med:<\/p>\n<ul>\n<li>Avtagbare ski (hjul kan kj\u00f8pes til)<\/li>\n<li>Pulkdrag og sele<\/li>\n<li>Varetrekk<\/li>\n<li>Trilleb\u00e5r h\u00e5ndtak<\/li>\n<\/ul>\n","protected":false},"featured_media":19206,"template":"","meta":{"_genesis_hide_title":false,"_genesis_hide_breadcrumbs":false,"_genesis_hide_singular_image":false,"_genesis_hide_footer_widgets":false,"_genesis_custom_body_class":"","_genesis_custom_post_class":"","_genesis_layout":""},"product_brand":[],"product_cat":[113],"product_tag":[],"class_list":{"0":"post-16411","1":"product","2":"type-product","3":"status-publish","4":"has-post-thumbnail","6":"product_cat-varevogn","7":"entry","9":"first","10":"instock","11":"taxable","12":"shipping-taxable","13":"purchasable","14":"product-type-simple"},"bundled_by":[],"bundle_stock_status":"instock","bundle_stock_quantity":null,"bundle_virtual":false,"bundle_layout":"","bundle_add_to_cart_form_location":"","bundle_editable_in_cart":false,"bundle_sold_individually_context":"","bundle_item_grouping":"","bundle_min_size":"","bundle_max_size":"","bundle_price":[],"bundled_items":[],"bundle_sell_ids":[],"yoast_head":"<!-- This site is optimized with the Yoast SEO Premium plugin v26.0 (Yoast SEO v26.0) - https:\/\/yoast.com\/wordpress\/plugins\/seo\/ -->\n<title>Cargo - Pulk og Skitralle - Nordic Cab - Vare Pulk<\/title>\n<meta name=\"description\" content=\"Praktisk varepulk som veldig enkelt kan bygges om med andre l\u00f8sninger fra Nordic Cab\" \/>\n<meta name=\"robots\" content=\"index, follow, max-snippet:-1, max-image-preview:large, max-video-preview:-1\" \/>\n<link rel=\"canonical\" href=\"https:\/\/nordiccab.com\/no\/produkt\/cargo-pulk-skitralle-vare\/\" \/>\n<meta property=\"og:locale\" content=\"nb_NO\" \/>\n<meta property=\"og:type\" content=\"article\" \/>\n<meta property=\"og:title\" content=\"Cargo - Pulk og Skitralle\" \/>\n<meta property=\"og:description\" content=\"Praktisk varepulk som veldig enkelt kan bygges om med andre l\u00f8sninger fra Nordic Cab\" \/>\n<meta property=\"og:url\" content=\"https:\/\/nordiccab.com\/no\/produkt\/cargo-pulk-skitralle-vare\/\" \/>\n<meta property=\"og:site_name\" content=\"Nordic Cab\" \/>\n<meta property=\"article:publisher\" content=\"https:\/\/www.facebook.com\/nordiccab\" \/>\n<meta property=\"article:modified_time\" content=\"2024-10-15T06:28:20+00:00\" \/>\n<meta property=\"og:image\" content=\"https:\/\/nordiccab.com\/wp-content\/uploads\/2023\/01\/Pulk-and-Skibarrow_1.jpg\" \/>\n\t<meta property=\"og:image:width\" content=\"1000\" \/>\n\t<meta property=\"og:image:height\" content=\"1000\" \/>\n\t<meta property=\"og:image:type\" content=\"image\/jpeg\" \/>\n<meta name=\"twitter:card\" content=\"summary_large_image\" \/>\n<meta name=\"twitter:label1\" content=\"Ansl. lesetid\" \/>\n\t<meta name=\"twitter:data1\" content=\"2 minutter\" \/>\n<script type=\"application\/ld+json\" class=\"yoast-schema-graph\">{\"@context\":\"https:\/\/schema.org\",\"@graph\":[{\"@type\":\"WebPage\",\"@id\":\"https:\/\/nordiccab.com\/no\/produkt\/cargo-pulk-skitralle-vare\/\",\"url\":\"https:\/\/nordiccab.com\/no\/produkt\/cargo-pulk-skitralle-vare\/\",\"name\":\"Cargo - Pulk og Skitralle - Nordic Cab - Vare Pulk\",\"isPartOf\":{\"@id\":\"https:\/\/nordiccab.com\/no\/#website\"},\"primaryImageOfPage\":{\"@id\":\"https:\/\/nordiccab.com\/no\/produkt\/cargo-pulk-skitralle-vare\/#primaryimage\"},\"image\":{\"@id\":\"https:\/\/nordiccab.com\/no\/produkt\/cargo-pulk-skitralle-vare\/#primaryimage\"},\"thumbnailUrl\":\"https:\/\/nordiccab.com\/wp-content\/uploads\/2023\/01\/Pulk-and-Skibarrow_1.jpg\",\"datePublished\":\"2023-01-25T12:38:00+00:00\",\"dateModified\":\"2024-10-15T06:28:20+00:00\",\"description\":\"Praktisk varepulk som veldig enkelt kan bygges om med andre l\u00f8sninger fra Nordic Cab\",\"breadcrumb\":{\"@id\":\"https:\/\/nordiccab.com\/no\/produkt\/cargo-pulk-skitralle-vare\/#breadcrumb\"},\"inLanguage\":\"nb-NO\",\"potentialAction\":[{\"@type\":\"ReadAction\",\"target\":[\"https:\/\/nordiccab.com\/no\/produkt\/cargo-pulk-skitralle-vare\/\"]}]},{\"@type\":\"ImageObject\",\"inLanguage\":\"nb-NO\",\"@id\":\"https:\/\/nordiccab.com\/no\/produkt\/cargo-pulk-skitralle-vare\/#primaryimage\",\"url\":\"https:\/\/nordiccab.com\/wp-content\/uploads\/2023\/01\/Pulk-and-Skibarrow_1.jpg\",\"contentUrl\":\"https:\/\/nordiccab.com\/wp-content\/uploads\/2023\/01\/Pulk-and-Skibarrow_1.jpg\",\"width\":1000,\"height\":1000,\"caption\":\"Pulk Sled. Nordic Cab Red\"},{\"@type\":\"BreadcrumbList\",\"@id\":\"https:\/\/nordiccab.com\/no\/produkt\/cargo-pulk-skitralle-vare\/#breadcrumb\",\"itemListElement\":[{\"@type\":\"ListItem\",\"position\":1,\"name\":\"Home\",\"item\":\"https:\/\/nordiccab.com\/no\/\"},{\"@type\":\"ListItem\",\"position\":2,\"name\":\"Produkter\",\"item\":\"https:\/\/nordiccab.com\/no\/butikk\/\"},{\"@type\":\"ListItem\",\"position\":3,\"name\":\"Cargo &#8211; Pulk og Skitralle\"}]},{\"@type\":\"WebSite\",\"@id\":\"https:\/\/nordiccab.com\/no\/#website\",\"url\":\"https:\/\/nordiccab.com\/no\/\",\"name\":\"Nordic Cab\",\"description\":\"Start Life Exploring\",\"publisher\":{\"@id\":\"https:\/\/nordiccab.com\/no\/#organization\"},\"potentialAction\":[{\"@type\":\"SearchAction\",\"target\":{\"@type\":\"EntryPoint\",\"urlTemplate\":\"https:\/\/nordiccab.com\/no\/?s={search_term_string}\"},\"query-input\":{\"@type\":\"PropertyValueSpecification\",\"valueRequired\":true,\"valueName\":\"search_term_string\"}}],\"inLanguage\":\"nb-NO\"},{\"@type\":\"Organization\",\"@id\":\"https:\/\/nordiccab.com\/no\/#organization\",\"name\":\"Nordic Cab Solutions AS\",\"url\":\"https:\/\/nordiccab.com\/no\/\",\"logo\":{\"@type\":\"ImageObject\",\"inLanguage\":\"nb-NO\",\"@id\":\"https:\/\/nordiccab.com\/no\/#\/schema\/logo\/image\/\",\"url\":\"https:\/\/nordiccab.com\/wp-content\/uploads\/2022\/02\/NC-logo.svg\",\"contentUrl\":\"https:\/\/nordiccab.com\/wp-content\/uploads\/2022\/02\/NC-logo.svg\",\"width\":1,\"height\":1,\"caption\":\"Nordic Cab Solutions AS\"},\"image\":{\"@id\":\"https:\/\/nordiccab.com\/no\/#\/schema\/logo\/image\/\"},\"sameAs\":[\"https:\/\/www.facebook.com\/nordiccab\"]}]}<\/script>\n<!-- \/ Yoast SEO Premium plugin. -->","yoast_head_json":{"title":"Cargo - Pulk og Skitralle - Nordic Cab - Vare Pulk","description":"Praktisk varepulk som veldig enkelt kan bygges om med andre l\u00f8sninger fra Nordic Cab","robots":{"index":"index","follow":"follow","max-snippet":"max-snippet:-1","max-image-preview":"max-image-preview:large","max-video-preview":"max-video-preview:-1"},"canonical":"https:\/\/nordiccab.com\/no\/produkt\/cargo-pulk-skitralle-vare\/","og_locale":"nb_NO","og_type":"article","og_title":"Cargo - Pulk og Skitralle","og_description":"Praktisk varepulk som veldig enkelt kan bygges om med andre l\u00f8sninger fra Nordic Cab","og_url":"https:\/\/nordiccab.com\/no\/produkt\/cargo-pulk-skitralle-vare\/","og_site_name":"Nordic Cab","article_publisher":"https:\/\/www.facebook.com\/nordiccab","article_modified_time":"2024-10-15T06:28:20+00:00","og_image":[{"width":1000,"height":1000,"url":"https:\/\/nordiccab.com\/wp-content\/uploads\/2023\/01\/Pulk-and-Skibarrow_1.jpg","type":"image\/jpeg"}],"twitter_card":"summary_large_image","twitter_misc":{"Ansl. lesetid":"2 minutter"},"schema":{"@context":"https:\/\/schema.org","@graph":[{"@type":"WebPage","@id":"https:\/\/nordiccab.com\/no\/produkt\/cargo-pulk-skitralle-vare\/","url":"https:\/\/nordiccab.com\/no\/produkt\/cargo-pulk-skitralle-vare\/","name":"Cargo - Pulk og Skitralle - Nordic Cab - Vare Pulk","isPartOf":{"@id":"https:\/\/nordiccab.com\/no\/#website"},"primaryImageOfPage":{"@id":"https:\/\/nordiccab.com\/no\/produkt\/cargo-pulk-skitralle-vare\/#primaryimage"},"image":{"@id":"https:\/\/nordiccab.com\/no\/produkt\/cargo-pulk-skitralle-vare\/#primaryimage"},"thumbnailUrl":"https:\/\/nordiccab.com\/wp-content\/uploads\/2023\/01\/Pulk-and-Skibarrow_1.jpg","datePublished":"2023-01-25T12:38:00+00:00","dateModified":"2024-10-15T06:28:20+00:00","description":"Praktisk varepulk som veldig enkelt kan bygges om med andre l\u00f8sninger fra Nordic Cab","breadcrumb":{"@id":"https:\/\/nordiccab.com\/no\/produkt\/cargo-pulk-skitralle-vare\/#breadcrumb"},"inLanguage":"nb-NO","potentialAction":[{"@type":"ReadAction","target":["https:\/\/nordiccab.com\/no\/produkt\/cargo-pulk-skitralle-vare\/"]}]},{"@type":"ImageObject","inLanguage":"nb-NO","@id":"https:\/\/nordiccab.com\/no\/produkt\/cargo-pulk-skitralle-vare\/#primaryimage","url":"https:\/\/nordiccab.com\/wp-content\/uploads\/2023\/01\/Pulk-and-Skibarrow_1.jpg","contentUrl":"https:\/\/nordiccab.com\/wp-content\/uploads\/2023\/01\/Pulk-and-Skibarrow_1.jpg","width":1000,"height":1000,"caption":"Pulk Sled. Nordic Cab Red"},{"@type":"BreadcrumbList","@id":"https:\/\/nordiccab.com\/no\/produkt\/cargo-pulk-skitralle-vare\/#breadcrumb","itemListElement":[{"@type":"ListItem","position":1,"name":"Home","item":"https:\/\/nordiccab.com\/no\/"},{"@type":"ListItem","position":2,"name":"Produkter","item":"https:\/\/nordiccab.com\/no\/butikk\/"},{"@type":"ListItem","position":3,"name":"Cargo &#8211; Pulk og Skitralle"}]},{"@type":"WebSite","@id":"https:\/\/nordiccab.com\/no\/#website","url":"https:\/\/nordiccab.com\/no\/","name":"Nordic Cab","description":"Start Life Exploring","publisher":{"@id":"https:\/\/nordiccab.com\/no\/#organization"},"potentialAction":[{"@type":"SearchAction","target":{"@type":"EntryPoint","urlTemplate":"https:\/\/nordiccab.com\/no\/?s={search_term_string}"},"query-input":{"@type":"PropertyValueSpecification","valueRequired":true,"valueName":"search_term_string"}}],"inLanguage":"nb-NO"},{"@type":"Organization","@id":"https:\/\/nordiccab.com\/no\/#organization","name":"Nordic Cab Solutions AS","url":"https:\/\/nordiccab.com\/no\/","logo":{"@type":"ImageObject","inLanguage":"nb-NO","@id":"https:\/\/nordiccab.com\/no\/#\/schema\/logo\/image\/","url":"https:\/\/nordiccab.com\/wp-content\/uploads\/2022\/02\/NC-logo.svg","contentUrl":"https:\/\/nordiccab.com\/wp-content\/uploads\/2022\/02\/NC-logo.svg","width":1,"height":1,"caption":"Nordic Cab Solutions AS"},"image":{"@id":"https:\/\/nordiccab.com\/no\/#\/schema\/logo\/image\/"},"sameAs":["https:\/\/www.facebook.com\/nordiccab"]}]}},"_links":{"self":[{"href":"https:\/\/nordiccab.com\/no\/wp-json\/wp\/v2\/product\/16411","targetHints":{"allow":["GET"]}}],"collection":[{"href":"https:\/\/nordiccab.com\/no\/wp-json\/wp\/v2\/product"}],"about":[{"href":"https:\/\/nordiccab.com\/no\/wp-json\/wp\/v2\/types\/product"}],"wp:featuredmedia":[{"embeddable":true,"href":"https:\/\/nordiccab.com\/no\/wp-json\/wp\/v2\/media\/19206"}],"wp:attachment":[{"href":"https:\/\/nordiccab.com\/no\/wp-json\/wp\/v2\/media?parent=16411"}],"wp:term":[{"taxonomy":"product_brand","embeddable":true,"href":"https:\/\/nordiccab.com\/no\/wp-json\/wp\/v2\/product_brand?post=16411"},{"taxonomy":"product_cat","embeddable":true,"href":"https:\/\/nordiccab.com\/no\/wp-json\/wp\/v2\/product_cat?post=16411"},{"taxonomy":"product_tag","embeddable":true,"href":"https:\/\/nordiccab.com\/no\/wp-json\/wp\/v2\/product_tag?post=16411"}],"curies":[{"name":"wp","href":"https:\/\/api.w.org\/{rel}","templated":true}]}}