{"id":16338,"date":"2024-04-23T13:34:48","date_gmt":"2024-04-23T11:34:48","guid":{"rendered":"https:\/\/nordiccab.com\/?post_type=product&#038;p=16338"},"modified":"2025-08-12T14:21:09","modified_gmt":"2025-08-12T12:21:09","slug":"cargo-hyttetralla","status":"publish","type":"product","link":"https:\/\/nordiccab.com\/no\/produkt\/cargo-hyttetralla\/","title":{"rendered":"Cargo &#8211; Hyttetralla"},"content":{"rendered":"\n<h2 class=\"wp-block-heading has-large-font-size\" id=\"h-med-hyttetralla-kan-du-transportere-alt-fra-matvarer-utstyr-hageavfall-ved-og-batmotor-den-er-solid-og-enkelt-konstruert-med-solide-luftfylte-dekk-som-ruller-lett-uansett-underlag\">Med Hyttetralla kan du transportere alt fra matvarer, utstyr hageavfall, ved og b\u00e5tmotor. Den er solid og enkelt konstruert med solide luftfylte dekk som ruller lett uansett underlag. <\/h2>\n\n\n\n<h2 class=\"wp-block-heading has-large-font-size\" id=\"h-egenskaper-og-fordeler-med-tralla\">Egenskaper og Fordeler med tralla:<\/h2>\n\n\n\n<ol class=\"wp-block-list\">\n<li><strong>Robust konstruksjon:<\/strong> V\u00e5r tralle er bygget for \u00e5 t\u00e5le tung belastning og t\u00f8ffe forhold, noe som gj\u00f8r den ideell for alle typer hageprosjekter.<\/li>\n\n\n\n<li><strong>Letth\u00e5ndterlig design:<\/strong> Med ergonomisk utformede h\u00e5ndtak og et balansert chassis.<\/li>\n\n\n\n<li><strong>Stor kapasitet:<\/strong> Med romslig lastekapasitet kan du transportere mer p\u00e5 f\u00e6rre turer, noe som sparer tid og krefter.<\/li>\n\n\n\n<li><strong>Allsidighet:<\/strong> Egnet for alt fra hageavfall og jord til planter og verkt\u00f8y, v\u00e5r tralle er en p\u00e5litelig f\u00f8lgesvenn.<\/li>\n\n\n\n<li><strong>Kompakt<\/strong>: Sl\u00e5s sammen med enkle grep for oppbevaring og transport. <br>Egenvekt inkludert hjul : 9 kg<\/li>\n\n\n\n<li>Anbefalt maksimal lastevekt: <strong>60kg<\/strong> <br>(NB! Om du velger senere \u00e5 oppgradere denne med sykkelvogn funksjonen, er maksvekten n\u00e5r du sykler 54kg. Dette p\u00e5 grunn av standard for sykkelvogner.<\/li>\n<\/ol>\n\n\n\n<p><strong>Hvorfor velge v\u00e5r trilleb\u00e5r?<\/strong> V\u00e5r trilleb\u00e5r kombinerer holdbarhet, funksjonalitet og brukervennlighet, og gir deg den perfekte assistenten for ditt hagearbeid. Invest\u00e9r i kvalitet for \u00e5 gj\u00f8re hverdagen din enda bedre! <\/p>\n\n\n\n<p>Tralla kan ogs\u00e5 enkelt brukes til trekkvogn som du trekker med sele, sykkelvogn og mye mer. <\/p>\n\n\n\n<p>Se alle v\u00e5re varevogn\/ pulk kombinasjoner <strong><a href=\"https:\/\/nordiccab.com\/no\/produktkategori\/varevogn\/\">her. <\/a><\/strong><\/p>\n\n\n\n<p><strong>M\u00e5l<\/strong>: <\/p>\n\n\n\n<ul class=\"wp-block-list\">\n<li>Bunnkassen innvendig &#8211; bredde 60,5cm \/ lengde 87cm \/ dybde 21cm<\/li>\n\n\n\n<li>Bredde med hjul &#8211; 79cm <\/li>\n\n\n\n<li>Total lengde med drag &#8211; fra 170cm &#8211; 200cm (justerbar)<\/li>\n\n\n\n<li>Bakkeklaring med 20&#8243; hjul &#8211; 17,5cm<\/li>\n<\/ul>\n\n\n\n<p><strong>Dette f\u00f8lger med:<\/strong> <\/p>\n\n\n\n<ul class=\"wp-block-list\">\n<li>Base\/ kasse<\/li>\n\n\n\n<li>Hjul<\/li>\n\n\n\n<li>Trekkdrag <\/li>\n\n\n\n<li>H\u00e5ndtak<\/li>\n<\/ul>\n\n\n\n<p><br><\/p>\n","protected":false},"excerpt":{"rendered":"<p>Med v\u00e5r tralle kan du transportere alt fra matvarer, hageavfall og b\u00e5tmotor.<\/p>\n<p>Enkel og trygg uten tunge l\u00f8ft.\u00a0<\/p>\n","protected":false},"featured_media":18614,"template":"","meta":{"_genesis_hide_title":false,"_genesis_hide_breadcrumbs":false,"_genesis_hide_singular_image":false,"_genesis_hide_footer_widgets":false,"_genesis_custom_body_class":"","_genesis_custom_post_class":"","_genesis_layout":""},"product_brand":[],"product_cat":[113],"product_tag":[],"class_list":{"0":"post-16338","1":"product","2":"type-product","3":"status-publish","4":"has-post-thumbnail","6":"product_cat-varevogn","7":"entry","9":"first","10":"instock","11":"taxable","12":"shipping-taxable","13":"purchasable","14":"product-type-simple"},"bundled_by":[],"bundle_stock_status":"instock","bundle_stock_quantity":null,"bundle_virtual":false,"bundle_layout":"","bundle_add_to_cart_form_location":"","bundle_editable_in_cart":false,"bundle_sold_individually_context":"","bundle_item_grouping":"","bundle_min_size":"","bundle_max_size":"","bundle_price":[],"bundled_items":[],"bundle_sell_ids":[],"yoast_head":"<!-- This site is optimized with the Yoast SEO Premium plugin v26.0 (Yoast SEO v26.0) - https:\/\/yoast.com\/wordpress\/plugins\/seo\/ -->\n<title>Cargo - Hyttetralla - Nordic Cab - Trekk vogn<\/title>\n<meta name=\"description\" content=\"Med v\u00e5r tralle kan du transportere alt fra matvarer, hageavfall og b\u00e5tmotor. Enkelt og trygd. Norsk design og h\u00f8y kvalitet.\" \/>\n<meta name=\"robots\" content=\"index, follow, max-snippet:-1, max-image-preview:large, max-video-preview:-1\" \/>\n<link rel=\"canonical\" href=\"https:\/\/nordiccab.com\/no\/produkt\/cargo-hyttetralla\/\" \/>\n<meta property=\"og:locale\" content=\"nb_NO\" \/>\n<meta property=\"og:type\" content=\"article\" \/>\n<meta property=\"og:title\" content=\"Cargo - Hyttetralla\" \/>\n<meta property=\"og:description\" content=\"Med v\u00e5r tralle kan du transportere alt fra matvarer, hageavfall og b\u00e5tmotor. Enkelt og trygd. Norsk design og h\u00f8y kvalitet.\" \/>\n<meta property=\"og:url\" content=\"https:\/\/nordiccab.com\/no\/produkt\/cargo-hyttetralla\/\" \/>\n<meta property=\"og:site_name\" content=\"Nordic Cab\" \/>\n<meta property=\"article:publisher\" content=\"https:\/\/www.facebook.com\/nordiccab\" \/>\n<meta property=\"article:modified_time\" content=\"2025-08-12T12:21:09+00:00\" \/>\n<meta property=\"og:image\" content=\"https:\/\/nordiccab.com\/wp-content\/uploads\/2023\/01\/Wheelbarrow.jpg\" \/>\n\t<meta property=\"og:image:width\" content=\"1000\" \/>\n\t<meta property=\"og:image:height\" content=\"1000\" \/>\n\t<meta property=\"og:image:type\" content=\"image\/jpeg\" \/>\n<meta name=\"twitter:card\" content=\"summary_large_image\" \/>\n<meta name=\"twitter:label1\" content=\"Ansl. lesetid\" \/>\n\t<meta name=\"twitter:data1\" content=\"2 minutter\" \/>\n<script type=\"application\/ld+json\" class=\"yoast-schema-graph\">{\"@context\":\"https:\/\/schema.org\",\"@graph\":[{\"@type\":\"WebPage\",\"@id\":\"https:\/\/nordiccab.com\/no\/produkt\/cargo-hyttetralla\/\",\"url\":\"https:\/\/nordiccab.com\/no\/produkt\/cargo-hyttetralla\/\",\"name\":\"Cargo - Hyttetralla - Nordic Cab - Trekk vogn\",\"isPartOf\":{\"@id\":\"https:\/\/nordiccab.com\/no\/#website\"},\"primaryImageOfPage\":{\"@id\":\"https:\/\/nordiccab.com\/no\/produkt\/cargo-hyttetralla\/#primaryimage\"},\"image\":{\"@id\":\"https:\/\/nordiccab.com\/no\/produkt\/cargo-hyttetralla\/#primaryimage\"},\"thumbnailUrl\":\"https:\/\/nordiccab.com\/wp-content\/uploads\/2023\/01\/Wheelbarrow.jpg\",\"datePublished\":\"2024-04-23T11:34:48+00:00\",\"dateModified\":\"2025-08-12T12:21:09+00:00\",\"description\":\"Med v\u00e5r tralle kan du transportere alt fra matvarer, hageavfall og b\u00e5tmotor. Enkelt og trygd. Norsk design og h\u00f8y kvalitet.\",\"breadcrumb\":{\"@id\":\"https:\/\/nordiccab.com\/no\/produkt\/cargo-hyttetralla\/#breadcrumb\"},\"inLanguage\":\"nb-NO\",\"potentialAction\":[{\"@type\":\"ReadAction\",\"target\":[\"https:\/\/nordiccab.com\/no\/produkt\/cargo-hyttetralla\/\"]}]},{\"@type\":\"ImageObject\",\"inLanguage\":\"nb-NO\",\"@id\":\"https:\/\/nordiccab.com\/no\/produkt\/cargo-hyttetralla\/#primaryimage\",\"url\":\"https:\/\/nordiccab.com\/wp-content\/uploads\/2023\/01\/Wheelbarrow.jpg\",\"contentUrl\":\"https:\/\/nordiccab.com\/wp-content\/uploads\/2023\/01\/Wheelbarrow.jpg\",\"width\":1000,\"height\":1000,\"caption\":\"trekk vogn. Nordic Cab trekkvogn\"},{\"@type\":\"BreadcrumbList\",\"@id\":\"https:\/\/nordiccab.com\/no\/produkt\/cargo-hyttetralla\/#breadcrumb\",\"itemListElement\":[{\"@type\":\"ListItem\",\"position\":1,\"name\":\"Home\",\"item\":\"https:\/\/nordiccab.com\/no\/\"},{\"@type\":\"ListItem\",\"position\":2,\"name\":\"Produkter\",\"item\":\"https:\/\/nordiccab.com\/no\/butikk\/\"},{\"@type\":\"ListItem\",\"position\":3,\"name\":\"Cargo &#8211; Hyttetralla\"}]},{\"@type\":\"WebSite\",\"@id\":\"https:\/\/nordiccab.com\/no\/#website\",\"url\":\"https:\/\/nordiccab.com\/no\/\",\"name\":\"Nordic Cab\",\"description\":\"Start Life Exploring\",\"publisher\":{\"@id\":\"https:\/\/nordiccab.com\/no\/#organization\"},\"potentialAction\":[{\"@type\":\"SearchAction\",\"target\":{\"@type\":\"EntryPoint\",\"urlTemplate\":\"https:\/\/nordiccab.com\/no\/?s={search_term_string}\"},\"query-input\":{\"@type\":\"PropertyValueSpecification\",\"valueRequired\":true,\"valueName\":\"search_term_string\"}}],\"inLanguage\":\"nb-NO\"},{\"@type\":\"Organization\",\"@id\":\"https:\/\/nordiccab.com\/no\/#organization\",\"name\":\"Nordic Cab Solutions AS\",\"url\":\"https:\/\/nordiccab.com\/no\/\",\"logo\":{\"@type\":\"ImageObject\",\"inLanguage\":\"nb-NO\",\"@id\":\"https:\/\/nordiccab.com\/no\/#\/schema\/logo\/image\/\",\"url\":\"https:\/\/nordiccab.com\/wp-content\/uploads\/2022\/02\/NC-logo.svg\",\"contentUrl\":\"https:\/\/nordiccab.com\/wp-content\/uploads\/2022\/02\/NC-logo.svg\",\"width\":1,\"height\":1,\"caption\":\"Nordic Cab Solutions AS\"},\"image\":{\"@id\":\"https:\/\/nordiccab.com\/no\/#\/schema\/logo\/image\/\"},\"sameAs\":[\"https:\/\/www.facebook.com\/nordiccab\"]}]}<\/script>\n<!-- \/ Yoast SEO Premium plugin. -->","yoast_head_json":{"title":"Cargo - Hyttetralla - Nordic Cab - Trekk vogn","description":"Med v\u00e5r tralle kan du transportere alt fra matvarer, hageavfall og b\u00e5tmotor. Enkelt og trygd. Norsk design og h\u00f8y kvalitet.","robots":{"index":"index","follow":"follow","max-snippet":"max-snippet:-1","max-image-preview":"max-image-preview:large","max-video-preview":"max-video-preview:-1"},"canonical":"https:\/\/nordiccab.com\/no\/produkt\/cargo-hyttetralla\/","og_locale":"nb_NO","og_type":"article","og_title":"Cargo - Hyttetralla","og_description":"Med v\u00e5r tralle kan du transportere alt fra matvarer, hageavfall og b\u00e5tmotor. Enkelt og trygd. Norsk design og h\u00f8y kvalitet.","og_url":"https:\/\/nordiccab.com\/no\/produkt\/cargo-hyttetralla\/","og_site_name":"Nordic Cab","article_publisher":"https:\/\/www.facebook.com\/nordiccab","article_modified_time":"2025-08-12T12:21:09+00:00","og_image":[{"width":1000,"height":1000,"url":"https:\/\/nordiccab.com\/wp-content\/uploads\/2023\/01\/Wheelbarrow.jpg","type":"image\/jpeg"}],"twitter_card":"summary_large_image","twitter_misc":{"Ansl. lesetid":"2 minutter"},"schema":{"@context":"https:\/\/schema.org","@graph":[{"@type":"WebPage","@id":"https:\/\/nordiccab.com\/no\/produkt\/cargo-hyttetralla\/","url":"https:\/\/nordiccab.com\/no\/produkt\/cargo-hyttetralla\/","name":"Cargo - Hyttetralla - Nordic Cab - Trekk vogn","isPartOf":{"@id":"https:\/\/nordiccab.com\/no\/#website"},"primaryImageOfPage":{"@id":"https:\/\/nordiccab.com\/no\/produkt\/cargo-hyttetralla\/#primaryimage"},"image":{"@id":"https:\/\/nordiccab.com\/no\/produkt\/cargo-hyttetralla\/#primaryimage"},"thumbnailUrl":"https:\/\/nordiccab.com\/wp-content\/uploads\/2023\/01\/Wheelbarrow.jpg","datePublished":"2024-04-23T11:34:48+00:00","dateModified":"2025-08-12T12:21:09+00:00","description":"Med v\u00e5r tralle kan du transportere alt fra matvarer, hageavfall og b\u00e5tmotor. Enkelt og trygd. Norsk design og h\u00f8y kvalitet.","breadcrumb":{"@id":"https:\/\/nordiccab.com\/no\/produkt\/cargo-hyttetralla\/#breadcrumb"},"inLanguage":"nb-NO","potentialAction":[{"@type":"ReadAction","target":["https:\/\/nordiccab.com\/no\/produkt\/cargo-hyttetralla\/"]}]},{"@type":"ImageObject","inLanguage":"nb-NO","@id":"https:\/\/nordiccab.com\/no\/produkt\/cargo-hyttetralla\/#primaryimage","url":"https:\/\/nordiccab.com\/wp-content\/uploads\/2023\/01\/Wheelbarrow.jpg","contentUrl":"https:\/\/nordiccab.com\/wp-content\/uploads\/2023\/01\/Wheelbarrow.jpg","width":1000,"height":1000,"caption":"trekk vogn. Nordic Cab trekkvogn"},{"@type":"BreadcrumbList","@id":"https:\/\/nordiccab.com\/no\/produkt\/cargo-hyttetralla\/#breadcrumb","itemListElement":[{"@type":"ListItem","position":1,"name":"Home","item":"https:\/\/nordiccab.com\/no\/"},{"@type":"ListItem","position":2,"name":"Produkter","item":"https:\/\/nordiccab.com\/no\/butikk\/"},{"@type":"ListItem","position":3,"name":"Cargo &#8211; Hyttetralla"}]},{"@type":"WebSite","@id":"https:\/\/nordiccab.com\/no\/#website","url":"https:\/\/nordiccab.com\/no\/","name":"Nordic Cab","description":"Start Life Exploring","publisher":{"@id":"https:\/\/nordiccab.com\/no\/#organization"},"potentialAction":[{"@type":"SearchAction","target":{"@type":"EntryPoint","urlTemplate":"https:\/\/nordiccab.com\/no\/?s={search_term_string}"},"query-input":{"@type":"PropertyValueSpecification","valueRequired":true,"valueName":"search_term_string"}}],"inLanguage":"nb-NO"},{"@type":"Organization","@id":"https:\/\/nordiccab.com\/no\/#organization","name":"Nordic Cab Solutions AS","url":"https:\/\/nordiccab.com\/no\/","logo":{"@type":"ImageObject","inLanguage":"nb-NO","@id":"https:\/\/nordiccab.com\/no\/#\/schema\/logo\/image\/","url":"https:\/\/nordiccab.com\/wp-content\/uploads\/2022\/02\/NC-logo.svg","contentUrl":"https:\/\/nordiccab.com\/wp-content\/uploads\/2022\/02\/NC-logo.svg","width":1,"height":1,"caption":"Nordic Cab Solutions AS"},"image":{"@id":"https:\/\/nordiccab.com\/no\/#\/schema\/logo\/image\/"},"sameAs":["https:\/\/www.facebook.com\/nordiccab"]}]}},"_links":{"self":[{"href":"https:\/\/nordiccab.com\/no\/wp-json\/wp\/v2\/product\/16338","targetHints":{"allow":["GET"]}}],"collection":[{"href":"https:\/\/nordiccab.com\/no\/wp-json\/wp\/v2\/product"}],"about":[{"href":"https:\/\/nordiccab.com\/no\/wp-json\/wp\/v2\/types\/product"}],"wp:featuredmedia":[{"embeddable":true,"href":"https:\/\/nordiccab.com\/no\/wp-json\/wp\/v2\/media\/18614"}],"wp:attachment":[{"href":"https:\/\/nordiccab.com\/no\/wp-json\/wp\/v2\/media?parent=16338"}],"wp:term":[{"taxonomy":"product_brand","embeddable":true,"href":"https:\/\/nordiccab.com\/no\/wp-json\/wp\/v2\/product_brand?post=16338"},{"taxonomy":"product_cat","embeddable":true,"href":"https:\/\/nordiccab.com\/no\/wp-json\/wp\/v2\/product_cat?post=16338"},{"taxonomy":"product_tag","embeddable":true,"href":"https:\/\/nordiccab.com\/no\/wp-json\/wp\/v2\/product_tag?post=16338"}],"curies":[{"name":"wp","href":"https:\/\/api.w.org\/{rel}","templated":true}]}}