{"id":16256,"date":"2023-09-19T10:28:00","date_gmt":"2023-09-19T08:28:00","guid":{"rendered":"https:\/\/nordiccab.com\/?post_type=product&#038;p=16256"},"modified":"2025-08-12T14:24:28","modified_gmt":"2025-08-12T12:24:28","slug":"cargo-varepulk-vare","status":"publish","type":"product","link":"https:\/\/nordiccab.com\/no\/produkt\/cargo-varepulk-vare\/","title":{"rendered":"Cargo &#8211; Varepulk"},"content":{"rendered":"\n<figure class=\"wp-block-embed is-type-video is-provider-youtube wp-block-embed-youtube wp-embed-aspect-16-9 wp-has-aspect-ratio\"><div class=\"wp-block-embed__wrapper\">\n<iframe loading=\"lazy\" title=\"Cargo Pulk\" width=\"500\" height=\"281\" src=\"https:\/\/www.youtube.com\/embed\/Ppzb_AAa4wY?feature=oembed\" frameborder=\"0\" allow=\"accelerometer; autoplay; clipboard-write; encrypted-media; gyroscope; picture-in-picture; web-share\" referrerpolicy=\"strict-origin-when-cross-origin\" allowfullscreen><\/iframe>\n<\/div><\/figure>\n\n\n\n<h2 class=\"wp-block-heading has-large-font-size\" id=\"h-hvorfor-velge-nordic-cab-varepulk\">Hvorfor velge Nordic Cab varepulk:<\/h2>\n\n\n\n<ul class=\"wp-block-list\">\n<li>Kompakt og solid varepulk med ski som b\u00e6rer og styrer godt uansett f\u00f8re. <\/li>\n\n\n\n<li><strong>Solid base.<\/strong>&nbsp;Explorer varepulk&nbsp;er bygget p\u00e5 en helst\u00f8pt base\/ kasse av solid plast. Plastbasen forenkler ogs\u00e5 montering og transport av pulken.<\/li>\n\n\n\n<li>Anbefalt maksimal lastevekt: <strong>60kg<\/strong> <br>(NB! Om du velger senere \u00e5 oppgradere denne med sykkelvogn funksjonen, er maksvekten n\u00e5r du sykler 54kg. Dette p\u00e5 grunn av standard for sykkelvogner.)<\/li>\n\n\n\n<li>Alle deler passer i bunnkassen som gj\u00f8r den komprimert for transport.<\/li>\n\n\n\n<li>Hull langs kanten av bunnkasse for \u00e5 stroppe fast utstyret.<\/li>\n\n\n\n<li>Leveres med vanntett og elastisk varetrekk som gir deg opp til 150 liter volum.<br>Egenvekt inkludert drag og ski, 8,5 kg<\/li>\n\n\n\n<li><strong>Mulighet for mange bruksomr\u00e5der.<\/strong>&nbsp;Denne fantastiske pulken kan du enkelt utvide til \u00e5 bli et kj\u00e6rkommet produkt for transport av ting hele \u00e5ret.&nbsp;Du kan frakte alt fra matvarer, hageavfall, ved til hytta, b\u00e5tmotorer og mye mer. P\u00e5 vei og i terrenget &#8211; sommer som vinter!<br>Se alle v\u00e5re varevogn\/ pulk kombinasjoner <strong><a href=\"https:\/\/nordiccab.com\/no\/produktkategori\/varevogn\/\">her.<\/a><\/strong><\/li>\n<\/ul>\n\n\n\n<p><strong>M\u00e5l<\/strong>: <\/p>\n\n\n\n<ul class=\"wp-block-list\">\n<li>Bunnkassen innvendig &#8211; bredde 60,5cm \/ lengde 87cm \/ dybde 21cm\n<ul class=\"wp-block-list\">\n<li>Varetrekket ekspanderer 10cm over kanten p\u00e5 kassen slik at den dekker over h\u00f8yere last.<\/li>\n<\/ul>\n<\/li>\n\n\n\n<li>Bredde med ski &#8211; 76,5cm<\/li>\n\n\n\n<li>Total lengde med drag &#8211; fra 216cm &#8211; 268cm (justerbar)<\/li>\n\n\n\n<li>Bakkeklaring med ski &#8211; 10cm<\/li>\n<\/ul>\n\n\n\n<p>Dette f\u00f8lger med:<\/p>\n\n\n\n<ul class=\"wp-block-list\">\n<li>Base\/ kasse<\/li>\n\n\n\n<li>Ski<\/li>\n\n\n\n<li>Trekkdrag for pulk<\/li>\n\n\n\n<li>Trekksele<\/li>\n\n\n\n<li>Varetrekk<\/li>\n<\/ul>\n\n\n\n<h3 class=\"wp-block-heading\" id=\"h-vi-er-her-for-a-hjelpe\"><strong>Vi er her for \u00e5 hjelpe<\/strong>!<\/h3>\n\n\n\n<p>Finner du ikke informasjonen du leter etter, er du usikker, eller orker du bare ikke \u00e5 lete? Ring oss p\u00e5<strong>&nbsp;4000 6191<\/strong>, s\u00e5 vil du snakke direkte med en av skaperne av Nordic Cab.<\/p>\n\n\n\n<p>For en mer omfattende gjennomgang av Nordic Cab, inviterer vi deg til en personlig live demonstrasjon. Opplev produktet v\u00e5rt p\u00e5 n\u00e6rt hold, interager direkte med oss, og f\u00e5 svar p\u00e5 alt du m\u00e5tte lure p\u00e5. Book din&nbsp;<strong>live demo<\/strong>&nbsp;<a href=\"https:\/\/nordiccab.com\/no\/live-booking\/\"><strong>her<\/strong><\/a>.<\/p>\n","protected":false},"excerpt":{"rendered":"<p>Varepulken leveres komplett med:\u00a0<\/p>\n<ul>\n<li>Avtagbare ski (hjul kan kj\u00f8pes til)\u00a0<\/li>\n<li>Pulkdrag og sele<\/li>\n<li>Varetrekk\u00a0<\/li>\n<\/ul>\n","protected":false},"featured_media":19202,"template":"","meta":{"_genesis_hide_title":false,"_genesis_hide_breadcrumbs":false,"_genesis_hide_singular_image":false,"_genesis_hide_footer_widgets":false,"_genesis_custom_body_class":"","_genesis_custom_post_class":"","_genesis_layout":""},"product_brand":[],"product_cat":[113],"product_tag":[],"class_list":{"0":"post-16256","1":"product","2":"type-product","3":"status-publish","4":"has-post-thumbnail","6":"product_cat-varevogn","7":"entry","9":"first","10":"instock","11":"taxable","12":"shipping-taxable","13":"purchasable","14":"product-type-simple"},"bundled_by":[],"bundle_stock_status":"instock","bundle_stock_quantity":null,"bundle_virtual":false,"bundle_layout":"","bundle_add_to_cart_form_location":"","bundle_editable_in_cart":false,"bundle_sold_individually_context":"","bundle_item_grouping":"","bundle_min_size":"","bundle_max_size":"","bundle_price":[],"bundled_items":[],"bundle_sell_ids":[],"yoast_head":"<!-- This site is optimized with the Yoast SEO Premium plugin v26.0 (Yoast SEO v26.0) - https:\/\/yoast.com\/wordpress\/plugins\/seo\/ -->\n<title>Nordic Cab - Cargo - Varepulk<\/title>\n<meta name=\"description\" content=\"Kompakt varepulk med ski som b\u00e6rer og styrer godt uansett f\u00f8re. Tar liten plass under transport og f\u00e5r plass i bagasjerommet p\u00e5 alle biler.\" \/>\n<meta name=\"robots\" content=\"index, follow, max-snippet:-1, max-image-preview:large, max-video-preview:-1\" \/>\n<link rel=\"canonical\" href=\"https:\/\/nordiccab.com\/no\/produkt\/cargo-varepulk-vare\/\" \/>\n<meta property=\"og:locale\" content=\"nb_NO\" \/>\n<meta property=\"og:type\" content=\"article\" \/>\n<meta property=\"og:title\" content=\"Cargo - Varepulk\" \/>\n<meta property=\"og:description\" content=\"Kompakt varepulk med ski som b\u00e6rer og styrer godt uansett f\u00f8re. Tar liten plass under transport og f\u00e5r plass i bagasjerommet p\u00e5 alle biler.\" \/>\n<meta property=\"og:url\" content=\"https:\/\/nordiccab.com\/no\/produkt\/cargo-varepulk-vare\/\" \/>\n<meta property=\"og:site_name\" content=\"Nordic Cab\" \/>\n<meta property=\"article:publisher\" content=\"https:\/\/www.facebook.com\/nordiccab\" \/>\n<meta property=\"article:modified_time\" content=\"2025-08-12T12:24:28+00:00\" \/>\n<meta property=\"og:image\" content=\"https:\/\/nordiccab.com\/wp-content\/uploads\/2023\/09\/Pulk-Cargo_2.jpg\" \/>\n\t<meta property=\"og:image:width\" content=\"1000\" \/>\n\t<meta property=\"og:image:height\" content=\"1000\" \/>\n\t<meta property=\"og:image:type\" content=\"image\/jpeg\" \/>\n<meta name=\"twitter:card\" content=\"summary_large_image\" \/>\n<meta name=\"twitter:label1\" content=\"Ansl. lesetid\" \/>\n\t<meta name=\"twitter:data1\" content=\"2 minutter\" \/>\n<script type=\"application\/ld+json\" class=\"yoast-schema-graph\">{\"@context\":\"https:\/\/schema.org\",\"@graph\":[{\"@type\":\"WebPage\",\"@id\":\"https:\/\/nordiccab.com\/no\/produkt\/cargo-varepulk-vare\/\",\"url\":\"https:\/\/nordiccab.com\/no\/produkt\/cargo-varepulk-vare\/\",\"name\":\"Nordic Cab - Cargo - Varepulk\",\"isPartOf\":{\"@id\":\"https:\/\/nordiccab.com\/no\/#website\"},\"primaryImageOfPage\":{\"@id\":\"https:\/\/nordiccab.com\/no\/produkt\/cargo-varepulk-vare\/#primaryimage\"},\"image\":{\"@id\":\"https:\/\/nordiccab.com\/no\/produkt\/cargo-varepulk-vare\/#primaryimage\"},\"thumbnailUrl\":\"https:\/\/nordiccab.com\/wp-content\/uploads\/2023\/09\/Pulk-Cargo_2.jpg\",\"datePublished\":\"2023-09-19T08:28:00+00:00\",\"dateModified\":\"2025-08-12T12:24:28+00:00\",\"description\":\"Kompakt varepulk med ski som b\u00e6rer og styrer godt uansett f\u00f8re. Tar liten plass under transport og f\u00e5r plass i bagasjerommet p\u00e5 alle biler.\",\"breadcrumb\":{\"@id\":\"https:\/\/nordiccab.com\/no\/produkt\/cargo-varepulk-vare\/#breadcrumb\"},\"inLanguage\":\"nb-NO\",\"potentialAction\":[{\"@type\":\"ReadAction\",\"target\":[\"https:\/\/nordiccab.com\/no\/produkt\/cargo-varepulk-vare\/\"]}]},{\"@type\":\"ImageObject\",\"inLanguage\":\"nb-NO\",\"@id\":\"https:\/\/nordiccab.com\/no\/produkt\/cargo-varepulk-vare\/#primaryimage\",\"url\":\"https:\/\/nordiccab.com\/wp-content\/uploads\/2023\/09\/Pulk-Cargo_2.jpg\",\"contentUrl\":\"https:\/\/nordiccab.com\/wp-content\/uploads\/2023\/09\/Pulk-Cargo_2.jpg\",\"width\":1000,\"height\":1000,\"caption\":\"cargo ski sled. Nordic Cab Red\"},{\"@type\":\"BreadcrumbList\",\"@id\":\"https:\/\/nordiccab.com\/no\/produkt\/cargo-varepulk-vare\/#breadcrumb\",\"itemListElement\":[{\"@type\":\"ListItem\",\"position\":1,\"name\":\"Home\",\"item\":\"https:\/\/nordiccab.com\/no\/\"},{\"@type\":\"ListItem\",\"position\":2,\"name\":\"Produkter\",\"item\":\"https:\/\/nordiccab.com\/no\/butikk\/\"},{\"@type\":\"ListItem\",\"position\":3,\"name\":\"Cargo &#8211; Varepulk\"}]},{\"@type\":\"WebSite\",\"@id\":\"https:\/\/nordiccab.com\/no\/#website\",\"url\":\"https:\/\/nordiccab.com\/no\/\",\"name\":\"Nordic Cab\",\"description\":\"Start Life Exploring\",\"publisher\":{\"@id\":\"https:\/\/nordiccab.com\/no\/#organization\"},\"potentialAction\":[{\"@type\":\"SearchAction\",\"target\":{\"@type\":\"EntryPoint\",\"urlTemplate\":\"https:\/\/nordiccab.com\/no\/?s={search_term_string}\"},\"query-input\":{\"@type\":\"PropertyValueSpecification\",\"valueRequired\":true,\"valueName\":\"search_term_string\"}}],\"inLanguage\":\"nb-NO\"},{\"@type\":\"Organization\",\"@id\":\"https:\/\/nordiccab.com\/no\/#organization\",\"name\":\"Nordic Cab Solutions AS\",\"url\":\"https:\/\/nordiccab.com\/no\/\",\"logo\":{\"@type\":\"ImageObject\",\"inLanguage\":\"nb-NO\",\"@id\":\"https:\/\/nordiccab.com\/no\/#\/schema\/logo\/image\/\",\"url\":\"https:\/\/nordiccab.com\/wp-content\/uploads\/2022\/02\/NC-logo.svg\",\"contentUrl\":\"https:\/\/nordiccab.com\/wp-content\/uploads\/2022\/02\/NC-logo.svg\",\"width\":1,\"height\":1,\"caption\":\"Nordic Cab Solutions AS\"},\"image\":{\"@id\":\"https:\/\/nordiccab.com\/no\/#\/schema\/logo\/image\/\"},\"sameAs\":[\"https:\/\/www.facebook.com\/nordiccab\"]}]}<\/script>\n<!-- \/ Yoast SEO Premium plugin. -->","yoast_head_json":{"title":"Nordic Cab - Cargo - Varepulk","description":"Kompakt varepulk med ski som b\u00e6rer og styrer godt uansett f\u00f8re. Tar liten plass under transport og f\u00e5r plass i bagasjerommet p\u00e5 alle biler.","robots":{"index":"index","follow":"follow","max-snippet":"max-snippet:-1","max-image-preview":"max-image-preview:large","max-video-preview":"max-video-preview:-1"},"canonical":"https:\/\/nordiccab.com\/no\/produkt\/cargo-varepulk-vare\/","og_locale":"nb_NO","og_type":"article","og_title":"Cargo - Varepulk","og_description":"Kompakt varepulk med ski som b\u00e6rer og styrer godt uansett f\u00f8re. Tar liten plass under transport og f\u00e5r plass i bagasjerommet p\u00e5 alle biler.","og_url":"https:\/\/nordiccab.com\/no\/produkt\/cargo-varepulk-vare\/","og_site_name":"Nordic Cab","article_publisher":"https:\/\/www.facebook.com\/nordiccab","article_modified_time":"2025-08-12T12:24:28+00:00","og_image":[{"width":1000,"height":1000,"url":"https:\/\/nordiccab.com\/wp-content\/uploads\/2023\/09\/Pulk-Cargo_2.jpg","type":"image\/jpeg"}],"twitter_card":"summary_large_image","twitter_misc":{"Ansl. lesetid":"2 minutter"},"schema":{"@context":"https:\/\/schema.org","@graph":[{"@type":"WebPage","@id":"https:\/\/nordiccab.com\/no\/produkt\/cargo-varepulk-vare\/","url":"https:\/\/nordiccab.com\/no\/produkt\/cargo-varepulk-vare\/","name":"Nordic Cab - Cargo - Varepulk","isPartOf":{"@id":"https:\/\/nordiccab.com\/no\/#website"},"primaryImageOfPage":{"@id":"https:\/\/nordiccab.com\/no\/produkt\/cargo-varepulk-vare\/#primaryimage"},"image":{"@id":"https:\/\/nordiccab.com\/no\/produkt\/cargo-varepulk-vare\/#primaryimage"},"thumbnailUrl":"https:\/\/nordiccab.com\/wp-content\/uploads\/2023\/09\/Pulk-Cargo_2.jpg","datePublished":"2023-09-19T08:28:00+00:00","dateModified":"2025-08-12T12:24:28+00:00","description":"Kompakt varepulk med ski som b\u00e6rer og styrer godt uansett f\u00f8re. Tar liten plass under transport og f\u00e5r plass i bagasjerommet p\u00e5 alle biler.","breadcrumb":{"@id":"https:\/\/nordiccab.com\/no\/produkt\/cargo-varepulk-vare\/#breadcrumb"},"inLanguage":"nb-NO","potentialAction":[{"@type":"ReadAction","target":["https:\/\/nordiccab.com\/no\/produkt\/cargo-varepulk-vare\/"]}]},{"@type":"ImageObject","inLanguage":"nb-NO","@id":"https:\/\/nordiccab.com\/no\/produkt\/cargo-varepulk-vare\/#primaryimage","url":"https:\/\/nordiccab.com\/wp-content\/uploads\/2023\/09\/Pulk-Cargo_2.jpg","contentUrl":"https:\/\/nordiccab.com\/wp-content\/uploads\/2023\/09\/Pulk-Cargo_2.jpg","width":1000,"height":1000,"caption":"cargo ski sled. Nordic Cab Red"},{"@type":"BreadcrumbList","@id":"https:\/\/nordiccab.com\/no\/produkt\/cargo-varepulk-vare\/#breadcrumb","itemListElement":[{"@type":"ListItem","position":1,"name":"Home","item":"https:\/\/nordiccab.com\/no\/"},{"@type":"ListItem","position":2,"name":"Produkter","item":"https:\/\/nordiccab.com\/no\/butikk\/"},{"@type":"ListItem","position":3,"name":"Cargo &#8211; Varepulk"}]},{"@type":"WebSite","@id":"https:\/\/nordiccab.com\/no\/#website","url":"https:\/\/nordiccab.com\/no\/","name":"Nordic Cab","description":"Start Life Exploring","publisher":{"@id":"https:\/\/nordiccab.com\/no\/#organization"},"potentialAction":[{"@type":"SearchAction","target":{"@type":"EntryPoint","urlTemplate":"https:\/\/nordiccab.com\/no\/?s={search_term_string}"},"query-input":{"@type":"PropertyValueSpecification","valueRequired":true,"valueName":"search_term_string"}}],"inLanguage":"nb-NO"},{"@type":"Organization","@id":"https:\/\/nordiccab.com\/no\/#organization","name":"Nordic Cab Solutions AS","url":"https:\/\/nordiccab.com\/no\/","logo":{"@type":"ImageObject","inLanguage":"nb-NO","@id":"https:\/\/nordiccab.com\/no\/#\/schema\/logo\/image\/","url":"https:\/\/nordiccab.com\/wp-content\/uploads\/2022\/02\/NC-logo.svg","contentUrl":"https:\/\/nordiccab.com\/wp-content\/uploads\/2022\/02\/NC-logo.svg","width":1,"height":1,"caption":"Nordic Cab Solutions AS"},"image":{"@id":"https:\/\/nordiccab.com\/no\/#\/schema\/logo\/image\/"},"sameAs":["https:\/\/www.facebook.com\/nordiccab"]}]}},"_links":{"self":[{"href":"https:\/\/nordiccab.com\/no\/wp-json\/wp\/v2\/product\/16256","targetHints":{"allow":["GET"]}}],"collection":[{"href":"https:\/\/nordiccab.com\/no\/wp-json\/wp\/v2\/product"}],"about":[{"href":"https:\/\/nordiccab.com\/no\/wp-json\/wp\/v2\/types\/product"}],"wp:featuredmedia":[{"embeddable":true,"href":"https:\/\/nordiccab.com\/no\/wp-json\/wp\/v2\/media\/19202"}],"wp:attachment":[{"href":"https:\/\/nordiccab.com\/no\/wp-json\/wp\/v2\/media?parent=16256"}],"wp:term":[{"taxonomy":"product_brand","embeddable":true,"href":"https:\/\/nordiccab.com\/no\/wp-json\/wp\/v2\/product_brand?post=16256"},{"taxonomy":"product_cat","embeddable":true,"href":"https:\/\/nordiccab.com\/no\/wp-json\/wp\/v2\/product_cat?post=16256"},{"taxonomy":"product_tag","embeddable":true,"href":"https:\/\/nordiccab.com\/no\/wp-json\/wp\/v2\/product_tag?post=16256"}],"curies":[{"name":"wp","href":"https:\/\/api.w.org\/{rel}","templated":true}]}}