{"id":16178,"date":"2024-01-17T15:02:08","date_gmt":"2024-01-16T09:07:11","guid":{"rendered":"https:\/\/nordiccab.com\/?post_type=product&#038;p=16178"},"modified":"2024-08-29T13:04:19","modified_gmt":"2024-08-29T11:04:19","slug":"bundle-explorer-6-i-1-pulk-og-sykkelvogn-2024-modell-solid-red-ullunderlag-twin-handmuffer","status":"publish","type":"product","link":"https:\/\/nordiccab.com\/no\/produkt\/bundle-explorer-6-i-1-pulk-og-sykkelvogn-2024-modell-solid-red-ullunderlag-twin-handmuffer\/","title":{"rendered":"Pakketilbud &#8211; Explorer 6-i-1 pulk og sykkelvogn (Solid Red)"},"content":{"rendered":"\n<h2 class=\"wp-block-heading has-large-font-size\" id=\"h-ut-pa-tur-aret-rundt-med-nordic-cab-explorer-6-i-1-skivogn-denne-allsidige-sykkelvognen-og-barnepulken-er-den-perfekte-folgesvennen-for-aktive-familier-designet-i-norge-for-a-mote-norske-forhold-tilbyr-den-komfort-sikkerhet-og-praktisk-funksjonalitet-for-eventyrlystne-familier\">Ut p\u00e5 tur \u00e5ret rundt med Nordic Cab Explorer 6-i-1 Skivogn! Denne allsidige sykkelvognen og barnepulken er den perfekte f\u00f8lgesvennen for aktive familier. Designet i Norge for \u00e5 m\u00f8te norske forhold, tilbyr den komfort, sikkerhet og praktisk funksjonalitet for eventyrlystne familier.<\/h2>\n\n\n\n<figure class=\"wp-block-embed is-type-video is-provider-youtube wp-block-embed-youtube wp-embed-aspect-16-9 wp-has-aspect-ratio\"><div class=\"wp-block-embed__wrapper\">\n<iframe loading=\"lazy\" title=\"Nordic Cab Explorer Multicab\" width=\"500\" height=\"281\" src=\"https:\/\/www.youtube.com\/embed\/rjDa6PhlyEs?feature=oembed\" frameborder=\"0\" allow=\"accelerometer; autoplay; clipboard-write; encrypted-media; gyroscope; picture-in-picture; web-share\" referrerpolicy=\"strict-origin-when-cross-origin\" allowfullscreen><\/iframe>\n<\/div><figcaption class=\"wp-element-caption\">Inspirasjon<\/figcaption><\/figure>\n\n\n\n<p>Explorer skivogn gir barnet ditt muligheten til \u00e5 utforske, hvile og til og med sove takket v\u00e6re det justerbare setet som tilpasses barnets behov. Med sin robuste plastbase gir den ekstra beskyttelse og isolasjon for kalde dager, og muligheten til \u00e5 konvertere til ett midtstilt sete gj\u00f8r den fleksibel for \u00e9n eller to barn.<\/p>\n\n\n\n<p>Med en romslig lagringsplass p\u00e5 rundt 94 liter har Explorer plass til alt det n\u00f8dvendige utstyret. Den leveres med et omfattende utvalg av funksjoner, inkludert sikkerhetssele, myggnett, UV-beskyttelse, LED-lys og reflekterende materialer for optimal synlighet.<\/p>\n\n\n\n<p>Nordic Cab tilbyr trygghet med hele <a href=\"https:\/\/nordiccab.com\/no\/50-day-satisfaction-guarantee\/\">50 dagers \u00e5pent kj\u00f8p<\/a>, slik at du kan utforske og oppleve Explorer uten bekymringer.<\/p>\n\n\n\n<h3 class=\"wp-block-heading has-large-font-size\" id=\"h-hva-inneholder-explorer-6i1-barnepulk-og-sykkelvogn\"><strong>Hva inneholder Explorer 6i1 barnepulk og sykkelvogn?<\/strong><\/h3>\n\n\n\n<p>Denne pakken inneholder alt du trenger for \u00e5 kunne benytte den som sykkelvogn, barnepulk, barnevogn, jogger, turvogn, varevogn og varepulk. Se bilde under fanen \u00abSpesifikasjoner\u00bb<\/p>\n\n\n\n<p>V\u00e5r visjon er \u00e5 gj\u00f8re din og familiens hverdag enkel og g\u00f8y, samtidig som barna sitter trygt og komfortabelt fra A til B!<\/p>\n\n\n\n<h3 class=\"wp-block-heading has-large-font-size\" id=\"h-vi-er-her-for-a-hjelpe\"><strong>Vi er her for \u00e5 hjelpe<\/strong><\/h3>\n\n\n\n<p>Finner du ikke informasjonen du leter etter, er du usikker, eller orker du bare ikke \u00e5 lete? Ring oss p\u00e5<strong> 4000 6191<\/strong>, s\u00e5 vil du snakke direkte med en av skaperne av Nordic Cab.<\/p>\n\n\n\n<p>For en mer omfattende gjennomgang av Nordic Cab, inviterer vi deg til en personlig live demonstrasjon. Opplev produktet v\u00e5rt p\u00e5 n\u00e6rt hold, interager direkte med oss, og f\u00e5 svar p\u00e5 alt du m\u00e5tte lure p\u00e5. Book din <strong>live demo<\/strong> <a href=\"https:\/\/nordiccab.com\/no\/live-booking\/\"><strong>her<\/strong><\/a>.<\/p>\n\n\n\n<div class=\"wp-block-columns is-layout-flex wp-container-core-columns-is-layout-9d6595d7 wp-block-columns-is-layout-flex\">\n<div class=\"wp-block-column is-layout-flow wp-block-column-is-layout-flow\">\n<figure class=\"wp-block-embed is-type-video is-provider-youtube wp-block-embed-youtube wp-embed-aspect-16-9 wp-has-aspect-ratio\"><div class=\"wp-block-embed__wrapper\">\n<iframe loading=\"lazy\" title=\"Nordic Cab Explorer Multicab\" width=\"500\" height=\"281\" src=\"https:\/\/www.youtube.com\/embed\/rjDa6PhlyEs?feature=oembed\" frameborder=\"0\" allow=\"accelerometer; autoplay; clipboard-write; encrypted-media; gyroscope; picture-in-picture; web-share\" referrerpolicy=\"strict-origin-when-cross-origin\" allowfullscreen><\/iframe>\n<\/div><figcaption class=\"wp-element-caption\">Inspirasjon<\/figcaption><\/figure>\n<\/div>\n\n\n\n<div class=\"wp-block-column is-layout-flow wp-block-column-is-layout-flow\">\n<figure class=\"wp-block-embed is-type-video is-provider-youtube wp-block-embed-youtube wp-embed-aspect-16-9 wp-has-aspect-ratio\"><div class=\"wp-block-embed__wrapper\">\n<iframe loading=\"lazy\" title=\"Details Nordic Cab Explorer\" width=\"500\" height=\"281\" src=\"https:\/\/www.youtube.com\/embed\/a4p_K1h59k8?feature=oembed\" frameborder=\"0\" allow=\"accelerometer; autoplay; clipboard-write; encrypted-media; gyroscope; picture-in-picture; web-share\" referrerpolicy=\"strict-origin-when-cross-origin\" allowfullscreen><\/iframe>\n<\/div><figcaption class=\"wp-element-caption\">Finesser og funksjoner<\/figcaption><\/figure>\n<\/div>\n\n\n\n<div class=\"wp-block-column is-layout-flow wp-block-column-is-layout-flow\">\n<figure class=\"wp-block-embed is-type-video is-provider-youtube wp-block-embed-youtube wp-embed-aspect-16-9 wp-has-aspect-ratio\"><div class=\"wp-block-embed__wrapper\">\n<iframe loading=\"lazy\" title=\"Explorer 6i1 Manual\" width=\"500\" height=\"281\" src=\"https:\/\/www.youtube.com\/embed\/8pN0B-opQt8?feature=oembed\" frameborder=\"0\" allow=\"accelerometer; autoplay; clipboard-write; encrypted-media; gyroscope; picture-in-picture; web-share\" referrerpolicy=\"strict-origin-when-cross-origin\" allowfullscreen><\/iframe>\n<\/div><figcaption class=\"wp-element-caption\">Monteringsanvisning<\/figcaption><\/figure>\n<\/div>\n<\/div>\n\n\n\n<h3 class=\"wp-block-heading\" id=\"h-tester\"><strong>Tester<\/strong><\/h3>\n\n\n\n<p>Du trenger ikke ta v\u00e5rt ord for at dette er en fantastisk barnepulk. Nordic Cab Eksplorer vant Dagbladets og Skiforeningens test av barnepulk mot Fjellpulken. Dette er den siste testen av barnepulk som er gjennomf\u00f8rt. Dagens oppgraderte Explorer 2024 baserer seg p\u00e5 den samme pulken som ble testet, men med en rekke forbedringer spesielt for barnets komfort.<\/p>\n\n\n\n<div class=\"wp-block-columns is-layout-flex wp-container-core-columns-is-layout-9d6595d7 wp-block-columns-is-layout-flex\">\n<div class=\"wp-block-column is-layout-flow wp-block-column-is-layout-flow\"><div class=\"wp-block-image\">\n<figure class=\"aligncenter size-large is-resized\"><img loading=\"lazy\" decoding=\"async\" width=\"1024\" height=\"1024\" src=\"https:\/\/nordiccab.com\/wp-content\/uploads\/2021\/06\/TestWinner-1024x1024.png\" alt=\"\" class=\"wp-image-1027\" style=\"width:255px\" srcset=\"https:\/\/nordiccab.com\/wp-content\/uploads\/2021\/06\/TestWinner-1024x1024.png 1024w, https:\/\/nordiccab.com\/wp-content\/uploads\/2021\/06\/TestWinner-300x300.png 300w, https:\/\/nordiccab.com\/wp-content\/uploads\/2021\/06\/TestWinner-150x150.png 150w, https:\/\/nordiccab.com\/wp-content\/uploads\/2021\/06\/TestWinner-768x768.png 768w, https:\/\/nordiccab.com\/wp-content\/uploads\/2021\/06\/TestWinner-1536x1536.png 1536w, https:\/\/nordiccab.com\/wp-content\/uploads\/2021\/06\/TestWinner-75x75.png 75w, https:\/\/nordiccab.com\/wp-content\/uploads\/2021\/06\/TestWinner-600x600.png 600w, https:\/\/nordiccab.com\/wp-content\/uploads\/2021\/06\/TestWinner-1080x1080.png 1080w, https:\/\/nordiccab.com\/wp-content\/uploads\/2021\/06\/TestWinner-180x180.png 180w, https:\/\/nordiccab.com\/wp-content\/uploads\/2021\/06\/TestWinner.png 1826w\" sizes=\"auto, (max-width: 1024px) 100vw, 1024px\" \/><\/figure><\/div><\/div>\n\n\n\n<div class=\"wp-block-column is-layout-flow wp-block-column-is-layout-flow\"><\/div>\n\n\n\n<div class=\"wp-block-column is-layout-flow wp-block-column-is-layout-flow\"><\/div>\n<\/div>\n","protected":false},"excerpt":{"rendered":"<p>Ut p\u00e5 tur \u00e5ret rundt med Nordic Cab Explorer 6-i-1 Skivogn! Denne allsidige sykkelvognen og barnepulken er den perfekte f\u00f8lgesvennen for aktive familier. Designet i Norge for \u00e5 m\u00f8te norske forhold, tilbyr den komfort, sikkerhet og praktisk funksjonalitet for eventyrlystne familier. Explorer skivogn gir barnet ditt muligheten til \u00e5 utforske, hvile og til og med [&hellip;]<\/p>\n","protected":false},"featured_media":16173,"template":"","meta":{"_genesis_hide_title":false,"_genesis_hide_breadcrumbs":false,"_genesis_hide_singular_image":false,"_genesis_hide_footer_widgets":false,"_genesis_custom_body_class":"","_genesis_custom_post_class":"","_genesis_layout":""},"product_brand":[],"product_cat":[89],"product_tag":[],"class_list":{"0":"post-16178","1":"product","2":"type-product","3":"status-publish","4":"has-post-thumbnail","6":"product_cat-ukategorisert-no","7":"entry","9":"first","10":"onbackorder","11":"sale","12":"taxable","13":"shipping-taxable","14":"purchasable","15":"product-type-bundle"},"bundled_by":[],"bundle_stock_status":"insufficientstock","bundle_stock_quantity":0,"bundle_virtual":false,"bundle_layout":"default","bundle_add_to_cart_form_location":"default","bundle_editable_in_cart":false,"bundle_sold_individually_context":"product","bundle_item_grouping":"parent","bundle_min_size":"","bundle_max_size":"","bundle_price":{"price":{"min":{"incl_tax":"1568","excl_tax":"1254.4"},"max":{"incl_tax":"1568","excl_tax":"1254.4"}},"regular_price":{"min":{"incl_tax":"1598","excl_tax":"1278.4"},"max":{"incl_tax":"1598","excl_tax":"1278.4"}}},"bundled_items":[{"bundled_item_id":701,"product_id":14956,"menu_order":0,"quantity_min":1,"quantity_max":1,"quantity_default":1,"priced_individually":false,"shipped_individually":false,"override_title":false,"title":"Explorer 6-i-1 pulk og sykkelvogn (Solid Red)","override_description":true,"description":"","optional":false,"hide_thumbnail":false,"discount":"","override_variations":false,"allowed_variations":[""],"override_default_variation_attributes":false,"default_variation_attributes":[],"single_product_visibility":"visible","cart_visibility":"visible","order_visibility":"visible","single_product_price_visibility":"visible","cart_price_visibility":"visible","order_price_visibility":"visible","stock_status":"in_stock"},{"bundled_item_id":702,"product_id":13286,"menu_order":1,"quantity_min":1,"quantity_max":1,"quantity_default":1,"priced_individually":false,"shipped_individually":false,"override_title":false,"title":"Nordic Cab ullunderlag twin","override_description":true,"description":"","optional":false,"hide_thumbnail":false,"discount":"","override_variations":false,"allowed_variations":[""],"override_default_variation_attributes":false,"default_variation_attributes":[],"single_product_visibility":"visible","cart_visibility":"visible","order_visibility":"visible","single_product_price_visibility":"visible","cart_price_visibility":"visible","order_price_visibility":"visible","stock_status":"out_of_stock"},{"bundled_item_id":703,"product_id":8674,"menu_order":2,"quantity_min":1,"quantity_max":1,"quantity_default":1,"priced_individually":false,"shipped_individually":false,"override_title":false,"title":"Nordic Cab H\u00e5ndmuffer","override_description":true,"description":"","optional":false,"hide_thumbnail":false,"discount":"","override_variations":false,"allowed_variations":[""],"override_default_variation_attributes":false,"default_variation_attributes":[],"single_product_visibility":"visible","cart_visibility":"visible","order_visibility":"visible","single_product_price_visibility":"visible","cart_price_visibility":"visible","order_price_visibility":"visible","stock_status":"on_backorder"}],"bundle_sell_ids":[],"yoast_head":"<!-- This site is optimized with the Yoast SEO Premium plugin v26.0 (Yoast SEO v26.0) - https:\/\/yoast.com\/wordpress\/plugins\/seo\/ -->\n<title>Skivogn Pakketilbud - Explorer 6-i-1 - Nordic Cab<\/title>\n<meta name=\"description\" content=\"Utforsk Nordic Cab Explorer 6-i-1 Pakketilbud, en allsidig skivogn med flere funksjoner. Perfekt for aktive familier. Book en live demo n\u00e5!\" \/>\n<meta name=\"robots\" content=\"index, follow, max-snippet:-1, max-image-preview:large, max-video-preview:-1\" \/>\n<link rel=\"canonical\" href=\"https:\/\/nordiccab.com\/no\/produkt\/bundle-explorer-6-i-1-pulk-og-sykkelvogn-2024-modell-solid-red-ullunderlag-twin-handmuffer\/\" \/>\n<meta property=\"og:locale\" content=\"nb_NO\" \/>\n<meta property=\"og:type\" content=\"article\" \/>\n<meta property=\"og:title\" content=\"Pakketilbud - Explorer 6-i-1 pulk og sykkelvogn (Solid Red)\" \/>\n<meta property=\"og:description\" content=\"Utforsk Nordic Cab Explorer 6-i-1 Pakketilbud, en allsidig skivogn med flere funksjoner. Perfekt for aktive familier. Book en live demo n\u00e5!\" \/>\n<meta property=\"og:url\" content=\"https:\/\/nordiccab.com\/no\/produkt\/bundle-explorer-6-i-1-pulk-og-sykkelvogn-2024-modell-solid-red-ullunderlag-twin-handmuffer\/\" \/>\n<meta property=\"og:site_name\" content=\"Nordic Cab\" \/>\n<meta property=\"article:publisher\" content=\"https:\/\/www.facebook.com\/nordiccab\" \/>\n<meta property=\"article:modified_time\" content=\"2024-08-29T11:04:19+00:00\" \/>\n<meta property=\"og:image\" content=\"https:\/\/nordiccab.com\/wp-content\/uploads\/2024\/01\/Explorer-\u2013-Pulk-and-Bike-Trailer-6in1-Solid-Red-Wool-Liner-Twin-Hand-Muffs.jpg\" \/>\n\t<meta property=\"og:image:width\" content=\"1000\" \/>\n\t<meta property=\"og:image:height\" content=\"1000\" \/>\n\t<meta property=\"og:image:type\" content=\"image\/jpeg\" \/>\n<meta name=\"twitter:card\" content=\"summary_large_image\" \/>\n<meta name=\"twitter:label1\" content=\"Ansl. lesetid\" \/>\n\t<meta name=\"twitter:data1\" content=\"2 minutter\" \/>\n<script type=\"application\/ld+json\" class=\"yoast-schema-graph\">{\"@context\":\"https:\/\/schema.org\",\"@graph\":[{\"@type\":\"WebPage\",\"@id\":\"https:\/\/nordiccab.com\/no\/produkt\/bundle-explorer-6-i-1-pulk-og-sykkelvogn-2024-modell-solid-red-ullunderlag-twin-handmuffer\/\",\"url\":\"https:\/\/nordiccab.com\/no\/produkt\/bundle-explorer-6-i-1-pulk-og-sykkelvogn-2024-modell-solid-red-ullunderlag-twin-handmuffer\/\",\"name\":\"Skivogn Pakketilbud - Explorer 6-i-1 - Nordic Cab\",\"isPartOf\":{\"@id\":\"https:\/\/nordiccab.com\/no\/#website\"},\"primaryImageOfPage\":{\"@id\":\"https:\/\/nordiccab.com\/no\/produkt\/bundle-explorer-6-i-1-pulk-og-sykkelvogn-2024-modell-solid-red-ullunderlag-twin-handmuffer\/#primaryimage\"},\"image\":{\"@id\":\"https:\/\/nordiccab.com\/no\/produkt\/bundle-explorer-6-i-1-pulk-og-sykkelvogn-2024-modell-solid-red-ullunderlag-twin-handmuffer\/#primaryimage\"},\"thumbnailUrl\":\"https:\/\/nordiccab.com\/wp-content\/uploads\/2024\/01\/Explorer-\u2013-Pulk-and-Bike-Trailer-6in1-Solid-Red-Wool-Liner-Twin-Hand-Muffs.jpg\",\"datePublished\":\"2024-01-16T09:07:11+00:00\",\"dateModified\":\"2024-08-29T11:04:19+00:00\",\"description\":\"Utforsk Nordic Cab Explorer 6-i-1 Pakketilbud, en allsidig skivogn med flere funksjoner. Perfekt for aktive familier. Book en live demo n\u00e5!\",\"breadcrumb\":{\"@id\":\"https:\/\/nordiccab.com\/no\/produkt\/bundle-explorer-6-i-1-pulk-og-sykkelvogn-2024-modell-solid-red-ullunderlag-twin-handmuffer\/#breadcrumb\"},\"inLanguage\":\"nb-NO\",\"potentialAction\":[{\"@type\":\"ReadAction\",\"target\":[\"https:\/\/nordiccab.com\/no\/produkt\/bundle-explorer-6-i-1-pulk-og-sykkelvogn-2024-modell-solid-red-ullunderlag-twin-handmuffer\/\"]}]},{\"@type\":\"ImageObject\",\"inLanguage\":\"nb-NO\",\"@id\":\"https:\/\/nordiccab.com\/no\/produkt\/bundle-explorer-6-i-1-pulk-og-sykkelvogn-2024-modell-solid-red-ullunderlag-twin-handmuffer\/#primaryimage\",\"url\":\"https:\/\/nordiccab.com\/wp-content\/uploads\/2024\/01\/Explorer-\u2013-Pulk-and-Bike-Trailer-6in1-Solid-Red-Wool-Liner-Twin-Hand-Muffs.jpg\",\"contentUrl\":\"https:\/\/nordiccab.com\/wp-content\/uploads\/2024\/01\/Explorer-\u2013-Pulk-and-Bike-Trailer-6in1-Solid-Red-Wool-Liner-Twin-Hand-Muffs.jpg\",\"width\":1000,\"height\":1000,\"caption\":\"Tilbud r\u00f8d skivogn Nordic Cab pulk\"},{\"@type\":\"BreadcrumbList\",\"@id\":\"https:\/\/nordiccab.com\/no\/produkt\/bundle-explorer-6-i-1-pulk-og-sykkelvogn-2024-modell-solid-red-ullunderlag-twin-handmuffer\/#breadcrumb\",\"itemListElement\":[{\"@type\":\"ListItem\",\"position\":1,\"name\":\"Home\",\"item\":\"https:\/\/nordiccab.com\/no\/\"},{\"@type\":\"ListItem\",\"position\":2,\"name\":\"Produkter\",\"item\":\"https:\/\/nordiccab.com\/no\/butikk\/\"},{\"@type\":\"ListItem\",\"position\":3,\"name\":\"Pakketilbud &#8211; Explorer 6-i-1 pulk og sykkelvogn (Solid Red)\"}]},{\"@type\":\"WebSite\",\"@id\":\"https:\/\/nordiccab.com\/no\/#website\",\"url\":\"https:\/\/nordiccab.com\/no\/\",\"name\":\"Nordic Cab\",\"description\":\"Start Life Exploring\",\"publisher\":{\"@id\":\"https:\/\/nordiccab.com\/no\/#organization\"},\"potentialAction\":[{\"@type\":\"SearchAction\",\"target\":{\"@type\":\"EntryPoint\",\"urlTemplate\":\"https:\/\/nordiccab.com\/no\/?s={search_term_string}\"},\"query-input\":{\"@type\":\"PropertyValueSpecification\",\"valueRequired\":true,\"valueName\":\"search_term_string\"}}],\"inLanguage\":\"nb-NO\"},{\"@type\":\"Organization\",\"@id\":\"https:\/\/nordiccab.com\/no\/#organization\",\"name\":\"Nordic Cab Solutions AS\",\"url\":\"https:\/\/nordiccab.com\/no\/\",\"logo\":{\"@type\":\"ImageObject\",\"inLanguage\":\"nb-NO\",\"@id\":\"https:\/\/nordiccab.com\/no\/#\/schema\/logo\/image\/\",\"url\":\"https:\/\/nordiccab.com\/wp-content\/uploads\/2022\/02\/NC-logo.svg\",\"contentUrl\":\"https:\/\/nordiccab.com\/wp-content\/uploads\/2022\/02\/NC-logo.svg\",\"width\":1,\"height\":1,\"caption\":\"Nordic Cab Solutions AS\"},\"image\":{\"@id\":\"https:\/\/nordiccab.com\/no\/#\/schema\/logo\/image\/\"},\"sameAs\":[\"https:\/\/www.facebook.com\/nordiccab\"]}]}<\/script>\n<!-- \/ Yoast SEO Premium plugin. -->","yoast_head_json":{"title":"Skivogn Pakketilbud - Explorer 6-i-1 - Nordic Cab","description":"Utforsk Nordic Cab Explorer 6-i-1 Pakketilbud, en allsidig skivogn med flere funksjoner. Perfekt for aktive familier. Book en live demo n\u00e5!","robots":{"index":"index","follow":"follow","max-snippet":"max-snippet:-1","max-image-preview":"max-image-preview:large","max-video-preview":"max-video-preview:-1"},"canonical":"https:\/\/nordiccab.com\/no\/produkt\/bundle-explorer-6-i-1-pulk-og-sykkelvogn-2024-modell-solid-red-ullunderlag-twin-handmuffer\/","og_locale":"nb_NO","og_type":"article","og_title":"Pakketilbud - Explorer 6-i-1 pulk og sykkelvogn (Solid Red)","og_description":"Utforsk Nordic Cab Explorer 6-i-1 Pakketilbud, en allsidig skivogn med flere funksjoner. Perfekt for aktive familier. Book en live demo n\u00e5!","og_url":"https:\/\/nordiccab.com\/no\/produkt\/bundle-explorer-6-i-1-pulk-og-sykkelvogn-2024-modell-solid-red-ullunderlag-twin-handmuffer\/","og_site_name":"Nordic Cab","article_publisher":"https:\/\/www.facebook.com\/nordiccab","article_modified_time":"2024-08-29T11:04:19+00:00","og_image":[{"width":1000,"height":1000,"url":"https:\/\/nordiccab.com\/wp-content\/uploads\/2024\/01\/Explorer-\u2013-Pulk-and-Bike-Trailer-6in1-Solid-Red-Wool-Liner-Twin-Hand-Muffs.jpg","type":"image\/jpeg"}],"twitter_card":"summary_large_image","twitter_misc":{"Ansl. lesetid":"2 minutter"},"schema":{"@context":"https:\/\/schema.org","@graph":[{"@type":"WebPage","@id":"https:\/\/nordiccab.com\/no\/produkt\/bundle-explorer-6-i-1-pulk-og-sykkelvogn-2024-modell-solid-red-ullunderlag-twin-handmuffer\/","url":"https:\/\/nordiccab.com\/no\/produkt\/bundle-explorer-6-i-1-pulk-og-sykkelvogn-2024-modell-solid-red-ullunderlag-twin-handmuffer\/","name":"Skivogn Pakketilbud - Explorer 6-i-1 - Nordic Cab","isPartOf":{"@id":"https:\/\/nordiccab.com\/no\/#website"},"primaryImageOfPage":{"@id":"https:\/\/nordiccab.com\/no\/produkt\/bundle-explorer-6-i-1-pulk-og-sykkelvogn-2024-modell-solid-red-ullunderlag-twin-handmuffer\/#primaryimage"},"image":{"@id":"https:\/\/nordiccab.com\/no\/produkt\/bundle-explorer-6-i-1-pulk-og-sykkelvogn-2024-modell-solid-red-ullunderlag-twin-handmuffer\/#primaryimage"},"thumbnailUrl":"https:\/\/nordiccab.com\/wp-content\/uploads\/2024\/01\/Explorer-\u2013-Pulk-and-Bike-Trailer-6in1-Solid-Red-Wool-Liner-Twin-Hand-Muffs.jpg","datePublished":"2024-01-16T09:07:11+00:00","dateModified":"2024-08-29T11:04:19+00:00","description":"Utforsk Nordic Cab Explorer 6-i-1 Pakketilbud, en allsidig skivogn med flere funksjoner. Perfekt for aktive familier. Book en live demo n\u00e5!","breadcrumb":{"@id":"https:\/\/nordiccab.com\/no\/produkt\/bundle-explorer-6-i-1-pulk-og-sykkelvogn-2024-modell-solid-red-ullunderlag-twin-handmuffer\/#breadcrumb"},"inLanguage":"nb-NO","potentialAction":[{"@type":"ReadAction","target":["https:\/\/nordiccab.com\/no\/produkt\/bundle-explorer-6-i-1-pulk-og-sykkelvogn-2024-modell-solid-red-ullunderlag-twin-handmuffer\/"]}]},{"@type":"ImageObject","inLanguage":"nb-NO","@id":"https:\/\/nordiccab.com\/no\/produkt\/bundle-explorer-6-i-1-pulk-og-sykkelvogn-2024-modell-solid-red-ullunderlag-twin-handmuffer\/#primaryimage","url":"https:\/\/nordiccab.com\/wp-content\/uploads\/2024\/01\/Explorer-\u2013-Pulk-and-Bike-Trailer-6in1-Solid-Red-Wool-Liner-Twin-Hand-Muffs.jpg","contentUrl":"https:\/\/nordiccab.com\/wp-content\/uploads\/2024\/01\/Explorer-\u2013-Pulk-and-Bike-Trailer-6in1-Solid-Red-Wool-Liner-Twin-Hand-Muffs.jpg","width":1000,"height":1000,"caption":"Tilbud r\u00f8d skivogn Nordic Cab pulk"},{"@type":"BreadcrumbList","@id":"https:\/\/nordiccab.com\/no\/produkt\/bundle-explorer-6-i-1-pulk-og-sykkelvogn-2024-modell-solid-red-ullunderlag-twin-handmuffer\/#breadcrumb","itemListElement":[{"@type":"ListItem","position":1,"name":"Home","item":"https:\/\/nordiccab.com\/no\/"},{"@type":"ListItem","position":2,"name":"Produkter","item":"https:\/\/nordiccab.com\/no\/butikk\/"},{"@type":"ListItem","position":3,"name":"Pakketilbud &#8211; Explorer 6-i-1 pulk og sykkelvogn (Solid Red)"}]},{"@type":"WebSite","@id":"https:\/\/nordiccab.com\/no\/#website","url":"https:\/\/nordiccab.com\/no\/","name":"Nordic Cab","description":"Start Life Exploring","publisher":{"@id":"https:\/\/nordiccab.com\/no\/#organization"},"potentialAction":[{"@type":"SearchAction","target":{"@type":"EntryPoint","urlTemplate":"https:\/\/nordiccab.com\/no\/?s={search_term_string}"},"query-input":{"@type":"PropertyValueSpecification","valueRequired":true,"valueName":"search_term_string"}}],"inLanguage":"nb-NO"},{"@type":"Organization","@id":"https:\/\/nordiccab.com\/no\/#organization","name":"Nordic Cab Solutions AS","url":"https:\/\/nordiccab.com\/no\/","logo":{"@type":"ImageObject","inLanguage":"nb-NO","@id":"https:\/\/nordiccab.com\/no\/#\/schema\/logo\/image\/","url":"https:\/\/nordiccab.com\/wp-content\/uploads\/2022\/02\/NC-logo.svg","contentUrl":"https:\/\/nordiccab.com\/wp-content\/uploads\/2022\/02\/NC-logo.svg","width":1,"height":1,"caption":"Nordic Cab Solutions AS"},"image":{"@id":"https:\/\/nordiccab.com\/no\/#\/schema\/logo\/image\/"},"sameAs":["https:\/\/www.facebook.com\/nordiccab"]}]}},"_links":{"self":[{"href":"https:\/\/nordiccab.com\/no\/wp-json\/wp\/v2\/product\/16178","targetHints":{"allow":["GET"]}}],"collection":[{"href":"https:\/\/nordiccab.com\/no\/wp-json\/wp\/v2\/product"}],"about":[{"href":"https:\/\/nordiccab.com\/no\/wp-json\/wp\/v2\/types\/product"}],"wp:featuredmedia":[{"embeddable":true,"href":"https:\/\/nordiccab.com\/no\/wp-json\/wp\/v2\/media\/16173"}],"wp:attachment":[{"href":"https:\/\/nordiccab.com\/no\/wp-json\/wp\/v2\/media?parent=16178"}],"wp:term":[{"taxonomy":"product_brand","embeddable":true,"href":"https:\/\/nordiccab.com\/no\/wp-json\/wp\/v2\/product_brand?post=16178"},{"taxonomy":"product_cat","embeddable":true,"href":"https:\/\/nordiccab.com\/no\/wp-json\/wp\/v2\/product_cat?post=16178"},{"taxonomy":"product_tag","embeddable":true,"href":"https:\/\/nordiccab.com\/no\/wp-json\/wp\/v2\/product_tag?post=16178"}],"curies":[{"name":"wp","href":"https:\/\/api.w.org\/{rel}","templated":true}]}}