{"id":1590,"date":"2024-10-01T09:15:00","date_gmt":"2024-08-30T07:15:00","guid":{"rendered":"https:\/\/nordiccab.com\/?post_type=product&#038;p=1590"},"modified":"2025-10-25T21:40:31","modified_gmt":"2025-10-25T19:40:31","slug":"sykkelfeste-for-sykkelvogn","status":"publish","type":"product","link":"https:\/\/nordiccab.com\/no\/produkt\/sykkelfeste-for-sykkelvogn\/","title":{"rendered":"Nordic Cab &#8211; Sykkelfeste for Sykkelvogn"},"content":{"rendered":"\n<h2 class=\"wp-block-heading has-large-font-size\" id=\"h-sykkelfeste-for-sykkelvogn-praktisk-og-fleksibelt\">Sykkelfeste for Sykkelvogn \u2013 Praktisk og Fleksibelt<\/h2>\n\n\n\n<p>Dette sykkelfestet gj\u00f8r det enkelt \u00e5 feste Nordic Cab sykkelvognen til flere sykler i familien. Hvis b\u00e5de foreldre, besteforeldre eller andre familiemedlemmer skal kunne hente og levere i barnehagen med sykkelvogn, kan et ekstra feste p\u00e5 flere sykler v\u00e6re praktisk. Festet er enkelt \u00e5 montere og st\u00e5r ikke i veien n\u00e5r det ikke er i bruk.<\/p>\n\n\n\n<p><strong>Solid konstruksjon:<\/strong> Festet er laget av herdet rustfritt st\u00e5l, noe som sikrer god holdbarhet. Materialet t\u00e5ler daglig bruk og beskytter mot rust og slitasje.<\/p>\n\n\n\n<p><strong>Rask tilkobling:<\/strong> N\u00e5r festet er p\u00e5 plass, kan sykkelvognen festes til og fra sykkelen p\u00e5 f\u00e5 sekunder. Festet er lite og kompakt, slik at det ikke er i veien p\u00e5 sykkelen n\u00e5r sykkelvognen ikke er tilkoblet.<\/p>\n\n\n\n<p>Dette festet f\u00f8lger med som standard n\u00e5r du kj\u00f8per en Nordic Cab sykkelvogn, men ekstra fester kan kj\u00f8pes separat for \u00e5 \u00f8ke fleksibiliteten.<\/p>\n\n\n\n<h3 class=\"wp-block-heading has-normal-font-size\" id=\"h-gjenbruk-og-langvarig-kvalitet-reservedeler-til-nordic-cab\">Gjenbruk og langvarig kvalitet: Reservedeler til Nordic Cab<\/h3>\n\n\n\n<p>Nyttige lenker:<\/p>\n\n\n\n<ul class=\"wp-block-list\">\n<li><a href=\"https:\/\/nordiccab.com\/no\/kjope-brukt\/\" target=\"_blank\" rel=\"noreferrer noopener\">Hviklen \u00e5rsmodell\/ modell har jeg?<\/a><\/li>\n\n\n\n<li><a href=\"https:\/\/nordiccab.com\/no\/kjope-brukt\/\" target=\"_blank\" rel=\"noreferrer noopener\">Kj\u00f8pe brukt Nordic Cab<\/a><\/li>\n\n\n\n<li><a href=\"https:\/\/blog.nordiccab.com\/inspirasjon\/2024\/klargjoring-av-sykkelvogn-for-sykkelsesongen-en-komplett-vedlikeholdsguide\/\" target=\"_blank\" rel=\"noreferrer noopener\">Vedlikeholdsguide<\/a><\/li>\n\n\n\n<li><a href=\"https:\/\/nordiccab.com\/no\/produktkategori\/reservedeler-nordic-cab-sykkelvogn-pulk\/\" target=\"_blank\" rel=\"noreferrer noopener\">Reservedeler<\/a><\/li>\n<\/ul>\n\n\n\n<p>Nordic Cab er dedikert til \u00e5 levere kvalitetsprodukter som varer og er enkle \u00e5 vedlikeholde. V\u00e5re produkter, enten de brukes som sykkelvogn eller barnepulk, er bygget for lang levetid. Med enkel tilgang til reservedeler blir det praktisk og kostnadseffektivt \u00e5 erstatte slitedeler og holde produktet i topp stand over tid.<\/p>\n\n\n\n<p>Vi tilbyr reservedeler til nesten alle deler av v\u00e5re produkter, noe som gj\u00f8r vedlikehold enkelt. V\u00e5r tiln\u00e6rming til gjenbruk st\u00f8tter ogs\u00e5 produktenes h\u00f8ye bruks- og salgsverdi, og vi sikrer tilgjengeligheten av deler i minst 10 \u00e5r etter produksjonsdato.<\/p>\n\n\n\n<p>Utforsk v\u00e5rt reservedelsutvalg, enten du trenger hjul, seter, trekk eller annet tilbeh\u00f8r. Hvis du er usikker p\u00e5 hva du trenger, send oss en e-post p\u00e5 info@ncsolutions.no med et bilde av delen du s\u00f8ker.<\/p>\n","protected":false},"excerpt":{"rendered":"<ul>\n<li>Ett sykkelfeste f\u00f8lger alltid med ved kj\u00f8p av Nordic Cab sykkelvogn.<\/li>\n<li><span style=\"color: #008000;\"><strong>Gratis frakt p\u00e5 ordre over 1000kr<\/strong><\/span><\/li>\n<\/ul>\n","protected":false},"featured_media":1591,"template":"","meta":{"_genesis_hide_title":false,"_genesis_hide_breadcrumbs":false,"_genesis_hide_singular_image":false,"_genesis_hide_footer_widgets":false,"_genesis_custom_body_class":"","_genesis_custom_post_class":"","_genesis_layout":""},"product_brand":[],"product_cat":[73,549,81,75,647,649],"product_tag":[702],"class_list":{"0":"post-1590","1":"product","2":"type-product","3":"status-publish","4":"has-post-thumbnail","6":"product_cat-barnepulk-sykkelvogn-baeremeis-utstyr-tilbehor-deler","7":"product_cat-universelle-adaptere-for-sykkelvogn","8":"product_cat-sykkelvogn-pulk-nordic-cab-tilbehor-no","9":"product_cat-reservedeler-nordic-cab-sykkelvogn-pulk","10":"product_cat-vare-hund-reservedeler","11":"product_cat-explorer-reservedeler","12":"product_tag-nordic-cab-tilbehor","13":"entry","15":"first","16":"instock","17":"taxable","18":"shipping-taxable","19":"purchasable","20":"product-type-simple"},"bundled_by":["4227","4500","5166","5182","5188","5192","15661","19982","20057","20977"],"bundle_stock_status":"instock","bundle_stock_quantity":219,"bundle_virtual":false,"bundle_layout":"","bundle_add_to_cart_form_location":"","bundle_editable_in_cart":false,"bundle_sold_individually_context":"","bundle_item_grouping":"","bundle_min_size":"","bundle_max_size":"","bundle_price":[],"bundled_items":[],"bundle_sell_ids":[],"yoast_head":"<!-- This site is optimized with the Yoast SEO Premium plugin v26.0 (Yoast SEO v26.0) - https:\/\/yoast.com\/wordpress\/plugins\/seo\/ -->\n<title>Sykkelfeste for Sykkelvogn \u2013 Enkel tilkobling for flere sykler<\/title>\n<meta name=\"description\" content=\"Sykkelfeste for sykkelvogn fra Nordic Cab. Fest vognen raskt og enkelt p\u00e5 ulike sykler. Passer til de fleste modeller og elsykler med adapter.\" \/>\n<meta name=\"robots\" content=\"index, follow, max-snippet:-1, max-image-preview:large, max-video-preview:-1\" \/>\n<link rel=\"canonical\" href=\"https:\/\/nordiccab.com\/no\/produkt\/sykkelfeste-for-sykkelvogn\/\" \/>\n<meta property=\"og:locale\" content=\"nb_NO\" \/>\n<meta property=\"og:type\" content=\"article\" \/>\n<meta property=\"og:title\" content=\"Nordic Cab - Sykkelfeste for Sykkelvogn\" \/>\n<meta property=\"og:description\" content=\"Sykkelfeste for sykkelvogn fra Nordic Cab. Fest vognen raskt og enkelt p\u00e5 ulike sykler. Passer til de fleste modeller og elsykler med adapter.\" \/>\n<meta property=\"og:url\" content=\"https:\/\/nordiccab.com\/no\/produkt\/sykkelfeste-for-sykkelvogn\/\" \/>\n<meta property=\"og:site_name\" content=\"Nordic Cab\" \/>\n<meta property=\"article:publisher\" content=\"https:\/\/www.facebook.com\/nordiccab\" \/>\n<meta property=\"article:modified_time\" content=\"2025-10-25T19:40:31+00:00\" \/>\n<meta property=\"og:image\" content=\"https:\/\/nordiccab.com\/wp-content\/uploads\/2021\/04\/Sykkelfeste.jpg\" \/>\n\t<meta property=\"og:image:width\" content=\"1000\" \/>\n\t<meta property=\"og:image:height\" content=\"1000\" \/>\n\t<meta property=\"og:image:type\" content=\"image\/jpeg\" \/>\n<meta name=\"twitter:card\" content=\"summary_large_image\" \/>\n<meta name=\"twitter:label1\" content=\"Ansl. lesetid\" \/>\n\t<meta name=\"twitter:data1\" content=\"2 minutter\" \/>\n<script type=\"application\/ld+json\" class=\"yoast-schema-graph\">{\"@context\":\"https:\/\/schema.org\",\"@graph\":[{\"@type\":\"WebPage\",\"@id\":\"https:\/\/nordiccab.com\/no\/produkt\/sykkelfeste-for-sykkelvogn\/\",\"url\":\"https:\/\/nordiccab.com\/no\/produkt\/sykkelfeste-for-sykkelvogn\/\",\"name\":\"Sykkelfeste for Sykkelvogn \u2013 Enkel tilkobling for flere sykler\",\"isPartOf\":{\"@id\":\"https:\/\/nordiccab.com\/no\/#website\"},\"primaryImageOfPage\":{\"@id\":\"https:\/\/nordiccab.com\/no\/produkt\/sykkelfeste-for-sykkelvogn\/#primaryimage\"},\"image\":{\"@id\":\"https:\/\/nordiccab.com\/no\/produkt\/sykkelfeste-for-sykkelvogn\/#primaryimage\"},\"thumbnailUrl\":\"https:\/\/nordiccab.com\/wp-content\/uploads\/2021\/04\/Sykkelfeste.jpg\",\"datePublished\":\"2024-08-30T07:15:00+00:00\",\"dateModified\":\"2025-10-25T19:40:31+00:00\",\"description\":\"Sykkelfeste for sykkelvogn fra Nordic Cab. Fest vognen raskt og enkelt p\u00e5 ulike sykler. Passer til de fleste modeller og elsykler med adapter.\",\"breadcrumb\":{\"@id\":\"https:\/\/nordiccab.com\/no\/produkt\/sykkelfeste-for-sykkelvogn\/#breadcrumb\"},\"inLanguage\":\"nb-NO\",\"potentialAction\":[{\"@type\":\"ReadAction\",\"target\":[\"https:\/\/nordiccab.com\/no\/produkt\/sykkelfeste-for-sykkelvogn\/\"]}]},{\"@type\":\"ImageObject\",\"inLanguage\":\"nb-NO\",\"@id\":\"https:\/\/nordiccab.com\/no\/produkt\/sykkelfeste-for-sykkelvogn\/#primaryimage\",\"url\":\"https:\/\/nordiccab.com\/wp-content\/uploads\/2021\/04\/Sykkelfeste.jpg\",\"contentUrl\":\"https:\/\/nordiccab.com\/wp-content\/uploads\/2021\/04\/Sykkelfeste.jpg\",\"width\":1000,\"height\":1000,\"caption\":\"Sykkelfeste Nordic Cab Explorer\"},{\"@type\":\"BreadcrumbList\",\"@id\":\"https:\/\/nordiccab.com\/no\/produkt\/sykkelfeste-for-sykkelvogn\/#breadcrumb\",\"itemListElement\":[{\"@type\":\"ListItem\",\"position\":1,\"name\":\"Home\",\"item\":\"https:\/\/nordiccab.com\/no\/\"},{\"@type\":\"ListItem\",\"position\":2,\"name\":\"Produkter\",\"item\":\"https:\/\/nordiccab.com\/no\/butikk\/\"},{\"@type\":\"ListItem\",\"position\":3,\"name\":\"Nordic Cab &#8211; Sykkelfeste for Sykkelvogn\"}]},{\"@type\":\"WebSite\",\"@id\":\"https:\/\/nordiccab.com\/no\/#website\",\"url\":\"https:\/\/nordiccab.com\/no\/\",\"name\":\"Nordic Cab\",\"description\":\"Start Life Exploring\",\"publisher\":{\"@id\":\"https:\/\/nordiccab.com\/no\/#organization\"},\"potentialAction\":[{\"@type\":\"SearchAction\",\"target\":{\"@type\":\"EntryPoint\",\"urlTemplate\":\"https:\/\/nordiccab.com\/no\/?s={search_term_string}\"},\"query-input\":{\"@type\":\"PropertyValueSpecification\",\"valueRequired\":true,\"valueName\":\"search_term_string\"}}],\"inLanguage\":\"nb-NO\"},{\"@type\":\"Organization\",\"@id\":\"https:\/\/nordiccab.com\/no\/#organization\",\"name\":\"Nordic Cab Solutions AS\",\"url\":\"https:\/\/nordiccab.com\/no\/\",\"logo\":{\"@type\":\"ImageObject\",\"inLanguage\":\"nb-NO\",\"@id\":\"https:\/\/nordiccab.com\/no\/#\/schema\/logo\/image\/\",\"url\":\"https:\/\/nordiccab.com\/wp-content\/uploads\/2022\/02\/NC-logo.svg\",\"contentUrl\":\"https:\/\/nordiccab.com\/wp-content\/uploads\/2022\/02\/NC-logo.svg\",\"width\":1,\"height\":1,\"caption\":\"Nordic Cab Solutions AS\"},\"image\":{\"@id\":\"https:\/\/nordiccab.com\/no\/#\/schema\/logo\/image\/\"},\"sameAs\":[\"https:\/\/www.facebook.com\/nordiccab\"]}]}<\/script>\n<!-- \/ Yoast SEO Premium plugin. -->","yoast_head_json":{"title":"Sykkelfeste for Sykkelvogn \u2013 Enkel tilkobling for flere sykler","description":"Sykkelfeste for sykkelvogn fra Nordic Cab. Fest vognen raskt og enkelt p\u00e5 ulike sykler. Passer til de fleste modeller og elsykler med adapter.","robots":{"index":"index","follow":"follow","max-snippet":"max-snippet:-1","max-image-preview":"max-image-preview:large","max-video-preview":"max-video-preview:-1"},"canonical":"https:\/\/nordiccab.com\/no\/produkt\/sykkelfeste-for-sykkelvogn\/","og_locale":"nb_NO","og_type":"article","og_title":"Nordic Cab - Sykkelfeste for Sykkelvogn","og_description":"Sykkelfeste for sykkelvogn fra Nordic Cab. Fest vognen raskt og enkelt p\u00e5 ulike sykler. Passer til de fleste modeller og elsykler med adapter.","og_url":"https:\/\/nordiccab.com\/no\/produkt\/sykkelfeste-for-sykkelvogn\/","og_site_name":"Nordic Cab","article_publisher":"https:\/\/www.facebook.com\/nordiccab","article_modified_time":"2025-10-25T19:40:31+00:00","og_image":[{"width":1000,"height":1000,"url":"https:\/\/nordiccab.com\/wp-content\/uploads\/2021\/04\/Sykkelfeste.jpg","type":"image\/jpeg"}],"twitter_card":"summary_large_image","twitter_misc":{"Ansl. lesetid":"2 minutter"},"schema":{"@context":"https:\/\/schema.org","@graph":[{"@type":"WebPage","@id":"https:\/\/nordiccab.com\/no\/produkt\/sykkelfeste-for-sykkelvogn\/","url":"https:\/\/nordiccab.com\/no\/produkt\/sykkelfeste-for-sykkelvogn\/","name":"Sykkelfeste for Sykkelvogn \u2013 Enkel tilkobling for flere sykler","isPartOf":{"@id":"https:\/\/nordiccab.com\/no\/#website"},"primaryImageOfPage":{"@id":"https:\/\/nordiccab.com\/no\/produkt\/sykkelfeste-for-sykkelvogn\/#primaryimage"},"image":{"@id":"https:\/\/nordiccab.com\/no\/produkt\/sykkelfeste-for-sykkelvogn\/#primaryimage"},"thumbnailUrl":"https:\/\/nordiccab.com\/wp-content\/uploads\/2021\/04\/Sykkelfeste.jpg","datePublished":"2024-08-30T07:15:00+00:00","dateModified":"2025-10-25T19:40:31+00:00","description":"Sykkelfeste for sykkelvogn fra Nordic Cab. Fest vognen raskt og enkelt p\u00e5 ulike sykler. Passer til de fleste modeller og elsykler med adapter.","breadcrumb":{"@id":"https:\/\/nordiccab.com\/no\/produkt\/sykkelfeste-for-sykkelvogn\/#breadcrumb"},"inLanguage":"nb-NO","potentialAction":[{"@type":"ReadAction","target":["https:\/\/nordiccab.com\/no\/produkt\/sykkelfeste-for-sykkelvogn\/"]}]},{"@type":"ImageObject","inLanguage":"nb-NO","@id":"https:\/\/nordiccab.com\/no\/produkt\/sykkelfeste-for-sykkelvogn\/#primaryimage","url":"https:\/\/nordiccab.com\/wp-content\/uploads\/2021\/04\/Sykkelfeste.jpg","contentUrl":"https:\/\/nordiccab.com\/wp-content\/uploads\/2021\/04\/Sykkelfeste.jpg","width":1000,"height":1000,"caption":"Sykkelfeste Nordic Cab Explorer"},{"@type":"BreadcrumbList","@id":"https:\/\/nordiccab.com\/no\/produkt\/sykkelfeste-for-sykkelvogn\/#breadcrumb","itemListElement":[{"@type":"ListItem","position":1,"name":"Home","item":"https:\/\/nordiccab.com\/no\/"},{"@type":"ListItem","position":2,"name":"Produkter","item":"https:\/\/nordiccab.com\/no\/butikk\/"},{"@type":"ListItem","position":3,"name":"Nordic Cab &#8211; Sykkelfeste for Sykkelvogn"}]},{"@type":"WebSite","@id":"https:\/\/nordiccab.com\/no\/#website","url":"https:\/\/nordiccab.com\/no\/","name":"Nordic Cab","description":"Start Life Exploring","publisher":{"@id":"https:\/\/nordiccab.com\/no\/#organization"},"potentialAction":[{"@type":"SearchAction","target":{"@type":"EntryPoint","urlTemplate":"https:\/\/nordiccab.com\/no\/?s={search_term_string}"},"query-input":{"@type":"PropertyValueSpecification","valueRequired":true,"valueName":"search_term_string"}}],"inLanguage":"nb-NO"},{"@type":"Organization","@id":"https:\/\/nordiccab.com\/no\/#organization","name":"Nordic Cab Solutions AS","url":"https:\/\/nordiccab.com\/no\/","logo":{"@type":"ImageObject","inLanguage":"nb-NO","@id":"https:\/\/nordiccab.com\/no\/#\/schema\/logo\/image\/","url":"https:\/\/nordiccab.com\/wp-content\/uploads\/2022\/02\/NC-logo.svg","contentUrl":"https:\/\/nordiccab.com\/wp-content\/uploads\/2022\/02\/NC-logo.svg","width":1,"height":1,"caption":"Nordic Cab Solutions AS"},"image":{"@id":"https:\/\/nordiccab.com\/no\/#\/schema\/logo\/image\/"},"sameAs":["https:\/\/www.facebook.com\/nordiccab"]}]}},"_links":{"self":[{"href":"https:\/\/nordiccab.com\/no\/wp-json\/wp\/v2\/product\/1590","targetHints":{"allow":["GET"]}}],"collection":[{"href":"https:\/\/nordiccab.com\/no\/wp-json\/wp\/v2\/product"}],"about":[{"href":"https:\/\/nordiccab.com\/no\/wp-json\/wp\/v2\/types\/product"}],"wp:featuredmedia":[{"embeddable":true,"href":"https:\/\/nordiccab.com\/no\/wp-json\/wp\/v2\/media\/1591"}],"wp:attachment":[{"href":"https:\/\/nordiccab.com\/no\/wp-json\/wp\/v2\/media?parent=1590"}],"wp:term":[{"taxonomy":"product_brand","embeddable":true,"href":"https:\/\/nordiccab.com\/no\/wp-json\/wp\/v2\/product_brand?post=1590"},{"taxonomy":"product_cat","embeddable":true,"href":"https:\/\/nordiccab.com\/no\/wp-json\/wp\/v2\/product_cat?post=1590"},{"taxonomy":"product_tag","embeddable":true,"href":"https:\/\/nordiccab.com\/no\/wp-json\/wp\/v2\/product_tag?post=1590"}],"curies":[{"name":"wp","href":"https:\/\/api.w.org\/{rel}","templated":true}]}}