{"id":15616,"date":"2020-11-27T09:59:00","date_gmt":"2023-11-27T11:06:42","guid":{"rendered":"https:\/\/nordiccab.com\/?post_type=product&#038;p=15616"},"modified":"2024-04-16T10:01:21","modified_gmt":"2024-04-16T08:01:21","slug":"gavekort","status":"publish","type":"product","link":"https:\/\/nordiccab.com\/no\/produkt\/gavekort\/","title":{"rendered":"Gavekort"},"content":{"rendered":"\n<h2 class=\"wp-block-heading has-large-font-size\" id=\"h-gavekort-pa-sykkelvogn-og-barnepulk-gi-den-perfekte-gaven-til-nye-foreldre\">Gavekort p\u00e5 Sykkelvogn og Barnepulk &#8211; Gi den perfekte gaven til nye foreldre<\/h2>\n\n\n\n<p>Gi en gave som vokser med familien \u2013 et gavekort fra Nordic Cab! Med v\u00e5re multifunksjonelle sykkelvogner og barnepulker, garanterer du en gave som varer i mange \u00e5r. Perfekt for deg som \u00f8nsker \u00e5 gi noe meningsfylt og praktisk. V\u00e5re produkter, utviklet i Hamar siden 1983, er kjent for sin h\u00f8y kvalitet og holdbarhet. Enten det er til ett barn eller to, tilpasser v\u00e5re sykkelvogner og pulker seg etter familiens behov.<\/p>\n\n\n\n<p><strong>Tilpasset familiebehov:<\/strong> Fungerer utmerket for ett eller to barn, og vokser med familien. 0-6 \u00e5r.<br><strong>Multifunksjonell glede:<\/strong> Kan brukes som sykkelvogn, barnepulk, barnevogn, jogger og mye mer. Perfekt for alle \u00e5rstider.<br><strong>Norsk kvalitet<\/strong>: Stolt utviklet i Hamar, v\u00e5re produkter representerer det ypperste innen praktisk norsk ingeni\u00f8rkunst og design siden 1983.<br><strong>Langvarig investering:<\/strong> En gave som gir glede i mange \u00e5r, takket v\u00e6re produktets h\u00f8y kvalitet og holdbarhet.<\/p>\n","protected":false},"excerpt":{"rendered":"<p>Velg et bel\u00f8p i listen og vi sender deg gavekortet med korrekt bel\u00f8p digitalt p\u00e5 epost.<\/p>\n","protected":false},"featured_media":15690,"template":"","meta":{"_genesis_hide_title":false,"_genesis_hide_breadcrumbs":false,"_genesis_hide_singular_image":false,"_genesis_hide_footer_widgets":false,"_genesis_custom_body_class":"","_genesis_custom_post_class":"","_genesis_layout":""},"product_brand":[],"product_cat":[74,73,549,651,652,653,86,593,453,348,81,315,113,114],"product_tag":[],"class_list":{"0":"post-15616","1":"product","2":"type-product","3":"status-publish","4":"has-post-thumbnail","6":"product_cat-barnepulk-sykkelvogn-pulk-til-barn-pakketilbud","7":"product_cat-barnepulk-sykkelvogn-baeremeis-utstyr-tilbehor-deler","8":"product_cat-universelle-adaptere-for-sykkelvogn","9":"product_cat-utstyr-til-varevogn-og-hund-sykkelvogn-pulk-turvogn-og-hundevogn","10":"product_cat-turutstyr-voksne-tilbehor","11":"product_cat-turutstyr-barn-tilbehor","12":"product_cat-sykkelvogn-no","13":"product_cat-baeremeis","14":"product_cat-barneutstyr","15":"product_cat-gavetips-sykkelvogn-barnepulk-baeremeis","16":"product_cat-sykkelvogn-pulk-nordic-cab-tilbehor-no","17":"product_cat-hundevogn-sykkelvogn-hund-pulk","18":"product_cat-varevogn","19":"product_cat-pulk-barnepulk","20":"entry","22":"first","23":"instock","24":"taxable","25":"shipping-taxable","26":"purchasable","27":"product-type-variable"},"bundled_by":[],"bundle_stock_status":"instock","bundle_stock_quantity":null,"bundle_virtual":false,"bundle_layout":"","bundle_add_to_cart_form_location":"","bundle_editable_in_cart":false,"bundle_sold_individually_context":"","bundle_item_grouping":"","bundle_min_size":"","bundle_max_size":"","bundle_price":[],"bundled_items":[],"bundle_sell_ids":[],"yoast_head":"<!-- This site is optimized with the Yoast SEO Premium plugin v26.0 (Yoast SEO v26.0) - https:\/\/yoast.com\/wordpress\/plugins\/seo\/ -->\n<title>Gavekort - Nordic Cab<\/title>\n<meta name=\"description\" content=\"Gi en gave som varer og vokser med familien. Perfekt gave til nye foreldre som \u00f8nsker \u00e5 investere i kvalitetstid utend\u00f8rs med sykkelvogn og barnepulk.\" \/>\n<meta name=\"robots\" content=\"index, follow, max-snippet:-1, max-image-preview:large, max-video-preview:-1\" \/>\n<link rel=\"canonical\" href=\"https:\/\/nordiccab.com\/no\/produkt\/gavekort\/\" \/>\n<meta property=\"og:locale\" content=\"nb_NO\" \/>\n<meta property=\"og:type\" content=\"article\" \/>\n<meta property=\"og:title\" content=\"Gavekort\" \/>\n<meta property=\"og:description\" content=\"Gi en gave som varer og vokser med familien. Perfekt gave til nye foreldre som \u00f8nsker \u00e5 investere i kvalitetstid utend\u00f8rs med sykkelvogn og barnepulk.\" \/>\n<meta property=\"og:url\" content=\"https:\/\/nordiccab.com\/no\/produkt\/gavekort\/\" \/>\n<meta property=\"og:site_name\" content=\"Nordic Cab\" \/>\n<meta property=\"article:publisher\" content=\"https:\/\/www.facebook.com\/nordiccab\" \/>\n<meta property=\"article:modified_time\" content=\"2024-04-16T08:01:21+00:00\" \/>\n<meta property=\"og:image\" content=\"https:\/\/nordiccab.com\/wp-content\/uploads\/2023\/11\/Gavekort-Nordic-Cab-1.jpg\" \/>\n\t<meta property=\"og:image:width\" content=\"1000\" \/>\n\t<meta property=\"og:image:height\" content=\"1000\" \/>\n\t<meta property=\"og:image:type\" content=\"image\/jpeg\" \/>\n<meta name=\"twitter:card\" content=\"summary_large_image\" \/>\n<meta name=\"twitter:label1\" content=\"Ansl. lesetid\" \/>\n\t<meta name=\"twitter:data1\" content=\"1 minutt\" \/>\n<script type=\"application\/ld+json\" class=\"yoast-schema-graph\">{\"@context\":\"https:\/\/schema.org\",\"@graph\":[{\"@type\":\"WebPage\",\"@id\":\"https:\/\/nordiccab.com\/no\/produkt\/gavekort\/\",\"url\":\"https:\/\/nordiccab.com\/no\/produkt\/gavekort\/\",\"name\":\"Gavekort - Nordic Cab\",\"isPartOf\":{\"@id\":\"https:\/\/nordiccab.com\/no\/#website\"},\"primaryImageOfPage\":{\"@id\":\"https:\/\/nordiccab.com\/no\/produkt\/gavekort\/#primaryimage\"},\"image\":{\"@id\":\"https:\/\/nordiccab.com\/no\/produkt\/gavekort\/#primaryimage\"},\"thumbnailUrl\":\"https:\/\/nordiccab.com\/wp-content\/uploads\/2023\/11\/Gavekort-Nordic-Cab-1.jpg\",\"datePublished\":\"2023-11-27T11:06:42+00:00\",\"dateModified\":\"2024-04-16T08:01:21+00:00\",\"description\":\"Gi en gave som varer og vokser med familien. Perfekt gave til nye foreldre som \u00f8nsker \u00e5 investere i kvalitetstid utend\u00f8rs med sykkelvogn og barnepulk.\",\"breadcrumb\":{\"@id\":\"https:\/\/nordiccab.com\/no\/produkt\/gavekort\/#breadcrumb\"},\"inLanguage\":\"nb-NO\",\"potentialAction\":[{\"@type\":\"ReadAction\",\"target\":[\"https:\/\/nordiccab.com\/no\/produkt\/gavekort\/\"]}]},{\"@type\":\"ImageObject\",\"inLanguage\":\"nb-NO\",\"@id\":\"https:\/\/nordiccab.com\/no\/produkt\/gavekort\/#primaryimage\",\"url\":\"https:\/\/nordiccab.com\/wp-content\/uploads\/2023\/11\/Gavekort-Nordic-Cab-1.jpg\",\"contentUrl\":\"https:\/\/nordiccab.com\/wp-content\/uploads\/2023\/11\/Gavekort-Nordic-Cab-1.jpg\",\"width\":1000,\"height\":1000,\"caption\":\"Gavekort p\u00e5 sykkelvogn og barnepulk\"},{\"@type\":\"BreadcrumbList\",\"@id\":\"https:\/\/nordiccab.com\/no\/produkt\/gavekort\/#breadcrumb\",\"itemListElement\":[{\"@type\":\"ListItem\",\"position\":1,\"name\":\"Home\",\"item\":\"https:\/\/nordiccab.com\/no\/\"},{\"@type\":\"ListItem\",\"position\":2,\"name\":\"Produkter\",\"item\":\"https:\/\/nordiccab.com\/no\/butikk\/\"},{\"@type\":\"ListItem\",\"position\":3,\"name\":\"Gavekort\"}]},{\"@type\":\"WebSite\",\"@id\":\"https:\/\/nordiccab.com\/no\/#website\",\"url\":\"https:\/\/nordiccab.com\/no\/\",\"name\":\"Nordic Cab\",\"description\":\"Start Life Exploring\",\"publisher\":{\"@id\":\"https:\/\/nordiccab.com\/no\/#organization\"},\"potentialAction\":[{\"@type\":\"SearchAction\",\"target\":{\"@type\":\"EntryPoint\",\"urlTemplate\":\"https:\/\/nordiccab.com\/no\/?s={search_term_string}\"},\"query-input\":{\"@type\":\"PropertyValueSpecification\",\"valueRequired\":true,\"valueName\":\"search_term_string\"}}],\"inLanguage\":\"nb-NO\"},{\"@type\":\"Organization\",\"@id\":\"https:\/\/nordiccab.com\/no\/#organization\",\"name\":\"Nordic Cab Solutions AS\",\"url\":\"https:\/\/nordiccab.com\/no\/\",\"logo\":{\"@type\":\"ImageObject\",\"inLanguage\":\"nb-NO\",\"@id\":\"https:\/\/nordiccab.com\/no\/#\/schema\/logo\/image\/\",\"url\":\"https:\/\/nordiccab.com\/wp-content\/uploads\/2022\/02\/NC-logo.svg\",\"contentUrl\":\"https:\/\/nordiccab.com\/wp-content\/uploads\/2022\/02\/NC-logo.svg\",\"width\":1,\"height\":1,\"caption\":\"Nordic Cab Solutions AS\"},\"image\":{\"@id\":\"https:\/\/nordiccab.com\/no\/#\/schema\/logo\/image\/\"},\"sameAs\":[\"https:\/\/www.facebook.com\/nordiccab\"]}]}<\/script>\n<!-- \/ Yoast SEO Premium plugin. -->","yoast_head_json":{"title":"Gavekort - Nordic Cab","description":"Gi en gave som varer og vokser med familien. Perfekt gave til nye foreldre som \u00f8nsker \u00e5 investere i kvalitetstid utend\u00f8rs med sykkelvogn og barnepulk.","robots":{"index":"index","follow":"follow","max-snippet":"max-snippet:-1","max-image-preview":"max-image-preview:large","max-video-preview":"max-video-preview:-1"},"canonical":"https:\/\/nordiccab.com\/no\/produkt\/gavekort\/","og_locale":"nb_NO","og_type":"article","og_title":"Gavekort","og_description":"Gi en gave som varer og vokser med familien. Perfekt gave til nye foreldre som \u00f8nsker \u00e5 investere i kvalitetstid utend\u00f8rs med sykkelvogn og barnepulk.","og_url":"https:\/\/nordiccab.com\/no\/produkt\/gavekort\/","og_site_name":"Nordic Cab","article_publisher":"https:\/\/www.facebook.com\/nordiccab","article_modified_time":"2024-04-16T08:01:21+00:00","og_image":[{"width":1000,"height":1000,"url":"https:\/\/nordiccab.com\/wp-content\/uploads\/2023\/11\/Gavekort-Nordic-Cab-1.jpg","type":"image\/jpeg"}],"twitter_card":"summary_large_image","twitter_misc":{"Ansl. lesetid":"1 minutt"},"schema":{"@context":"https:\/\/schema.org","@graph":[{"@type":"WebPage","@id":"https:\/\/nordiccab.com\/no\/produkt\/gavekort\/","url":"https:\/\/nordiccab.com\/no\/produkt\/gavekort\/","name":"Gavekort - Nordic Cab","isPartOf":{"@id":"https:\/\/nordiccab.com\/no\/#website"},"primaryImageOfPage":{"@id":"https:\/\/nordiccab.com\/no\/produkt\/gavekort\/#primaryimage"},"image":{"@id":"https:\/\/nordiccab.com\/no\/produkt\/gavekort\/#primaryimage"},"thumbnailUrl":"https:\/\/nordiccab.com\/wp-content\/uploads\/2023\/11\/Gavekort-Nordic-Cab-1.jpg","datePublished":"2023-11-27T11:06:42+00:00","dateModified":"2024-04-16T08:01:21+00:00","description":"Gi en gave som varer og vokser med familien. Perfekt gave til nye foreldre som \u00f8nsker \u00e5 investere i kvalitetstid utend\u00f8rs med sykkelvogn og barnepulk.","breadcrumb":{"@id":"https:\/\/nordiccab.com\/no\/produkt\/gavekort\/#breadcrumb"},"inLanguage":"nb-NO","potentialAction":[{"@type":"ReadAction","target":["https:\/\/nordiccab.com\/no\/produkt\/gavekort\/"]}]},{"@type":"ImageObject","inLanguage":"nb-NO","@id":"https:\/\/nordiccab.com\/no\/produkt\/gavekort\/#primaryimage","url":"https:\/\/nordiccab.com\/wp-content\/uploads\/2023\/11\/Gavekort-Nordic-Cab-1.jpg","contentUrl":"https:\/\/nordiccab.com\/wp-content\/uploads\/2023\/11\/Gavekort-Nordic-Cab-1.jpg","width":1000,"height":1000,"caption":"Gavekort p\u00e5 sykkelvogn og barnepulk"},{"@type":"BreadcrumbList","@id":"https:\/\/nordiccab.com\/no\/produkt\/gavekort\/#breadcrumb","itemListElement":[{"@type":"ListItem","position":1,"name":"Home","item":"https:\/\/nordiccab.com\/no\/"},{"@type":"ListItem","position":2,"name":"Produkter","item":"https:\/\/nordiccab.com\/no\/butikk\/"},{"@type":"ListItem","position":3,"name":"Gavekort"}]},{"@type":"WebSite","@id":"https:\/\/nordiccab.com\/no\/#website","url":"https:\/\/nordiccab.com\/no\/","name":"Nordic Cab","description":"Start Life Exploring","publisher":{"@id":"https:\/\/nordiccab.com\/no\/#organization"},"potentialAction":[{"@type":"SearchAction","target":{"@type":"EntryPoint","urlTemplate":"https:\/\/nordiccab.com\/no\/?s={search_term_string}"},"query-input":{"@type":"PropertyValueSpecification","valueRequired":true,"valueName":"search_term_string"}}],"inLanguage":"nb-NO"},{"@type":"Organization","@id":"https:\/\/nordiccab.com\/no\/#organization","name":"Nordic Cab Solutions AS","url":"https:\/\/nordiccab.com\/no\/","logo":{"@type":"ImageObject","inLanguage":"nb-NO","@id":"https:\/\/nordiccab.com\/no\/#\/schema\/logo\/image\/","url":"https:\/\/nordiccab.com\/wp-content\/uploads\/2022\/02\/NC-logo.svg","contentUrl":"https:\/\/nordiccab.com\/wp-content\/uploads\/2022\/02\/NC-logo.svg","width":1,"height":1,"caption":"Nordic Cab Solutions AS"},"image":{"@id":"https:\/\/nordiccab.com\/no\/#\/schema\/logo\/image\/"},"sameAs":["https:\/\/www.facebook.com\/nordiccab"]}]}},"_links":{"self":[{"href":"https:\/\/nordiccab.com\/no\/wp-json\/wp\/v2\/product\/15616","targetHints":{"allow":["GET"]}}],"collection":[{"href":"https:\/\/nordiccab.com\/no\/wp-json\/wp\/v2\/product"}],"about":[{"href":"https:\/\/nordiccab.com\/no\/wp-json\/wp\/v2\/types\/product"}],"wp:featuredmedia":[{"embeddable":true,"href":"https:\/\/nordiccab.com\/no\/wp-json\/wp\/v2\/media\/15690"}],"wp:attachment":[{"href":"https:\/\/nordiccab.com\/no\/wp-json\/wp\/v2\/media?parent=15616"}],"wp:term":[{"taxonomy":"product_brand","embeddable":true,"href":"https:\/\/nordiccab.com\/no\/wp-json\/wp\/v2\/product_brand?post=15616"},{"taxonomy":"product_cat","embeddable":true,"href":"https:\/\/nordiccab.com\/no\/wp-json\/wp\/v2\/product_cat?post=15616"},{"taxonomy":"product_tag","embeddable":true,"href":"https:\/\/nordiccab.com\/no\/wp-json\/wp\/v2\/product_tag?post=15616"}],"curies":[{"name":"wp","href":"https:\/\/api.w.org\/{rel}","templated":true}]}}