{"id":15503,"date":"2024-04-09T12:39:43","date_gmt":"2024-04-09T10:39:43","guid":{"rendered":"https:\/\/nordiccab.com\/?post_type=product&#038;p=15503"},"modified":"2025-08-12T18:47:09","modified_gmt":"2025-08-12T16:47:09","slug":"explorer-sykkelvogn-3i1-stone-gray","status":"publish","type":"product","link":"https:\/\/nordiccab.com\/no\/produkt\/explorer-sykkelvogn-3i1-stone-gray\/","title":{"rendered":"Explorer &#8211; Sykkelvogn 3i1 (Stone Gray)"},"content":{"rendered":"\n<h2 class=\"wp-block-heading has-large-font-size\" id=\"h-hva-inneholder-explorer-sykkelvogn-3i1\">Hva inneholder Explorer \u2013 Sykkelvogn 3i1?<\/h2>\n\n\n\n<p>Denne pakken inneholder alt du trenger for \u00e5 kunne benytte deg av Nordic Cab som sykkelvogn barn, barnevogn, og vare-sykkelvogn. Vognens fokus er \u00e5 gj\u00f8re din hverdag enkel, samtidig som barna sitter trygt og komfortabelt fra A til B!<\/p>\n\n\n\n<figure class=\"wp-block-embed is-type-video is-provider-youtube wp-block-embed-youtube wp-embed-aspect-16-9 wp-has-aspect-ratio\"><div class=\"wp-block-embed__wrapper\">\n<iframe loading=\"lazy\" title=\"Nordic Cab Explorer Multicab\" width=\"500\" height=\"281\" src=\"https:\/\/www.youtube.com\/embed\/rjDa6PhlyEs?feature=oembed\" frameborder=\"0\" allow=\"accelerometer; autoplay; clipboard-write; encrypted-media; gyroscope; picture-in-picture; web-share\" referrerpolicy=\"strict-origin-when-cross-origin\" allowfullscreen><\/iframe>\n<\/div><figcaption class=\"wp-element-caption\">Inspirasjon<\/figcaption><\/figure>\n\n\n\n<h3 class=\"wp-block-heading has-large-font-size\" id=\"h-utforsk-hvile-sove\">Utforsk, Hvile, Sove!<\/h3>\n\n\n\n<p>Explorer gir deg muligheten til \u00e5 justere setet til hvilken som helst posisjon, slik at barnet kan utforske, hvile og sove underveis.<\/p>\n\n\n\n<h3 class=\"wp-block-heading has-large-font-size\" id=\"h-sykkelvogn-funksjoner-og-fordeler-med-explorer\">Sykkelvogn: Funksjoner og fordeler med Explorer:<\/h3>\n\n\n\n<ul class=\"wp-block-list\">\n<li><strong>Komfort:<\/strong>&nbsp;Justerbart sete som kan legges helt ned i liggende posisjon, og et midtstilt sete for ekstra bevegelsesfrihet.<\/li>\n\n\n\n<li><strong>Ekstra H\u00f8yde:&nbsp;<\/strong>Med ekstra innvendig h\u00f8yde i vognen, kan du og barna utforske verden i maksimal komfort.<\/li>\n\n\n\n<li><strong>En eller To?&nbsp;<\/strong>Explorer kan enkelt tilpasses slik at ett barn kan sitte komfortabelt i midten, ideelt for alle familier.<\/li>\n\n\n\n<li><strong>Stor Lagringsplass:<\/strong>&nbsp;Med et romslig bagasjerom p\u00e5 ca. 94 liter, har du god plass til alt n\u00f8dvendig utstyr.<\/li>\n\n\n\n<li><strong>Trygghet F\u00f8rst:<\/strong>&nbsp;En&nbsp;<strong>solid helst\u00f8pt bunn<\/strong> gir Explorer ekstra isolasjon og beskyttelse, uansett v\u00e6r og terreng.<br>Basen gir ekstra beskyttelse og isolasjon, ideelt for \u00e5 m\u00f8te uforutsette hindringer p\u00e5 veien og for kaldere dager.<\/li>\n\n\n\n<li><strong>Sikkerhet:<\/strong>&nbsp;Solid velteb\u00f8yle, 5-punkts sele, reflekser rundt hele vognen og solid base for maksimal sikkerhet.<\/li>\n\n\n\n<li><strong>Praktisk:<\/strong>&nbsp;Enkel sammenlegging og transport, med god plass til lagring av utstyr.<\/li>\n<\/ul>\n\n\n\n<p>Utforsk verden med Nordic Cab Explorer Sykkelvogn, din ultimate f\u00f8lgesvenn for familieeventyr p\u00e5 veien. Velg sikkerhet, komfort og p\u00e5litelighet med Nordic Cab.<\/p>\n\n\n\n<p><strong>Fungerer ogs\u00e5 som Varehenger:<\/strong>&nbsp;Med enkel konvertering kan Explorer brukes som en solid sykkelvogn for transport av varer, perfekt for alt fra dagligvarer til hageavfall.<\/p>\n\n\n\n<h3 class=\"wp-block-heading\" id=\"h-vi-er-her-for-a-hjelpe\"><strong>Vi er her for \u00e5 hjelpe<\/strong>!<\/h3>\n\n\n\n<p>Finner du ikke informasjonen du leter etter, er du usikker, eller orker du bare ikke \u00e5 lete? Ring oss p\u00e5<strong>&nbsp;4000 6191<\/strong>, s\u00e5 vil du snakke direkte med en av skaperne av Nordic Cab.<\/p>\n\n\n\n<p>For en mer omfattende gjennomgang av Nordic Cab, inviterer vi deg til en personlig live demonstrasjon. Opplev produktet v\u00e5rt p\u00e5 n\u00e6rt hold, interager direkte med oss, og f\u00e5 svar p\u00e5 alt du m\u00e5tte lure p\u00e5. Book din&nbsp;<strong>live demo<\/strong>&nbsp;<a href=\"https:\/\/nordiccab.com\/no\/live-booking\/\"><strong>her<\/strong><\/a>.<\/p>\n\n\n\n<h3 class=\"wp-block-heading has-normal-font-size\" id=\"h-se-videoer\"><strong>Se videoer<\/strong><\/h3>\n\n\n\n<div class=\"wp-block-columns is-layout-flex wp-container-core-columns-is-layout-9d6595d7 wp-block-columns-is-layout-flex\">\n<div class=\"wp-block-column is-layout-flow wp-block-column-is-layout-flow\">\n<figure class=\"wp-block-embed is-type-video is-provider-youtube wp-block-embed-youtube wp-embed-aspect-16-9 wp-has-aspect-ratio\"><div class=\"wp-block-embed__wrapper\">\n<iframe loading=\"lazy\" title=\"Nordic Cab Explorer Winter Family Joy\" width=\"500\" height=\"281\" src=\"https:\/\/www.youtube.com\/embed\/qAp6zbRpdbQ?feature=oembed\" frameborder=\"0\" allow=\"accelerometer; autoplay; clipboard-write; encrypted-media; gyroscope; picture-in-picture; web-share\" referrerpolicy=\"strict-origin-when-cross-origin\" allowfullscreen><\/iframe>\n<\/div><figcaption class=\"wp-element-caption\">Inspirasjon<\/figcaption><\/figure>\n<\/div>\n\n\n\n<div class=\"wp-block-column is-layout-flow wp-block-column-is-layout-flow\">\n<figure class=\"wp-block-embed is-type-video is-provider-youtube wp-block-embed-youtube wp-embed-aspect-16-9 wp-has-aspect-ratio\"><div class=\"wp-block-embed__wrapper\">\n<iframe loading=\"lazy\" title=\"Details Nordic Cab Explorer\" width=\"500\" height=\"281\" src=\"https:\/\/www.youtube.com\/embed\/a4p_K1h59k8?feature=oembed\" frameborder=\"0\" allow=\"accelerometer; autoplay; clipboard-write; encrypted-media; gyroscope; picture-in-picture; web-share\" referrerpolicy=\"strict-origin-when-cross-origin\" allowfullscreen><\/iframe>\n<\/div><figcaption class=\"wp-element-caption\">Finesser og funksjoner<\/figcaption><\/figure>\n<\/div>\n\n\n\n<div class=\"wp-block-column is-layout-flow wp-block-column-is-layout-flow\">\n<figure class=\"wp-block-embed is-type-video is-provider-youtube wp-block-embed-youtube wp-embed-aspect-16-9 wp-has-aspect-ratio\"><div class=\"wp-block-embed__wrapper\">\n<iframe loading=\"lazy\" title=\"Explorer 3in1 Manual\" width=\"500\" height=\"281\" src=\"https:\/\/www.youtube.com\/embed\/_LmANfn8jYc?feature=oembed\" frameborder=\"0\" allow=\"accelerometer; autoplay; clipboard-write; encrypted-media; gyroscope; picture-in-picture; web-share\" referrerpolicy=\"strict-origin-when-cross-origin\" allowfullscreen><\/iframe>\n<\/div><figcaption class=\"wp-element-caption\">Monteringsanvisning<\/figcaption><\/figure>\n<\/div>\n<\/div>\n","protected":false},"excerpt":{"rendered":"<ul>\n<li><strong>Justerbart sete:<\/strong> Kan enkelt tilpasses fra flat liggende til oppreist, for ett eller to barn.<\/li>\n<li><strong>Demper:<\/strong> Fleksibelt, fritthengende og mykt sete i tillegg til store luftfylte dekk.<\/li>\n<li><strong>Solid helst\u00f8pt bunn:<\/strong> Sikrer barnet og gir god isolasjon.<\/li>\n<li><strong>Romslig lagringsplass:<\/strong> 94 liter innvendig plass til alt du trenger p\u00e5 turen.<\/li>\n<li><strong>Hel\u00e5rsbruk:<\/strong> Kan brukes alle \u00e5rstider med ulike funksjoner og med barn fra 0-7 \u00e5r.<\/li>\n<li><strong>50-dagers forn\u00f8ydgaranti:<\/strong> Pr\u00f8v uten risiko.<\/li>\n<li><strong>H\u00f8y kvalitet:<\/strong> Enkelt vedlikehold, utskiftbare deler, og h\u00f8y gjensalgs verdi.<\/li>\n<\/ul>\n<p><span style=\"color: #008000;\"><a style=\"color: #008000;\" href=\"https:\/\/nordiccab.com\/no\/produkt\/nordic-cab-pulk-og-sykkelvogn-6i1-stone-gray\/\"><strong>Se v\u00e5r mest popul\u00e6re pakke med Barnepulk her.<\/strong>\u00a0<\/a><\/span><\/p>\n<p><a href=\"https:\/\/nordiccab.com\/no\/produkt\/explorer-sykkelvogn-3i1-solid-red\/\"><img loading=\"lazy\" decoding=\"async\" class=\"alignnone wp-image-14923\" src=\"https:\/\/nordiccab.com\/wp-content\/uploads\/2023\/10\/Bike-trailer-Solid-Red_1.jpg\" alt=\"\" width=\"100\" height=\"100\" srcset=\"https:\/\/nordiccab.com\/wp-content\/uploads\/2023\/10\/Bike-trailer-Solid-Red_1.jpg 1000w, https:\/\/nordiccab.com\/wp-content\/uploads\/2023\/10\/Bike-trailer-Solid-Red_1-300x300.jpg 300w, https:\/\/nordiccab.com\/wp-content\/uploads\/2023\/10\/Bike-trailer-Solid-Red_1-150x150.jpg 150w, https:\/\/nordiccab.com\/wp-content\/uploads\/2023\/10\/Bike-trailer-Solid-Red_1-768x768.jpg 768w, https:\/\/nordiccab.com\/wp-content\/uploads\/2023\/10\/Bike-trailer-Solid-Red_1-75x75.jpg 75w, https:\/\/nordiccab.com\/wp-content\/uploads\/2023\/10\/Bike-trailer-Solid-Red_1-600x600.jpg 600w, https:\/\/nordiccab.com\/wp-content\/uploads\/2023\/10\/Bike-trailer-Solid-Red_1-180x180.jpg 180w\" sizes=\"auto, (max-width: 100px) 100vw, 100px\" \/><\/a> <a href=\"https:\/\/nordiccab.com\/no\/produkt\/explorer-sykkelvogn-3i1-forest-green\/\"><img loading=\"lazy\" decoding=\"async\" class=\"alignnone wp-image-14969\" src=\"https:\/\/nordiccab.com\/wp-content\/uploads\/2023\/10\/Bike-trailer-Forest-Green-1.jpg\" alt=\"\" width=\"100\" height=\"100\" srcset=\"https:\/\/nordiccab.com\/wp-content\/uploads\/2023\/10\/Bike-trailer-Forest-Green-1.jpg 1000w, https:\/\/nordiccab.com\/wp-content\/uploads\/2023\/10\/Bike-trailer-Forest-Green-1-300x300.jpg 300w, https:\/\/nordiccab.com\/wp-content\/uploads\/2023\/10\/Bike-trailer-Forest-Green-1-150x150.jpg 150w, https:\/\/nordiccab.com\/wp-content\/uploads\/2023\/10\/Bike-trailer-Forest-Green-1-768x768.jpg 768w, https:\/\/nordiccab.com\/wp-content\/uploads\/2023\/10\/Bike-trailer-Forest-Green-1-75x75.jpg 75w, https:\/\/nordiccab.com\/wp-content\/uploads\/2023\/10\/Bike-trailer-Forest-Green-1-600x600.jpg 600w, https:\/\/nordiccab.com\/wp-content\/uploads\/2023\/10\/Bike-trailer-Forest-Green-1-180x180.jpg 180w\" sizes=\"auto, (max-width: 100px) 100vw, 100px\" \/><\/a><\/p>\n<p>Nordic Cab Explorer Sykkelvogn 3i1 kan benyttes som sykkelvogn, barnevogn og varevogn til sykkel.\u00a0<\/p>\n<table style=\"height: 145px; width: 100%; border-collapse: collapse; border-style: hidden;\">\n<tbody>\n<tr style=\"height: 50px;\">\n<td style=\"width: 16.6667%; height: 50px;\"><a href=\"https:\/\/nordiccab.com\/wp-content\/uploads\/2023\/11\/Bike-Kid-Black.png\"><img loading=\"lazy\" decoding=\"async\" class=\"wp-image-15494 size-full aligncenter\" src=\"https:\/\/nordiccab.com\/wp-content\/uploads\/2023\/11\/Bike-Kid-Black.png\" alt=\"\" width=\"100\" height=\"50\" \/><\/a><\/td>\n<td style=\"width: 16.6667%; height: 50px;\"><a href=\"https:\/\/nordiccab.com\/wp-content\/uploads\/2023\/11\/Stroller-Black.png\"><img loading=\"lazy\" decoding=\"async\" class=\"wp-image-15498 size-full aligncenter\" src=\"https:\/\/nordiccab.com\/wp-content\/uploads\/2023\/11\/Stroller-Black.png\" alt=\"\" width=\"100\" height=\"50\" \/><\/a><\/td>\n<td style=\"width: 16.6667%; height: 50px;\"><img loading=\"lazy\" decoding=\"async\" class=\"aligncenter wp-image-7130 size-full\" src=\"https:\/\/nordiccab.com\/wp-content\/uploads\/2022\/08\/Cargo-red.png\" alt=\"\" width=\"100\" height=\"50\" \/><\/td>\n<\/tr>\n<tr style=\"height: 95px;\">\n<td style=\"width: 16.6667%; height: 95px;\">\n<p style=\"text-align: center;\"><img loading=\"lazy\" decoding=\"async\" class=\"aligncenter wp-image-7122 size-full\" src=\"https:\/\/nordiccab.com\/wp-content\/uploads\/2022\/09\/Sykkelvogn-tekst.png\" alt=\"\" width=\"142\" height=\"30\" \/><\/p>\n<\/td>\n<td style=\"width: 16.6667%; height: 95px;\"><img loading=\"lazy\" decoding=\"async\" class=\"aligncenter wp-image-7116 size-full\" src=\"https:\/\/nordiccab.com\/wp-content\/uploads\/2022\/09\/Barnevogn-tekst.png\" alt=\"\" width=\"142\" height=\"30\" \/><\/td>\n<td style=\"width: 16.6667%; height: 95px;\"><img loading=\"lazy\" decoding=\"async\" class=\"aligncenter wp-image-7126 size-full\" src=\"https:\/\/nordiccab.com\/wp-content\/uploads\/2022\/09\/Varevogn-tekst.png\" alt=\"\" width=\"142\" height=\"30\" \/><\/td>\n<\/tr>\n<\/tbody>\n<\/table>\n<p>&nbsp;<\/p>\n","protected":false},"featured_media":15424,"template":"","meta":{"_genesis_hide_title":false,"_genesis_hide_breadcrumbs":false,"_genesis_hide_singular_image":false,"_genesis_hide_footer_widgets":false,"_genesis_custom_body_class":"","_genesis_custom_post_class":"","_genesis_layout":""},"product_brand":[],"product_cat":[74,86],"product_tag":[],"class_list":{"0":"post-15503","1":"product","2":"type-product","3":"status-publish","4":"has-post-thumbnail","6":"product_cat-barnepulk-sykkelvogn-pulk-til-barn-pakketilbud","7":"product_cat-sykkelvogn-no","8":"entry","10":"first","11":"instock","12":"taxable","13":"shipping-taxable","14":"purchasable","15":"product-type-simple"},"bundled_by":[],"bundle_stock_status":"instock","bundle_stock_quantity":null,"bundle_virtual":false,"bundle_layout":"","bundle_add_to_cart_form_location":"","bundle_editable_in_cart":false,"bundle_sold_individually_context":"","bundle_item_grouping":"","bundle_min_size":"","bundle_max_size":"","bundle_price":[],"bundled_items":[],"bundle_sell_ids":[],"yoast_head":"<!-- This site is optimized with the Yoast SEO Premium plugin v26.0 (Yoast SEO v26.0) - https:\/\/yoast.com\/wordpress\/plugins\/seo\/ -->\n<title>Explorer - Sykkelvogn 3i1 (Stone Gray) - Nordic Cab<\/title>\n<meta name=\"description\" content=\"Explorer \u2013 Sykkelvogn 3i1 (Stone Gray) sykkelvogn, trillevogn og varevogn til sykkel i ett produkt. Sykkelvogn for barn fra 9mnd til 7-8\u00e5r!\" \/>\n<meta name=\"robots\" content=\"index, follow, max-snippet:-1, max-image-preview:large, max-video-preview:-1\" \/>\n<link rel=\"canonical\" href=\"https:\/\/nordiccab.com\/no\/produkt\/explorer-sykkelvogn-3i1-stone-gray\/\" \/>\n<meta property=\"og:locale\" content=\"nb_NO\" \/>\n<meta property=\"og:type\" content=\"article\" \/>\n<meta property=\"og:title\" content=\"Explorer - Sykkelvogn 3i1 (Stone Gray)\" \/>\n<meta property=\"og:description\" content=\"Explorer \u2013 Sykkelvogn 3i1 (Stone Gray) sykkelvogn, trillevogn og varevogn til sykkel i ett produkt. Sykkelvogn for barn fra 9mnd til 7-8\u00e5r!\" \/>\n<meta property=\"og:url\" content=\"https:\/\/nordiccab.com\/no\/produkt\/explorer-sykkelvogn-3i1-stone-gray\/\" \/>\n<meta property=\"og:site_name\" content=\"Nordic Cab\" \/>\n<meta property=\"article:publisher\" content=\"https:\/\/www.facebook.com\/nordiccab\" \/>\n<meta property=\"article:modified_time\" content=\"2025-08-12T16:47:09+00:00\" \/>\n<meta property=\"og:image\" content=\"https:\/\/nordiccab.com\/wp-content\/uploads\/2023\/11\/Explorer-Bike-trailer-Stone-Gray.jpg\" \/>\n\t<meta property=\"og:image:width\" content=\"1000\" \/>\n\t<meta property=\"og:image:height\" content=\"1000\" \/>\n\t<meta property=\"og:image:type\" content=\"image\/jpeg\" \/>\n<meta name=\"twitter:card\" content=\"summary_large_image\" \/>\n<meta name=\"twitter:label1\" content=\"Ansl. lesetid\" \/>\n\t<meta name=\"twitter:data1\" content=\"2 minutter\" \/>\n<script type=\"application\/ld+json\" class=\"yoast-schema-graph\">{\"@context\":\"https:\/\/schema.org\",\"@graph\":[{\"@type\":\"WebPage\",\"@id\":\"https:\/\/nordiccab.com\/no\/produkt\/explorer-sykkelvogn-3i1-stone-gray\/\",\"url\":\"https:\/\/nordiccab.com\/no\/produkt\/explorer-sykkelvogn-3i1-stone-gray\/\",\"name\":\"Explorer - Sykkelvogn 3i1 (Stone Gray) - Nordic Cab\",\"isPartOf\":{\"@id\":\"https:\/\/nordiccab.com\/no\/#website\"},\"primaryImageOfPage\":{\"@id\":\"https:\/\/nordiccab.com\/no\/produkt\/explorer-sykkelvogn-3i1-stone-gray\/#primaryimage\"},\"image\":{\"@id\":\"https:\/\/nordiccab.com\/no\/produkt\/explorer-sykkelvogn-3i1-stone-gray\/#primaryimage\"},\"thumbnailUrl\":\"https:\/\/nordiccab.com\/wp-content\/uploads\/2023\/11\/Explorer-Bike-trailer-Stone-Gray.jpg\",\"datePublished\":\"2024-04-09T10:39:43+00:00\",\"dateModified\":\"2025-08-12T16:47:09+00:00\",\"description\":\"Explorer \u2013 Sykkelvogn 3i1 (Stone Gray) sykkelvogn, trillevogn og varevogn til sykkel i ett produkt. Sykkelvogn for barn fra 9mnd til 7-8\u00e5r!\",\"breadcrumb\":{\"@id\":\"https:\/\/nordiccab.com\/no\/produkt\/explorer-sykkelvogn-3i1-stone-gray\/#breadcrumb\"},\"inLanguage\":\"nb-NO\",\"potentialAction\":[{\"@type\":\"ReadAction\",\"target\":[\"https:\/\/nordiccab.com\/no\/produkt\/explorer-sykkelvogn-3i1-stone-gray\/\"]}]},{\"@type\":\"ImageObject\",\"inLanguage\":\"nb-NO\",\"@id\":\"https:\/\/nordiccab.com\/no\/produkt\/explorer-sykkelvogn-3i1-stone-gray\/#primaryimage\",\"url\":\"https:\/\/nordiccab.com\/wp-content\/uploads\/2023\/11\/Explorer-Bike-trailer-Stone-Gray.jpg\",\"contentUrl\":\"https:\/\/nordiccab.com\/wp-content\/uploads\/2023\/11\/Explorer-Bike-trailer-Stone-Gray.jpg\",\"width\":1000,\"height\":1000,\"caption\":\"Nordic Cab gr\u00e5, allsidig sykkelvogn\"},{\"@type\":\"BreadcrumbList\",\"@id\":\"https:\/\/nordiccab.com\/no\/produkt\/explorer-sykkelvogn-3i1-stone-gray\/#breadcrumb\",\"itemListElement\":[{\"@type\":\"ListItem\",\"position\":1,\"name\":\"Home\",\"item\":\"https:\/\/nordiccab.com\/no\/\"},{\"@type\":\"ListItem\",\"position\":2,\"name\":\"Produkter\",\"item\":\"https:\/\/nordiccab.com\/no\/butikk\/\"},{\"@type\":\"ListItem\",\"position\":3,\"name\":\"Explorer &#8211; Sykkelvogn 3i1 (Stone Gray)\"}]},{\"@type\":\"WebSite\",\"@id\":\"https:\/\/nordiccab.com\/no\/#website\",\"url\":\"https:\/\/nordiccab.com\/no\/\",\"name\":\"Nordic Cab\",\"description\":\"Start Life Exploring\",\"publisher\":{\"@id\":\"https:\/\/nordiccab.com\/no\/#organization\"},\"potentialAction\":[{\"@type\":\"SearchAction\",\"target\":{\"@type\":\"EntryPoint\",\"urlTemplate\":\"https:\/\/nordiccab.com\/no\/?s={search_term_string}\"},\"query-input\":{\"@type\":\"PropertyValueSpecification\",\"valueRequired\":true,\"valueName\":\"search_term_string\"}}],\"inLanguage\":\"nb-NO\"},{\"@type\":\"Organization\",\"@id\":\"https:\/\/nordiccab.com\/no\/#organization\",\"name\":\"Nordic Cab Solutions AS\",\"url\":\"https:\/\/nordiccab.com\/no\/\",\"logo\":{\"@type\":\"ImageObject\",\"inLanguage\":\"nb-NO\",\"@id\":\"https:\/\/nordiccab.com\/no\/#\/schema\/logo\/image\/\",\"url\":\"https:\/\/nordiccab.com\/wp-content\/uploads\/2022\/02\/NC-logo.svg\",\"contentUrl\":\"https:\/\/nordiccab.com\/wp-content\/uploads\/2022\/02\/NC-logo.svg\",\"width\":1,\"height\":1,\"caption\":\"Nordic Cab Solutions AS\"},\"image\":{\"@id\":\"https:\/\/nordiccab.com\/no\/#\/schema\/logo\/image\/\"},\"sameAs\":[\"https:\/\/www.facebook.com\/nordiccab\"]}]}<\/script>\n<!-- \/ Yoast SEO Premium plugin. -->","yoast_head_json":{"title":"Explorer - Sykkelvogn 3i1 (Stone Gray) - Nordic Cab","description":"Explorer \u2013 Sykkelvogn 3i1 (Stone Gray) sykkelvogn, trillevogn og varevogn til sykkel i ett produkt. Sykkelvogn for barn fra 9mnd til 7-8\u00e5r!","robots":{"index":"index","follow":"follow","max-snippet":"max-snippet:-1","max-image-preview":"max-image-preview:large","max-video-preview":"max-video-preview:-1"},"canonical":"https:\/\/nordiccab.com\/no\/produkt\/explorer-sykkelvogn-3i1-stone-gray\/","og_locale":"nb_NO","og_type":"article","og_title":"Explorer - Sykkelvogn 3i1 (Stone Gray)","og_description":"Explorer \u2013 Sykkelvogn 3i1 (Stone Gray) sykkelvogn, trillevogn og varevogn til sykkel i ett produkt. Sykkelvogn for barn fra 9mnd til 7-8\u00e5r!","og_url":"https:\/\/nordiccab.com\/no\/produkt\/explorer-sykkelvogn-3i1-stone-gray\/","og_site_name":"Nordic Cab","article_publisher":"https:\/\/www.facebook.com\/nordiccab","article_modified_time":"2025-08-12T16:47:09+00:00","og_image":[{"width":1000,"height":1000,"url":"https:\/\/nordiccab.com\/wp-content\/uploads\/2023\/11\/Explorer-Bike-trailer-Stone-Gray.jpg","type":"image\/jpeg"}],"twitter_card":"summary_large_image","twitter_misc":{"Ansl. lesetid":"2 minutter"},"schema":{"@context":"https:\/\/schema.org","@graph":[{"@type":"WebPage","@id":"https:\/\/nordiccab.com\/no\/produkt\/explorer-sykkelvogn-3i1-stone-gray\/","url":"https:\/\/nordiccab.com\/no\/produkt\/explorer-sykkelvogn-3i1-stone-gray\/","name":"Explorer - Sykkelvogn 3i1 (Stone Gray) - Nordic Cab","isPartOf":{"@id":"https:\/\/nordiccab.com\/no\/#website"},"primaryImageOfPage":{"@id":"https:\/\/nordiccab.com\/no\/produkt\/explorer-sykkelvogn-3i1-stone-gray\/#primaryimage"},"image":{"@id":"https:\/\/nordiccab.com\/no\/produkt\/explorer-sykkelvogn-3i1-stone-gray\/#primaryimage"},"thumbnailUrl":"https:\/\/nordiccab.com\/wp-content\/uploads\/2023\/11\/Explorer-Bike-trailer-Stone-Gray.jpg","datePublished":"2024-04-09T10:39:43+00:00","dateModified":"2025-08-12T16:47:09+00:00","description":"Explorer \u2013 Sykkelvogn 3i1 (Stone Gray) sykkelvogn, trillevogn og varevogn til sykkel i ett produkt. Sykkelvogn for barn fra 9mnd til 7-8\u00e5r!","breadcrumb":{"@id":"https:\/\/nordiccab.com\/no\/produkt\/explorer-sykkelvogn-3i1-stone-gray\/#breadcrumb"},"inLanguage":"nb-NO","potentialAction":[{"@type":"ReadAction","target":["https:\/\/nordiccab.com\/no\/produkt\/explorer-sykkelvogn-3i1-stone-gray\/"]}]},{"@type":"ImageObject","inLanguage":"nb-NO","@id":"https:\/\/nordiccab.com\/no\/produkt\/explorer-sykkelvogn-3i1-stone-gray\/#primaryimage","url":"https:\/\/nordiccab.com\/wp-content\/uploads\/2023\/11\/Explorer-Bike-trailer-Stone-Gray.jpg","contentUrl":"https:\/\/nordiccab.com\/wp-content\/uploads\/2023\/11\/Explorer-Bike-trailer-Stone-Gray.jpg","width":1000,"height":1000,"caption":"Nordic Cab gr\u00e5, allsidig sykkelvogn"},{"@type":"BreadcrumbList","@id":"https:\/\/nordiccab.com\/no\/produkt\/explorer-sykkelvogn-3i1-stone-gray\/#breadcrumb","itemListElement":[{"@type":"ListItem","position":1,"name":"Home","item":"https:\/\/nordiccab.com\/no\/"},{"@type":"ListItem","position":2,"name":"Produkter","item":"https:\/\/nordiccab.com\/no\/butikk\/"},{"@type":"ListItem","position":3,"name":"Explorer &#8211; Sykkelvogn 3i1 (Stone Gray)"}]},{"@type":"WebSite","@id":"https:\/\/nordiccab.com\/no\/#website","url":"https:\/\/nordiccab.com\/no\/","name":"Nordic Cab","description":"Start Life Exploring","publisher":{"@id":"https:\/\/nordiccab.com\/no\/#organization"},"potentialAction":[{"@type":"SearchAction","target":{"@type":"EntryPoint","urlTemplate":"https:\/\/nordiccab.com\/no\/?s={search_term_string}"},"query-input":{"@type":"PropertyValueSpecification","valueRequired":true,"valueName":"search_term_string"}}],"inLanguage":"nb-NO"},{"@type":"Organization","@id":"https:\/\/nordiccab.com\/no\/#organization","name":"Nordic Cab Solutions AS","url":"https:\/\/nordiccab.com\/no\/","logo":{"@type":"ImageObject","inLanguage":"nb-NO","@id":"https:\/\/nordiccab.com\/no\/#\/schema\/logo\/image\/","url":"https:\/\/nordiccab.com\/wp-content\/uploads\/2022\/02\/NC-logo.svg","contentUrl":"https:\/\/nordiccab.com\/wp-content\/uploads\/2022\/02\/NC-logo.svg","width":1,"height":1,"caption":"Nordic Cab Solutions AS"},"image":{"@id":"https:\/\/nordiccab.com\/no\/#\/schema\/logo\/image\/"},"sameAs":["https:\/\/www.facebook.com\/nordiccab"]}]}},"_links":{"self":[{"href":"https:\/\/nordiccab.com\/no\/wp-json\/wp\/v2\/product\/15503","targetHints":{"allow":["GET"]}}],"collection":[{"href":"https:\/\/nordiccab.com\/no\/wp-json\/wp\/v2\/product"}],"about":[{"href":"https:\/\/nordiccab.com\/no\/wp-json\/wp\/v2\/types\/product"}],"wp:featuredmedia":[{"embeddable":true,"href":"https:\/\/nordiccab.com\/no\/wp-json\/wp\/v2\/media\/15424"}],"wp:attachment":[{"href":"https:\/\/nordiccab.com\/no\/wp-json\/wp\/v2\/media?parent=15503"}],"wp:term":[{"taxonomy":"product_brand","embeddable":true,"href":"https:\/\/nordiccab.com\/no\/wp-json\/wp\/v2\/product_brand?post=15503"},{"taxonomy":"product_cat","embeddable":true,"href":"https:\/\/nordiccab.com\/no\/wp-json\/wp\/v2\/product_cat?post=15503"},{"taxonomy":"product_tag","embeddable":true,"href":"https:\/\/nordiccab.com\/no\/wp-json\/wp\/v2\/product_tag?post=15503"}],"curies":[{"name":"wp","href":"https:\/\/api.w.org\/{rel}","templated":true}]}}