{"id":15172,"date":"2024-09-30T00:50:00","date_gmt":"2024-05-26T09:45:00","guid":{"rendered":"https:\/\/nordiccab.com\/?post_type=product&#038;p=15172"},"modified":"2025-01-14T13:15:10","modified_gmt":"2025-01-14T12:15:10","slug":"nordic-cab-babynest-liggedel","status":"publish","type":"product","link":"https:\/\/nordiccab.com\/no\/produkt\/nordic-cab-babynest-liggedel\/","title":{"rendered":"Nordic Cab \u2013 Babynest Liggedel"},"content":{"rendered":"\n<h2 class=\"wp-block-heading has-large-font-size\" id=\"h-ekstra-komfort-og-stotte-for-de-aller-minste-med-nordic-cab-babynest-liggedel\">Ekstra Komfort og St\u00f8tte for de aller minste med Nordic Cab Babynest Liggedel<\/h2>\n\n\n\n<p>Nordic Cab Babynest Liggedel gir de aller minste en trygg og komfortabel plass n\u00e5r dere er p\u00e5 tur. Den er spesielt designet for \u00e5 passe inn i Nordic Cab Explorer (2010 og nyere) og andre vogner med mulighet for flatt liggende sete. Med et mykt skum og materialer av h\u00f8y kvalitet, inkludert pustende Oeko-Tex-sertifiserte stoffer, er denne liggedelen ideell for \u00e5 skape et lunt milj\u00f8 for barnet.<\/p>\n\n\n\n<p><strong>Merk:<\/strong> Ikke anbefalt for bruk i sykkelvogn-modus, da barnet er for lite, og vognen skal ikke brukes i liggende posisjon under sykling. Babynesten kan brukes som pulk p\u00e5 korte turer, men v\u00e6r forsiktig og vurder forholdene n\u00f8ye. <br>Se v\u00e5re anbefalinger for bruk av pulk etter barnets alder <strong><a href=\"https:\/\/nordiccab.com\/no\/pa-skitur-med-barn-i-pulk\/\" target=\"_blank\" rel=\"noreferrer noopener\">her<\/a><\/strong>.<\/p>\n\n\n\n<h3 class=\"wp-block-heading has-normal-font-size\" id=\"h-tilpass-din-nordic-cab-til-deres-unike-behov\">Tilpass din Nordic Cab til deres unike behov<\/h3>\n\n\n\n<p>En Nordic Cab Explorer kommer alltid godt utstyrt, med alle deler for \u00e5 bruke ulike funksjoner. Alle familier har forskjellige behov, og vi vet at en sykkelvogn eller barnepulk brukes variert. Derfor har vi utviklet tilbeh\u00f8r for \u00e5 tilpasse vognen til deres v\u00e6r, terreng og bruksm\u00f8nster. Utforsk ekstrautstyret til Nordic Cab <strong><a href=\"https:\/\/nordiccab.com\/no\/produktkategori\/tilbehor\/sykkelvogn-pulk-nordic-cab-tilbehor-no\/\" target=\"_blank\" rel=\"noreferrer noopener\">her<\/a><\/strong>.<\/p>\n\n\n\n<p><strong><a href=\"https:\/\/nordiccab.com\/no\/produktkategori\/tilbehor\/turutstyr-barn-tilbehor\/\" target=\"_blank\" rel=\"noreferrer noopener\">Turutstyr for barn:<\/a><\/strong> Utforsk v\u00e5rt utvalg av utstyr som gj\u00f8r turene enklere og morsommere for hele familien. Her finner du blant annet truger til pauser p\u00e5 vinterturene med barnepulken og hjelmer for sykkelvogn.<\/p>\n\n\n\n<p><strong><a href=\"https:\/\/nordiccab.com\/no\/produktkategori\/tilbehor\/turutstyr-voksne-tilbehor\/\" target=\"_blank\" rel=\"noreferrer noopener\">Turutstyr for voksne:<\/a><\/strong> I denne kategorien finner du kvalitetsutstyr som gj\u00f8r turene mer komfortable og funksjonelle. Utstyret passer uansett om du bruker sykkelvogn, barnepulk eller barnevogn. eller barnevogn.<\/p>\n\n\n\n<p><a href=\"https:\/\/nordiccab.com\/no\/produktkategori\/tilbehor\/akseladapter\/\" target=\"_blank\" rel=\"noreferrer noopener\"><strong>Akseladaptere:<\/strong> <\/a>For \u00e5 gj\u00f8re sykkelvognen kompatibel med ulike sykler tilbyr vi universale adaptere. Nordic Cab har Europas st\u00f8rste utvalg av adaptere som passer alle typer sykkelvogner.<\/p>\n","protected":false},"excerpt":{"rendered":"<ul>\n<li><span style=\"color: #008000;\"><strong>Komfortabel og myk:<\/strong><\/span> Fylt med skum og foret med pustende, Oeko-Tex-sertifiserte stoffer.<\/li>\n<li><span style=\"color: #008000;\"><strong>Spesialtilpasset passform:<\/strong><\/span> Skreddersydd for Nordic Cab Explorer og flatt liggende seter.<\/li>\n<li><span style=\"color: #008000;\"><strong>Avtakbar front:<\/strong> <\/span>Glidel\u00e5s\u00e5pning foran gir enkel tilgang og temperaturjustering.<\/li>\n<li><span style=\"color: #008000;\"><strong>Lett og enkel \u00e5 transportere:<\/strong><\/span> Veier 500 gram og pakkes kompakt for transport.<\/li>\n<li><span style=\"color: #008000;\"><strong>Sikker og praktisk:<\/strong> <\/span>Trygg liggedel for de minste, ideell til barnevogn og rolig bruk.<\/li>\n<li><span style=\"color: #008000;\"><strong>NB!\u00a0<\/strong><\/span>Bildet viser Babynest montert sammen med anbefalt tilbeh\u00f8r &laquo;Delt Seterygg&raquo;<\/li>\n<\/ul>\n","protected":false},"featured_media":24152,"template":"","meta":{"_genesis_hide_title":false,"_genesis_hide_breadcrumbs":false,"_genesis_hide_singular_image":false,"_genesis_hide_footer_widgets":false,"_genesis_custom_body_class":"","_genesis_custom_post_class":"","_genesis_layout":""},"product_brand":[],"product_cat":[89],"product_tag":[],"class_list":{"0":"post-15172","1":"product","2":"type-product","3":"status-publish","4":"has-post-thumbnail","6":"product_cat-ukategorisert-no","7":"entry","9":"first","10":"outofstock","11":"taxable","12":"shipping-taxable","13":"purchasable","14":"product-type-simple"},"bundled_by":[],"bundle_stock_status":"outofstock","bundle_stock_quantity":null,"bundle_virtual":false,"bundle_layout":"","bundle_add_to_cart_form_location":"","bundle_editable_in_cart":false,"bundle_sold_individually_context":"","bundle_item_grouping":"","bundle_min_size":"","bundle_max_size":"","bundle_price":[],"bundled_items":[],"bundle_sell_ids":[],"yoast_head":"<!-- This site is optimized with the Yoast SEO Premium plugin v26.0 (Yoast SEO v26.0) - https:\/\/yoast.com\/wordpress\/plugins\/seo\/ -->\n<title>Nordic Cab Babynest Liggedel \u2013 Komfort for Sykkelvogn og Pulk<\/title>\n<meta name=\"description\" content=\"Nordic Cab Babynest Liggedel gir de minste en trygg og komfortabel plass i sykkelvogn og pulk. Pustende materialer og spesialtilpasset passform.\" \/>\n<meta name=\"robots\" content=\"index, follow, max-snippet:-1, max-image-preview:large, max-video-preview:-1\" \/>\n<link rel=\"canonical\" href=\"https:\/\/nordiccab.com\/no\/produkt\/nordic-cab-babynest-liggedel\/\" \/>\n<meta property=\"og:locale\" content=\"nb_NO\" \/>\n<meta property=\"og:type\" content=\"article\" \/>\n<meta property=\"og:title\" content=\"Nordic Cab \u2013 Babynest Liggedel\" \/>\n<meta property=\"og:description\" content=\"Nordic Cab Babynest Liggedel gir de minste en trygg og komfortabel plass i sykkelvogn og pulk. Pustende materialer og spesialtilpasset passform.\" \/>\n<meta property=\"og:url\" content=\"https:\/\/nordiccab.com\/no\/produkt\/nordic-cab-babynest-liggedel\/\" \/>\n<meta property=\"og:site_name\" content=\"Nordic Cab\" \/>\n<meta property=\"article:publisher\" content=\"https:\/\/www.facebook.com\/nordiccab\" \/>\n<meta property=\"article:modified_time\" content=\"2025-01-14T12:15:10+00:00\" \/>\n<meta property=\"og:image\" content=\"https:\/\/nordiccab.com\/wp-content\/uploads\/2024\/05\/Babynest-with-cover.jpg\" \/>\n\t<meta property=\"og:image:width\" content=\"1000\" \/>\n\t<meta property=\"og:image:height\" content=\"1000\" \/>\n\t<meta property=\"og:image:type\" content=\"image\/jpeg\" \/>\n<meta name=\"twitter:card\" content=\"summary_large_image\" \/>\n<meta name=\"twitter:label1\" content=\"Ansl. lesetid\" \/>\n\t<meta name=\"twitter:data1\" content=\"2 minutter\" \/>\n<script type=\"application\/ld+json\" class=\"yoast-schema-graph\">{\"@context\":\"https:\/\/schema.org\",\"@graph\":[{\"@type\":\"WebPage\",\"@id\":\"https:\/\/nordiccab.com\/no\/produkt\/nordic-cab-babynest-liggedel\/\",\"url\":\"https:\/\/nordiccab.com\/no\/produkt\/nordic-cab-babynest-liggedel\/\",\"name\":\"Nordic Cab Babynest Liggedel \u2013 Komfort for Sykkelvogn og Pulk\",\"isPartOf\":{\"@id\":\"https:\/\/nordiccab.com\/no\/#website\"},\"primaryImageOfPage\":{\"@id\":\"https:\/\/nordiccab.com\/no\/produkt\/nordic-cab-babynest-liggedel\/#primaryimage\"},\"image\":{\"@id\":\"https:\/\/nordiccab.com\/no\/produkt\/nordic-cab-babynest-liggedel\/#primaryimage\"},\"thumbnailUrl\":\"https:\/\/nordiccab.com\/wp-content\/uploads\/2024\/05\/Babynest-with-cover.jpg\",\"datePublished\":\"2024-05-26T09:45:00+00:00\",\"dateModified\":\"2025-01-14T12:15:10+00:00\",\"description\":\"Nordic Cab Babynest Liggedel gir de minste en trygg og komfortabel plass i sykkelvogn og pulk. Pustende materialer og spesialtilpasset passform.\",\"breadcrumb\":{\"@id\":\"https:\/\/nordiccab.com\/no\/produkt\/nordic-cab-babynest-liggedel\/#breadcrumb\"},\"inLanguage\":\"nb-NO\",\"potentialAction\":[{\"@type\":\"ReadAction\",\"target\":[\"https:\/\/nordiccab.com\/no\/produkt\/nordic-cab-babynest-liggedel\/\"]}]},{\"@type\":\"ImageObject\",\"inLanguage\":\"nb-NO\",\"@id\":\"https:\/\/nordiccab.com\/no\/produkt\/nordic-cab-babynest-liggedel\/#primaryimage\",\"url\":\"https:\/\/nordiccab.com\/wp-content\/uploads\/2024\/05\/Babynest-with-cover.jpg\",\"contentUrl\":\"https:\/\/nordiccab.com\/wp-content\/uploads\/2024\/05\/Babynest-with-cover.jpg\",\"width\":1000,\"height\":1000,\"caption\":\"Babynest. Liggedel for sykkelvogn og pulk Nordic Cab\"},{\"@type\":\"BreadcrumbList\",\"@id\":\"https:\/\/nordiccab.com\/no\/produkt\/nordic-cab-babynest-liggedel\/#breadcrumb\",\"itemListElement\":[{\"@type\":\"ListItem\",\"position\":1,\"name\":\"Home\",\"item\":\"https:\/\/nordiccab.com\/no\/\"},{\"@type\":\"ListItem\",\"position\":2,\"name\":\"Produkter\",\"item\":\"https:\/\/nordiccab.com\/no\/butikk\/\"},{\"@type\":\"ListItem\",\"position\":3,\"name\":\"Nordic Cab \u2013 Babynest Liggedel\"}]},{\"@type\":\"WebSite\",\"@id\":\"https:\/\/nordiccab.com\/no\/#website\",\"url\":\"https:\/\/nordiccab.com\/no\/\",\"name\":\"Nordic Cab\",\"description\":\"Start Life Exploring\",\"publisher\":{\"@id\":\"https:\/\/nordiccab.com\/no\/#organization\"},\"potentialAction\":[{\"@type\":\"SearchAction\",\"target\":{\"@type\":\"EntryPoint\",\"urlTemplate\":\"https:\/\/nordiccab.com\/no\/?s={search_term_string}\"},\"query-input\":{\"@type\":\"PropertyValueSpecification\",\"valueRequired\":true,\"valueName\":\"search_term_string\"}}],\"inLanguage\":\"nb-NO\"},{\"@type\":\"Organization\",\"@id\":\"https:\/\/nordiccab.com\/no\/#organization\",\"name\":\"Nordic Cab Solutions AS\",\"url\":\"https:\/\/nordiccab.com\/no\/\",\"logo\":{\"@type\":\"ImageObject\",\"inLanguage\":\"nb-NO\",\"@id\":\"https:\/\/nordiccab.com\/no\/#\/schema\/logo\/image\/\",\"url\":\"https:\/\/nordiccab.com\/wp-content\/uploads\/2022\/02\/NC-logo.svg\",\"contentUrl\":\"https:\/\/nordiccab.com\/wp-content\/uploads\/2022\/02\/NC-logo.svg\",\"width\":1,\"height\":1,\"caption\":\"Nordic Cab Solutions AS\"},\"image\":{\"@id\":\"https:\/\/nordiccab.com\/no\/#\/schema\/logo\/image\/\"},\"sameAs\":[\"https:\/\/www.facebook.com\/nordiccab\"]}]}<\/script>\n<!-- \/ Yoast SEO Premium plugin. -->","yoast_head_json":{"title":"Nordic Cab Babynest Liggedel \u2013 Komfort for Sykkelvogn og Pulk","description":"Nordic Cab Babynest Liggedel gir de minste en trygg og komfortabel plass i sykkelvogn og pulk. Pustende materialer og spesialtilpasset passform.","robots":{"index":"index","follow":"follow","max-snippet":"max-snippet:-1","max-image-preview":"max-image-preview:large","max-video-preview":"max-video-preview:-1"},"canonical":"https:\/\/nordiccab.com\/no\/produkt\/nordic-cab-babynest-liggedel\/","og_locale":"nb_NO","og_type":"article","og_title":"Nordic Cab \u2013 Babynest Liggedel","og_description":"Nordic Cab Babynest Liggedel gir de minste en trygg og komfortabel plass i sykkelvogn og pulk. Pustende materialer og spesialtilpasset passform.","og_url":"https:\/\/nordiccab.com\/no\/produkt\/nordic-cab-babynest-liggedel\/","og_site_name":"Nordic Cab","article_publisher":"https:\/\/www.facebook.com\/nordiccab","article_modified_time":"2025-01-14T12:15:10+00:00","og_image":[{"width":1000,"height":1000,"url":"https:\/\/nordiccab.com\/wp-content\/uploads\/2024\/05\/Babynest-with-cover.jpg","type":"image\/jpeg"}],"twitter_card":"summary_large_image","twitter_misc":{"Ansl. lesetid":"2 minutter"},"schema":{"@context":"https:\/\/schema.org","@graph":[{"@type":"WebPage","@id":"https:\/\/nordiccab.com\/no\/produkt\/nordic-cab-babynest-liggedel\/","url":"https:\/\/nordiccab.com\/no\/produkt\/nordic-cab-babynest-liggedel\/","name":"Nordic Cab Babynest Liggedel \u2013 Komfort for Sykkelvogn og Pulk","isPartOf":{"@id":"https:\/\/nordiccab.com\/no\/#website"},"primaryImageOfPage":{"@id":"https:\/\/nordiccab.com\/no\/produkt\/nordic-cab-babynest-liggedel\/#primaryimage"},"image":{"@id":"https:\/\/nordiccab.com\/no\/produkt\/nordic-cab-babynest-liggedel\/#primaryimage"},"thumbnailUrl":"https:\/\/nordiccab.com\/wp-content\/uploads\/2024\/05\/Babynest-with-cover.jpg","datePublished":"2024-05-26T09:45:00+00:00","dateModified":"2025-01-14T12:15:10+00:00","description":"Nordic Cab Babynest Liggedel gir de minste en trygg og komfortabel plass i sykkelvogn og pulk. Pustende materialer og spesialtilpasset passform.","breadcrumb":{"@id":"https:\/\/nordiccab.com\/no\/produkt\/nordic-cab-babynest-liggedel\/#breadcrumb"},"inLanguage":"nb-NO","potentialAction":[{"@type":"ReadAction","target":["https:\/\/nordiccab.com\/no\/produkt\/nordic-cab-babynest-liggedel\/"]}]},{"@type":"ImageObject","inLanguage":"nb-NO","@id":"https:\/\/nordiccab.com\/no\/produkt\/nordic-cab-babynest-liggedel\/#primaryimage","url":"https:\/\/nordiccab.com\/wp-content\/uploads\/2024\/05\/Babynest-with-cover.jpg","contentUrl":"https:\/\/nordiccab.com\/wp-content\/uploads\/2024\/05\/Babynest-with-cover.jpg","width":1000,"height":1000,"caption":"Babynest. Liggedel for sykkelvogn og pulk Nordic Cab"},{"@type":"BreadcrumbList","@id":"https:\/\/nordiccab.com\/no\/produkt\/nordic-cab-babynest-liggedel\/#breadcrumb","itemListElement":[{"@type":"ListItem","position":1,"name":"Home","item":"https:\/\/nordiccab.com\/no\/"},{"@type":"ListItem","position":2,"name":"Produkter","item":"https:\/\/nordiccab.com\/no\/butikk\/"},{"@type":"ListItem","position":3,"name":"Nordic Cab \u2013 Babynest Liggedel"}]},{"@type":"WebSite","@id":"https:\/\/nordiccab.com\/no\/#website","url":"https:\/\/nordiccab.com\/no\/","name":"Nordic Cab","description":"Start Life Exploring","publisher":{"@id":"https:\/\/nordiccab.com\/no\/#organization"},"potentialAction":[{"@type":"SearchAction","target":{"@type":"EntryPoint","urlTemplate":"https:\/\/nordiccab.com\/no\/?s={search_term_string}"},"query-input":{"@type":"PropertyValueSpecification","valueRequired":true,"valueName":"search_term_string"}}],"inLanguage":"nb-NO"},{"@type":"Organization","@id":"https:\/\/nordiccab.com\/no\/#organization","name":"Nordic Cab Solutions AS","url":"https:\/\/nordiccab.com\/no\/","logo":{"@type":"ImageObject","inLanguage":"nb-NO","@id":"https:\/\/nordiccab.com\/no\/#\/schema\/logo\/image\/","url":"https:\/\/nordiccab.com\/wp-content\/uploads\/2022\/02\/NC-logo.svg","contentUrl":"https:\/\/nordiccab.com\/wp-content\/uploads\/2022\/02\/NC-logo.svg","width":1,"height":1,"caption":"Nordic Cab Solutions AS"},"image":{"@id":"https:\/\/nordiccab.com\/no\/#\/schema\/logo\/image\/"},"sameAs":["https:\/\/www.facebook.com\/nordiccab"]}]}},"_links":{"self":[{"href":"https:\/\/nordiccab.com\/no\/wp-json\/wp\/v2\/product\/15172","targetHints":{"allow":["GET"]}}],"collection":[{"href":"https:\/\/nordiccab.com\/no\/wp-json\/wp\/v2\/product"}],"about":[{"href":"https:\/\/nordiccab.com\/no\/wp-json\/wp\/v2\/types\/product"}],"wp:featuredmedia":[{"embeddable":true,"href":"https:\/\/nordiccab.com\/no\/wp-json\/wp\/v2\/media\/24152"}],"wp:attachment":[{"href":"https:\/\/nordiccab.com\/no\/wp-json\/wp\/v2\/media?parent=15172"}],"wp:term":[{"taxonomy":"product_brand","embeddable":true,"href":"https:\/\/nordiccab.com\/no\/wp-json\/wp\/v2\/product_brand?post=15172"},{"taxonomy":"product_cat","embeddable":true,"href":"https:\/\/nordiccab.com\/no\/wp-json\/wp\/v2\/product_cat?post=15172"},{"taxonomy":"product_tag","embeddable":true,"href":"https:\/\/nordiccab.com\/no\/wp-json\/wp\/v2\/product_tag?post=15172"}],"curies":[{"name":"wp","href":"https:\/\/api.w.org\/{rel}","templated":true}]}}