{"id":1511,"date":"2024-09-22T14:17:00","date_gmt":"2024-03-24T13:17:00","guid":{"rendered":"https:\/\/nordiccab.com\/?post_type=product&#038;p=1511"},"modified":"2025-09-18T08:48:08","modified_gmt":"2025-09-18T06:48:08","slug":"speil-til-sykkelen","status":"publish","type":"product","link":"https:\/\/nordiccab.com\/no\/produkt\/speil-til-sykkelen\/","title":{"rendered":"Speil til sykkel"},"content":{"rendered":"\n<h2 class=\"wp-block-heading has-large-font-size\" id=\"h-fa-bedre-oversikt-og-kontroll-pa-bade-barn-og-trafikk-nar-du-er-ute-med-sykkelvognen\">F\u00e5 bedre oversikt og kontroll p\u00e5 b\u00e5de barn og trafikk n\u00e5r du er ute med sykkelvognen.<\/h2>\n\n\n\n<p>Speil til sykkel som festes i styreenden, enten p\u00e5 h\u00f8yre eller venstre siden.<\/p>\n\n\n\n<p>\u00c5 snu seg i fart kan\u00a0f\u00f8re til uheldige\u00a0situasjoner. Med speil p\u00e5 sykkelen f\u00e5r du bedre kontroll og oversikt over sykkelvognen, barn\u00a0og trafikk bak deg.<\/p>\n\n\n\n<p>&#8211; Passer alle typer sykkelstyrer. H\u00f8yre eller venstre<\/p>\n\n\n\n<p>&#8211; Laget av uknuselig ABS Chrome og utgj\u00f8r derfor ingen fare ved fall<\/p>\n\n\n\n<p>&#8211; Treveis justering lar deg tilpasse speilet perfekt i forhold til ditt eget bruk.<\/p>\n","protected":false},"excerpt":{"rendered":"<p>Sykkelspeil er praktisk n\u00e5r man sykler med sykkelvogn. F\u00e5 bedre oversikt b\u00e5de p\u00e5 barn og trafikk uten \u00e5 m\u00e5tte snu deg.<\/p>\n","protected":false},"featured_media":1512,"template":"","meta":{"_genesis_hide_title":false,"_genesis_hide_breadcrumbs":false,"_genesis_hide_singular_image":false,"_genesis_hide_footer_widgets":false,"_genesis_custom_body_class":"","_genesis_custom_post_class":"","_genesis_layout":""},"product_brand":[],"product_cat":[652,81],"product_tag":[729],"class_list":{"0":"post-1511","1":"product","2":"type-product","3":"status-publish","4":"has-post-thumbnail","6":"product_cat-turutstyr-voksne-tilbehor","7":"product_cat-sykkelvogn-pulk-nordic-cab-tilbehor-no","8":"product_tag-produkt-stikkord-universelt-tilbehor","9":"entry","11":"first","12":"instock","13":"taxable","14":"shipping-taxable","15":"purchasable","16":"product-type-simple"},"bundled_by":[],"bundle_stock_status":"instock","bundle_stock_quantity":8,"bundle_virtual":false,"bundle_layout":"","bundle_add_to_cart_form_location":"","bundle_editable_in_cart":false,"bundle_sold_individually_context":"","bundle_item_grouping":"","bundle_min_size":"","bundle_max_size":"","bundle_price":[],"bundled_items":[],"bundle_sell_ids":[],"yoast_head":"<!-- This site is optimized with the Yoast SEO Premium plugin v26.0 (Yoast SEO v26.0) - https:\/\/yoast.com\/wordpress\/plugins\/seo\/ -->\n<title>Speil til sykkel - Nordic Cab<\/title>\n<meta name=\"description\" content=\"Sykkelspeil er praktisk n\u00e5r man sykler med sykkelvogn. Enkelt \u00e5 f\u00f8lge med p\u00e5 barnet som sitter i vognen.\" \/>\n<meta name=\"robots\" content=\"index, follow, max-snippet:-1, max-image-preview:large, max-video-preview:-1\" \/>\n<link rel=\"canonical\" href=\"https:\/\/nordiccab.com\/no\/produkt\/speil-til-sykkelen\/\" \/>\n<meta property=\"og:locale\" content=\"nb_NO\" \/>\n<meta property=\"og:type\" content=\"article\" \/>\n<meta property=\"og:title\" content=\"Speil til sykkel\" \/>\n<meta property=\"og:description\" content=\"Sykkelspeil er praktisk n\u00e5r man sykler med sykkelvogn. Enkelt \u00e5 f\u00f8lge med p\u00e5 barnet som sitter i vognen.\" \/>\n<meta property=\"og:url\" content=\"https:\/\/nordiccab.com\/no\/produkt\/speil-til-sykkelen\/\" \/>\n<meta property=\"og:site_name\" content=\"Nordic Cab\" \/>\n<meta property=\"article:publisher\" content=\"https:\/\/www.facebook.com\/nordiccab\" \/>\n<meta property=\"article:modified_time\" content=\"2025-09-18T06:48:08+00:00\" \/>\n<meta property=\"og:image\" content=\"https:\/\/nordiccab.com\/wp-content\/uploads\/2021\/04\/Speil.jpg\" \/>\n\t<meta property=\"og:image:width\" content=\"1000\" \/>\n\t<meta property=\"og:image:height\" content=\"1000\" \/>\n\t<meta property=\"og:image:type\" content=\"image\/jpeg\" \/>\n<meta name=\"twitter:card\" content=\"summary_large_image\" \/>\n<meta name=\"twitter:label1\" content=\"Ansl. lesetid\" \/>\n\t<meta name=\"twitter:data1\" content=\"1 minutt\" \/>\n<script type=\"application\/ld+json\" class=\"yoast-schema-graph\">{\"@context\":\"https:\/\/schema.org\",\"@graph\":[{\"@type\":\"WebPage\",\"@id\":\"https:\/\/nordiccab.com\/no\/produkt\/speil-til-sykkelen\/\",\"url\":\"https:\/\/nordiccab.com\/no\/produkt\/speil-til-sykkelen\/\",\"name\":\"Speil til sykkel - Nordic Cab\",\"isPartOf\":{\"@id\":\"https:\/\/nordiccab.com\/no\/#website\"},\"primaryImageOfPage\":{\"@id\":\"https:\/\/nordiccab.com\/no\/produkt\/speil-til-sykkelen\/#primaryimage\"},\"image\":{\"@id\":\"https:\/\/nordiccab.com\/no\/produkt\/speil-til-sykkelen\/#primaryimage\"},\"thumbnailUrl\":\"https:\/\/nordiccab.com\/wp-content\/uploads\/2021\/04\/Speil.jpg\",\"datePublished\":\"2024-03-24T13:17:00+00:00\",\"dateModified\":\"2025-09-18T06:48:08+00:00\",\"description\":\"Sykkelspeil er praktisk n\u00e5r man sykler med sykkelvogn. Enkelt \u00e5 f\u00f8lge med p\u00e5 barnet som sitter i vognen.\",\"breadcrumb\":{\"@id\":\"https:\/\/nordiccab.com\/no\/produkt\/speil-til-sykkelen\/#breadcrumb\"},\"inLanguage\":\"nb-NO\",\"potentialAction\":[{\"@type\":\"ReadAction\",\"target\":[\"https:\/\/nordiccab.com\/no\/produkt\/speil-til-sykkelen\/\"]}]},{\"@type\":\"ImageObject\",\"inLanguage\":\"nb-NO\",\"@id\":\"https:\/\/nordiccab.com\/no\/produkt\/speil-til-sykkelen\/#primaryimage\",\"url\":\"https:\/\/nordiccab.com\/wp-content\/uploads\/2021\/04\/Speil.jpg\",\"contentUrl\":\"https:\/\/nordiccab.com\/wp-content\/uploads\/2021\/04\/Speil.jpg\",\"width\":1000,\"height\":1000,\"caption\":\"Mirror for the bike\"},{\"@type\":\"BreadcrumbList\",\"@id\":\"https:\/\/nordiccab.com\/no\/produkt\/speil-til-sykkelen\/#breadcrumb\",\"itemListElement\":[{\"@type\":\"ListItem\",\"position\":1,\"name\":\"Home\",\"item\":\"https:\/\/nordiccab.com\/no\/\"},{\"@type\":\"ListItem\",\"position\":2,\"name\":\"Produkter\",\"item\":\"https:\/\/nordiccab.com\/no\/butikk\/\"},{\"@type\":\"ListItem\",\"position\":3,\"name\":\"Speil til sykkel\"}]},{\"@type\":\"WebSite\",\"@id\":\"https:\/\/nordiccab.com\/no\/#website\",\"url\":\"https:\/\/nordiccab.com\/no\/\",\"name\":\"Nordic Cab\",\"description\":\"Start Life Exploring\",\"publisher\":{\"@id\":\"https:\/\/nordiccab.com\/no\/#organization\"},\"potentialAction\":[{\"@type\":\"SearchAction\",\"target\":{\"@type\":\"EntryPoint\",\"urlTemplate\":\"https:\/\/nordiccab.com\/no\/?s={search_term_string}\"},\"query-input\":{\"@type\":\"PropertyValueSpecification\",\"valueRequired\":true,\"valueName\":\"search_term_string\"}}],\"inLanguage\":\"nb-NO\"},{\"@type\":\"Organization\",\"@id\":\"https:\/\/nordiccab.com\/no\/#organization\",\"name\":\"Nordic Cab Solutions AS\",\"url\":\"https:\/\/nordiccab.com\/no\/\",\"logo\":{\"@type\":\"ImageObject\",\"inLanguage\":\"nb-NO\",\"@id\":\"https:\/\/nordiccab.com\/no\/#\/schema\/logo\/image\/\",\"url\":\"https:\/\/nordiccab.com\/wp-content\/uploads\/2022\/02\/NC-logo.svg\",\"contentUrl\":\"https:\/\/nordiccab.com\/wp-content\/uploads\/2022\/02\/NC-logo.svg\",\"width\":1,\"height\":1,\"caption\":\"Nordic Cab Solutions AS\"},\"image\":{\"@id\":\"https:\/\/nordiccab.com\/no\/#\/schema\/logo\/image\/\"},\"sameAs\":[\"https:\/\/www.facebook.com\/nordiccab\"]}]}<\/script>\n<!-- \/ Yoast SEO Premium plugin. -->","yoast_head_json":{"title":"Speil til sykkel - Nordic Cab","description":"Sykkelspeil er praktisk n\u00e5r man sykler med sykkelvogn. Enkelt \u00e5 f\u00f8lge med p\u00e5 barnet som sitter i vognen.","robots":{"index":"index","follow":"follow","max-snippet":"max-snippet:-1","max-image-preview":"max-image-preview:large","max-video-preview":"max-video-preview:-1"},"canonical":"https:\/\/nordiccab.com\/no\/produkt\/speil-til-sykkelen\/","og_locale":"nb_NO","og_type":"article","og_title":"Speil til sykkel","og_description":"Sykkelspeil er praktisk n\u00e5r man sykler med sykkelvogn. Enkelt \u00e5 f\u00f8lge med p\u00e5 barnet som sitter i vognen.","og_url":"https:\/\/nordiccab.com\/no\/produkt\/speil-til-sykkelen\/","og_site_name":"Nordic Cab","article_publisher":"https:\/\/www.facebook.com\/nordiccab","article_modified_time":"2025-09-18T06:48:08+00:00","og_image":[{"width":1000,"height":1000,"url":"https:\/\/nordiccab.com\/wp-content\/uploads\/2021\/04\/Speil.jpg","type":"image\/jpeg"}],"twitter_card":"summary_large_image","twitter_misc":{"Ansl. lesetid":"1 minutt"},"schema":{"@context":"https:\/\/schema.org","@graph":[{"@type":"WebPage","@id":"https:\/\/nordiccab.com\/no\/produkt\/speil-til-sykkelen\/","url":"https:\/\/nordiccab.com\/no\/produkt\/speil-til-sykkelen\/","name":"Speil til sykkel - Nordic Cab","isPartOf":{"@id":"https:\/\/nordiccab.com\/no\/#website"},"primaryImageOfPage":{"@id":"https:\/\/nordiccab.com\/no\/produkt\/speil-til-sykkelen\/#primaryimage"},"image":{"@id":"https:\/\/nordiccab.com\/no\/produkt\/speil-til-sykkelen\/#primaryimage"},"thumbnailUrl":"https:\/\/nordiccab.com\/wp-content\/uploads\/2021\/04\/Speil.jpg","datePublished":"2024-03-24T13:17:00+00:00","dateModified":"2025-09-18T06:48:08+00:00","description":"Sykkelspeil er praktisk n\u00e5r man sykler med sykkelvogn. Enkelt \u00e5 f\u00f8lge med p\u00e5 barnet som sitter i vognen.","breadcrumb":{"@id":"https:\/\/nordiccab.com\/no\/produkt\/speil-til-sykkelen\/#breadcrumb"},"inLanguage":"nb-NO","potentialAction":[{"@type":"ReadAction","target":["https:\/\/nordiccab.com\/no\/produkt\/speil-til-sykkelen\/"]}]},{"@type":"ImageObject","inLanguage":"nb-NO","@id":"https:\/\/nordiccab.com\/no\/produkt\/speil-til-sykkelen\/#primaryimage","url":"https:\/\/nordiccab.com\/wp-content\/uploads\/2021\/04\/Speil.jpg","contentUrl":"https:\/\/nordiccab.com\/wp-content\/uploads\/2021\/04\/Speil.jpg","width":1000,"height":1000,"caption":"Mirror for the bike"},{"@type":"BreadcrumbList","@id":"https:\/\/nordiccab.com\/no\/produkt\/speil-til-sykkelen\/#breadcrumb","itemListElement":[{"@type":"ListItem","position":1,"name":"Home","item":"https:\/\/nordiccab.com\/no\/"},{"@type":"ListItem","position":2,"name":"Produkter","item":"https:\/\/nordiccab.com\/no\/butikk\/"},{"@type":"ListItem","position":3,"name":"Speil til sykkel"}]},{"@type":"WebSite","@id":"https:\/\/nordiccab.com\/no\/#website","url":"https:\/\/nordiccab.com\/no\/","name":"Nordic Cab","description":"Start Life Exploring","publisher":{"@id":"https:\/\/nordiccab.com\/no\/#organization"},"potentialAction":[{"@type":"SearchAction","target":{"@type":"EntryPoint","urlTemplate":"https:\/\/nordiccab.com\/no\/?s={search_term_string}"},"query-input":{"@type":"PropertyValueSpecification","valueRequired":true,"valueName":"search_term_string"}}],"inLanguage":"nb-NO"},{"@type":"Organization","@id":"https:\/\/nordiccab.com\/no\/#organization","name":"Nordic Cab Solutions AS","url":"https:\/\/nordiccab.com\/no\/","logo":{"@type":"ImageObject","inLanguage":"nb-NO","@id":"https:\/\/nordiccab.com\/no\/#\/schema\/logo\/image\/","url":"https:\/\/nordiccab.com\/wp-content\/uploads\/2022\/02\/NC-logo.svg","contentUrl":"https:\/\/nordiccab.com\/wp-content\/uploads\/2022\/02\/NC-logo.svg","width":1,"height":1,"caption":"Nordic Cab Solutions AS"},"image":{"@id":"https:\/\/nordiccab.com\/no\/#\/schema\/logo\/image\/"},"sameAs":["https:\/\/www.facebook.com\/nordiccab"]}]}},"_links":{"self":[{"href":"https:\/\/nordiccab.com\/no\/wp-json\/wp\/v2\/product\/1511","targetHints":{"allow":["GET"]}}],"collection":[{"href":"https:\/\/nordiccab.com\/no\/wp-json\/wp\/v2\/product"}],"about":[{"href":"https:\/\/nordiccab.com\/no\/wp-json\/wp\/v2\/types\/product"}],"wp:featuredmedia":[{"embeddable":true,"href":"https:\/\/nordiccab.com\/no\/wp-json\/wp\/v2\/media\/1512"}],"wp:attachment":[{"href":"https:\/\/nordiccab.com\/no\/wp-json\/wp\/v2\/media?parent=1511"}],"wp:term":[{"taxonomy":"product_brand","embeddable":true,"href":"https:\/\/nordiccab.com\/no\/wp-json\/wp\/v2\/product_brand?post=1511"},{"taxonomy":"product_cat","embeddable":true,"href":"https:\/\/nordiccab.com\/no\/wp-json\/wp\/v2\/product_cat?post=1511"},{"taxonomy":"product_tag","embeddable":true,"href":"https:\/\/nordiccab.com\/no\/wp-json\/wp\/v2\/product_tag?post=1511"}],"curies":[{"name":"wp","href":"https:\/\/api.w.org\/{rel}","templated":true}]}}