{"id":1487,"date":"2024-09-27T00:58:00","date_gmt":"2024-05-26T07:18:00","guid":{"rendered":"https:\/\/nordiccab.com\/?post_type=product&#038;p=1487"},"modified":"2025-08-14T18:01:52","modified_gmt":"2025-08-14T16:01:52","slug":"tur-kit","status":"publish","type":"product","link":"https:\/\/nordiccab.com\/no\/produkt\/tur-kit\/","title":{"rendered":"Nordic Cab &#8211; Tursett"},"content":{"rendered":"\n<h2 class=\"wp-block-heading has-large-font-size\" id=\"h-settet-fungerer-perfekt-hvis-du-foretrekker-a-trekkvogn-istedenfor-a-skyve-pa-vognen-dette-er-bedre-ergonomisk-enn-a-ha-hoye-skuldre-over-tid-nar-du-dytter-en-vogn\">Settet fungerer perfekt hvis du foretrekker \u00e5 trekkvogn istedenfor \u00e5 skyve p\u00e5 vognen. Dette er bedre ergonomisk enn \u00e5 ha h\u00f8ye skuldre over tid n\u00e5r du dytter en vogn.<\/h2>\n\n\n\n<p>Med noen enkle grep og p\u00e5 f\u00e5 sekunder kan du forvandle din Nordic Cab til sykkelvogn, barnevogn, jogger, turvogn eller pulk. Den kommer til \u00e5 bli din venn og l\u00f8sning i hverdagslogistikken og en god turkamerat under helgens lengre eventyr. Her lister vi opp en hel del fordeler med Nordic Cab i bruk som turvogn.<br>Ergonomisk sele<\/p>\n\n\n\n<p>\u2013 Selen har brede og polstrede skulderstopper som gj\u00f8r trekkopplevelsen ergonomisk og behagelig.<\/p>\n\n\n\n<p>\u2013 Avstivet og polstret mavebelte avlaster rygg.<\/p>\n\n\n\n<p>\u2013 Integrerte beskyttelseslapper beskytter kl\u00e6r mot slitasje<\/p>\n\n\n\n<p>Bevegelige og fleksible drag<\/p>\n\n\n\n<p>\u2013 Avlaster og demper bevegelsen i pulken.<\/p>\n\n\n\n<p>\u2013 Teleskoperende for alle lengder og fri bevegelse.<\/p>\n\n\n\n<p>Tur kit er inkludert i Explorer 6-i-1<\/p>\n\n\n\n<p>Inneholder:<\/p>\n\n\n\n<p>2x Rette aluminiumsr\u00f8r<br>2x B\u00f8yde aluminiumr\u00f8r<br>2x Fleksible Nylon drag<br>4x L\u00e5sepinner<br>2x Rustfrie karabinkroker<br>1x Justerbar Trekksele<\/p>\n","protected":false},"excerpt":{"rendered":"<p>Konverter din Nordic Cab Explorer til en turvogn som gj\u00f8r det enkelt \u00e5 vandre p\u00e5 stier og ulendt terreng. Sett med drag og sele.<\/p>\n","protected":false},"featured_media":2689,"template":"","meta":{"_genesis_hide_title":false,"_genesis_hide_breadcrumbs":false,"_genesis_hide_singular_image":false,"_genesis_hide_footer_widgets":false,"_genesis_custom_body_class":"","_genesis_custom_post_class":"","_genesis_layout":""},"product_brand":[],"product_cat":[73,651,81],"product_tag":[],"class_list":{"0":"post-1487","1":"product","2":"type-product","3":"status-publish","4":"has-post-thumbnail","6":"product_cat-barnepulk-sykkelvogn-baeremeis-utstyr-tilbehor-deler","7":"product_cat-utstyr-til-varevogn-og-hund-sykkelvogn-pulk-turvogn-og-hundevogn","8":"product_cat-sykkelvogn-pulk-nordic-cab-tilbehor-no","9":"entry","11":"first","12":"instock","13":"taxable","14":"shipping-taxable","15":"purchasable","16":"product-type-simple"},"bundled_by":["2665"],"bundle_stock_status":"instock","bundle_stock_quantity":21,"bundle_virtual":false,"bundle_layout":"","bundle_add_to_cart_form_location":"","bundle_editable_in_cart":false,"bundle_sold_individually_context":"","bundle_item_grouping":"","bundle_min_size":"","bundle_max_size":"","bundle_price":[],"bundled_items":[],"bundle_sell_ids":[],"yoast_head":"<!-- This site is optimized with the Yoast SEO Premium plugin v26.0 (Yoast SEO v26.0) - https:\/\/yoast.com\/wordpress\/plugins\/seo\/ -->\n<title>Nordic Cab - Tursett - Nordic Cab<\/title>\n<meta name=\"description\" content=\"Konverter din Nordic Cab Explorer til en turvogn som gj\u00f8r det enkelt \u00e5 vandre p\u00e5 stier og ulendt terreng.\" \/>\n<meta name=\"robots\" content=\"index, follow, max-snippet:-1, max-image-preview:large, max-video-preview:-1\" \/>\n<link rel=\"canonical\" href=\"https:\/\/nordiccab.com\/no\/produkt\/tur-kit\/\" \/>\n<meta property=\"og:locale\" content=\"nb_NO\" \/>\n<meta property=\"og:type\" content=\"article\" \/>\n<meta property=\"og:title\" content=\"Nordic Cab - Tursett\" \/>\n<meta property=\"og:description\" content=\"Konverter din Nordic Cab Explorer til en turvogn som gj\u00f8r det enkelt \u00e5 vandre p\u00e5 stier og ulendt terreng.\" \/>\n<meta property=\"og:url\" content=\"https:\/\/nordiccab.com\/no\/produkt\/tur-kit\/\" \/>\n<meta property=\"og:site_name\" content=\"Nordic Cab\" \/>\n<meta property=\"article:publisher\" content=\"https:\/\/www.facebook.com\/nordiccab\" \/>\n<meta property=\"article:modified_time\" content=\"2025-08-14T16:01:52+00:00\" \/>\n<meta property=\"og:image\" content=\"https:\/\/nordiccab.com\/wp-content\/uploads\/2021\/04\/Hiking-kit.jpg\" \/>\n\t<meta property=\"og:image:width\" content=\"1000\" \/>\n\t<meta property=\"og:image:height\" content=\"1000\" \/>\n\t<meta property=\"og:image:type\" content=\"image\/jpeg\" \/>\n<meta name=\"twitter:card\" content=\"summary_large_image\" \/>\n<meta name=\"twitter:label1\" content=\"Ansl. lesetid\" \/>\n\t<meta name=\"twitter:data1\" content=\"1 minutt\" \/>\n<script type=\"application\/ld+json\" class=\"yoast-schema-graph\">{\"@context\":\"https:\/\/schema.org\",\"@graph\":[{\"@type\":\"WebPage\",\"@id\":\"https:\/\/nordiccab.com\/no\/produkt\/tur-kit\/\",\"url\":\"https:\/\/nordiccab.com\/no\/produkt\/tur-kit\/\",\"name\":\"Nordic Cab - Tursett - Nordic Cab\",\"isPartOf\":{\"@id\":\"https:\/\/nordiccab.com\/no\/#website\"},\"primaryImageOfPage\":{\"@id\":\"https:\/\/nordiccab.com\/no\/produkt\/tur-kit\/#primaryimage\"},\"image\":{\"@id\":\"https:\/\/nordiccab.com\/no\/produkt\/tur-kit\/#primaryimage\"},\"thumbnailUrl\":\"https:\/\/nordiccab.com\/wp-content\/uploads\/2021\/04\/Hiking-kit.jpg\",\"datePublished\":\"2024-05-26T07:18:00+00:00\",\"dateModified\":\"2025-08-14T16:01:52+00:00\",\"description\":\"Konverter din Nordic Cab Explorer til en turvogn som gj\u00f8r det enkelt \u00e5 vandre p\u00e5 stier og ulendt terreng.\",\"breadcrumb\":{\"@id\":\"https:\/\/nordiccab.com\/no\/produkt\/tur-kit\/#breadcrumb\"},\"inLanguage\":\"nb-NO\",\"potentialAction\":[{\"@type\":\"ReadAction\",\"target\":[\"https:\/\/nordiccab.com\/no\/produkt\/tur-kit\/\"]}]},{\"@type\":\"ImageObject\",\"inLanguage\":\"nb-NO\",\"@id\":\"https:\/\/nordiccab.com\/no\/produkt\/tur-kit\/#primaryimage\",\"url\":\"https:\/\/nordiccab.com\/wp-content\/uploads\/2021\/04\/Hiking-kit.jpg\",\"contentUrl\":\"https:\/\/nordiccab.com\/wp-content\/uploads\/2021\/04\/Hiking-kit.jpg\",\"width\":1000,\"height\":1000,\"caption\":\"mann som trekker varer. Tegning Nordic Cab\"},{\"@type\":\"BreadcrumbList\",\"@id\":\"https:\/\/nordiccab.com\/no\/produkt\/tur-kit\/#breadcrumb\",\"itemListElement\":[{\"@type\":\"ListItem\",\"position\":1,\"name\":\"Home\",\"item\":\"https:\/\/nordiccab.com\/no\/\"},{\"@type\":\"ListItem\",\"position\":2,\"name\":\"Produkter\",\"item\":\"https:\/\/nordiccab.com\/no\/butikk\/\"},{\"@type\":\"ListItem\",\"position\":3,\"name\":\"Nordic Cab &#8211; Tursett\"}]},{\"@type\":\"WebSite\",\"@id\":\"https:\/\/nordiccab.com\/no\/#website\",\"url\":\"https:\/\/nordiccab.com\/no\/\",\"name\":\"Nordic Cab\",\"description\":\"Start Life Exploring\",\"publisher\":{\"@id\":\"https:\/\/nordiccab.com\/no\/#organization\"},\"potentialAction\":[{\"@type\":\"SearchAction\",\"target\":{\"@type\":\"EntryPoint\",\"urlTemplate\":\"https:\/\/nordiccab.com\/no\/?s={search_term_string}\"},\"query-input\":{\"@type\":\"PropertyValueSpecification\",\"valueRequired\":true,\"valueName\":\"search_term_string\"}}],\"inLanguage\":\"nb-NO\"},{\"@type\":\"Organization\",\"@id\":\"https:\/\/nordiccab.com\/no\/#organization\",\"name\":\"Nordic Cab Solutions AS\",\"url\":\"https:\/\/nordiccab.com\/no\/\",\"logo\":{\"@type\":\"ImageObject\",\"inLanguage\":\"nb-NO\",\"@id\":\"https:\/\/nordiccab.com\/no\/#\/schema\/logo\/image\/\",\"url\":\"https:\/\/nordiccab.com\/wp-content\/uploads\/2022\/02\/NC-logo.svg\",\"contentUrl\":\"https:\/\/nordiccab.com\/wp-content\/uploads\/2022\/02\/NC-logo.svg\",\"width\":1,\"height\":1,\"caption\":\"Nordic Cab Solutions AS\"},\"image\":{\"@id\":\"https:\/\/nordiccab.com\/no\/#\/schema\/logo\/image\/\"},\"sameAs\":[\"https:\/\/www.facebook.com\/nordiccab\"]}]}<\/script>\n<!-- \/ Yoast SEO Premium plugin. -->","yoast_head_json":{"title":"Nordic Cab - Tursett - Nordic Cab","description":"Konverter din Nordic Cab Explorer til en turvogn som gj\u00f8r det enkelt \u00e5 vandre p\u00e5 stier og ulendt terreng.","robots":{"index":"index","follow":"follow","max-snippet":"max-snippet:-1","max-image-preview":"max-image-preview:large","max-video-preview":"max-video-preview:-1"},"canonical":"https:\/\/nordiccab.com\/no\/produkt\/tur-kit\/","og_locale":"nb_NO","og_type":"article","og_title":"Nordic Cab - Tursett","og_description":"Konverter din Nordic Cab Explorer til en turvogn som gj\u00f8r det enkelt \u00e5 vandre p\u00e5 stier og ulendt terreng.","og_url":"https:\/\/nordiccab.com\/no\/produkt\/tur-kit\/","og_site_name":"Nordic Cab","article_publisher":"https:\/\/www.facebook.com\/nordiccab","article_modified_time":"2025-08-14T16:01:52+00:00","og_image":[{"width":1000,"height":1000,"url":"https:\/\/nordiccab.com\/wp-content\/uploads\/2021\/04\/Hiking-kit.jpg","type":"image\/jpeg"}],"twitter_card":"summary_large_image","twitter_misc":{"Ansl. lesetid":"1 minutt"},"schema":{"@context":"https:\/\/schema.org","@graph":[{"@type":"WebPage","@id":"https:\/\/nordiccab.com\/no\/produkt\/tur-kit\/","url":"https:\/\/nordiccab.com\/no\/produkt\/tur-kit\/","name":"Nordic Cab - Tursett - Nordic Cab","isPartOf":{"@id":"https:\/\/nordiccab.com\/no\/#website"},"primaryImageOfPage":{"@id":"https:\/\/nordiccab.com\/no\/produkt\/tur-kit\/#primaryimage"},"image":{"@id":"https:\/\/nordiccab.com\/no\/produkt\/tur-kit\/#primaryimage"},"thumbnailUrl":"https:\/\/nordiccab.com\/wp-content\/uploads\/2021\/04\/Hiking-kit.jpg","datePublished":"2024-05-26T07:18:00+00:00","dateModified":"2025-08-14T16:01:52+00:00","description":"Konverter din Nordic Cab Explorer til en turvogn som gj\u00f8r det enkelt \u00e5 vandre p\u00e5 stier og ulendt terreng.","breadcrumb":{"@id":"https:\/\/nordiccab.com\/no\/produkt\/tur-kit\/#breadcrumb"},"inLanguage":"nb-NO","potentialAction":[{"@type":"ReadAction","target":["https:\/\/nordiccab.com\/no\/produkt\/tur-kit\/"]}]},{"@type":"ImageObject","inLanguage":"nb-NO","@id":"https:\/\/nordiccab.com\/no\/produkt\/tur-kit\/#primaryimage","url":"https:\/\/nordiccab.com\/wp-content\/uploads\/2021\/04\/Hiking-kit.jpg","contentUrl":"https:\/\/nordiccab.com\/wp-content\/uploads\/2021\/04\/Hiking-kit.jpg","width":1000,"height":1000,"caption":"mann som trekker varer. Tegning Nordic Cab"},{"@type":"BreadcrumbList","@id":"https:\/\/nordiccab.com\/no\/produkt\/tur-kit\/#breadcrumb","itemListElement":[{"@type":"ListItem","position":1,"name":"Home","item":"https:\/\/nordiccab.com\/no\/"},{"@type":"ListItem","position":2,"name":"Produkter","item":"https:\/\/nordiccab.com\/no\/butikk\/"},{"@type":"ListItem","position":3,"name":"Nordic Cab &#8211; Tursett"}]},{"@type":"WebSite","@id":"https:\/\/nordiccab.com\/no\/#website","url":"https:\/\/nordiccab.com\/no\/","name":"Nordic Cab","description":"Start Life Exploring","publisher":{"@id":"https:\/\/nordiccab.com\/no\/#organization"},"potentialAction":[{"@type":"SearchAction","target":{"@type":"EntryPoint","urlTemplate":"https:\/\/nordiccab.com\/no\/?s={search_term_string}"},"query-input":{"@type":"PropertyValueSpecification","valueRequired":true,"valueName":"search_term_string"}}],"inLanguage":"nb-NO"},{"@type":"Organization","@id":"https:\/\/nordiccab.com\/no\/#organization","name":"Nordic Cab Solutions AS","url":"https:\/\/nordiccab.com\/no\/","logo":{"@type":"ImageObject","inLanguage":"nb-NO","@id":"https:\/\/nordiccab.com\/no\/#\/schema\/logo\/image\/","url":"https:\/\/nordiccab.com\/wp-content\/uploads\/2022\/02\/NC-logo.svg","contentUrl":"https:\/\/nordiccab.com\/wp-content\/uploads\/2022\/02\/NC-logo.svg","width":1,"height":1,"caption":"Nordic Cab Solutions AS"},"image":{"@id":"https:\/\/nordiccab.com\/no\/#\/schema\/logo\/image\/"},"sameAs":["https:\/\/www.facebook.com\/nordiccab"]}]}},"_links":{"self":[{"href":"https:\/\/nordiccab.com\/no\/wp-json\/wp\/v2\/product\/1487","targetHints":{"allow":["GET"]}}],"collection":[{"href":"https:\/\/nordiccab.com\/no\/wp-json\/wp\/v2\/product"}],"about":[{"href":"https:\/\/nordiccab.com\/no\/wp-json\/wp\/v2\/types\/product"}],"wp:featuredmedia":[{"embeddable":true,"href":"https:\/\/nordiccab.com\/no\/wp-json\/wp\/v2\/media\/2689"}],"wp:attachment":[{"href":"https:\/\/nordiccab.com\/no\/wp-json\/wp\/v2\/media?parent=1487"}],"wp:term":[{"taxonomy":"product_brand","embeddable":true,"href":"https:\/\/nordiccab.com\/no\/wp-json\/wp\/v2\/product_brand?post=1487"},{"taxonomy":"product_cat","embeddable":true,"href":"https:\/\/nordiccab.com\/no\/wp-json\/wp\/v2\/product_cat?post=1487"},{"taxonomy":"product_tag","embeddable":true,"href":"https:\/\/nordiccab.com\/no\/wp-json\/wp\/v2\/product_tag?post=1487"}],"curies":[{"name":"wp","href":"https:\/\/api.w.org\/{rel}","templated":true}]}}