{"id":14482,"date":"2025-01-12T12:43:00","date_gmt":"2023-10-19T13:23:32","guid":{"rendered":"https:\/\/nordiccab.com\/?post_type=product&#038;p=14482"},"modified":"2025-02-12T14:38:31","modified_gmt":"2025-02-12T13:38:31","slug":"nordic-cab-pulk","status":"publish","type":"product","link":"https:\/\/nordiccab.com\/no\/produkt\/nordic-cab-pulk\/","title":{"rendered":"Nordic Cab Pulk, 2023-modell"},"content":{"rendered":"\n<p>Vi tilbyr n\u00e5 en mulighet til \u00e5 kj\u00f8pe en Nordic Cab Explorer Barnepulk, Satt sammen med omhu p\u00e5 v\u00e5rt verksted i Hamar.<\/p>\n\n\n\n<p>Denne pulken er den perfekte f\u00f8lgesvennen for vinterens eventyr med barn! Testvinner i Dagbladets og skiforenings test av Barnepulk.<br>Alt du trenger for \u00e5 bruke pulken f\u00f8lger med. Den leveres med sete for to barn, men fungerer ilke bra for ett.<\/p>\n\n\n\n<p>Lett, komfortabel \u00e5 trekke og kan enkelt pakkes ned for transport i bil.<\/p>\n\n\n\n<p>Vi bygger s\u00e5 mange vi klarer, men det er kun et begrenset antall.<\/p>\n\n\n\n<p><strong>Viktig informasjon!<br><\/strong>Denne barnepulken er identisk med den popul\u00e6re multisportvognen Nordic Cab Explorer, men med \u00e9n viktig begrensning:<\/p>\n\n\n\n<p>Ingen parkeringsbrems: P\u00e5 grunn av at denne modellen ikke er utstyrt med, og ikke kan ettermonteres med parkeringsbrems, anbefales det ikke \u00e5 oppgradere denne til funksjoner som barnevogn eller joggevogn.<br>Kan fortsatt utvides til sykkelvogn og turvogn uten problemer.<br>Vi \u00f8nsker \u00e5 gj\u00f8re denne begrensningen tydelig, slik at du velger riktig produkt for dine behov.<\/p>\n\n\n\n<p>Pulken (kabinen) er bygd p\u00e5 2023 versjonen. Funksjonelt er den helt lik som i dag, men med litt annet kalesje design og sete.<\/p>\n\n\n\n<p>Dette er pulken som foreldre ogs\u00e5 elsker! Ikke bare fordi pulken er utrolig sikker, men fordi den er veldig lett og komfortabelt \u00e5 trekke. Bunnkassen er laget i solid plast som beskytter og isolerer mot kulde.<\/p>\n\n\n<div class=\"wp-block-image\">\n<figure class=\"alignleft size-medium is-resized\"><img loading=\"lazy\" decoding=\"async\" width=\"300\" height=\"300\" src=\"https:\/\/nordiccab.com\/wp-content\/uploads\/2021\/06\/TestWinner-300x300.png\" alt=\"\" class=\"wp-image-1027\" style=\"aspect-ratio:1;width:134px;height:auto\" srcset=\"https:\/\/nordiccab.com\/wp-content\/uploads\/2021\/06\/TestWinner-300x300.png 300w, https:\/\/nordiccab.com\/wp-content\/uploads\/2021\/06\/TestWinner-1024x1024.png 1024w, https:\/\/nordiccab.com\/wp-content\/uploads\/2021\/06\/TestWinner-150x150.png 150w, https:\/\/nordiccab.com\/wp-content\/uploads\/2021\/06\/TestWinner-768x768.png 768w, https:\/\/nordiccab.com\/wp-content\/uploads\/2021\/06\/TestWinner-1536x1536.png 1536w, https:\/\/nordiccab.com\/wp-content\/uploads\/2021\/06\/TestWinner-75x75.png 75w, https:\/\/nordiccab.com\/wp-content\/uploads\/2021\/06\/TestWinner-600x600.png 600w, https:\/\/nordiccab.com\/wp-content\/uploads\/2021\/06\/TestWinner-1080x1080.png 1080w, https:\/\/nordiccab.com\/wp-content\/uploads\/2021\/06\/TestWinner-180x180.png 180w, https:\/\/nordiccab.com\/wp-content\/uploads\/2021\/06\/TestWinner.png 1826w\" sizes=\"auto, (max-width: 300px) 100vw, 300px\" \/><\/figure><\/div>\n\n\n<h2 class=\"wp-block-heading has-large-font-size\" id=\"h-best-i-test\">Best i test!<\/h2>\n\n\n\n<p>Vinner av pulktesten hos Skiforeningen \/ Dagbladet sist denne ble gjennomf\u00f8rt. Les mer <a href=\"https:\/\/nordiccab.com\/no\/nordic-cab-barnepulk-best-i-test\/\">her. <\/a><\/p>\n\n\n\n<blockquote class=\"wp-block-quote has-small-font-size is-layout-flow wp-block-quote-is-layout-flow\">\n<p>&laquo;Pulken gir en god skiopplevelse til en aktiv og allsidig familie&raquo;<\/p>\n<\/blockquote>\n\n\n\n<h3 class=\"wp-block-heading\" id=\"h-produktfordeler-nordic-cab-explorer-barnepulk\"><strong>Produktfordeler &#8211;  Nordic Cab Explorer Barnepulk<\/strong><\/h3>\n\n\n\n<p>Nordic Cab Explorer har en rekke fordeler som gj\u00f8r den til et utmerket valg.  Her er noen av fordelene:<\/p>\n\n\n\n<h4 class=\"wp-block-heading\" id=\"h-komfort\"><strong>Komfort<\/strong><\/h4>\n\n\n\n<ul start=\"1\" class=\"wp-block-list\">\n<li><strong>Unik komfort:<\/strong> Setet i Nordic Cab pulken kan enkelt justeres fra oppreist til flat posisjon, noe som gir fantastisk komfort og fleksibilitet for barnet, uansett om de er v\u00e5kne, sover eller bare slapper av.<\/li>\n\n\n\n<li><strong>Solskjerming:<\/strong> Pulken er utstyrt med nedtrekkbare solskjermer i alle vinduer, noe som er sv\u00e6rt praktisk n\u00e5r solen er lav og skarp p\u00e5 vinterdager.<\/li>\n\n\n\n<li><strong>Midtstilt sete:<\/strong> Hvis du har kun ett barn i pulken, kan setet midtstilles for \u00e5 gi bedre komfort.<\/li>\n<\/ul>\n\n\n\n<h4 class=\"wp-block-heading\" id=\"h-sikkerhet\"><strong>Sikkerhet<\/strong><\/h4>\n\n\n\n<ul start=\"1\" class=\"wp-block-list\">\n<li><strong>Eksepsjonell stabilitet:<\/strong> Nordic Cab Explorer har et lavt tyngdepunkt og riktig avstand mellom skiene og styresporene i skiene, noe som gj\u00f8r den til en av de mest stabile pulkene p\u00e5 markedet.<\/li>\n\n\n\n<li><strong>UV-beskyttelse:<\/strong> De store vinduene rundt pulken er svakt sotet med UV-filter for \u00e5 beskytte barnet. <\/li>\n\n\n\n<li><strong>Solid velteb\u00f8yle:<\/strong> Pulken har en solid velteb\u00f8yle, en 5-punkts sele og en solid bunnkasse for ekstra beskyttelse mot eventuelle hindringer.<\/li>\n\n\n\n<li><strong>Lite kuldegjennomslag:<\/strong> Luften mellom sn\u00f8en og pulken hindrer kuldegjennomslag, og bedre komfort for barnet.<\/li>\n\n\n\n<li><strong>Beskyttelse mot v\u00e6r og vind:<\/strong> Barnet i pulken er godt beskyttet mot sn\u00f8 og vind, og det er god ventilasjon i pulken med mange reguleringsmuligheter for \u00e5 tilpasse seg v\u00e6rforholdene.<\/li>\n<\/ul>\n\n\n\n<h4 class=\"wp-block-heading\" id=\"h-praktisk\"><strong>Praktisk<\/strong><\/h4>\n\n\n\n<ul start=\"1\" class=\"wp-block-list\">\n<li><strong>Enkel p\u00e5- og avstigning:<\/strong> Kup\u00e9en er lett tilgjengelig, og fronten \u00e5pnes enkelt med en praktisk glidel\u00e5s, noe som gj\u00f8r det enkelt \u00e5 n\u00e5 barnet og for eldre barn \u00e5 komme seg inn og ut av pulken.<\/li>\n\n\n\n<li><strong>Feste til barneski:<\/strong> Nordic Cab pulken inkluderer stropper for \u00e5 feste barneski p\u00e5 siden av pulken, slik at barna kan g\u00e5 deler av turen selv.<\/li>\n\n\n\n<li><strong>God innvendig plass:<\/strong> Pulken har god plass for barna, med en h\u00f8yde p\u00e5 hele 71 cm fra setebunn til tak, noe som gj\u00f8r at barn opp til ca. 6 \u00e5r kan sitte komfortabelt i kup\u00e9en.<\/li>\n\n\n\n<li><strong>Enkel sammenlegging:<\/strong> Pulken kan enkelt legges sammen med noen f\u00e5 enkle grep og transporteres i bagasjerommet p\u00e5 bilen.<\/li>\n\n\n\n<li><strong>Oppbevaring:<\/strong> Det er god plass bak setet i pulken for oppbevaring av utstyr til turen. Det er ogs\u00e5 mulig \u00e5 lagre lettere gjenstander p\u00e5 taket til pulken, samt lommer for oppbevaring av leker, drikkeflasker, matpakker, solbriller og mer.<\/li>\n<\/ul>\n\n\n\n<h4 class=\"wp-block-heading\" id=\"h-skiene\"><strong>Skiene<\/strong><\/h4>\n\n\n\n<ul start=\"1\" class=\"wp-block-list\">\n<li><strong>God gli:<\/strong> Skiene er laget av kuldeslagfast h\u00f8ykvalitets PE, som gir minimal friksjon p\u00e5 sn\u00f8, noe som gir god gli.<\/li>\n\n\n\n<li><strong>Kurvet form:<\/strong> Skiene har en svakt kurvet form som gir en god kontaktflate med sn\u00f8en, noe som ligner prinsippet om spenn i skiene.<\/li>\n\n\n\n<li><strong>Styrespor:<\/strong> Skiene har fire styrespor i s\u00e5len, som gir stabil f\u00f8lging av skil\u00f8peren, selv i krappe svinger og nedoverbakker.<\/li>\n\n\n\n<li><strong>Brede ski:<\/strong> Skiene har en bredde p\u00e5 10 cm med stor b\u00e6reflate, noe som gj\u00f8r at pulken fungerer godt utenfor skil\u00f8ypene.<\/li>\n\n\n\n<li><strong>Individuelt bevegelige:<\/strong> Nordic Cab skiene er akslet og uavhengige av hverandre, noe som gj\u00f8r dem i stand til \u00e5 tilpasse seg terrenget og dempe ujevnheter.<\/li>\n\n\n\n<li><strong>Twintip:<\/strong> Skiene har en h\u00f8y tupp b\u00e5de foran og bak. Det gj\u00f8r dem enkle \u00e5 man\u00f8vrere og du unng\u00e5r at de graver seg ned i sn\u00f8en n\u00e5r du skyver pulken bakover.<\/li>\n\n\n\n<li><strong>Eget festepunkt for ski:<\/strong> Pulken har et eget festepunkt for ski som bidrar til \u00e5 avbalansere vekten i pulken, slik at du ikke m\u00e5 b\u00e6re un\u00f8dig vekt n\u00e5r du trekker den.<\/li>\n<\/ul>\n\n\n\n<h4 class=\"wp-block-heading\" id=\"h-trekksele-og-drag\"><strong>Trekksele og drag<\/strong><\/h4>\n\n\n\n<ul start=\"1\" class=\"wp-block-list\">\n<li><strong>Ergonomisk trekksele:<\/strong> Trekksele har brede og polstrede skulderstropper for en ergonomisk og behagelig trekkopplevelse, med avstivet og polstret magebelte for ryggavlastning.<\/li>\n\n\n\n<li><strong>Bevegelige og fleksible drag:<\/strong> Dragene avlaster og demper bevegelsen i pulken, med teleskoperende funksjoner for \u00e5 tilpasse lengden og gi fri bevegelse for ski og staver.<\/li>\n<\/ul>\n\n\n\n<p><\/p>\n\n\n\n<h3 class=\"wp-block-heading\" id=\"h-anbefalinger-for-bruk-av-barnepulk\"><strong>Anbefalinger for bruk av barnepulk<\/strong><\/h3>\n\n\n\n<p>N\u00e5r du bruker Nordic Cab Explorer barnepulk, er det viktig \u00e5 f\u00f8lge noen retningslinjer for en trygg og hyggelig opplevelse:<\/p>\n\n\n\n<ul start=\"1\" class=\"wp-block-list\">\n<li><strong>Sikkerhetsutstyr:<\/strong> Alltid bruke 5-punkts selen og sikre barnet riktig. Pass p\u00e5 at velteb\u00f8ylen er ordentlig montert.<\/li>\n\n\n\n<li><strong>Kle barnet riktig:<\/strong> S\u00f8rg for at barnet er tilstrekkelig kledd for v\u00e6rforholdene, inkludert varme kl\u00e6r og beskyttelse mot solen.<\/li>\n\n\n\n<li><strong>Kontroller pulken:<\/strong> Sjekk jevnlig at pulken er i god stand, og at skiene og trekkselet er festet sikkert.<\/li>\n\n\n\n<li><strong>Kommunikasjon:<\/strong> Hold alltid kontakt med barnet og v\u00e6r oppmerksom p\u00e5 deres behov og komfort.<\/li>\n\n\n\n<li><strong>Lag pauser:<\/strong> Ta jevnlige pauser for \u00e5 la barnet strekke p\u00e5 bena, leke og spise.<\/li>\n\n\n\n<li><strong>V\u00e6r oppmerksom p\u00e5 terrenget:<\/strong> V\u00e6r forsiktig n\u00e5r du kj\u00f8rer pulken i ulendt terreng, nedoverbakker og i skarpe svinger.<\/li>\n<\/ul>\n\n\n\n<p>Modell: Nordic Cab Explorer Barnepulk 2023<br>Anbefalte funksjoner: Barnepulk, sykkelvogn, turvogn<br>Begrensning: Ikke kompatibel med barnevogn- og joggevognfunksjoner<br>Produksjonssted: Hamar, Norge<\/p>\n","protected":false},"excerpt":{"rendered":"<p>Dette er pulken som barna elsker!<\/p>\n<ul>\n<li>Gode og justerbare seter til ett eller to barn.\u00a0<\/li>\n<li>Sikker og stabil med brede twin-tip ski.\u00a0\u00a0<\/li>\n<li>Barna kan sitte oppreist, bakoverlent eller ligge helt flatt.\u00a0<\/li>\n<li>Komfortabel og solid sele.\u00a0<\/li>\n<li>Kan bygges om til sykkelvogn og turvogn. (ekstrautstyr)<\/li>\n<\/ul>\n","protected":false},"featured_media":14766,"template":"","meta":{"_genesis_hide_title":false,"_genesis_hide_breadcrumbs":false,"_genesis_hide_singular_image":false,"_genesis_hide_footer_widgets":false,"_genesis_custom_body_class":"","_genesis_custom_post_class":"","_genesis_layout":""},"product_brand":[],"product_cat":[89],"product_tag":[],"class_list":{"0":"post-14482","1":"product","2":"type-product","3":"status-publish","4":"has-post-thumbnail","6":"product_cat-ukategorisert-no","7":"entry","9":"first","10":"outofstock","11":"taxable","12":"shipping-taxable","13":"purchasable","14":"product-type-simple"},"bundled_by":[],"bundle_stock_status":"outofstock","bundle_stock_quantity":0,"bundle_virtual":false,"bundle_layout":"","bundle_add_to_cart_form_location":"","bundle_editable_in_cart":false,"bundle_sold_individually_context":"","bundle_item_grouping":"","bundle_min_size":"","bundle_max_size":"","bundle_price":[],"bundled_items":[],"bundle_sell_ids":[],"yoast_head":"<!-- This site is optimized with the Yoast SEO Premium plugin v26.0 (Yoast SEO v26.0) - https:\/\/yoast.com\/wordpress\/plugins\/seo\/ -->\n<title>Nordic Cab Barnepulk med ski - 2022 - Testvinner!<\/title>\n<meta name=\"description\" content=\"Best i test. Stabil og allsidig pulk b\u00e5de i og utenfor preparerte l\u00f8yper. Vant Dagbladets pulktest mot Fjellpulken barnepulk 2022\" \/>\n<meta name=\"robots\" content=\"index, follow, max-snippet:-1, max-image-preview:large, max-video-preview:-1\" \/>\n<link rel=\"canonical\" href=\"https:\/\/nordiccab.com\/no\/produkt\/nordic-cab-pulk\/\" \/>\n<meta property=\"og:locale\" content=\"nb_NO\" \/>\n<meta property=\"og:type\" content=\"article\" \/>\n<meta property=\"og:title\" content=\"Nordic Cab Pulk, 2023-modell\" \/>\n<meta property=\"og:description\" content=\"Best i test. Stabil og allsidig pulk b\u00e5de i og utenfor preparerte l\u00f8yper. Vant Dagbladets pulktest mot Fjellpulken barnepulk 2022\" \/>\n<meta property=\"og:url\" content=\"https:\/\/nordiccab.com\/no\/produkt\/nordic-cab-pulk\/\" \/>\n<meta property=\"og:site_name\" content=\"Nordic Cab\" \/>\n<meta property=\"article:publisher\" content=\"https:\/\/www.facebook.com\/nordiccab\" \/>\n<meta property=\"article:modified_time\" content=\"2025-02-12T13:38:31+00:00\" \/>\n<meta property=\"og:image\" content=\"https:\/\/nordiccab.com\/wp-content\/uploads\/2023\/10\/Nordic-Cab-Pulk-testvinner_3.jpg\" \/>\n\t<meta property=\"og:image:width\" content=\"1000\" \/>\n\t<meta property=\"og:image:height\" content=\"1000\" \/>\n\t<meta property=\"og:image:type\" content=\"image\/jpeg\" \/>\n<meta name=\"twitter:card\" content=\"summary_large_image\" \/>\n<meta name=\"twitter:label1\" content=\"Ansl. lesetid\" \/>\n\t<meta name=\"twitter:data1\" content=\"5 minutter\" \/>\n<script type=\"application\/ld+json\" class=\"yoast-schema-graph\">{\"@context\":\"https:\/\/schema.org\",\"@graph\":[{\"@type\":\"WebPage\",\"@id\":\"https:\/\/nordiccab.com\/no\/produkt\/nordic-cab-pulk\/\",\"url\":\"https:\/\/nordiccab.com\/no\/produkt\/nordic-cab-pulk\/\",\"name\":\"Nordic Cab Barnepulk med ski - 2022 - Testvinner!\",\"isPartOf\":{\"@id\":\"https:\/\/nordiccab.com\/no\/#website\"},\"primaryImageOfPage\":{\"@id\":\"https:\/\/nordiccab.com\/no\/produkt\/nordic-cab-pulk\/#primaryimage\"},\"image\":{\"@id\":\"https:\/\/nordiccab.com\/no\/produkt\/nordic-cab-pulk\/#primaryimage\"},\"thumbnailUrl\":\"https:\/\/nordiccab.com\/wp-content\/uploads\/2023\/10\/Nordic-Cab-Pulk-testvinner_3.jpg\",\"datePublished\":\"2023-10-19T13:23:32+00:00\",\"dateModified\":\"2025-02-12T13:38:31+00:00\",\"description\":\"Best i test. Stabil og allsidig pulk b\u00e5de i og utenfor preparerte l\u00f8yper. Vant Dagbladets pulktest mot Fjellpulken barnepulk 2022\",\"breadcrumb\":{\"@id\":\"https:\/\/nordiccab.com\/no\/produkt\/nordic-cab-pulk\/#breadcrumb\"},\"inLanguage\":\"nb-NO\",\"potentialAction\":[{\"@type\":\"ReadAction\",\"target\":[\"https:\/\/nordiccab.com\/no\/produkt\/nordic-cab-pulk\/\"]}]},{\"@type\":\"ImageObject\",\"inLanguage\":\"nb-NO\",\"@id\":\"https:\/\/nordiccab.com\/no\/produkt\/nordic-cab-pulk\/#primaryimage\",\"url\":\"https:\/\/nordiccab.com\/wp-content\/uploads\/2023\/10\/Nordic-Cab-Pulk-testvinner_3.jpg\",\"contentUrl\":\"https:\/\/nordiccab.com\/wp-content\/uploads\/2023\/10\/Nordic-Cab-Pulk-testvinner_3.jpg\",\"width\":1000,\"height\":1000,\"caption\":\"Sikker r\u00f8d Nordic Cab barnepulk\"},{\"@type\":\"BreadcrumbList\",\"@id\":\"https:\/\/nordiccab.com\/no\/produkt\/nordic-cab-pulk\/#breadcrumb\",\"itemListElement\":[{\"@type\":\"ListItem\",\"position\":1,\"name\":\"Home\",\"item\":\"https:\/\/nordiccab.com\/no\/\"},{\"@type\":\"ListItem\",\"position\":2,\"name\":\"Produkter\",\"item\":\"https:\/\/nordiccab.com\/no\/butikk\/\"},{\"@type\":\"ListItem\",\"position\":3,\"name\":\"Nordic Cab Pulk, 2023-modell\"}]},{\"@type\":\"WebSite\",\"@id\":\"https:\/\/nordiccab.com\/no\/#website\",\"url\":\"https:\/\/nordiccab.com\/no\/\",\"name\":\"Nordic Cab\",\"description\":\"Start Life Exploring\",\"publisher\":{\"@id\":\"https:\/\/nordiccab.com\/no\/#organization\"},\"potentialAction\":[{\"@type\":\"SearchAction\",\"target\":{\"@type\":\"EntryPoint\",\"urlTemplate\":\"https:\/\/nordiccab.com\/no\/?s={search_term_string}\"},\"query-input\":{\"@type\":\"PropertyValueSpecification\",\"valueRequired\":true,\"valueName\":\"search_term_string\"}}],\"inLanguage\":\"nb-NO\"},{\"@type\":\"Organization\",\"@id\":\"https:\/\/nordiccab.com\/no\/#organization\",\"name\":\"Nordic Cab Solutions AS\",\"url\":\"https:\/\/nordiccab.com\/no\/\",\"logo\":{\"@type\":\"ImageObject\",\"inLanguage\":\"nb-NO\",\"@id\":\"https:\/\/nordiccab.com\/no\/#\/schema\/logo\/image\/\",\"url\":\"https:\/\/nordiccab.com\/wp-content\/uploads\/2022\/02\/NC-logo.svg\",\"contentUrl\":\"https:\/\/nordiccab.com\/wp-content\/uploads\/2022\/02\/NC-logo.svg\",\"width\":1,\"height\":1,\"caption\":\"Nordic Cab Solutions AS\"},\"image\":{\"@id\":\"https:\/\/nordiccab.com\/no\/#\/schema\/logo\/image\/\"},\"sameAs\":[\"https:\/\/www.facebook.com\/nordiccab\"]}]}<\/script>\n<!-- \/ Yoast SEO Premium plugin. -->","yoast_head_json":{"title":"Nordic Cab Barnepulk med ski - 2022 - Testvinner!","description":"Best i test. Stabil og allsidig pulk b\u00e5de i og utenfor preparerte l\u00f8yper. Vant Dagbladets pulktest mot Fjellpulken barnepulk 2022","robots":{"index":"index","follow":"follow","max-snippet":"max-snippet:-1","max-image-preview":"max-image-preview:large","max-video-preview":"max-video-preview:-1"},"canonical":"https:\/\/nordiccab.com\/no\/produkt\/nordic-cab-pulk\/","og_locale":"nb_NO","og_type":"article","og_title":"Nordic Cab Pulk, 2023-modell","og_description":"Best i test. Stabil og allsidig pulk b\u00e5de i og utenfor preparerte l\u00f8yper. Vant Dagbladets pulktest mot Fjellpulken barnepulk 2022","og_url":"https:\/\/nordiccab.com\/no\/produkt\/nordic-cab-pulk\/","og_site_name":"Nordic Cab","article_publisher":"https:\/\/www.facebook.com\/nordiccab","article_modified_time":"2025-02-12T13:38:31+00:00","og_image":[{"width":1000,"height":1000,"url":"https:\/\/nordiccab.com\/wp-content\/uploads\/2023\/10\/Nordic-Cab-Pulk-testvinner_3.jpg","type":"image\/jpeg"}],"twitter_card":"summary_large_image","twitter_misc":{"Ansl. lesetid":"5 minutter"},"schema":{"@context":"https:\/\/schema.org","@graph":[{"@type":"WebPage","@id":"https:\/\/nordiccab.com\/no\/produkt\/nordic-cab-pulk\/","url":"https:\/\/nordiccab.com\/no\/produkt\/nordic-cab-pulk\/","name":"Nordic Cab Barnepulk med ski - 2022 - Testvinner!","isPartOf":{"@id":"https:\/\/nordiccab.com\/no\/#website"},"primaryImageOfPage":{"@id":"https:\/\/nordiccab.com\/no\/produkt\/nordic-cab-pulk\/#primaryimage"},"image":{"@id":"https:\/\/nordiccab.com\/no\/produkt\/nordic-cab-pulk\/#primaryimage"},"thumbnailUrl":"https:\/\/nordiccab.com\/wp-content\/uploads\/2023\/10\/Nordic-Cab-Pulk-testvinner_3.jpg","datePublished":"2023-10-19T13:23:32+00:00","dateModified":"2025-02-12T13:38:31+00:00","description":"Best i test. Stabil og allsidig pulk b\u00e5de i og utenfor preparerte l\u00f8yper. Vant Dagbladets pulktest mot Fjellpulken barnepulk 2022","breadcrumb":{"@id":"https:\/\/nordiccab.com\/no\/produkt\/nordic-cab-pulk\/#breadcrumb"},"inLanguage":"nb-NO","potentialAction":[{"@type":"ReadAction","target":["https:\/\/nordiccab.com\/no\/produkt\/nordic-cab-pulk\/"]}]},{"@type":"ImageObject","inLanguage":"nb-NO","@id":"https:\/\/nordiccab.com\/no\/produkt\/nordic-cab-pulk\/#primaryimage","url":"https:\/\/nordiccab.com\/wp-content\/uploads\/2023\/10\/Nordic-Cab-Pulk-testvinner_3.jpg","contentUrl":"https:\/\/nordiccab.com\/wp-content\/uploads\/2023\/10\/Nordic-Cab-Pulk-testvinner_3.jpg","width":1000,"height":1000,"caption":"Sikker r\u00f8d Nordic Cab barnepulk"},{"@type":"BreadcrumbList","@id":"https:\/\/nordiccab.com\/no\/produkt\/nordic-cab-pulk\/#breadcrumb","itemListElement":[{"@type":"ListItem","position":1,"name":"Home","item":"https:\/\/nordiccab.com\/no\/"},{"@type":"ListItem","position":2,"name":"Produkter","item":"https:\/\/nordiccab.com\/no\/butikk\/"},{"@type":"ListItem","position":3,"name":"Nordic Cab Pulk, 2023-modell"}]},{"@type":"WebSite","@id":"https:\/\/nordiccab.com\/no\/#website","url":"https:\/\/nordiccab.com\/no\/","name":"Nordic Cab","description":"Start Life Exploring","publisher":{"@id":"https:\/\/nordiccab.com\/no\/#organization"},"potentialAction":[{"@type":"SearchAction","target":{"@type":"EntryPoint","urlTemplate":"https:\/\/nordiccab.com\/no\/?s={search_term_string}"},"query-input":{"@type":"PropertyValueSpecification","valueRequired":true,"valueName":"search_term_string"}}],"inLanguage":"nb-NO"},{"@type":"Organization","@id":"https:\/\/nordiccab.com\/no\/#organization","name":"Nordic Cab Solutions AS","url":"https:\/\/nordiccab.com\/no\/","logo":{"@type":"ImageObject","inLanguage":"nb-NO","@id":"https:\/\/nordiccab.com\/no\/#\/schema\/logo\/image\/","url":"https:\/\/nordiccab.com\/wp-content\/uploads\/2022\/02\/NC-logo.svg","contentUrl":"https:\/\/nordiccab.com\/wp-content\/uploads\/2022\/02\/NC-logo.svg","width":1,"height":1,"caption":"Nordic Cab Solutions AS"},"image":{"@id":"https:\/\/nordiccab.com\/no\/#\/schema\/logo\/image\/"},"sameAs":["https:\/\/www.facebook.com\/nordiccab"]}]}},"_links":{"self":[{"href":"https:\/\/nordiccab.com\/no\/wp-json\/wp\/v2\/product\/14482","targetHints":{"allow":["GET"]}}],"collection":[{"href":"https:\/\/nordiccab.com\/no\/wp-json\/wp\/v2\/product"}],"about":[{"href":"https:\/\/nordiccab.com\/no\/wp-json\/wp\/v2\/types\/product"}],"wp:featuredmedia":[{"embeddable":true,"href":"https:\/\/nordiccab.com\/no\/wp-json\/wp\/v2\/media\/14766"}],"wp:attachment":[{"href":"https:\/\/nordiccab.com\/no\/wp-json\/wp\/v2\/media?parent=14482"}],"wp:term":[{"taxonomy":"product_brand","embeddable":true,"href":"https:\/\/nordiccab.com\/no\/wp-json\/wp\/v2\/product_brand?post=14482"},{"taxonomy":"product_cat","embeddable":true,"href":"https:\/\/nordiccab.com\/no\/wp-json\/wp\/v2\/product_cat?post=14482"},{"taxonomy":"product_tag","embeddable":true,"href":"https:\/\/nordiccab.com\/no\/wp-json\/wp\/v2\/product_tag?post=14482"}],"curies":[{"name":"wp","href":"https:\/\/api.w.org\/{rel}","templated":true}]}}