{"id":1446,"date":"2023-08-01T15:08:00","date_gmt":"2021-10-22T12:27:35","guid":{"rendered":"https:\/\/nordiccab.com\/?post_type=product&#038;p=1446"},"modified":"2024-04-16T09:31:06","modified_gmt":"2024-04-16T07:31:06","slug":"easygrow-minimizer-support","status":"publish","type":"product","link":"https:\/\/nordiccab.com\/no\/produkt\/easygrow-minimizer-support\/","title":{"rendered":"Easygrow Minimizer Support"},"content":{"rendered":"\n<h2 class=\"wp-block-heading has-large-font-size\" id=\"h-ok-komforten-med-universal-sittepute-i-memory-foam-for-sykkelvogn-og-pulk-oppgrader-din-nordic-cab-sykkelvogn-eller-pulk-med-var-universal-sittepute-designet-for-a-gi-optimal-komfort-pa-alle-turene-denne-hoykvalitets-sitteputen-er-fylt-med-memory-foam-og-kledd-i-okologisk-bomull-polyester-sikrer-en-myk-og-stottende-sitteopplevelse-for-barnet-med-universell-tilpasning-for-5-punkts-sele-passer-denne-puten-perfekt-til-din-nordic-cab\">\u00d8k Komforten med Universal Sittepute i Memory Foam for Sykkelvogn og Pulk<br>Oppgrader din Nordic Cab sykkelvogn eller pulk med v\u00e5r universal sittepute, designet for \u00e5 gi optimal komfort p\u00e5 alle turene. Denne h\u00f8ykvalitets sitteputen er fylt med memory foam og kledd i \u00f8kologisk bomull\/polyester, sikrer en myk og st\u00f8ttende sitteopplevelse for barnet. Med universell tilpasning for 5-punkts sele, passer denne puten perfekt til din Nordic Cab.<\/h2>\n\n\n\n<p><\/p>\n\n\n\n<p>Underlag til vognen med memory foam for optimal st\u00f8tte til babyen<\/p>\n\n\n\n<ul class=\"wp-block-list\">\n<li>Kan brukes i bagdel og sittedel<\/li>\n\n\n\n<li>Mykt og st\u00f8ttende for hode, nakke, rygg<\/li>\n\n\n\n<li>Memory foam<\/li>\n\n\n\n<li>Ekstra beskyttende hodepute<\/li>\n\n\n\n<li>Kan kombineres med <a href=\"https:\/\/nordiccab.com\/no\/produkt\/wedge-pillow\/\">Minimizer Wedge Pillow<\/a> n\u00e5r barnet skal sitte<\/li>\n\n\n\n<li>Universal<\/li>\n\n\n\n<li>H\u00e5ndvask, ikke t\u00f8rketromle<\/li>\n<\/ul>\n\n\n\n<p>Easygrow Minimizer er perfekt b\u00e5de for ekstra st\u00f8tte og komfort. Den gir optimal st\u00f8tte til babyen og har en ekstra beskyttende hodepute. Minimizer har et tykt og mykt lag med memory foam som gir best mulig st\u00f8tte til babyens hode, nakke og rygg.<br>N\u00e5r barnet blir eldre, kan man ogs\u00e5 fjerne den ekstra hodeputen. Kan suppleres med <a href=\"https:\/\/nordiccab.com\/no\/produkt\/wedge-pillow\/\">Minimizer Wedge Pillow<\/a> for ekstra st\u00f8tte i korsrygg. Universal og passer til de fleste vogner.<\/p>\n\n\n\n<p>Minimizer m\u00e5 h\u00e5ndvaskes og henges til t\u00f8rk, IKKE maskinvask\/rens eller t\u00f8rketrommel.<\/p>\n\n\n\n<p><strong>Fyll<\/strong> Memory foam<br><strong>Ytterstoff<\/strong> \u00d8kologisk bomull\/polyester<br><strong>Lengde<\/strong> 79 cm<br><strong>Bredde<\/strong> 48 cm<br><strong>Universaltilpasning<\/strong> 5-pkt sele i vogn<br><strong>Vask<\/strong> H\u00e5ndvask<br><strong>T\u00f8rk<\/strong> Henges opp til t\u00f8rk<br><strong>\u00d6ko Tex<\/strong> 100 Sertifiserte Materialer Ja<\/p>\n\n\n\n<p>Med denne sitteputen fra Nordic Cab, kan du s\u00f8rge for at ditt barn nyter hver tur med maksimal komfort og st\u00f8tte. \u00d6ko-Tex 100 sertifiseringen garanterer at alle materialer er trygge og fri for skadelige stoffer, noe som gj\u00f8r denne puten til et utmerket valg for familien.<\/p>\n","protected":false},"excerpt":{"rendered":"<p>Passer perfekt til Nordic Cab sykkelvogn og pulk.<\/p>\n","protected":false},"featured_media":1447,"template":"","meta":{"_genesis_hide_title":false,"_genesis_hide_breadcrumbs":false,"_genesis_hide_singular_image":false,"_genesis_hide_footer_widgets":false,"_genesis_custom_body_class":"","_genesis_custom_post_class":"","_genesis_layout":""},"product_brand":[],"product_cat":[89],"product_tag":[],"class_list":{"0":"post-1446","1":"product","2":"type-product","3":"status-publish","4":"has-post-thumbnail","6":"product_cat-ukategorisert-no","7":"entry","9":"first","10":"outofstock","11":"taxable","12":"shipping-taxable","13":"purchasable","14":"product-type-simple"},"bundled_by":[],"bundle_stock_status":"outofstock","bundle_stock_quantity":0,"bundle_virtual":false,"bundle_layout":"","bundle_add_to_cart_form_location":"","bundle_editable_in_cart":false,"bundle_sold_individually_context":"","bundle_item_grouping":"","bundle_min_size":"","bundle_max_size":"","bundle_price":[],"bundled_items":[],"bundle_sell_ids":[],"yoast_head":"<!-- This site is optimized with the Yoast SEO Premium plugin v26.0 (Yoast SEO v26.0) - https:\/\/yoast.com\/wordpress\/plugins\/seo\/ -->\n<title>Easygrow Minimizer Support - Nordic Cab<\/title>\n<meta name=\"description\" content=\"Easygrow minimizer passer perfekt til Nordic Cab sykkelvogn og pulk. Universal sittepute i memory foam og \u00f8kologisk bomull.\" \/>\n<meta name=\"robots\" content=\"index, follow, max-snippet:-1, max-image-preview:large, max-video-preview:-1\" \/>\n<link rel=\"canonical\" href=\"https:\/\/nordiccab.com\/no\/produkt\/easygrow-minimizer-support\/\" \/>\n<meta property=\"og:locale\" content=\"nb_NO\" \/>\n<meta property=\"og:type\" content=\"article\" \/>\n<meta property=\"og:title\" content=\"Easygrow Minimizer Support\" \/>\n<meta property=\"og:description\" content=\"Easygrow minimizer passer perfekt til Nordic Cab sykkelvogn og pulk. Universal sittepute i memory foam og \u00f8kologisk bomull.\" \/>\n<meta property=\"og:url\" content=\"https:\/\/nordiccab.com\/no\/produkt\/easygrow-minimizer-support\/\" \/>\n<meta property=\"og:site_name\" content=\"Nordic Cab\" \/>\n<meta property=\"article:publisher\" content=\"https:\/\/www.facebook.com\/nordiccab\" \/>\n<meta property=\"article:modified_time\" content=\"2024-04-16T07:31:06+00:00\" \/>\n<meta property=\"og:image\" content=\"https:\/\/nordiccab.com\/wp-content\/uploads\/2021\/04\/Minimizer-Support-grey-m.jpg\" \/>\n\t<meta property=\"og:image:width\" content=\"1000\" \/>\n\t<meta property=\"og:image:height\" content=\"1000\" \/>\n\t<meta property=\"og:image:type\" content=\"image\/jpeg\" \/>\n<meta name=\"twitter:card\" content=\"summary_large_image\" \/>\n<meta name=\"twitter:label1\" content=\"Ansl. lesetid\" \/>\n\t<meta name=\"twitter:data1\" content=\"2 minutter\" \/>\n<script type=\"application\/ld+json\" class=\"yoast-schema-graph\">{\"@context\":\"https:\/\/schema.org\",\"@graph\":[{\"@type\":\"WebPage\",\"@id\":\"https:\/\/nordiccab.com\/no\/produkt\/easygrow-minimizer-support\/\",\"url\":\"https:\/\/nordiccab.com\/no\/produkt\/easygrow-minimizer-support\/\",\"name\":\"Easygrow Minimizer Support - Nordic Cab\",\"isPartOf\":{\"@id\":\"https:\/\/nordiccab.com\/no\/#website\"},\"primaryImageOfPage\":{\"@id\":\"https:\/\/nordiccab.com\/no\/produkt\/easygrow-minimizer-support\/#primaryimage\"},\"image\":{\"@id\":\"https:\/\/nordiccab.com\/no\/produkt\/easygrow-minimizer-support\/#primaryimage\"},\"thumbnailUrl\":\"https:\/\/nordiccab.com\/wp-content\/uploads\/2021\/04\/Minimizer-Support-grey-m.jpg\",\"datePublished\":\"2021-10-22T12:27:35+00:00\",\"dateModified\":\"2024-04-16T07:31:06+00:00\",\"description\":\"Easygrow minimizer passer perfekt til Nordic Cab sykkelvogn og pulk. Universal sittepute i memory foam og \u00f8kologisk bomull.\",\"breadcrumb\":{\"@id\":\"https:\/\/nordiccab.com\/no\/produkt\/easygrow-minimizer-support\/#breadcrumb\"},\"inLanguage\":\"nb-NO\",\"potentialAction\":[{\"@type\":\"ReadAction\",\"target\":[\"https:\/\/nordiccab.com\/no\/produkt\/easygrow-minimizer-support\/\"]}]},{\"@type\":\"ImageObject\",\"inLanguage\":\"nb-NO\",\"@id\":\"https:\/\/nordiccab.com\/no\/produkt\/easygrow-minimizer-support\/#primaryimage\",\"url\":\"https:\/\/nordiccab.com\/wp-content\/uploads\/2021\/04\/Minimizer-Support-grey-m.jpg\",\"contentUrl\":\"https:\/\/nordiccab.com\/wp-content\/uploads\/2021\/04\/Minimizer-Support-grey-m.jpg\",\"width\":1000,\"height\":1000,\"caption\":\"Easygrow Minimizer Support\"},{\"@type\":\"BreadcrumbList\",\"@id\":\"https:\/\/nordiccab.com\/no\/produkt\/easygrow-minimizer-support\/#breadcrumb\",\"itemListElement\":[{\"@type\":\"ListItem\",\"position\":1,\"name\":\"Home\",\"item\":\"https:\/\/nordiccab.com\/no\/\"},{\"@type\":\"ListItem\",\"position\":2,\"name\":\"Produkter\",\"item\":\"https:\/\/nordiccab.com\/no\/butikk\/\"},{\"@type\":\"ListItem\",\"position\":3,\"name\":\"Easygrow Minimizer Support\"}]},{\"@type\":\"WebSite\",\"@id\":\"https:\/\/nordiccab.com\/no\/#website\",\"url\":\"https:\/\/nordiccab.com\/no\/\",\"name\":\"Nordic Cab\",\"description\":\"Start Life Exploring\",\"publisher\":{\"@id\":\"https:\/\/nordiccab.com\/no\/#organization\"},\"potentialAction\":[{\"@type\":\"SearchAction\",\"target\":{\"@type\":\"EntryPoint\",\"urlTemplate\":\"https:\/\/nordiccab.com\/no\/?s={search_term_string}\"},\"query-input\":{\"@type\":\"PropertyValueSpecification\",\"valueRequired\":true,\"valueName\":\"search_term_string\"}}],\"inLanguage\":\"nb-NO\"},{\"@type\":\"Organization\",\"@id\":\"https:\/\/nordiccab.com\/no\/#organization\",\"name\":\"Nordic Cab Solutions AS\",\"url\":\"https:\/\/nordiccab.com\/no\/\",\"logo\":{\"@type\":\"ImageObject\",\"inLanguage\":\"nb-NO\",\"@id\":\"https:\/\/nordiccab.com\/no\/#\/schema\/logo\/image\/\",\"url\":\"https:\/\/nordiccab.com\/wp-content\/uploads\/2022\/02\/NC-logo.svg\",\"contentUrl\":\"https:\/\/nordiccab.com\/wp-content\/uploads\/2022\/02\/NC-logo.svg\",\"width\":1,\"height\":1,\"caption\":\"Nordic Cab Solutions AS\"},\"image\":{\"@id\":\"https:\/\/nordiccab.com\/no\/#\/schema\/logo\/image\/\"},\"sameAs\":[\"https:\/\/www.facebook.com\/nordiccab\"]}]}<\/script>\n<!-- \/ Yoast SEO Premium plugin. -->","yoast_head_json":{"title":"Easygrow Minimizer Support - Nordic Cab","description":"Easygrow minimizer passer perfekt til Nordic Cab sykkelvogn og pulk. Universal sittepute i memory foam og \u00f8kologisk bomull.","robots":{"index":"index","follow":"follow","max-snippet":"max-snippet:-1","max-image-preview":"max-image-preview:large","max-video-preview":"max-video-preview:-1"},"canonical":"https:\/\/nordiccab.com\/no\/produkt\/easygrow-minimizer-support\/","og_locale":"nb_NO","og_type":"article","og_title":"Easygrow Minimizer Support","og_description":"Easygrow minimizer passer perfekt til Nordic Cab sykkelvogn og pulk. Universal sittepute i memory foam og \u00f8kologisk bomull.","og_url":"https:\/\/nordiccab.com\/no\/produkt\/easygrow-minimizer-support\/","og_site_name":"Nordic Cab","article_publisher":"https:\/\/www.facebook.com\/nordiccab","article_modified_time":"2024-04-16T07:31:06+00:00","og_image":[{"width":1000,"height":1000,"url":"https:\/\/nordiccab.com\/wp-content\/uploads\/2021\/04\/Minimizer-Support-grey-m.jpg","type":"image\/jpeg"}],"twitter_card":"summary_large_image","twitter_misc":{"Ansl. lesetid":"2 minutter"},"schema":{"@context":"https:\/\/schema.org","@graph":[{"@type":"WebPage","@id":"https:\/\/nordiccab.com\/no\/produkt\/easygrow-minimizer-support\/","url":"https:\/\/nordiccab.com\/no\/produkt\/easygrow-minimizer-support\/","name":"Easygrow Minimizer Support - Nordic Cab","isPartOf":{"@id":"https:\/\/nordiccab.com\/no\/#website"},"primaryImageOfPage":{"@id":"https:\/\/nordiccab.com\/no\/produkt\/easygrow-minimizer-support\/#primaryimage"},"image":{"@id":"https:\/\/nordiccab.com\/no\/produkt\/easygrow-minimizer-support\/#primaryimage"},"thumbnailUrl":"https:\/\/nordiccab.com\/wp-content\/uploads\/2021\/04\/Minimizer-Support-grey-m.jpg","datePublished":"2021-10-22T12:27:35+00:00","dateModified":"2024-04-16T07:31:06+00:00","description":"Easygrow minimizer passer perfekt til Nordic Cab sykkelvogn og pulk. Universal sittepute i memory foam og \u00f8kologisk bomull.","breadcrumb":{"@id":"https:\/\/nordiccab.com\/no\/produkt\/easygrow-minimizer-support\/#breadcrumb"},"inLanguage":"nb-NO","potentialAction":[{"@type":"ReadAction","target":["https:\/\/nordiccab.com\/no\/produkt\/easygrow-minimizer-support\/"]}]},{"@type":"ImageObject","inLanguage":"nb-NO","@id":"https:\/\/nordiccab.com\/no\/produkt\/easygrow-minimizer-support\/#primaryimage","url":"https:\/\/nordiccab.com\/wp-content\/uploads\/2021\/04\/Minimizer-Support-grey-m.jpg","contentUrl":"https:\/\/nordiccab.com\/wp-content\/uploads\/2021\/04\/Minimizer-Support-grey-m.jpg","width":1000,"height":1000,"caption":"Easygrow Minimizer Support"},{"@type":"BreadcrumbList","@id":"https:\/\/nordiccab.com\/no\/produkt\/easygrow-minimizer-support\/#breadcrumb","itemListElement":[{"@type":"ListItem","position":1,"name":"Home","item":"https:\/\/nordiccab.com\/no\/"},{"@type":"ListItem","position":2,"name":"Produkter","item":"https:\/\/nordiccab.com\/no\/butikk\/"},{"@type":"ListItem","position":3,"name":"Easygrow Minimizer Support"}]},{"@type":"WebSite","@id":"https:\/\/nordiccab.com\/no\/#website","url":"https:\/\/nordiccab.com\/no\/","name":"Nordic Cab","description":"Start Life Exploring","publisher":{"@id":"https:\/\/nordiccab.com\/no\/#organization"},"potentialAction":[{"@type":"SearchAction","target":{"@type":"EntryPoint","urlTemplate":"https:\/\/nordiccab.com\/no\/?s={search_term_string}"},"query-input":{"@type":"PropertyValueSpecification","valueRequired":true,"valueName":"search_term_string"}}],"inLanguage":"nb-NO"},{"@type":"Organization","@id":"https:\/\/nordiccab.com\/no\/#organization","name":"Nordic Cab Solutions AS","url":"https:\/\/nordiccab.com\/no\/","logo":{"@type":"ImageObject","inLanguage":"nb-NO","@id":"https:\/\/nordiccab.com\/no\/#\/schema\/logo\/image\/","url":"https:\/\/nordiccab.com\/wp-content\/uploads\/2022\/02\/NC-logo.svg","contentUrl":"https:\/\/nordiccab.com\/wp-content\/uploads\/2022\/02\/NC-logo.svg","width":1,"height":1,"caption":"Nordic Cab Solutions AS"},"image":{"@id":"https:\/\/nordiccab.com\/no\/#\/schema\/logo\/image\/"},"sameAs":["https:\/\/www.facebook.com\/nordiccab"]}]}},"_links":{"self":[{"href":"https:\/\/nordiccab.com\/no\/wp-json\/wp\/v2\/product\/1446","targetHints":{"allow":["GET"]}}],"collection":[{"href":"https:\/\/nordiccab.com\/no\/wp-json\/wp\/v2\/product"}],"about":[{"href":"https:\/\/nordiccab.com\/no\/wp-json\/wp\/v2\/types\/product"}],"wp:featuredmedia":[{"embeddable":true,"href":"https:\/\/nordiccab.com\/no\/wp-json\/wp\/v2\/media\/1447"}],"wp:attachment":[{"href":"https:\/\/nordiccab.com\/no\/wp-json\/wp\/v2\/media?parent=1446"}],"wp:term":[{"taxonomy":"product_brand","embeddable":true,"href":"https:\/\/nordiccab.com\/no\/wp-json\/wp\/v2\/product_brand?post=1446"},{"taxonomy":"product_cat","embeddable":true,"href":"https:\/\/nordiccab.com\/no\/wp-json\/wp\/v2\/product_cat?post=1446"},{"taxonomy":"product_tag","embeddable":true,"href":"https:\/\/nordiccab.com\/no\/wp-json\/wp\/v2\/product_tag?post=1446"}],"curies":[{"name":"wp","href":"https:\/\/api.w.org\/{rel}","templated":true}]}}