{"id":14318,"date":"2024-03-31T09:16:12","date_gmt":"2023-10-04T11:31:38","guid":{"rendered":"https:\/\/nordiccab.com\/?post_type=product&#038;p=14318"},"modified":"2024-04-03T11:50:34","modified_gmt":"2024-04-03T09:50:34","slug":"hitch-adapter-2","status":"publish","type":"product","link":"https:\/\/nordiccab.com\/no\/produkt\/hitch-adapter-2\/","title":{"rendered":"Universell sykkelvogn adapter for 5mm hurtigkobling\/ QR"},"content":{"rendered":"\n<h2 class=\"wp-block-heading has-large-font-size\" id=\"h-var-universell-sykkelvogn-adapter-er-designet-for-a-sikre-at-ditt-sykkelvognfeste-passer-perfekt-pa-sykler-med-5mm-hurtigkobling-quick-release-aksel\">V\u00e5r Universell sykkelvogn adapter er designet for \u00e5 sikre at ditt sykkelvognfeste passer perfekt p\u00e5 sykler med 5mm hurtigkobling \/ Quick release aksel.<\/h2>\n\n\n\n<p>Adapterens universelle kompatibilitet gj\u00f8r at den kan brukes til \u00e5 koble hvilket som helst sykkelvognmerke sitt feste, inkludert Thule, Hamax, Biltema, Jula og North, til din sykkel. Laget av holdbart, h\u00f8ykvalitets rustfritt st\u00e5l og presisjon maskinert for en perfekt passform, gir denne adapteren ogs\u00e5 en ekstra fordel ved \u00e5 posisjonere festepunktet 2cm lenger fra sykkelen og bremsene for \u00f8kt klaring og sikkerhet. Installasjonen er enkel; alt du trenger er en skiften\u00f8kkel.<\/p>\n","protected":false},"excerpt":{"rendered":"<ul>\n<li>Kompatibilitet: Passer til 5mm hurtigutl\u00f8seraksler. Dette er den mest brukte akselen p\u00e5 sykler.<\/li>\n<li>Universelt design: Kompatibelt med alle store sykkeltilhengermerker inkludert Thule, Hamax, Biltema, Jula og North<\/li>\n<li>Materiale: Presisjons CNC-maskinert fra h\u00f8ykvalitets rustfritt st\u00e5l for holdbarhet og styrke.<\/li>\n<li>Installasjon: Enkel \u00e5 installere med bare en skiften\u00f8kkel. Leveres med en solid l\u00e5semutter for sikker festing.<\/li>\n<li>Designfordel: Forlenger hitch 2cm bort fra sykkelen og bremsene, noe som sikrer klaring og sikkerhet.<\/li>\n<li>Inkludert: Adapter og l\u00e5semutter (sykkelfeste er ikke inkludert).<\/li>\n<\/ul>\n<p>Er du usikker p\u00e5 om du trenger en sykkelvogn adapter eller ikke, kan du <strong><a href=\"https:\/\/nordiccab.com\/no\/sykkelfeste-guide\/\">se v\u00e5r guide her<\/a><\/strong>.<\/p>\n","protected":false},"featured_media":11415,"template":"","meta":{"_genesis_hide_title":false,"_genesis_hide_breadcrumbs":false,"_genesis_hide_singular_image":false,"_genesis_hide_footer_widgets":false,"_genesis_custom_body_class":"","_genesis_custom_post_class":"","_genesis_layout":""},"product_brand":[],"product_cat":[73,549],"product_tag":[],"class_list":{"0":"post-14318","1":"product","2":"type-product","3":"status-publish","4":"has-post-thumbnail","6":"product_cat-barnepulk-sykkelvogn-baeremeis-utstyr-tilbehor-deler","7":"product_cat-universelle-adaptere-for-sykkelvogn","8":"entry","10":"first","11":"outofstock","12":"taxable","13":"shipping-taxable","14":"product-type-variable"},"bundled_by":[],"bundle_stock_status":"outofstock","bundle_stock_quantity":null,"bundle_virtual":false,"bundle_layout":"","bundle_add_to_cart_form_location":"","bundle_editable_in_cart":false,"bundle_sold_individually_context":"","bundle_item_grouping":"","bundle_min_size":"","bundle_max_size":"","bundle_price":[],"bundled_items":[],"bundle_sell_ids":[],"yoast_head":"<!-- This site is optimized with the Yoast SEO Premium plugin v26.0 (Yoast SEO v26.0) - https:\/\/yoast.com\/wordpress\/plugins\/seo\/ -->\n<title>Universell sykkelvogn adapter | Kompatibel med Alle Merker<\/title>\n<meta name=\"description\" content=\"Fest enkelt hvilken som helst sykkeltilhenger til 5mm hurtigkobling sykkelvogn adapter. Holdbar, enkel \u00e5 installere, og kompatibel med Thule, Hamax og mer.\" \/>\n<meta name=\"robots\" content=\"index, follow, max-snippet:-1, max-image-preview:large, max-video-preview:-1\" \/>\n<link rel=\"canonical\" href=\"https:\/\/nordiccab.com\/no\/produkt\/hitch-adapter-2\/\" \/>\n<meta property=\"og:locale\" content=\"nb_NO\" \/>\n<meta property=\"og:type\" content=\"article\" \/>\n<meta property=\"og:title\" content=\"Universell sykkelvogn adapter for 5mm hurtigkobling\/ QR\" \/>\n<meta property=\"og:description\" content=\"Fest enkelt hvilken som helst sykkeltilhenger til 5mm hurtigkobling sykkelvogn adapter. Holdbar, enkel \u00e5 installere, og kompatibel med Thule, Hamax og mer.\" \/>\n<meta property=\"og:url\" content=\"https:\/\/nordiccab.com\/no\/produkt\/hitch-adapter-2\/\" \/>\n<meta property=\"og:site_name\" content=\"Nordic Cab\" \/>\n<meta property=\"article:publisher\" content=\"https:\/\/www.facebook.com\/nordiccab\" \/>\n<meta property=\"article:modified_time\" content=\"2024-04-03T09:50:34+00:00\" \/>\n<meta property=\"og:image\" content=\"https:\/\/nordiccab.com\/wp-content\/uploads\/2023\/03\/ada-001.jpg\" \/>\n\t<meta property=\"og:image:width\" content=\"1000\" \/>\n\t<meta property=\"og:image:height\" content=\"1000\" \/>\n\t<meta property=\"og:image:type\" content=\"image\/jpeg\" \/>\n<meta name=\"twitter:card\" content=\"summary_large_image\" \/>\n<meta name=\"twitter:label1\" content=\"Ansl. lesetid\" \/>\n\t<meta name=\"twitter:data1\" content=\"1 minutt\" \/>\n<script type=\"application\/ld+json\" class=\"yoast-schema-graph\">{\"@context\":\"https:\/\/schema.org\",\"@graph\":[{\"@type\":\"WebPage\",\"@id\":\"https:\/\/nordiccab.com\/no\/produkt\/hitch-adapter-2\/\",\"url\":\"https:\/\/nordiccab.com\/no\/produkt\/hitch-adapter-2\/\",\"name\":\"Universell sykkelvogn adapter | Kompatibel med Alle Merker\",\"isPartOf\":{\"@id\":\"https:\/\/nordiccab.com\/no\/#website\"},\"primaryImageOfPage\":{\"@id\":\"https:\/\/nordiccab.com\/no\/produkt\/hitch-adapter-2\/#primaryimage\"},\"image\":{\"@id\":\"https:\/\/nordiccab.com\/no\/produkt\/hitch-adapter-2\/#primaryimage\"},\"thumbnailUrl\":\"https:\/\/nordiccab.com\/wp-content\/uploads\/2023\/03\/ada-001.jpg\",\"datePublished\":\"2023-10-04T11:31:38+00:00\",\"dateModified\":\"2024-04-03T09:50:34+00:00\",\"description\":\"Fest enkelt hvilken som helst sykkeltilhenger til 5mm hurtigkobling sykkelvogn adapter. Holdbar, enkel \u00e5 installere, og kompatibel med Thule, Hamax og mer.\",\"breadcrumb\":{\"@id\":\"https:\/\/nordiccab.com\/no\/produkt\/hitch-adapter-2\/#breadcrumb\"},\"inLanguage\":\"nb-NO\",\"potentialAction\":[{\"@type\":\"ReadAction\",\"target\":[\"https:\/\/nordiccab.com\/no\/produkt\/hitch-adapter-2\/\"]}]},{\"@type\":\"ImageObject\",\"inLanguage\":\"nb-NO\",\"@id\":\"https:\/\/nordiccab.com\/no\/produkt\/hitch-adapter-2\/#primaryimage\",\"url\":\"https:\/\/nordiccab.com\/wp-content\/uploads\/2023\/03\/ada-001.jpg\",\"contentUrl\":\"https:\/\/nordiccab.com\/wp-content\/uploads\/2023\/03\/ada-001.jpg\",\"width\":1000,\"height\":1000,\"caption\":\"adapter for feste av sykkelvogn fra Nordic Cab\"},{\"@type\":\"BreadcrumbList\",\"@id\":\"https:\/\/nordiccab.com\/no\/produkt\/hitch-adapter-2\/#breadcrumb\",\"itemListElement\":[{\"@type\":\"ListItem\",\"position\":1,\"name\":\"Home\",\"item\":\"https:\/\/nordiccab.com\/no\/\"},{\"@type\":\"ListItem\",\"position\":2,\"name\":\"Produkter\",\"item\":\"https:\/\/nordiccab.com\/no\/butikk\/\"},{\"@type\":\"ListItem\",\"position\":3,\"name\":\"Universell sykkelvogn adapter for 5mm hurtigkobling\/ QR\"}]},{\"@type\":\"WebSite\",\"@id\":\"https:\/\/nordiccab.com\/no\/#website\",\"url\":\"https:\/\/nordiccab.com\/no\/\",\"name\":\"Nordic Cab\",\"description\":\"Start Life Exploring\",\"publisher\":{\"@id\":\"https:\/\/nordiccab.com\/no\/#organization\"},\"potentialAction\":[{\"@type\":\"SearchAction\",\"target\":{\"@type\":\"EntryPoint\",\"urlTemplate\":\"https:\/\/nordiccab.com\/no\/?s={search_term_string}\"},\"query-input\":{\"@type\":\"PropertyValueSpecification\",\"valueRequired\":true,\"valueName\":\"search_term_string\"}}],\"inLanguage\":\"nb-NO\"},{\"@type\":\"Organization\",\"@id\":\"https:\/\/nordiccab.com\/no\/#organization\",\"name\":\"Nordic Cab Solutions AS\",\"url\":\"https:\/\/nordiccab.com\/no\/\",\"logo\":{\"@type\":\"ImageObject\",\"inLanguage\":\"nb-NO\",\"@id\":\"https:\/\/nordiccab.com\/no\/#\/schema\/logo\/image\/\",\"url\":\"https:\/\/nordiccab.com\/wp-content\/uploads\/2022\/02\/NC-logo.svg\",\"contentUrl\":\"https:\/\/nordiccab.com\/wp-content\/uploads\/2022\/02\/NC-logo.svg\",\"width\":1,\"height\":1,\"caption\":\"Nordic Cab Solutions AS\"},\"image\":{\"@id\":\"https:\/\/nordiccab.com\/no\/#\/schema\/logo\/image\/\"},\"sameAs\":[\"https:\/\/www.facebook.com\/nordiccab\"]}]}<\/script>\n<!-- \/ Yoast SEO Premium plugin. -->","yoast_head_json":{"title":"Universell sykkelvogn adapter | Kompatibel med Alle Merker","description":"Fest enkelt hvilken som helst sykkeltilhenger til 5mm hurtigkobling sykkelvogn adapter. Holdbar, enkel \u00e5 installere, og kompatibel med Thule, Hamax og mer.","robots":{"index":"index","follow":"follow","max-snippet":"max-snippet:-1","max-image-preview":"max-image-preview:large","max-video-preview":"max-video-preview:-1"},"canonical":"https:\/\/nordiccab.com\/no\/produkt\/hitch-adapter-2\/","og_locale":"nb_NO","og_type":"article","og_title":"Universell sykkelvogn adapter for 5mm hurtigkobling\/ QR","og_description":"Fest enkelt hvilken som helst sykkeltilhenger til 5mm hurtigkobling sykkelvogn adapter. Holdbar, enkel \u00e5 installere, og kompatibel med Thule, Hamax og mer.","og_url":"https:\/\/nordiccab.com\/no\/produkt\/hitch-adapter-2\/","og_site_name":"Nordic Cab","article_publisher":"https:\/\/www.facebook.com\/nordiccab","article_modified_time":"2024-04-03T09:50:34+00:00","og_image":[{"width":1000,"height":1000,"url":"https:\/\/nordiccab.com\/wp-content\/uploads\/2023\/03\/ada-001.jpg","type":"image\/jpeg"}],"twitter_card":"summary_large_image","twitter_misc":{"Ansl. lesetid":"1 minutt"},"schema":{"@context":"https:\/\/schema.org","@graph":[{"@type":"WebPage","@id":"https:\/\/nordiccab.com\/no\/produkt\/hitch-adapter-2\/","url":"https:\/\/nordiccab.com\/no\/produkt\/hitch-adapter-2\/","name":"Universell sykkelvogn adapter | Kompatibel med Alle Merker","isPartOf":{"@id":"https:\/\/nordiccab.com\/no\/#website"},"primaryImageOfPage":{"@id":"https:\/\/nordiccab.com\/no\/produkt\/hitch-adapter-2\/#primaryimage"},"image":{"@id":"https:\/\/nordiccab.com\/no\/produkt\/hitch-adapter-2\/#primaryimage"},"thumbnailUrl":"https:\/\/nordiccab.com\/wp-content\/uploads\/2023\/03\/ada-001.jpg","datePublished":"2023-10-04T11:31:38+00:00","dateModified":"2024-04-03T09:50:34+00:00","description":"Fest enkelt hvilken som helst sykkeltilhenger til 5mm hurtigkobling sykkelvogn adapter. Holdbar, enkel \u00e5 installere, og kompatibel med Thule, Hamax og mer.","breadcrumb":{"@id":"https:\/\/nordiccab.com\/no\/produkt\/hitch-adapter-2\/#breadcrumb"},"inLanguage":"nb-NO","potentialAction":[{"@type":"ReadAction","target":["https:\/\/nordiccab.com\/no\/produkt\/hitch-adapter-2\/"]}]},{"@type":"ImageObject","inLanguage":"nb-NO","@id":"https:\/\/nordiccab.com\/no\/produkt\/hitch-adapter-2\/#primaryimage","url":"https:\/\/nordiccab.com\/wp-content\/uploads\/2023\/03\/ada-001.jpg","contentUrl":"https:\/\/nordiccab.com\/wp-content\/uploads\/2023\/03\/ada-001.jpg","width":1000,"height":1000,"caption":"adapter for feste av sykkelvogn fra Nordic Cab"},{"@type":"BreadcrumbList","@id":"https:\/\/nordiccab.com\/no\/produkt\/hitch-adapter-2\/#breadcrumb","itemListElement":[{"@type":"ListItem","position":1,"name":"Home","item":"https:\/\/nordiccab.com\/no\/"},{"@type":"ListItem","position":2,"name":"Produkter","item":"https:\/\/nordiccab.com\/no\/butikk\/"},{"@type":"ListItem","position":3,"name":"Universell sykkelvogn adapter for 5mm hurtigkobling\/ QR"}]},{"@type":"WebSite","@id":"https:\/\/nordiccab.com\/no\/#website","url":"https:\/\/nordiccab.com\/no\/","name":"Nordic Cab","description":"Start Life Exploring","publisher":{"@id":"https:\/\/nordiccab.com\/no\/#organization"},"potentialAction":[{"@type":"SearchAction","target":{"@type":"EntryPoint","urlTemplate":"https:\/\/nordiccab.com\/no\/?s={search_term_string}"},"query-input":{"@type":"PropertyValueSpecification","valueRequired":true,"valueName":"search_term_string"}}],"inLanguage":"nb-NO"},{"@type":"Organization","@id":"https:\/\/nordiccab.com\/no\/#organization","name":"Nordic Cab Solutions AS","url":"https:\/\/nordiccab.com\/no\/","logo":{"@type":"ImageObject","inLanguage":"nb-NO","@id":"https:\/\/nordiccab.com\/no\/#\/schema\/logo\/image\/","url":"https:\/\/nordiccab.com\/wp-content\/uploads\/2022\/02\/NC-logo.svg","contentUrl":"https:\/\/nordiccab.com\/wp-content\/uploads\/2022\/02\/NC-logo.svg","width":1,"height":1,"caption":"Nordic Cab Solutions AS"},"image":{"@id":"https:\/\/nordiccab.com\/no\/#\/schema\/logo\/image\/"},"sameAs":["https:\/\/www.facebook.com\/nordiccab"]}]}},"_links":{"self":[{"href":"https:\/\/nordiccab.com\/no\/wp-json\/wp\/v2\/product\/14318","targetHints":{"allow":["GET"]}}],"collection":[{"href":"https:\/\/nordiccab.com\/no\/wp-json\/wp\/v2\/product"}],"about":[{"href":"https:\/\/nordiccab.com\/no\/wp-json\/wp\/v2\/types\/product"}],"wp:featuredmedia":[{"embeddable":true,"href":"https:\/\/nordiccab.com\/no\/wp-json\/wp\/v2\/media\/11415"}],"wp:attachment":[{"href":"https:\/\/nordiccab.com\/no\/wp-json\/wp\/v2\/media?parent=14318"}],"wp:term":[{"taxonomy":"product_brand","embeddable":true,"href":"https:\/\/nordiccab.com\/no\/wp-json\/wp\/v2\/product_brand?post=14318"},{"taxonomy":"product_cat","embeddable":true,"href":"https:\/\/nordiccab.com\/no\/wp-json\/wp\/v2\/product_cat?post=14318"},{"taxonomy":"product_tag","embeddable":true,"href":"https:\/\/nordiccab.com\/no\/wp-json\/wp\/v2\/product_tag?post=14318"}],"curies":[{"name":"wp","href":"https:\/\/api.w.org\/{rel}","templated":true}]}}