{"id":1427,"date":"2024-10-01T09:21:00","date_gmt":"2024-10-01T07:21:00","guid":{"rendered":"https:\/\/nordiccab.com\/?post_type=product&#038;p=1427"},"modified":"2025-10-05T16:37:47","modified_gmt":"2025-10-05T14:37:47","slug":"regntrekk","status":"publish","type":"product","link":"https:\/\/nordiccab.com\/no\/produkt\/regntrekk\/","title":{"rendered":"Nordic Cab &#8211; Regntrekk"},"content":{"rendered":"\n<h2 class=\"wp-block-heading has-large-font-size\" id=\"h-beskyttelse-mot-vaer-og-vind-med-nordic-cab-regntrekk\">Beskyttelse mot v\u00e6r og vind med Nordic Cab Regntrekk<\/h2>\n\n\n\n<h3 class=\"wp-block-heading has-normal-font-size\" id=\"h-regntrekk-ideelt-for-sykkelvogn-og-barnepulk\">Regntrekk \u2013 Ideelt for Sykkelvogn og Barnepulk<\/h3>\n\n\n\n<p>Hold barna t\u00f8rre og komfortable uansett v\u00e6r med Nordic Cab regntrekk, perfekt til din sykkelvogn eller barnepulk. Regntrekket er laget av toksinfri TPU, kulderesistent ned til -20 \u00baC, og sikrer optimal beskyttelse mot regn, vind og sn\u00f8.<\/p>\n\n\n\n<p>En Nordic Cab er utstyrt med integrert vindu i front som standard, med gummiering p\u00e5 innsiden av stoffet og vanntette glidel\u00e5ser for solid beskyttelse mot de fleste v\u00e6rforhold. Ved en liten regnskur er det ofte ikke n\u00f8dvendig med ekstra regntrekk. Se mer informasjon under <strong>FAQ<\/strong>.<\/p>\n\n\n\n<h3 class=\"wp-block-heading has-normal-font-size\" id=\"h-tilpass-din-nordic-cab-til-deres-unike-behov\">Tilpass din Nordic Cab til deres unike behov<\/h3>\n\n\n\n<p>En Nordic Cab Explorer leveres alltid godt utstyrt og med alle deler for \u00e5 bruke de ulike funksjonene. Men vi vet at alle familier er forskjellige. Om du bruker sykkelvogn daglig til og fra barnehagen, eller barnepulk for turer i skogen og p\u00e5 ski, har vi utviklet en rekke tilbeh\u00f8r for \u00e5 tilpasse vognen etter familiens behov, v\u00e6r, terreng og bruksm\u00f8nster. Ekstrautstyr til Nordic Cab finner du <strong><a href=\"https:\/\/nordiccab.com\/no\/produktkategori\/tilbehor\/sykkelvogn-pulk-nordic-cab-tilbehor-no\/\" target=\"_blank\" rel=\"noreferrer noopener\">her<\/a><\/strong>. <\/p>\n\n\n\n<p><strong><a href=\"https:\/\/nordiccab.com\/no\/produktkategori\/tilbehor\/turutstyr-barn-tilbehor\/\" target=\"_blank\" rel=\"noreferrer noopener\">Turutstyr for barn:<\/a><\/strong> Utforsk v\u00e5rt utvalg av utstyr som gj\u00f8r turene enklere og morsommere for hele familien. Her finner du blant annet truger til pauser p\u00e5 vinterturene med barnepulken og hjelmer for sykkelvogn.<\/p>\n\n\n\n<p><strong><a href=\"https:\/\/nordiccab.com\/no\/produktkategori\/tilbehor\/turutstyr-voksne-tilbehor\/\" target=\"_blank\" rel=\"noreferrer noopener\">Turutstyr for voksne:<\/a><\/strong> I denne kategorien finner du utstyr av h\u00f8y kvalitet som gj\u00f8r turene mer komfortable og funksjonelle, uansett om du bruker sykkelvogn, barnepulk eller barnevogn.<\/p>\n\n\n\n<p><a href=\"https:\/\/nordiccab.com\/no\/produktkategori\/tilbehor\/akseladapter\/\" target=\"_blank\" rel=\"noreferrer noopener\"><strong>Akseladaptere:<\/strong> <\/a>For \u00e5 gj\u00f8re sykkelvognen kompatibel med ulike sykler, tilbyr vi Europas st\u00f8rste utvalg av universale adaptere, som passer til alle typer sykkelvogner.<\/p>\n","protected":false},"excerpt":{"rendered":"<ul>\n<li><span style=\"color: #008000;\"><strong>Kulderesistent:<\/strong><\/span> Laget av toksinfri, barnevennlig TPU som t\u00e5ler kulde ned til -20 \u00baC.<\/li>\n<li><span style=\"color: #008000;\"><strong>Allv\u00e6rsbeskyttelse:<\/strong><\/span> Holder barna t\u00f8rre og komfortable i all slags v\u00e6r.<\/li>\n<li><span style=\"color: #008000;\"><strong>God lufting:<\/strong> <\/span>Perforeringer og ventilasjonshull sikrer god luftstr\u00f8m i vognen.<\/li>\n<li><span style=\"color: #008000;\"><strong>Enkel montering:<\/strong><\/span> Formsydd for enkel p\u00e5- og avmontering; tar liten plass n\u00e5r det lagres.<\/li>\n<\/ul>\n","protected":false},"featured_media":1428,"template":"","meta":{"_genesis_hide_title":false,"_genesis_hide_breadcrumbs":false,"_genesis_hide_singular_image":false,"_genesis_hide_footer_widgets":false,"_genesis_custom_body_class":"","_genesis_custom_post_class":"","_genesis_layout":""},"product_brand":[],"product_cat":[73,81],"product_tag":[702],"class_list":{"0":"post-1427","1":"product","2":"type-product","3":"status-publish","4":"has-post-thumbnail","6":"product_cat-barnepulk-sykkelvogn-baeremeis-utstyr-tilbehor-deler","7":"product_cat-sykkelvogn-pulk-nordic-cab-tilbehor-no","8":"product_tag-nordic-cab-tilbehor","9":"entry","11":"first","12":"instock","13":"taxable","14":"shipping-taxable","15":"purchasable","16":"product-type-variable"},"bundled_by":["5166","5182","5188","5192","15661","18641","18647","18654","19982","20992","16685"],"bundle_stock_status":"instock","bundle_stock_quantity":null,"bundle_virtual":false,"bundle_layout":"","bundle_add_to_cart_form_location":"","bundle_editable_in_cart":false,"bundle_sold_individually_context":"","bundle_item_grouping":"","bundle_min_size":"","bundle_max_size":"","bundle_price":[],"bundled_items":[],"bundle_sell_ids":[],"yoast_head":"<!-- This site is optimized with the Yoast SEO Premium plugin v26.0 (Yoast SEO v26.0) - https:\/\/yoast.com\/wordpress\/plugins\/seo\/ -->\n<title>Regntrekk til Sykkelvogn og Barnepulk \u2013 Allv\u00e6rbeskyttelse<\/title>\n<meta name=\"description\" content=\"Beskytt barna i all slags v\u00e6r med Nordic Cab regntrekk til sykkelvogn og barnepulk. Kulderesistent, toksinfri og enkel \u00e5 montere.\" \/>\n<meta name=\"robots\" content=\"index, follow, max-snippet:-1, max-image-preview:large, max-video-preview:-1\" \/>\n<link rel=\"canonical\" href=\"https:\/\/nordiccab.com\/no\/produkt\/regntrekk\/\" \/>\n<meta property=\"og:locale\" content=\"nb_NO\" \/>\n<meta property=\"og:type\" content=\"article\" \/>\n<meta property=\"og:title\" content=\"Nordic Cab - Regntrekk\" \/>\n<meta property=\"og:description\" content=\"Beskytt barna i all slags v\u00e6r med Nordic Cab regntrekk til sykkelvogn og barnepulk. Kulderesistent, toksinfri og enkel \u00e5 montere.\" \/>\n<meta property=\"og:url\" content=\"https:\/\/nordiccab.com\/no\/produkt\/regntrekk\/\" \/>\n<meta property=\"og:site_name\" content=\"Nordic Cab\" \/>\n<meta property=\"article:publisher\" content=\"https:\/\/www.facebook.com\/nordiccab\" \/>\n<meta property=\"article:modified_time\" content=\"2025-10-05T14:37:47+00:00\" \/>\n<meta property=\"og:image\" content=\"https:\/\/nordiccab.com\/wp-content\/uploads\/2021\/04\/Nordic-Cab-Regntrekk.jpg\" \/>\n\t<meta property=\"og:image:width\" content=\"1000\" \/>\n\t<meta property=\"og:image:height\" content=\"1000\" \/>\n\t<meta property=\"og:image:type\" content=\"image\/jpeg\" \/>\n<meta name=\"twitter:card\" content=\"summary_large_image\" \/>\n<meta name=\"twitter:label1\" content=\"Ansl. lesetid\" \/>\n\t<meta name=\"twitter:data1\" content=\"2 minutter\" \/>\n<script type=\"application\/ld+json\" class=\"yoast-schema-graph\">{\"@context\":\"https:\/\/schema.org\",\"@graph\":[{\"@type\":\"WebPage\",\"@id\":\"https:\/\/nordiccab.com\/no\/produkt\/regntrekk\/\",\"url\":\"https:\/\/nordiccab.com\/no\/produkt\/regntrekk\/\",\"name\":\"Regntrekk til Sykkelvogn og Barnepulk \u2013 Allv\u00e6rbeskyttelse\",\"isPartOf\":{\"@id\":\"https:\/\/nordiccab.com\/no\/#website\"},\"primaryImageOfPage\":{\"@id\":\"https:\/\/nordiccab.com\/no\/produkt\/regntrekk\/#primaryimage\"},\"image\":{\"@id\":\"https:\/\/nordiccab.com\/no\/produkt\/regntrekk\/#primaryimage\"},\"thumbnailUrl\":\"https:\/\/nordiccab.com\/wp-content\/uploads\/2021\/04\/Nordic-Cab-Regntrekk.jpg\",\"datePublished\":\"2024-10-01T07:21:00+00:00\",\"dateModified\":\"2025-10-05T14:37:47+00:00\",\"description\":\"Beskytt barna i all slags v\u00e6r med Nordic Cab regntrekk til sykkelvogn og barnepulk. Kulderesistent, toksinfri og enkel \u00e5 montere.\",\"breadcrumb\":{\"@id\":\"https:\/\/nordiccab.com\/no\/produkt\/regntrekk\/#breadcrumb\"},\"inLanguage\":\"nb-NO\",\"potentialAction\":[{\"@type\":\"ReadAction\",\"target\":[\"https:\/\/nordiccab.com\/no\/produkt\/regntrekk\/\"]}]},{\"@type\":\"ImageObject\",\"inLanguage\":\"nb-NO\",\"@id\":\"https:\/\/nordiccab.com\/no\/produkt\/regntrekk\/#primaryimage\",\"url\":\"https:\/\/nordiccab.com\/wp-content\/uploads\/2021\/04\/Nordic-Cab-Regntrekk.jpg\",\"contentUrl\":\"https:\/\/nordiccab.com\/wp-content\/uploads\/2021\/04\/Nordic-Cab-Regntrekk.jpg\",\"width\":1000,\"height\":1000,\"caption\":\"Nordic Cab Explorer Raincover\"},{\"@type\":\"BreadcrumbList\",\"@id\":\"https:\/\/nordiccab.com\/no\/produkt\/regntrekk\/#breadcrumb\",\"itemListElement\":[{\"@type\":\"ListItem\",\"position\":1,\"name\":\"Home\",\"item\":\"https:\/\/nordiccab.com\/no\/\"},{\"@type\":\"ListItem\",\"position\":2,\"name\":\"Produkter\",\"item\":\"https:\/\/nordiccab.com\/no\/butikk\/\"},{\"@type\":\"ListItem\",\"position\":3,\"name\":\"Nordic Cab &#8211; Regntrekk\"}]},{\"@type\":\"WebSite\",\"@id\":\"https:\/\/nordiccab.com\/no\/#website\",\"url\":\"https:\/\/nordiccab.com\/no\/\",\"name\":\"Nordic Cab\",\"description\":\"Start Life Exploring\",\"publisher\":{\"@id\":\"https:\/\/nordiccab.com\/no\/#organization\"},\"potentialAction\":[{\"@type\":\"SearchAction\",\"target\":{\"@type\":\"EntryPoint\",\"urlTemplate\":\"https:\/\/nordiccab.com\/no\/?s={search_term_string}\"},\"query-input\":{\"@type\":\"PropertyValueSpecification\",\"valueRequired\":true,\"valueName\":\"search_term_string\"}}],\"inLanguage\":\"nb-NO\"},{\"@type\":\"Organization\",\"@id\":\"https:\/\/nordiccab.com\/no\/#organization\",\"name\":\"Nordic Cab Solutions AS\",\"url\":\"https:\/\/nordiccab.com\/no\/\",\"logo\":{\"@type\":\"ImageObject\",\"inLanguage\":\"nb-NO\",\"@id\":\"https:\/\/nordiccab.com\/no\/#\/schema\/logo\/image\/\",\"url\":\"https:\/\/nordiccab.com\/wp-content\/uploads\/2022\/02\/NC-logo.svg\",\"contentUrl\":\"https:\/\/nordiccab.com\/wp-content\/uploads\/2022\/02\/NC-logo.svg\",\"width\":1,\"height\":1,\"caption\":\"Nordic Cab Solutions AS\"},\"image\":{\"@id\":\"https:\/\/nordiccab.com\/no\/#\/schema\/logo\/image\/\"},\"sameAs\":[\"https:\/\/www.facebook.com\/nordiccab\"]}]}<\/script>\n<!-- \/ Yoast SEO Premium plugin. -->","yoast_head_json":{"title":"Regntrekk til Sykkelvogn og Barnepulk \u2013 Allv\u00e6rbeskyttelse","description":"Beskytt barna i all slags v\u00e6r med Nordic Cab regntrekk til sykkelvogn og barnepulk. Kulderesistent, toksinfri og enkel \u00e5 montere.","robots":{"index":"index","follow":"follow","max-snippet":"max-snippet:-1","max-image-preview":"max-image-preview:large","max-video-preview":"max-video-preview:-1"},"canonical":"https:\/\/nordiccab.com\/no\/produkt\/regntrekk\/","og_locale":"nb_NO","og_type":"article","og_title":"Nordic Cab - Regntrekk","og_description":"Beskytt barna i all slags v\u00e6r med Nordic Cab regntrekk til sykkelvogn og barnepulk. Kulderesistent, toksinfri og enkel \u00e5 montere.","og_url":"https:\/\/nordiccab.com\/no\/produkt\/regntrekk\/","og_site_name":"Nordic Cab","article_publisher":"https:\/\/www.facebook.com\/nordiccab","article_modified_time":"2025-10-05T14:37:47+00:00","og_image":[{"width":1000,"height":1000,"url":"https:\/\/nordiccab.com\/wp-content\/uploads\/2021\/04\/Nordic-Cab-Regntrekk.jpg","type":"image\/jpeg"}],"twitter_card":"summary_large_image","twitter_misc":{"Ansl. lesetid":"2 minutter"},"schema":{"@context":"https:\/\/schema.org","@graph":[{"@type":"WebPage","@id":"https:\/\/nordiccab.com\/no\/produkt\/regntrekk\/","url":"https:\/\/nordiccab.com\/no\/produkt\/regntrekk\/","name":"Regntrekk til Sykkelvogn og Barnepulk \u2013 Allv\u00e6rbeskyttelse","isPartOf":{"@id":"https:\/\/nordiccab.com\/no\/#website"},"primaryImageOfPage":{"@id":"https:\/\/nordiccab.com\/no\/produkt\/regntrekk\/#primaryimage"},"image":{"@id":"https:\/\/nordiccab.com\/no\/produkt\/regntrekk\/#primaryimage"},"thumbnailUrl":"https:\/\/nordiccab.com\/wp-content\/uploads\/2021\/04\/Nordic-Cab-Regntrekk.jpg","datePublished":"2024-10-01T07:21:00+00:00","dateModified":"2025-10-05T14:37:47+00:00","description":"Beskytt barna i all slags v\u00e6r med Nordic Cab regntrekk til sykkelvogn og barnepulk. Kulderesistent, toksinfri og enkel \u00e5 montere.","breadcrumb":{"@id":"https:\/\/nordiccab.com\/no\/produkt\/regntrekk\/#breadcrumb"},"inLanguage":"nb-NO","potentialAction":[{"@type":"ReadAction","target":["https:\/\/nordiccab.com\/no\/produkt\/regntrekk\/"]}]},{"@type":"ImageObject","inLanguage":"nb-NO","@id":"https:\/\/nordiccab.com\/no\/produkt\/regntrekk\/#primaryimage","url":"https:\/\/nordiccab.com\/wp-content\/uploads\/2021\/04\/Nordic-Cab-Regntrekk.jpg","contentUrl":"https:\/\/nordiccab.com\/wp-content\/uploads\/2021\/04\/Nordic-Cab-Regntrekk.jpg","width":1000,"height":1000,"caption":"Nordic Cab Explorer Raincover"},{"@type":"BreadcrumbList","@id":"https:\/\/nordiccab.com\/no\/produkt\/regntrekk\/#breadcrumb","itemListElement":[{"@type":"ListItem","position":1,"name":"Home","item":"https:\/\/nordiccab.com\/no\/"},{"@type":"ListItem","position":2,"name":"Produkter","item":"https:\/\/nordiccab.com\/no\/butikk\/"},{"@type":"ListItem","position":3,"name":"Nordic Cab &#8211; Regntrekk"}]},{"@type":"WebSite","@id":"https:\/\/nordiccab.com\/no\/#website","url":"https:\/\/nordiccab.com\/no\/","name":"Nordic Cab","description":"Start Life Exploring","publisher":{"@id":"https:\/\/nordiccab.com\/no\/#organization"},"potentialAction":[{"@type":"SearchAction","target":{"@type":"EntryPoint","urlTemplate":"https:\/\/nordiccab.com\/no\/?s={search_term_string}"},"query-input":{"@type":"PropertyValueSpecification","valueRequired":true,"valueName":"search_term_string"}}],"inLanguage":"nb-NO"},{"@type":"Organization","@id":"https:\/\/nordiccab.com\/no\/#organization","name":"Nordic Cab Solutions AS","url":"https:\/\/nordiccab.com\/no\/","logo":{"@type":"ImageObject","inLanguage":"nb-NO","@id":"https:\/\/nordiccab.com\/no\/#\/schema\/logo\/image\/","url":"https:\/\/nordiccab.com\/wp-content\/uploads\/2022\/02\/NC-logo.svg","contentUrl":"https:\/\/nordiccab.com\/wp-content\/uploads\/2022\/02\/NC-logo.svg","width":1,"height":1,"caption":"Nordic Cab Solutions AS"},"image":{"@id":"https:\/\/nordiccab.com\/no\/#\/schema\/logo\/image\/"},"sameAs":["https:\/\/www.facebook.com\/nordiccab"]}]}},"_links":{"self":[{"href":"https:\/\/nordiccab.com\/no\/wp-json\/wp\/v2\/product\/1427","targetHints":{"allow":["GET"]}}],"collection":[{"href":"https:\/\/nordiccab.com\/no\/wp-json\/wp\/v2\/product"}],"about":[{"href":"https:\/\/nordiccab.com\/no\/wp-json\/wp\/v2\/types\/product"}],"wp:featuredmedia":[{"embeddable":true,"href":"https:\/\/nordiccab.com\/no\/wp-json\/wp\/v2\/media\/1428"}],"wp:attachment":[{"href":"https:\/\/nordiccab.com\/no\/wp-json\/wp\/v2\/media?parent=1427"}],"wp:term":[{"taxonomy":"product_brand","embeddable":true,"href":"https:\/\/nordiccab.com\/no\/wp-json\/wp\/v2\/product_brand?post=1427"},{"taxonomy":"product_cat","embeddable":true,"href":"https:\/\/nordiccab.com\/no\/wp-json\/wp\/v2\/product_cat?post=1427"},{"taxonomy":"product_tag","embeddable":true,"href":"https:\/\/nordiccab.com\/no\/wp-json\/wp\/v2\/product_tag?post=1427"}],"curies":[{"name":"wp","href":"https:\/\/api.w.org\/{rel}","templated":true}]}}