{"id":1425,"date":"2024-10-01T09:20:00","date_gmt":"2024-10-01T07:20:00","guid":{"rendered":"https:\/\/nordiccab.com\/?post_type=product&#038;p=1425"},"modified":"2025-10-21T12:44:36","modified_gmt":"2025-10-21T10:44:36","slug":"nordic-cab-hode-og-nakkestotte","status":"publish","type":"product","link":"https:\/\/nordiccab.com\/no\/produkt\/nordic-cab-hode-og-nakkestotte\/","title":{"rendered":"Nordic Cab \u2013 Hode og Nakkest\u00f8tte"},"content":{"rendered":"\n<h2 class=\"wp-block-heading has-large-font-size\" id=\"h-ekstra-stotte-og-komfort-med-nordic-cab-hode-og-nakkestotte\">Ekstra St\u00f8tte og Komfort med Nordic Cab Hode- og Nakkest\u00f8tte<\/h2>\n\n\n\n<p class=\"has-normal-font-size\">Gi barnet optimal komfort og st\u00f8tte under alle turer med Nordic Cab Hode- og Nakkest\u00f8tte. Designet for \u00e5 passe perfekt i Nordic Cab Explorer sykkelvogn, barnepulk og barnevogn (modeller fra 2024 og nyere). Med sin enkle montering, luftige materialer og ergonomiske st\u00f8tte, er den ideell for \u00e5 holde barnet trygt og komfortabelt i enhver situasjon.<\/p>\n\n\n\n<h3 class=\"wp-block-heading has-normal-font-size\" id=\"h-tilpass-din-nordic-cab-til-deres-unike-behov\">Tilpass din Nordic Cab til deres unike behov<\/h3>\n\n\n\n<p>En Nordic Cab Explorer kommer alltid godt utstyrt, med alle deler for \u00e5 bruke ulike funksjoner. Alle familier har forskjellige behov, og vi vet at en sykkelvogn eller barnepulk brukes variert. Derfor har vi utviklet tilbeh\u00f8r for \u00e5 tilpasse vognen til deres v\u00e6r, terreng og bruksm\u00f8nster. Utforsk ekstrautstyret til Nordic Cab <strong><a href=\"https:\/\/nordiccab.com\/no\/produktkategori\/tilbehor\/sykkelvogn-pulk-nordic-cab-tilbehor-no\/\" target=\"_blank\" rel=\"noreferrer noopener\">her<\/a><\/strong>.<\/p>\n\n\n\n<p><strong><a href=\"https:\/\/nordiccab.com\/no\/produktkategori\/tilbehor\/turutstyr-barn-tilbehor\/\" target=\"_blank\" rel=\"noreferrer noopener\">Turutstyr for barn:<\/a><\/strong> Utforsk v\u00e5rt utvalg av utstyr som gj\u00f8r turene enklere og morsommere for hele familien. Her finner du blant annet truger til pauser p\u00e5 vinterturene med barnepulken og hjelmer for sykkelvogn.<\/p>\n\n\n\n<p><strong><a href=\"https:\/\/nordiccab.com\/no\/produktkategori\/tilbehor\/turutstyr-voksne-tilbehor\/\" target=\"_blank\" rel=\"noreferrer noopener\">Turutstyr for voksne:<\/a><\/strong> I denne kategorien finner du kvalitetsutstyr som gj\u00f8r turene mer komfortable og funksjonelle. Utstyret passer uansett om du bruker sykkelvogn, barnepulk eller barnevogn. eller barnevogn.<\/p>\n\n\n\n<p><a href=\"https:\/\/nordiccab.com\/no\/produktkategori\/tilbehor\/akseladapter\/\" target=\"_blank\" rel=\"noreferrer noopener\"><strong>Akseladaptere:<\/strong> <\/a>For \u00e5 gj\u00f8re sykkelvognen kompatibel med ulike sykler tilbyr vi universale adaptere. Nordic Cab har Europas st\u00f8rste utvalg av adaptere som passer alle typer sykkelvogner.<\/p>\n","protected":false},"excerpt":{"rendered":"<p><strong><span style=\"color: #008000;\">Passer modeller fra 2024 og nyere.<\/span><\/strong><\/p>\n<p><span style=\"color: #008000;\"><strong>Stabil st\u00f8tte:<\/strong><\/span> Gir komfortabel st\u00f8tte til barnets hode og nakke.<br \/><span style=\"color: #008000;\"><strong>Enkel montering:<\/strong><\/span> Festes raskt med borrel\u00e5s.<br \/><strong><span style=\"color: #008000;\">\u00c5ret rundt komfort:<\/span> <\/strong>Luftig mesh-materiale for alle \u00e5rstider.<br \/><span style=\"color: #008000;\"><strong>Allsidig bruk:<\/strong><\/span> Passer sykkelvogn, barnepulk og barnevogn.<\/p>\n","protected":false},"featured_media":22407,"template":"","meta":{"_genesis_hide_title":false,"_genesis_hide_breadcrumbs":false,"_genesis_hide_singular_image":false,"_genesis_hide_footer_widgets":false,"_genesis_custom_body_class":"","_genesis_custom_post_class":"","_genesis_layout":""},"product_brand":[],"product_cat":[73,453,81],"product_tag":[702],"class_list":{"0":"post-1425","1":"product","2":"type-product","3":"status-publish","4":"has-post-thumbnail","6":"product_cat-barnepulk-sykkelvogn-baeremeis-utstyr-tilbehor-deler","7":"product_cat-barneutstyr","8":"product_cat-sykkelvogn-pulk-nordic-cab-tilbehor-no","9":"product_tag-nordic-cab-tilbehor","10":"entry","12":"first","13":"instock","14":"taxable","15":"shipping-taxable","16":"purchasable","17":"product-type-simple"},"bundled_by":["17812","17814","17835","18654","19982","20990","16685"],"bundle_stock_status":"instock","bundle_stock_quantity":11,"bundle_virtual":false,"bundle_layout":"","bundle_add_to_cart_form_location":"","bundle_editable_in_cart":false,"bundle_sold_individually_context":"","bundle_item_grouping":"","bundle_min_size":"","bundle_max_size":"","bundle_price":[],"bundled_items":[],"bundle_sell_ids":[],"yoast_head":"<!-- This site is optimized with the Yoast SEO Premium plugin v26.0 (Yoast SEO v26.0) - https:\/\/yoast.com\/wordpress\/plugins\/seo\/ -->\n<title>Nordic Cab Hode og Nakkest\u00f8tte \u2013 Til Sykkelvogn og Barnepulk<\/title>\n<meta name=\"description\" content=\"Gi barnet stabil hode- og nakkest\u00f8tte med Nordic Cab i sykkelvogn og barnepulk. Enkel montering, luftige materialer og \u00e5ret rundt komfort.\" \/>\n<meta name=\"robots\" content=\"index, follow, max-snippet:-1, max-image-preview:large, max-video-preview:-1\" \/>\n<link rel=\"canonical\" href=\"https:\/\/nordiccab.com\/no\/produkt\/nordic-cab-hode-og-nakkestotte\/\" \/>\n<meta property=\"og:locale\" content=\"nb_NO\" \/>\n<meta property=\"og:type\" content=\"article\" \/>\n<meta property=\"og:title\" content=\"Nordic Cab \u2013 Hode og Nakkest\u00f8tte\" \/>\n<meta property=\"og:description\" content=\"Gi barnet stabil hode- og nakkest\u00f8tte med Nordic Cab i sykkelvogn og barnepulk. Enkel montering, luftige materialer og \u00e5ret rundt komfort.\" \/>\n<meta property=\"og:url\" content=\"https:\/\/nordiccab.com\/no\/produkt\/nordic-cab-hode-og-nakkestotte\/\" \/>\n<meta property=\"og:site_name\" content=\"Nordic Cab\" \/>\n<meta property=\"article:publisher\" content=\"https:\/\/www.facebook.com\/nordiccab\" \/>\n<meta property=\"article:modified_time\" content=\"2025-10-21T10:44:36+00:00\" \/>\n<meta property=\"og:image\" content=\"https:\/\/nordiccab.com\/wp-content\/uploads\/2024\/03\/Nordic-Cab-Headsupport_1.jpg\" \/>\n\t<meta property=\"og:image:width\" content=\"1000\" \/>\n\t<meta property=\"og:image:height\" content=\"1000\" \/>\n\t<meta property=\"og:image:type\" content=\"image\/jpeg\" \/>\n<meta name=\"twitter:card\" content=\"summary_large_image\" \/>\n<meta name=\"twitter:label1\" content=\"Ansl. lesetid\" \/>\n\t<meta name=\"twitter:data1\" content=\"2 minutter\" \/>\n<script type=\"application\/ld+json\" class=\"yoast-schema-graph\">{\"@context\":\"https:\/\/schema.org\",\"@graph\":[{\"@type\":\"WebPage\",\"@id\":\"https:\/\/nordiccab.com\/no\/produkt\/nordic-cab-hode-og-nakkestotte\/\",\"url\":\"https:\/\/nordiccab.com\/no\/produkt\/nordic-cab-hode-og-nakkestotte\/\",\"name\":\"Nordic Cab Hode og Nakkest\u00f8tte \u2013 Til Sykkelvogn og Barnepulk\",\"isPartOf\":{\"@id\":\"https:\/\/nordiccab.com\/no\/#website\"},\"primaryImageOfPage\":{\"@id\":\"https:\/\/nordiccab.com\/no\/produkt\/nordic-cab-hode-og-nakkestotte\/#primaryimage\"},\"image\":{\"@id\":\"https:\/\/nordiccab.com\/no\/produkt\/nordic-cab-hode-og-nakkestotte\/#primaryimage\"},\"thumbnailUrl\":\"https:\/\/nordiccab.com\/wp-content\/uploads\/2024\/03\/Nordic-Cab-Headsupport_1.jpg\",\"datePublished\":\"2024-10-01T07:20:00+00:00\",\"dateModified\":\"2025-10-21T10:44:36+00:00\",\"description\":\"Gi barnet stabil hode- og nakkest\u00f8tte med Nordic Cab i sykkelvogn og barnepulk. Enkel montering, luftige materialer og \u00e5ret rundt komfort.\",\"breadcrumb\":{\"@id\":\"https:\/\/nordiccab.com\/no\/produkt\/nordic-cab-hode-og-nakkestotte\/#breadcrumb\"},\"inLanguage\":\"nb-NO\",\"potentialAction\":[{\"@type\":\"ReadAction\",\"target\":[\"https:\/\/nordiccab.com\/no\/produkt\/nordic-cab-hode-og-nakkestotte\/\"]}]},{\"@type\":\"ImageObject\",\"inLanguage\":\"nb-NO\",\"@id\":\"https:\/\/nordiccab.com\/no\/produkt\/nordic-cab-hode-og-nakkestotte\/#primaryimage\",\"url\":\"https:\/\/nordiccab.com\/wp-content\/uploads\/2024\/03\/Nordic-Cab-Headsupport_1.jpg\",\"contentUrl\":\"https:\/\/nordiccab.com\/wp-content\/uploads\/2024\/03\/Nordic-Cab-Headsupport_1.jpg\",\"width\":1000,\"height\":1000,\"caption\":\"Nordic Cab Hode og Nakkest\u00f8tte\"},{\"@type\":\"BreadcrumbList\",\"@id\":\"https:\/\/nordiccab.com\/no\/produkt\/nordic-cab-hode-og-nakkestotte\/#breadcrumb\",\"itemListElement\":[{\"@type\":\"ListItem\",\"position\":1,\"name\":\"Home\",\"item\":\"https:\/\/nordiccab.com\/no\/\"},{\"@type\":\"ListItem\",\"position\":2,\"name\":\"Produkter\",\"item\":\"https:\/\/nordiccab.com\/no\/butikk\/\"},{\"@type\":\"ListItem\",\"position\":3,\"name\":\"Nordic Cab \u2013 Hode og Nakkest\u00f8tte\"}]},{\"@type\":\"WebSite\",\"@id\":\"https:\/\/nordiccab.com\/no\/#website\",\"url\":\"https:\/\/nordiccab.com\/no\/\",\"name\":\"Nordic Cab\",\"description\":\"Start Life Exploring\",\"publisher\":{\"@id\":\"https:\/\/nordiccab.com\/no\/#organization\"},\"potentialAction\":[{\"@type\":\"SearchAction\",\"target\":{\"@type\":\"EntryPoint\",\"urlTemplate\":\"https:\/\/nordiccab.com\/no\/?s={search_term_string}\"},\"query-input\":{\"@type\":\"PropertyValueSpecification\",\"valueRequired\":true,\"valueName\":\"search_term_string\"}}],\"inLanguage\":\"nb-NO\"},{\"@type\":\"Organization\",\"@id\":\"https:\/\/nordiccab.com\/no\/#organization\",\"name\":\"Nordic Cab Solutions AS\",\"url\":\"https:\/\/nordiccab.com\/no\/\",\"logo\":{\"@type\":\"ImageObject\",\"inLanguage\":\"nb-NO\",\"@id\":\"https:\/\/nordiccab.com\/no\/#\/schema\/logo\/image\/\",\"url\":\"https:\/\/nordiccab.com\/wp-content\/uploads\/2022\/02\/NC-logo.svg\",\"contentUrl\":\"https:\/\/nordiccab.com\/wp-content\/uploads\/2022\/02\/NC-logo.svg\",\"width\":1,\"height\":1,\"caption\":\"Nordic Cab Solutions AS\"},\"image\":{\"@id\":\"https:\/\/nordiccab.com\/no\/#\/schema\/logo\/image\/\"},\"sameAs\":[\"https:\/\/www.facebook.com\/nordiccab\"]}]}<\/script>\n<!-- \/ Yoast SEO Premium plugin. -->","yoast_head_json":{"title":"Nordic Cab Hode og Nakkest\u00f8tte \u2013 Til Sykkelvogn og Barnepulk","description":"Gi barnet stabil hode- og nakkest\u00f8tte med Nordic Cab i sykkelvogn og barnepulk. Enkel montering, luftige materialer og \u00e5ret rundt komfort.","robots":{"index":"index","follow":"follow","max-snippet":"max-snippet:-1","max-image-preview":"max-image-preview:large","max-video-preview":"max-video-preview:-1"},"canonical":"https:\/\/nordiccab.com\/no\/produkt\/nordic-cab-hode-og-nakkestotte\/","og_locale":"nb_NO","og_type":"article","og_title":"Nordic Cab \u2013 Hode og Nakkest\u00f8tte","og_description":"Gi barnet stabil hode- og nakkest\u00f8tte med Nordic Cab i sykkelvogn og barnepulk. Enkel montering, luftige materialer og \u00e5ret rundt komfort.","og_url":"https:\/\/nordiccab.com\/no\/produkt\/nordic-cab-hode-og-nakkestotte\/","og_site_name":"Nordic Cab","article_publisher":"https:\/\/www.facebook.com\/nordiccab","article_modified_time":"2025-10-21T10:44:36+00:00","og_image":[{"width":1000,"height":1000,"url":"https:\/\/nordiccab.com\/wp-content\/uploads\/2024\/03\/Nordic-Cab-Headsupport_1.jpg","type":"image\/jpeg"}],"twitter_card":"summary_large_image","twitter_misc":{"Ansl. lesetid":"2 minutter"},"schema":{"@context":"https:\/\/schema.org","@graph":[{"@type":"WebPage","@id":"https:\/\/nordiccab.com\/no\/produkt\/nordic-cab-hode-og-nakkestotte\/","url":"https:\/\/nordiccab.com\/no\/produkt\/nordic-cab-hode-og-nakkestotte\/","name":"Nordic Cab Hode og Nakkest\u00f8tte \u2013 Til Sykkelvogn og Barnepulk","isPartOf":{"@id":"https:\/\/nordiccab.com\/no\/#website"},"primaryImageOfPage":{"@id":"https:\/\/nordiccab.com\/no\/produkt\/nordic-cab-hode-og-nakkestotte\/#primaryimage"},"image":{"@id":"https:\/\/nordiccab.com\/no\/produkt\/nordic-cab-hode-og-nakkestotte\/#primaryimage"},"thumbnailUrl":"https:\/\/nordiccab.com\/wp-content\/uploads\/2024\/03\/Nordic-Cab-Headsupport_1.jpg","datePublished":"2024-10-01T07:20:00+00:00","dateModified":"2025-10-21T10:44:36+00:00","description":"Gi barnet stabil hode- og nakkest\u00f8tte med Nordic Cab i sykkelvogn og barnepulk. Enkel montering, luftige materialer og \u00e5ret rundt komfort.","breadcrumb":{"@id":"https:\/\/nordiccab.com\/no\/produkt\/nordic-cab-hode-og-nakkestotte\/#breadcrumb"},"inLanguage":"nb-NO","potentialAction":[{"@type":"ReadAction","target":["https:\/\/nordiccab.com\/no\/produkt\/nordic-cab-hode-og-nakkestotte\/"]}]},{"@type":"ImageObject","inLanguage":"nb-NO","@id":"https:\/\/nordiccab.com\/no\/produkt\/nordic-cab-hode-og-nakkestotte\/#primaryimage","url":"https:\/\/nordiccab.com\/wp-content\/uploads\/2024\/03\/Nordic-Cab-Headsupport_1.jpg","contentUrl":"https:\/\/nordiccab.com\/wp-content\/uploads\/2024\/03\/Nordic-Cab-Headsupport_1.jpg","width":1000,"height":1000,"caption":"Nordic Cab Hode og Nakkest\u00f8tte"},{"@type":"BreadcrumbList","@id":"https:\/\/nordiccab.com\/no\/produkt\/nordic-cab-hode-og-nakkestotte\/#breadcrumb","itemListElement":[{"@type":"ListItem","position":1,"name":"Home","item":"https:\/\/nordiccab.com\/no\/"},{"@type":"ListItem","position":2,"name":"Produkter","item":"https:\/\/nordiccab.com\/no\/butikk\/"},{"@type":"ListItem","position":3,"name":"Nordic Cab \u2013 Hode og Nakkest\u00f8tte"}]},{"@type":"WebSite","@id":"https:\/\/nordiccab.com\/no\/#website","url":"https:\/\/nordiccab.com\/no\/","name":"Nordic Cab","description":"Start Life Exploring","publisher":{"@id":"https:\/\/nordiccab.com\/no\/#organization"},"potentialAction":[{"@type":"SearchAction","target":{"@type":"EntryPoint","urlTemplate":"https:\/\/nordiccab.com\/no\/?s={search_term_string}"},"query-input":{"@type":"PropertyValueSpecification","valueRequired":true,"valueName":"search_term_string"}}],"inLanguage":"nb-NO"},{"@type":"Organization","@id":"https:\/\/nordiccab.com\/no\/#organization","name":"Nordic Cab Solutions AS","url":"https:\/\/nordiccab.com\/no\/","logo":{"@type":"ImageObject","inLanguage":"nb-NO","@id":"https:\/\/nordiccab.com\/no\/#\/schema\/logo\/image\/","url":"https:\/\/nordiccab.com\/wp-content\/uploads\/2022\/02\/NC-logo.svg","contentUrl":"https:\/\/nordiccab.com\/wp-content\/uploads\/2022\/02\/NC-logo.svg","width":1,"height":1,"caption":"Nordic Cab Solutions AS"},"image":{"@id":"https:\/\/nordiccab.com\/no\/#\/schema\/logo\/image\/"},"sameAs":["https:\/\/www.facebook.com\/nordiccab"]}]}},"_links":{"self":[{"href":"https:\/\/nordiccab.com\/no\/wp-json\/wp\/v2\/product\/1425","targetHints":{"allow":["GET"]}}],"collection":[{"href":"https:\/\/nordiccab.com\/no\/wp-json\/wp\/v2\/product"}],"about":[{"href":"https:\/\/nordiccab.com\/no\/wp-json\/wp\/v2\/types\/product"}],"wp:featuredmedia":[{"embeddable":true,"href":"https:\/\/nordiccab.com\/no\/wp-json\/wp\/v2\/media\/22407"}],"wp:attachment":[{"href":"https:\/\/nordiccab.com\/no\/wp-json\/wp\/v2\/media?parent=1425"}],"wp:term":[{"taxonomy":"product_brand","embeddable":true,"href":"https:\/\/nordiccab.com\/no\/wp-json\/wp\/v2\/product_brand?post=1425"},{"taxonomy":"product_cat","embeddable":true,"href":"https:\/\/nordiccab.com\/no\/wp-json\/wp\/v2\/product_cat?post=1425"},{"taxonomy":"product_tag","embeddable":true,"href":"https:\/\/nordiccab.com\/no\/wp-json\/wp\/v2\/product_tag?post=1425"}],"curies":[{"name":"wp","href":"https:\/\/api.w.org\/{rel}","templated":true}]}}