{"id":14125,"date":"2024-05-12T13:34:30","date_gmt":"2023-09-28T11:20:23","guid":{"rendered":"https:\/\/nordiccab.com\/?post_type=product&#038;p=14125"},"modified":"2025-08-22T07:55:32","modified_gmt":"2025-08-22T05:55:32","slug":"nordic-cab-hunter","status":"publish","type":"product","link":"https:\/\/nordiccab.com\/no\/produkt\/nordic-cab-hunter\/","title":{"rendered":"Hunter &#8211; Terrengvogn"},"content":{"rendered":"\n<h2 class=\"wp-block-heading has-larger-font-size\" id=\"h-nordic-cab-hunter-din-allsidige-folgesvenn\">Nordic Cab Hunter \u2013 Din allsidige f\u00f8lgesvenn<\/h2>\n\n\n\n<h3 class=\"wp-block-heading has-large-font-size\" id=\"h-viktig-melding-til-vare-kunder\">Viktig melding til v\u00e5re kunder!<\/h3>\n\n\n\n<p>Den f\u00f8rste serien av Nordic Cab Hunter er n\u00e5 utsolgt, og tilbakemeldingene har v\u00e6rt overveldende! Neste produksjon er planlagt med levering i <strong>mars 2025<\/strong>, men denne kan fremskyndes hvis vi f\u00e5r nok interesse og forh\u00e5ndsbestillinger. Hvis du \u00f8nsker deg en Nordic Cab Hunter, setter vi stor pris p\u00e5 om du legger inn en forh\u00e5ndsbestilling eller melder din interesse til oss p\u00e5 <strong><a href=\"info@ncsolutions.no\">mail<\/a><\/strong>. \u00c5rets produksjon ble utsolgt f\u00f8r h\u00f8stsesongen startet, og vi \u00f8nsker \u00e5 kunne levere til alle som \u00f8nsker denne innovative jakt- og transportvognen.<\/p>\n\n\n\n<h2 class=\"wp-block-heading has-large-font-size\" id=\"h-for-jakt-transport-og-profesjonelt-bruk\">For jakt, transport og profesjonelt bruk<\/h2>\n\n\n\n<p>Nordic Cab Hunter er mye mer enn bare en jaktvogn \u2013 den er en allsidig l\u00f8sning for alle som trenger p\u00e5litelig transport i krevende terreng og under varierte forhold. Enten du er jeger, friluftsentusiast, eller en profesjonell som har behov for \u00e5 frakte verkt\u00f8y og utstyr manuelt, er Hunter den perfekte partneren. Her er det bare fantasien som setter grenser for bruksomr\u00e5dene!<\/p>\n\n\n\n<figure class=\"wp-block-embed is-type-video is-provider-youtube wp-block-embed-youtube wp-embed-aspect-4-3 wp-has-aspect-ratio\"><div class=\"wp-block-embed__wrapper\">\n<iframe loading=\"lazy\" title=\"Jaktfeber.no tester vognen Hunter fra Nordic Cab\" width=\"500\" height=\"375\" src=\"https:\/\/www.youtube.com\/embed\/z2sTKQER7Aw?feature=oembed\" frameborder=\"0\" allow=\"accelerometer; autoplay; clipboard-write; encrypted-media; gyroscope; picture-in-picture; web-share\" referrerpolicy=\"strict-origin-when-cross-origin\" allowfullscreen><\/iframe>\n<\/div><\/figure>\n\n\n\n<h3 class=\"wp-block-heading has-large-font-size\" id=\"h-spesifikasjoner\">Spesifikasjoner<\/h3>\n\n\n\n<p>Leveres med: <\/p>\n\n\n\n<ul class=\"wp-block-list\">\n<li>Plastkasse i solid kuldeslagfast PP<\/li>\n\n\n\n<li>Ramme i alumium<\/li>\n\n\n\n<li>Kalesje i vanntett polyester&nbsp;<\/li>\n\n\n\n<li>24\u2033 x 2.80\u2033 hjul<\/li>\n\n\n\n<li>Drag i aluminium (kun foran)<\/li>\n\n\n\n<li>Solid og komfortabel trekksele med bredt mavebelte og skulderstropper.<\/li>\n<\/ul>\n\n\n\n<p>Teknisk:<\/p>\n\n\n\n<ul class=\"wp-block-list\">\n<li><strong>Hjul og dekk:<\/strong> Kenda 24-tommer\/\u00bb. 2.80\u2033 brede tykke knastedekk. Felgen er i super solid helst\u00f8pt magnesium legering<\/li>\n\n\n\n<li><strong>Egenvekt:<\/strong> 18kg<\/li>\n\n\n\n<li><strong>Maks lastevekt:<\/strong> 100kg<\/li>\n\n\n\n<li><strong>Lagringsvolum:<\/strong> 215 kg<\/li>\n\n\n\n<li><strong>Innvendige m\u00e5l (cm)<\/strong>: B55 x H51 x L76<\/li>\n\n\n\n<li><strong>Utvendige m\u00e5l<\/strong>: B85 x H96 x L90 (Med drag 192)<\/li>\n\n\n\n<li><strong>Bakkeklaring<\/strong>: 30 cm statisk. Kan enkelt klatre vesentlig st\u00f8rre hindre enn dette.<\/li>\n\n\n\n<li><strong>M\u00e5l foldet sammen<\/strong>: B68 x H30 x L88<\/li>\n<\/ul>\n\n\n\n<h3 class=\"wp-block-heading has-large-font-size\" id=\"h-designet-for-den-norske-villmarken\">Designet for den norske villmarken<\/h3>\n\n\n\n<p>Nordic Cab Hunter er spesielt utviklet for \u00e5 takle den norske naturens utfordringer. Med grove dekk som gir solid grep p\u00e5 b\u00e5de skogsstier, myr og fjell, s\u00f8rger Hunter for at du kommer frem uansett forhold. Den ergonomiske b\u00e6reselen gj\u00f8r det enkelt \u00e5 trekke vognen, mens muligheten for \u00e5 b\u00e5de dra og dytte gj\u00f8r at to personer kan samarbeide for \u00e5 man\u00f8vrere i enda vanskeligere terreng.<\/p>\n\n\n\n<h3 class=\"wp-block-heading has-large-font-size\" id=\"h-utmerket-lastekapasitet\">Utmerket lastekapasitet<\/h3>\n\n\n\n<p>Med en maksimal lastevekt p\u00e5 <strong>100 kg<\/strong> og et lagringsvolum p\u00e5 <strong>215 liter<\/strong>, har Hunter kapasiteten du trenger for \u00e5 frakte alt fra slakt til tungt utstyr. De mange festepunktene, b\u00e5de innvendig og utvendig, s\u00f8rger for at lasten din er trygt sikret under transport. Denne vognen er konstruert for \u00e5 gj\u00f8re selv de mest krevende turene mer komfortable og effektive.<\/p>\n\n\n\n<h3 class=\"wp-block-heading has-large-font-size\" id=\"h-ideell-for-profesjonelle\">Ideell for profesjonelle<\/h3>\n\n\n\n<p>Hunter er ogs\u00e5 et ideelt valg for profesjonelle som trenger \u00e5 transportere verkt\u00f8y eller utstyr manuelt. Enten du arbeider i ulendt terreng, p\u00e5 anleggsplasser, eller p\u00e5 store arrangementer som festivaler og messer, gj\u00f8r Hunter jobben enklere. Vognen gir deg muligheten til \u00e5 frakte tunge b\u00f8rer p\u00e5 en ergonomisk og effektiv m\u00e5te, og med sitt robuste design er den laget for \u00e5 t\u00e5le hard bruk under utfordrende forhold.<\/p>\n\n\n\n<h3 class=\"wp-block-heading has-large-font-size\" id=\"h-solid-konstruksjon-og-enkel-lagring\">Solid konstruksjon og enkel lagring<\/h3>\n\n\n\n<p>Hunter er bygget med en solid aluminiumsramme og er utstyrt med en v\u00e6rbestandig kalesje i vanntett polyester. N\u00e5r vognen ikke er i bruk, kan den enkelt foldes sammen til kompakte m\u00e5l for enkel lagring og transport. Den robuste designen og materialene sikrer at vognen t\u00e5ler harde p\u00e5kjenninger, samtidig som den er lett nok til \u00e5 h\u00e5ndtere de fleste transportbehov.<\/p>\n\n\n\n<h3 class=\"wp-block-heading has-large-font-size\" id=\"h-testet-og-godkjent-av-jegere-og-profesjonelle\">Testet og godkjent av jegere og profesjonelle<\/h3>\n\n\n\n<p>Hunter har allerede f\u00e5tt str\u00e5lende tilbakemeldinger fra b\u00e5de jegere og profesjonelle brukere. En forn\u00f8yd jeger fra Jaktfeber.no forteller: <\/p>\n\n\n\n<blockquote class=\"wp-block-quote is-layout-flow wp-block-quote-is-layout-flow\">\n<p>\u201cHelt utrolig hvordan vogna fungerte under transport av den store tunge reinsdyrbukken. Bukken var nede i bygda p\u00e5 kort tid, ren og fin med pelsen p\u00e5\u2026 aldri opplevd maken! Ny f\u00f8lelse at kroppen ikke var m\u00f8rbanket etter lang og tung b\u00e6ring.\u201d<\/p>\n<cite><a href=\"http:\/\/www.jaktfeber.no\">Jaktfeber<\/a><\/cite><\/blockquote>\n\n\n\n<h3 class=\"wp-block-heading has-large-font-size\" id=\"h-bestill-din-hunter-i-dag\">Bestill din Hunter i dag<\/h3>\n\n\n\n<p>Ikke g\u00e5 glipp av sjansen til \u00e5 sikre deg en Nordic Cab Hunter i neste produksjonsrunde.  Hunter er mer enn bare en vogn \u2013 det er din p\u00e5litelige partner for alle typer utend\u00f8rs eventyr og profesjonelle oppgaver.<br>\u00d8nsker du tilbud p\u00e5 flere eller en en profesjonell part som \u00f8nsker tilbud eller spesielle tilpasninger er det bare \u00e5 ta kontakt med oss p\u00e5 info@ncsolutions.no<\/p>\n\n\n\n<h3 class=\"wp-block-heading\" id=\"h-\"><\/h3>\n","protected":false},"excerpt":{"rendered":"<ul>\n<li><strong>Allsidig Bruksomr\u00e5de:<\/strong> Perfekt for jakt, friluftsliv, bushcraft eller verkt\u00f8ytransport.<\/li>\n<li><strong>H\u00f8y Lastekapasitet:<\/strong> Kan b\u00e6re opptil 100 kg med et lagringsvolum p\u00e5 215 liter.<\/li>\n<li><strong>Robust og Holdbar Konstruksjon:<\/strong> Hard plastbunn, solid aluminiumsramme, v\u00e6rbestandig kalesje og grove dekk for \u00e5 t\u00e5le norsk natur.<\/li>\n<li><strong>Ergonomisk og Effektiv Transport:<\/strong> Utstyrt med en komfortabel trekksele som gj\u00f8r det enkelt \u00e5 trekke tunge last.<\/li>\n<li><strong>Lett \u00e5 Man\u00f8vrere i Vanskelig Terreng:<\/strong> Designet for \u00e5 takle skog, myr, fjell og annet krevende terreng med letthet.<\/li>\n<li><strong>Kompakt og Enkel Lagring:<\/strong> Vognen kan enkelt foldes sammen for kompakt oppbevaring og transport n\u00e5r den ikke er i bruk.<\/li>\n<li><strong>50-dagers forn\u00f8ydgaranti:<\/strong> Pr\u00f8v uten risiko.<\/li>\n<li><strong>H\u00f8y kvalitet:<\/strong> Enkelt vedlikehold, utskiftbare deler, og h\u00f8y gjensalgs verdi.<\/li>\n<\/ul>\n","protected":false},"featured_media":14099,"template":"","meta":{"_genesis_hide_title":false,"_genesis_hide_breadcrumbs":false,"_genesis_hide_singular_image":false,"_genesis_hide_footer_widgets":false,"_genesis_custom_body_class":"","_genesis_custom_post_class":"","_genesis_layout":""},"product_brand":[],"product_cat":[458,113],"product_tag":[],"class_list":{"0":"post-14125","1":"product","2":"type-product","3":"status-publish","4":"has-post-thumbnail","6":"product_cat-jakt","7":"product_cat-varevogn","8":"entry","10":"first","11":"outofstock","12":"taxable","13":"shipping-taxable","14":"purchasable","15":"product-type-simple"},"bundled_by":[],"bundle_stock_status":"outofstock","bundle_stock_quantity":-3,"bundle_virtual":false,"bundle_layout":"","bundle_add_to_cart_form_location":"","bundle_editable_in_cart":false,"bundle_sold_individually_context":"","bundle_item_grouping":"","bundle_min_size":"","bundle_max_size":"","bundle_price":[],"bundled_items":[],"bundle_sell_ids":[],"yoast_head":"<!-- This site is optimized with the Yoast SEO Premium plugin v26.0 (Yoast SEO v26.0) - https:\/\/yoast.com\/wordpress\/plugins\/seo\/ -->\n<title>Hunter Jaktvogn og Turvogn \u2013 Robust Terrengvogn for Friluftsliv<\/title>\n<meta name=\"description\" content=\"Oppdag Nordic Cab Hunter \u2013 en allsidig vogn designet for \u00e5 takle krevende terreng. Perfekt for transport av utstyr, slakt og annet.\" \/>\n<meta name=\"robots\" content=\"index, follow, max-snippet:-1, max-image-preview:large, max-video-preview:-1\" \/>\n<link rel=\"canonical\" href=\"https:\/\/nordiccab.com\/no\/produkt\/nordic-cab-hunter\/\" \/>\n<meta property=\"og:locale\" content=\"nb_NO\" \/>\n<meta property=\"og:type\" content=\"article\" \/>\n<meta property=\"og:title\" content=\"Hunter - Terrengvogn\" \/>\n<meta property=\"og:description\" content=\"Oppdag Nordic Cab Hunter \u2013 en allsidig vogn designet for \u00e5 takle krevende terreng. Perfekt for transport av utstyr, slakt og annet.\" \/>\n<meta property=\"og:url\" content=\"https:\/\/nordiccab.com\/no\/produkt\/nordic-cab-hunter\/\" \/>\n<meta property=\"og:site_name\" content=\"Nordic Cab\" \/>\n<meta property=\"article:publisher\" content=\"https:\/\/www.facebook.com\/nordiccab\" \/>\n<meta property=\"article:modified_time\" content=\"2025-08-22T05:55:32+00:00\" \/>\n<meta property=\"og:image\" content=\"https:\/\/nordiccab.com\/wp-content\/uploads\/2023\/09\/Hunter.jpg\" \/>\n\t<meta property=\"og:image:width\" content=\"1000\" \/>\n\t<meta property=\"og:image:height\" content=\"1000\" \/>\n\t<meta property=\"og:image:type\" content=\"image\/jpeg\" \/>\n<meta name=\"twitter:card\" content=\"summary_large_image\" \/>\n<meta name=\"twitter:label1\" content=\"Ansl. lesetid\" \/>\n\t<meta name=\"twitter:data1\" content=\"3 minutter\" \/>\n<script type=\"application\/ld+json\" class=\"yoast-schema-graph\">{\"@context\":\"https:\/\/schema.org\",\"@graph\":[{\"@type\":\"WebPage\",\"@id\":\"https:\/\/nordiccab.com\/no\/produkt\/nordic-cab-hunter\/\",\"url\":\"https:\/\/nordiccab.com\/no\/produkt\/nordic-cab-hunter\/\",\"name\":\"Hunter Jaktvogn og Turvogn \u2013 Robust Terrengvogn for Friluftsliv\",\"isPartOf\":{\"@id\":\"https:\/\/nordiccab.com\/no\/#website\"},\"primaryImageOfPage\":{\"@id\":\"https:\/\/nordiccab.com\/no\/produkt\/nordic-cab-hunter\/#primaryimage\"},\"image\":{\"@id\":\"https:\/\/nordiccab.com\/no\/produkt\/nordic-cab-hunter\/#primaryimage\"},\"thumbnailUrl\":\"https:\/\/nordiccab.com\/wp-content\/uploads\/2023\/09\/Hunter.jpg\",\"datePublished\":\"2023-09-28T11:20:23+00:00\",\"dateModified\":\"2025-08-22T05:55:32+00:00\",\"description\":\"Oppdag Nordic Cab Hunter \u2013 en allsidig vogn designet for \u00e5 takle krevende terreng. Perfekt for transport av utstyr, slakt og annet.\",\"breadcrumb\":{\"@id\":\"https:\/\/nordiccab.com\/no\/produkt\/nordic-cab-hunter\/#breadcrumb\"},\"inLanguage\":\"nb-NO\",\"potentialAction\":[{\"@type\":\"ReadAction\",\"target\":[\"https:\/\/nordiccab.com\/no\/produkt\/nordic-cab-hunter\/\"]}]},{\"@type\":\"ImageObject\",\"inLanguage\":\"nb-NO\",\"@id\":\"https:\/\/nordiccab.com\/no\/produkt\/nordic-cab-hunter\/#primaryimage\",\"url\":\"https:\/\/nordiccab.com\/wp-content\/uploads\/2023\/09\/Hunter.jpg\",\"contentUrl\":\"https:\/\/nordiccab.com\/wp-content\/uploads\/2023\/09\/Hunter.jpg\",\"width\":1000,\"height\":1000,\"caption\":\"jaktvogn fra Nordic Cab i skogen\"},{\"@type\":\"BreadcrumbList\",\"@id\":\"https:\/\/nordiccab.com\/no\/produkt\/nordic-cab-hunter\/#breadcrumb\",\"itemListElement\":[{\"@type\":\"ListItem\",\"position\":1,\"name\":\"Home\",\"item\":\"https:\/\/nordiccab.com\/no\/\"},{\"@type\":\"ListItem\",\"position\":2,\"name\":\"Produkter\",\"item\":\"https:\/\/nordiccab.com\/no\/butikk\/\"},{\"@type\":\"ListItem\",\"position\":3,\"name\":\"Hunter &#8211; Terrengvogn\"}]},{\"@type\":\"WebSite\",\"@id\":\"https:\/\/nordiccab.com\/no\/#website\",\"url\":\"https:\/\/nordiccab.com\/no\/\",\"name\":\"Nordic Cab\",\"description\":\"Start Life Exploring\",\"publisher\":{\"@id\":\"https:\/\/nordiccab.com\/no\/#organization\"},\"potentialAction\":[{\"@type\":\"SearchAction\",\"target\":{\"@type\":\"EntryPoint\",\"urlTemplate\":\"https:\/\/nordiccab.com\/no\/?s={search_term_string}\"},\"query-input\":{\"@type\":\"PropertyValueSpecification\",\"valueRequired\":true,\"valueName\":\"search_term_string\"}}],\"inLanguage\":\"nb-NO\"},{\"@type\":\"Organization\",\"@id\":\"https:\/\/nordiccab.com\/no\/#organization\",\"name\":\"Nordic Cab Solutions AS\",\"url\":\"https:\/\/nordiccab.com\/no\/\",\"logo\":{\"@type\":\"ImageObject\",\"inLanguage\":\"nb-NO\",\"@id\":\"https:\/\/nordiccab.com\/no\/#\/schema\/logo\/image\/\",\"url\":\"https:\/\/nordiccab.com\/wp-content\/uploads\/2022\/02\/NC-logo.svg\",\"contentUrl\":\"https:\/\/nordiccab.com\/wp-content\/uploads\/2022\/02\/NC-logo.svg\",\"width\":1,\"height\":1,\"caption\":\"Nordic Cab Solutions AS\"},\"image\":{\"@id\":\"https:\/\/nordiccab.com\/no\/#\/schema\/logo\/image\/\"},\"sameAs\":[\"https:\/\/www.facebook.com\/nordiccab\"]}]}<\/script>\n<!-- \/ Yoast SEO Premium plugin. -->","yoast_head_json":{"title":"Hunter Jaktvogn og Turvogn \u2013 Robust Terrengvogn for Friluftsliv","description":"Oppdag Nordic Cab Hunter \u2013 en allsidig vogn designet for \u00e5 takle krevende terreng. Perfekt for transport av utstyr, slakt og annet.","robots":{"index":"index","follow":"follow","max-snippet":"max-snippet:-1","max-image-preview":"max-image-preview:large","max-video-preview":"max-video-preview:-1"},"canonical":"https:\/\/nordiccab.com\/no\/produkt\/nordic-cab-hunter\/","og_locale":"nb_NO","og_type":"article","og_title":"Hunter - Terrengvogn","og_description":"Oppdag Nordic Cab Hunter \u2013 en allsidig vogn designet for \u00e5 takle krevende terreng. Perfekt for transport av utstyr, slakt og annet.","og_url":"https:\/\/nordiccab.com\/no\/produkt\/nordic-cab-hunter\/","og_site_name":"Nordic Cab","article_publisher":"https:\/\/www.facebook.com\/nordiccab","article_modified_time":"2025-08-22T05:55:32+00:00","og_image":[{"width":1000,"height":1000,"url":"https:\/\/nordiccab.com\/wp-content\/uploads\/2023\/09\/Hunter.jpg","type":"image\/jpeg"}],"twitter_card":"summary_large_image","twitter_misc":{"Ansl. lesetid":"3 minutter"},"schema":{"@context":"https:\/\/schema.org","@graph":[{"@type":"WebPage","@id":"https:\/\/nordiccab.com\/no\/produkt\/nordic-cab-hunter\/","url":"https:\/\/nordiccab.com\/no\/produkt\/nordic-cab-hunter\/","name":"Hunter Jaktvogn og Turvogn \u2013 Robust Terrengvogn for Friluftsliv","isPartOf":{"@id":"https:\/\/nordiccab.com\/no\/#website"},"primaryImageOfPage":{"@id":"https:\/\/nordiccab.com\/no\/produkt\/nordic-cab-hunter\/#primaryimage"},"image":{"@id":"https:\/\/nordiccab.com\/no\/produkt\/nordic-cab-hunter\/#primaryimage"},"thumbnailUrl":"https:\/\/nordiccab.com\/wp-content\/uploads\/2023\/09\/Hunter.jpg","datePublished":"2023-09-28T11:20:23+00:00","dateModified":"2025-08-22T05:55:32+00:00","description":"Oppdag Nordic Cab Hunter \u2013 en allsidig vogn designet for \u00e5 takle krevende terreng. Perfekt for transport av utstyr, slakt og annet.","breadcrumb":{"@id":"https:\/\/nordiccab.com\/no\/produkt\/nordic-cab-hunter\/#breadcrumb"},"inLanguage":"nb-NO","potentialAction":[{"@type":"ReadAction","target":["https:\/\/nordiccab.com\/no\/produkt\/nordic-cab-hunter\/"]}]},{"@type":"ImageObject","inLanguage":"nb-NO","@id":"https:\/\/nordiccab.com\/no\/produkt\/nordic-cab-hunter\/#primaryimage","url":"https:\/\/nordiccab.com\/wp-content\/uploads\/2023\/09\/Hunter.jpg","contentUrl":"https:\/\/nordiccab.com\/wp-content\/uploads\/2023\/09\/Hunter.jpg","width":1000,"height":1000,"caption":"jaktvogn fra Nordic Cab i skogen"},{"@type":"BreadcrumbList","@id":"https:\/\/nordiccab.com\/no\/produkt\/nordic-cab-hunter\/#breadcrumb","itemListElement":[{"@type":"ListItem","position":1,"name":"Home","item":"https:\/\/nordiccab.com\/no\/"},{"@type":"ListItem","position":2,"name":"Produkter","item":"https:\/\/nordiccab.com\/no\/butikk\/"},{"@type":"ListItem","position":3,"name":"Hunter &#8211; Terrengvogn"}]},{"@type":"WebSite","@id":"https:\/\/nordiccab.com\/no\/#website","url":"https:\/\/nordiccab.com\/no\/","name":"Nordic Cab","description":"Start Life Exploring","publisher":{"@id":"https:\/\/nordiccab.com\/no\/#organization"},"potentialAction":[{"@type":"SearchAction","target":{"@type":"EntryPoint","urlTemplate":"https:\/\/nordiccab.com\/no\/?s={search_term_string}"},"query-input":{"@type":"PropertyValueSpecification","valueRequired":true,"valueName":"search_term_string"}}],"inLanguage":"nb-NO"},{"@type":"Organization","@id":"https:\/\/nordiccab.com\/no\/#organization","name":"Nordic Cab Solutions AS","url":"https:\/\/nordiccab.com\/no\/","logo":{"@type":"ImageObject","inLanguage":"nb-NO","@id":"https:\/\/nordiccab.com\/no\/#\/schema\/logo\/image\/","url":"https:\/\/nordiccab.com\/wp-content\/uploads\/2022\/02\/NC-logo.svg","contentUrl":"https:\/\/nordiccab.com\/wp-content\/uploads\/2022\/02\/NC-logo.svg","width":1,"height":1,"caption":"Nordic Cab Solutions AS"},"image":{"@id":"https:\/\/nordiccab.com\/no\/#\/schema\/logo\/image\/"},"sameAs":["https:\/\/www.facebook.com\/nordiccab"]}]}},"_links":{"self":[{"href":"https:\/\/nordiccab.com\/no\/wp-json\/wp\/v2\/product\/14125","targetHints":{"allow":["GET"]}}],"collection":[{"href":"https:\/\/nordiccab.com\/no\/wp-json\/wp\/v2\/product"}],"about":[{"href":"https:\/\/nordiccab.com\/no\/wp-json\/wp\/v2\/types\/product"}],"wp:featuredmedia":[{"embeddable":true,"href":"https:\/\/nordiccab.com\/no\/wp-json\/wp\/v2\/media\/14099"}],"wp:attachment":[{"href":"https:\/\/nordiccab.com\/no\/wp-json\/wp\/v2\/media?parent=14125"}],"wp:term":[{"taxonomy":"product_brand","embeddable":true,"href":"https:\/\/nordiccab.com\/no\/wp-json\/wp\/v2\/product_brand?post=14125"},{"taxonomy":"product_cat","embeddable":true,"href":"https:\/\/nordiccab.com\/no\/wp-json\/wp\/v2\/product_cat?post=14125"},{"taxonomy":"product_tag","embeddable":true,"href":"https:\/\/nordiccab.com\/no\/wp-json\/wp\/v2\/product_tag?post=14125"}],"curies":[{"name":"wp","href":"https:\/\/api.w.org\/{rel}","templated":true}]}}