{"id":13700,"date":"2024-04-21T13:37:04","date_gmt":"2024-04-21T11:37:04","guid":{"rendered":"https:\/\/nordiccab.com\/?post_type=product&#038;p=13700"},"modified":"2025-08-15T08:36:26","modified_gmt":"2025-08-15T06:36:26","slug":"cargo-sykkelhenger-turvogn-pulk-vare","status":"publish","type":"product","link":"https:\/\/nordiccab.com\/no\/produkt\/cargo-sykkelhenger-turvogn-pulk-vare\/","title":{"rendered":"Cargo &#8211; Sykkelhenger, turvogn og pulk"},"content":{"rendered":"\n<h2 class=\"wp-block-heading has-large-font-size\" id=\"h-i-denne-kombinasjonen-folger-det-med-for-kombinasjonene-sykkelhenger-turvogn-og-pulk-deler-er-spesifisert-lenger-ned\">I denne kombinasjonen f\u00f8lger det med for kombinasjonene Sykkelhenger, Turvogn og Pulk. Deler er spesifisert lenger ned.<\/h2>\n\n\n\n<figure class=\"wp-block-embed is-type-video is-provider-youtube wp-block-embed-youtube wp-embed-aspect-16-9 wp-has-aspect-ratio\"><div class=\"wp-block-embed__wrapper\">\n<iframe loading=\"lazy\" title=\"Nordic Cab Cargo Hiking\" width=\"500\" height=\"281\" src=\"https:\/\/www.youtube.com\/embed\/MxCRvgGPov0?feature=oembed\" frameborder=\"0\" allow=\"accelerometer; autoplay; clipboard-write; encrypted-media; gyroscope; picture-in-picture; web-share\" referrerpolicy=\"strict-origin-when-cross-origin\" allowfullscreen><\/iframe>\n<\/div><\/figure>\n\n\n\n<h2 class=\"wp-block-heading has-large-font-size\" id=\"h-hvorfor-skal-jeg-velge-nordic-cab-varevogn\">Hvorfor skal jeg velge Nordic Cab varevogn:<\/h2>\n\n\n\n<ul class=\"wp-block-list\">\n<li><strong>Mange bruksomr\u00e5der.<\/strong>&nbsp;Med denne praktiske varevognen&nbsp;kan du frakte alt fra matvarer, hageavfall, ved til hytta, b\u00e5tmotorer og mye mer. P\u00e5 vei og i terrenget &#8211; sommer som vinter! <\/li>\n\n\n\n<li><strong>Solid base.<\/strong>&nbsp;Explorer varevogn&nbsp;er bygget p\u00e5 en helst\u00f8pt base\/ kasse av solid kuldeslagfast plast. Basen forenkler ogs\u00e5 monteringen og oppbevaring.<\/li>\n\n\n\n<li>Alle deler passer i bunnkassen som gj\u00f8r den komprimert for transport.<\/li>\n\n\n\n<li><strong>Mange bruksomr\u00e5der.<\/strong>&nbsp;Med denne praktiske varehengeren&nbsp;kan du frakte alt fra matvarer, utstyr, hageavfall, ved til hytta, b\u00e5tmotorer og mye mer.<\/li>\n\n\n\n<li>Til den solide plastkassen kan man feste hjul eller ski<\/li>\n\n\n\n<li>Hull langs kanten av bunnkasse for \u00e5 stroppe fast lasten.<\/li>\n\n\n\n<li>Leveres med vanntett og elastisk varetrekk som gir deg opp til 150 liter volum.<\/li>\n\n\n\n<li>Forskjellige festepunkter til hjulene slik at du f\u00e5r utlignet vekten over til trekkselen. Perfekt l\u00f8sning for de med vond rygg som et alternativ til ryggsekk.<\/li>\n\n\n\n<li>Egenvekt sykkelvogn inkludert sykkeldrag og hjul, 8,8 kg<br>Egenvekt turvogn inkludert hjul og drag, 9,8 kg<br>Egenvekt pulk inkludert ski og drag, 8,5 kg <\/li>\n\n\n\n<li>Anbefalt maksimal lastevekt: <strong>54kg<\/strong><\/li>\n<\/ul>\n\n\n\n<p>Se alle v\u00e5re varevogn\/ pulk kombinasjoner <strong><a href=\"https:\/\/nordiccab.com\/no\/produktkategori\/varevogn\/\">her. <\/a><\/strong><\/p>\n\n\n\n<figure class=\"wp-block-embed is-type-video is-provider-youtube wp-block-embed-youtube wp-embed-aspect-16-9 wp-has-aspect-ratio\"><div class=\"wp-block-embed__wrapper\">\n<iframe loading=\"lazy\" title=\"Cargo Bike\" width=\"500\" height=\"281\" src=\"https:\/\/www.youtube.com\/embed\/V2K8F6NvOhY?feature=oembed\" frameborder=\"0\" allow=\"accelerometer; autoplay; clipboard-write; encrypted-media; gyroscope; picture-in-picture; web-share\" referrerpolicy=\"strict-origin-when-cross-origin\" allowfullscreen><\/iframe>\n<\/div><\/figure>\n\n\n\n<p><strong>M\u00e5l<\/strong>: <\/p>\n\n\n\n<ul class=\"wp-block-list\">\n<li>Bunnkassen innvendig &#8211; bredde 60,5cm \/ lengde 87cm \/ dybde 21cm\n<ul class=\"wp-block-list\">\n<li>Varetrekket ekspanderer 10cm over kanten p\u00e5 kassen slik at den dekker over h\u00f8yere last.<\/li>\n<\/ul>\n<\/li>\n\n\n\n<li>Bredde med ski &#8211; 76,5cm<\/li>\n\n\n\n<li>Bredde med hjul &#8211; 79cm <\/li>\n\n\n\n<li>Total lengde med drag &#8211; fra 216cm &#8211; 268cm (justerbar)<\/li>\n\n\n\n<li>Bakkeklaring med ski &#8211; 10cm<\/li>\n\n\n\n<li>Bakkeklaring med 20&#8243; hjul &#8211; 17,5cm<\/li>\n<\/ul>\n\n\n\n<p><strong>Dette f\u00f8lger med:<\/strong> <\/p>\n\n\n\n<ul class=\"wp-block-list\">\n<li>Base\/ kasse<\/li>\n\n\n\n<li>Hjul<\/li>\n\n\n\n<li>Ski<\/li>\n\n\n\n<li>Sykkelvogn drag og feste<\/li>\n\n\n\n<li>Trekkdrag for pulk og turvogn<\/li>\n\n\n\n<li>Trekksele<\/li>\n\n\n\n<li>Varetrekk<\/li>\n<\/ul>\n\n\n\n<figure class=\"wp-block-embed is-type-video is-provider-youtube wp-block-embed-youtube wp-embed-aspect-16-9 wp-has-aspect-ratio\"><div class=\"wp-block-embed__wrapper\">\n<iframe loading=\"lazy\" title=\"Cargo Pulk\" width=\"500\" height=\"281\" src=\"https:\/\/www.youtube.com\/embed\/Ppzb_AAa4wY?feature=oembed\" frameborder=\"0\" allow=\"accelerometer; autoplay; clipboard-write; encrypted-media; gyroscope; picture-in-picture; web-share\" referrerpolicy=\"strict-origin-when-cross-origin\" allowfullscreen><\/iframe>\n<\/div><\/figure>\n\n\n\n<h2 class=\"wp-block-heading has-large-font-size\" id=\"h-nordic-cab-turvogn-en-skansom-mate-a-transportere-varer-og-utstyr-pa\">Nordic Cab Turvogn &#8211; En sk\u00e5nsom m\u00e5te \u00e5 transportere varer og utstyr p\u00e5<\/h2>\n\n\n\n<p>Enten du er p\u00e5 asfalt, grus eller stier, gj\u00f8r Nordic Cab Turvogn transporten av utstyr enklere og mer sk\u00e5nsom.<\/p>\n\n\n\n<p>Med den ergonomisk utformede selen, utstyrt med brede, myke stropper, justerbare mavebelte og avtagbare skulderstropper, blir belastningen jevnt fordelt p\u00e5 kroppen. Dette gir en mer behagelig opplevelse og reduserer belastningen p\u00e5 skuldre, nakke og rygg, sammenlignet med sekk.<\/p>\n\n\n\n<p>Turvognens design gj\u00f8r det enkelt \u00e5 man\u00f8vrere i ulendt terreng og over ujevne stier. Utforsk uten begrensninger og oppdag nye steder med Nordic Cab &#8211; den ultimate l\u00f8sningen for transport av utstyr, uansett hvor eventyret tar deg.<\/p>\n\n\n\n<h3 class=\"wp-block-heading\" id=\"h-\"><\/h3>\n","protected":false},"excerpt":{"rendered":"<p>Kan brukes som Sykkelvogn, Turvogn og Pulk. Selve basen er den samme, men du kan enkelt skifte fra hjul til ski og fra sykkeldrag til pulkdrag.\u00a0<\/p>\n","protected":false},"featured_media":19050,"template":"","meta":{"_genesis_hide_title":false,"_genesis_hide_breadcrumbs":false,"_genesis_hide_singular_image":false,"_genesis_hide_footer_widgets":false,"_genesis_custom_body_class":"","_genesis_custom_post_class":"","_genesis_layout":""},"product_brand":[],"product_cat":[113],"product_tag":[],"class_list":{"0":"post-13700","1":"product","2":"type-product","3":"status-publish","4":"has-post-thumbnail","6":"product_cat-varevogn","7":"entry","9":"first","10":"instock","11":"taxable","12":"shipping-taxable","13":"purchasable","14":"product-type-simple"},"bundled_by":[],"bundle_stock_status":"instock","bundle_stock_quantity":null,"bundle_virtual":false,"bundle_layout":"","bundle_add_to_cart_form_location":"","bundle_editable_in_cart":false,"bundle_sold_individually_context":"","bundle_item_grouping":"","bundle_min_size":"","bundle_max_size":"","bundle_price":[],"bundled_items":[],"bundle_sell_ids":[],"yoast_head":"<!-- This site is optimized with the Yoast SEO Premium plugin v26.0 (Yoast SEO v26.0) - https:\/\/yoast.com\/wordpress\/plugins\/seo\/ -->\n<title>Cargo - Sykkelhenger, turvogn og pulk - Nordic Cab<\/title>\n<meta name=\"description\" content=\"Dette er produktet for deg som er p\u00e5 tur sommer som vinter. Sykkelhenger, turvogn og pulk med ski for vinterbruk og 20&quot; hjul for sommerbruk.\" \/>\n<meta name=\"robots\" content=\"index, follow, max-snippet:-1, max-image-preview:large, max-video-preview:-1\" \/>\n<link rel=\"canonical\" href=\"https:\/\/nordiccab.com\/no\/produkt\/cargo-sykkelhenger-turvogn-pulk-vare\/\" \/>\n<meta property=\"og:locale\" content=\"nb_NO\" \/>\n<meta property=\"og:type\" content=\"article\" \/>\n<meta property=\"og:title\" content=\"Cargo - Sykkelhenger, turvogn og pulk\" \/>\n<meta property=\"og:description\" content=\"Dette er produktet for deg som er p\u00e5 tur sommer som vinter. Sykkelhenger, turvogn og pulk med ski for vinterbruk og 20&quot; hjul for sommerbruk.\" \/>\n<meta property=\"og:url\" content=\"https:\/\/nordiccab.com\/no\/produkt\/cargo-sykkelhenger-turvogn-pulk-vare\/\" \/>\n<meta property=\"og:site_name\" content=\"Nordic Cab\" \/>\n<meta property=\"article:publisher\" content=\"https:\/\/www.facebook.com\/nordiccab\" \/>\n<meta property=\"article:modified_time\" content=\"2025-08-15T06:36:26+00:00\" \/>\n<meta property=\"og:image\" content=\"https:\/\/nordiccab.com\/wp-content\/uploads\/2024\/04\/Cargo-3in1_4_1.jpg\" \/>\n\t<meta property=\"og:image:width\" content=\"1000\" \/>\n\t<meta property=\"og:image:height\" content=\"1000\" \/>\n\t<meta property=\"og:image:type\" content=\"image\/jpeg\" \/>\n<meta name=\"twitter:card\" content=\"summary_large_image\" \/>\n<meta name=\"twitter:label1\" content=\"Ansl. lesetid\" \/>\n\t<meta name=\"twitter:data1\" content=\"3 minutter\" \/>\n<script type=\"application\/ld+json\" class=\"yoast-schema-graph\">{\"@context\":\"https:\/\/schema.org\",\"@graph\":[{\"@type\":\"WebPage\",\"@id\":\"https:\/\/nordiccab.com\/no\/produkt\/cargo-sykkelhenger-turvogn-pulk-vare\/\",\"url\":\"https:\/\/nordiccab.com\/no\/produkt\/cargo-sykkelhenger-turvogn-pulk-vare\/\",\"name\":\"Cargo - Sykkelhenger, turvogn og pulk - Nordic Cab\",\"isPartOf\":{\"@id\":\"https:\/\/nordiccab.com\/no\/#website\"},\"primaryImageOfPage\":{\"@id\":\"https:\/\/nordiccab.com\/no\/produkt\/cargo-sykkelhenger-turvogn-pulk-vare\/#primaryimage\"},\"image\":{\"@id\":\"https:\/\/nordiccab.com\/no\/produkt\/cargo-sykkelhenger-turvogn-pulk-vare\/#primaryimage\"},\"thumbnailUrl\":\"https:\/\/nordiccab.com\/wp-content\/uploads\/2024\/04\/Cargo-3in1_4_1.jpg\",\"datePublished\":\"2024-04-21T11:37:04+00:00\",\"dateModified\":\"2025-08-15T06:36:26+00:00\",\"description\":\"Dette er produktet for deg som er p\u00e5 tur sommer som vinter. Sykkelhenger, turvogn og pulk med ski for vinterbruk og 20\\\" hjul for sommerbruk.\",\"breadcrumb\":{\"@id\":\"https:\/\/nordiccab.com\/no\/produkt\/cargo-sykkelhenger-turvogn-pulk-vare\/#breadcrumb\"},\"inLanguage\":\"nb-NO\",\"potentialAction\":[{\"@type\":\"ReadAction\",\"target\":[\"https:\/\/nordiccab.com\/no\/produkt\/cargo-sykkelhenger-turvogn-pulk-vare\/\"]}]},{\"@type\":\"ImageObject\",\"inLanguage\":\"nb-NO\",\"@id\":\"https:\/\/nordiccab.com\/no\/produkt\/cargo-sykkelhenger-turvogn-pulk-vare\/#primaryimage\",\"url\":\"https:\/\/nordiccab.com\/wp-content\/uploads\/2024\/04\/Cargo-3in1_4_1.jpg\",\"contentUrl\":\"https:\/\/nordiccab.com\/wp-content\/uploads\/2024\/04\/Cargo-3in1_4_1.jpg\",\"width\":1000,\"height\":1000,\"caption\":\"Heavy Duty Bike Trailer. Red Nordic Cab\"},{\"@type\":\"BreadcrumbList\",\"@id\":\"https:\/\/nordiccab.com\/no\/produkt\/cargo-sykkelhenger-turvogn-pulk-vare\/#breadcrumb\",\"itemListElement\":[{\"@type\":\"ListItem\",\"position\":1,\"name\":\"Home\",\"item\":\"https:\/\/nordiccab.com\/no\/\"},{\"@type\":\"ListItem\",\"position\":2,\"name\":\"Produkter\",\"item\":\"https:\/\/nordiccab.com\/no\/butikk\/\"},{\"@type\":\"ListItem\",\"position\":3,\"name\":\"Cargo &#8211; Sykkelhenger, turvogn og pulk\"}]},{\"@type\":\"WebSite\",\"@id\":\"https:\/\/nordiccab.com\/no\/#website\",\"url\":\"https:\/\/nordiccab.com\/no\/\",\"name\":\"Nordic Cab\",\"description\":\"Start Life Exploring\",\"publisher\":{\"@id\":\"https:\/\/nordiccab.com\/no\/#organization\"},\"potentialAction\":[{\"@type\":\"SearchAction\",\"target\":{\"@type\":\"EntryPoint\",\"urlTemplate\":\"https:\/\/nordiccab.com\/no\/?s={search_term_string}\"},\"query-input\":{\"@type\":\"PropertyValueSpecification\",\"valueRequired\":true,\"valueName\":\"search_term_string\"}}],\"inLanguage\":\"nb-NO\"},{\"@type\":\"Organization\",\"@id\":\"https:\/\/nordiccab.com\/no\/#organization\",\"name\":\"Nordic Cab Solutions AS\",\"url\":\"https:\/\/nordiccab.com\/no\/\",\"logo\":{\"@type\":\"ImageObject\",\"inLanguage\":\"nb-NO\",\"@id\":\"https:\/\/nordiccab.com\/no\/#\/schema\/logo\/image\/\",\"url\":\"https:\/\/nordiccab.com\/wp-content\/uploads\/2022\/02\/NC-logo.svg\",\"contentUrl\":\"https:\/\/nordiccab.com\/wp-content\/uploads\/2022\/02\/NC-logo.svg\",\"width\":1,\"height\":1,\"caption\":\"Nordic Cab Solutions AS\"},\"image\":{\"@id\":\"https:\/\/nordiccab.com\/no\/#\/schema\/logo\/image\/\"},\"sameAs\":[\"https:\/\/www.facebook.com\/nordiccab\"]}]}<\/script>\n<!-- \/ Yoast SEO Premium plugin. -->","yoast_head_json":{"title":"Cargo - Sykkelhenger, turvogn og pulk - Nordic Cab","description":"Dette er produktet for deg som er p\u00e5 tur sommer som vinter. Sykkelhenger, turvogn og pulk med ski for vinterbruk og 20\" hjul for sommerbruk.","robots":{"index":"index","follow":"follow","max-snippet":"max-snippet:-1","max-image-preview":"max-image-preview:large","max-video-preview":"max-video-preview:-1"},"canonical":"https:\/\/nordiccab.com\/no\/produkt\/cargo-sykkelhenger-turvogn-pulk-vare\/","og_locale":"nb_NO","og_type":"article","og_title":"Cargo - Sykkelhenger, turvogn og pulk","og_description":"Dette er produktet for deg som er p\u00e5 tur sommer som vinter. Sykkelhenger, turvogn og pulk med ski for vinterbruk og 20\" hjul for sommerbruk.","og_url":"https:\/\/nordiccab.com\/no\/produkt\/cargo-sykkelhenger-turvogn-pulk-vare\/","og_site_name":"Nordic Cab","article_publisher":"https:\/\/www.facebook.com\/nordiccab","article_modified_time":"2025-08-15T06:36:26+00:00","og_image":[{"width":1000,"height":1000,"url":"https:\/\/nordiccab.com\/wp-content\/uploads\/2024\/04\/Cargo-3in1_4_1.jpg","type":"image\/jpeg"}],"twitter_card":"summary_large_image","twitter_misc":{"Ansl. lesetid":"3 minutter"},"schema":{"@context":"https:\/\/schema.org","@graph":[{"@type":"WebPage","@id":"https:\/\/nordiccab.com\/no\/produkt\/cargo-sykkelhenger-turvogn-pulk-vare\/","url":"https:\/\/nordiccab.com\/no\/produkt\/cargo-sykkelhenger-turvogn-pulk-vare\/","name":"Cargo - Sykkelhenger, turvogn og pulk - Nordic Cab","isPartOf":{"@id":"https:\/\/nordiccab.com\/no\/#website"},"primaryImageOfPage":{"@id":"https:\/\/nordiccab.com\/no\/produkt\/cargo-sykkelhenger-turvogn-pulk-vare\/#primaryimage"},"image":{"@id":"https:\/\/nordiccab.com\/no\/produkt\/cargo-sykkelhenger-turvogn-pulk-vare\/#primaryimage"},"thumbnailUrl":"https:\/\/nordiccab.com\/wp-content\/uploads\/2024\/04\/Cargo-3in1_4_1.jpg","datePublished":"2024-04-21T11:37:04+00:00","dateModified":"2025-08-15T06:36:26+00:00","description":"Dette er produktet for deg som er p\u00e5 tur sommer som vinter. Sykkelhenger, turvogn og pulk med ski for vinterbruk og 20\" hjul for sommerbruk.","breadcrumb":{"@id":"https:\/\/nordiccab.com\/no\/produkt\/cargo-sykkelhenger-turvogn-pulk-vare\/#breadcrumb"},"inLanguage":"nb-NO","potentialAction":[{"@type":"ReadAction","target":["https:\/\/nordiccab.com\/no\/produkt\/cargo-sykkelhenger-turvogn-pulk-vare\/"]}]},{"@type":"ImageObject","inLanguage":"nb-NO","@id":"https:\/\/nordiccab.com\/no\/produkt\/cargo-sykkelhenger-turvogn-pulk-vare\/#primaryimage","url":"https:\/\/nordiccab.com\/wp-content\/uploads\/2024\/04\/Cargo-3in1_4_1.jpg","contentUrl":"https:\/\/nordiccab.com\/wp-content\/uploads\/2024\/04\/Cargo-3in1_4_1.jpg","width":1000,"height":1000,"caption":"Heavy Duty Bike Trailer. Red Nordic Cab"},{"@type":"BreadcrumbList","@id":"https:\/\/nordiccab.com\/no\/produkt\/cargo-sykkelhenger-turvogn-pulk-vare\/#breadcrumb","itemListElement":[{"@type":"ListItem","position":1,"name":"Home","item":"https:\/\/nordiccab.com\/no\/"},{"@type":"ListItem","position":2,"name":"Produkter","item":"https:\/\/nordiccab.com\/no\/butikk\/"},{"@type":"ListItem","position":3,"name":"Cargo &#8211; Sykkelhenger, turvogn og pulk"}]},{"@type":"WebSite","@id":"https:\/\/nordiccab.com\/no\/#website","url":"https:\/\/nordiccab.com\/no\/","name":"Nordic Cab","description":"Start Life Exploring","publisher":{"@id":"https:\/\/nordiccab.com\/no\/#organization"},"potentialAction":[{"@type":"SearchAction","target":{"@type":"EntryPoint","urlTemplate":"https:\/\/nordiccab.com\/no\/?s={search_term_string}"},"query-input":{"@type":"PropertyValueSpecification","valueRequired":true,"valueName":"search_term_string"}}],"inLanguage":"nb-NO"},{"@type":"Organization","@id":"https:\/\/nordiccab.com\/no\/#organization","name":"Nordic Cab Solutions AS","url":"https:\/\/nordiccab.com\/no\/","logo":{"@type":"ImageObject","inLanguage":"nb-NO","@id":"https:\/\/nordiccab.com\/no\/#\/schema\/logo\/image\/","url":"https:\/\/nordiccab.com\/wp-content\/uploads\/2022\/02\/NC-logo.svg","contentUrl":"https:\/\/nordiccab.com\/wp-content\/uploads\/2022\/02\/NC-logo.svg","width":1,"height":1,"caption":"Nordic Cab Solutions AS"},"image":{"@id":"https:\/\/nordiccab.com\/no\/#\/schema\/logo\/image\/"},"sameAs":["https:\/\/www.facebook.com\/nordiccab"]}]}},"_links":{"self":[{"href":"https:\/\/nordiccab.com\/no\/wp-json\/wp\/v2\/product\/13700","targetHints":{"allow":["GET"]}}],"collection":[{"href":"https:\/\/nordiccab.com\/no\/wp-json\/wp\/v2\/product"}],"about":[{"href":"https:\/\/nordiccab.com\/no\/wp-json\/wp\/v2\/types\/product"}],"wp:featuredmedia":[{"embeddable":true,"href":"https:\/\/nordiccab.com\/no\/wp-json\/wp\/v2\/media\/19050"}],"wp:attachment":[{"href":"https:\/\/nordiccab.com\/no\/wp-json\/wp\/v2\/media?parent=13700"}],"wp:term":[{"taxonomy":"product_brand","embeddable":true,"href":"https:\/\/nordiccab.com\/no\/wp-json\/wp\/v2\/product_brand?post=13700"},{"taxonomy":"product_cat","embeddable":true,"href":"https:\/\/nordiccab.com\/no\/wp-json\/wp\/v2\/product_cat?post=13700"},{"taxonomy":"product_tag","embeddable":true,"href":"https:\/\/nordiccab.com\/no\/wp-json\/wp\/v2\/product_tag?post=13700"}],"curies":[{"name":"wp","href":"https:\/\/api.w.org\/{rel}","templated":true}]}}