{"id":12243,"date":"2024-09-24T12:46:00","date_gmt":"2024-09-24T10:46:00","guid":{"rendered":"https:\/\/nordiccab.com\/?post_type=product&#038;p=12243"},"modified":"2025-09-12T19:44:20","modified_gmt":"2025-09-12T17:44:20","slug":"hornit-sykkelhjelm-48-53-cm-military","status":"publish","type":"product","link":"https:\/\/nordiccab.com\/no\/produkt\/hornit-sykkelhjelm-48-53-cm-military\/","title":{"rendered":"Hornit Sykkelhjelm for sm\u00e5 barn 48-53 cm Military"},"content":{"rendered":"\n<h2 class=\"wp-block-heading has-large-font-size\" id=\"h-sikker-sykkelhjelm-for-barn-med-kult-design-som-barnet-vil-elske\">Sikker sykkelhjelm for barn med kult design som barnet vil elske<\/h2>\n\n\n\n<p>Hornit sine barnehjelmer tar sikkerhet og stil til et helt nytt niv\u00e5. Med en rekke stilige og morsomme design, er disse hjelmene ikke bare beskyttende, men ogs\u00e5 en kul hjelm barna vil elske \u00e5 ha p\u00e5 seg. Det justerbare systemet s\u00f8rger for en perfekt passform til barnets hode, slik at de kan utforske verden med fullstendig trygghet og komfort.<\/p>\n\n\n\n<h2 class=\"wp-block-heading has-large-font-size\" id=\"h-hornit-barnehjelm-funksjoner\">Hornit barnehjelm funksjoner: <\/h2>\n\n\n\n<ul class=\"wp-block-list\">\n<li>Justeringssystem for perfekt tilpasning til barnets hode.<\/li>\n\n\n\n<li>11 holder barnet kj\u00f8lig og komfortabelt under enhver aktivitet med god ventilasjon gjennom hele hjelmen.<\/li>\n\n\n\n<li>EN1078-sertifisert. Oppfyller de strenge europeiske sikkerhetsstandardene, slik at du kan v\u00e6re trygg p\u00e5 at barnet ditt er beskyttet.<\/li>\n\n\n\n<li>LED-lys med Lang Batteritid: Integrerte LED-lys gir \u00f8kt synlighet og sikkerhet under sykling. Med en batteritid p\u00e5 opptil 10 timer i kontinuerlig modus og 20 timer i blinkende modus, er barnet ditt synlig mer synlig ogs\u00e5 n\u00e5r det er m\u00f8rkt.<\/li>\n\n\n\n<li><a href=\"Batteri: 2 x AG3\">Battery: 2 x AG3<\/a><\/li>\n<\/ul>\n\n\n\n<h3 class=\"wp-block-heading has-large-font-size\" id=\"h-valgt-med-omhu\">Valgt med Omhu<\/h3>\n\n\n\n<p>Vi i Nordic Cab har n\u00f8ye valgt Hornit sykkelhjelmer p\u00e5 grunn av deres eksepsjonelle passform og komfort. Etter grundige tester har vi funnet at disse hjelmene sitter godt p\u00e5 barnets hode, noe som er avgj\u00f8rende for optimal sikkerhet. Det unike designet med en relativt kort kant bak gj\u00f8r disse hjelmene ideelle for bruk i v\u00e5r Nordic Cab sykkelvogn, og sikrer at barnet sitter komfortabelt gjennom turen.<\/p>\n\n\n\n<p>Velg Hornit sykkelhjelm for \u00e5 kombinere stil, sikkerhet og komfort p\u00e5 en m\u00e5te som barna virkelig setter pris p\u00e5. Med disse hjelmene er eventyret bare begynnelsen!<\/p>\n\n\n\n<p>Se hele v\u00e5rt utvalg barnehjelmer <a href=\"https:\/\/nordiccab.com\/no\/produktkategori\/barneutstyr\/\">her. <\/a><\/p>\n","protected":false},"excerpt":{"rendered":"<div class=\"group w-full text-gray-800 dark:text-gray-100 border-b border-black\/10 dark:border-gray-900\/50 bg-gray-50 dark:bg-[#444654]\">\n<div class=\"flex p-4 gap-4 text-base md:gap-6 md:max-w-2xl lg:max-w-xl xl:max-w-3xl md:py-6 lg:px-0 m-auto\">\n<div class=\"relative flex w-[calc(100%-50px)] flex-col gap-1 md:gap-3 lg:w-[calc(100%-115px)]\">\n<div class=\"flex flex-grow flex-col gap-3\">\n<div class=\"min-h-[20px] flex flex-col items-start gap-4 whitespace-pre-wrap break-words\">\n<div class=\"markdown prose w-full break-words dark:prose-invert light\">\n<div class=\"group w-full text-gray-800 dark:text-gray-100 border-b border-black\/10 dark:border-gray-900\/50 dark:bg-gray-800\">\n<div class=\"flex p-4 gap-4 text-base md:gap-6 md:max-w-2xl lg:max-w-xl xl:max-w-3xl md:py-6 lg:px-0 m-auto\">\n<div class=\"relative flex w-[calc(100%-50px)] flex-col gap-1 md:gap-3 lg:w-[calc(100%-115px)]\">\n<div class=\"flex flex-grow flex-col gap-3\">\n<div class=\"min-h-[20px] flex flex-col items-start gap-4 whitespace-pre-wrap break-words\">Hjelmene har lav vekt og er veldig komfortable p\u00e5 hodet. Barna vil ogs\u00e5 digge det integrerte LED-lyset, som fungerer som ekstra sikkerhet n\u00e5r det blir m\u00f8rkt ute.<\/div>\n<\/div>\n<\/div>\n<\/div>\n<\/div>\n<\/div>\n<\/div>\n<\/div>\n<\/div>\n<\/div>\n<\/div>\n","protected":false},"featured_media":12189,"template":"","meta":{"_genesis_hide_title":false,"_genesis_hide_breadcrumbs":false,"_genesis_hide_singular_image":false,"_genesis_hide_footer_widgets":false,"_genesis_custom_body_class":"","_genesis_custom_post_class":"","_genesis_layout":""},"product_brand":[],"product_cat":[89],"product_tag":[729],"class_list":{"0":"post-12243","1":"product","2":"type-product","3":"status-publish","4":"has-post-thumbnail","6":"product_cat-ukategorisert-no","7":"product_tag-produkt-stikkord-universelt-tilbehor","8":"entry","10":"first","11":"outofstock","12":"taxable","13":"shipping-taxable","14":"product-type-simple"},"bundled_by":[],"bundle_stock_status":"outofstock","bundle_stock_quantity":1,"bundle_virtual":false,"bundle_layout":"","bundle_add_to_cart_form_location":"","bundle_editable_in_cart":false,"bundle_sold_individually_context":"","bundle_item_grouping":"","bundle_min_size":"","bundle_max_size":"","bundle_price":[],"bundled_items":[],"bundle_sell_ids":[],"yoast_head":"<!-- This site is optimized with the Yoast SEO Premium plugin v26.0 (Yoast SEO v26.0) - https:\/\/yoast.com\/wordpress\/plugins\/seo\/ -->\n<title>Sikker Hjelm for Sm\u00e5 Barn - Beskyttelse og Komfort i \u00c9n Pakke<\/title>\n<meta name=\"description\" content=\"Finn den perfekte hjelmen for sm\u00e5 barn med fokus p\u00e5 sikkerhet og komfort. Ideell for sykkelturer og bruk med Nordic Cab sykkelvogn.\" \/>\n<meta name=\"robots\" content=\"index, follow, max-snippet:-1, max-image-preview:large, max-video-preview:-1\" \/>\n<link rel=\"canonical\" href=\"https:\/\/nordiccab.com\/no\/produkt\/hornit-sykkelhjelm-48-53-cm-military\/\" \/>\n<meta property=\"og:locale\" content=\"nb_NO\" \/>\n<meta property=\"og:type\" content=\"article\" \/>\n<meta property=\"og:title\" content=\"Hornit Sykkelhjelm for sm\u00e5 barn 48-53 cm Military\" \/>\n<meta property=\"og:description\" content=\"Finn den perfekte hjelmen for sm\u00e5 barn med fokus p\u00e5 sikkerhet og komfort. Ideell for sykkelturer og bruk med Nordic Cab sykkelvogn.\" \/>\n<meta property=\"og:url\" content=\"https:\/\/nordiccab.com\/no\/produkt\/hornit-sykkelhjelm-48-53-cm-military\/\" \/>\n<meta property=\"og:site_name\" content=\"Nordic Cab\" \/>\n<meta property=\"article:publisher\" content=\"https:\/\/www.facebook.com\/nordiccab\" \/>\n<meta property=\"article:modified_time\" content=\"2025-09-12T17:44:20+00:00\" \/>\n<meta property=\"og:image\" content=\"https:\/\/nordiccab.com\/wp-content\/uploads\/2023\/06\/Hornit-bicycle-helmet-48-53-cm-Military.jpg\" \/>\n\t<meta property=\"og:image:width\" content=\"1000\" \/>\n\t<meta property=\"og:image:height\" content=\"1000\" \/>\n\t<meta property=\"og:image:type\" content=\"image\/jpeg\" \/>\n<meta name=\"twitter:card\" content=\"summary_large_image\" \/>\n<meta name=\"twitter:label1\" content=\"Ansl. lesetid\" \/>\n\t<meta name=\"twitter:data1\" content=\"2 minutter\" \/>\n<script type=\"application\/ld+json\" class=\"yoast-schema-graph\">{\"@context\":\"https:\/\/schema.org\",\"@graph\":[{\"@type\":\"WebPage\",\"@id\":\"https:\/\/nordiccab.com\/no\/produkt\/hornit-sykkelhjelm-48-53-cm-military\/\",\"url\":\"https:\/\/nordiccab.com\/no\/produkt\/hornit-sykkelhjelm-48-53-cm-military\/\",\"name\":\"Sikker Hjelm for Sm\u00e5 Barn - Beskyttelse og Komfort i \u00c9n Pakke\",\"isPartOf\":{\"@id\":\"https:\/\/nordiccab.com\/no\/#website\"},\"primaryImageOfPage\":{\"@id\":\"https:\/\/nordiccab.com\/no\/produkt\/hornit-sykkelhjelm-48-53-cm-military\/#primaryimage\"},\"image\":{\"@id\":\"https:\/\/nordiccab.com\/no\/produkt\/hornit-sykkelhjelm-48-53-cm-military\/#primaryimage\"},\"thumbnailUrl\":\"https:\/\/nordiccab.com\/wp-content\/uploads\/2023\/06\/Hornit-bicycle-helmet-48-53-cm-Military.jpg\",\"datePublished\":\"2024-09-24T10:46:00+00:00\",\"dateModified\":\"2025-09-12T17:44:20+00:00\",\"description\":\"Finn den perfekte hjelmen for sm\u00e5 barn med fokus p\u00e5 sikkerhet og komfort. Ideell for sykkelturer og bruk med Nordic Cab sykkelvogn.\",\"breadcrumb\":{\"@id\":\"https:\/\/nordiccab.com\/no\/produkt\/hornit-sykkelhjelm-48-53-cm-military\/#breadcrumb\"},\"inLanguage\":\"nb-NO\",\"potentialAction\":[{\"@type\":\"ReadAction\",\"target\":[\"https:\/\/nordiccab.com\/no\/produkt\/hornit-sykkelhjelm-48-53-cm-military\/\"]}]},{\"@type\":\"ImageObject\",\"inLanguage\":\"nb-NO\",\"@id\":\"https:\/\/nordiccab.com\/no\/produkt\/hornit-sykkelhjelm-48-53-cm-military\/#primaryimage\",\"url\":\"https:\/\/nordiccab.com\/wp-content\/uploads\/2023\/06\/Hornit-bicycle-helmet-48-53-cm-Military.jpg\",\"contentUrl\":\"https:\/\/nordiccab.com\/wp-content\/uploads\/2023\/06\/Hornit-bicycle-helmet-48-53-cm-Military.jpg\",\"width\":1000,\"height\":1000,\"caption\":\"Gr\u00f8nn sikker hjelm for sm\u00e5 barn\"},{\"@type\":\"BreadcrumbList\",\"@id\":\"https:\/\/nordiccab.com\/no\/produkt\/hornit-sykkelhjelm-48-53-cm-military\/#breadcrumb\",\"itemListElement\":[{\"@type\":\"ListItem\",\"position\":1,\"name\":\"Home\",\"item\":\"https:\/\/nordiccab.com\/no\/\"},{\"@type\":\"ListItem\",\"position\":2,\"name\":\"Produkter\",\"item\":\"https:\/\/nordiccab.com\/no\/butikk\/\"},{\"@type\":\"ListItem\",\"position\":3,\"name\":\"Hornit Sykkelhjelm for sm\u00e5 barn 48-53 cm Military\"}]},{\"@type\":\"WebSite\",\"@id\":\"https:\/\/nordiccab.com\/no\/#website\",\"url\":\"https:\/\/nordiccab.com\/no\/\",\"name\":\"Nordic Cab\",\"description\":\"Start Life Exploring\",\"publisher\":{\"@id\":\"https:\/\/nordiccab.com\/no\/#organization\"},\"potentialAction\":[{\"@type\":\"SearchAction\",\"target\":{\"@type\":\"EntryPoint\",\"urlTemplate\":\"https:\/\/nordiccab.com\/no\/?s={search_term_string}\"},\"query-input\":{\"@type\":\"PropertyValueSpecification\",\"valueRequired\":true,\"valueName\":\"search_term_string\"}}],\"inLanguage\":\"nb-NO\"},{\"@type\":\"Organization\",\"@id\":\"https:\/\/nordiccab.com\/no\/#organization\",\"name\":\"Nordic Cab Solutions AS\",\"url\":\"https:\/\/nordiccab.com\/no\/\",\"logo\":{\"@type\":\"ImageObject\",\"inLanguage\":\"nb-NO\",\"@id\":\"https:\/\/nordiccab.com\/no\/#\/schema\/logo\/image\/\",\"url\":\"https:\/\/nordiccab.com\/wp-content\/uploads\/2022\/02\/NC-logo.svg\",\"contentUrl\":\"https:\/\/nordiccab.com\/wp-content\/uploads\/2022\/02\/NC-logo.svg\",\"width\":1,\"height\":1,\"caption\":\"Nordic Cab Solutions AS\"},\"image\":{\"@id\":\"https:\/\/nordiccab.com\/no\/#\/schema\/logo\/image\/\"},\"sameAs\":[\"https:\/\/www.facebook.com\/nordiccab\"]}]}<\/script>\n<!-- \/ Yoast SEO Premium plugin. -->","yoast_head_json":{"title":"Sikker Hjelm for Sm\u00e5 Barn - Beskyttelse og Komfort i \u00c9n Pakke","description":"Finn den perfekte hjelmen for sm\u00e5 barn med fokus p\u00e5 sikkerhet og komfort. Ideell for sykkelturer og bruk med Nordic Cab sykkelvogn.","robots":{"index":"index","follow":"follow","max-snippet":"max-snippet:-1","max-image-preview":"max-image-preview:large","max-video-preview":"max-video-preview:-1"},"canonical":"https:\/\/nordiccab.com\/no\/produkt\/hornit-sykkelhjelm-48-53-cm-military\/","og_locale":"nb_NO","og_type":"article","og_title":"Hornit Sykkelhjelm for sm\u00e5 barn 48-53 cm Military","og_description":"Finn den perfekte hjelmen for sm\u00e5 barn med fokus p\u00e5 sikkerhet og komfort. Ideell for sykkelturer og bruk med Nordic Cab sykkelvogn.","og_url":"https:\/\/nordiccab.com\/no\/produkt\/hornit-sykkelhjelm-48-53-cm-military\/","og_site_name":"Nordic Cab","article_publisher":"https:\/\/www.facebook.com\/nordiccab","article_modified_time":"2025-09-12T17:44:20+00:00","og_image":[{"width":1000,"height":1000,"url":"https:\/\/nordiccab.com\/wp-content\/uploads\/2023\/06\/Hornit-bicycle-helmet-48-53-cm-Military.jpg","type":"image\/jpeg"}],"twitter_card":"summary_large_image","twitter_misc":{"Ansl. lesetid":"2 minutter"},"schema":{"@context":"https:\/\/schema.org","@graph":[{"@type":"WebPage","@id":"https:\/\/nordiccab.com\/no\/produkt\/hornit-sykkelhjelm-48-53-cm-military\/","url":"https:\/\/nordiccab.com\/no\/produkt\/hornit-sykkelhjelm-48-53-cm-military\/","name":"Sikker Hjelm for Sm\u00e5 Barn - Beskyttelse og Komfort i \u00c9n Pakke","isPartOf":{"@id":"https:\/\/nordiccab.com\/no\/#website"},"primaryImageOfPage":{"@id":"https:\/\/nordiccab.com\/no\/produkt\/hornit-sykkelhjelm-48-53-cm-military\/#primaryimage"},"image":{"@id":"https:\/\/nordiccab.com\/no\/produkt\/hornit-sykkelhjelm-48-53-cm-military\/#primaryimage"},"thumbnailUrl":"https:\/\/nordiccab.com\/wp-content\/uploads\/2023\/06\/Hornit-bicycle-helmet-48-53-cm-Military.jpg","datePublished":"2024-09-24T10:46:00+00:00","dateModified":"2025-09-12T17:44:20+00:00","description":"Finn den perfekte hjelmen for sm\u00e5 barn med fokus p\u00e5 sikkerhet og komfort. Ideell for sykkelturer og bruk med Nordic Cab sykkelvogn.","breadcrumb":{"@id":"https:\/\/nordiccab.com\/no\/produkt\/hornit-sykkelhjelm-48-53-cm-military\/#breadcrumb"},"inLanguage":"nb-NO","potentialAction":[{"@type":"ReadAction","target":["https:\/\/nordiccab.com\/no\/produkt\/hornit-sykkelhjelm-48-53-cm-military\/"]}]},{"@type":"ImageObject","inLanguage":"nb-NO","@id":"https:\/\/nordiccab.com\/no\/produkt\/hornit-sykkelhjelm-48-53-cm-military\/#primaryimage","url":"https:\/\/nordiccab.com\/wp-content\/uploads\/2023\/06\/Hornit-bicycle-helmet-48-53-cm-Military.jpg","contentUrl":"https:\/\/nordiccab.com\/wp-content\/uploads\/2023\/06\/Hornit-bicycle-helmet-48-53-cm-Military.jpg","width":1000,"height":1000,"caption":"Gr\u00f8nn sikker hjelm for sm\u00e5 barn"},{"@type":"BreadcrumbList","@id":"https:\/\/nordiccab.com\/no\/produkt\/hornit-sykkelhjelm-48-53-cm-military\/#breadcrumb","itemListElement":[{"@type":"ListItem","position":1,"name":"Home","item":"https:\/\/nordiccab.com\/no\/"},{"@type":"ListItem","position":2,"name":"Produkter","item":"https:\/\/nordiccab.com\/no\/butikk\/"},{"@type":"ListItem","position":3,"name":"Hornit Sykkelhjelm for sm\u00e5 barn 48-53 cm Military"}]},{"@type":"WebSite","@id":"https:\/\/nordiccab.com\/no\/#website","url":"https:\/\/nordiccab.com\/no\/","name":"Nordic Cab","description":"Start Life Exploring","publisher":{"@id":"https:\/\/nordiccab.com\/no\/#organization"},"potentialAction":[{"@type":"SearchAction","target":{"@type":"EntryPoint","urlTemplate":"https:\/\/nordiccab.com\/no\/?s={search_term_string}"},"query-input":{"@type":"PropertyValueSpecification","valueRequired":true,"valueName":"search_term_string"}}],"inLanguage":"nb-NO"},{"@type":"Organization","@id":"https:\/\/nordiccab.com\/no\/#organization","name":"Nordic Cab Solutions AS","url":"https:\/\/nordiccab.com\/no\/","logo":{"@type":"ImageObject","inLanguage":"nb-NO","@id":"https:\/\/nordiccab.com\/no\/#\/schema\/logo\/image\/","url":"https:\/\/nordiccab.com\/wp-content\/uploads\/2022\/02\/NC-logo.svg","contentUrl":"https:\/\/nordiccab.com\/wp-content\/uploads\/2022\/02\/NC-logo.svg","width":1,"height":1,"caption":"Nordic Cab Solutions AS"},"image":{"@id":"https:\/\/nordiccab.com\/no\/#\/schema\/logo\/image\/"},"sameAs":["https:\/\/www.facebook.com\/nordiccab"]}]}},"_links":{"self":[{"href":"https:\/\/nordiccab.com\/no\/wp-json\/wp\/v2\/product\/12243","targetHints":{"allow":["GET"]}}],"collection":[{"href":"https:\/\/nordiccab.com\/no\/wp-json\/wp\/v2\/product"}],"about":[{"href":"https:\/\/nordiccab.com\/no\/wp-json\/wp\/v2\/types\/product"}],"wp:featuredmedia":[{"embeddable":true,"href":"https:\/\/nordiccab.com\/no\/wp-json\/wp\/v2\/media\/12189"}],"wp:attachment":[{"href":"https:\/\/nordiccab.com\/no\/wp-json\/wp\/v2\/media?parent=12243"}],"wp:term":[{"taxonomy":"product_brand","embeddable":true,"href":"https:\/\/nordiccab.com\/no\/wp-json\/wp\/v2\/product_brand?post=12243"},{"taxonomy":"product_cat","embeddable":true,"href":"https:\/\/nordiccab.com\/no\/wp-json\/wp\/v2\/product_cat?post=12243"},{"taxonomy":"product_tag","embeddable":true,"href":"https:\/\/nordiccab.com\/no\/wp-json\/wp\/v2\/product_tag?post=12243"}],"curies":[{"name":"wp","href":"https:\/\/api.w.org\/{rel}","templated":true}]}}