{"id":5898,"date":"2022-09-01T14:57:50","date_gmt":"2022-09-01T12:57:50","guid":{"rendered":"https:\/\/nordiccab.com\/?page_id=5898"},"modified":"2024-09-10T14:23:04","modified_gmt":"2024-09-10T12:23:04","slug":"bedriftskunde","status":"publish","type":"page","link":"https:\/\/nordiccab.com\/no\/bedriftskunde\/","title":{"rendered":"Informasjon for bedriftskunder"},"content":{"rendered":"\n<p>Vi selger i utgangspunktet kun direkte til sluttkunder via v\u00e5r egen nettbutikk. Det er mulig for bedrifter \u00e5 legge inn bestillinger i nettbutikken, men systemet og logistikken er optimalisert for privatmarkedet. Du trenger kanskje ordrebekreftelse, tilbud, faktura med bestillingsnummer eller liknende. Vi l\u00f8ser dette ogs\u00e5:)<\/p>\n\n\n\n<p>Vi mottar ofte foresp\u00f8rsler fra barnehager, utl\u00e5ns- og utleiesteder, skoler, kommuner, leverand\u00f8rer av hjelpemidler for funksjonshemmede og andre akt\u00f8rer hvor v\u00e5re produkter er relevante.<\/p>\n\n\n\n<p>Ta gjerne kontakt med oss p\u00e5 <strong><a href=\"mailto:info@ncsolutions.no\">info@ncsolutions.no<\/a><\/strong>. Inkluder informasjon om hvilke produkter du er interessert i, samt faktura- og leveringsdetaljer for din organisasjon.<\/p>\n\n\n\n<h2 class=\"wp-block-heading has-large-font-size\" id=\"h-spesialister-pa-akseladaptere-for-sykkelvogn\">Spesialister p\u00e5 akseladaptere for sykkelvogn<\/h2>\n\n\n\n<p>Vi er spesialister p\u00e5 akseladaptere for montering av sykkelvogn, og har Norges st\u00f8rste utvalg. V\u00e5re adaptere passer til alle typer sykkelvogner. Har du en kunde som skal kj\u00f8pe sykkel og\/eller vogn, og du trenger en adapter for monteringen? Kontakt oss for bestilling og veiledning. Du kan ogs\u00e5 se v\u00e5r guide for sykkelfeste her eller utforske v\u00e5rt utvalg av akseladaptere <strong><a href=\"https:\/\/nordiccab.com\/no\/produktkategori\/tilbehor\/akseladapter\/\">her<\/a><\/strong>.<\/p>\n\n\n\n<p>Er du en tidligere Nordic Cab-forhandler som trenger deler eller utstyr, er det bare \u00e5 kontakte oss. Dine kunder kan f\u00e5 rask og effektiv hjelp via v\u00e5r nettside, men vi forst\u00e5r at noen foretrekker bistand fra sin lokale leverand\u00f8r.<\/p>\n","protected":false},"excerpt":{"rendered":"<p>Vi selger i utgangspunktet kun direkte til sluttkunder via v\u00e5r egen nettbutikk. Det er mulig for bedrifter \u00e5 legge inn bestillinger i nettbutikken, men systemet og logistikken er optimalisert for privatmarkedet. Du trenger kanskje ordrebekreftelse, tilbud, faktura med bestillingsnummer eller liknende. Vi l\u00f8ser dette ogs\u00e5:) Vi mottar ofte foresp\u00f8rsler fra barnehager, utl\u00e5ns- og utleiesteder, skoler, [&hellip;]<\/p>\n","protected":false},"author":2,"featured_media":0,"parent":0,"menu_order":0,"comment_status":"closed","ping_status":"closed","template":"","meta":{"_genesis_hide_title":false,"_genesis_hide_breadcrumbs":false,"_genesis_hide_singular_image":false,"_genesis_hide_footer_widgets":false,"_genesis_custom_body_class":"","_genesis_custom_post_class":"","_genesis_layout":"","footnotes":""},"class_list":{"0":"post-5898","1":"page","2":"type-page","3":"status-publish","5":"entry"},"yoast_head":"<!-- This site is optimized with the Yoast SEO Premium plugin v26.0 (Yoast SEO v26.0) - https:\/\/yoast.com\/wordpress\/plugins\/seo\/ -->\n<title>Nordic Cab for Bedrifter \u2013 Tilpassede L\u00f8sninger<\/title>\n<meta name=\"description\" content=\"Nordic Cab tilbyr bedriftsbestillinger og spesialtilpassede akseladaptere til sykkelforhandlere. Kontakt oss for veiledning.\" \/>\n<meta name=\"robots\" content=\"index, follow, max-snippet:-1, max-image-preview:large, max-video-preview:-1\" \/>\n<link rel=\"canonical\" href=\"https:\/\/nordiccab.com\/no\/bedriftskunde\/\" \/>\n<meta property=\"og:locale\" content=\"nb_NO\" \/>\n<meta property=\"og:type\" content=\"article\" \/>\n<meta property=\"og:title\" content=\"Informasjon for bedriftskunder\" \/>\n<meta property=\"og:description\" content=\"Nordic Cab tilbyr bedriftsbestillinger og spesialtilpassede akseladaptere til sykkelforhandlere. Kontakt oss for veiledning.\" \/>\n<meta property=\"og:url\" content=\"https:\/\/nordiccab.com\/no\/bedriftskunde\/\" \/>\n<meta property=\"og:site_name\" content=\"Nordic Cab\" \/>\n<meta property=\"article:publisher\" content=\"https:\/\/www.facebook.com\/nordiccab\" \/>\n<meta property=\"article:modified_time\" content=\"2024-09-10T12:23:04+00:00\" \/>\n<meta property=\"og:image\" content=\"https:\/\/nordiccab.com\/wp-content\/uploads\/2023\/04\/Logo-med-flagg-1200x675-1.png\" \/>\n\t<meta property=\"og:image:width\" content=\"1200\" \/>\n\t<meta property=\"og:image:height\" content=\"675\" \/>\n\t<meta property=\"og:image:type\" content=\"image\/png\" \/>\n<meta name=\"twitter:card\" content=\"summary_large_image\" \/>\n<meta name=\"twitter:label1\" content=\"Ansl. lesetid\" \/>\n\t<meta name=\"twitter:data1\" content=\"1 minutt\" \/>\n<script type=\"application\/ld+json\" class=\"yoast-schema-graph\">{\"@context\":\"https:\/\/schema.org\",\"@graph\":[{\"@type\":\"WebPage\",\"@id\":\"https:\/\/nordiccab.com\/no\/bedriftskunde\/\",\"url\":\"https:\/\/nordiccab.com\/no\/bedriftskunde\/\",\"name\":\"Nordic Cab for Bedrifter \u2013 Tilpassede L\u00f8sninger\",\"isPartOf\":{\"@id\":\"https:\/\/nordiccab.com\/no\/#website\"},\"datePublished\":\"2022-09-01T12:57:50+00:00\",\"dateModified\":\"2024-09-10T12:23:04+00:00\",\"description\":\"Nordic Cab tilbyr bedriftsbestillinger og spesialtilpassede akseladaptere til sykkelforhandlere. Kontakt oss for veiledning.\",\"breadcrumb\":{\"@id\":\"https:\/\/nordiccab.com\/no\/bedriftskunde\/#breadcrumb\"},\"inLanguage\":\"nb-NO\",\"potentialAction\":[{\"@type\":\"ReadAction\",\"target\":[\"https:\/\/nordiccab.com\/no\/bedriftskunde\/\"]}]},{\"@type\":\"BreadcrumbList\",\"@id\":\"https:\/\/nordiccab.com\/no\/bedriftskunde\/#breadcrumb\",\"itemListElement\":[{\"@type\":\"ListItem\",\"position\":1,\"name\":\"Home\",\"item\":\"https:\/\/nordiccab.com\/no\/\"},{\"@type\":\"ListItem\",\"position\":2,\"name\":\"Informasjon for bedriftskunder\"}]},{\"@type\":\"WebSite\",\"@id\":\"https:\/\/nordiccab.com\/no\/#website\",\"url\":\"https:\/\/nordiccab.com\/no\/\",\"name\":\"Nordic Cab\",\"description\":\"Start Life Exploring\",\"publisher\":{\"@id\":\"https:\/\/nordiccab.com\/no\/#organization\"},\"potentialAction\":[{\"@type\":\"SearchAction\",\"target\":{\"@type\":\"EntryPoint\",\"urlTemplate\":\"https:\/\/nordiccab.com\/no\/?s={search_term_string}\"},\"query-input\":{\"@type\":\"PropertyValueSpecification\",\"valueRequired\":true,\"valueName\":\"search_term_string\"}}],\"inLanguage\":\"nb-NO\"},{\"@type\":\"Organization\",\"@id\":\"https:\/\/nordiccab.com\/no\/#organization\",\"name\":\"Nordic Cab Solutions AS\",\"url\":\"https:\/\/nordiccab.com\/no\/\",\"logo\":{\"@type\":\"ImageObject\",\"inLanguage\":\"nb-NO\",\"@id\":\"https:\/\/nordiccab.com\/no\/#\/schema\/logo\/image\/\",\"url\":\"https:\/\/nordiccab.com\/wp-content\/uploads\/2022\/02\/NC-logo.svg\",\"contentUrl\":\"https:\/\/nordiccab.com\/wp-content\/uploads\/2022\/02\/NC-logo.svg\",\"width\":1,\"height\":1,\"caption\":\"Nordic Cab Solutions AS\"},\"image\":{\"@id\":\"https:\/\/nordiccab.com\/no\/#\/schema\/logo\/image\/\"},\"sameAs\":[\"https:\/\/www.facebook.com\/nordiccab\"]}]}<\/script>\n<!-- \/ Yoast SEO Premium plugin. -->","yoast_head_json":{"title":"Nordic Cab for Bedrifter \u2013 Tilpassede L\u00f8sninger","description":"Nordic Cab tilbyr bedriftsbestillinger og spesialtilpassede akseladaptere til sykkelforhandlere. Kontakt oss for veiledning.","robots":{"index":"index","follow":"follow","max-snippet":"max-snippet:-1","max-image-preview":"max-image-preview:large","max-video-preview":"max-video-preview:-1"},"canonical":"https:\/\/nordiccab.com\/no\/bedriftskunde\/","og_locale":"nb_NO","og_type":"article","og_title":"Informasjon for bedriftskunder","og_description":"Nordic Cab tilbyr bedriftsbestillinger og spesialtilpassede akseladaptere til sykkelforhandlere. Kontakt oss for veiledning.","og_url":"https:\/\/nordiccab.com\/no\/bedriftskunde\/","og_site_name":"Nordic Cab","article_publisher":"https:\/\/www.facebook.com\/nordiccab","article_modified_time":"2024-09-10T12:23:04+00:00","og_image":[{"width":1200,"height":675,"url":"https:\/\/nordiccab.com\/wp-content\/uploads\/2023\/04\/Logo-med-flagg-1200x675-1.png","type":"image\/png"}],"twitter_card":"summary_large_image","twitter_misc":{"Ansl. lesetid":"1 minutt"},"schema":{"@context":"https:\/\/schema.org","@graph":[{"@type":"WebPage","@id":"https:\/\/nordiccab.com\/no\/bedriftskunde\/","url":"https:\/\/nordiccab.com\/no\/bedriftskunde\/","name":"Nordic Cab for Bedrifter \u2013 Tilpassede L\u00f8sninger","isPartOf":{"@id":"https:\/\/nordiccab.com\/no\/#website"},"datePublished":"2022-09-01T12:57:50+00:00","dateModified":"2024-09-10T12:23:04+00:00","description":"Nordic Cab tilbyr bedriftsbestillinger og spesialtilpassede akseladaptere til sykkelforhandlere. Kontakt oss for veiledning.","breadcrumb":{"@id":"https:\/\/nordiccab.com\/no\/bedriftskunde\/#breadcrumb"},"inLanguage":"nb-NO","potentialAction":[{"@type":"ReadAction","target":["https:\/\/nordiccab.com\/no\/bedriftskunde\/"]}]},{"@type":"BreadcrumbList","@id":"https:\/\/nordiccab.com\/no\/bedriftskunde\/#breadcrumb","itemListElement":[{"@type":"ListItem","position":1,"name":"Home","item":"https:\/\/nordiccab.com\/no\/"},{"@type":"ListItem","position":2,"name":"Informasjon for bedriftskunder"}]},{"@type":"WebSite","@id":"https:\/\/nordiccab.com\/no\/#website","url":"https:\/\/nordiccab.com\/no\/","name":"Nordic Cab","description":"Start Life Exploring","publisher":{"@id":"https:\/\/nordiccab.com\/no\/#organization"},"potentialAction":[{"@type":"SearchAction","target":{"@type":"EntryPoint","urlTemplate":"https:\/\/nordiccab.com\/no\/?s={search_term_string}"},"query-input":{"@type":"PropertyValueSpecification","valueRequired":true,"valueName":"search_term_string"}}],"inLanguage":"nb-NO"},{"@type":"Organization","@id":"https:\/\/nordiccab.com\/no\/#organization","name":"Nordic Cab Solutions AS","url":"https:\/\/nordiccab.com\/no\/","logo":{"@type":"ImageObject","inLanguage":"nb-NO","@id":"https:\/\/nordiccab.com\/no\/#\/schema\/logo\/image\/","url":"https:\/\/nordiccab.com\/wp-content\/uploads\/2022\/02\/NC-logo.svg","contentUrl":"https:\/\/nordiccab.com\/wp-content\/uploads\/2022\/02\/NC-logo.svg","width":1,"height":1,"caption":"Nordic Cab Solutions AS"},"image":{"@id":"https:\/\/nordiccab.com\/no\/#\/schema\/logo\/image\/"},"sameAs":["https:\/\/www.facebook.com\/nordiccab"]}]}},"featured_image_src":null,"featured_image_src_square":null,"_links":{"self":[{"href":"https:\/\/nordiccab.com\/no\/wp-json\/wp\/v2\/pages\/5898","targetHints":{"allow":["GET"]}}],"collection":[{"href":"https:\/\/nordiccab.com\/no\/wp-json\/wp\/v2\/pages"}],"about":[{"href":"https:\/\/nordiccab.com\/no\/wp-json\/wp\/v2\/types\/page"}],"author":[{"embeddable":true,"href":"https:\/\/nordiccab.com\/no\/wp-json\/wp\/v2\/users\/2"}],"replies":[{"embeddable":true,"href":"https:\/\/nordiccab.com\/no\/wp-json\/wp\/v2\/comments?post=5898"}],"version-history":[{"count":3,"href":"https:\/\/nordiccab.com\/no\/wp-json\/wp\/v2\/pages\/5898\/revisions"}],"predecessor-version":[{"id":22212,"href":"https:\/\/nordiccab.com\/no\/wp-json\/wp\/v2\/pages\/5898\/revisions\/22212"}],"wp:attachment":[{"href":"https:\/\/nordiccab.com\/no\/wp-json\/wp\/v2\/media?parent=5898"}],"curies":[{"name":"wp","href":"https:\/\/api.w.org\/{rel}","templated":true}]}}