{"id":5479,"date":"2022-08-17T13:42:58","date_gmt":"2022-08-17T11:42:58","guid":{"rendered":"https:\/\/nordiccab.com\/?page_id=5479"},"modified":"2024-05-01T10:48:20","modified_gmt":"2024-05-01T08:48:20","slug":"hvorfor-velge-nordic-cab","status":"publish","type":"page","link":"https:\/\/nordiccab.com\/no\/hvorfor-velge-nordic-cab\/","title":{"rendered":"Hvorfor velge Nordic Cab"},"content":{"rendered":"\n<h2 class=\"wp-block-heading has-large-font-size\">Verdi, Levetid og Komfort &#8211; for sm\u00e5 og store utforskere.<\/h2>\n\n\n\n<div class=\"wp-block-columns is-layout-flex wp-container-core-columns-is-layout-9d6595d7 wp-block-columns-is-layout-flex\">\n<div class=\"wp-block-column is-layout-flow wp-block-column-is-layout-flow\" style=\"flex-basis:66.66%\">\n<h3 class=\"wp-block-heading has-large-font-size\" id=\"h-verdi-investering-i-kvalitet-nordic-cab-sykkelvogner-og-barnepulker\"><strong>Verdi <\/strong><br>Investering i Kvalitet: Nordic Cab Sykkelvogner og Barnepulker<\/h3>\n\n\n\n<p>\u00c5 investere i en flerbruksvogn fra Nordic Cab er \u00e5 satse p\u00e5 langvarig verdi. V\u00e5re vogner er allsidige og fungerer \u00e5ret rundt, enten det er som l\u00f8pe-, g\u00e5-, eller sykkelvogn om sommeren, eller som barnepulk om vinteren. I tillegg kan de enkelt omgj\u00f8res til praktiske <a href=\"https:\/\/nordiccab.com\/no\/produktkategori\/varevogn\/\">varevogner eller varepulker<\/a>.<\/p>\n<\/div>\n\n\n\n<div class=\"wp-block-column is-layout-flow wp-block-column-is-layout-flow\" style=\"flex-basis:33.33%\">\n<figure class=\"wp-block-image size-full is-resized\"><img loading=\"lazy\" decoding=\"async\" width=\"500\" height=\"500\" src=\"https:\/\/nordiccab.com\/wp-content\/uploads\/2022\/11\/Gif-6in1-Green.gif\" alt=\"mulrifunksjonell vogn fra nordic cab\" class=\"wp-image-7424\" style=\"width:426px;height:419px\"\/><\/figure>\n<\/div>\n<\/div>\n\n\n\n<p>Erfaringen v\u00e5r viser at bruktprisen p\u00e5 Nordic Cab holder seg h\u00f8y, og det er enkelt \u00e5 selge dem videre. Vi har stor tilgang p\u00e5 deler og utstyr kompatibelt med eldre utgaver. Ved \u00e5 f\u00f8lge markedet over tid ser vi at bruktprisen for vogner fra ulike \u00e5rganger holder seg solid, med 2015-21 modeller som ofte selges for 7000kr og eldre 2010-15 modeller for rundt 5000kr.\u00a0<\/p>\n\n\n\n<p>Vi ser ogs\u00e5 at flere og flere leier ut sin Nordic Cab. Enten som pulk eller sykkelvogn. Utleie er enkelt og gir stor glede til mange. Utleie kan gj\u00f8res via <a href=\"https:\/\/www.finn.no\/\" target=\"_blank\" rel=\"noreferrer noopener\">Finn.no<\/a> eller appen <a href=\"https:\/\/www.hygglo.no\/\" target=\"_blank\" rel=\"noreferrer noopener\">Hygglo<\/a>. Gjennomsnittspris er 500kr for en helg, eller 250kr dagen.<\/p>\n\n\n\n<p>Utover h\u00f8y bruksverdi og gjensalgsverdi er det riktig for b\u00e5de milj\u00f8et og folkehelsen \u00e5 la bilen st\u00e5. Vognen ble for \u00f8vrig <a href=\"https:\/\/www.dagbladet.no\/tema\/hvilken-barnepulk-er-best\/73159733\" target=\"_blank\" rel=\"noreferrer noopener\">k\u00e5ret til best i test<\/a> av Dagbladet og Skiforeningen vintersesongen 2021 som er den siste utf\u00f8rte pulktesten. <\/p>\n\n\n\n<h3 class=\"wp-block-heading has-large-font-size\" id=\"h-levetid-baerekraftig-kvalitet-nordic-cab-sykkelvogner-og-barnepulker-for-generasjoner\"><strong>Levetid<\/strong><br>B\u00e6rekraftig Kvalitet: Nordic Cab Sykkelvogner og Barnepulker for Generasjoner<\/h3>\n\n\n\n<p>En av kjernene i Nordic Cab-konseptet er at v\u00e5re vogner vokser med barnet og familiens behov. Grunnstammen til vognen er en helst\u00f8pt solid og uslitelig base som danner utgangspunktet for produktet. Deler kan enkelt byttes ut, og ekstrautstyr kan legges til etter hvert som behovene endrer seg. <\/p>\n\n\n\n<div class=\"wp-block-columns is-layout-flex wp-container-core-columns-is-layout-9d6595d7 wp-block-columns-is-layout-flex\">\n<div class=\"wp-block-column is-layout-flow wp-block-column-is-layout-flow\">\n<figure class=\"wp-block-image size-full is-resized\"><img loading=\"lazy\" decoding=\"async\" width=\"1000\" height=\"1000\" src=\"https:\/\/nordiccab.com\/wp-content\/uploads\/2022\/08\/Lite-barn-i-sykkelvognen.jpg\" alt=\"barn som sover i sykkelvogn\" class=\"wp-image-5482\" style=\"width:514px;height:auto\" srcset=\"https:\/\/nordiccab.com\/wp-content\/uploads\/2022\/08\/Lite-barn-i-sykkelvognen.jpg 1000w, https:\/\/nordiccab.com\/wp-content\/uploads\/2022\/08\/Lite-barn-i-sykkelvognen-300x300.jpg 300w, https:\/\/nordiccab.com\/wp-content\/uploads\/2022\/08\/Lite-barn-i-sykkelvognen-150x150.jpg 150w, https:\/\/nordiccab.com\/wp-content\/uploads\/2022\/08\/Lite-barn-i-sykkelvognen-768x768.jpg 768w, https:\/\/nordiccab.com\/wp-content\/uploads\/2022\/08\/Lite-barn-i-sykkelvognen-75x75.jpg 75w, https:\/\/nordiccab.com\/wp-content\/uploads\/2022\/08\/Lite-barn-i-sykkelvognen-600x600.jpg 600w, https:\/\/nordiccab.com\/wp-content\/uploads\/2022\/08\/Lite-barn-i-sykkelvognen-180x180.jpg 180w\" sizes=\"auto, (max-width: 1000px) 100vw, 1000px\" \/><\/figure>\n<\/div>\n<\/div>\n\n\n\n<p>Med justerbare seter og god innvendig takh\u00f8yde vil barnet ikke vokse ut av vognen med det f\u00f8rste. Vognene v\u00e5re er designet for \u00e5 romme to barn, men kan enkelt justeres s\u00e5 ett barn sitter i midten. <\/p>\n\n\n\n<p>Vi tilbyr et bredt utvalg av reservedeler og veiledning til v\u00e5re kunder, slik at produktet kan holde seg i topp stand gjennom \u00e5rene. Og n\u00e5r barna endelig vokser ut av vognen, kan den fortsatt brukes som en allsidig varehenger, tralle eller varepulk, enten det er til dagligvarehandelen eller langturen a p\u00e5 ski.<\/p>\n\n\n\n<figure class=\"wp-block-image size-large\"><img loading=\"lazy\" decoding=\"async\" width=\"1024\" height=\"427\" src=\"https:\/\/nordiccab.com\/wp-content\/uploads\/2022\/08\/Ekspedisjon-med-Nordic-Cab-pulk-1024x427.jpg\" alt=\"hund og dame som trekker to pulker i vinterlandskap\" class=\"wp-image-5484\" srcset=\"https:\/\/nordiccab.com\/wp-content\/uploads\/2022\/08\/Ekspedisjon-med-Nordic-Cab-pulk-1024x427.jpg 1024w, https:\/\/nordiccab.com\/wp-content\/uploads\/2022\/08\/Ekspedisjon-med-Nordic-Cab-pulk-300x125.jpg 300w, https:\/\/nordiccab.com\/wp-content\/uploads\/2022\/08\/Ekspedisjon-med-Nordic-Cab-pulk-768x320.jpg 768w, https:\/\/nordiccab.com\/wp-content\/uploads\/2022\/08\/Ekspedisjon-med-Nordic-Cab-pulk-1536x640.jpg 1536w, https:\/\/nordiccab.com\/wp-content\/uploads\/2022\/08\/Ekspedisjon-med-Nordic-Cab-pulk-2048x853.jpg 2048w, https:\/\/nordiccab.com\/wp-content\/uploads\/2022\/08\/Ekspedisjon-med-Nordic-Cab-pulk-1080x450.jpg 1080w\" sizes=\"auto, (max-width: 1024px) 100vw, 1024px\" \/><\/figure>\n\n\n\n<h3 class=\"wp-block-heading has-large-font-size\" id=\"h-komfort-ultimat-komfort-nordic-cab-sykkelvogner-og-barnepulker-for-aktive-familier\"><strong>Komfort<\/strong><br>Ultimat Komfort: Nordic Cab Sykkelvogner og Barnepulker for Aktive Familier<\/h3>\n\n\n\n<p>Nordic Cab er den ledende leverand\u00f8ren av vogner med seterygger som kan legges helt ned til flat posisjon. Med h\u00f8y innvendig h\u00f8yde og unike justeringsmuligheter tilpasses vognene v\u00e5re for optimal komfort for barnet.<\/p>\n\n\n\n<div class=\"wp-block-columns is-layout-flex wp-container-core-columns-is-layout-9d6595d7 wp-block-columns-is-layout-flex\">\n<div class=\"wp-block-column is-layout-flow wp-block-column-is-layout-flow\" style=\"flex-basis:66.66%\">\n<figure class=\"wp-block-embed is-type-video is-provider-youtube wp-block-embed-youtube wp-embed-aspect-16-9 wp-has-aspect-ratio\"><div class=\"wp-block-embed__wrapper\">\n<iframe loading=\"lazy\" title=\"Unique features with Explorer child seat\" width=\"500\" height=\"281\" src=\"https:\/\/www.youtube.com\/embed\/f3h13kbBaTA?feature=oembed\" frameborder=\"0\" allow=\"accelerometer; autoplay; clipboard-write; encrypted-media; gyroscope; picture-in-picture; web-share\" referrerpolicy=\"strict-origin-when-cross-origin\" allowfullscreen><\/iframe>\n<\/div><\/figure>\n<\/div>\n\n\n\n<div class=\"wp-block-column is-layout-flow wp-block-column-is-layout-flow\" style=\"flex-basis:33.33%\">\n<figure class=\"wp-block-image size-large\"><img loading=\"lazy\" decoding=\"async\" width=\"1024\" height=\"1024\" src=\"https:\/\/nordiccab.com\/wp-content\/uploads\/2022\/08\/Sete2-1024x1024.png\" alt=\"ikon som viser seteregulering i Nordic Cab\" class=\"wp-image-5488\" srcset=\"https:\/\/nordiccab.com\/wp-content\/uploads\/2022\/08\/Sete2-1024x1024.png 1024w, https:\/\/nordiccab.com\/wp-content\/uploads\/2022\/08\/Sete2-300x300.png 300w, https:\/\/nordiccab.com\/wp-content\/uploads\/2022\/08\/Sete2-150x150.png 150w, https:\/\/nordiccab.com\/wp-content\/uploads\/2022\/08\/Sete2-768x768.png 768w, https:\/\/nordiccab.com\/wp-content\/uploads\/2022\/08\/Sete2-75x75.png 75w, https:\/\/nordiccab.com\/wp-content\/uploads\/2022\/08\/Sete2-600x600.png 600w, https:\/\/nordiccab.com\/wp-content\/uploads\/2022\/08\/Sete2.png 1080w, https:\/\/nordiccab.com\/wp-content\/uploads\/2022\/08\/Sete2-180x180.png 180w\" sizes=\"auto, (max-width: 1024px) 100vw, 1024px\" \/><\/figure>\n<\/div>\n<\/div>\n\n\n\n<p>V\u00e5re vogner er gjennomarbeidet med v\u00e6rbestandige materialer og praktiske l\u00f8sninger som t\u00e5ler daglig bruk hele \u00e5ret. De er komfortable for barna, samtidig som de er enkle \u00e5 h\u00e5ndtere for de voksne. Fra \u00e5 legge sammen og ta med i bilen til \u00e5 bygge om fra sykkelvogn til barnepulk p\u00e5 et blunk &#8211; Nordic Cab gir deg frihet og bekvemmelighet uansett hvor du utforsker.<\/p>\n\n\n\n<h3 class=\"wp-block-heading has-large-font-size\" id=\"h-erfaring-og-kundeservice-lang-historie-solid-ekspertise-norsk-kvalitet-og-kundeservice\"><strong>Erfaring og Kundeservice<\/strong><br>Lang historie, Solid Ekspertise: Norsk Kvalitet og Kundeservice<\/h3>\n\n\n\n<p>Med r\u00f8tter tilbake til 1983 har Nordic Cab v\u00e6rt en pioner innen produksjon av multifunksjonelle sykkelvogner. Som kanskje verdens eldste produsent p\u00e5 omr\u00e5det, har vi utviklet en dyp ekspertise og forst\u00e5else for hva som trengs for \u00e5 lage produkter av h\u00f8y kvalitet og funksjonalitet. Vi er stolte av v\u00e5r norske arv og v\u00e5re r\u00f8tter som en liten lokal bedrift p\u00e5 Hamar. Kundeservice er en kjerneverdi hos oss, og vi streber etter \u00e5 gi hver kunde enest\u00e5ende st\u00f8tte og veiledning gjennom hele deres Nordic Cab-opplevelse.<\/p>\n","protected":false},"excerpt":{"rendered":"<p>Verdi, Levetid og Komfort &#8211; for sm\u00e5 og store utforskere. Verdi Investering i Kvalitet: Nordic Cab Sykkelvogner og Barnepulker \u00c5 investere i en flerbruksvogn fra Nordic Cab er \u00e5 satse p\u00e5 langvarig verdi. V\u00e5re vogner er allsidige og fungerer \u00e5ret rundt, enten det er som l\u00f8pe-, g\u00e5-, eller sykkelvogn om sommeren, eller som barnepulk om [&hellip;]<\/p>\n","protected":false},"author":2,"featured_media":5437,"parent":0,"menu_order":0,"comment_status":"closed","ping_status":"closed","template":"","meta":{"_genesis_hide_title":false,"_genesis_hide_breadcrumbs":false,"_genesis_hide_singular_image":false,"_genesis_hide_footer_widgets":false,"_genesis_custom_body_class":"","_genesis_custom_post_class":"","_genesis_layout":"","footnotes":""},"class_list":{"0":"post-5479","1":"page","2":"type-page","3":"status-publish","4":"has-post-thumbnail","6":"entry"},"yoast_head":"<!-- This site is optimized with the Yoast SEO Premium plugin v26.0 (Yoast SEO v26.0) - https:\/\/yoast.com\/wordpress\/plugins\/seo\/ -->\n<title>Oppdag Nordisk Kvalitet: Multifunksjonelle Vogner fra Nordic Cab<\/title>\n<meta name=\"description\" content=\"Utforsk Nordic Cab&#039;s multifunksjonelle vogner - den ideelle l\u00f8sningen for aktive familier. Kvalitet, funksjonalitet og komfort i ett!\" \/>\n<meta name=\"robots\" content=\"index, follow, max-snippet:-1, max-image-preview:large, max-video-preview:-1\" \/>\n<link rel=\"canonical\" href=\"https:\/\/nordiccab.com\/no\/hvorfor-velge-nordic-cab\/\" \/>\n<meta property=\"og:locale\" content=\"nb_NO\" \/>\n<meta property=\"og:type\" content=\"article\" \/>\n<meta property=\"og:title\" content=\"Hvorfor velge Nordic Cab\" \/>\n<meta property=\"og:description\" content=\"Utforsk Nordic Cab&#039;s multifunksjonelle vogner - den ideelle l\u00f8sningen for aktive familier. Kvalitet, funksjonalitet og komfort i ett!\" \/>\n<meta property=\"og:url\" content=\"https:\/\/nordiccab.com\/no\/hvorfor-velge-nordic-cab\/\" \/>\n<meta property=\"og:site_name\" content=\"Nordic Cab\" \/>\n<meta property=\"article:publisher\" content=\"https:\/\/www.facebook.com\/nordiccab\" \/>\n<meta property=\"article:modified_time\" content=\"2024-05-01T08:48:20+00:00\" \/>\n<meta property=\"og:image\" content=\"https:\/\/nordiccab.com\/wp-content\/uploads\/2022\/08\/1.jpg\" \/>\n\t<meta property=\"og:image:width\" content=\"1000\" \/>\n\t<meta property=\"og:image:height\" content=\"379\" \/>\n\t<meta property=\"og:image:type\" content=\"image\/jpeg\" \/>\n<meta name=\"twitter:card\" content=\"summary_large_image\" \/>\n<meta name=\"twitter:label1\" content=\"Ansl. lesetid\" \/>\n\t<meta name=\"twitter:data1\" content=\"4 minutter\" \/>\n<script type=\"application\/ld+json\" class=\"yoast-schema-graph\">{\"@context\":\"https:\/\/schema.org\",\"@graph\":[{\"@type\":\"WebPage\",\"@id\":\"https:\/\/nordiccab.com\/no\/hvorfor-velge-nordic-cab\/\",\"url\":\"https:\/\/nordiccab.com\/no\/hvorfor-velge-nordic-cab\/\",\"name\":\"Oppdag Nordisk Kvalitet: Multifunksjonelle Vogner fra Nordic Cab\",\"isPartOf\":{\"@id\":\"https:\/\/nordiccab.com\/no\/#website\"},\"primaryImageOfPage\":{\"@id\":\"https:\/\/nordiccab.com\/no\/hvorfor-velge-nordic-cab\/#primaryimage\"},\"image\":{\"@id\":\"https:\/\/nordiccab.com\/no\/hvorfor-velge-nordic-cab\/#primaryimage\"},\"thumbnailUrl\":\"https:\/\/nordiccab.com\/wp-content\/uploads\/2022\/08\/1.jpg\",\"datePublished\":\"2022-08-17T11:42:58+00:00\",\"dateModified\":\"2024-05-01T08:48:20+00:00\",\"description\":\"Utforsk Nordic Cab's multifunksjonelle vogner - den ideelle l\u00f8sningen for aktive familier. Kvalitet, funksjonalitet og komfort i ett!\",\"breadcrumb\":{\"@id\":\"https:\/\/nordiccab.com\/no\/hvorfor-velge-nordic-cab\/#breadcrumb\"},\"inLanguage\":\"nb-NO\",\"potentialAction\":[{\"@type\":\"ReadAction\",\"target\":[\"https:\/\/nordiccab.com\/no\/hvorfor-velge-nordic-cab\/\"]}]},{\"@type\":\"ImageObject\",\"inLanguage\":\"nb-NO\",\"@id\":\"https:\/\/nordiccab.com\/no\/hvorfor-velge-nordic-cab\/#primaryimage\",\"url\":\"https:\/\/nordiccab.com\/wp-content\/uploads\/2022\/08\/1.jpg\",\"contentUrl\":\"https:\/\/nordiccab.com\/wp-content\/uploads\/2022\/08\/1.jpg\",\"width\":1000,\"height\":379,\"caption\":\"Alt=``\"},{\"@type\":\"BreadcrumbList\",\"@id\":\"https:\/\/nordiccab.com\/no\/hvorfor-velge-nordic-cab\/#breadcrumb\",\"itemListElement\":[{\"@type\":\"ListItem\",\"position\":1,\"name\":\"Home\",\"item\":\"https:\/\/nordiccab.com\/no\/\"},{\"@type\":\"ListItem\",\"position\":2,\"name\":\"Hvorfor velge Nordic Cab\"}]},{\"@type\":\"WebSite\",\"@id\":\"https:\/\/nordiccab.com\/no\/#website\",\"url\":\"https:\/\/nordiccab.com\/no\/\",\"name\":\"Nordic Cab\",\"description\":\"Start Life Exploring\",\"publisher\":{\"@id\":\"https:\/\/nordiccab.com\/no\/#organization\"},\"potentialAction\":[{\"@type\":\"SearchAction\",\"target\":{\"@type\":\"EntryPoint\",\"urlTemplate\":\"https:\/\/nordiccab.com\/no\/?s={search_term_string}\"},\"query-input\":{\"@type\":\"PropertyValueSpecification\",\"valueRequired\":true,\"valueName\":\"search_term_string\"}}],\"inLanguage\":\"nb-NO\"},{\"@type\":\"Organization\",\"@id\":\"https:\/\/nordiccab.com\/no\/#organization\",\"name\":\"Nordic Cab Solutions AS\",\"url\":\"https:\/\/nordiccab.com\/no\/\",\"logo\":{\"@type\":\"ImageObject\",\"inLanguage\":\"nb-NO\",\"@id\":\"https:\/\/nordiccab.com\/no\/#\/schema\/logo\/image\/\",\"url\":\"https:\/\/nordiccab.com\/wp-content\/uploads\/2022\/02\/NC-logo.svg\",\"contentUrl\":\"https:\/\/nordiccab.com\/wp-content\/uploads\/2022\/02\/NC-logo.svg\",\"width\":1,\"height\":1,\"caption\":\"Nordic Cab Solutions AS\"},\"image\":{\"@id\":\"https:\/\/nordiccab.com\/no\/#\/schema\/logo\/image\/\"},\"sameAs\":[\"https:\/\/www.facebook.com\/nordiccab\"]}]}<\/script>\n<!-- \/ Yoast SEO Premium plugin. -->","yoast_head_json":{"title":"Oppdag Nordisk Kvalitet: Multifunksjonelle Vogner fra Nordic Cab","description":"Utforsk Nordic Cab's multifunksjonelle vogner - den ideelle l\u00f8sningen for aktive familier. Kvalitet, funksjonalitet og komfort i ett!","robots":{"index":"index","follow":"follow","max-snippet":"max-snippet:-1","max-image-preview":"max-image-preview:large","max-video-preview":"max-video-preview:-1"},"canonical":"https:\/\/nordiccab.com\/no\/hvorfor-velge-nordic-cab\/","og_locale":"nb_NO","og_type":"article","og_title":"Hvorfor velge Nordic Cab","og_description":"Utforsk Nordic Cab's multifunksjonelle vogner - den ideelle l\u00f8sningen for aktive familier. Kvalitet, funksjonalitet og komfort i ett!","og_url":"https:\/\/nordiccab.com\/no\/hvorfor-velge-nordic-cab\/","og_site_name":"Nordic Cab","article_publisher":"https:\/\/www.facebook.com\/nordiccab","article_modified_time":"2024-05-01T08:48:20+00:00","og_image":[{"width":1000,"height":379,"url":"https:\/\/nordiccab.com\/wp-content\/uploads\/2022\/08\/1.jpg","type":"image\/jpeg"}],"twitter_card":"summary_large_image","twitter_misc":{"Ansl. lesetid":"4 minutter"},"schema":{"@context":"https:\/\/schema.org","@graph":[{"@type":"WebPage","@id":"https:\/\/nordiccab.com\/no\/hvorfor-velge-nordic-cab\/","url":"https:\/\/nordiccab.com\/no\/hvorfor-velge-nordic-cab\/","name":"Oppdag Nordisk Kvalitet: Multifunksjonelle Vogner fra Nordic Cab","isPartOf":{"@id":"https:\/\/nordiccab.com\/no\/#website"},"primaryImageOfPage":{"@id":"https:\/\/nordiccab.com\/no\/hvorfor-velge-nordic-cab\/#primaryimage"},"image":{"@id":"https:\/\/nordiccab.com\/no\/hvorfor-velge-nordic-cab\/#primaryimage"},"thumbnailUrl":"https:\/\/nordiccab.com\/wp-content\/uploads\/2022\/08\/1.jpg","datePublished":"2022-08-17T11:42:58+00:00","dateModified":"2024-05-01T08:48:20+00:00","description":"Utforsk Nordic Cab's multifunksjonelle vogner - den ideelle l\u00f8sningen for aktive familier. Kvalitet, funksjonalitet og komfort i ett!","breadcrumb":{"@id":"https:\/\/nordiccab.com\/no\/hvorfor-velge-nordic-cab\/#breadcrumb"},"inLanguage":"nb-NO","potentialAction":[{"@type":"ReadAction","target":["https:\/\/nordiccab.com\/no\/hvorfor-velge-nordic-cab\/"]}]},{"@type":"ImageObject","inLanguage":"nb-NO","@id":"https:\/\/nordiccab.com\/no\/hvorfor-velge-nordic-cab\/#primaryimage","url":"https:\/\/nordiccab.com\/wp-content\/uploads\/2022\/08\/1.jpg","contentUrl":"https:\/\/nordiccab.com\/wp-content\/uploads\/2022\/08\/1.jpg","width":1000,"height":379,"caption":"Alt=``"},{"@type":"BreadcrumbList","@id":"https:\/\/nordiccab.com\/no\/hvorfor-velge-nordic-cab\/#breadcrumb","itemListElement":[{"@type":"ListItem","position":1,"name":"Home","item":"https:\/\/nordiccab.com\/no\/"},{"@type":"ListItem","position":2,"name":"Hvorfor velge Nordic Cab"}]},{"@type":"WebSite","@id":"https:\/\/nordiccab.com\/no\/#website","url":"https:\/\/nordiccab.com\/no\/","name":"Nordic Cab","description":"Start Life Exploring","publisher":{"@id":"https:\/\/nordiccab.com\/no\/#organization"},"potentialAction":[{"@type":"SearchAction","target":{"@type":"EntryPoint","urlTemplate":"https:\/\/nordiccab.com\/no\/?s={search_term_string}"},"query-input":{"@type":"PropertyValueSpecification","valueRequired":true,"valueName":"search_term_string"}}],"inLanguage":"nb-NO"},{"@type":"Organization","@id":"https:\/\/nordiccab.com\/no\/#organization","name":"Nordic Cab Solutions AS","url":"https:\/\/nordiccab.com\/no\/","logo":{"@type":"ImageObject","inLanguage":"nb-NO","@id":"https:\/\/nordiccab.com\/no\/#\/schema\/logo\/image\/","url":"https:\/\/nordiccab.com\/wp-content\/uploads\/2022\/02\/NC-logo.svg","contentUrl":"https:\/\/nordiccab.com\/wp-content\/uploads\/2022\/02\/NC-logo.svg","width":1,"height":1,"caption":"Nordic Cab Solutions AS"},"image":{"@id":"https:\/\/nordiccab.com\/no\/#\/schema\/logo\/image\/"},"sameAs":["https:\/\/www.facebook.com\/nordiccab"]}]}},"featured_image_src":"https:\/\/nordiccab.com\/wp-content\/uploads\/2022\/08\/1-600x379.jpg","featured_image_src_square":"https:\/\/nordiccab.com\/wp-content\/uploads\/2022\/08\/1-600x379.jpg","_links":{"self":[{"href":"https:\/\/nordiccab.com\/no\/wp-json\/wp\/v2\/pages\/5479","targetHints":{"allow":["GET"]}}],"collection":[{"href":"https:\/\/nordiccab.com\/no\/wp-json\/wp\/v2\/pages"}],"about":[{"href":"https:\/\/nordiccab.com\/no\/wp-json\/wp\/v2\/types\/page"}],"author":[{"embeddable":true,"href":"https:\/\/nordiccab.com\/no\/wp-json\/wp\/v2\/users\/2"}],"replies":[{"embeddable":true,"href":"https:\/\/nordiccab.com\/no\/wp-json\/wp\/v2\/comments?post=5479"}],"version-history":[{"count":0,"href":"https:\/\/nordiccab.com\/no\/wp-json\/wp\/v2\/pages\/5479\/revisions"}],"wp:featuredmedia":[{"embeddable":true,"href":"https:\/\/nordiccab.com\/no\/wp-json\/wp\/v2\/media\/5437"}],"wp:attachment":[{"href":"https:\/\/nordiccab.com\/no\/wp-json\/wp\/v2\/media?parent=5479"}],"curies":[{"name":"wp","href":"https:\/\/api.w.org\/{rel}","templated":true}]}}