{"id":1847,"date":"2021-11-03T12:24:40","date_gmt":"2021-11-03T11:24:40","guid":{"rendered":"https:\/\/nordiccab.com\/?page_id=1847"},"modified":"2022-06-02T15:24:50","modified_gmt":"2022-06-02T13:24:50","slug":"personvernerklaering","status":"publish","type":"page","link":"https:\/\/nordiccab.com\/no\/personvernerklaering\/","title":{"rendered":"Personvernerkl\u00e6ring"},"content":{"rendered":"\n<p>Denne personvernerkl\u00e6ringen beskriver hvordan vi samler og behandler din persondata n\u00e5r du bes\u00f8ker nordiccab.com (heretter omtalt som Nettsiden).<\/p>\n\n\n\n<h2 class=\"wp-block-heading\">1. PERSONDATA VI SAMLER<\/h2>\n\n\n\n<p>N\u00e5r du bes\u00f8ker Nettsiden, samler vi automatisk inn informasjon om din enhet, nettleser, ip-adresse, tidssone, og hvilke cookies som vi har lagt opp p\u00e5 enheten din.<\/p>\n\n\n\n<p>I tillegg samler vi informasjon om hvilke sider og produkter du bes\u00f8ker p\u00e5 Nettsiden og hvilke s\u00f8k du gjennomf\u00f8rer p\u00e5 Nettsidens s\u00f8kefunksjon. Vi referer til denne automatisk-innsamlet informasjonen som <em>Enhetsdata<\/em>.<\/p>\n\n\n\n<p>Vi samler <em>Enhetsdata<\/em> ved hjelp av f\u00f8lgende teknologi:<\/p>\n\n\n\n<h3 class=\"wp-block-heading\">1.1 INFORMASJONSKAPSEL<\/h3>\n\n\n\n<p>Informasjonskapsel (cookie) er en liten datafile som blir lagret p\u00e5 enheten din, som ofte inneholder en anonym-identifikator. For mer informasjon om Cookies, eller hvordan du deaktiverer dem, bes\u00f8k <a href=\"https:\/\/www.allaboutcookies.org\/\">https:\/\/www.allaboutcookies.org\/<\/a>.<\/p>\n\n\n\n<p><a href=\"https:\/\/nordiccab.com\/no\/informasjonskapsler-som-er-i-bruk-pa-nordiccab-com\/\" data-type=\"URL\" data-id=\"https:\/\/nordiccab.com\/no\/informasjonskapsler-som-er-i-bruk-pa-nordiccab-com\/\">Les om informasjonskapslene vi bruker p\u00e5 nordiccab.com<\/a><\/p>\n\n\n\n<h3 class=\"wp-block-heading\">1.2 ANALYSEVERKT\u00d8Y<\/h3>\n\n\n\n<p>Analyseverkt\u00f8y sporer innlastning og handlinger p\u00e5 siden, dataen som blir lagret inkluderer IP-adresse, nettleser, internettleverand\u00f8r, henvisende sider og dato\/tid.<\/p>\n\n\n\n<h3 class=\"wp-block-heading\">1.3 PIKSLER<\/h3>\n\n\n\n<p>Piksler (pixels) er elektroniske filer som samler inn informasjon om bes\u00f8ket ditt p\u00e5 Nettsiden.<\/p>\n\n\n\n<h3 class=\"wp-block-heading\">1.4 ORDREDATA<\/h3>\n\n\n\n<p>N\u00e5r du foretar et kj\u00f8p eller fors\u00f8ker \u00e5 foreta et kj\u00f8p gjennom Nettsiden, samler vi informasjon om deg. Informasjonen er den du oppgir p\u00e5 skjemaet og inkluderer bl.a. navn, adresse, betalingsinformasjon, e-postadresse og telefonnummer. Vi referer til denne typen informasjon som <em>Ordredata<\/em>.<\/p>\n\n\n\n<h3 class=\"wp-block-heading\">1.5 PERSONDATA<\/h3>\n\n\n\n<p>N\u00e5r vi skriver om <em>Persondata<\/em> i personvernerkl\u00e6ringen, s\u00e5 mener vi b\u00e5de <em>Enhetsdata<\/em> og <em>Ordredata<\/em>.<\/p>\n\n\n\n<h2 class=\"wp-block-heading\">2. HVORDAN BENYTTER VI DINE PERSONDATA?<\/h2>\n\n\n\n<p>Vi benytter <em>Ordredata<\/em> til \u00e5 gjennomf\u00f8re og levere bestillinger foretatt gjennom Nettsiden, og til \u00e5 kommunisere med deg om bestillingen. I tillegg kan vi benytte <em>Ordredata<\/em> til \u00e5 vurdere risiko for bedrageri.<\/p>\n\n\n\n<p>Vi bruker <em>Enhetsdata<\/em> til \u00e5 forbedre og optimalisere Nettsiden. F.eks. kartlegge hvordan v\u00e5re kunder navigerer og interagerer med Nettsiden, og til \u00e5 analyser hvor v\u00e5re bruker kommer fra, f.eks. for \u00e5 vurdere effekt av annonsering og kampanjer. Vi benytter ogs\u00e5 <em>Enhetsdata<\/em> til \u00e5 filtrere ut potensielt bedrageri (da spesielt ip-adresser).<\/p>\n\n\n\n<h2 class=\"wp-block-heading\">3. DELING AV DIN PERSONDATA<\/h2>\n\n\n\n<p>Vi deler din <em>Persondata<\/em> med tredjeparter for \u00e5 hjelpe oss \u00e5 benytte dataen til form\u00e5let forklart over. Vi bruker Google Analytics for \u00e5 bedre forst\u00e5 hvordan kunder benytter Nettsiden. Du kan lese mer om hvordan Google bruker din <em>Persondata<\/em> her: <a href=\"https:\/\/www.google.com\/intl\/en\/policies\/privacy\/\">https:\/\/www.google.com\/intl\/en\/policies\/privacy\/<\/a><\/p>\n\n\n\n<p>Du kan ogs\u00e5 velge \u00e5 avst\u00e5 fra datadeling med Google Analytics her: <a href=\"https:\/\/tools.google.com\/dlpage\/gaoptout\">https:\/\/tools.google.com\/dlpage\/gaoptout<\/a><\/p>\n\n\n\n<p>Vi vil ogs\u00e5 lagre og dele din <em>Persondata<\/em> der det er behov for \u00e5 innrette oss etter lover og regler som statlige organ p\u00e5legger oss (f.eks. Lov om bokf\u00f8ring). Dette gjelder ogs\u00e5 rettskraftige foresp\u00f8rsler som politiordre.<\/p>\n\n\n\n<h2 class=\"wp-block-heading\">4. ANNONSERING BASERT P\u00c5 ADFERD<\/h2>\n\n\n\n<p>Vi benytter <em>Persondata<\/em> til m\u00e5lrettet annonsering og markedsf\u00f8ring p\u00e5 det vi anser relevant for deg. For mer informasjon rundt nettverks annonsering kan du lese innholdet p\u00e5 denne siden: <a href=\"http:\/\/www.networkadvertising.org\/understanding-online-advertising\/how-does-it-work\">http:\/\/www.networkadvertising.org\/understanding-online-advertising\/how-does-it-work<\/a>.<\/p>\n\n\n\n<p>Du kan melde deg av m\u00e5lrettet annonsering her:<br>&nbsp;&nbsp;&nbsp;&nbsp;FACEBOOK &#8211; <a href=\"https:\/\/www.facebook.com\/settings\/?tab=ads\">https:\/\/www.facebook.com\/settings\/?tab=ads<\/a><br>    GOOGLE &#8211; <a href=\"https:\/\/www.google.com\/settings\/ads\/anonymous\">https:\/\/www.google.com\/settings\/ads\/anonymous<\/a><\/p>\n\n\n\n<p>Det er ogs\u00e5 mulig \u00e5 melde seg av andre tjenester. Les mer p\u00e5 <em>Digital Advertising Alliance\u2019s opt-out portal <\/em>her: <a href=\"http:\/\/optout.aboutads.info\/\">http:\/\/optout.aboutads.info\/<\/a><\/p>\n\n\n\n<h2 class=\"wp-block-heading\">5. IKKE SPOR<\/h2>\n\n\n\n<p>Nettsiden er ikke satt opp til \u00e5 endre funksjonalitet ved bruk av \u201cIkke Spor\u201d (Do Not Track) signal fra din nettleser.<\/p>\n\n\n\n<h2 class=\"wp-block-heading\">6. DINE RETTIGHETER<\/h2>\n\n\n\n<p>Dersom du er bosatt i Europa, vil du ha rett til \u00e5 f\u00e5 fremvist all data vi har lagret p\u00e5 deg. Du kan ogs\u00e5 be om \u00e5 f\u00e5 din <em>Persondata<\/em>, endret eller slettet. Dersom du \u00f8nsker \u00e5 benytte deg av disse rettighetene s\u00e5 vennligst bruk kontaktinformasjonen v\u00e5r under.<\/p>\n\n\n\n<p>Vi prosesserer din <em>Persondata<\/em> for \u00e5 fullf\u00f8re bestillinger. Denne prosesseringen vil kunne skje utenfor Europa, inkludert Canada og USA.<\/p>\n\n\n\n<h2 class=\"wp-block-heading\">7. LAGRING AV DATA<\/h2>\n\n\n\n<p>N\u00e5r du legger inn en bestilling gjennom Nettsiden, vil vi lagre <em>Ordredata<\/em> med mindre du eksplisitt ber oss om \u00e5 slette den. All <em>Ordredata<\/em> som vi er p\u00e5lagt gjennom lov \u00e5 ta vare p\u00e5, vil ikke bli slettet f\u00f8r de lovp\u00e5lagte fristene er g\u00e5tt ut.<\/p>\n\n\n\n<h2 class=\"wp-block-heading\">8. ENDRINGER<\/h2>\n\n\n\n<p>Vi gj\u00f8r l\u00f8pende endringer p\u00e5 denne personvernerkl\u00e6ringen, dersom vi endrer rutiner rundt h\u00e5ndtering av <em>Persondata<\/em> eller av lovmessige \u00e5rsaker m\u00e5 oppdatere teksten.<\/p>\n\n\n\n<h2 class=\"wp-block-heading\">9. Kontakt<\/h2>\n\n\n\n<p>Har du sp\u00f8rsm\u00e5l, tilbakemeldinger eller klager i forhold til hvordan vi h\u00e5ndterer <em>Persondata<\/em>, vennligst kontakt oss gjennom skjemaet: <a href=\"https:\/\/nordiccab.com\/no\/kontakt-oss\/\">https:\/\/nordiccab.com\/contact-us\/<\/a>\u00a0\u2013 eller bruk post: <em>Nordic Cab Solutions AS, Gr\u00f8nnegata 144, 2317 Hamar, NORWAY<\/em><\/p>\n","protected":false},"excerpt":{"rendered":"<p>Denne personvernerkl\u00e6ringen beskriver hvordan vi samler og behandler din persondata n\u00e5r du bes\u00f8ker nordiccab.com (heretter omtalt som Nettsiden). 1. PERSONDATA VI SAMLER N\u00e5r du bes\u00f8ker Nettsiden, samler vi automatisk inn informasjon om din enhet, nettleser, ip-adresse, tidssone, og hvilke cookies som vi har lagt opp p\u00e5 enheten din. I tillegg samler vi informasjon om hvilke [&hellip;]<\/p>\n","protected":false},"author":1,"featured_media":0,"parent":0,"menu_order":0,"comment_status":"closed","ping_status":"closed","template":"","meta":{"_genesis_hide_title":false,"_genesis_hide_breadcrumbs":false,"_genesis_hide_singular_image":false,"_genesis_hide_footer_widgets":false,"_genesis_custom_body_class":"","_genesis_custom_post_class":"","_genesis_layout":"","footnotes":""},"class_list":{"0":"post-1847","1":"page","2":"type-page","3":"status-publish","5":"entry"},"yoast_head":"<!-- This site is optimized with the Yoast SEO Premium plugin v26.0 (Yoast SEO v26.0) - https:\/\/yoast.com\/wordpress\/plugins\/seo\/ -->\n<title>Personvernerkl\u00e6ring - Nordic Cab<\/title>\n<meta name=\"description\" content=\"Denne personvernerkl\u00e6ringen beskriver hvordan vi samler og behandler din persondata n\u00e5r du bes\u00f8ker nordiccab.com (heretter omtalt som Nettsiden). 1.\" \/>\n<meta name=\"robots\" content=\"index, follow, max-snippet:-1, max-image-preview:large, max-video-preview:-1\" \/>\n<link rel=\"canonical\" href=\"https:\/\/nordiccab.com\/no\/personvernerklaering\/\" \/>\n<meta property=\"og:locale\" content=\"nb_NO\" \/>\n<meta property=\"og:type\" content=\"article\" \/>\n<meta property=\"og:title\" content=\"Personvernerkl\u00e6ring\" \/>\n<meta property=\"og:description\" content=\"Denne personvernerkl\u00e6ringen beskriver hvordan vi samler og behandler din persondata n\u00e5r du bes\u00f8ker nordiccab.com (heretter omtalt som Nettsiden). 1.\" \/>\n<meta property=\"og:url\" content=\"https:\/\/nordiccab.com\/no\/personvernerklaering\/\" \/>\n<meta property=\"og:site_name\" content=\"Nordic Cab\" \/>\n<meta property=\"article:publisher\" content=\"https:\/\/www.facebook.com\/nordiccab\" \/>\n<meta property=\"article:modified_time\" content=\"2022-06-02T13:24:50+00:00\" \/>\n<meta property=\"og:image\" content=\"https:\/\/nordiccab.com\/wp-content\/uploads\/2023\/04\/Logo-med-flagg-1200x675-1.png\" \/>\n\t<meta property=\"og:image:width\" content=\"1200\" \/>\n\t<meta property=\"og:image:height\" content=\"675\" \/>\n\t<meta property=\"og:image:type\" content=\"image\/png\" \/>\n<meta name=\"twitter:card\" content=\"summary_large_image\" \/>\n<meta name=\"twitter:label1\" content=\"Ansl. lesetid\" \/>\n\t<meta name=\"twitter:data1\" content=\"3 minutter\" \/>\n<script type=\"application\/ld+json\" class=\"yoast-schema-graph\">{\"@context\":\"https:\/\/schema.org\",\"@graph\":[{\"@type\":\"WebPage\",\"@id\":\"https:\/\/nordiccab.com\/no\/personvernerklaering\/\",\"url\":\"https:\/\/nordiccab.com\/no\/personvernerklaering\/\",\"name\":\"Personvernerkl\u00e6ring - Nordic Cab\",\"isPartOf\":{\"@id\":\"https:\/\/nordiccab.com\/no\/#website\"},\"datePublished\":\"2021-11-03T11:24:40+00:00\",\"dateModified\":\"2022-06-02T13:24:50+00:00\",\"description\":\"Denne personvernerkl\u00e6ringen beskriver hvordan vi samler og behandler din persondata n\u00e5r du bes\u00f8ker nordiccab.com (heretter omtalt som Nettsiden). 1.\",\"breadcrumb\":{\"@id\":\"https:\/\/nordiccab.com\/no\/personvernerklaering\/#breadcrumb\"},\"inLanguage\":\"nb-NO\",\"potentialAction\":[{\"@type\":\"ReadAction\",\"target\":[\"https:\/\/nordiccab.com\/no\/personvernerklaering\/\"]}]},{\"@type\":\"BreadcrumbList\",\"@id\":\"https:\/\/nordiccab.com\/no\/personvernerklaering\/#breadcrumb\",\"itemListElement\":[{\"@type\":\"ListItem\",\"position\":1,\"name\":\"Home\",\"item\":\"https:\/\/nordiccab.com\/no\/\"},{\"@type\":\"ListItem\",\"position\":2,\"name\":\"Personvernerkl\u00e6ring\"}]},{\"@type\":\"WebSite\",\"@id\":\"https:\/\/nordiccab.com\/no\/#website\",\"url\":\"https:\/\/nordiccab.com\/no\/\",\"name\":\"Nordic Cab\",\"description\":\"Start Life Exploring\",\"publisher\":{\"@id\":\"https:\/\/nordiccab.com\/no\/#organization\"},\"potentialAction\":[{\"@type\":\"SearchAction\",\"target\":{\"@type\":\"EntryPoint\",\"urlTemplate\":\"https:\/\/nordiccab.com\/no\/?s={search_term_string}\"},\"query-input\":{\"@type\":\"PropertyValueSpecification\",\"valueRequired\":true,\"valueName\":\"search_term_string\"}}],\"inLanguage\":\"nb-NO\"},{\"@type\":\"Organization\",\"@id\":\"https:\/\/nordiccab.com\/no\/#organization\",\"name\":\"Nordic Cab Solutions AS\",\"url\":\"https:\/\/nordiccab.com\/no\/\",\"logo\":{\"@type\":\"ImageObject\",\"inLanguage\":\"nb-NO\",\"@id\":\"https:\/\/nordiccab.com\/no\/#\/schema\/logo\/image\/\",\"url\":\"https:\/\/nordiccab.com\/wp-content\/uploads\/2022\/02\/NC-logo.svg\",\"contentUrl\":\"https:\/\/nordiccab.com\/wp-content\/uploads\/2022\/02\/NC-logo.svg\",\"width\":1,\"height\":1,\"caption\":\"Nordic Cab Solutions AS\"},\"image\":{\"@id\":\"https:\/\/nordiccab.com\/no\/#\/schema\/logo\/image\/\"},\"sameAs\":[\"https:\/\/www.facebook.com\/nordiccab\"]}]}<\/script>\n<!-- \/ Yoast SEO Premium plugin. -->","yoast_head_json":{"title":"Personvernerkl\u00e6ring - Nordic Cab","description":"Denne personvernerkl\u00e6ringen beskriver hvordan vi samler og behandler din persondata n\u00e5r du bes\u00f8ker nordiccab.com (heretter omtalt som Nettsiden). 1.","robots":{"index":"index","follow":"follow","max-snippet":"max-snippet:-1","max-image-preview":"max-image-preview:large","max-video-preview":"max-video-preview:-1"},"canonical":"https:\/\/nordiccab.com\/no\/personvernerklaering\/","og_locale":"nb_NO","og_type":"article","og_title":"Personvernerkl\u00e6ring","og_description":"Denne personvernerkl\u00e6ringen beskriver hvordan vi samler og behandler din persondata n\u00e5r du bes\u00f8ker nordiccab.com (heretter omtalt som Nettsiden). 1.","og_url":"https:\/\/nordiccab.com\/no\/personvernerklaering\/","og_site_name":"Nordic Cab","article_publisher":"https:\/\/www.facebook.com\/nordiccab","article_modified_time":"2022-06-02T13:24:50+00:00","og_image":[{"width":1200,"height":675,"url":"https:\/\/nordiccab.com\/wp-content\/uploads\/2023\/04\/Logo-med-flagg-1200x675-1.png","type":"image\/png"}],"twitter_card":"summary_large_image","twitter_misc":{"Ansl. lesetid":"3 minutter"},"schema":{"@context":"https:\/\/schema.org","@graph":[{"@type":"WebPage","@id":"https:\/\/nordiccab.com\/no\/personvernerklaering\/","url":"https:\/\/nordiccab.com\/no\/personvernerklaering\/","name":"Personvernerkl\u00e6ring - Nordic Cab","isPartOf":{"@id":"https:\/\/nordiccab.com\/no\/#website"},"datePublished":"2021-11-03T11:24:40+00:00","dateModified":"2022-06-02T13:24:50+00:00","description":"Denne personvernerkl\u00e6ringen beskriver hvordan vi samler og behandler din persondata n\u00e5r du bes\u00f8ker nordiccab.com (heretter omtalt som Nettsiden). 1.","breadcrumb":{"@id":"https:\/\/nordiccab.com\/no\/personvernerklaering\/#breadcrumb"},"inLanguage":"nb-NO","potentialAction":[{"@type":"ReadAction","target":["https:\/\/nordiccab.com\/no\/personvernerklaering\/"]}]},{"@type":"BreadcrumbList","@id":"https:\/\/nordiccab.com\/no\/personvernerklaering\/#breadcrumb","itemListElement":[{"@type":"ListItem","position":1,"name":"Home","item":"https:\/\/nordiccab.com\/no\/"},{"@type":"ListItem","position":2,"name":"Personvernerkl\u00e6ring"}]},{"@type":"WebSite","@id":"https:\/\/nordiccab.com\/no\/#website","url":"https:\/\/nordiccab.com\/no\/","name":"Nordic Cab","description":"Start Life Exploring","publisher":{"@id":"https:\/\/nordiccab.com\/no\/#organization"},"potentialAction":[{"@type":"SearchAction","target":{"@type":"EntryPoint","urlTemplate":"https:\/\/nordiccab.com\/no\/?s={search_term_string}"},"query-input":{"@type":"PropertyValueSpecification","valueRequired":true,"valueName":"search_term_string"}}],"inLanguage":"nb-NO"},{"@type":"Organization","@id":"https:\/\/nordiccab.com\/no\/#organization","name":"Nordic Cab Solutions AS","url":"https:\/\/nordiccab.com\/no\/","logo":{"@type":"ImageObject","inLanguage":"nb-NO","@id":"https:\/\/nordiccab.com\/no\/#\/schema\/logo\/image\/","url":"https:\/\/nordiccab.com\/wp-content\/uploads\/2022\/02\/NC-logo.svg","contentUrl":"https:\/\/nordiccab.com\/wp-content\/uploads\/2022\/02\/NC-logo.svg","width":1,"height":1,"caption":"Nordic Cab Solutions AS"},"image":{"@id":"https:\/\/nordiccab.com\/no\/#\/schema\/logo\/image\/"},"sameAs":["https:\/\/www.facebook.com\/nordiccab"]}]}},"featured_image_src":null,"featured_image_src_square":null,"_links":{"self":[{"href":"https:\/\/nordiccab.com\/no\/wp-json\/wp\/v2\/pages\/1847","targetHints":{"allow":["GET"]}}],"collection":[{"href":"https:\/\/nordiccab.com\/no\/wp-json\/wp\/v2\/pages"}],"about":[{"href":"https:\/\/nordiccab.com\/no\/wp-json\/wp\/v2\/types\/page"}],"author":[{"embeddable":true,"href":"https:\/\/nordiccab.com\/no\/wp-json\/wp\/v2\/users\/1"}],"replies":[{"embeddable":true,"href":"https:\/\/nordiccab.com\/no\/wp-json\/wp\/v2\/comments?post=1847"}],"version-history":[{"count":0,"href":"https:\/\/nordiccab.com\/no\/wp-json\/wp\/v2\/pages\/1847\/revisions"}],"wp:attachment":[{"href":"https:\/\/nordiccab.com\/no\/wp-json\/wp\/v2\/media?parent=1847"}],"curies":[{"name":"wp","href":"https:\/\/api.w.org\/{rel}","templated":true}]}}