{"id":1726,"date":"2024-06-08T09:42:05","date_gmt":"2024-06-08T07:42:05","guid":{"rendered":"https:\/\/nordiccab.com\/?page_id=1726"},"modified":"2025-08-18T10:54:45","modified_gmt":"2025-08-18T08:54:45","slug":"sykkelvogn-gratis-frakt","status":"publish","type":"page","link":"https:\/\/nordiccab.com\/no\/sykkelvogn-gratis-frakt\/","title":{"rendered":"Gratis frakt"},"content":{"rendered":"\n<h2 class=\"wp-block-heading has-large-font-size\" id=\"h-frakt\">Frakt<\/h2>\n\n\n\n<p><strong>Gratis frakt<\/strong> ved kj\u00f8p av sykkelvogn, pulk, vogn og b\u00e6remeis. Leveringstid 1-3 dager<br>N\u00e5r du kj\u00f8per en sykkelvogn, pulk eller b\u00e6remeis fra oss, kan du glede deg over gratis frakt for alle ordre over 1 000kr. For bestillinger under dette bel\u00f8pet er fraktkostnadene 149 NOK for levering i Norge og 249 SEK for levering i Sverige.<\/p>\n\n\n\n<h3 class=\"wp-block-heading has-large-font-size\" id=\"h-leveringstid\">Leveringstid: <\/h3>\n\n\n\n<p>Vi leverer raskt, og bestillinger f\u00f8r kl 10 sendes normalt samme dag. V\u00e5r normale leveringstid er mellom 1-3 virkedager, s\u00e5 du kan raskt f\u00e5 glede av ditt nye produkt.<br><strong>\u00d8stlandsomr\u00e5det<\/strong>: 1-2 virkedager<br><strong>S\u00f8r, vest og midt-Norge<\/strong>: 2-3 virkedager<br><strong>Nord-Norge<\/strong>: 3-4 virkedager<\/p>\n\n\n\n<h3 class=\"wp-block-heading has-large-font-size\" id=\"h-hente-selv\">Hente selv:<\/h3>\n\n\n\n<p>\u00d8nsker du \u00e5 hente din nye sykkelvogn, pulk eller b\u00e6remeis selv? Du kan hente den direkte fra v\u00e5rt showroom p\u00e5 <strong>Hamar<\/strong> eller v\u00e5rt lager i <strong>Vestby<\/strong>. Ta kontakt med oss p\u00e5 e-post til info@ncsolutions.no for \u00e5 avtale henting. NB! Du kan ikke velge &laquo;hente selv&raquo; i nettbutikken s\u00e5 dette m\u00e5 avtales f\u00f8r du legger inn ordren.<\/p>\n\n\n\n<h3 class=\"wp-block-heading has-large-font-size\" id=\"h-ekspresslevering\">Ekspresslevering:<\/h3>\n\n\n\n<p>Trenger du den ekstra raskt? Vi tilbyr ogs\u00e5 ekspresslevering. Kontakt oss via e-post info@ncsolutions.no for \u00e5 ordne dette.<\/p>\n","protected":false},"excerpt":{"rendered":"<p>Frakt Gratis frakt ved kj\u00f8p av sykkelvogn, pulk, vogn og b\u00e6remeis. Leveringstid 1-3 dagerN\u00e5r du kj\u00f8per en sykkelvogn, pulk eller b\u00e6remeis fra oss, kan du glede deg over gratis frakt for alle ordre over 1 000kr. For bestillinger under dette bel\u00f8pet er fraktkostnadene 149 NOK for levering i Norge og 249 SEK for levering i [&hellip;]<\/p>\n","protected":false},"author":2,"featured_media":0,"parent":0,"menu_order":0,"comment_status":"closed","ping_status":"closed","template":"","meta":{"_genesis_hide_title":false,"_genesis_hide_breadcrumbs":false,"_genesis_hide_singular_image":false,"_genesis_hide_footer_widgets":false,"_genesis_custom_body_class":"","_genesis_custom_post_class":"","_genesis_layout":"","footnotes":""},"class_list":{"0":"post-1726","1":"page","2":"type-page","3":"status-publish","5":"entry"},"yoast_head":"<!-- This site is optimized with the Yoast SEO Premium plugin v26.0 (Yoast SEO v26.0) - https:\/\/yoast.com\/wordpress\/plugins\/seo\/ -->\n<title>Gratis frakt p\u00e5 sykkelvogner og pulker \u2013 Rask levering<\/title>\n<meta name=\"description\" content=\"Bestill din sykkelvogn, pulk eller b\u00e6remeis i dag og f\u00e5 gratis frakt. Gratis frakt ved kj\u00f8p over 1 000 NOK. Leveringstid 1-3 dager!\" \/>\n<meta name=\"robots\" content=\"index, follow, max-snippet:-1, max-image-preview:large, max-video-preview:-1\" \/>\n<link rel=\"canonical\" href=\"https:\/\/nordiccab.com\/no\/sykkelvogn-gratis-frakt\/\" \/>\n<meta property=\"og:locale\" content=\"nb_NO\" \/>\n<meta property=\"og:type\" content=\"article\" \/>\n<meta property=\"og:title\" content=\"Gratis frakt\" \/>\n<meta property=\"og:description\" content=\"Bestill din sykkelvogn, pulk eller b\u00e6remeis i dag og f\u00e5 gratis frakt. Gratis frakt ved kj\u00f8p over 1 000 NOK. Leveringstid 1-3 dager!\" \/>\n<meta property=\"og:url\" content=\"https:\/\/nordiccab.com\/no\/sykkelvogn-gratis-frakt\/\" \/>\n<meta property=\"og:site_name\" content=\"Nordic Cab\" \/>\n<meta property=\"article:publisher\" content=\"https:\/\/www.facebook.com\/nordiccab\" \/>\n<meta property=\"article:modified_time\" content=\"2025-08-18T08:54:45+00:00\" \/>\n<meta property=\"og:image\" content=\"https:\/\/nordiccab.com\/wp-content\/uploads\/2023\/04\/Logo-med-flagg-1200x675-1.png\" \/>\n\t<meta property=\"og:image:width\" content=\"1200\" \/>\n\t<meta property=\"og:image:height\" content=\"675\" \/>\n\t<meta property=\"og:image:type\" content=\"image\/png\" \/>\n<meta name=\"twitter:card\" content=\"summary_large_image\" \/>\n<meta name=\"twitter:label1\" content=\"Ansl. lesetid\" \/>\n\t<meta name=\"twitter:data1\" content=\"1 minutt\" \/>\n<script type=\"application\/ld+json\" class=\"yoast-schema-graph\">{\"@context\":\"https:\/\/schema.org\",\"@graph\":[{\"@type\":\"WebPage\",\"@id\":\"https:\/\/nordiccab.com\/no\/sykkelvogn-gratis-frakt\/\",\"url\":\"https:\/\/nordiccab.com\/no\/sykkelvogn-gratis-frakt\/\",\"name\":\"Gratis frakt p\u00e5 sykkelvogner og pulker \u2013 Rask levering\",\"isPartOf\":{\"@id\":\"https:\/\/nordiccab.com\/no\/#website\"},\"datePublished\":\"2024-06-08T07:42:05+00:00\",\"dateModified\":\"2025-08-18T08:54:45+00:00\",\"description\":\"Bestill din sykkelvogn, pulk eller b\u00e6remeis i dag og f\u00e5 gratis frakt. Gratis frakt ved kj\u00f8p over 1 000 NOK. Leveringstid 1-3 dager!\",\"breadcrumb\":{\"@id\":\"https:\/\/nordiccab.com\/no\/sykkelvogn-gratis-frakt\/#breadcrumb\"},\"inLanguage\":\"nb-NO\",\"potentialAction\":[{\"@type\":\"ReadAction\",\"target\":[\"https:\/\/nordiccab.com\/no\/sykkelvogn-gratis-frakt\/\"]}]},{\"@type\":\"BreadcrumbList\",\"@id\":\"https:\/\/nordiccab.com\/no\/sykkelvogn-gratis-frakt\/#breadcrumb\",\"itemListElement\":[{\"@type\":\"ListItem\",\"position\":1,\"name\":\"Home\",\"item\":\"https:\/\/nordiccab.com\/no\/\"},{\"@type\":\"ListItem\",\"position\":2,\"name\":\"Gratis frakt\"}]},{\"@type\":\"WebSite\",\"@id\":\"https:\/\/nordiccab.com\/no\/#website\",\"url\":\"https:\/\/nordiccab.com\/no\/\",\"name\":\"Nordic Cab\",\"description\":\"Start Life Exploring\",\"publisher\":{\"@id\":\"https:\/\/nordiccab.com\/no\/#organization\"},\"potentialAction\":[{\"@type\":\"SearchAction\",\"target\":{\"@type\":\"EntryPoint\",\"urlTemplate\":\"https:\/\/nordiccab.com\/no\/?s={search_term_string}\"},\"query-input\":{\"@type\":\"PropertyValueSpecification\",\"valueRequired\":true,\"valueName\":\"search_term_string\"}}],\"inLanguage\":\"nb-NO\"},{\"@type\":\"Organization\",\"@id\":\"https:\/\/nordiccab.com\/no\/#organization\",\"name\":\"Nordic Cab Solutions AS\",\"url\":\"https:\/\/nordiccab.com\/no\/\",\"logo\":{\"@type\":\"ImageObject\",\"inLanguage\":\"nb-NO\",\"@id\":\"https:\/\/nordiccab.com\/no\/#\/schema\/logo\/image\/\",\"url\":\"https:\/\/nordiccab.com\/wp-content\/uploads\/2022\/02\/NC-logo.svg\",\"contentUrl\":\"https:\/\/nordiccab.com\/wp-content\/uploads\/2022\/02\/NC-logo.svg\",\"width\":1,\"height\":1,\"caption\":\"Nordic Cab Solutions AS\"},\"image\":{\"@id\":\"https:\/\/nordiccab.com\/no\/#\/schema\/logo\/image\/\"},\"sameAs\":[\"https:\/\/www.facebook.com\/nordiccab\"]}]}<\/script>\n<!-- \/ Yoast SEO Premium plugin. -->","yoast_head_json":{"title":"Gratis frakt p\u00e5 sykkelvogner og pulker \u2013 Rask levering","description":"Bestill din sykkelvogn, pulk eller b\u00e6remeis i dag og f\u00e5 gratis frakt. Gratis frakt ved kj\u00f8p over 1 000 NOK. Leveringstid 1-3 dager!","robots":{"index":"index","follow":"follow","max-snippet":"max-snippet:-1","max-image-preview":"max-image-preview:large","max-video-preview":"max-video-preview:-1"},"canonical":"https:\/\/nordiccab.com\/no\/sykkelvogn-gratis-frakt\/","og_locale":"nb_NO","og_type":"article","og_title":"Gratis frakt","og_description":"Bestill din sykkelvogn, pulk eller b\u00e6remeis i dag og f\u00e5 gratis frakt. Gratis frakt ved kj\u00f8p over 1 000 NOK. Leveringstid 1-3 dager!","og_url":"https:\/\/nordiccab.com\/no\/sykkelvogn-gratis-frakt\/","og_site_name":"Nordic Cab","article_publisher":"https:\/\/www.facebook.com\/nordiccab","article_modified_time":"2025-08-18T08:54:45+00:00","og_image":[{"width":1200,"height":675,"url":"https:\/\/nordiccab.com\/wp-content\/uploads\/2023\/04\/Logo-med-flagg-1200x675-1.png","type":"image\/png"}],"twitter_card":"summary_large_image","twitter_misc":{"Ansl. lesetid":"1 minutt"},"schema":{"@context":"https:\/\/schema.org","@graph":[{"@type":"WebPage","@id":"https:\/\/nordiccab.com\/no\/sykkelvogn-gratis-frakt\/","url":"https:\/\/nordiccab.com\/no\/sykkelvogn-gratis-frakt\/","name":"Gratis frakt p\u00e5 sykkelvogner og pulker \u2013 Rask levering","isPartOf":{"@id":"https:\/\/nordiccab.com\/no\/#website"},"datePublished":"2024-06-08T07:42:05+00:00","dateModified":"2025-08-18T08:54:45+00:00","description":"Bestill din sykkelvogn, pulk eller b\u00e6remeis i dag og f\u00e5 gratis frakt. Gratis frakt ved kj\u00f8p over 1 000 NOK. Leveringstid 1-3 dager!","breadcrumb":{"@id":"https:\/\/nordiccab.com\/no\/sykkelvogn-gratis-frakt\/#breadcrumb"},"inLanguage":"nb-NO","potentialAction":[{"@type":"ReadAction","target":["https:\/\/nordiccab.com\/no\/sykkelvogn-gratis-frakt\/"]}]},{"@type":"BreadcrumbList","@id":"https:\/\/nordiccab.com\/no\/sykkelvogn-gratis-frakt\/#breadcrumb","itemListElement":[{"@type":"ListItem","position":1,"name":"Home","item":"https:\/\/nordiccab.com\/no\/"},{"@type":"ListItem","position":2,"name":"Gratis frakt"}]},{"@type":"WebSite","@id":"https:\/\/nordiccab.com\/no\/#website","url":"https:\/\/nordiccab.com\/no\/","name":"Nordic Cab","description":"Start Life Exploring","publisher":{"@id":"https:\/\/nordiccab.com\/no\/#organization"},"potentialAction":[{"@type":"SearchAction","target":{"@type":"EntryPoint","urlTemplate":"https:\/\/nordiccab.com\/no\/?s={search_term_string}"},"query-input":{"@type":"PropertyValueSpecification","valueRequired":true,"valueName":"search_term_string"}}],"inLanguage":"nb-NO"},{"@type":"Organization","@id":"https:\/\/nordiccab.com\/no\/#organization","name":"Nordic Cab Solutions AS","url":"https:\/\/nordiccab.com\/no\/","logo":{"@type":"ImageObject","inLanguage":"nb-NO","@id":"https:\/\/nordiccab.com\/no\/#\/schema\/logo\/image\/","url":"https:\/\/nordiccab.com\/wp-content\/uploads\/2022\/02\/NC-logo.svg","contentUrl":"https:\/\/nordiccab.com\/wp-content\/uploads\/2022\/02\/NC-logo.svg","width":1,"height":1,"caption":"Nordic Cab Solutions AS"},"image":{"@id":"https:\/\/nordiccab.com\/no\/#\/schema\/logo\/image\/"},"sameAs":["https:\/\/www.facebook.com\/nordiccab"]}]}},"featured_image_src":null,"featured_image_src_square":null,"_links":{"self":[{"href":"https:\/\/nordiccab.com\/no\/wp-json\/wp\/v2\/pages\/1726","targetHints":{"allow":["GET"]}}],"collection":[{"href":"https:\/\/nordiccab.com\/no\/wp-json\/wp\/v2\/pages"}],"about":[{"href":"https:\/\/nordiccab.com\/no\/wp-json\/wp\/v2\/types\/page"}],"author":[{"embeddable":true,"href":"https:\/\/nordiccab.com\/no\/wp-json\/wp\/v2\/users\/2"}],"replies":[{"embeddable":true,"href":"https:\/\/nordiccab.com\/no\/wp-json\/wp\/v2\/comments?post=1726"}],"version-history":[{"count":3,"href":"https:\/\/nordiccab.com\/no\/wp-json\/wp\/v2\/pages\/1726\/revisions"}],"predecessor-version":[{"id":30829,"href":"https:\/\/nordiccab.com\/no\/wp-json\/wp\/v2\/pages\/1726\/revisions\/30829"}],"wp:attachment":[{"href":"https:\/\/nordiccab.com\/no\/wp-json\/wp\/v2\/media?parent=1726"}],"curies":[{"name":"wp","href":"https:\/\/api.w.org\/{rel}","templated":true}]}}