{"id":11561,"date":"2023-04-28T11:32:05","date_gmt":"2023-04-28T09:32:05","guid":{"rendered":"https:\/\/nordiccab.com\/?page_id=11561"},"modified":"2023-05-03T12:32:18","modified_gmt":"2023-05-03T10:32:18","slug":"vedlikehold-av-din-nordic-cab","status":"publish","type":"page","link":"https:\/\/nordiccab.com\/no\/vedlikehold-av-din-nordic-cab\/","title":{"rendered":"Vedlikehold av din Nordic Cab"},"content":{"rendered":"\n<p>Vedlikehold av din Nordic Cab er viktig for \u00e5 bevare den i mange \u00e5r. Her lister vi ned de viktigste delene \u00e5 holde ved like. <\/p>\n\n\n\n<h2 class=\"wp-block-heading\" id=\"h-hjul\">Hjul<\/h2>\n\n\n\n<p>Vask regelmessig og sm\u00f8r akselboltene. Pass p\u00e5 at ikke stropper eller andre l\u00f8se deler kan bli viklet inn i hjulet.<\/p>\n\n\n\n<h2 class=\"wp-block-heading\">Sykkeldrag\/feste<\/h2>\n\n\n\n<p>Sjekk <a href=\"https:\/\/nordiccab.com\/no\/produkt\/feste-til-sykkelvogn\/\" target=\"_blank\" rel=\"noreferrer noopener\">sykkelfeste<\/a>, hydraulikkslange og <a href=\"https:\/\/nordiccab.com\/no\/produkt\/sykkeldrag-explorer\/\" target=\"_blank\" rel=\"noreferrer noopener\">sykkeldrag<\/a> for slitasje og skader. Sm\u00f8r med Silikonfett, litiumfett eller lignende b\u00e5de p\u00e5 metalltupp og overganger. Erstatt umiddelbart hvis skade eller vesentlig slitasje er synlig.<\/p>\n\n\n\n<h2 class=\"wp-block-heading\">Kalesje<\/h2>\n\n\n\n<p>Ved behov for rengj\u00f8ring, vask med mild s\u00e5pe og kaldt vann. Ikke benytt sterke vaskemidler. Rifter og hull i kalesjen kan v\u00e6re farlig for barn og b\u00f8r repareres umiddelbart. Ved langtidslagring b\u00f8r ikke kalesjen st\u00e5 direkte i sollys. Det anbefales \u00e5 demontere vognen, pakke alle deler i bunnkassen, samt trekke et varetrekk (f\u00e5s kj\u00f8pt som ekstrautstyr) over bunnkassen. Explorer har en avtagbar kalesje som glir i aluminiums skinner. Dette gj\u00f8r det enklere \u00e5 rengj\u00f8re kalesjen.<\/p>\n\n\n\n<h2 class=\"wp-block-heading\">Setetrekk\/seteputer<\/h2>\n\n\n\n<p>Vask med mild s\u00e5pe og vann. Ikke benytt t\u00f8rketrommel.<\/p>\n\n\n\n<p>Noen ganger blir ting slitt og trengs \u00e5 byttes ut, vi har reservedeler til Nordic Cab. Eller mangler du noe ekstrautstyr, med det rette tilbeh\u00f8ret finnes det mange bruksmuligheter for din Explorer.<\/p>\n","protected":false},"excerpt":{"rendered":"<p>Vedlikehold av din Nordic Cab er viktig for \u00e5 bevare den i mange \u00e5r. Her lister vi ned de viktigste delene \u00e5 holde ved like. Hjul Vask regelmessig og sm\u00f8r akselboltene. Pass p\u00e5 at ikke stropper eller andre l\u00f8se deler kan bli viklet inn i hjulet. Sykkeldrag\/feste Sjekk sykkelfeste, hydraulikkslange og sykkeldrag for slitasje og [&hellip;]<\/p>\n","protected":false},"author":2,"featured_media":0,"parent":0,"menu_order":0,"comment_status":"closed","ping_status":"closed","template":"","meta":{"_genesis_hide_title":false,"_genesis_hide_breadcrumbs":false,"_genesis_hide_singular_image":false,"_genesis_hide_footer_widgets":false,"_genesis_custom_body_class":"","_genesis_custom_post_class":"","_genesis_layout":"","footnotes":""},"class_list":{"0":"post-11561","1":"page","2":"type-page","3":"status-publish","5":"entry"},"yoast_head":"<!-- This site is optimized with the Yoast SEO Premium plugin v26.0 (Yoast SEO v26.0) - https:\/\/yoast.com\/wordpress\/plugins\/seo\/ -->\n<title>Vedlikehold av din Nordic Cab - Nordic Cab<\/title>\n<meta name=\"description\" content=\"Vedlikehold av din Nordic Cab er viktig for \u00e5 bevare den i mange \u00e5r. Her lister vi ned de viktigste delene \u00e5 holde ved like. Hjul Vask regelmessig og sm\u00f8r\" \/>\n<meta name=\"robots\" content=\"index, follow, max-snippet:-1, max-image-preview:large, max-video-preview:-1\" \/>\n<link rel=\"canonical\" href=\"https:\/\/nordiccab.com\/no\/vedlikehold-av-din-nordic-cab\/\" \/>\n<meta property=\"og:locale\" content=\"nb_NO\" \/>\n<meta property=\"og:type\" content=\"article\" \/>\n<meta property=\"og:title\" content=\"Vedlikehold av din Nordic Cab\" \/>\n<meta property=\"og:description\" content=\"Vedlikehold av din Nordic Cab er viktig for \u00e5 bevare den i mange \u00e5r. Her lister vi ned de viktigste delene \u00e5 holde ved like. Hjul Vask regelmessig og sm\u00f8r\" \/>\n<meta property=\"og:url\" content=\"https:\/\/nordiccab.com\/no\/vedlikehold-av-din-nordic-cab\/\" \/>\n<meta property=\"og:site_name\" content=\"Nordic Cab\" \/>\n<meta property=\"article:publisher\" content=\"https:\/\/www.facebook.com\/nordiccab\" \/>\n<meta property=\"article:modified_time\" content=\"2023-05-03T10:32:18+00:00\" \/>\n<meta property=\"og:image\" content=\"https:\/\/nordiccab.com\/wp-content\/uploads\/2023\/04\/Logo-med-flagg-1200x675-1.png\" \/>\n\t<meta property=\"og:image:width\" content=\"1200\" \/>\n\t<meta property=\"og:image:height\" content=\"675\" \/>\n\t<meta property=\"og:image:type\" content=\"image\/png\" \/>\n<meta name=\"twitter:card\" content=\"summary_large_image\" \/>\n<meta name=\"twitter:label1\" content=\"Ansl. lesetid\" \/>\n\t<meta name=\"twitter:data1\" content=\"1 minutt\" \/>\n<script type=\"application\/ld+json\" class=\"yoast-schema-graph\">{\"@context\":\"https:\/\/schema.org\",\"@graph\":[{\"@type\":\"WebPage\",\"@id\":\"https:\/\/nordiccab.com\/no\/vedlikehold-av-din-nordic-cab\/\",\"url\":\"https:\/\/nordiccab.com\/no\/vedlikehold-av-din-nordic-cab\/\",\"name\":\"Vedlikehold av din Nordic Cab - Nordic Cab\",\"isPartOf\":{\"@id\":\"https:\/\/nordiccab.com\/no\/#website\"},\"datePublished\":\"2023-04-28T09:32:05+00:00\",\"dateModified\":\"2023-05-03T10:32:18+00:00\",\"description\":\"Vedlikehold av din Nordic Cab er viktig for \u00e5 bevare den i mange \u00e5r. Her lister vi ned de viktigste delene \u00e5 holde ved like. Hjul Vask regelmessig og sm\u00f8r\",\"breadcrumb\":{\"@id\":\"https:\/\/nordiccab.com\/no\/vedlikehold-av-din-nordic-cab\/#breadcrumb\"},\"inLanguage\":\"nb-NO\",\"potentialAction\":[{\"@type\":\"ReadAction\",\"target\":[\"https:\/\/nordiccab.com\/no\/vedlikehold-av-din-nordic-cab\/\"]}]},{\"@type\":\"BreadcrumbList\",\"@id\":\"https:\/\/nordiccab.com\/no\/vedlikehold-av-din-nordic-cab\/#breadcrumb\",\"itemListElement\":[{\"@type\":\"ListItem\",\"position\":1,\"name\":\"Home\",\"item\":\"https:\/\/nordiccab.com\/no\/\"},{\"@type\":\"ListItem\",\"position\":2,\"name\":\"Vedlikehold av din Nordic Cab\"}]},{\"@type\":\"WebSite\",\"@id\":\"https:\/\/nordiccab.com\/no\/#website\",\"url\":\"https:\/\/nordiccab.com\/no\/\",\"name\":\"Nordic Cab\",\"description\":\"Start Life Exploring\",\"publisher\":{\"@id\":\"https:\/\/nordiccab.com\/no\/#organization\"},\"potentialAction\":[{\"@type\":\"SearchAction\",\"target\":{\"@type\":\"EntryPoint\",\"urlTemplate\":\"https:\/\/nordiccab.com\/no\/?s={search_term_string}\"},\"query-input\":{\"@type\":\"PropertyValueSpecification\",\"valueRequired\":true,\"valueName\":\"search_term_string\"}}],\"inLanguage\":\"nb-NO\"},{\"@type\":\"Organization\",\"@id\":\"https:\/\/nordiccab.com\/no\/#organization\",\"name\":\"Nordic Cab Solutions AS\",\"url\":\"https:\/\/nordiccab.com\/no\/\",\"logo\":{\"@type\":\"ImageObject\",\"inLanguage\":\"nb-NO\",\"@id\":\"https:\/\/nordiccab.com\/no\/#\/schema\/logo\/image\/\",\"url\":\"https:\/\/nordiccab.com\/wp-content\/uploads\/2022\/02\/NC-logo.svg\",\"contentUrl\":\"https:\/\/nordiccab.com\/wp-content\/uploads\/2022\/02\/NC-logo.svg\",\"width\":1,\"height\":1,\"caption\":\"Nordic Cab Solutions AS\"},\"image\":{\"@id\":\"https:\/\/nordiccab.com\/no\/#\/schema\/logo\/image\/\"},\"sameAs\":[\"https:\/\/www.facebook.com\/nordiccab\"]}]}<\/script>\n<!-- \/ Yoast SEO Premium plugin. -->","yoast_head_json":{"title":"Vedlikehold av din Nordic Cab - Nordic Cab","description":"Vedlikehold av din Nordic Cab er viktig for \u00e5 bevare den i mange \u00e5r. Her lister vi ned de viktigste delene \u00e5 holde ved like. Hjul Vask regelmessig og sm\u00f8r","robots":{"index":"index","follow":"follow","max-snippet":"max-snippet:-1","max-image-preview":"max-image-preview:large","max-video-preview":"max-video-preview:-1"},"canonical":"https:\/\/nordiccab.com\/no\/vedlikehold-av-din-nordic-cab\/","og_locale":"nb_NO","og_type":"article","og_title":"Vedlikehold av din Nordic Cab","og_description":"Vedlikehold av din Nordic Cab er viktig for \u00e5 bevare den i mange \u00e5r. Her lister vi ned de viktigste delene \u00e5 holde ved like. Hjul Vask regelmessig og sm\u00f8r","og_url":"https:\/\/nordiccab.com\/no\/vedlikehold-av-din-nordic-cab\/","og_site_name":"Nordic Cab","article_publisher":"https:\/\/www.facebook.com\/nordiccab","article_modified_time":"2023-05-03T10:32:18+00:00","og_image":[{"width":1200,"height":675,"url":"https:\/\/nordiccab.com\/wp-content\/uploads\/2023\/04\/Logo-med-flagg-1200x675-1.png","type":"image\/png"}],"twitter_card":"summary_large_image","twitter_misc":{"Ansl. lesetid":"1 minutt"},"schema":{"@context":"https:\/\/schema.org","@graph":[{"@type":"WebPage","@id":"https:\/\/nordiccab.com\/no\/vedlikehold-av-din-nordic-cab\/","url":"https:\/\/nordiccab.com\/no\/vedlikehold-av-din-nordic-cab\/","name":"Vedlikehold av din Nordic Cab - Nordic Cab","isPartOf":{"@id":"https:\/\/nordiccab.com\/no\/#website"},"datePublished":"2023-04-28T09:32:05+00:00","dateModified":"2023-05-03T10:32:18+00:00","description":"Vedlikehold av din Nordic Cab er viktig for \u00e5 bevare den i mange \u00e5r. Her lister vi ned de viktigste delene \u00e5 holde ved like. Hjul Vask regelmessig og sm\u00f8r","breadcrumb":{"@id":"https:\/\/nordiccab.com\/no\/vedlikehold-av-din-nordic-cab\/#breadcrumb"},"inLanguage":"nb-NO","potentialAction":[{"@type":"ReadAction","target":["https:\/\/nordiccab.com\/no\/vedlikehold-av-din-nordic-cab\/"]}]},{"@type":"BreadcrumbList","@id":"https:\/\/nordiccab.com\/no\/vedlikehold-av-din-nordic-cab\/#breadcrumb","itemListElement":[{"@type":"ListItem","position":1,"name":"Home","item":"https:\/\/nordiccab.com\/no\/"},{"@type":"ListItem","position":2,"name":"Vedlikehold av din Nordic Cab"}]},{"@type":"WebSite","@id":"https:\/\/nordiccab.com\/no\/#website","url":"https:\/\/nordiccab.com\/no\/","name":"Nordic Cab","description":"Start Life Exploring","publisher":{"@id":"https:\/\/nordiccab.com\/no\/#organization"},"potentialAction":[{"@type":"SearchAction","target":{"@type":"EntryPoint","urlTemplate":"https:\/\/nordiccab.com\/no\/?s={search_term_string}"},"query-input":{"@type":"PropertyValueSpecification","valueRequired":true,"valueName":"search_term_string"}}],"inLanguage":"nb-NO"},{"@type":"Organization","@id":"https:\/\/nordiccab.com\/no\/#organization","name":"Nordic Cab Solutions AS","url":"https:\/\/nordiccab.com\/no\/","logo":{"@type":"ImageObject","inLanguage":"nb-NO","@id":"https:\/\/nordiccab.com\/no\/#\/schema\/logo\/image\/","url":"https:\/\/nordiccab.com\/wp-content\/uploads\/2022\/02\/NC-logo.svg","contentUrl":"https:\/\/nordiccab.com\/wp-content\/uploads\/2022\/02\/NC-logo.svg","width":1,"height":1,"caption":"Nordic Cab Solutions AS"},"image":{"@id":"https:\/\/nordiccab.com\/no\/#\/schema\/logo\/image\/"},"sameAs":["https:\/\/www.facebook.com\/nordiccab"]}]}},"featured_image_src":null,"featured_image_src_square":null,"_links":{"self":[{"href":"https:\/\/nordiccab.com\/no\/wp-json\/wp\/v2\/pages\/11561","targetHints":{"allow":["GET"]}}],"collection":[{"href":"https:\/\/nordiccab.com\/no\/wp-json\/wp\/v2\/pages"}],"about":[{"href":"https:\/\/nordiccab.com\/no\/wp-json\/wp\/v2\/types\/page"}],"author":[{"embeddable":true,"href":"https:\/\/nordiccab.com\/no\/wp-json\/wp\/v2\/users\/2"}],"replies":[{"embeddable":true,"href":"https:\/\/nordiccab.com\/no\/wp-json\/wp\/v2\/comments?post=11561"}],"version-history":[{"count":0,"href":"https:\/\/nordiccab.com\/no\/wp-json\/wp\/v2\/pages\/11561\/revisions"}],"wp:attachment":[{"href":"https:\/\/nordiccab.com\/no\/wp-json\/wp\/v2\/media?parent=11561"}],"curies":[{"name":"wp","href":"https:\/\/api.w.org\/{rel}","templated":true}]}}